{"id":9569,"date":"2025-11-11T07:50:01","date_gmt":"2025-11-11T06:50:01","guid":{"rendered":"https:\/\/pfeifenundzigarren.de\/Produkt\/big-ben-bruyere-pfeife\/"},"modified":"2026-03-09T09:18:31","modified_gmt":"2026-03-09T08:18:31","slug":"big-ben-bruyere-pfeife","status":"publish","type":"product","link":"https:\/\/pfeifenundzigarren.de\/es\/Produkt\/big-ben-bruyere-pfeife\/","title":{"rendered":"Tuber\u00eda Big Ben Bruyere"},"content":{"rendered":"<p>Como estos <strong>Tuber\u00eda Ben Bruy\u00e8re<\/strong> Fabricado con madera de brezo de alta calidad, que tiene una notable resistencia natural al calor, puede soportar altas temperaturas para sesiones de fumado m\u00e1s largas sin deformarse ni carbonizarse. Adem\u00e1s de reducir las quemaduras de la lengua, su forma porosa act\u00faa como un filtro natural, eliminando eficazmente el alquitr\u00e1n y las impurezas del humo y realzando el sabor del tabaco.<\/p>\n<p>Nuestra<strong> Tuber\u00eda Ben Bruy\u00e8re<\/strong> se fabrica con madera cuidadosamente seleccionada, comparable a la calidad Parker Super Bruy\u00e8re. A diferencia de los t\u00edpicos <strong>Tubos de brezo<\/strong> con una superficie rugosa, se caracteriza por una superficie suave como la seda y un grano uniformemente fino. Este tratamiento de la superficie no solo mejora la est\u00e9tica del<a href=\"https:\/\/pfeifenundzigarren.de\/es\/\"> Tuber\u00eda<\/a> Tambi\u00e9n proporciona un revestimiento antihuellas de alta calidad que mantiene la pipa de brezo como nueva incluso despu\u00e9s de manipularla con frecuencia.<\/p>\n<p>Gracias a la superficie lisa que nuestro maestro pipero William cre\u00f3 para este <strong>Tubo de brezo<\/strong> Sin adhesivos ni masillas adicionales, la artesan\u00eda de esta pipa se considera la referencia en el sector. La conexi\u00f3n sin juntas entre la espiga y el v\u00e1stago garantiza un sellado herm\u00e9tico, evitando la p\u00e9rdida de aire. La transici\u00f3n entre la boquilla y el canal de aire es lisa como un espejo, lo que evita la acumulaci\u00f3n de humedad. La colocaci\u00f3n precisa de los orificios garantiza un flujo de aire uniforme y sin obstrucciones.<\/p>\n<p>Nuestro principal objetivo es el dise\u00f1o del <a href=\"https:\/\/pfeifenundzigarren.de\/es\/Produkt\/pfeifen-mundstueck-polieren\/\">Boquilla<\/a>. Gracias a su grosor moderado de 2-3 mm, es ligero, discreto y lo bastante robusto para soportar el desgaste de la mordida. El borde interior del bot\u00f3n es a la vez afilado y redondeado, y se adapta perfectamente a la curvatura natural de los dientes. Esto significa que el bot\u00f3n puede utilizarse durante largos periodos sin fatiga y sin resbalar.<\/p>\n<p><img decoding=\"async\" src=\"https:\/\/pfeifenundzigarren.de\/wp-content\/uploads\/2025\/11\/O1CN01Q2Qe4O1c2kJF7XB6Y_2674403543-0-cib.jpg\" alt=\"\"><\/p>\n<p><img decoding=\"async\" src=\"https:\/\/pfeifenundzigarren.de\/wp-content\/uploads\/2025\/11\/O1CN01JiEdHE1c2kJDzX8Uu_2674403543-0-cib.jpg\" alt=\"\"><\/p>\n<p><img decoding=\"async\" src=\"https:\/\/pfeifenundzigarren.de\/wp-content\/uploads\/2025\/11\/O1CN015DVHKz1c2kJ91VkKM_2674403543-0-cib.jpg\" alt=\"\"><\/p>\n<p><img decoding=\"async\" src=\"https:\/\/pfeifenundzigarren.de\/wp-content\/uploads\/2025\/11\/O1CN016ol3Qt1c2kJF7VyEt_2674403543-0-cib.jpg\" alt=\"\"><\/p>\n<p><img decoding=\"async\" src=\"https:\/\/pfeifenundzigarren.de\/wp-content\/uploads\/2025\/11\/O1CN01GPZ2yF1c2kJDrmmgW_2674403543-0-cib.jpg\" alt=\"\"><\/p>\n<p><img decoding=\"async\" src=\"https:\/\/pfeifenundzigarren.de\/wp-content\/uploads\/2025\/11\/O1CN018K31rI1c2kJGwcvwc_2674403543-0-cib.jpg\" alt=\"\"><\/p>\n<p><img decoding=\"async\" src=\"https:\/\/pfeifenundzigarren.de\/wp-content\/uploads\/2025\/11\/O1CN01gPk8pD1c2kJFmZIn1_2674403543-0-cib.jpg\" alt=\"\"><\/p>\n<p><img decoding=\"async\" src=\"https:\/\/pfeifenundzigarren.de\/wp-content\/uploads\/2025\/11\/O1CN01Y87hj61c2kJDKbaHX_2674403543-0-cib.jpg\" alt=\"\"><\/p>\n<p><img decoding=\"async\" src=\"https:\/\/pfeifenundzigarren.de\/wp-content\/uploads\/2025\/11\/O1CN01VluwbA1c2kJGP4MdX_2674403543-0-cib.jpg\" alt=\"\"><\/p>\n<p><img decoding=\"async\" src=\"https:\/\/pfeifenundzigarren.de\/wp-content\/uploads\/2025\/11\/O1CN01AL9a4a1c2kJG3JUQH_2674403543-0-cib.jpg\" alt=\"\"><\/p>\n<p><img decoding=\"async\" src=\"https:\/\/pfeifenundzigarren.de\/wp-content\/uploads\/2025\/11\/O1CN01Tccm0a1c2kJ92HD17_2674403543-0-cib.jpg\" alt=\"\"><\/p>\n<p><img decoding=\"async\" src=\"https:\/\/pfeifenundzigarren.de\/wp-content\/uploads\/2025\/11\/O1CN01YpBm8V1c2kJFdlS8N_2674403543-0-cib.jpg\" alt=\"\"><\/p>\n<p><img decoding=\"async\" src=\"https:\/\/pfeifenundzigarren.de\/wp-content\/uploads\/2025\/11\/O1CN01T1335V1c2kJFqkGed_2674403543-0-cib.jpg\" alt=\"\"><\/p>\n<p><img decoding=\"async\" src=\"https:\/\/pfeifenundzigarren.de\/wp-content\/uploads\/2025\/11\/O1CN01gwe4Ov1c2kJ92GP7j_2674403543-0-cib.jpg\" alt=\"\"><\/p>\n<p><img decoding=\"async\" src=\"https:\/\/pfeifenundzigarren.de\/wp-content\/uploads\/2025\/11\/O1CN01jRZAyK1c2kJHIJm04_2674403543-0-cib.jpg\" alt=\"\"><\/p>","protected":false},"excerpt":{"rendered":"<p>Como esta pipa Ben Bruy\u00e8re est\u00e1 fabricada con madera de brezo de alta calidad, que tiene una notable resistencia natural al calor, durar\u00e1 m\u00e1s tiempo.<\/p>","protected":false},"featured_media":9586,"comment_status":"open","ping_status":"closed","template":"","meta":[],"product_brand":[],"product_cat":[823,86,74,70],"product_tag":[],"class_list":{"0":"post-9569","1":"product","2":"type-product","3":"status-publish","4":"has-post-thumbnail","6":"product_cat-3mm-filter-pfeifen","7":"product_cat-bruyere-pfeifen","8":"product_cat-freehand-pfeifen","9":"product_cat-pfeife","11":"first","12":"instock","13":"sale","14":"shipping-taxable","15":"purchasable","16":"product-type-variable","17":"wvs-archive-product-wrapper"},"yoast_head":"<!-- This site is optimized with the Yoast SEO Premium plugin v26.7 (Yoast SEO v27.4) - https:\/\/yoast.com\/product\/yoast-seo-premium-wordpress\/ -->\n<title>Big Ben Bruyere Pfeife - Der beste Onlineshop f\u00fcr Pfeifen und Zigarrenzubeh\u00f6r in Deutschland<\/title>\n<meta name=\"robots\" content=\"index, follow, max-snippet:-1, max-image-preview:large, max-video-preview:-1\" \/>\n<link rel=\"canonical\" href=\"https:\/\/pfeifenundzigarren.de\/es\/Produkt\/big-ben-bruyere-pfeife\/\" \/>\n<meta property=\"og:locale\" content=\"es_ES\" \/>\n<meta property=\"og:type\" content=\"article\" \/>\n<meta property=\"og:title\" content=\"Big Ben Bruyere Pfeife\" \/>\n<meta property=\"og:description\" content=\"Da diese Ben Bruy\u00e8re Pfeife aus hochwertigem Bruy\u00e8reholz gefertigt ist, das eine bemerkenswerte nat\u00fcrliche Hitzebest\u00e4ndigkeit aufweist, h\u00e4lt sie auch l\u00e4ngeren\" \/>\n<meta property=\"og:url\" content=\"https:\/\/pfeifenundzigarren.de\/es\/Produkt\/big-ben-bruyere-pfeife\/\" \/>\n<meta property=\"og:site_name\" content=\"Der beste Onlineshop f\u00fcr Pfeifen und Zigarrenzubeh\u00f6r in Deutschland\" \/>\n<meta property=\"article:modified_time\" content=\"2026-03-09T08:18:31+00:00\" \/>\n<meta property=\"og:image\" content=\"https:\/\/pfeifenundzigarren.de\/wp-content\/uploads\/2025\/11\/O1CN01Q2Qe4O1c2kJF7XB6Y_2674403543-0-cib-1.jpg\" \/>\n\t<meta property=\"og:image:width\" content=\"1000\" \/>\n\t<meta property=\"og:image:height\" content=\"1000\" \/>\n\t<meta property=\"og:image:type\" content=\"image\/jpeg\" \/>\n<meta name=\"twitter:card\" content=\"summary_large_image\" \/>\n<meta name=\"twitter:label1\" content=\"Tiempo de lectura\" \/>\n\t<meta name=\"twitter:data1\" content=\"1 minuto\" \/>\n<script type=\"application\/ld+json\" class=\"yoast-schema-graph\">{\"@context\":\"https:\\\/\\\/schema.org\",\"@graph\":[{\"@type\":\"WebPage\",\"@id\":\"https:\\\/\\\/pfeifenundzigarren.de\\\/Produkt\\\/big-ben-bruyere-pfeife\\\/\",\"url\":\"https:\\\/\\\/pfeifenundzigarren.de\\\/Produkt\\\/big-ben-bruyere-pfeife\\\/\",\"name\":\"Big Ben Bruyere Pfeife - Der beste Onlineshop f\u00fcr Pfeifen und Zigarrenzubeh\u00f6r in Deutschland\",\"isPartOf\":{\"@id\":\"https:\\\/\\\/lime-nightingale-562313.hostingersite.com\\\/#website\"},\"primaryImageOfPage\":{\"@id\":\"https:\\\/\\\/pfeifenundzigarren.de\\\/Produkt\\\/big-ben-bruyere-pfeife\\\/#primaryimage\"},\"image\":{\"@id\":\"https:\\\/\\\/pfeifenundzigarren.de\\\/Produkt\\\/big-ben-bruyere-pfeife\\\/#primaryimage\"},\"thumbnailUrl\":\"https:\\\/\\\/pfeifenundzigarren.de\\\/wp-content\\\/uploads\\\/2025\\\/11\\\/O1CN01Q2Qe4O1c2kJF7XB6Y_2674403543-0-cib-1.jpg\",\"datePublished\":\"2025-11-11T06:50:01+00:00\",\"dateModified\":\"2026-03-09T08:18:31+00:00\",\"breadcrumb\":{\"@id\":\"https:\\\/\\\/pfeifenundzigarren.de\\\/Produkt\\\/big-ben-bruyere-pfeife\\\/#breadcrumb\"},\"inLanguage\":\"es\",\"potentialAction\":[{\"@type\":\"ReadAction\",\"target\":[\"https:\\\/\\\/pfeifenundzigarren.de\\\/Produkt\\\/big-ben-bruyere-pfeife\\\/\"]}]},{\"@type\":\"ImageObject\",\"inLanguage\":\"es\",\"@id\":\"https:\\\/\\\/pfeifenundzigarren.de\\\/Produkt\\\/big-ben-bruyere-pfeife\\\/#primaryimage\",\"url\":\"https:\\\/\\\/pfeifenundzigarren.de\\\/wp-content\\\/uploads\\\/2025\\\/11\\\/O1CN01Q2Qe4O1c2kJF7XB6Y_2674403543-0-cib-1.jpg\",\"contentUrl\":\"https:\\\/\\\/pfeifenundzigarren.de\\\/wp-content\\\/uploads\\\/2025\\\/11\\\/O1CN01Q2Qe4O1c2kJF7XB6Y_2674403543-0-cib-1.jpg\",\"width\":1000,\"height\":1000,\"caption\":\"Big Ben Bruyere Pfeife\"},{\"@type\":\"BreadcrumbList\",\"@id\":\"https:\\\/\\\/pfeifenundzigarren.de\\\/Produkt\\\/big-ben-bruyere-pfeife\\\/#breadcrumb\",\"itemListElement\":[{\"@type\":\"ListItem\",\"position\":1,\"name\":\"Home\",\"item\":\"https:\\\/\\\/lime-nightingale-562313.hostingersite.com\\\/\"},{\"@type\":\"ListItem\",\"position\":2,\"name\":\"Shop\",\"item\":\"https:\\\/\\\/lime-nightingale-562313.hostingersite.com\\\/shop\\\/\"},{\"@type\":\"ListItem\",\"position\":3,\"name\":\"Big Ben Bruyere Pfeife\"}]},{\"@type\":\"WebSite\",\"@id\":\"https:\\\/\\\/lime-nightingale-562313.hostingersite.com\\\/#website\",\"url\":\"https:\\\/\\\/lime-nightingale-562313.hostingersite.com\\\/\",\"name\":\"Der beste Onlineshop f\u00fcr Pfeifen und Zigarrenzubeh\u00f6r in Deutschland\",\"description\":\"\",\"publisher\":{\"@id\":\"https:\\\/\\\/lime-nightingale-562313.hostingersite.com\\\/#organization\"},\"potentialAction\":[{\"@type\":\"SearchAction\",\"target\":{\"@type\":\"EntryPoint\",\"urlTemplate\":\"https:\\\/\\\/lime-nightingale-562313.hostingersite.com\\\/?s={search_term_string}\"},\"query-input\":{\"@type\":\"PropertyValueSpecification\",\"valueRequired\":true,\"valueName\":\"search_term_string\"}}],\"inLanguage\":\"es\"},{\"@type\":\"Organization\",\"@id\":\"https:\\\/\\\/lime-nightingale-562313.hostingersite.com\\\/#organization\",\"name\":\"Der beste Onlineshop f\u00fcr Pfeifen und Zigarrenzubeh\u00f6r in Deutschland\",\"url\":\"https:\\\/\\\/lime-nightingale-562313.hostingersite.com\\\/\",\"logo\":{\"@type\":\"ImageObject\",\"inLanguage\":\"es\",\"@id\":\"https:\\\/\\\/lime-nightingale-562313.hostingersite.com\\\/#\\\/schema\\\/logo\\\/image\\\/\",\"url\":\"https:\\\/\\\/pfeifenundzigarren.de\\\/wp-content\\\/uploads\\\/2024\\\/09\\\/cropped-Luxury-and-Vintage-Ornamental-Coffee-Shop-Logo.png\",\"contentUrl\":\"https:\\\/\\\/pfeifenundzigarren.de\\\/wp-content\\\/uploads\\\/2024\\\/09\\\/cropped-Luxury-and-Vintage-Ornamental-Coffee-Shop-Logo.png\",\"width\":512,\"height\":512,\"caption\":\"Der beste Onlineshop f\u00fcr Pfeifen und Zigarrenzubeh\u00f6r in Deutschland\"},\"image\":{\"@id\":\"https:\\\/\\\/lime-nightingale-562313.hostingersite.com\\\/#\\\/schema\\\/logo\\\/image\\\/\"}}]}<\/script>\n<!-- \/ Yoast SEO Premium plugin. -->","yoast_head_json":{"title":"Big Ben Bruyere Pfeife - Der beste Onlineshop f\u00fcr Pfeifen und Zigarrenzubeh\u00f6r in Deutschland","robots":{"index":"index","follow":"follow","max-snippet":"max-snippet:-1","max-image-preview":"max-image-preview:large","max-video-preview":"max-video-preview:-1"},"canonical":"https:\/\/pfeifenundzigarren.de\/es\/Produkt\/big-ben-bruyere-pfeife\/","og_locale":"es_ES","og_type":"article","og_title":"Big Ben Bruyere Pfeife","og_description":"Da diese Ben Bruy\u00e8re Pfeife aus hochwertigem Bruy\u00e8reholz gefertigt ist, das eine bemerkenswerte nat\u00fcrliche Hitzebest\u00e4ndigkeit aufweist, h\u00e4lt sie auch l\u00e4ngeren","og_url":"https:\/\/pfeifenundzigarren.de\/es\/Produkt\/big-ben-bruyere-pfeife\/","og_site_name":"Der beste Onlineshop f\u00fcr Pfeifen und Zigarrenzubeh\u00f6r in Deutschland","article_modified_time":"2026-03-09T08:18:31+00:00","og_image":[{"width":1000,"height":1000,"url":"https:\/\/pfeifenundzigarren.de\/wp-content\/uploads\/2025\/11\/O1CN01Q2Qe4O1c2kJF7XB6Y_2674403543-0-cib-1.jpg","type":"image\/jpeg"}],"twitter_card":"summary_large_image","twitter_misc":{"Tiempo de lectura":"1 minuto"},"schema":{"@context":"https:\/\/schema.org","@graph":[{"@type":"WebPage","@id":"https:\/\/pfeifenundzigarren.de\/Produkt\/big-ben-bruyere-pfeife\/","url":"https:\/\/pfeifenundzigarren.de\/Produkt\/big-ben-bruyere-pfeife\/","name":"Big Ben Bruyere Pfeife - Der beste Onlineshop f\u00fcr Pfeifen und Zigarrenzubeh\u00f6r in Deutschland","isPartOf":{"@id":"https:\/\/lime-nightingale-562313.hostingersite.com\/#website"},"primaryImageOfPage":{"@id":"https:\/\/pfeifenundzigarren.de\/Produkt\/big-ben-bruyere-pfeife\/#primaryimage"},"image":{"@id":"https:\/\/pfeifenundzigarren.de\/Produkt\/big-ben-bruyere-pfeife\/#primaryimage"},"thumbnailUrl":"https:\/\/pfeifenundzigarren.de\/wp-content\/uploads\/2025\/11\/O1CN01Q2Qe4O1c2kJF7XB6Y_2674403543-0-cib-1.jpg","datePublished":"2025-11-11T06:50:01+00:00","dateModified":"2026-03-09T08:18:31+00:00","breadcrumb":{"@id":"https:\/\/pfeifenundzigarren.de\/Produkt\/big-ben-bruyere-pfeife\/#breadcrumb"},"inLanguage":"es","potentialAction":[{"@type":"ReadAction","target":["https:\/\/pfeifenundzigarren.de\/Produkt\/big-ben-bruyere-pfeife\/"]}]},{"@type":"ImageObject","inLanguage":"es","@id":"https:\/\/pfeifenundzigarren.de\/Produkt\/big-ben-bruyere-pfeife\/#primaryimage","url":"https:\/\/pfeifenundzigarren.de\/wp-content\/uploads\/2025\/11\/O1CN01Q2Qe4O1c2kJF7XB6Y_2674403543-0-cib-1.jpg","contentUrl":"https:\/\/pfeifenundzigarren.de\/wp-content\/uploads\/2025\/11\/O1CN01Q2Qe4O1c2kJF7XB6Y_2674403543-0-cib-1.jpg","width":1000,"height":1000,"caption":"Big Ben Bruyere Pfeife"},{"@type":"BreadcrumbList","@id":"https:\/\/pfeifenundzigarren.de\/Produkt\/big-ben-bruyere-pfeife\/#breadcrumb","itemListElement":[{"@type":"ListItem","position":1,"name":"Home","item":"https:\/\/lime-nightingale-562313.hostingersite.com\/"},{"@type":"ListItem","position":2,"name":"Shop","item":"https:\/\/lime-nightingale-562313.hostingersite.com\/shop\/"},{"@type":"ListItem","position":3,"name":"Big Ben Bruyere Pfeife"}]},{"@type":"WebSite","@id":"https:\/\/lime-nightingale-562313.hostingersite.com\/#website","url":"https:\/\/lime-nightingale-562313.hostingersite.com\/","name":"La mejor tienda en l\u00ednea de pipas y accesorios para puros de Alemania","description":"","publisher":{"@id":"https:\/\/lime-nightingale-562313.hostingersite.com\/#organization"},"potentialAction":[{"@type":"SearchAction","target":{"@type":"EntryPoint","urlTemplate":"https:\/\/lime-nightingale-562313.hostingersite.com\/?s={search_term_string}"},"query-input":{"@type":"PropertyValueSpecification","valueRequired":true,"valueName":"search_term_string"}}],"inLanguage":"es"},{"@type":"Organization","@id":"https:\/\/lime-nightingale-562313.hostingersite.com\/#organization","name":"La mejor tienda en l\u00ednea de pipas y accesorios para puros de Alemania","url":"https:\/\/lime-nightingale-562313.hostingersite.com\/","logo":{"@type":"ImageObject","inLanguage":"es","@id":"https:\/\/lime-nightingale-562313.hostingersite.com\/#\/schema\/logo\/image\/","url":"https:\/\/pfeifenundzigarren.de\/wp-content\/uploads\/2024\/09\/cropped-Luxury-and-Vintage-Ornamental-Coffee-Shop-Logo.png","contentUrl":"https:\/\/pfeifenundzigarren.de\/wp-content\/uploads\/2024\/09\/cropped-Luxury-and-Vintage-Ornamental-Coffee-Shop-Logo.png","width":512,"height":512,"caption":"Der beste Onlineshop f\u00fcr Pfeifen und Zigarrenzubeh\u00f6r in Deutschland"},"image":{"@id":"https:\/\/lime-nightingale-562313.hostingersite.com\/#\/schema\/logo\/image\/"}}]}},"_links":{"self":[{"href":"https:\/\/pfeifenundzigarren.de\/es\/wp-json\/wp\/v2\/product\/9569","targetHints":{"allow":["GET"]}}],"collection":[{"href":"https:\/\/pfeifenundzigarren.de\/es\/wp-json\/wp\/v2\/product"}],"about":[{"href":"https:\/\/pfeifenundzigarren.de\/es\/wp-json\/wp\/v2\/types\/product"}],"replies":[{"embeddable":true,"href":"https:\/\/pfeifenundzigarren.de\/es\/wp-json\/wp\/v2\/comments?post=9569"}],"version-history":[{"count":1,"href":"https:\/\/pfeifenundzigarren.de\/es\/wp-json\/wp\/v2\/product\/9569\/revisions"}],"predecessor-version":[{"id":11249,"href":"https:\/\/pfeifenundzigarren.de\/es\/wp-json\/wp\/v2\/product\/9569\/revisions\/11249"}],"wp:featuredmedia":[{"embeddable":true,"href":"https:\/\/pfeifenundzigarren.de\/es\/wp-json\/wp\/v2\/media\/9586"}],"wp:attachment":[{"href":"https:\/\/pfeifenundzigarren.de\/es\/wp-json\/wp\/v2\/media?parent=9569"}],"wp:term":[{"taxonomy":"product_brand","embeddable":true,"href":"https:\/\/pfeifenundzigarren.de\/es\/wp-json\/wp\/v2\/product_brand?post=9569"},{"taxonomy":"product_cat","embeddable":true,"href":"https:\/\/pfeifenundzigarren.de\/es\/wp-json\/wp\/v2\/product_cat?post=9569"},{"taxonomy":"product_tag","embeddable":true,"href":"https:\/\/pfeifenundzigarren.de\/es\/wp-json\/wp\/v2\/product_tag?post=9569"}],"curies":[{"name":"wp","href":"https:\/\/api.w.org\/{rel}","templated":true}]}}