{"id":9277,"date":"2025-10-24T03:10:51","date_gmt":"2025-10-24T01:10:51","guid":{"rendered":"https:\/\/pfeifenundzigarren.de\/Produkt\/zeppelin-pfeife\/"},"modified":"2026-03-22T23:43:19","modified_gmt":"2026-03-22T22:43:19","slug":"zeppelin-pfeife","status":"publish","type":"product","link":"https:\/\/pfeifenundzigarren.de\/es\/Produkt\/zeppelin-pfeife\/","title":{"rendered":"Tubo Zeppelin"},"content":{"rendered":"<div class=\"elementor-element elementor-element-6195c67 wd-width-100 elementor-widget elementor-widget-wd_title\" data-id=\"6195c67\" data-element_type=\"widget\" data-widget_type=\"wd_title.default\">\n<div class=\"elementor-widget-container\">\n<div class=\"title-wrapper set-mb-s reset-last-child wd-title-color-default wd-title-style-default wd-title-size-default text-left\">\n<div class=\"liner-continer\">\n<h4 class=\"woodmart-title-container title wd-fontsize-l\">Descripci\u00f3n del producto<\/h4>\n<\/div>\n<\/div>\n<\/div>\n<\/div>\n<div class=\"elementor-element elementor-element-b9ff2ba wd-single-content elementor-widget elementor-widget-wd_single_product_content\" data-id=\"b9ff2ba\" data-element_type=\"widget\" data-widget_type=\"wd_single_product_content.default\">\n<div class=\"elementor-widget-container\">\n<p><strong><span dir=\"auto\">El silbato del torpedo<\/span><\/strong><span dir=\"auto\">\u00a0tiene un dise\u00f1o de una sola pieza y todo el\u00a0<\/span><strong><span dir=\"auto\">Silbato Zeppelin<\/span><\/strong><span dir=\"auto\">\u00a0se fabrica con madera de brezo italiana importada, por eso es tan popular entre los amantes de la pipa.<\/span><\/p>\n<p><span dir=\"auto\">La estructura cerrada de la pipa, con la boquilla en la parte trasera, el gatillo en el centro y la cazoleta en la parte delantera, prescinde de los componentes tradicionales y presenta una forma de torpedo suave y aerodin\u00e1mica. Su dise\u00f1o estructural \u00fanico es innovador y se inspira en las pipas Zeppelin de principios del siglo XX.\u00a0<\/span><strong><span dir=\"auto\">.<\/span><\/strong><\/p>\n<p><a href=\"https:\/\/pfeifenundzigarren.de\/es\/produktkategorie\/pfeife\/calabash-pfeife\/\"><strong><span dir=\"auto\">En contraste con la gran c\u00e1mara abovedada de un<\/span><\/strong><\/a><span dir=\"auto\">\u00a0tubo de calabaza tradicional desplazado\u00a0<\/span><b><span dir=\"auto\">este tubo torpedo con filtro<\/span><\/b><span dir=\"auto\">\u00a0el proceso de encendido y llenado en una c\u00e1mara frontal m\u00e1s peque\u00f1a. Esto permite una combusti\u00f3n precisa incluso con cantidades limitadas de tabaco (aprox. 0,5-1 gramo) y, por lo tanto, es ideal para caladas cortas. Adem\u00e1s, un filtro de carb\u00f3n activado de 9 mm limpia el humo y reduce los residuos de alquitr\u00e1n. En la mano, la relajante calidez de la madera de brezo complementa el lustre pulido a mano, similar al jade.<\/span><\/p>\n<h2><span dir=\"auto\">Comodidad y portabilidad<\/span><\/h2>\n<p><span dir=\"auto\">Otra gran caracter\u00edstica\u00a0<strong>nuestra pipa torpedo sin humo<\/strong>\u00a0es su portabilidad. Con s\u00f3lo 7 cm, es compacta y cabe f\u00e1cilmente en cualquier bolsa o mochila.<\/span><\/p>\n<h2><span dir=\"auto\">Experiencia de fumar<\/span><\/h2>\n<p><b><span dir=\"auto\">Este torpedo <a href=\"https:\/\/pfeifenundzigarren.de\/es\/Produkt\/zauberer-pfeife-mit-9mm-filtern\/\">Tubo con filtro<\/a><\/span><\/b>&lt;span dir=&quot;&ldquo;auto&ldquo;&quot;&gt;&nbsp;ofrece una &quot;experiencia de fumada fresca con una potente succi&oacute;n&quot; &uacute;nica. La madera de brezo y el filtro de 9 mm producen un humo fresco y nebuloso que recuerda a la bruma matinal. El acabado rico y persistente acent&uacute;a a&uacute;n m&aacute;s la complejidad y la dulzura del tabaco. Se incluye un juego de limpieza completo para limpiar las pipas peque&ntilde;as y propensas a la suciedad de forma r&aacute;pida y eficaz.<\/p>\n<h2><span dir=\"auto\">Uso de silbatos de torpedo<\/span><\/h2>\n<p><strong><span dir=\"auto\">Tubos Zeppelin<\/span><\/strong><span dir=\"auto\">\u00a0son de uso sencillo y eficaz. Para acceder al tabaco, desenrosque primero la boquilla (o la rosca central). A continuaci\u00f3n, ll\u00e9nela de tabaco molido uniformemente (se recomienda tabaco de grano medio para una circulaci\u00f3n \u00f3ptima del aire).<\/span><\/p>\n<p><strong><span dir=\"auto\">Aseg\u00farese de que la pipa est\u00e1 enroscada. El tabaco est\u00e1 ahora completamente en el torpedo<\/span><\/strong><span dir=\"auto\">\u00a0cerrado, excepto por un peque\u00f1o agujero en la tapa al final\u00a0<\/span><span dir=\"auto\">.<\/span><\/p>\n<p><span dir=\"auto\">Luz<\/span><\/p>\n<p><span dir=\"auto\">Coloca un mechero (preferiblemente a prueba de viento) sobre la peque\u00f1a abertura de la tapa del tubo.<\/span><\/p>\n<p><span dir=\"auto\">Al mismo tiempo, inspire lenta y uniformemente por la boquilla del otro extremo.<\/span><\/p>\n<p><span dir=\"auto\">M\u00e9todo de suavizado:<\/span><\/p>\n<p><span dir=\"auto\">El tabaco se enciende introduciendo la llama en el orificio mientras se inhala.<\/span><\/p>\n<p><span dir=\"auto\">Por regla general, cuanto m\u00e1s despacio se inhale, m\u00e1s fr\u00edo ser\u00e1 el humo.<\/span><\/p>\n<\/div>\n<\/div>\n<p><img decoding=\"async\" src=\"https:\/\/pfeifenundzigarren.de\/wp-content\/uploads\/2025\/10\/O1CN01KzDhZO2Gtwy6MFI0W_2119809074.webp\" alt=\"\"><\/p>\n<p><img decoding=\"async\" src=\"https:\/\/pfeifenundzigarren.de\/wp-content\/uploads\/2025\/10\/O1CN01orbGKl2Gtwy1Vk12f_2119809074.webp\" alt=\"\"><\/p>\n<p><img decoding=\"async\" src=\"https:\/\/pfeifenundzigarren.de\/wp-content\/uploads\/2025\/10\/O1CN018lZJfV2Gtwy7sKQkx_2119809074.webp\" alt=\"\"><\/p>\n<p><img decoding=\"async\" src=\"https:\/\/pfeifenundzigarren.de\/wp-content\/uploads\/2025\/10\/O1CN01Dq6ch12Gtwy5rxGep_2119809074.webp\" alt=\"\"><\/p>\n<p><img decoding=\"async\" src=\"https:\/\/pfeifenundzigarren.de\/wp-content\/uploads\/2025\/10\/O1CN01L38kIN2Gtwy6Osplw_2119809074.webp\" alt=\"\"><\/p>","protected":false},"excerpt":{"rendered":"<p>Descripci\u00f3n del producto La pipa Torpedo tiene un dise\u00f1o de una sola pieza y toda la pipa Zeppelin est\u00e1 hecha de madera de brezo italiana importada, por eso es tan popular entre los entusiastas de las pipas. El<\/p>","protected":false},"featured_media":9313,"comment_status":"open","ping_status":"closed","template":"","meta":[],"product_brand":[],"product_cat":[86,70,88],"product_tag":[],"class_list":{"0":"post-9277","1":"product","2":"type-product","3":"status-publish","4":"has-post-thumbnail","6":"product_cat-bruyere-pfeifen","7":"product_cat-pfeife","8":"product_cat-pfeife-mit-9mm-filter","10":"first","11":"instock","12":"sale","13":"shipping-taxable","14":"purchasable","15":"product-type-variable","16":"wvs-archive-product-wrapper"},"yoast_head":"<!-- This site is optimized with the Yoast SEO Premium plugin v26.7 (Yoast SEO v26.7) - https:\/\/yoast.com\/wordpress\/plugins\/seo\/ -->\n<title>Zeppelin Pfeife - Der beste Onlineshop f\u00fcr Pfeifen und Zigarrenzubeh\u00f6r in Deutschland<\/title>\n<meta name=\"robots\" content=\"index, follow, max-snippet:-1, max-image-preview:large, max-video-preview:-1\" \/>\n<link rel=\"canonical\" href=\"https:\/\/pfeifenundzigarren.de\/es\/Produkt\/zeppelin-pfeife\/\" \/>\n<meta property=\"og:locale\" content=\"es_ES\" \/>\n<meta property=\"og:type\" content=\"article\" \/>\n<meta property=\"og:title\" content=\"Zeppelin Pfeife\" \/>\n<meta property=\"og:description\" content=\"Produktbeschreibung Die Torpedo-Pfeife\u00a0hat ein einteiliges Design\u00a0und die gesamte\u00a0Zeppelin-Pfeife\u00a0besteht aus importiertem italienischem Bruy\u00e8reholz, weshalb sie bei Pfeifenliebhabern so beliebt ist. Die\" \/>\n<meta property=\"og:url\" content=\"https:\/\/pfeifenundzigarren.de\/es\/Produkt\/zeppelin-pfeife\/\" \/>\n<meta property=\"og:site_name\" content=\"Der beste Onlineshop f\u00fcr Pfeifen und Zigarrenzubeh\u00f6r in Deutschland\" \/>\n<meta property=\"article:modified_time\" content=\"2026-03-22T22:43:19+00:00\" \/>\n<meta property=\"og:image\" content=\"https:\/\/pfeifenundzigarren.de\/wp-content\/uploads\/2025\/10\/ce442cefdc1265885b5d906ceb486bf9.png\" \/>\n\t<meta property=\"og:image:width\" content=\"800\" \/>\n\t<meta property=\"og:image:height\" content=\"800\" \/>\n\t<meta property=\"og:image:type\" content=\"image\/png\" \/>\n<meta name=\"twitter:card\" content=\"summary_large_image\" \/>\n<meta name=\"twitter:label1\" content=\"Tiempo de lectura\" \/>\n\t<meta name=\"twitter:data1\" content=\"2 minutos\" \/>\n<script type=\"application\/ld+json\" class=\"yoast-schema-graph\">{\"@context\":\"https:\/\/schema.org\",\"@graph\":[{\"@type\":\"WebPage\",\"@id\":\"https:\/\/pfeifenundzigarren.de\/Produkt\/zeppelin-pfeife\/\",\"url\":\"https:\/\/pfeifenundzigarren.de\/Produkt\/zeppelin-pfeife\/\",\"name\":\"Zeppelin Pfeife - Der beste Onlineshop f\u00fcr Pfeifen und Zigarrenzubeh\u00f6r in Deutschland\",\"isPartOf\":{\"@id\":\"https:\/\/pfeifenundzigarren.de\/#website\"},\"primaryImageOfPage\":{\"@id\":\"https:\/\/pfeifenundzigarren.de\/Produkt\/zeppelin-pfeife\/#primaryimage\"},\"image\":{\"@id\":\"https:\/\/pfeifenundzigarren.de\/Produkt\/zeppelin-pfeife\/#primaryimage\"},\"thumbnailUrl\":\"https:\/\/pfeifenundzigarren.de\/wp-content\/uploads\/2025\/10\/ce442cefdc1265885b5d906ceb486bf9.png\",\"datePublished\":\"2025-10-24T01:10:51+00:00\",\"dateModified\":\"2026-03-22T22:43:19+00:00\",\"breadcrumb\":{\"@id\":\"https:\/\/pfeifenundzigarren.de\/Produkt\/zeppelin-pfeife\/#breadcrumb\"},\"inLanguage\":\"es\",\"potentialAction\":[{\"@type\":\"ReadAction\",\"target\":[\"https:\/\/pfeifenundzigarren.de\/Produkt\/zeppelin-pfeife\/\"]}]},{\"@type\":\"ImageObject\",\"inLanguage\":\"es\",\"@id\":\"https:\/\/pfeifenundzigarren.de\/Produkt\/zeppelin-pfeife\/#primaryimage\",\"url\":\"https:\/\/pfeifenundzigarren.de\/wp-content\/uploads\/2025\/10\/ce442cefdc1265885b5d906ceb486bf9.png\",\"contentUrl\":\"https:\/\/pfeifenundzigarren.de\/wp-content\/uploads\/2025\/10\/ce442cefdc1265885b5d906ceb486bf9.png\",\"width\":800,\"height\":800,\"caption\":\"Zeppelin Pfeife\"},{\"@type\":\"BreadcrumbList\",\"@id\":\"https:\/\/pfeifenundzigarren.de\/Produkt\/zeppelin-pfeife\/#breadcrumb\",\"itemListElement\":[{\"@type\":\"ListItem\",\"position\":1,\"name\":\"Home\",\"item\":\"https:\/\/pfeifenundzigarren.de\/\"},{\"@type\":\"ListItem\",\"position\":2,\"name\":\"Shop\",\"item\":\"https:\/\/pfeifenundzigarren.de\/shop\/\"},{\"@type\":\"ListItem\",\"position\":3,\"name\":\"Zeppelin Pfeife\"}]},{\"@type\":\"WebSite\",\"@id\":\"https:\/\/pfeifenundzigarren.de\/#website\",\"url\":\"https:\/\/pfeifenundzigarren.de\/\",\"name\":\"Der beste Onlineshop f\u00fcr Pfeifen und Zigarrenzubeh\u00f6r in Deutschland\",\"description\":\"\",\"publisher\":{\"@id\":\"https:\/\/pfeifenundzigarren.de\/#organization\"},\"potentialAction\":[{\"@type\":\"SearchAction\",\"target\":{\"@type\":\"EntryPoint\",\"urlTemplate\":\"https:\/\/pfeifenundzigarren.de\/?s={search_term_string}\"},\"query-input\":{\"@type\":\"PropertyValueSpecification\",\"valueRequired\":true,\"valueName\":\"search_term_string\"}}],\"inLanguage\":\"es\"},{\"@type\":\"Organization\",\"@id\":\"https:\/\/pfeifenundzigarren.de\/#organization\",\"name\":\"Der beste Onlineshop f\u00fcr Pfeifen und Zigarrenzubeh\u00f6r in Deutschland\",\"url\":\"https:\/\/pfeifenundzigarren.de\/\",\"logo\":{\"@type\":\"ImageObject\",\"inLanguage\":\"es\",\"@id\":\"https:\/\/pfeifenundzigarren.de\/#\/schema\/logo\/image\/\",\"url\":\"https:\/\/pfeifenundzigarren.de\/wp-content\/uploads\/2024\/09\/cropped-Luxury-and-Vintage-Ornamental-Coffee-Shop-Logo.png\",\"contentUrl\":\"https:\/\/pfeifenundzigarren.de\/wp-content\/uploads\/2024\/09\/cropped-Luxury-and-Vintage-Ornamental-Coffee-Shop-Logo.png\",\"width\":512,\"height\":512,\"caption\":\"Der beste Onlineshop f\u00fcr Pfeifen und Zigarrenzubeh\u00f6r in Deutschland\"},\"image\":{\"@id\":\"https:\/\/pfeifenundzigarren.de\/#\/schema\/logo\/image\/\"}}]}<\/script>\n<!-- \/ Yoast SEO Premium plugin. -->","yoast_head_json":{"title":"Zeppelin Pfeife - Der beste Onlineshop f\u00fcr Pfeifen und Zigarrenzubeh\u00f6r in Deutschland","robots":{"index":"index","follow":"follow","max-snippet":"max-snippet:-1","max-image-preview":"max-image-preview:large","max-video-preview":"max-video-preview:-1"},"canonical":"https:\/\/pfeifenundzigarren.de\/es\/Produkt\/zeppelin-pfeife\/","og_locale":"es_ES","og_type":"article","og_title":"Zeppelin Pfeife","og_description":"Produktbeschreibung Die Torpedo-Pfeife\u00a0hat ein einteiliges Design\u00a0und die gesamte\u00a0Zeppelin-Pfeife\u00a0besteht aus importiertem italienischem Bruy\u00e8reholz, weshalb sie bei Pfeifenliebhabern so beliebt ist. Die","og_url":"https:\/\/pfeifenundzigarren.de\/es\/Produkt\/zeppelin-pfeife\/","og_site_name":"Der beste Onlineshop f\u00fcr Pfeifen und Zigarrenzubeh\u00f6r in Deutschland","article_modified_time":"2026-03-22T22:43:19+00:00","og_image":[{"width":800,"height":800,"url":"https:\/\/pfeifenundzigarren.de\/wp-content\/uploads\/2025\/10\/ce442cefdc1265885b5d906ceb486bf9.png","type":"image\/png"}],"twitter_card":"summary_large_image","twitter_misc":{"Tiempo de lectura":"2 minutos"},"schema":{"@context":"https:\/\/schema.org","@graph":[{"@type":"WebPage","@id":"https:\/\/pfeifenundzigarren.de\/Produkt\/zeppelin-pfeife\/","url":"https:\/\/pfeifenundzigarren.de\/Produkt\/zeppelin-pfeife\/","name":"Zeppelin Pfeife - Der beste Onlineshop f\u00fcr Pfeifen und Zigarrenzubeh\u00f6r in Deutschland","isPartOf":{"@id":"https:\/\/pfeifenundzigarren.de\/#website"},"primaryImageOfPage":{"@id":"https:\/\/pfeifenundzigarren.de\/Produkt\/zeppelin-pfeife\/#primaryimage"},"image":{"@id":"https:\/\/pfeifenundzigarren.de\/Produkt\/zeppelin-pfeife\/#primaryimage"},"thumbnailUrl":"https:\/\/pfeifenundzigarren.de\/wp-content\/uploads\/2025\/10\/ce442cefdc1265885b5d906ceb486bf9.png","datePublished":"2025-10-24T01:10:51+00:00","dateModified":"2026-03-22T22:43:19+00:00","breadcrumb":{"@id":"https:\/\/pfeifenundzigarren.de\/Produkt\/zeppelin-pfeife\/#breadcrumb"},"inLanguage":"es","potentialAction":[{"@type":"ReadAction","target":["https:\/\/pfeifenundzigarren.de\/Produkt\/zeppelin-pfeife\/"]}]},{"@type":"ImageObject","inLanguage":"es","@id":"https:\/\/pfeifenundzigarren.de\/Produkt\/zeppelin-pfeife\/#primaryimage","url":"https:\/\/pfeifenundzigarren.de\/wp-content\/uploads\/2025\/10\/ce442cefdc1265885b5d906ceb486bf9.png","contentUrl":"https:\/\/pfeifenundzigarren.de\/wp-content\/uploads\/2025\/10\/ce442cefdc1265885b5d906ceb486bf9.png","width":800,"height":800,"caption":"Zeppelin Pfeife"},{"@type":"BreadcrumbList","@id":"https:\/\/pfeifenundzigarren.de\/Produkt\/zeppelin-pfeife\/#breadcrumb","itemListElement":[{"@type":"ListItem","position":1,"name":"Home","item":"https:\/\/pfeifenundzigarren.de\/"},{"@type":"ListItem","position":2,"name":"Shop","item":"https:\/\/pfeifenundzigarren.de\/shop\/"},{"@type":"ListItem","position":3,"name":"Zeppelin Pfeife"}]},{"@type":"WebSite","@id":"https:\/\/pfeifenundzigarren.de\/#website","url":"https:\/\/pfeifenundzigarren.de\/","name":"La mejor tienda en l\u00ednea de pipas y accesorios para puros de Alemania","description":"","publisher":{"@id":"https:\/\/pfeifenundzigarren.de\/#organization"},"potentialAction":[{"@type":"SearchAction","target":{"@type":"EntryPoint","urlTemplate":"https:\/\/pfeifenundzigarren.de\/?s={search_term_string}"},"query-input":{"@type":"PropertyValueSpecification","valueRequired":true,"valueName":"search_term_string"}}],"inLanguage":"es"},{"@type":"Organization","@id":"https:\/\/pfeifenundzigarren.de\/#organization","name":"La mejor tienda en l\u00ednea de pipas y accesorios para puros de Alemania","url":"https:\/\/pfeifenundzigarren.de\/","logo":{"@type":"ImageObject","inLanguage":"es","@id":"https:\/\/pfeifenundzigarren.de\/#\/schema\/logo\/image\/","url":"https:\/\/pfeifenundzigarren.de\/wp-content\/uploads\/2024\/09\/cropped-Luxury-and-Vintage-Ornamental-Coffee-Shop-Logo.png","contentUrl":"https:\/\/pfeifenundzigarren.de\/wp-content\/uploads\/2024\/09\/cropped-Luxury-and-Vintage-Ornamental-Coffee-Shop-Logo.png","width":512,"height":512,"caption":"Der beste Onlineshop f\u00fcr Pfeifen und Zigarrenzubeh\u00f6r in Deutschland"},"image":{"@id":"https:\/\/pfeifenundzigarren.de\/#\/schema\/logo\/image\/"}}]}},"_links":{"self":[{"href":"https:\/\/pfeifenundzigarren.de\/es\/wp-json\/wp\/v2\/product\/9277","targetHints":{"allow":["GET"]}}],"collection":[{"href":"https:\/\/pfeifenundzigarren.de\/es\/wp-json\/wp\/v2\/product"}],"about":[{"href":"https:\/\/pfeifenundzigarren.de\/es\/wp-json\/wp\/v2\/types\/product"}],"replies":[{"embeddable":true,"href":"https:\/\/pfeifenundzigarren.de\/es\/wp-json\/wp\/v2\/comments?post=9277"}],"version-history":[{"count":1,"href":"https:\/\/pfeifenundzigarren.de\/es\/wp-json\/wp\/v2\/product\/9277\/revisions"}],"predecessor-version":[{"id":11253,"href":"https:\/\/pfeifenundzigarren.de\/es\/wp-json\/wp\/v2\/product\/9277\/revisions\/11253"}],"wp:featuredmedia":[{"embeddable":true,"href":"https:\/\/pfeifenundzigarren.de\/es\/wp-json\/wp\/v2\/media\/9313"}],"wp:attachment":[{"href":"https:\/\/pfeifenundzigarren.de\/es\/wp-json\/wp\/v2\/media?parent=9277"}],"wp:term":[{"taxonomy":"product_brand","embeddable":true,"href":"https:\/\/pfeifenundzigarren.de\/es\/wp-json\/wp\/v2\/product_brand?post=9277"},{"taxonomy":"product_cat","embeddable":true,"href":"https:\/\/pfeifenundzigarren.de\/es\/wp-json\/wp\/v2\/product_cat?post=9277"},{"taxonomy":"product_tag","embeddable":true,"href":"https:\/\/pfeifenundzigarren.de\/es\/wp-json\/wp\/v2\/product_tag?post=9277"}],"curies":[{"name":"wp","href":"https:\/\/api.w.org\/{rel}","templated":true}]}}