{"id":9110,"date":"2025-09-27T05:24:31","date_gmt":"2025-09-27T03:24:31","guid":{"rendered":"https:\/\/pfeifenundzigarren.de\/Produkt\/pfeifenstaender-aus-rotholz-fuer-6-pfeifen\/"},"modified":"2025-09-27T05:44:06","modified_gmt":"2025-09-27T03:44:06","slug":"pfeifenstaender-aus-rotholz-fuer-6-pfeifen","status":"publish","type":"product","link":"https:\/\/pfeifenundzigarren.de\/es\/Produkt\/pfeifenstaender-aus-rotholz-fuer-6-pfeifen\/","title":{"rendered":"Soporte de madera de secoya para 6 pipas"},"content":{"rendered":"<ul class=\"marker:text-quiet list-disc\">\n<li class=\"py-0 my-0 prose-p:pt-0 prose-p:mb-2 prose-p:my-0 [&amp;&gt;p]:pt-0 [&amp;&gt;p]:mb-2 [&amp;&gt;p]:my-0\">\n<p class=\"my-2 [&amp;+p]:mt-4 [&amp;_strong:has(+br)]:inline-block [&amp;_strong:has(+br)]:pb-2\"><span class=\"hover:border-foreground border-subtle cursor-pointer border-b-2 border-dotted outline-none transition-colors duration-200 ease-out font-sans text-base font-medium text-foreground selection:bg-super\/50 selection:text-foreground dark:selection:bg-super\/10 dark:selection:text-super\">Altura<\/span><button class=\"border-subtler active:!bg-subtle flex size-5 items-center justify-center rounded-full border shadow-sm outline-none border-subtlest ring-subtlest divide-subtlest bg-raised dark:bg-offset\"><\/button>: 135 mm<\/p>\n<\/li>\n<li class=\"py-0 my-0 prose-p:pt-0 prose-p:mb-2 prose-p:my-0 [&amp;&gt;p]:pt-0 [&amp;&gt;p]:mb-2 [&amp;&gt;p]:my-0\">\n<p class=\"my-2 [&amp;+p]:mt-4 [&amp;_strong:has(+br)]:inline-block [&amp;_strong:has(+br)]:pb-2\"><span class=\"hover:border-foreground border-subtle cursor-pointer border-b-2 border-dotted outline-none transition-colors duration-200 ease-out font-sans text-base font-medium text-foreground selection:bg-super\/50 selection:text-foreground dark:selection:bg-super\/10 dark:selection:text-super\">Superficie de base (longitud)<\/span><button class=\"border-subtler active:!bg-subtle flex size-5 items-center justify-center rounded-full border shadow-sm outline-none border-subtlest ring-subtlest divide-subtlest bg-raised dark:bg-offset\"><\/button>: 232 mm<\/p>\n<\/li>\n<li class=\"py-0 my-0 prose-p:pt-0 prose-p:mb-2 prose-p:my-0 [&amp;&gt;p]:pt-0 [&amp;&gt;p]:mb-2 [&amp;&gt;p]:my-0\">\n<p class=\"my-2 [&amp;+p]:mt-4 [&amp;_strong:has(+br)]:inline-block [&amp;_strong:has(+br)]:pb-2\"><span class=\"hover:border-foreground border-subtle cursor-pointer border-b-2 border-dotted outline-none transition-colors duration-200 ease-out font-sans text-base font-medium text-foreground selection:bg-super\/50 selection:text-foreground dark:selection:bg-super\/10 dark:selection:text-super\">Superficie de base (profundidad)<\/span><button class=\"border-subtler active:!bg-subtle flex size-5 items-center justify-center rounded-full border shadow-sm outline-none border-subtlest ring-subtlest divide-subtlest bg-raised dark:bg-offset\"><\/button>: 115 mm<\/p>\n<\/li>\n<li class=\"py-0 my-0 prose-p:pt-0 prose-p:mb-2 prose-p:my-0 [&amp;&gt;p]:pt-0 [&amp;&gt;p]:mb-2 [&amp;&gt;p]:my-0\">\n<p class=\"my-2 [&amp;+p]:mt-4 [&amp;_strong:has(+br)]:inline-block [&amp;_strong:has(+br)]:pb-2\"><span class=\"hover:border-foreground border-subtle cursor-pointer border-b-2 border-dotted outline-none transition-colors duration-200 ease-out font-sans text-base font-medium text-foreground selection:bg-super\/50 selection:text-foreground dark:selection:bg-super\/10 dark:selection:text-super\">Peso<\/span><button class=\"border-subtler active:!bg-subtle flex size-5 items-center justify-center rounded-full border shadow-sm outline-none border-subtlest ring-subtlest divide-subtlest bg-raised dark:bg-offset\"><\/button>: 480 g<\/p>\n<\/li>\n<li>Tipo:\u00a0<a href=\"https:\/\/pfeifenundzigarren.de\/es\/produktkategorie\/pfeifen-zubehoer\/pfeifenstaender\/\">Soporte para tubos<\/a><\/li>\n<\/ul>","protected":false},"excerpt":{"rendered":"<p>Altura: 135 mm Superficie base (longitud): 232 mm Superficie base (profundidad): 115 mm Peso: 480 g Tipo: Soporte de tubo<\/p>","protected":false},"featured_media":9111,"comment_status":"open","ping_status":"closed","template":"","meta":[],"product_brand":[],"product_cat":[81],"product_tag":[],"class_list":{"0":"post-9110","1":"product","2":"type-product","3":"status-publish","4":"has-post-thumbnail","6":"product_cat-pfeifenstaender","8":"first","9":"instock","10":"sale","11":"shipping-taxable","12":"purchasable","13":"product-type-simple"},"yoast_head":"<!-- This site is optimized with the Yoast SEO Premium plugin v26.7 (Yoast SEO v26.7) - https:\/\/yoast.com\/wordpress\/plugins\/seo\/ -->\n<title>Pfeifenst\u00e4nder aus Rotholz f\u00fcr 6 Pfeifen - Der beste Onlineshop f\u00fcr Pfeifen und Zigarrenzubeh\u00f6r in Deutschland<\/title>\n<meta name=\"robots\" content=\"index, follow, max-snippet:-1, max-image-preview:large, max-video-preview:-1\" \/>\n<link rel=\"canonical\" href=\"https:\/\/pfeifenundzigarren.de\/es\/Produkt\/pfeifenstaender-aus-rotholz-fuer-6-pfeifen\/\" \/>\n<meta property=\"og:locale\" content=\"es_ES\" \/>\n<meta property=\"og:type\" content=\"article\" \/>\n<meta property=\"og:title\" content=\"Pfeifenst\u00e4nder aus Rotholz f\u00fcr 6 Pfeifen\" \/>\n<meta property=\"og:description\" content=\"H\u00f6he: 135 mm Grundfl\u00e4che (L\u00e4nge): 232 mm Grundfl\u00e4che (Tiefe): 115 mm Gewicht: 480 g Typ:\u00a0Pfeifenst\u00e4nder\" \/>\n<meta property=\"og:url\" content=\"https:\/\/pfeifenundzigarren.de\/es\/Produkt\/pfeifenstaender-aus-rotholz-fuer-6-pfeifen\/\" \/>\n<meta property=\"og:site_name\" content=\"Der beste Onlineshop f\u00fcr Pfeifen und Zigarrenzubeh\u00f6r in Deutschland\" \/>\n<meta property=\"article:modified_time\" content=\"2025-09-27T03:44:06+00:00\" \/>\n<meta property=\"og:image\" content=\"https:\/\/pfeifenundzigarren.de\/wp-content\/uploads\/2025\/09\/O1CN01w6Mx1a2MFzuRK02Fe_151049799.webp\" \/>\n\t<meta property=\"og:image:width\" content=\"800\" \/>\n\t<meta property=\"og:image:height\" content=\"800\" \/>\n\t<meta property=\"og:image:type\" content=\"image\/webp\" \/>\n<meta name=\"twitter:card\" content=\"summary_large_image\" \/>\n<script type=\"application\/ld+json\" class=\"yoast-schema-graph\">{\"@context\":\"https:\/\/schema.org\",\"@graph\":[{\"@type\":\"WebPage\",\"@id\":\"https:\/\/pfeifenundzigarren.de\/Produkt\/pfeifenstaender-aus-rotholz-fuer-6-pfeifen\/\",\"url\":\"https:\/\/pfeifenundzigarren.de\/Produkt\/pfeifenstaender-aus-rotholz-fuer-6-pfeifen\/\",\"name\":\"Pfeifenst\u00e4nder aus Rotholz f\u00fcr 6 Pfeifen - Der beste Onlineshop f\u00fcr Pfeifen und Zigarrenzubeh\u00f6r in Deutschland\",\"isPartOf\":{\"@id\":\"https:\/\/pfeifenundzigarren.de\/#website\"},\"primaryImageOfPage\":{\"@id\":\"https:\/\/pfeifenundzigarren.de\/Produkt\/pfeifenstaender-aus-rotholz-fuer-6-pfeifen\/#primaryimage\"},\"image\":{\"@id\":\"https:\/\/pfeifenundzigarren.de\/Produkt\/pfeifenstaender-aus-rotholz-fuer-6-pfeifen\/#primaryimage\"},\"thumbnailUrl\":\"https:\/\/pfeifenundzigarren.de\/wp-content\/uploads\/2025\/09\/O1CN01w6Mx1a2MFzuRK02Fe_151049799.webp\",\"datePublished\":\"2025-09-27T03:24:31+00:00\",\"dateModified\":\"2025-09-27T03:44:06+00:00\",\"breadcrumb\":{\"@id\":\"https:\/\/pfeifenundzigarren.de\/Produkt\/pfeifenstaender-aus-rotholz-fuer-6-pfeifen\/#breadcrumb\"},\"inLanguage\":\"es\",\"potentialAction\":[{\"@type\":\"ReadAction\",\"target\":[\"https:\/\/pfeifenundzigarren.de\/Produkt\/pfeifenstaender-aus-rotholz-fuer-6-pfeifen\/\"]}]},{\"@type\":\"ImageObject\",\"inLanguage\":\"es\",\"@id\":\"https:\/\/pfeifenundzigarren.de\/Produkt\/pfeifenstaender-aus-rotholz-fuer-6-pfeifen\/#primaryimage\",\"url\":\"https:\/\/pfeifenundzigarren.de\/wp-content\/uploads\/2025\/09\/O1CN01w6Mx1a2MFzuRK02Fe_151049799.webp\",\"contentUrl\":\"https:\/\/pfeifenundzigarren.de\/wp-content\/uploads\/2025\/09\/O1CN01w6Mx1a2MFzuRK02Fe_151049799.webp\",\"width\":800,\"height\":800,\"caption\":\"Pfeifenst\u00e4nder aus Rotholz f\u00fcr 6 Pfeifen\"},{\"@type\":\"BreadcrumbList\",\"@id\":\"https:\/\/pfeifenundzigarren.de\/Produkt\/pfeifenstaender-aus-rotholz-fuer-6-pfeifen\/#breadcrumb\",\"itemListElement\":[{\"@type\":\"ListItem\",\"position\":1,\"name\":\"Home\",\"item\":\"https:\/\/pfeifenundzigarren.de\/\"},{\"@type\":\"ListItem\",\"position\":2,\"name\":\"Shop\",\"item\":\"https:\/\/pfeifenundzigarren.de\/shop\/\"},{\"@type\":\"ListItem\",\"position\":3,\"name\":\"Pfeifenst\u00e4nder aus Rotholz f\u00fcr 6 Pfeifen\"}]},{\"@type\":\"WebSite\",\"@id\":\"https:\/\/pfeifenundzigarren.de\/#website\",\"url\":\"https:\/\/pfeifenundzigarren.de\/\",\"name\":\"Der beste Onlineshop f\u00fcr Pfeifen und Zigarrenzubeh\u00f6r in Deutschland\",\"description\":\"\",\"publisher\":{\"@id\":\"https:\/\/pfeifenundzigarren.de\/#organization\"},\"potentialAction\":[{\"@type\":\"SearchAction\",\"target\":{\"@type\":\"EntryPoint\",\"urlTemplate\":\"https:\/\/pfeifenundzigarren.de\/?s={search_term_string}\"},\"query-input\":{\"@type\":\"PropertyValueSpecification\",\"valueRequired\":true,\"valueName\":\"search_term_string\"}}],\"inLanguage\":\"es\"},{\"@type\":\"Organization\",\"@id\":\"https:\/\/pfeifenundzigarren.de\/#organization\",\"name\":\"Der beste Onlineshop f\u00fcr Pfeifen und Zigarrenzubeh\u00f6r in Deutschland\",\"url\":\"https:\/\/pfeifenundzigarren.de\/\",\"logo\":{\"@type\":\"ImageObject\",\"inLanguage\":\"es\",\"@id\":\"https:\/\/pfeifenundzigarren.de\/#\/schema\/logo\/image\/\",\"url\":\"https:\/\/pfeifenundzigarren.de\/wp-content\/uploads\/2024\/09\/cropped-Luxury-and-Vintage-Ornamental-Coffee-Shop-Logo.png\",\"contentUrl\":\"https:\/\/pfeifenundzigarren.de\/wp-content\/uploads\/2024\/09\/cropped-Luxury-and-Vintage-Ornamental-Coffee-Shop-Logo.png\",\"width\":512,\"height\":512,\"caption\":\"Der beste Onlineshop f\u00fcr Pfeifen und Zigarrenzubeh\u00f6r in Deutschland\"},\"image\":{\"@id\":\"https:\/\/pfeifenundzigarren.de\/#\/schema\/logo\/image\/\"}}]}<\/script>\n<!-- \/ Yoast SEO Premium plugin. -->","yoast_head_json":{"title":"Pfeifenst\u00e4nder aus Rotholz f\u00fcr 6 Pfeifen - Der beste Onlineshop f\u00fcr Pfeifen und Zigarrenzubeh\u00f6r in Deutschland","robots":{"index":"index","follow":"follow","max-snippet":"max-snippet:-1","max-image-preview":"max-image-preview:large","max-video-preview":"max-video-preview:-1"},"canonical":"https:\/\/pfeifenundzigarren.de\/es\/Produkt\/pfeifenstaender-aus-rotholz-fuer-6-pfeifen\/","og_locale":"es_ES","og_type":"article","og_title":"Pfeifenst\u00e4nder aus Rotholz f\u00fcr 6 Pfeifen","og_description":"H\u00f6he: 135 mm Grundfl\u00e4che (L\u00e4nge): 232 mm Grundfl\u00e4che (Tiefe): 115 mm Gewicht: 480 g Typ:\u00a0Pfeifenst\u00e4nder","og_url":"https:\/\/pfeifenundzigarren.de\/es\/Produkt\/pfeifenstaender-aus-rotholz-fuer-6-pfeifen\/","og_site_name":"Der beste Onlineshop f\u00fcr Pfeifen und Zigarrenzubeh\u00f6r in Deutschland","article_modified_time":"2025-09-27T03:44:06+00:00","og_image":[{"width":800,"height":800,"url":"https:\/\/pfeifenundzigarren.de\/wp-content\/uploads\/2025\/09\/O1CN01w6Mx1a2MFzuRK02Fe_151049799.webp","type":"image\/webp"}],"twitter_card":"summary_large_image","schema":{"@context":"https:\/\/schema.org","@graph":[{"@type":"WebPage","@id":"https:\/\/pfeifenundzigarren.de\/Produkt\/pfeifenstaender-aus-rotholz-fuer-6-pfeifen\/","url":"https:\/\/pfeifenundzigarren.de\/Produkt\/pfeifenstaender-aus-rotholz-fuer-6-pfeifen\/","name":"Pfeifenst\u00e4nder aus Rotholz f\u00fcr 6 Pfeifen - Der beste Onlineshop f\u00fcr Pfeifen und Zigarrenzubeh\u00f6r in Deutschland","isPartOf":{"@id":"https:\/\/pfeifenundzigarren.de\/#website"},"primaryImageOfPage":{"@id":"https:\/\/pfeifenundzigarren.de\/Produkt\/pfeifenstaender-aus-rotholz-fuer-6-pfeifen\/#primaryimage"},"image":{"@id":"https:\/\/pfeifenundzigarren.de\/Produkt\/pfeifenstaender-aus-rotholz-fuer-6-pfeifen\/#primaryimage"},"thumbnailUrl":"https:\/\/pfeifenundzigarren.de\/wp-content\/uploads\/2025\/09\/O1CN01w6Mx1a2MFzuRK02Fe_151049799.webp","datePublished":"2025-09-27T03:24:31+00:00","dateModified":"2025-09-27T03:44:06+00:00","breadcrumb":{"@id":"https:\/\/pfeifenundzigarren.de\/Produkt\/pfeifenstaender-aus-rotholz-fuer-6-pfeifen\/#breadcrumb"},"inLanguage":"es","potentialAction":[{"@type":"ReadAction","target":["https:\/\/pfeifenundzigarren.de\/Produkt\/pfeifenstaender-aus-rotholz-fuer-6-pfeifen\/"]}]},{"@type":"ImageObject","inLanguage":"es","@id":"https:\/\/pfeifenundzigarren.de\/Produkt\/pfeifenstaender-aus-rotholz-fuer-6-pfeifen\/#primaryimage","url":"https:\/\/pfeifenundzigarren.de\/wp-content\/uploads\/2025\/09\/O1CN01w6Mx1a2MFzuRK02Fe_151049799.webp","contentUrl":"https:\/\/pfeifenundzigarren.de\/wp-content\/uploads\/2025\/09\/O1CN01w6Mx1a2MFzuRK02Fe_151049799.webp","width":800,"height":800,"caption":"Pfeifenst\u00e4nder aus Rotholz f\u00fcr 6 Pfeifen"},{"@type":"BreadcrumbList","@id":"https:\/\/pfeifenundzigarren.de\/Produkt\/pfeifenstaender-aus-rotholz-fuer-6-pfeifen\/#breadcrumb","itemListElement":[{"@type":"ListItem","position":1,"name":"Home","item":"https:\/\/pfeifenundzigarren.de\/"},{"@type":"ListItem","position":2,"name":"Shop","item":"https:\/\/pfeifenundzigarren.de\/shop\/"},{"@type":"ListItem","position":3,"name":"Pfeifenst\u00e4nder aus Rotholz f\u00fcr 6 Pfeifen"}]},{"@type":"WebSite","@id":"https:\/\/pfeifenundzigarren.de\/#website","url":"https:\/\/pfeifenundzigarren.de\/","name":"La mejor tienda en l\u00ednea de pipas y accesorios para puros de Alemania","description":"","publisher":{"@id":"https:\/\/pfeifenundzigarren.de\/#organization"},"potentialAction":[{"@type":"SearchAction","target":{"@type":"EntryPoint","urlTemplate":"https:\/\/pfeifenundzigarren.de\/?s={search_term_string}"},"query-input":{"@type":"PropertyValueSpecification","valueRequired":true,"valueName":"search_term_string"}}],"inLanguage":"es"},{"@type":"Organization","@id":"https:\/\/pfeifenundzigarren.de\/#organization","name":"La mejor tienda en l\u00ednea de pipas y accesorios para puros de Alemania","url":"https:\/\/pfeifenundzigarren.de\/","logo":{"@type":"ImageObject","inLanguage":"es","@id":"https:\/\/pfeifenundzigarren.de\/#\/schema\/logo\/image\/","url":"https:\/\/pfeifenundzigarren.de\/wp-content\/uploads\/2024\/09\/cropped-Luxury-and-Vintage-Ornamental-Coffee-Shop-Logo.png","contentUrl":"https:\/\/pfeifenundzigarren.de\/wp-content\/uploads\/2024\/09\/cropped-Luxury-and-Vintage-Ornamental-Coffee-Shop-Logo.png","width":512,"height":512,"caption":"Der beste Onlineshop f\u00fcr Pfeifen und Zigarrenzubeh\u00f6r in Deutschland"},"image":{"@id":"https:\/\/pfeifenundzigarren.de\/#\/schema\/logo\/image\/"}}]}},"_links":{"self":[{"href":"https:\/\/pfeifenundzigarren.de\/es\/wp-json\/wp\/v2\/product\/9110","targetHints":{"allow":["GET"]}}],"collection":[{"href":"https:\/\/pfeifenundzigarren.de\/es\/wp-json\/wp\/v2\/product"}],"about":[{"href":"https:\/\/pfeifenundzigarren.de\/es\/wp-json\/wp\/v2\/types\/product"}],"replies":[{"embeddable":true,"href":"https:\/\/pfeifenundzigarren.de\/es\/wp-json\/wp\/v2\/comments?post=9110"}],"version-history":[{"count":0,"href":"https:\/\/pfeifenundzigarren.de\/es\/wp-json\/wp\/v2\/product\/9110\/revisions"}],"wp:featuredmedia":[{"embeddable":true,"href":"https:\/\/pfeifenundzigarren.de\/es\/wp-json\/wp\/v2\/media\/9111"}],"wp:attachment":[{"href":"https:\/\/pfeifenundzigarren.de\/es\/wp-json\/wp\/v2\/media?parent=9110"}],"wp:term":[{"taxonomy":"product_brand","embeddable":true,"href":"https:\/\/pfeifenundzigarren.de\/es\/wp-json\/wp\/v2\/product_brand?post=9110"},{"taxonomy":"product_cat","embeddable":true,"href":"https:\/\/pfeifenundzigarren.de\/es\/wp-json\/wp\/v2\/product_cat?post=9110"},{"taxonomy":"product_tag","embeddable":true,"href":"https:\/\/pfeifenundzigarren.de\/es\/wp-json\/wp\/v2\/product_tag?post=9110"}],"curies":[{"name":"wp","href":"https:\/\/api.w.org\/{rel}","templated":true}]}}