{"id":9029,"date":"2025-09-27T05:09:17","date_gmt":"2025-09-27T03:09:17","guid":{"rendered":"https:\/\/pfeifenundzigarren.de\/Produkt\/drehbarer-pfeifenstaender-aus-massivholz\/"},"modified":"2025-10-08T10:11:42","modified_gmt":"2025-10-08T08:11:42","slug":"drehbarer-pfeifenstaender-aus-massivholz","status":"publish","type":"product","link":"https:\/\/pfeifenundzigarren.de\/es\/Produkt\/drehbarer-pfeifenstaender-aus-massivholz\/","title":{"rendered":"Soporte de tubo giratorio de madera maciza"},"content":{"rendered":"<p>Este <strong>Soporte de tubo giratorio<\/strong> ha sido elaborado por nuestro artesano Theo, combinando la c\u00e1lida textura de la madera maciza tradicional con un moderno mecanismo giratorio. En contraste con las limitaciones de los soportes fijos, este<a href=\"https:\/\/pfeifenundzigarren.de\/es\/produktkategorie\/pfeifen-zubehoer\/pfeifenstaender\/\"><strong> Soporte para pipas de madera maciza<\/strong><\/a> con una funci\u00f3n de rotaci\u00f3n de 360 grados para que pueda acceder f\u00e1cilmente a cualquier <a href=\"https:\/\/pfeifenundzigarren.de\/es\/\">Tuber\u00eda<\/a> sin mover a los dem\u00e1s.<\/p>\n<p>La estructura b\u00e1sica de nuestro soporte consiste en un disco de madera maciza con un di\u00e1metro t\u00edpico de 20-25 cm y un grosor aproximado de 2-3 cm. Garantiza la estabilidad y el equilibrio est\u00e9tico. Las aberturas pueden abrirse sin aflojarse. Este dise\u00f1o se inspira en las tradiciones artesanales europeas, como los productos de talleres alemanes y ucranianos, similares a los estilos cl\u00e1sicos de Tabak-Brucker.<\/p>\n<p>Cada ranura de almacenamiento est\u00e1 provista de ranuras en forma de anillo. Las ranuras para la cazoleta y la boquilla est\u00e1n especialmente dise\u00f1adas para adaptarse a la cazoleta y la boquilla de la pipa: La ranura para la boquilla tiene una abertura flexible en forma de U para evitar que la resina sensible o los accesorios de plata se presionen entre s\u00ed. La ranura para la cazoleta y la boquilla tiene una profundidad aproximada de 5-8 cm y una anchura graduada para asegurar pipas con diferentes curvaturas. Para garantizar la circulaci\u00f3n del aire y reducir la fricci\u00f3n entre las pipas, las ranuras est\u00e1n distribuidas uniformemente alrededor del borde del disco.<\/p>\n<p>Para nuestro <strong>Soporte de madera para pipas<\/strong> Utilizamos madera maciza de haya. Esta madera es menos susceptible al polvo e inodora que los soportes de metal o pl\u00e1stico. Adem\u00e1s, nuestro artesano Theo recubre la superficie con aceite y cera para repeler eficazmente el agua y los ara\u00f1azos.<\/p>","protected":false},"excerpt":{"rendered":"<p>Este soporte giratorio para pipas fue fabricado por nuestro artesano Theo, que combin\u00f3 la c\u00e1lida textura de la madera maciza tradicional con un moderno mecanismo giratorio.<\/p>","protected":false},"featured_media":9030,"comment_status":"open","ping_status":"closed","template":"","meta":[],"product_brand":[],"product_cat":[81],"product_tag":[],"class_list":{"0":"post-9029","1":"product","2":"type-product","3":"status-publish","4":"has-post-thumbnail","6":"product_cat-pfeifenstaender","8":"first","9":"instock","10":"sale","11":"shipping-taxable","12":"purchasable","13":"product-type-simple"},"yoast_head":"<!-- This site is optimized with the Yoast SEO Premium plugin v26.7 (Yoast SEO v26.7) - https:\/\/yoast.com\/wordpress\/plugins\/seo\/ -->\n<title>drehbarer Pfeifenst\u00e4nder aus Massivholz - Der beste Onlineshop f\u00fcr Pfeifen und Zigarrenzubeh\u00f6r in Deutschland<\/title>\n<meta name=\"robots\" content=\"index, follow, max-snippet:-1, max-image-preview:large, max-video-preview:-1\" \/>\n<link rel=\"canonical\" href=\"https:\/\/pfeifenundzigarren.de\/es\/Produkt\/drehbarer-pfeifenstaender-aus-massivholz\/\" \/>\n<meta property=\"og:locale\" content=\"es_ES\" \/>\n<meta property=\"og:type\" content=\"article\" \/>\n<meta property=\"og:title\" content=\"drehbarer Pfeifenst\u00e4nder aus Massivholz\" \/>\n<meta property=\"og:description\" content=\"Dieser drehbare Pfeifenst\u00e4nder wurde von unserem Kunsthandwerker Theo gefertigt, der die warme Textur von traditionellem Massivholz mit einem modernen Drehmechanismus\" \/>\n<meta property=\"og:url\" content=\"https:\/\/pfeifenundzigarren.de\/es\/Produkt\/drehbarer-pfeifenstaender-aus-massivholz\/\" \/>\n<meta property=\"og:site_name\" content=\"Der beste Onlineshop f\u00fcr Pfeifen und Zigarrenzubeh\u00f6r in Deutschland\" \/>\n<meta property=\"article:modified_time\" content=\"2025-10-08T08:11:42+00:00\" \/>\n<meta property=\"og:image\" content=\"https:\/\/pfeifenundzigarren.de\/wp-content\/uploads\/2025\/09\/TB1eOjjpbYI8KJjy0FaXXbAiVXa_0-item_pic.webp\" \/>\n\t<meta property=\"og:image:width\" content=\"750\" \/>\n\t<meta property=\"og:image:height\" content=\"750\" \/>\n\t<meta property=\"og:image:type\" content=\"image\/webp\" \/>\n<meta name=\"twitter:card\" content=\"summary_large_image\" \/>\n<meta name=\"twitter:label1\" content=\"Tiempo de lectura\" \/>\n\t<meta name=\"twitter:data1\" content=\"1 minuto\" \/>\n<script type=\"application\/ld+json\" class=\"yoast-schema-graph\">{\"@context\":\"https:\/\/schema.org\",\"@graph\":[{\"@type\":\"WebPage\",\"@id\":\"https:\/\/pfeifenundzigarren.de\/Produkt\/drehbarer-pfeifenstaender-aus-massivholz\/\",\"url\":\"https:\/\/pfeifenundzigarren.de\/Produkt\/drehbarer-pfeifenstaender-aus-massivholz\/\",\"name\":\"drehbarer Pfeifenst\u00e4nder aus Massivholz - Der beste Onlineshop f\u00fcr Pfeifen und Zigarrenzubeh\u00f6r in Deutschland\",\"isPartOf\":{\"@id\":\"https:\/\/pfeifenundzigarren.de\/#website\"},\"primaryImageOfPage\":{\"@id\":\"https:\/\/pfeifenundzigarren.de\/Produkt\/drehbarer-pfeifenstaender-aus-massivholz\/#primaryimage\"},\"image\":{\"@id\":\"https:\/\/pfeifenundzigarren.de\/Produkt\/drehbarer-pfeifenstaender-aus-massivholz\/#primaryimage\"},\"thumbnailUrl\":\"https:\/\/pfeifenundzigarren.de\/wp-content\/uploads\/2025\/09\/TB1eOjjpbYI8KJjy0FaXXbAiVXa_0-item_pic.webp\",\"datePublished\":\"2025-09-27T03:09:17+00:00\",\"dateModified\":\"2025-10-08T08:11:42+00:00\",\"breadcrumb\":{\"@id\":\"https:\/\/pfeifenundzigarren.de\/Produkt\/drehbarer-pfeifenstaender-aus-massivholz\/#breadcrumb\"},\"inLanguage\":\"es\",\"potentialAction\":[{\"@type\":\"ReadAction\",\"target\":[\"https:\/\/pfeifenundzigarren.de\/Produkt\/drehbarer-pfeifenstaender-aus-massivholz\/\"]}]},{\"@type\":\"ImageObject\",\"inLanguage\":\"es\",\"@id\":\"https:\/\/pfeifenundzigarren.de\/Produkt\/drehbarer-pfeifenstaender-aus-massivholz\/#primaryimage\",\"url\":\"https:\/\/pfeifenundzigarren.de\/wp-content\/uploads\/2025\/09\/TB1eOjjpbYI8KJjy0FaXXbAiVXa_0-item_pic.webp\",\"contentUrl\":\"https:\/\/pfeifenundzigarren.de\/wp-content\/uploads\/2025\/09\/TB1eOjjpbYI8KJjy0FaXXbAiVXa_0-item_pic.webp\",\"width\":750,\"height\":750,\"caption\":\"drehbarer Pfeifenst\u00e4nder aus Massivholz\"},{\"@type\":\"BreadcrumbList\",\"@id\":\"https:\/\/pfeifenundzigarren.de\/Produkt\/drehbarer-pfeifenstaender-aus-massivholz\/#breadcrumb\",\"itemListElement\":[{\"@type\":\"ListItem\",\"position\":1,\"name\":\"Home\",\"item\":\"https:\/\/pfeifenundzigarren.de\/\"},{\"@type\":\"ListItem\",\"position\":2,\"name\":\"Shop\",\"item\":\"https:\/\/pfeifenundzigarren.de\/shop\/\"},{\"@type\":\"ListItem\",\"position\":3,\"name\":\"drehbarer Pfeifenst\u00e4nder aus Massivholz\"}]},{\"@type\":\"WebSite\",\"@id\":\"https:\/\/pfeifenundzigarren.de\/#website\",\"url\":\"https:\/\/pfeifenundzigarren.de\/\",\"name\":\"Der beste Onlineshop f\u00fcr Pfeifen und Zigarrenzubeh\u00f6r in Deutschland\",\"description\":\"\",\"publisher\":{\"@id\":\"https:\/\/pfeifenundzigarren.de\/#organization\"},\"potentialAction\":[{\"@type\":\"SearchAction\",\"target\":{\"@type\":\"EntryPoint\",\"urlTemplate\":\"https:\/\/pfeifenundzigarren.de\/?s={search_term_string}\"},\"query-input\":{\"@type\":\"PropertyValueSpecification\",\"valueRequired\":true,\"valueName\":\"search_term_string\"}}],\"inLanguage\":\"es\"},{\"@type\":\"Organization\",\"@id\":\"https:\/\/pfeifenundzigarren.de\/#organization\",\"name\":\"Der beste Onlineshop f\u00fcr Pfeifen und Zigarrenzubeh\u00f6r in Deutschland\",\"url\":\"https:\/\/pfeifenundzigarren.de\/\",\"logo\":{\"@type\":\"ImageObject\",\"inLanguage\":\"es\",\"@id\":\"https:\/\/pfeifenundzigarren.de\/#\/schema\/logo\/image\/\",\"url\":\"https:\/\/pfeifenundzigarren.de\/wp-content\/uploads\/2024\/09\/cropped-Luxury-and-Vintage-Ornamental-Coffee-Shop-Logo.png\",\"contentUrl\":\"https:\/\/pfeifenundzigarren.de\/wp-content\/uploads\/2024\/09\/cropped-Luxury-and-Vintage-Ornamental-Coffee-Shop-Logo.png\",\"width\":512,\"height\":512,\"caption\":\"Der beste Onlineshop f\u00fcr Pfeifen und Zigarrenzubeh\u00f6r in Deutschland\"},\"image\":{\"@id\":\"https:\/\/pfeifenundzigarren.de\/#\/schema\/logo\/image\/\"}}]}<\/script>\n<!-- \/ Yoast SEO Premium plugin. -->","yoast_head_json":{"title":"drehbarer Pfeifenst\u00e4nder aus Massivholz - Der beste Onlineshop f\u00fcr Pfeifen und Zigarrenzubeh\u00f6r in Deutschland","robots":{"index":"index","follow":"follow","max-snippet":"max-snippet:-1","max-image-preview":"max-image-preview:large","max-video-preview":"max-video-preview:-1"},"canonical":"https:\/\/pfeifenundzigarren.de\/es\/Produkt\/drehbarer-pfeifenstaender-aus-massivholz\/","og_locale":"es_ES","og_type":"article","og_title":"drehbarer Pfeifenst\u00e4nder aus Massivholz","og_description":"Dieser drehbare Pfeifenst\u00e4nder wurde von unserem Kunsthandwerker Theo gefertigt, der die warme Textur von traditionellem Massivholz mit einem modernen Drehmechanismus","og_url":"https:\/\/pfeifenundzigarren.de\/es\/Produkt\/drehbarer-pfeifenstaender-aus-massivholz\/","og_site_name":"Der beste Onlineshop f\u00fcr Pfeifen und Zigarrenzubeh\u00f6r in Deutschland","article_modified_time":"2025-10-08T08:11:42+00:00","og_image":[{"width":750,"height":750,"url":"https:\/\/pfeifenundzigarren.de\/wp-content\/uploads\/2025\/09\/TB1eOjjpbYI8KJjy0FaXXbAiVXa_0-item_pic.webp","type":"image\/webp"}],"twitter_card":"summary_large_image","twitter_misc":{"Tiempo de lectura":"1 minuto"},"schema":{"@context":"https:\/\/schema.org","@graph":[{"@type":"WebPage","@id":"https:\/\/pfeifenundzigarren.de\/Produkt\/drehbarer-pfeifenstaender-aus-massivholz\/","url":"https:\/\/pfeifenundzigarren.de\/Produkt\/drehbarer-pfeifenstaender-aus-massivholz\/","name":"drehbarer Pfeifenst\u00e4nder aus Massivholz - Der beste Onlineshop f\u00fcr Pfeifen und Zigarrenzubeh\u00f6r in Deutschland","isPartOf":{"@id":"https:\/\/pfeifenundzigarren.de\/#website"},"primaryImageOfPage":{"@id":"https:\/\/pfeifenundzigarren.de\/Produkt\/drehbarer-pfeifenstaender-aus-massivholz\/#primaryimage"},"image":{"@id":"https:\/\/pfeifenundzigarren.de\/Produkt\/drehbarer-pfeifenstaender-aus-massivholz\/#primaryimage"},"thumbnailUrl":"https:\/\/pfeifenundzigarren.de\/wp-content\/uploads\/2025\/09\/TB1eOjjpbYI8KJjy0FaXXbAiVXa_0-item_pic.webp","datePublished":"2025-09-27T03:09:17+00:00","dateModified":"2025-10-08T08:11:42+00:00","breadcrumb":{"@id":"https:\/\/pfeifenundzigarren.de\/Produkt\/drehbarer-pfeifenstaender-aus-massivholz\/#breadcrumb"},"inLanguage":"es","potentialAction":[{"@type":"ReadAction","target":["https:\/\/pfeifenundzigarren.de\/Produkt\/drehbarer-pfeifenstaender-aus-massivholz\/"]}]},{"@type":"ImageObject","inLanguage":"es","@id":"https:\/\/pfeifenundzigarren.de\/Produkt\/drehbarer-pfeifenstaender-aus-massivholz\/#primaryimage","url":"https:\/\/pfeifenundzigarren.de\/wp-content\/uploads\/2025\/09\/TB1eOjjpbYI8KJjy0FaXXbAiVXa_0-item_pic.webp","contentUrl":"https:\/\/pfeifenundzigarren.de\/wp-content\/uploads\/2025\/09\/TB1eOjjpbYI8KJjy0FaXXbAiVXa_0-item_pic.webp","width":750,"height":750,"caption":"drehbarer Pfeifenst\u00e4nder aus Massivholz"},{"@type":"BreadcrumbList","@id":"https:\/\/pfeifenundzigarren.de\/Produkt\/drehbarer-pfeifenstaender-aus-massivholz\/#breadcrumb","itemListElement":[{"@type":"ListItem","position":1,"name":"Home","item":"https:\/\/pfeifenundzigarren.de\/"},{"@type":"ListItem","position":2,"name":"Shop","item":"https:\/\/pfeifenundzigarren.de\/shop\/"},{"@type":"ListItem","position":3,"name":"drehbarer Pfeifenst\u00e4nder aus Massivholz"}]},{"@type":"WebSite","@id":"https:\/\/pfeifenundzigarren.de\/#website","url":"https:\/\/pfeifenundzigarren.de\/","name":"La mejor tienda en l\u00ednea de pipas y accesorios para puros de Alemania","description":"","publisher":{"@id":"https:\/\/pfeifenundzigarren.de\/#organization"},"potentialAction":[{"@type":"SearchAction","target":{"@type":"EntryPoint","urlTemplate":"https:\/\/pfeifenundzigarren.de\/?s={search_term_string}"},"query-input":{"@type":"PropertyValueSpecification","valueRequired":true,"valueName":"search_term_string"}}],"inLanguage":"es"},{"@type":"Organization","@id":"https:\/\/pfeifenundzigarren.de\/#organization","name":"La mejor tienda en l\u00ednea de pipas y accesorios para puros de Alemania","url":"https:\/\/pfeifenundzigarren.de\/","logo":{"@type":"ImageObject","inLanguage":"es","@id":"https:\/\/pfeifenundzigarren.de\/#\/schema\/logo\/image\/","url":"https:\/\/pfeifenundzigarren.de\/wp-content\/uploads\/2024\/09\/cropped-Luxury-and-Vintage-Ornamental-Coffee-Shop-Logo.png","contentUrl":"https:\/\/pfeifenundzigarren.de\/wp-content\/uploads\/2024\/09\/cropped-Luxury-and-Vintage-Ornamental-Coffee-Shop-Logo.png","width":512,"height":512,"caption":"Der beste Onlineshop f\u00fcr Pfeifen und Zigarrenzubeh\u00f6r in Deutschland"},"image":{"@id":"https:\/\/pfeifenundzigarren.de\/#\/schema\/logo\/image\/"}}]}},"_links":{"self":[{"href":"https:\/\/pfeifenundzigarren.de\/es\/wp-json\/wp\/v2\/product\/9029","targetHints":{"allow":["GET"]}}],"collection":[{"href":"https:\/\/pfeifenundzigarren.de\/es\/wp-json\/wp\/v2\/product"}],"about":[{"href":"https:\/\/pfeifenundzigarren.de\/es\/wp-json\/wp\/v2\/types\/product"}],"replies":[{"embeddable":true,"href":"https:\/\/pfeifenundzigarren.de\/es\/wp-json\/wp\/v2\/comments?post=9029"}],"version-history":[{"count":0,"href":"https:\/\/pfeifenundzigarren.de\/es\/wp-json\/wp\/v2\/product\/9029\/revisions"}],"wp:featuredmedia":[{"embeddable":true,"href":"https:\/\/pfeifenundzigarren.de\/es\/wp-json\/wp\/v2\/media\/9030"}],"wp:attachment":[{"href":"https:\/\/pfeifenundzigarren.de\/es\/wp-json\/wp\/v2\/media?parent=9029"}],"wp:term":[{"taxonomy":"product_brand","embeddable":true,"href":"https:\/\/pfeifenundzigarren.de\/es\/wp-json\/wp\/v2\/product_brand?post=9029"},{"taxonomy":"product_cat","embeddable":true,"href":"https:\/\/pfeifenundzigarren.de\/es\/wp-json\/wp\/v2\/product_cat?post=9029"},{"taxonomy":"product_tag","embeddable":true,"href":"https:\/\/pfeifenundzigarren.de\/es\/wp-json\/wp\/v2\/product_tag?post=9029"}],"curies":[{"name":"wp","href":"https:\/\/api.w.org\/{rel}","templated":true}]}}