{"id":8871,"date":"2025-09-26T03:51:42","date_gmt":"2025-09-26T01:51:42","guid":{"rendered":"https:\/\/pfeifenundzigarren.de\/Produkt\/bruyere-rhodesian-pfeife\/"},"modified":"2026-02-08T02:56:19","modified_gmt":"2026-02-08T01:56:19","slug":"bruyere-rhodesian-pfeife","status":"publish","type":"product","link":"https:\/\/pfeifenundzigarren.de\/es\/Produkt\/bruyere-rhodesian-pfeife\/","title":{"rendered":"Pipa rodesiana de brezo"},"content":{"rendered":"<ul class=\"marker:text-quiet list-disc\">\n<li class=\"py-0 my-0 prose-p:pt-0 prose-p:mb-2 prose-p:my-0 [&amp;&gt;p]:pt-0 [&amp;&gt;p]:mb-2 [&amp;&gt;p]:my-0 animate-in fade-in-25 duration-700\">\n<p class=\"my-2 [&amp;+p]:mt-4 [&amp;_strong:has(+br)]:inline-block [&amp;_strong:has(+br)]:pb-2 animate-in fade-in-25 duration-700\">Longitud total: 128 mm<\/p>\n<\/li>\n<li class=\"py-0 my-0 prose-p:pt-0 prose-p:mb-2 prose-p:my-0 [&amp;&gt;p]:pt-0 [&amp;&gt;p]:mb-2 [&amp;&gt;p]:my-0 animate-in fade-in-25 duration-700\">\n<p class=\"my-2 [&amp;+p]:mt-4 [&amp;_strong:has(+br)]:inline-block [&amp;_strong:has(+br)]:pb-2 animate-in fade-in-25 duration-700\">Altura de la cabeza: 37 mm<\/p>\n<\/li>\n<li class=\"py-0 my-0 prose-p:pt-0 prose-p:mb-2 prose-p:my-0 [&amp;&gt;p]:pt-0 [&amp;&gt;p]:mb-2 [&amp;&gt;p]:my-0 animate-in fade-in-25 duration-700\">\n<p class=\"my-2 [&amp;+p]:mt-4 [&amp;_strong:has(+br)]:inline-block [&amp;_strong:has(+br)]:pb-2 animate-in fade-in-25 duration-700\">Profundidad de la cabeza: 27 mm<\/p>\n<\/li>\n<li class=\"py-0 my-0 prose-p:pt-0 prose-p:mb-2 prose-p:my-0 [&amp;&gt;p]:pt-0 [&amp;&gt;p]:mb-2 [&amp;&gt;p]:my-0 animate-in fade-in-25 duration-700\">\n<p class=\"my-2 [&amp;+p]:mt-4 [&amp;_strong:has(+br)]:inline-block [&amp;_strong:has(+br)]:pb-2 animate-in fade-in-25 duration-700\">Di\u00e1metro interior (c\u00e1mara de tabaco): 19 mm<\/p>\n<\/li>\n<li class=\"py-0 my-0 prose-p:pt-0 prose-p:mb-2 prose-p:my-0 [&amp;&gt;p]:pt-0 [&amp;&gt;p]:mb-2 [&amp;&gt;p]:my-0 animate-in fade-in-25 duration-700\">\n<p class=\"my-2 [&amp;+p]:mt-4 [&amp;_strong:has(+br)]:inline-block [&amp;_strong:has(+br)]:pb-2 animate-in fade-in-25 duration-700\">Di\u00e1metro exterior (cazoleta): 28 mm<\/p>\n<\/li>\n<li class=\"py-0 my-0 prose-p:pt-0 prose-p:mb-2 prose-p:my-0 [&amp;&gt;p]:pt-0 [&amp;&gt;p]:mb-2 [&amp;&gt;p]:my-0 animate-in fade-in-25 duration-700\">\n<p class=\"my-2 [&amp;+p]:mt-4 [&amp;_strong:has(+br)]:inline-block [&amp;_strong:has(+br)]:pb-2 animate-in fade-in-25 duration-700\">Longitud de la boquilla: 55 mm<\/p>\n<\/li>\n<li class=\"py-0 my-0 prose-p:pt-0 prose-p:mb-2 prose-p:my-0 [&amp;&gt;p]:pt-0 [&amp;&gt;p]:mb-2 [&amp;&gt;p]:my-0 animate-in fade-in-25 duration-700\">\n<p class=\"my-2 [&amp;+p]:mt-4 [&amp;_strong:has(+br)]:inline-block [&amp;_strong:has(+br)]:pb-2 animate-in fade-in-25 duration-700\">Di\u00e1metro del canal de humo: 3 mm<\/p>\n<\/li>\n<li>Tipo: <a href=\"https:\/\/pfeifenundzigarren.de\/es\/produktkategorie\/pfeife\/holz-pfeife\/bruyere-pfeifen\/\">Tubo de brezo<\/a><\/li>\n<\/ul>\n<p><img decoding=\"async\" src=\"https:\/\/pfeifenundzigarren.de\/wp-content\/uploads\/2025\/09\/O1CN01z6LejL2GtwkVImj1B_2119809074.webp\" alt=\"\"><\/p>\n<p><img decoding=\"async\" src=\"https:\/\/pfeifenundzigarren.de\/wp-content\/uploads\/2025\/09\/O1CN01DS1aih2GtwkaC9zWY_2119809074.webp\" alt=\"\"><\/p>\n<p><img decoding=\"async\" src=\"https:\/\/pfeifenundzigarren.de\/wp-content\/uploads\/2025\/09\/O1CN01p4cWsm2GtwkX6EsIm_2119809074.webp\" alt=\"\"><\/p>\n<p><img decoding=\"async\" src=\"https:\/\/pfeifenundzigarren.de\/wp-content\/uploads\/2025\/09\/O1CN01Tf2XXB2GtwkTfUtQG_2119809074.webp\" alt=\"\"><\/p>\n<p><img decoding=\"async\" src=\"https:\/\/pfeifenundzigarren.de\/wp-content\/uploads\/2025\/09\/O1CN01SeWEAV2GtwkX6HYiy_2119809074.webp\" alt=\"\"><\/p>\n<p>&nbsp;<\/p>","protected":false},"excerpt":{"rendered":"<p>Longitud total: 128 mm Altura de la cazoleta: 37 mm Profundidad de la cazoleta: 27 mm Di\u00e1metro interior (c\u00e1mara de tabaco): 19 mm Di\u00e1metro exterior (cazoleta): 28 mm Longitud de la boquilla: 55 mm Di\u00e1metro del canal de humo: 3 mm Tipo: Pipa de brezo<\/p>","protected":false},"featured_media":8879,"comment_status":"open","ping_status":"closed","template":"","meta":[],"product_brand":[],"product_cat":[70,825],"product_tag":[],"class_list":{"0":"post-8871","1":"product","2":"type-product","3":"status-publish","4":"has-post-thumbnail","6":"product_cat-pfeife","7":"product_cat-rhodesian-pfeifen","9":"first","10":"instock","11":"shipping-taxable","12":"purchasable","13":"product-type-variable","14":"wvs-archive-product-wrapper"},"yoast_head":"<!-- This site is optimized with the Yoast SEO Premium plugin v26.7 (Yoast SEO v26.7) - https:\/\/yoast.com\/wordpress\/plugins\/seo\/ -->\n<title>Bruy\u00e8re Rhodesian Pfeife - Der beste Onlineshop f\u00fcr Pfeifen und Zigarrenzubeh\u00f6r in Deutschland<\/title>\n<meta name=\"robots\" content=\"index, follow, max-snippet:-1, max-image-preview:large, max-video-preview:-1\" \/>\n<link rel=\"canonical\" href=\"https:\/\/pfeifenundzigarren.de\/es\/Produkt\/bruyere-rhodesian-pfeife\/\" \/>\n<meta property=\"og:locale\" content=\"es_ES\" \/>\n<meta property=\"og:type\" content=\"article\" \/>\n<meta property=\"og:title\" content=\"Bruy\u00e8re Rhodesian Pfeife\" \/>\n<meta property=\"og:description\" content=\"Gesamtl\u00e4nge: 128 mm Kopfh\u00f6he: 37 mm Kopftiefe:\u00a027 mm Innendurchmesser (Tabakkammer):\u00a019 mm Au\u00dfendurchmesser (Pfeifenkopf):\u00a028 mm Mundst\u00fcckl\u00e4nge: 55\u00a0mm Rauchkanaldurchmesser:\u00a03 mm Typ: Bruy\u00e8repfeife\" \/>\n<meta property=\"og:url\" content=\"https:\/\/pfeifenundzigarren.de\/es\/Produkt\/bruyere-rhodesian-pfeife\/\" \/>\n<meta property=\"og:site_name\" content=\"Der beste Onlineshop f\u00fcr Pfeifen und Zigarrenzubeh\u00f6r in Deutschland\" \/>\n<meta property=\"article:modified_time\" content=\"2026-02-08T01:56:19+00:00\" \/>\n<meta property=\"og:image\" content=\"https:\/\/pfeifenundzigarren.de\/wp-content\/uploads\/2025\/09\/O1CN01s9NFwI2GtwkL0MCW4_0-item_pic.webp\" \/>\n\t<meta property=\"og:image:width\" content=\"800\" \/>\n\t<meta property=\"og:image:height\" content=\"800\" \/>\n\t<meta property=\"og:image:type\" content=\"image\/webp\" \/>\n<meta name=\"twitter:card\" content=\"summary_large_image\" \/>\n<script type=\"application\/ld+json\" class=\"yoast-schema-graph\">{\"@context\":\"https:\/\/schema.org\",\"@graph\":[{\"@type\":\"WebPage\",\"@id\":\"https:\/\/pfeifenundzigarren.de\/Produkt\/bruyere-rhodesian-pfeife\/\",\"url\":\"https:\/\/pfeifenundzigarren.de\/Produkt\/bruyere-rhodesian-pfeife\/\",\"name\":\"Bruy\u00e8re Rhodesian Pfeife - Der beste Onlineshop f\u00fcr Pfeifen und Zigarrenzubeh\u00f6r in Deutschland\",\"isPartOf\":{\"@id\":\"https:\/\/pfeifenundzigarren.de\/#website\"},\"primaryImageOfPage\":{\"@id\":\"https:\/\/pfeifenundzigarren.de\/Produkt\/bruyere-rhodesian-pfeife\/#primaryimage\"},\"image\":{\"@id\":\"https:\/\/pfeifenundzigarren.de\/Produkt\/bruyere-rhodesian-pfeife\/#primaryimage\"},\"thumbnailUrl\":\"https:\/\/pfeifenundzigarren.de\/wp-content\/uploads\/2025\/09\/O1CN01s9NFwI2GtwkL0MCW4_0-item_pic.webp\",\"datePublished\":\"2025-09-26T01:51:42+00:00\",\"dateModified\":\"2026-02-08T01:56:19+00:00\",\"breadcrumb\":{\"@id\":\"https:\/\/pfeifenundzigarren.de\/Produkt\/bruyere-rhodesian-pfeife\/#breadcrumb\"},\"inLanguage\":\"es\",\"potentialAction\":[{\"@type\":\"ReadAction\",\"target\":[\"https:\/\/pfeifenundzigarren.de\/Produkt\/bruyere-rhodesian-pfeife\/\"]}]},{\"@type\":\"ImageObject\",\"inLanguage\":\"es\",\"@id\":\"https:\/\/pfeifenundzigarren.de\/Produkt\/bruyere-rhodesian-pfeife\/#primaryimage\",\"url\":\"https:\/\/pfeifenundzigarren.de\/wp-content\/uploads\/2025\/09\/O1CN01s9NFwI2GtwkL0MCW4_0-item_pic.webp\",\"contentUrl\":\"https:\/\/pfeifenundzigarren.de\/wp-content\/uploads\/2025\/09\/O1CN01s9NFwI2GtwkL0MCW4_0-item_pic.webp\",\"width\":800,\"height\":800},{\"@type\":\"BreadcrumbList\",\"@id\":\"https:\/\/pfeifenundzigarren.de\/Produkt\/bruyere-rhodesian-pfeife\/#breadcrumb\",\"itemListElement\":[{\"@type\":\"ListItem\",\"position\":1,\"name\":\"Home\",\"item\":\"https:\/\/pfeifenundzigarren.de\/\"},{\"@type\":\"ListItem\",\"position\":2,\"name\":\"Shop\",\"item\":\"https:\/\/pfeifenundzigarren.de\/shop\/\"},{\"@type\":\"ListItem\",\"position\":3,\"name\":\"Bruy\u00e8re Rhodesian Pfeife\"}]},{\"@type\":\"WebSite\",\"@id\":\"https:\/\/pfeifenundzigarren.de\/#website\",\"url\":\"https:\/\/pfeifenundzigarren.de\/\",\"name\":\"Der beste Onlineshop f\u00fcr Pfeifen und Zigarrenzubeh\u00f6r in Deutschland\",\"description\":\"\",\"publisher\":{\"@id\":\"https:\/\/pfeifenundzigarren.de\/#organization\"},\"potentialAction\":[{\"@type\":\"SearchAction\",\"target\":{\"@type\":\"EntryPoint\",\"urlTemplate\":\"https:\/\/pfeifenundzigarren.de\/?s={search_term_string}\"},\"query-input\":{\"@type\":\"PropertyValueSpecification\",\"valueRequired\":true,\"valueName\":\"search_term_string\"}}],\"inLanguage\":\"es\"},{\"@type\":\"Organization\",\"@id\":\"https:\/\/pfeifenundzigarren.de\/#organization\",\"name\":\"Der beste Onlineshop f\u00fcr Pfeifen und Zigarrenzubeh\u00f6r in Deutschland\",\"url\":\"https:\/\/pfeifenundzigarren.de\/\",\"logo\":{\"@type\":\"ImageObject\",\"inLanguage\":\"es\",\"@id\":\"https:\/\/pfeifenundzigarren.de\/#\/schema\/logo\/image\/\",\"url\":\"https:\/\/pfeifenundzigarren.de\/wp-content\/uploads\/2024\/09\/cropped-Luxury-and-Vintage-Ornamental-Coffee-Shop-Logo.png\",\"contentUrl\":\"https:\/\/pfeifenundzigarren.de\/wp-content\/uploads\/2024\/09\/cropped-Luxury-and-Vintage-Ornamental-Coffee-Shop-Logo.png\",\"width\":512,\"height\":512,\"caption\":\"Der beste Onlineshop f\u00fcr Pfeifen und Zigarrenzubeh\u00f6r in Deutschland\"},\"image\":{\"@id\":\"https:\/\/pfeifenundzigarren.de\/#\/schema\/logo\/image\/\"}}]}<\/script>\n<!-- \/ Yoast SEO Premium plugin. -->","yoast_head_json":{"title":"Bruy\u00e8re Rhodesian Pfeife - Der beste Onlineshop f\u00fcr Pfeifen und Zigarrenzubeh\u00f6r in Deutschland","robots":{"index":"index","follow":"follow","max-snippet":"max-snippet:-1","max-image-preview":"max-image-preview:large","max-video-preview":"max-video-preview:-1"},"canonical":"https:\/\/pfeifenundzigarren.de\/es\/Produkt\/bruyere-rhodesian-pfeife\/","og_locale":"es_ES","og_type":"article","og_title":"Bruy\u00e8re Rhodesian Pfeife","og_description":"Gesamtl\u00e4nge: 128 mm Kopfh\u00f6he: 37 mm Kopftiefe:\u00a027 mm Innendurchmesser (Tabakkammer):\u00a019 mm Au\u00dfendurchmesser (Pfeifenkopf):\u00a028 mm Mundst\u00fcckl\u00e4nge: 55\u00a0mm Rauchkanaldurchmesser:\u00a03 mm Typ: Bruy\u00e8repfeife","og_url":"https:\/\/pfeifenundzigarren.de\/es\/Produkt\/bruyere-rhodesian-pfeife\/","og_site_name":"Der beste Onlineshop f\u00fcr Pfeifen und Zigarrenzubeh\u00f6r in Deutschland","article_modified_time":"2026-02-08T01:56:19+00:00","og_image":[{"width":800,"height":800,"url":"https:\/\/pfeifenundzigarren.de\/wp-content\/uploads\/2025\/09\/O1CN01s9NFwI2GtwkL0MCW4_0-item_pic.webp","type":"image\/webp"}],"twitter_card":"summary_large_image","schema":{"@context":"https:\/\/schema.org","@graph":[{"@type":"WebPage","@id":"https:\/\/pfeifenundzigarren.de\/Produkt\/bruyere-rhodesian-pfeife\/","url":"https:\/\/pfeifenundzigarren.de\/Produkt\/bruyere-rhodesian-pfeife\/","name":"Bruy\u00e8re Rhodesian Pfeife - Der beste Onlineshop f\u00fcr Pfeifen und Zigarrenzubeh\u00f6r in Deutschland","isPartOf":{"@id":"https:\/\/pfeifenundzigarren.de\/#website"},"primaryImageOfPage":{"@id":"https:\/\/pfeifenundzigarren.de\/Produkt\/bruyere-rhodesian-pfeife\/#primaryimage"},"image":{"@id":"https:\/\/pfeifenundzigarren.de\/Produkt\/bruyere-rhodesian-pfeife\/#primaryimage"},"thumbnailUrl":"https:\/\/pfeifenundzigarren.de\/wp-content\/uploads\/2025\/09\/O1CN01s9NFwI2GtwkL0MCW4_0-item_pic.webp","datePublished":"2025-09-26T01:51:42+00:00","dateModified":"2026-02-08T01:56:19+00:00","breadcrumb":{"@id":"https:\/\/pfeifenundzigarren.de\/Produkt\/bruyere-rhodesian-pfeife\/#breadcrumb"},"inLanguage":"es","potentialAction":[{"@type":"ReadAction","target":["https:\/\/pfeifenundzigarren.de\/Produkt\/bruyere-rhodesian-pfeife\/"]}]},{"@type":"ImageObject","inLanguage":"es","@id":"https:\/\/pfeifenundzigarren.de\/Produkt\/bruyere-rhodesian-pfeife\/#primaryimage","url":"https:\/\/pfeifenundzigarren.de\/wp-content\/uploads\/2025\/09\/O1CN01s9NFwI2GtwkL0MCW4_0-item_pic.webp","contentUrl":"https:\/\/pfeifenundzigarren.de\/wp-content\/uploads\/2025\/09\/O1CN01s9NFwI2GtwkL0MCW4_0-item_pic.webp","width":800,"height":800},{"@type":"BreadcrumbList","@id":"https:\/\/pfeifenundzigarren.de\/Produkt\/bruyere-rhodesian-pfeife\/#breadcrumb","itemListElement":[{"@type":"ListItem","position":1,"name":"Home","item":"https:\/\/pfeifenundzigarren.de\/"},{"@type":"ListItem","position":2,"name":"Shop","item":"https:\/\/pfeifenundzigarren.de\/shop\/"},{"@type":"ListItem","position":3,"name":"Bruy\u00e8re Rhodesian Pfeife"}]},{"@type":"WebSite","@id":"https:\/\/pfeifenundzigarren.de\/#website","url":"https:\/\/pfeifenundzigarren.de\/","name":"La mejor tienda en l\u00ednea de pipas y accesorios para puros de Alemania","description":"","publisher":{"@id":"https:\/\/pfeifenundzigarren.de\/#organization"},"potentialAction":[{"@type":"SearchAction","target":{"@type":"EntryPoint","urlTemplate":"https:\/\/pfeifenundzigarren.de\/?s={search_term_string}"},"query-input":{"@type":"PropertyValueSpecification","valueRequired":true,"valueName":"search_term_string"}}],"inLanguage":"es"},{"@type":"Organization","@id":"https:\/\/pfeifenundzigarren.de\/#organization","name":"La mejor tienda en l\u00ednea de pipas y accesorios para puros de Alemania","url":"https:\/\/pfeifenundzigarren.de\/","logo":{"@type":"ImageObject","inLanguage":"es","@id":"https:\/\/pfeifenundzigarren.de\/#\/schema\/logo\/image\/","url":"https:\/\/pfeifenundzigarren.de\/wp-content\/uploads\/2024\/09\/cropped-Luxury-and-Vintage-Ornamental-Coffee-Shop-Logo.png","contentUrl":"https:\/\/pfeifenundzigarren.de\/wp-content\/uploads\/2024\/09\/cropped-Luxury-and-Vintage-Ornamental-Coffee-Shop-Logo.png","width":512,"height":512,"caption":"Der beste Onlineshop f\u00fcr Pfeifen und Zigarrenzubeh\u00f6r in Deutschland"},"image":{"@id":"https:\/\/pfeifenundzigarren.de\/#\/schema\/logo\/image\/"}}]}},"_links":{"self":[{"href":"https:\/\/pfeifenundzigarren.de\/es\/wp-json\/wp\/v2\/product\/8871","targetHints":{"allow":["GET"]}}],"collection":[{"href":"https:\/\/pfeifenundzigarren.de\/es\/wp-json\/wp\/v2\/product"}],"about":[{"href":"https:\/\/pfeifenundzigarren.de\/es\/wp-json\/wp\/v2\/types\/product"}],"replies":[{"embeddable":true,"href":"https:\/\/pfeifenundzigarren.de\/es\/wp-json\/wp\/v2\/comments?post=8871"}],"version-history":[{"count":1,"href":"https:\/\/pfeifenundzigarren.de\/es\/wp-json\/wp\/v2\/product\/8871\/revisions"}],"predecessor-version":[{"id":10487,"href":"https:\/\/pfeifenundzigarren.de\/es\/wp-json\/wp\/v2\/product\/8871\/revisions\/10487"}],"wp:featuredmedia":[{"embeddable":true,"href":"https:\/\/pfeifenundzigarren.de\/es\/wp-json\/wp\/v2\/media\/8879"}],"wp:attachment":[{"href":"https:\/\/pfeifenundzigarren.de\/es\/wp-json\/wp\/v2\/media?parent=8871"}],"wp:term":[{"taxonomy":"product_brand","embeddable":true,"href":"https:\/\/pfeifenundzigarren.de\/es\/wp-json\/wp\/v2\/product_brand?post=8871"},{"taxonomy":"product_cat","embeddable":true,"href":"https:\/\/pfeifenundzigarren.de\/es\/wp-json\/wp\/v2\/product_cat?post=8871"},{"taxonomy":"product_tag","embeddable":true,"href":"https:\/\/pfeifenundzigarren.de\/es\/wp-json\/wp\/v2\/product_tag?post=8871"}],"curies":[{"name":"wp","href":"https:\/\/api.w.org\/{rel}","templated":true}]}}