{"id":8574,"date":"2025-09-26T03:14:36","date_gmt":"2025-09-26T01:14:36","guid":{"rendered":"https:\/\/pfeifenundzigarren.de\/Produkt\/designer-freehand-pfeife\/"},"modified":"2026-03-09T09:28:51","modified_gmt":"2026-03-09T08:28:51","slug":"designer-freehand-pfeife","status":"publish","type":"product","link":"https:\/\/pfeifenundzigarren.de\/es\/Produkt\/designer-freehand-pfeife\/","title":{"rendered":"Dise\u00f1ador de tuber\u00edas a mano alzada"},"content":{"rendered":"<div class=\"flex border-subtlest ring-subtlest divide-subtlest bg-transparent\">\n<div class=\"min-w-full\">\n<div class=\"gap-sm grid grid-cols-3 md:grid-cols-4 md:px-0 [&amp;&gt;*:nth-child(4)]:hidden md:[&amp;&gt;*:nth-child(4)]:block\">\n<div class=\"min-w-0\">\n<div class=\"size-full\" data-state=\"closed\" aria-label=\"imagen.jpg\">\n<div class=\"group relative flex w-full items-stretch h-full cursor-pointer\">\n<div class=\"flex w-full rounded-lg border-subtlest ring-subtlest divide-subtlest bg-subtler\">\n<div class=\"w-full relative max-h-[76px]\">\n<div class=\"w-full h-full p-xs\"><\/div>\n<\/div>\n<\/div>\n<\/div>\n<\/div>\n<\/div>\n<\/div>\n<\/div>\n<\/div>\n<div class=\"gap-y-lg mt-3 flex flex-col first:mt-0\">\n<div class=\"border-subtlest ring-subtlest divide-subtlest bg-transparent\">\n<div class=\"gap-y-sm md:gap-y-md flex flex-col\">\n<div class=\"relative font-sans text-base text-foreground selection:bg-super\/50 selection:text-foreground dark:selection:bg-super\/10 dark:selection:text-super\">\n<div class=\"min-w-0 break-words [word-break:break-word]\">\n<div id=\"markdown-content-48\" class=\"gap-y-md after:clear-both after:block after:content-['']\" dir=\"auto\">\n<div class=\"my-2 first:mt-0 [&amp;:has([data-inline-type=image])+&amp;:has([data-inline-type=image])_[data-inline-type=image]]:hidden [&amp;:has(table)_[data-inline-type=image]]:hidden\">\n<div class=\"relative\">\n<div class=\"prose text-pretty dark:prose-invert inline leading-relaxed break-words min-w-0 [word-break:break-word] prose-strong:font-medium\">\n<ul class=\"marker:text-quiet list-disc\">\n<li class=\"py-0 my-0 prose-p:pt-0 prose-p:mb-2 prose-p:my-0 [&amp;&gt;p]:pt-0 [&amp;&gt;p]:mb-2 [&amp;&gt;p]:my-0\">\n<p class=\"my-2 [&amp;+p]:mt-4 [&amp;_strong:has(+br)]:inline-block [&amp;_strong:has(+br)]:pb-2\">Longitud total del tubo: 135 mm<\/p>\n<\/li>\n<li class=\"py-0 my-0 prose-p:pt-0 prose-p:mb-2 prose-p:my-0 [&amp;&gt;p]:pt-0 [&amp;&gt;p]:mb-2 [&amp;&gt;p]:my-0\">\n<p class=\"my-2 [&amp;+p]:mt-4 [&amp;_strong:has(+br)]:inline-block [&amp;_strong:has(+br)]:pb-2\">Altura de la cazoleta: 41 mm<\/p>\n<\/li>\n<li class=\"py-0 my-0 prose-p:pt-0 prose-p:mb-2 prose-p:my-0 [&amp;&gt;p]:pt-0 [&amp;&gt;p]:mb-2 [&amp;&gt;p]:my-0\">\n<p class=\"my-2 [&amp;+p]:mt-4 [&amp;_strong:has(+br)]:inline-block [&amp;_strong:has(+br)]:pb-2\">Profundidad de la c\u00e1mara de combusti\u00f3n: 33 mm<\/p>\n<\/li>\n<li class=\"py-0 my-0 prose-p:pt-0 prose-p:mb-2 prose-p:my-0 [&amp;&gt;p]:pt-0 [&amp;&gt;p]:mb-2 [&amp;&gt;p]:my-0\">\n<p class=\"my-2 [&amp;+p]:mt-4 [&amp;_strong:has(+br)]:inline-block [&amp;_strong:has(+br)]:pb-2\">Di\u00e1metro interior de la c\u00e1mara de combusti\u00f3n: 22 mm<\/p>\n<\/li>\n<li class=\"py-0 my-0 prose-p:pt-0 prose-p:mb-2 prose-p:my-0 [&amp;&gt;p]:pt-0 [&amp;&gt;p]:mb-2 [&amp;&gt;p]:my-0\">\n<p class=\"my-2 [&amp;+p]:mt-4 [&amp;_strong:has(+br)]:inline-block [&amp;_strong:has(+br)]:pb-2\">Di\u00e1metro exterior de la c\u00e1mara de combusti\u00f3n: 40 mm<\/p>\n<\/li>\n<li class=\"py-0 my-0 prose-p:pt-0 prose-p:mb-2 prose-p:my-0 [&amp;&gt;p]:pt-0 [&amp;&gt;p]:mb-2 [&amp;&gt;p]:my-0\">\n<p class=\"my-2 [&amp;+p]:mt-4 [&amp;_strong:has(+br)]:inline-block [&amp;_strong:has(+br)]:pb-2\">Longitud de la boquilla: 54 mm<\/p>\n<\/li>\n<li class=\"py-0 my-0 prose-p:pt-0 prose-p:mb-2 prose-p:my-0 [&amp;&gt;p]:pt-0 [&amp;&gt;p]:mb-2 [&amp;&gt;p]:my-0\">\n<p class=\"my-2 [&amp;+p]:mt-4 [&amp;_strong:has(+br)]:inline-block [&amp;_strong:has(+br)]:pb-2\">Di\u00e1metro del canal de humo: 3 mm<\/p>\n<\/li>\n<li class=\"py-0 my-0 prose-p:pt-0 prose-p:mb-2 prose-p:my-0 [&amp;&gt;p]:pt-0 [&amp;&gt;p]:mb-2 [&amp;&gt;p]:my-0\">\n<p class=\"my-2 [&amp;+p]:mt-4 [&amp;_strong:has(+br)]:inline-block [&amp;_strong:has(+br)]:pb-2\">Tipo:\u00a0<a href=\"https:\/\/pfeifenundzigarren.de\/es\/produktkategorie\/pfeife\/freehand-pfeifen\/\">Tuber\u00edas a mano alzada<\/a><\/p>\n<\/li>\n<li class=\"py-0 my-0 prose-p:pt-0 prose-p:mb-2 prose-p:my-0 [&amp;&gt;p]:pt-0 [&amp;&gt;p]:mb-2 [&amp;&gt;p]:my-0\"><\/li>\n<\/ul>\n<\/div>\n<\/div>\n<\/div>\n<\/div>\n<\/div>\n<\/div>\n<\/div>\n<\/div>\n<\/div>\n<p><img decoding=\"async\" src=\"https:\/\/pfeifenundzigarren.de\/wp-content\/uploads\/2025\/09\/O1CN010IFxwr2Gtwufxwpqh_4611686018427385906-0-item_pic.webp\" alt=\"\"><\/p>\n<p><img decoding=\"async\" src=\"https:\/\/pfeifenundzigarren.de\/wp-content\/uploads\/2025\/09\/O1CN01u4dj3x2Gtwuey561Q_2119809074.webp\" alt=\"\"><\/p>\n<p><img decoding=\"async\" src=\"https:\/\/pfeifenundzigarren.de\/wp-content\/uploads\/2025\/09\/O1CN01weGaBc2GtwugfPPkF_2119809074.webp\" alt=\"\"><\/p>\n<p><img decoding=\"async\" src=\"https:\/\/pfeifenundzigarren.de\/wp-content\/uploads\/2025\/09\/O1CN01EurMie2GtwugfOoIv_2119809074.webp\" alt=\"\"><\/p>\n<p><img decoding=\"async\" src=\"https:\/\/pfeifenundzigarren.de\/wp-content\/uploads\/2025\/09\/O1CN01uYavKo2GtwugbyrcC_2119809074.webp\" alt=\"\"><\/p>\n<p><img decoding=\"async\" src=\"https:\/\/pfeifenundzigarren.de\/wp-content\/uploads\/2025\/09\/O1CN01Yj9iIs2GtwueqvXnp_2119809074.webp\" alt=\"\"><\/p>\n<p><img decoding=\"async\" src=\"https:\/\/pfeifenundzigarren.de\/wp-content\/uploads\/2025\/09\/O1CN01uTsjkz2GtwufYJYOq_2119809074.webp\" alt=\"\"><\/p>","protected":false},"excerpt":{"rendered":"<p>Longitud total del tubo: 135 mm Altura de la cazoleta: 41 mm Profundidad de la c\u00e1mara de combusti\u00f3n: 33 mm Di\u00e1metro interior de la c\u00e1mara de combusti\u00f3n: 22 mm Di\u00e1metro exterior de la c\u00e1mara de combusti\u00f3n: 22 mm<\/p>","protected":false},"featured_media":8583,"comment_status":"open","ping_status":"closed","template":"","meta":[],"product_brand":[],"product_cat":[823,74,70],"product_tag":[],"class_list":{"0":"post-8574","1":"product","2":"type-product","3":"status-publish","4":"has-post-thumbnail","6":"product_cat-3mm-filter-pfeifen","7":"product_cat-freehand-pfeifen","8":"product_cat-pfeife","10":"first","11":"instock","12":"sale","13":"shipping-taxable","14":"purchasable","15":"product-type-simple"},"yoast_head":"<!-- This site is optimized with the Yoast SEO Premium plugin v26.7 (Yoast SEO v27.4) - https:\/\/yoast.com\/product\/yoast-seo-premium-wordpress\/ -->\n<title>Designer Freehand Pfeife - Der beste Onlineshop f\u00fcr Pfeifen und Zigarrenzubeh\u00f6r in Deutschland<\/title>\n<meta name=\"robots\" content=\"index, follow, max-snippet:-1, max-image-preview:large, max-video-preview:-1\" \/>\n<link rel=\"canonical\" href=\"https:\/\/pfeifenundzigarren.de\/es\/Produkt\/designer-freehand-pfeife\/\" \/>\n<meta property=\"og:locale\" content=\"es_ES\" \/>\n<meta property=\"og:type\" content=\"article\" \/>\n<meta property=\"og:title\" content=\"Designer Freehand Pfeife\" \/>\n<meta property=\"og:description\" content=\"Gesamtl\u00e4nge der Pfeife: 135 mm H\u00f6he des Pfeifenkopfes: 41 mm Brennkammertiefe: 33 mm Innendurchmesser der Brennkammer: 22 mm Au\u00dfendurchmesser der\" \/>\n<meta property=\"og:url\" content=\"https:\/\/pfeifenundzigarren.de\/es\/Produkt\/designer-freehand-pfeife\/\" \/>\n<meta property=\"og:site_name\" content=\"Der beste Onlineshop f\u00fcr Pfeifen und Zigarrenzubeh\u00f6r in Deutschland\" \/>\n<meta property=\"article:modified_time\" content=\"2026-03-09T08:28:51+00:00\" \/>\n<meta property=\"og:image\" content=\"https:\/\/pfeifenundzigarren.de\/wp-content\/uploads\/2025\/09\/O1CN010IFxwr2Gtwufxwpqh_4611686018427385906-0-item_pic-1.webp\" \/>\n\t<meta property=\"og:image:width\" content=\"800\" \/>\n\t<meta property=\"og:image:height\" content=\"800\" \/>\n\t<meta property=\"og:image:type\" content=\"image\/webp\" \/>\n<meta name=\"twitter:card\" content=\"summary_large_image\" \/>\n<script type=\"application\/ld+json\" class=\"yoast-schema-graph\">{\"@context\":\"https:\\\/\\\/schema.org\",\"@graph\":[{\"@type\":\"WebPage\",\"@id\":\"https:\\\/\\\/pfeifenundzigarren.de\\\/Produkt\\\/designer-freehand-pfeife\\\/\",\"url\":\"https:\\\/\\\/pfeifenundzigarren.de\\\/Produkt\\\/designer-freehand-pfeife\\\/\",\"name\":\"Designer Freehand Pfeife - Der beste Onlineshop f\u00fcr Pfeifen und Zigarrenzubeh\u00f6r in Deutschland\",\"isPartOf\":{\"@id\":\"https:\\\/\\\/pfeifenundzigarren.de\\\/#website\"},\"primaryImageOfPage\":{\"@id\":\"https:\\\/\\\/pfeifenundzigarren.de\\\/Produkt\\\/designer-freehand-pfeife\\\/#primaryimage\"},\"image\":{\"@id\":\"https:\\\/\\\/pfeifenundzigarren.de\\\/Produkt\\\/designer-freehand-pfeife\\\/#primaryimage\"},\"thumbnailUrl\":\"https:\\\/\\\/pfeifenundzigarren.de\\\/wp-content\\\/uploads\\\/2025\\\/09\\\/O1CN010IFxwr2Gtwufxwpqh_4611686018427385906-0-item_pic-1.webp\",\"datePublished\":\"2025-09-26T01:14:36+00:00\",\"dateModified\":\"2026-03-09T08:28:51+00:00\",\"breadcrumb\":{\"@id\":\"https:\\\/\\\/pfeifenundzigarren.de\\\/Produkt\\\/designer-freehand-pfeife\\\/#breadcrumb\"},\"inLanguage\":\"es\",\"potentialAction\":[{\"@type\":\"ReadAction\",\"target\":[\"https:\\\/\\\/pfeifenundzigarren.de\\\/Produkt\\\/designer-freehand-pfeife\\\/\"]}]},{\"@type\":\"ImageObject\",\"inLanguage\":\"es\",\"@id\":\"https:\\\/\\\/pfeifenundzigarren.de\\\/Produkt\\\/designer-freehand-pfeife\\\/#primaryimage\",\"url\":\"https:\\\/\\\/pfeifenundzigarren.de\\\/wp-content\\\/uploads\\\/2025\\\/09\\\/O1CN010IFxwr2Gtwufxwpqh_4611686018427385906-0-item_pic-1.webp\",\"contentUrl\":\"https:\\\/\\\/pfeifenundzigarren.de\\\/wp-content\\\/uploads\\\/2025\\\/09\\\/O1CN010IFxwr2Gtwufxwpqh_4611686018427385906-0-item_pic-1.webp\",\"width\":800,\"height\":800,\"caption\":\"Designer Freehand Pfeife\"},{\"@type\":\"BreadcrumbList\",\"@id\":\"https:\\\/\\\/pfeifenundzigarren.de\\\/Produkt\\\/designer-freehand-pfeife\\\/#breadcrumb\",\"itemListElement\":[{\"@type\":\"ListItem\",\"position\":1,\"name\":\"Home\",\"item\":\"https:\\\/\\\/pfeifenundzigarren.de\\\/\"},{\"@type\":\"ListItem\",\"position\":2,\"name\":\"Shop\",\"item\":\"https:\\\/\\\/pfeifenundzigarren.de\\\/shop\\\/\"},{\"@type\":\"ListItem\",\"position\":3,\"name\":\"Designer Freehand Pfeife\"}]},{\"@type\":\"WebSite\",\"@id\":\"https:\\\/\\\/pfeifenundzigarren.de\\\/#website\",\"url\":\"https:\\\/\\\/pfeifenundzigarren.de\\\/\",\"name\":\"Der beste Onlineshop f\u00fcr Pfeifen und Zigarrenzubeh\u00f6r in Deutschland\",\"description\":\"\",\"publisher\":{\"@id\":\"https:\\\/\\\/pfeifenundzigarren.de\\\/#organization\"},\"potentialAction\":[{\"@type\":\"SearchAction\",\"target\":{\"@type\":\"EntryPoint\",\"urlTemplate\":\"https:\\\/\\\/pfeifenundzigarren.de\\\/?s={search_term_string}\"},\"query-input\":{\"@type\":\"PropertyValueSpecification\",\"valueRequired\":true,\"valueName\":\"search_term_string\"}}],\"inLanguage\":\"es\"},{\"@type\":\"Organization\",\"@id\":\"https:\\\/\\\/pfeifenundzigarren.de\\\/#organization\",\"name\":\"Der beste Onlineshop f\u00fcr Pfeifen und Zigarrenzubeh\u00f6r in Deutschland\",\"url\":\"https:\\\/\\\/pfeifenundzigarren.de\\\/\",\"logo\":{\"@type\":\"ImageObject\",\"inLanguage\":\"es\",\"@id\":\"https:\\\/\\\/pfeifenundzigarren.de\\\/#\\\/schema\\\/logo\\\/image\\\/\",\"url\":\"https:\\\/\\\/pfeifenundzigarren.de\\\/wp-content\\\/uploads\\\/2024\\\/09\\\/cropped-Luxury-and-Vintage-Ornamental-Coffee-Shop-Logo.png\",\"contentUrl\":\"https:\\\/\\\/pfeifenundzigarren.de\\\/wp-content\\\/uploads\\\/2024\\\/09\\\/cropped-Luxury-and-Vintage-Ornamental-Coffee-Shop-Logo.png\",\"width\":512,\"height\":512,\"caption\":\"Der beste Onlineshop f\u00fcr Pfeifen und Zigarrenzubeh\u00f6r in Deutschland\"},\"image\":{\"@id\":\"https:\\\/\\\/pfeifenundzigarren.de\\\/#\\\/schema\\\/logo\\\/image\\\/\"}}]}<\/script>\n<!-- \/ Yoast SEO Premium plugin. -->","yoast_head_json":{"title":"Designer Freehand Pfeife - Der beste Onlineshop f\u00fcr Pfeifen und Zigarrenzubeh\u00f6r in Deutschland","robots":{"index":"index","follow":"follow","max-snippet":"max-snippet:-1","max-image-preview":"max-image-preview:large","max-video-preview":"max-video-preview:-1"},"canonical":"https:\/\/pfeifenundzigarren.de\/es\/Produkt\/designer-freehand-pfeife\/","og_locale":"es_ES","og_type":"article","og_title":"Designer Freehand Pfeife","og_description":"Gesamtl\u00e4nge der Pfeife: 135 mm H\u00f6he des Pfeifenkopfes: 41 mm Brennkammertiefe: 33 mm Innendurchmesser der Brennkammer: 22 mm Au\u00dfendurchmesser der","og_url":"https:\/\/pfeifenundzigarren.de\/es\/Produkt\/designer-freehand-pfeife\/","og_site_name":"Der beste Onlineshop f\u00fcr Pfeifen und Zigarrenzubeh\u00f6r in Deutschland","article_modified_time":"2026-03-09T08:28:51+00:00","og_image":[{"width":800,"height":800,"url":"https:\/\/pfeifenundzigarren.de\/wp-content\/uploads\/2025\/09\/O1CN010IFxwr2Gtwufxwpqh_4611686018427385906-0-item_pic-1.webp","type":"image\/webp"}],"twitter_card":"summary_large_image","schema":{"@context":"https:\/\/schema.org","@graph":[{"@type":"WebPage","@id":"https:\/\/pfeifenundzigarren.de\/Produkt\/designer-freehand-pfeife\/","url":"https:\/\/pfeifenundzigarren.de\/Produkt\/designer-freehand-pfeife\/","name":"Designer Freehand Pfeife - Der beste Onlineshop f\u00fcr Pfeifen und Zigarrenzubeh\u00f6r in Deutschland","isPartOf":{"@id":"https:\/\/pfeifenundzigarren.de\/#website"},"primaryImageOfPage":{"@id":"https:\/\/pfeifenundzigarren.de\/Produkt\/designer-freehand-pfeife\/#primaryimage"},"image":{"@id":"https:\/\/pfeifenundzigarren.de\/Produkt\/designer-freehand-pfeife\/#primaryimage"},"thumbnailUrl":"https:\/\/pfeifenundzigarren.de\/wp-content\/uploads\/2025\/09\/O1CN010IFxwr2Gtwufxwpqh_4611686018427385906-0-item_pic-1.webp","datePublished":"2025-09-26T01:14:36+00:00","dateModified":"2026-03-09T08:28:51+00:00","breadcrumb":{"@id":"https:\/\/pfeifenundzigarren.de\/Produkt\/designer-freehand-pfeife\/#breadcrumb"},"inLanguage":"es","potentialAction":[{"@type":"ReadAction","target":["https:\/\/pfeifenundzigarren.de\/Produkt\/designer-freehand-pfeife\/"]}]},{"@type":"ImageObject","inLanguage":"es","@id":"https:\/\/pfeifenundzigarren.de\/Produkt\/designer-freehand-pfeife\/#primaryimage","url":"https:\/\/pfeifenundzigarren.de\/wp-content\/uploads\/2025\/09\/O1CN010IFxwr2Gtwufxwpqh_4611686018427385906-0-item_pic-1.webp","contentUrl":"https:\/\/pfeifenundzigarren.de\/wp-content\/uploads\/2025\/09\/O1CN010IFxwr2Gtwufxwpqh_4611686018427385906-0-item_pic-1.webp","width":800,"height":800,"caption":"Designer Freehand Pfeife"},{"@type":"BreadcrumbList","@id":"https:\/\/pfeifenundzigarren.de\/Produkt\/designer-freehand-pfeife\/#breadcrumb","itemListElement":[{"@type":"ListItem","position":1,"name":"Home","item":"https:\/\/pfeifenundzigarren.de\/"},{"@type":"ListItem","position":2,"name":"Shop","item":"https:\/\/pfeifenundzigarren.de\/shop\/"},{"@type":"ListItem","position":3,"name":"Designer Freehand Pfeife"}]},{"@type":"WebSite","@id":"https:\/\/pfeifenundzigarren.de\/#website","url":"https:\/\/pfeifenundzigarren.de\/","name":"La mejor tienda en l\u00ednea de pipas y accesorios para puros de Alemania","description":"","publisher":{"@id":"https:\/\/pfeifenundzigarren.de\/#organization"},"potentialAction":[{"@type":"SearchAction","target":{"@type":"EntryPoint","urlTemplate":"https:\/\/pfeifenundzigarren.de\/?s={search_term_string}"},"query-input":{"@type":"PropertyValueSpecification","valueRequired":true,"valueName":"search_term_string"}}],"inLanguage":"es"},{"@type":"Organization","@id":"https:\/\/pfeifenundzigarren.de\/#organization","name":"La mejor tienda en l\u00ednea de pipas y accesorios para puros de Alemania","url":"https:\/\/pfeifenundzigarren.de\/","logo":{"@type":"ImageObject","inLanguage":"es","@id":"https:\/\/pfeifenundzigarren.de\/#\/schema\/logo\/image\/","url":"https:\/\/pfeifenundzigarren.de\/wp-content\/uploads\/2024\/09\/cropped-Luxury-and-Vintage-Ornamental-Coffee-Shop-Logo.png","contentUrl":"https:\/\/pfeifenundzigarren.de\/wp-content\/uploads\/2024\/09\/cropped-Luxury-and-Vintage-Ornamental-Coffee-Shop-Logo.png","width":512,"height":512,"caption":"Der beste Onlineshop f\u00fcr Pfeifen und Zigarrenzubeh\u00f6r in Deutschland"},"image":{"@id":"https:\/\/pfeifenundzigarren.de\/#\/schema\/logo\/image\/"}}]}},"_links":{"self":[{"href":"https:\/\/pfeifenundzigarren.de\/es\/wp-json\/wp\/v2\/product\/8574","targetHints":{"allow":["GET"]}}],"collection":[{"href":"https:\/\/pfeifenundzigarren.de\/es\/wp-json\/wp\/v2\/product"}],"about":[{"href":"https:\/\/pfeifenundzigarren.de\/es\/wp-json\/wp\/v2\/types\/product"}],"replies":[{"embeddable":true,"href":"https:\/\/pfeifenundzigarren.de\/es\/wp-json\/wp\/v2\/comments?post=8574"}],"version-history":[{"count":1,"href":"https:\/\/pfeifenundzigarren.de\/es\/wp-json\/wp\/v2\/product\/8574\/revisions"}],"predecessor-version":[{"id":11259,"href":"https:\/\/pfeifenundzigarren.de\/es\/wp-json\/wp\/v2\/product\/8574\/revisions\/11259"}],"wp:featuredmedia":[{"embeddable":true,"href":"https:\/\/pfeifenundzigarren.de\/es\/wp-json\/wp\/v2\/media\/8583"}],"wp:attachment":[{"href":"https:\/\/pfeifenundzigarren.de\/es\/wp-json\/wp\/v2\/media?parent=8574"}],"wp:term":[{"taxonomy":"product_brand","embeddable":true,"href":"https:\/\/pfeifenundzigarren.de\/es\/wp-json\/wp\/v2\/product_brand?post=8574"},{"taxonomy":"product_cat","embeddable":true,"href":"https:\/\/pfeifenundzigarren.de\/es\/wp-json\/wp\/v2\/product_cat?post=8574"},{"taxonomy":"product_tag","embeddable":true,"href":"https:\/\/pfeifenundzigarren.de\/es\/wp-json\/wp\/v2\/product_tag?post=8574"}],"curies":[{"name":"wp","href":"https:\/\/api.w.org\/{rel}","templated":true}]}}