{"id":8051,"date":"2025-09-17T05:18:15","date_gmt":"2025-09-17T03:18:15","guid":{"rendered":"https:\/\/pfeifenundzigarren.de\/?post_type=product&#038;p=8051"},"modified":"2025-09-26T08:17:24","modified_gmt":"2025-09-26T06:17:24","slug":"reverse-calabash-pfeife","status":"publish","type":"product","link":"https:\/\/pfeifenundzigarren.de\/es\/Produkt\/reverse-calabash-pfeife\/","title":{"rendered":"Pipa Calabash invertida"},"content":{"rendered":"<div data-elementor-type=\"product-post\" data-elementor-id=\"8051\" class=\"elementor elementor-8051\" data-elementor-post-type=\"product\">\n\t\t\t\t<div class=\"wd-negative-gap elementor-element elementor-element-fc36bc8 e-flex e-con-boxed e-con e-parent\" data-id=\"fc36bc8\" data-element_type=\"container\" data-e-type=\"container\">\n\t\t\t\t\t<div class=\"e-con-inner\">\n\t\t\t\t<div class=\"elementor-element elementor-element-ca77ed7 elementor-widget elementor-widget-image\" data-id=\"ca77ed7\" data-element_type=\"widget\" data-e-type=\"widget\" data-widget_type=\"image.default\">\n\t\t\t\t<div class=\"elementor-widget-container\">\n\t\t\t\t\t\t\t\t\t\t\t\t\t\t\t<img fetchpriority=\"high\" decoding=\"async\" width=\"1000\" height=\"964\" src=\"https:\/\/pfeifenundzigarren.de\/wp-content\/uploads\/2025\/09\/fae0ba608a241b4d75862fffcd830ee9.jpg\" class=\"attachment-large size-large wp-image-8056 wvs-archive-product-image\" alt=\"\" srcset=\"https:\/\/pfeifenundzigarren.de\/wp-content\/uploads\/2025\/09\/fae0ba608a241b4d75862fffcd830ee9.jpg 1000w, https:\/\/pfeifenundzigarren.de\/wp-content\/uploads\/2025\/09\/fae0ba608a241b4d75862fffcd830ee9-150x145.jpg 150w, https:\/\/pfeifenundzigarren.de\/wp-content\/uploads\/2025\/09\/fae0ba608a241b4d75862fffcd830ee9-300x289.jpg 300w, https:\/\/pfeifenundzigarren.de\/wp-content\/uploads\/2025\/09\/fae0ba608a241b4d75862fffcd830ee9-768x740.jpg 768w, https:\/\/pfeifenundzigarren.de\/wp-content\/uploads\/2025\/09\/fae0ba608a241b4d75862fffcd830ee9-12x12.jpg 12w\" sizes=\"(max-width: 1000px) 100vw, 1000px\">\t\t\t\t\t\t\t\t\t\t\t\t\t\t\t<\/div>\n\t\t\t\t<\/div>\n\t\t\t\t\t<\/div>\n\t\t\t\t<\/div>\n\t\t<div class=\"wd-negative-gap elementor-element elementor-element-669d0a6 e-flex e-con-boxed e-con e-parent\" data-id=\"669d0a6\" data-element_type=\"container\" data-e-type=\"container\">\n\t\t\t\t\t<div class=\"e-con-inner\">\n\t\t\t\t<div class=\"elementor-element elementor-element-3c3265d elementor-widget elementor-widget-image\" data-id=\"3c3265d\" data-element_type=\"widget\" data-e-type=\"widget\" data-widget_type=\"image.default\">\n\t\t\t\t<div class=\"elementor-widget-container\">\n\t\t\t\t\t\t\t\t\t\t\t\t\t\t\t<img decoding=\"async\" width=\"857\" height=\"1024\" src=\"https:\/\/pfeifenundzigarren.de\/wp-content\/uploads\/2025\/09\/d36d0b356fd59e3779aec6bfcf7d9623-857x1024.jpg\" class=\"attachment-large size-large wp-image-8055 wvs-archive-product-image\" alt=\"Reverse Calabash Pfeife\" srcset=\"https:\/\/pfeifenundzigarren.de\/wp-content\/uploads\/2025\/09\/d36d0b356fd59e3779aec6bfcf7d9623-857x1024.jpg 857w, https:\/\/pfeifenundzigarren.de\/wp-content\/uploads\/2025\/09\/d36d0b356fd59e3779aec6bfcf7d9623-150x179.jpg 150w, https:\/\/pfeifenundzigarren.de\/wp-content\/uploads\/2025\/09\/d36d0b356fd59e3779aec6bfcf7d9623-251x300.jpg 251w, https:\/\/pfeifenundzigarren.de\/wp-content\/uploads\/2025\/09\/d36d0b356fd59e3779aec6bfcf7d9623-768x918.jpg 768w, https:\/\/pfeifenundzigarren.de\/wp-content\/uploads\/2025\/09\/d36d0b356fd59e3779aec6bfcf7d9623-10x12.jpg 10w, https:\/\/pfeifenundzigarren.de\/wp-content\/uploads\/2025\/09\/d36d0b356fd59e3779aec6bfcf7d9623.jpg 1000w\" sizes=\"(max-width: 857px) 100vw, 857px\" \/>\t\t\t\t\t\t\t\t\t\t\t\t\t\t\t<\/div>\n\t\t\t\t<\/div>\n\t\t\t\t\t<\/div>\n\t\t\t\t<\/div>\n\t\t<div class=\"wd-negative-gap elementor-element elementor-element-8168470 e-flex e-con-boxed e-con e-parent\" data-id=\"8168470\" data-element_type=\"container\" data-e-type=\"container\">\n\t\t\t\t\t<div class=\"e-con-inner\">\n\t\t\t\t<div class=\"elementor-element elementor-element-6227846 color-scheme-inherit text-left elementor-widget elementor-widget-text-editor\" data-id=\"6227846\" data-element_type=\"widget\" data-e-type=\"widget\" data-widget_type=\"text-editor.default\">\n\t\t\t\t<div class=\"elementor-widget-container\">\n\t\t\t\t\t\t\t\t\t<p>Nuestra <strong>Pipa Calabash invertida<\/strong> difiere de <a href=\"https:\/\/pfeifenundzigarren.de\/es\/produktkategorie\/pfeife\/\">tuber\u00edas tradicionales<\/a>donde el tabaco se carga directamente en la cazoleta y el humo se canaliza directamente hacia la boquilla. En cambio, este dise\u00f1o integra una c\u00e1mara adicional, la c\u00e1mara de enfriamiento, en el v\u00e1stago, entre la cazoleta y la boquilla. El humo del tabaco encendido en la cazoleta no fluye directamente hacia adelante, sino que primero entra en esta c\u00e1mara para someterse a un procesamiento inicial. Esta estructura se asemeja a una c\u00e1mara de v\u00f3rtice en miniatura que permite que el humo se expanda, se ralentice y se hunda en un espacio relativamente grande, enfriando significativamente la temperatura y atrapando la humedad y el alquitr\u00e1n, lo que se traduce en una sensaci\u00f3n en boca especialmente suave.<\/p><p>Desde el exterior, el Reverse <strong>Pipa Calabash<\/strong> con una forma robusta y potente en la que la c\u00e1mara de expansi\u00f3n se integra perfectamente en el contorno general. La boquilla presenta un dise\u00f1o engrosado para crear una sensaci\u00f3n de tallado \u00fanica. Este dise\u00f1o no s\u00f3lo mejora la estabilidad estructural, sino que tambi\u00e9n hace que la pipa Reverse Calabash sea m\u00e1s f\u00e1cil de manejar. En la superficie, nuestro artesano William aplica un pulido con cera de abeja para resaltar la veta de la madera de brezo, combinando la est\u00e9tica industrial con la delicadeza artesanal. Las proporciones entre la c\u00e1mara de expansi\u00f3n y la cazoleta est\u00e1n armoniosamente equilibradas, evitando la delgada torpeza de las pipas tradicionales y presentando en su lugar un estilo minimalista contempor\u00e1neo.<\/p><p><strong>Pipa Calabash<\/strong> El innovador dise\u00f1o de \"entrada paralela de doble orificio\" mejora a\u00fan m\u00e1s la eficacia de la distribuci\u00f3n del flujo de aire: el humo fluye desde el espacio de cabeza hacia la c\u00e1mara de expansi\u00f3n a trav\u00e9s de dos conductos paralelos, lo que acent\u00faa la distribuci\u00f3n uniforme y la \"entrada seca\". Esto es similar a la bifurcaci\u00f3n multicanal en mec\u00e1nica de fluidos, reduce las turbulencias y optimiza el proceso de condensaci\u00f3n para evitar la aparici\u00f3n de gorgoteo (gorgoteo de humedad). Para garantizar el buen funcionamiento de la c\u00e1mara de refrigeraci\u00f3n, la boquilla debe sellar perfectamente con el extremo del v\u00e1stago. Por lo tanto, nuestro fabricante de pipas William ha desarrollado una junta c\u00f3nica especial que proporciona un mejor sellado que los dise\u00f1os m\u00e1s antiguos, ajustando con precisi\u00f3n el \u00e1ngulo c\u00f3nico para evitar fugas de aire y garantizar que el humo se procese completamente en la c\u00e1mara.<\/p>\t\t\t\t\t\t\t\t<\/div>\n\t\t\t\t<\/div>\n\t\t\t\t\t<\/div>\n\t\t\t\t<\/div>\n\t\t\t\t<\/div>","protected":false},"excerpt":{"rendered":"<p>Nuestra pipa Reverse Calabash difiere de las pipas tradicionales, en las que el tabaco se carga directamente en la cazoleta y el<\/p>","protected":false},"featured_media":8054,"comment_status":"closed","ping_status":"closed","template":"","meta":[],"product_brand":[],"product_cat":[86,71],"product_tag":[],"class_list":{"0":"post-8051","1":"product","2":"type-product","3":"status-publish","4":"has-post-thumbnail","6":"product_cat-bruyere-pfeifen","7":"product_cat-calabash-pfeife","9":"first","10":"instock","11":"sale","12":"shipping-taxable","13":"purchasable","14":"product-type-simple"},"yoast_head":"<!-- This site is optimized with the Yoast SEO Premium plugin v26.7 (Yoast SEO v27.4) - https:\/\/yoast.com\/product\/yoast-seo-premium-wordpress\/ -->\n<title>Reverse Calabash Pfeife - Der beste Onlineshop f\u00fcr Pfeifen und Zigarrenzubeh\u00f6r in Deutschland<\/title>\n<meta name=\"robots\" content=\"index, follow, max-snippet:-1, max-image-preview:large, max-video-preview:-1\" \/>\n<link rel=\"canonical\" href=\"https:\/\/pfeifenundzigarren.de\/es\/Produkt\/reverse-calabash-pfeife\/\" \/>\n<meta property=\"og:locale\" content=\"es_ES\" \/>\n<meta property=\"og:type\" content=\"article\" \/>\n<meta property=\"og:title\" content=\"Reverse Calabash Pfeife\" \/>\n<meta property=\"og:description\" content=\"Unser Reverse Calabash Pfeife unterscheidet sich von traditionellen Pfeifen, bei denen der Tabak direkt in den Kopf geladen und der\" \/>\n<meta property=\"og:url\" content=\"https:\/\/pfeifenundzigarren.de\/es\/Produkt\/reverse-calabash-pfeife\/\" \/>\n<meta property=\"og:site_name\" content=\"Der beste Onlineshop f\u00fcr Pfeifen und Zigarrenzubeh\u00f6r in Deutschland\" \/>\n<meta property=\"article:modified_time\" content=\"2025-09-26T06:17:24+00:00\" \/>\n<meta property=\"og:image\" content=\"https:\/\/pfeifenundzigarren.de\/wp-content\/uploads\/2025\/09\/db42e1c9ef2cd8796c2ce8649cf233ac-1.png\" \/>\n\t<meta property=\"og:image:width\" content=\"800\" \/>\n\t<meta property=\"og:image:height\" content=\"800\" \/>\n\t<meta property=\"og:image:type\" content=\"image\/png\" \/>\n<meta name=\"twitter:card\" content=\"summary_large_image\" \/>\n<meta name=\"twitter:label1\" content=\"Tiempo de lectura\" \/>\n\t<meta name=\"twitter:data1\" content=\"2 minutos\" \/>\n<script type=\"application\/ld+json\" class=\"yoast-schema-graph\">{\"@context\":\"https:\\\/\\\/schema.org\",\"@graph\":[{\"@type\":\"WebPage\",\"@id\":\"https:\\\/\\\/pfeifenundzigarren.de\\\/es\\\/Produkt\\\/reverse-calabash-pfeife\\\/\",\"url\":\"https:\\\/\\\/pfeifenundzigarren.de\\\/es\\\/Produkt\\\/reverse-calabash-pfeife\\\/\",\"name\":\"Reverse Calabash Pfeife - Der beste Onlineshop f\u00fcr Pfeifen und Zigarrenzubeh\u00f6r in Deutschland\",\"isPartOf\":{\"@id\":\"https:\\\/\\\/lime-nightingale-562313.hostingersite.com\\\/#website\"},\"primaryImageOfPage\":{\"@id\":\"https:\\\/\\\/pfeifenundzigarren.de\\\/es\\\/Produkt\\\/reverse-calabash-pfeife\\\/#primaryimage\"},\"image\":{\"@id\":\"https:\\\/\\\/pfeifenundzigarren.de\\\/es\\\/Produkt\\\/reverse-calabash-pfeife\\\/#primaryimage\"},\"thumbnailUrl\":\"https:\\\/\\\/pfeifenundzigarren.de\\\/wp-content\\\/uploads\\\/2025\\\/09\\\/db42e1c9ef2cd8796c2ce8649cf233ac-1.png\",\"datePublished\":\"2025-09-17T03:18:15+00:00\",\"dateModified\":\"2025-09-26T06:17:24+00:00\",\"breadcrumb\":{\"@id\":\"https:\\\/\\\/pfeifenundzigarren.de\\\/es\\\/Produkt\\\/reverse-calabash-pfeife\\\/#breadcrumb\"},\"inLanguage\":\"es\",\"potentialAction\":[{\"@type\":\"ReadAction\",\"target\":[\"https:\\\/\\\/pfeifenundzigarren.de\\\/es\\\/Produkt\\\/reverse-calabash-pfeife\\\/\"]}]},{\"@type\":\"ImageObject\",\"inLanguage\":\"es\",\"@id\":\"https:\\\/\\\/pfeifenundzigarren.de\\\/es\\\/Produkt\\\/reverse-calabash-pfeife\\\/#primaryimage\",\"url\":\"https:\\\/\\\/pfeifenundzigarren.de\\\/wp-content\\\/uploads\\\/2025\\\/09\\\/db42e1c9ef2cd8796c2ce8649cf233ac-1.png\",\"contentUrl\":\"https:\\\/\\\/pfeifenundzigarren.de\\\/wp-content\\\/uploads\\\/2025\\\/09\\\/db42e1c9ef2cd8796c2ce8649cf233ac-1.png\",\"width\":800,\"height\":800,\"caption\":\"Reverse Calabash Pfeife\"},{\"@type\":\"BreadcrumbList\",\"@id\":\"https:\\\/\\\/pfeifenundzigarren.de\\\/es\\\/Produkt\\\/reverse-calabash-pfeife\\\/#breadcrumb\",\"itemListElement\":[{\"@type\":\"ListItem\",\"position\":1,\"name\":\"Home\",\"item\":\"https:\\\/\\\/lime-nightingale-562313.hostingersite.com\\\/\"},{\"@type\":\"ListItem\",\"position\":2,\"name\":\"Shop\",\"item\":\"https:\\\/\\\/lime-nightingale-562313.hostingersite.com\\\/shop\\\/\"},{\"@type\":\"ListItem\",\"position\":3,\"name\":\"Reverse Calabash Pfeife\"}]},{\"@type\":\"WebSite\",\"@id\":\"https:\\\/\\\/lime-nightingale-562313.hostingersite.com\\\/#website\",\"url\":\"https:\\\/\\\/lime-nightingale-562313.hostingersite.com\\\/\",\"name\":\"Der beste Onlineshop f\u00fcr Pfeifen und Zigarrenzubeh\u00f6r in Deutschland\",\"description\":\"\",\"publisher\":{\"@id\":\"https:\\\/\\\/lime-nightingale-562313.hostingersite.com\\\/#organization\"},\"potentialAction\":[{\"@type\":\"SearchAction\",\"target\":{\"@type\":\"EntryPoint\",\"urlTemplate\":\"https:\\\/\\\/lime-nightingale-562313.hostingersite.com\\\/?s={search_term_string}\"},\"query-input\":{\"@type\":\"PropertyValueSpecification\",\"valueRequired\":true,\"valueName\":\"search_term_string\"}}],\"inLanguage\":\"es\"},{\"@type\":\"Organization\",\"@id\":\"https:\\\/\\\/lime-nightingale-562313.hostingersite.com\\\/#organization\",\"name\":\"Der beste Onlineshop f\u00fcr Pfeifen und Zigarrenzubeh\u00f6r in Deutschland\",\"url\":\"https:\\\/\\\/lime-nightingale-562313.hostingersite.com\\\/\",\"logo\":{\"@type\":\"ImageObject\",\"inLanguage\":\"es\",\"@id\":\"https:\\\/\\\/lime-nightingale-562313.hostingersite.com\\\/#\\\/schema\\\/logo\\\/image\\\/\",\"url\":\"https:\\\/\\\/pfeifenundzigarren.de\\\/wp-content\\\/uploads\\\/2024\\\/09\\\/cropped-Luxury-and-Vintage-Ornamental-Coffee-Shop-Logo.png\",\"contentUrl\":\"https:\\\/\\\/pfeifenundzigarren.de\\\/wp-content\\\/uploads\\\/2024\\\/09\\\/cropped-Luxury-and-Vintage-Ornamental-Coffee-Shop-Logo.png\",\"width\":512,\"height\":512,\"caption\":\"Der beste Onlineshop f\u00fcr Pfeifen und Zigarrenzubeh\u00f6r in Deutschland\"},\"image\":{\"@id\":\"https:\\\/\\\/lime-nightingale-562313.hostingersite.com\\\/#\\\/schema\\\/logo\\\/image\\\/\"}}]}<\/script>\n<!-- \/ Yoast SEO Premium plugin. -->","yoast_head_json":{"title":"Reverse Calabash Pfeife - Der beste Onlineshop f\u00fcr Pfeifen und Zigarrenzubeh\u00f6r in Deutschland","robots":{"index":"index","follow":"follow","max-snippet":"max-snippet:-1","max-image-preview":"max-image-preview:large","max-video-preview":"max-video-preview:-1"},"canonical":"https:\/\/pfeifenundzigarren.de\/es\/Produkt\/reverse-calabash-pfeife\/","og_locale":"es_ES","og_type":"article","og_title":"Reverse Calabash Pfeife","og_description":"Unser Reverse Calabash Pfeife unterscheidet sich von traditionellen Pfeifen, bei denen der Tabak direkt in den Kopf geladen und der","og_url":"https:\/\/pfeifenundzigarren.de\/es\/Produkt\/reverse-calabash-pfeife\/","og_site_name":"Der beste Onlineshop f\u00fcr Pfeifen und Zigarrenzubeh\u00f6r in Deutschland","article_modified_time":"2025-09-26T06:17:24+00:00","og_image":[{"width":800,"height":800,"url":"https:\/\/pfeifenundzigarren.de\/wp-content\/uploads\/2025\/09\/db42e1c9ef2cd8796c2ce8649cf233ac-1.png","type":"image\/png"}],"twitter_card":"summary_large_image","twitter_misc":{"Tiempo de lectura":"2 minutos"},"schema":{"@context":"https:\/\/schema.org","@graph":[{"@type":"WebPage","@id":"https:\/\/pfeifenundzigarren.de\/es\/Produkt\/reverse-calabash-pfeife\/","url":"https:\/\/pfeifenundzigarren.de\/es\/Produkt\/reverse-calabash-pfeife\/","name":"Reverse Calabash Pfeife - Der beste Onlineshop f\u00fcr Pfeifen und Zigarrenzubeh\u00f6r in Deutschland","isPartOf":{"@id":"https:\/\/lime-nightingale-562313.hostingersite.com\/#website"},"primaryImageOfPage":{"@id":"https:\/\/pfeifenundzigarren.de\/es\/Produkt\/reverse-calabash-pfeife\/#primaryimage"},"image":{"@id":"https:\/\/pfeifenundzigarren.de\/es\/Produkt\/reverse-calabash-pfeife\/#primaryimage"},"thumbnailUrl":"https:\/\/pfeifenundzigarren.de\/wp-content\/uploads\/2025\/09\/db42e1c9ef2cd8796c2ce8649cf233ac-1.png","datePublished":"2025-09-17T03:18:15+00:00","dateModified":"2025-09-26T06:17:24+00:00","breadcrumb":{"@id":"https:\/\/pfeifenundzigarren.de\/es\/Produkt\/reverse-calabash-pfeife\/#breadcrumb"},"inLanguage":"es","potentialAction":[{"@type":"ReadAction","target":["https:\/\/pfeifenundzigarren.de\/es\/Produkt\/reverse-calabash-pfeife\/"]}]},{"@type":"ImageObject","inLanguage":"es","@id":"https:\/\/pfeifenundzigarren.de\/es\/Produkt\/reverse-calabash-pfeife\/#primaryimage","url":"https:\/\/pfeifenundzigarren.de\/wp-content\/uploads\/2025\/09\/db42e1c9ef2cd8796c2ce8649cf233ac-1.png","contentUrl":"https:\/\/pfeifenundzigarren.de\/wp-content\/uploads\/2025\/09\/db42e1c9ef2cd8796c2ce8649cf233ac-1.png","width":800,"height":800,"caption":"Reverse Calabash Pfeife"},{"@type":"BreadcrumbList","@id":"https:\/\/pfeifenundzigarren.de\/es\/Produkt\/reverse-calabash-pfeife\/#breadcrumb","itemListElement":[{"@type":"ListItem","position":1,"name":"Home","item":"https:\/\/lime-nightingale-562313.hostingersite.com\/"},{"@type":"ListItem","position":2,"name":"Shop","item":"https:\/\/lime-nightingale-562313.hostingersite.com\/shop\/"},{"@type":"ListItem","position":3,"name":"Reverse Calabash Pfeife"}]},{"@type":"WebSite","@id":"https:\/\/lime-nightingale-562313.hostingersite.com\/#website","url":"https:\/\/lime-nightingale-562313.hostingersite.com\/","name":"La mejor tienda en l\u00ednea de pipas y accesorios para puros de Alemania","description":"","publisher":{"@id":"https:\/\/lime-nightingale-562313.hostingersite.com\/#organization"},"potentialAction":[{"@type":"SearchAction","target":{"@type":"EntryPoint","urlTemplate":"https:\/\/lime-nightingale-562313.hostingersite.com\/?s={search_term_string}"},"query-input":{"@type":"PropertyValueSpecification","valueRequired":true,"valueName":"search_term_string"}}],"inLanguage":"es"},{"@type":"Organization","@id":"https:\/\/lime-nightingale-562313.hostingersite.com\/#organization","name":"La mejor tienda en l\u00ednea de pipas y accesorios para puros de Alemania","url":"https:\/\/lime-nightingale-562313.hostingersite.com\/","logo":{"@type":"ImageObject","inLanguage":"es","@id":"https:\/\/lime-nightingale-562313.hostingersite.com\/#\/schema\/logo\/image\/","url":"https:\/\/pfeifenundzigarren.de\/wp-content\/uploads\/2024\/09\/cropped-Luxury-and-Vintage-Ornamental-Coffee-Shop-Logo.png","contentUrl":"https:\/\/pfeifenundzigarren.de\/wp-content\/uploads\/2024\/09\/cropped-Luxury-and-Vintage-Ornamental-Coffee-Shop-Logo.png","width":512,"height":512,"caption":"Der beste Onlineshop f\u00fcr Pfeifen und Zigarrenzubeh\u00f6r in Deutschland"},"image":{"@id":"https:\/\/lime-nightingale-562313.hostingersite.com\/#\/schema\/logo\/image\/"}}]}},"_links":{"self":[{"href":"https:\/\/pfeifenundzigarren.de\/es\/wp-json\/wp\/v2\/product\/8051","targetHints":{"allow":["GET"]}}],"collection":[{"href":"https:\/\/pfeifenundzigarren.de\/es\/wp-json\/wp\/v2\/product"}],"about":[{"href":"https:\/\/pfeifenundzigarren.de\/es\/wp-json\/wp\/v2\/types\/product"}],"replies":[{"embeddable":true,"href":"https:\/\/pfeifenundzigarren.de\/es\/wp-json\/wp\/v2\/comments?post=8051"}],"version-history":[{"count":0,"href":"https:\/\/pfeifenundzigarren.de\/es\/wp-json\/wp\/v2\/product\/8051\/revisions"}],"wp:featuredmedia":[{"embeddable":true,"href":"https:\/\/pfeifenundzigarren.de\/es\/wp-json\/wp\/v2\/media\/8054"}],"wp:attachment":[{"href":"https:\/\/pfeifenundzigarren.de\/es\/wp-json\/wp\/v2\/media?parent=8051"}],"wp:term":[{"taxonomy":"product_brand","embeddable":true,"href":"https:\/\/pfeifenundzigarren.de\/es\/wp-json\/wp\/v2\/product_brand?post=8051"},{"taxonomy":"product_cat","embeddable":true,"href":"https:\/\/pfeifenundzigarren.de\/es\/wp-json\/wp\/v2\/product_cat?post=8051"},{"taxonomy":"product_tag","embeddable":true,"href":"https:\/\/pfeifenundzigarren.de\/es\/wp-json\/wp\/v2\/product_tag?post=8051"}],"curies":[{"name":"wp","href":"https:\/\/api.w.org\/{rel}","templated":true}]}}