{"id":7954,"date":"2025-09-15T04:53:27","date_gmt":"2025-09-15T02:53:27","guid":{"rendered":"https:\/\/pfeifenundzigarren.de\/Produkt\/handgemachte-mini-rauchpfeife-aus-bruyereholz\/"},"modified":"2025-09-15T05:17:07","modified_gmt":"2025-09-15T03:17:07","slug":"handgemachte-mini-rauchpfeife-aus-bruyereholz","status":"publish","type":"product","link":"https:\/\/pfeifenundzigarren.de\/es\/Produkt\/handgemachte-mini-rauchpfeife-aus-bruyereholz\/","title":{"rendered":"Mini pipa de fumar hecha a mano con madera de brezo"},"content":{"rendered":"<p>Material: madera de brezo<\/p>\n<p>Buscar palabra clave: Pocket whistle<br \/>\nT\u00e9rmino de b\u00fasqueda: pipa de tabaco<br \/>\nT\u00e9rmino de b\u00fasqueda: Holzpfeife<br \/>\n\u3010Highlights\u3011<br \/>\n\u25cf100 % garant\u00eda de satisfacci\u00f3n<br \/>\n\u25cfPipa de madera de brezo<br \/>\n\u25cfEntrega en 48 horas<br \/>\nEnv\u00edo gratuito<\/p>\n<p>\u3010Informaci\u00f3n sobre el producto\u3011<\/p>\n<p>\u25cfMaterial del cuerpo de la pipa: 100 % madera de brezo.<\/p>\n<p>\u25cfMaterial de la boquilla: acr\u00edlico curvado, de alta calidad y apto para alimentos.<\/p>\n<p>\u25cfColor: Como se muestra.<\/p>\n<p>\u25cfEstilo: Pipa de bolsillo con boquilla curvada.<\/p>\n<p>\u25cfVentaja: Compacto y f\u00e1cil de transportar.<\/p>\n<p><img decoding=\"async\" src=\"https:\/\/ae01.alicdn.com\/kf\/H71d80c10cc0c4958b2faae63286266d4b.jpg\" alt=\"\"><img decoding=\"async\" src=\"https:\/\/ae01.alicdn.com\/kf\/H98367284eadc46258c9e86244c1e19c5k.jpg\" alt=\"\"><img decoding=\"async\" src=\"https:\/\/ae01.alicdn.com\/kf\/H6e587b2718bd4d0db877be1a898d1b6dh.jpg\" alt=\"\"><img decoding=\"async\" src=\"https:\/\/ae01.alicdn.com\/kf\/H87c4669c4a3d495d8a4c117e96f02c8aB.jpg\" alt=\"\"><img decoding=\"async\" src=\"https:\/\/ae01.alicdn.com\/kf\/H4ee8fe754b104fa785dc64d4cfb6d3f5t.jpg\" alt=\"\"><img decoding=\"async\" src=\"https:\/\/ae01.alicdn.com\/kf\/H37ef1305b6d744879ef0e40f1a91765bN.jpg\" alt=\"\"><img decoding=\"async\" src=\"https:\/\/ae01.alicdn.com\/kf\/H866a27c52b3e4f5b80d3881a38927b13Q.jpg\" alt=\"\"><img decoding=\"async\" src=\"https:\/\/ae01.alicdn.com\/kf\/H179e6668dc9a4d3389106d02d56934bcF.jpg\" alt=\"\"><img decoding=\"async\" src=\"https:\/\/ae01.alicdn.com\/kf\/H52b66784a36f4fda9737272f5ce9a36bW.jpg\" alt=\"\"><img decoding=\"async\" src=\"https:\/\/ae01.alicdn.com\/kf\/H684397ad190343ed880cb98ba610e2c4V.jpg\" alt=\"\"><img decoding=\"async\" src=\"https:\/\/ae01.alicdn.com\/kf\/H00d7f27a8ac44331b1a2ac9fabed7f2aO.jpg\" alt=\"\"><img decoding=\"async\" src=\"https:\/\/ae01.alicdn.com\/kf\/H6388e708b51742a5bdf2afa18ee24428x.jpg\" alt=\"\"><img decoding=\"async\" src=\"https:\/\/ae01.alicdn.com\/kf\/H3f3de437d352403ebc0a31c7196892dcb.jpg\" alt=\"\"><img decoding=\"async\" src=\"https:\/\/ae01.alicdn.com\/kf\/H1b02e961e3ce4910bf3ee6170f4a65688.jpg\" alt=\"\"><img decoding=\"async\" src=\"https:\/\/ae01.alicdn.com\/kf\/H1c08c58b83d44f66841ea1143e4d5aceG.jpg\" alt=\"\"><img decoding=\"async\" src=\"https:\/\/ae01.alicdn.com\/kf\/H92079e301ecc441db3bff24cc20097f1R.jpg\" alt=\"\"><img decoding=\"async\" src=\"https:\/\/ae01.alicdn.com\/kf\/Hf9124330af9446608f823fa049208eb05.jpg\" alt=\"\"><img decoding=\"async\" src=\"https:\/\/ae01.alicdn.com\/kf\/H87dc2e57a489472d9b1e1f2aa438c590o.jpg\" alt=\"\"><\/p>\n<p>&nbsp;<\/p>","protected":false},"excerpt":{"rendered":"<p>Material: madera de brezo Search term: pipa de bolsillo Search term: pipa de tabaco Search term: pipa de madera \u3010Highlights\u3011. \u25cf100 % garant\u00eda de satisfacci\u00f3n \u25cfBriar pipa de madera \u25cfEntrega en 48 horas \u25cfEnv\u00edo gratuito.<\/p>","protected":false},"featured_media":7959,"comment_status":"closed","ping_status":"closed","template":"","meta":[],"product_brand":[],"product_cat":[86,75],"product_tag":[],"class_list":{"0":"post-7954","1":"product","2":"type-product","3":"status-publish","4":"has-post-thumbnail","6":"product_cat-bruyere-pfeifen","7":"product_cat-holz-pfeife","9":"first","10":"outofstock","11":"sale","12":"shipping-taxable","13":"purchasable","14":"product-type-simple"},"yoast_head":"<!-- This site is optimized with the Yoast SEO Premium plugin v26.7 (Yoast SEO v27.4) - https:\/\/yoast.com\/product\/yoast-seo-premium-wordpress\/ -->\n<title>Handgemachte Mini-Rauchpfeife aus Bruy\u00e8reholz - Der beste Onlineshop f\u00fcr Pfeifen und Zigarrenzubeh\u00f6r in Deutschland<\/title>\n<meta name=\"robots\" content=\"index, follow, max-snippet:-1, max-image-preview:large, max-video-preview:-1\" \/>\n<link rel=\"canonical\" href=\"https:\/\/pfeifenundzigarren.de\/es\/Produkt\/handgemachte-mini-rauchpfeife-aus-bruyereholz\/\" \/>\n<meta property=\"og:locale\" content=\"es_ES\" \/>\n<meta property=\"og:type\" content=\"article\" \/>\n<meta property=\"og:title\" content=\"Handgemachte Mini-Rauchpfeife aus Bruy\u00e8reholz\" \/>\n<meta property=\"og:description\" content=\"Material: Bruy\u00e8reholz Suchbegriff: Taschenpfeife Suchbegriff: Tabakpfeife Suchbegriff: Holzpfeife \u3010Highlights\u3011 \u25cf100 % Zufriedenheitsgarantie \u25cfBruy\u00e8reholzpfeife \u25cfLieferung innerhalb von 48 Stunden \u25cfKostenloser Versand\" \/>\n<meta property=\"og:url\" content=\"https:\/\/pfeifenundzigarren.de\/es\/Produkt\/handgemachte-mini-rauchpfeife-aus-bruyereholz\/\" \/>\n<meta property=\"og:site_name\" content=\"Der beste Onlineshop f\u00fcr Pfeifen und Zigarrenzubeh\u00f6r in Deutschland\" \/>\n<meta property=\"article:modified_time\" content=\"2025-09-15T03:17:07+00:00\" \/>\n<meta property=\"og:image\" content=\"https:\/\/pfeifenundzigarren.de\/wp-content\/uploads\/2025\/09\/kf-Hf575495a0576445b82ee93fdd70f8e85G.webp\" \/>\n\t<meta property=\"og:image:width\" content=\"800\" \/>\n\t<meta property=\"og:image:height\" content=\"800\" \/>\n\t<meta property=\"og:image:type\" content=\"image\/webp\" \/>\n<meta name=\"twitter:card\" content=\"summary_large_image\" \/>\n<script type=\"application\/ld+json\" class=\"yoast-schema-graph\">{\"@context\":\"https:\\\/\\\/schema.org\",\"@graph\":[{\"@type\":\"WebPage\",\"@id\":\"https:\\\/\\\/pfeifenundzigarren.de\\\/Produkt\\\/handgemachte-mini-rauchpfeife-aus-bruyereholz\\\/\",\"url\":\"https:\\\/\\\/pfeifenundzigarren.de\\\/Produkt\\\/handgemachte-mini-rauchpfeife-aus-bruyereholz\\\/\",\"name\":\"Handgemachte Mini-Rauchpfeife aus Bruy\u00e8reholz - Der beste Onlineshop f\u00fcr Pfeifen und Zigarrenzubeh\u00f6r in Deutschland\",\"isPartOf\":{\"@id\":\"https:\\\/\\\/pfeifenundzigarren.de\\\/#website\"},\"primaryImageOfPage\":{\"@id\":\"https:\\\/\\\/pfeifenundzigarren.de\\\/Produkt\\\/handgemachte-mini-rauchpfeife-aus-bruyereholz\\\/#primaryimage\"},\"image\":{\"@id\":\"https:\\\/\\\/pfeifenundzigarren.de\\\/Produkt\\\/handgemachte-mini-rauchpfeife-aus-bruyereholz\\\/#primaryimage\"},\"thumbnailUrl\":\"https:\\\/\\\/pfeifenundzigarren.de\\\/wp-content\\\/uploads\\\/2025\\\/09\\\/kf-Hf575495a0576445b82ee93fdd70f8e85G.webp\",\"datePublished\":\"2025-09-15T02:53:27+00:00\",\"dateModified\":\"2025-09-15T03:17:07+00:00\",\"breadcrumb\":{\"@id\":\"https:\\\/\\\/pfeifenundzigarren.de\\\/Produkt\\\/handgemachte-mini-rauchpfeife-aus-bruyereholz\\\/#breadcrumb\"},\"inLanguage\":\"es\",\"potentialAction\":[{\"@type\":\"ReadAction\",\"target\":[\"https:\\\/\\\/pfeifenundzigarren.de\\\/Produkt\\\/handgemachte-mini-rauchpfeife-aus-bruyereholz\\\/\"]}]},{\"@type\":\"ImageObject\",\"inLanguage\":\"es\",\"@id\":\"https:\\\/\\\/pfeifenundzigarren.de\\\/Produkt\\\/handgemachte-mini-rauchpfeife-aus-bruyereholz\\\/#primaryimage\",\"url\":\"https:\\\/\\\/pfeifenundzigarren.de\\\/wp-content\\\/uploads\\\/2025\\\/09\\\/kf-Hf575495a0576445b82ee93fdd70f8e85G.webp\",\"contentUrl\":\"https:\\\/\\\/pfeifenundzigarren.de\\\/wp-content\\\/uploads\\\/2025\\\/09\\\/kf-Hf575495a0576445b82ee93fdd70f8e85G.webp\",\"width\":800,\"height\":800,\"caption\":\"Handgemachte Mini-Rauchpfeife aus Bruy\u00e8reholz\"},{\"@type\":\"BreadcrumbList\",\"@id\":\"https:\\\/\\\/pfeifenundzigarren.de\\\/Produkt\\\/handgemachte-mini-rauchpfeife-aus-bruyereholz\\\/#breadcrumb\",\"itemListElement\":[{\"@type\":\"ListItem\",\"position\":1,\"name\":\"Home\",\"item\":\"https:\\\/\\\/pfeifenundzigarren.de\\\/\"},{\"@type\":\"ListItem\",\"position\":2,\"name\":\"Shop\",\"item\":\"https:\\\/\\\/pfeifenundzigarren.de\\\/shop\\\/\"},{\"@type\":\"ListItem\",\"position\":3,\"name\":\"Handgemachte Mini-Rauchpfeife aus Bruy\u00e8reholz\"}]},{\"@type\":\"WebSite\",\"@id\":\"https:\\\/\\\/pfeifenundzigarren.de\\\/#website\",\"url\":\"https:\\\/\\\/pfeifenundzigarren.de\\\/\",\"name\":\"Der beste Onlineshop f\u00fcr Pfeifen und Zigarrenzubeh\u00f6r in Deutschland\",\"description\":\"\",\"publisher\":{\"@id\":\"https:\\\/\\\/pfeifenundzigarren.de\\\/#organization\"},\"potentialAction\":[{\"@type\":\"SearchAction\",\"target\":{\"@type\":\"EntryPoint\",\"urlTemplate\":\"https:\\\/\\\/pfeifenundzigarren.de\\\/?s={search_term_string}\"},\"query-input\":{\"@type\":\"PropertyValueSpecification\",\"valueRequired\":true,\"valueName\":\"search_term_string\"}}],\"inLanguage\":\"es\"},{\"@type\":\"Organization\",\"@id\":\"https:\\\/\\\/pfeifenundzigarren.de\\\/#organization\",\"name\":\"Der beste Onlineshop f\u00fcr Pfeifen und Zigarrenzubeh\u00f6r in Deutschland\",\"url\":\"https:\\\/\\\/pfeifenundzigarren.de\\\/\",\"logo\":{\"@type\":\"ImageObject\",\"inLanguage\":\"es\",\"@id\":\"https:\\\/\\\/pfeifenundzigarren.de\\\/#\\\/schema\\\/logo\\\/image\\\/\",\"url\":\"https:\\\/\\\/pfeifenundzigarren.de\\\/wp-content\\\/uploads\\\/2024\\\/09\\\/cropped-Luxury-and-Vintage-Ornamental-Coffee-Shop-Logo.png\",\"contentUrl\":\"https:\\\/\\\/pfeifenundzigarren.de\\\/wp-content\\\/uploads\\\/2024\\\/09\\\/cropped-Luxury-and-Vintage-Ornamental-Coffee-Shop-Logo.png\",\"width\":512,\"height\":512,\"caption\":\"Der beste Onlineshop f\u00fcr Pfeifen und Zigarrenzubeh\u00f6r in Deutschland\"},\"image\":{\"@id\":\"https:\\\/\\\/pfeifenundzigarren.de\\\/#\\\/schema\\\/logo\\\/image\\\/\"}}]}<\/script>\n<!-- \/ Yoast SEO Premium plugin. -->","yoast_head_json":{"title":"Handgemachte Mini-Rauchpfeife aus Bruy\u00e8reholz - Der beste Onlineshop f\u00fcr Pfeifen und Zigarrenzubeh\u00f6r in Deutschland","robots":{"index":"index","follow":"follow","max-snippet":"max-snippet:-1","max-image-preview":"max-image-preview:large","max-video-preview":"max-video-preview:-1"},"canonical":"https:\/\/pfeifenundzigarren.de\/es\/Produkt\/handgemachte-mini-rauchpfeife-aus-bruyereholz\/","og_locale":"es_ES","og_type":"article","og_title":"Handgemachte Mini-Rauchpfeife aus Bruy\u00e8reholz","og_description":"Material: Bruy\u00e8reholz Suchbegriff: Taschenpfeife Suchbegriff: Tabakpfeife Suchbegriff: Holzpfeife \u3010Highlights\u3011 \u25cf100 % Zufriedenheitsgarantie \u25cfBruy\u00e8reholzpfeife \u25cfLieferung innerhalb von 48 Stunden \u25cfKostenloser Versand","og_url":"https:\/\/pfeifenundzigarren.de\/es\/Produkt\/handgemachte-mini-rauchpfeife-aus-bruyereholz\/","og_site_name":"Der beste Onlineshop f\u00fcr Pfeifen und Zigarrenzubeh\u00f6r in Deutschland","article_modified_time":"2025-09-15T03:17:07+00:00","og_image":[{"width":800,"height":800,"url":"https:\/\/pfeifenundzigarren.de\/wp-content\/uploads\/2025\/09\/kf-Hf575495a0576445b82ee93fdd70f8e85G.webp","type":"image\/webp"}],"twitter_card":"summary_large_image","schema":{"@context":"https:\/\/schema.org","@graph":[{"@type":"WebPage","@id":"https:\/\/pfeifenundzigarren.de\/Produkt\/handgemachte-mini-rauchpfeife-aus-bruyereholz\/","url":"https:\/\/pfeifenundzigarren.de\/Produkt\/handgemachte-mini-rauchpfeife-aus-bruyereholz\/","name":"Handgemachte Mini-Rauchpfeife aus Bruy\u00e8reholz - Der beste Onlineshop f\u00fcr Pfeifen und Zigarrenzubeh\u00f6r in Deutschland","isPartOf":{"@id":"https:\/\/pfeifenundzigarren.de\/#website"},"primaryImageOfPage":{"@id":"https:\/\/pfeifenundzigarren.de\/Produkt\/handgemachte-mini-rauchpfeife-aus-bruyereholz\/#primaryimage"},"image":{"@id":"https:\/\/pfeifenundzigarren.de\/Produkt\/handgemachte-mini-rauchpfeife-aus-bruyereholz\/#primaryimage"},"thumbnailUrl":"https:\/\/pfeifenundzigarren.de\/wp-content\/uploads\/2025\/09\/kf-Hf575495a0576445b82ee93fdd70f8e85G.webp","datePublished":"2025-09-15T02:53:27+00:00","dateModified":"2025-09-15T03:17:07+00:00","breadcrumb":{"@id":"https:\/\/pfeifenundzigarren.de\/Produkt\/handgemachte-mini-rauchpfeife-aus-bruyereholz\/#breadcrumb"},"inLanguage":"es","potentialAction":[{"@type":"ReadAction","target":["https:\/\/pfeifenundzigarren.de\/Produkt\/handgemachte-mini-rauchpfeife-aus-bruyereholz\/"]}]},{"@type":"ImageObject","inLanguage":"es","@id":"https:\/\/pfeifenundzigarren.de\/Produkt\/handgemachte-mini-rauchpfeife-aus-bruyereholz\/#primaryimage","url":"https:\/\/pfeifenundzigarren.de\/wp-content\/uploads\/2025\/09\/kf-Hf575495a0576445b82ee93fdd70f8e85G.webp","contentUrl":"https:\/\/pfeifenundzigarren.de\/wp-content\/uploads\/2025\/09\/kf-Hf575495a0576445b82ee93fdd70f8e85G.webp","width":800,"height":800,"caption":"Handgemachte Mini-Rauchpfeife aus Bruy\u00e8reholz"},{"@type":"BreadcrumbList","@id":"https:\/\/pfeifenundzigarren.de\/Produkt\/handgemachte-mini-rauchpfeife-aus-bruyereholz\/#breadcrumb","itemListElement":[{"@type":"ListItem","position":1,"name":"Home","item":"https:\/\/pfeifenundzigarren.de\/"},{"@type":"ListItem","position":2,"name":"Shop","item":"https:\/\/pfeifenundzigarren.de\/shop\/"},{"@type":"ListItem","position":3,"name":"Handgemachte Mini-Rauchpfeife aus Bruy\u00e8reholz"}]},{"@type":"WebSite","@id":"https:\/\/pfeifenundzigarren.de\/#website","url":"https:\/\/pfeifenundzigarren.de\/","name":"La mejor tienda en l\u00ednea de pipas y accesorios para puros de Alemania","description":"","publisher":{"@id":"https:\/\/pfeifenundzigarren.de\/#organization"},"potentialAction":[{"@type":"SearchAction","target":{"@type":"EntryPoint","urlTemplate":"https:\/\/pfeifenundzigarren.de\/?s={search_term_string}"},"query-input":{"@type":"PropertyValueSpecification","valueRequired":true,"valueName":"search_term_string"}}],"inLanguage":"es"},{"@type":"Organization","@id":"https:\/\/pfeifenundzigarren.de\/#organization","name":"La mejor tienda en l\u00ednea de pipas y accesorios para puros de Alemania","url":"https:\/\/pfeifenundzigarren.de\/","logo":{"@type":"ImageObject","inLanguage":"es","@id":"https:\/\/pfeifenundzigarren.de\/#\/schema\/logo\/image\/","url":"https:\/\/pfeifenundzigarren.de\/wp-content\/uploads\/2024\/09\/cropped-Luxury-and-Vintage-Ornamental-Coffee-Shop-Logo.png","contentUrl":"https:\/\/pfeifenundzigarren.de\/wp-content\/uploads\/2024\/09\/cropped-Luxury-and-Vintage-Ornamental-Coffee-Shop-Logo.png","width":512,"height":512,"caption":"Der beste Onlineshop f\u00fcr Pfeifen und Zigarrenzubeh\u00f6r in Deutschland"},"image":{"@id":"https:\/\/pfeifenundzigarren.de\/#\/schema\/logo\/image\/"}}]}},"_links":{"self":[{"href":"https:\/\/pfeifenundzigarren.de\/es\/wp-json\/wp\/v2\/product\/7954","targetHints":{"allow":["GET"]}}],"collection":[{"href":"https:\/\/pfeifenundzigarren.de\/es\/wp-json\/wp\/v2\/product"}],"about":[{"href":"https:\/\/pfeifenundzigarren.de\/es\/wp-json\/wp\/v2\/types\/product"}],"replies":[{"embeddable":true,"href":"https:\/\/pfeifenundzigarren.de\/es\/wp-json\/wp\/v2\/comments?post=7954"}],"version-history":[{"count":0,"href":"https:\/\/pfeifenundzigarren.de\/es\/wp-json\/wp\/v2\/product\/7954\/revisions"}],"wp:featuredmedia":[{"embeddable":true,"href":"https:\/\/pfeifenundzigarren.de\/es\/wp-json\/wp\/v2\/media\/7959"}],"wp:attachment":[{"href":"https:\/\/pfeifenundzigarren.de\/es\/wp-json\/wp\/v2\/media?parent=7954"}],"wp:term":[{"taxonomy":"product_brand","embeddable":true,"href":"https:\/\/pfeifenundzigarren.de\/es\/wp-json\/wp\/v2\/product_brand?post=7954"},{"taxonomy":"product_cat","embeddable":true,"href":"https:\/\/pfeifenundzigarren.de\/es\/wp-json\/wp\/v2\/product_cat?post=7954"},{"taxonomy":"product_tag","embeddable":true,"href":"https:\/\/pfeifenundzigarren.de\/es\/wp-json\/wp\/v2\/product_tag?post=7954"}],"curies":[{"name":"wp","href":"https:\/\/api.w.org\/{rel}","templated":true}]}}