{"id":7659,"date":"2025-09-01T07:34:19","date_gmt":"2025-09-01T05:34:19","guid":{"rendered":"https:\/\/pfeifenundzigarren.de\/Produkt\/humidor-schrank-mit-kuehlung\/"},"modified":"2025-09-24T05:12:40","modified_gmt":"2025-09-24T03:12:40","slug":"humidor-schrank-mit-kuehlung","status":"publish","type":"product","link":"https:\/\/pfeifenundzigarren.de\/es\/Produkt\/humidor-schrank-mit-kuehlung\/","title":{"rendered":"armario humidor con refrigeraci\u00f3n"},"content":{"rendered":"<p>Sistema de humedad constante en ciclos<\/p>\n<p>En el suelo de nuestro<strong> Armario humidificador con refrigeraci\u00f3n<\/strong> es un dep\u00f3sito de circulaci\u00f3n de agua. Este sistema resuelve el inconveniente de tener que rellenar agua regularmente en los sistemas convencionales. La circulaci\u00f3n constante en el dep\u00f3sito distribuye la humedad uniformemente por todo el armario, manteni\u00e9ndolo en condiciones \u00f3ptimas para el almacenamiento de puros. El dep\u00f3sito puede ajustarse autom\u00e1ticamente para garantizar una humedad interna constante incluso cuando se producen grandes fluctuaciones en la humedad ambiente.<\/p>\n<p>Funci\u00f3n de compensaci\u00f3n t\u00e9rmica PTC<\/p>\n<p>Si la temperatura ambiente desciende por debajo de un valor preestablecido, la calefacci\u00f3n el\u00e9ctrica de nuestro <a href=\"https:\/\/pfeifenundzigarren.de\/es\/produktkategorie\/zigarren-zubehoer\/zigarren-humidor\/\">Humidificadores<\/a> se activa autom\u00e1ticamente y garantiza un calentamiento activo. As\u00ed se evitan eficazmente los da\u00f1os en los puros causados por las fluctuaciones de temperatura.<\/p>\n<p><img decoding=\"async\" src=\"https:\/\/ae01.alicdn.com\/kf\/S54795bf4bbba4a72911861565a03601aY.jpg\" alt=\"\"><\/p>\n<p>Sistema de control inteligente PID<\/p>\n<p>De particular inter\u00e9s es la circulaci\u00f3n forzada din\u00e1mica, que reduce significativamente la diferencia de temperatura entre los niveles superior e inferior. Aunque se abra la puerta repetidamente para sacar puros, la<a href=\"https:\/\/pfeifenundzigarren.de\/es\/produktkategorie\/zigarren-zubehoer\/zigarren-humidor\/humidor-schrank\/\"><strong> Humidificador<\/strong> <\/a>vuelve r\u00e1pidamente a la temperatura deseada.<\/p>\n<p>Triple cristal de seguridad<br \/>\nLa puerta del <strong>Armario humidificador con refrigeraci\u00f3n<\/strong> consta de tres capas de vidrio hueco de baja emisividad. Esta construcci\u00f3n mantiene el aire fr\u00edo y caliente en el interior y evita que la temperatura cambie debido al intercambio de calor. Tambi\u00e9n evita la condensaci\u00f3n de agua nebulizada, de modo que se puede reconocer f\u00e1cilmente el estado de los puros en todo momento. Esta protecci\u00f3n no s\u00f3lo mejora el aislamiento, sino que tambi\u00e9n prolonga la vida \u00fatil del armario para que pueda utilizarse en diferentes entornos.<\/p>\n<p><img decoding=\"async\" src=\"https:\/\/ae01.alicdn.com\/kf\/Sff5ca65b15484a9d929917f1f105adc4z.jpg\" alt=\"\"><\/p>\n<p>Silencioso y eficiente<br \/>\nEl proceso de refrigeraci\u00f3n funciona de forma eficaz y seg\u00fan las necesidades gracias a un potente compresor de frecuencia variable. El compresor es muy silencioso, lo que garantiza un entorno tranquilo y asegura que el almacenamiento de puros no interfiera en la vida cotidiana. El dise\u00f1o se centra en la funcionalidad y garantiza que el consumo de energ\u00eda se mantenga al m\u00ednimo mientras se mantiene una refrigeraci\u00f3n precisa.<\/p>\n<p>La nueva estructura interior es totalmente de madera de cedro peruano. Esta estructura de madera natural confiere al interior una atm\u00f3sfera viva y respirable. Regula la humedad de forma natural y es repelente de insectos y antibacteriana. El aroma \u00fanico del cedro puede impregnar suavemente los puros.<\/p>\n<p><img decoding=\"async\" src=\"https:\/\/ae01.alicdn.com\/kf\/S951cacd1504946d1af4e69f483b438ccw.jpg\" alt=\"\"><img decoding=\"async\" src=\"https:\/\/ae01.alicdn.com\/kf\/S843170ca9d7947719c134438a6e7849d1.jpg\" alt=\"\"><img decoding=\"async\" src=\"https:\/\/ae01.alicdn.com\/kf\/S1239a83f2a9840ff98295ceff1622d0cL.jpg\" alt=\"\"><img decoding=\"async\" src=\"https:\/\/ae01.alicdn.com\/kf\/S11eb0e9f129c4f13b6efd5aa6b8a4a9dl.jpg\" alt=\"\"><img decoding=\"async\" src=\"https:\/\/ae01.alicdn.com\/kf\/Se7627eabba5245818e796d7a680f03b86.jpg\" alt=\"\"><img decoding=\"async\" src=\"https:\/\/ae01.alicdn.com\/kf\/Seb567f74a4df44d68cd9b43379eca826z.jpg\" alt=\"\"><img decoding=\"async\" src=\"https:\/\/ae01.alicdn.com\/kf\/S769264bd0b92400db97c108d9f9ee5093.jpg\" alt=\"\"><img decoding=\"async\" src=\"https:\/\/ae01.alicdn.com\/kf\/S57683669fe3a4eb19a2e0dfdfa0f5a45U.jpg\" alt=\"\"><img decoding=\"async\" src=\"https:\/\/ae01.alicdn.com\/kf\/S5c00f0c9c8ec4b1ca94f8d810ca666b70.jpg\" alt=\"\"><img decoding=\"async\" src=\"https:\/\/ae01.alicdn.com\/kf\/S581621f4e1e24ac788a7f327dc3d820er.jpg\" alt=\"\"><img decoding=\"async\" src=\"https:\/\/ae01.alicdn.com\/kf\/S5727aff5516846509f8aadb0298adb28M.jpg\" alt=\"\"><img decoding=\"async\" src=\"https:\/\/ae01.alicdn.com\/kf\/S54c117cb2097475abcadf380a6b606a4F.jpg\" alt=\"\"><img decoding=\"async\" src=\"https:\/\/ae01.alicdn.com\/kf\/S007a7bdbfab4474485f51546a5972aabH.jpg\" alt=\"\"><img decoding=\"async\" src=\"https:\/\/ae01.alicdn.com\/kf\/S2ea49904ac58493db29804f26f759437q.jpg\" alt=\"\"><img decoding=\"async\" src=\"https:\/\/ae01.alicdn.com\/kf\/S60efc2841bae43f58753c713e2b6cfe2G.jpg\" alt=\"\"><img decoding=\"async\" src=\"https:\/\/ae01.alicdn.com\/kf\/S739cd9443cf0489691895df2e28bdb6aU.jpg\" alt=\"\"><img decoding=\"async\" src=\"https:\/\/ae01.alicdn.com\/kf\/S29e5071870b9434a9b930f1cdcbf47d9K.jpg\" alt=\"\"><img decoding=\"async\" src=\"https:\/\/ae01.alicdn.com\/kf\/Se8029c6780014d7a9e4d9b95cf3891f7j.jpg\" alt=\"\"><img decoding=\"async\" src=\"https:\/\/ae01.alicdn.com\/kf\/S9eff8844f4504e019f27da058f621d624.jpg\" alt=\"\"><\/p>","protected":false},"excerpt":{"rendered":"<p>Sistema de humedad constante en ciclos En la base de nuestro armario humidor hay un dep\u00f3sito de circulaci\u00f3n de agua con refrigeraci\u00f3n. Este m\u00e9todo resuelve el<\/p>","protected":false},"featured_media":7674,"comment_status":"closed","ping_status":"closed","template":"","meta":[],"product_brand":[],"product_cat":[79],"product_tag":[],"class_list":{"0":"post-7659","1":"product","2":"type-product","3":"status-publish","4":"has-post-thumbnail","6":"product_cat-humidor-schrank","8":"first","9":"instock","10":"sale","11":"shipping-taxable","12":"purchasable","13":"product-type-simple"},"yoast_head":"<!-- This site is optimized with the Yoast SEO Premium plugin v26.7 (Yoast SEO v27.4) - https:\/\/yoast.com\/product\/yoast-seo-premium-wordpress\/ -->\n<title>humidor schrank mit k\u00fchlung - Der beste Onlineshop f\u00fcr Pfeifen und Zigarrenzubeh\u00f6r in Deutschland<\/title>\n<meta name=\"robots\" content=\"index, follow, max-snippet:-1, max-image-preview:large, max-video-preview:-1\" \/>\n<link rel=\"canonical\" href=\"https:\/\/pfeifenundzigarren.de\/es\/Produkt\/humidor-schrank-mit-kuehlung\/\" \/>\n<meta property=\"og:locale\" content=\"es_ES\" \/>\n<meta property=\"og:type\" content=\"article\" \/>\n<meta property=\"og:title\" content=\"humidor schrank mit k\u00fchlung\" \/>\n<meta property=\"og:description\" content=\"System f\u00fcr konstante Luftfeuchtigkeit in Zyklen Im Boden unseres Humidorschranks mit K\u00fchlung befindet sich ein Wasserzirkulationstank. Dieser Ansatz l\u00f6st die\" \/>\n<meta property=\"og:url\" content=\"https:\/\/pfeifenundzigarren.de\/es\/Produkt\/humidor-schrank-mit-kuehlung\/\" \/>\n<meta property=\"og:site_name\" content=\"Der beste Onlineshop f\u00fcr Pfeifen und Zigarrenzubeh\u00f6r in Deutschland\" \/>\n<meta property=\"article:modified_time\" content=\"2025-09-24T03:12:40+00:00\" \/>\n<meta property=\"og:image\" content=\"https:\/\/pfeifenundzigarren.de\/wp-content\/uploads\/2025\/09\/kf-Se7627eabba5245818e796d7a680f03b86-1.png\" \/>\n\t<meta property=\"og:image:width\" content=\"1000\" \/>\n\t<meta property=\"og:image:height\" content=\"1000\" \/>\n\t<meta property=\"og:image:type\" content=\"image\/png\" \/>\n<meta name=\"twitter:card\" content=\"summary_large_image\" \/>\n<meta name=\"twitter:label1\" content=\"Tiempo de lectura\" \/>\n\t<meta name=\"twitter:data1\" content=\"2 minutos\" \/>\n<script type=\"application\/ld+json\" class=\"yoast-schema-graph\">{\"@context\":\"https:\\\/\\\/schema.org\",\"@graph\":[{\"@type\":\"WebPage\",\"@id\":\"https:\\\/\\\/pfeifenundzigarren.de\\\/Produkt\\\/humidor-schrank-mit-kuehlung\\\/\",\"url\":\"https:\\\/\\\/pfeifenundzigarren.de\\\/Produkt\\\/humidor-schrank-mit-kuehlung\\\/\",\"name\":\"humidor schrank mit k\u00fchlung - Der beste Onlineshop f\u00fcr Pfeifen und Zigarrenzubeh\u00f6r in Deutschland\",\"isPartOf\":{\"@id\":\"https:\\\/\\\/lime-nightingale-562313.hostingersite.com\\\/#website\"},\"primaryImageOfPage\":{\"@id\":\"https:\\\/\\\/pfeifenundzigarren.de\\\/Produkt\\\/humidor-schrank-mit-kuehlung\\\/#primaryimage\"},\"image\":{\"@id\":\"https:\\\/\\\/pfeifenundzigarren.de\\\/Produkt\\\/humidor-schrank-mit-kuehlung\\\/#primaryimage\"},\"thumbnailUrl\":\"https:\\\/\\\/pfeifenundzigarren.de\\\/wp-content\\\/uploads\\\/2025\\\/09\\\/kf-Se7627eabba5245818e796d7a680f03b86-1.png\",\"datePublished\":\"2025-09-01T05:34:19+00:00\",\"dateModified\":\"2025-09-24T03:12:40+00:00\",\"breadcrumb\":{\"@id\":\"https:\\\/\\\/pfeifenundzigarren.de\\\/Produkt\\\/humidor-schrank-mit-kuehlung\\\/#breadcrumb\"},\"inLanguage\":\"es\",\"potentialAction\":[{\"@type\":\"ReadAction\",\"target\":[\"https:\\\/\\\/pfeifenundzigarren.de\\\/Produkt\\\/humidor-schrank-mit-kuehlung\\\/\"]}]},{\"@type\":\"ImageObject\",\"inLanguage\":\"es\",\"@id\":\"https:\\\/\\\/pfeifenundzigarren.de\\\/Produkt\\\/humidor-schrank-mit-kuehlung\\\/#primaryimage\",\"url\":\"https:\\\/\\\/pfeifenundzigarren.de\\\/wp-content\\\/uploads\\\/2025\\\/09\\\/kf-Se7627eabba5245818e796d7a680f03b86-1.png\",\"contentUrl\":\"https:\\\/\\\/pfeifenundzigarren.de\\\/wp-content\\\/uploads\\\/2025\\\/09\\\/kf-Se7627eabba5245818e796d7a680f03b86-1.png\",\"width\":1000,\"height\":1000,\"caption\":\"humidor schrank mit k\u00fchlung\"},{\"@type\":\"BreadcrumbList\",\"@id\":\"https:\\\/\\\/pfeifenundzigarren.de\\\/Produkt\\\/humidor-schrank-mit-kuehlung\\\/#breadcrumb\",\"itemListElement\":[{\"@type\":\"ListItem\",\"position\":1,\"name\":\"Home\",\"item\":\"https:\\\/\\\/lime-nightingale-562313.hostingersite.com\\\/\"},{\"@type\":\"ListItem\",\"position\":2,\"name\":\"Shop\",\"item\":\"https:\\\/\\\/lime-nightingale-562313.hostingersite.com\\\/shop\\\/\"},{\"@type\":\"ListItem\",\"position\":3,\"name\":\"humidor schrank mit k\u00fchlung\"}]},{\"@type\":\"WebSite\",\"@id\":\"https:\\\/\\\/lime-nightingale-562313.hostingersite.com\\\/#website\",\"url\":\"https:\\\/\\\/lime-nightingale-562313.hostingersite.com\\\/\",\"name\":\"Der beste Onlineshop f\u00fcr Pfeifen und Zigarrenzubeh\u00f6r in Deutschland\",\"description\":\"\",\"publisher\":{\"@id\":\"https:\\\/\\\/lime-nightingale-562313.hostingersite.com\\\/#organization\"},\"potentialAction\":[{\"@type\":\"SearchAction\",\"target\":{\"@type\":\"EntryPoint\",\"urlTemplate\":\"https:\\\/\\\/lime-nightingale-562313.hostingersite.com\\\/?s={search_term_string}\"},\"query-input\":{\"@type\":\"PropertyValueSpecification\",\"valueRequired\":true,\"valueName\":\"search_term_string\"}}],\"inLanguage\":\"es\"},{\"@type\":\"Organization\",\"@id\":\"https:\\\/\\\/lime-nightingale-562313.hostingersite.com\\\/#organization\",\"name\":\"Der beste Onlineshop f\u00fcr Pfeifen und Zigarrenzubeh\u00f6r in Deutschland\",\"url\":\"https:\\\/\\\/lime-nightingale-562313.hostingersite.com\\\/\",\"logo\":{\"@type\":\"ImageObject\",\"inLanguage\":\"es\",\"@id\":\"https:\\\/\\\/lime-nightingale-562313.hostingersite.com\\\/#\\\/schema\\\/logo\\\/image\\\/\",\"url\":\"https:\\\/\\\/pfeifenundzigarren.de\\\/wp-content\\\/uploads\\\/2024\\\/09\\\/cropped-Luxury-and-Vintage-Ornamental-Coffee-Shop-Logo.png\",\"contentUrl\":\"https:\\\/\\\/pfeifenundzigarren.de\\\/wp-content\\\/uploads\\\/2024\\\/09\\\/cropped-Luxury-and-Vintage-Ornamental-Coffee-Shop-Logo.png\",\"width\":512,\"height\":512,\"caption\":\"Der beste Onlineshop f\u00fcr Pfeifen und Zigarrenzubeh\u00f6r in Deutschland\"},\"image\":{\"@id\":\"https:\\\/\\\/lime-nightingale-562313.hostingersite.com\\\/#\\\/schema\\\/logo\\\/image\\\/\"}}]}<\/script>\n<!-- \/ Yoast SEO Premium plugin. -->","yoast_head_json":{"title":"humidor schrank mit k\u00fchlung - Der beste Onlineshop f\u00fcr Pfeifen und Zigarrenzubeh\u00f6r in Deutschland","robots":{"index":"index","follow":"follow","max-snippet":"max-snippet:-1","max-image-preview":"max-image-preview:large","max-video-preview":"max-video-preview:-1"},"canonical":"https:\/\/pfeifenundzigarren.de\/es\/Produkt\/humidor-schrank-mit-kuehlung\/","og_locale":"es_ES","og_type":"article","og_title":"humidor schrank mit k\u00fchlung","og_description":"System f\u00fcr konstante Luftfeuchtigkeit in Zyklen Im Boden unseres Humidorschranks mit K\u00fchlung befindet sich ein Wasserzirkulationstank. Dieser Ansatz l\u00f6st die","og_url":"https:\/\/pfeifenundzigarren.de\/es\/Produkt\/humidor-schrank-mit-kuehlung\/","og_site_name":"Der beste Onlineshop f\u00fcr Pfeifen und Zigarrenzubeh\u00f6r in Deutschland","article_modified_time":"2025-09-24T03:12:40+00:00","og_image":[{"width":1000,"height":1000,"url":"https:\/\/pfeifenundzigarren.de\/wp-content\/uploads\/2025\/09\/kf-Se7627eabba5245818e796d7a680f03b86-1.png","type":"image\/png"}],"twitter_card":"summary_large_image","twitter_misc":{"Tiempo de lectura":"2 minutos"},"schema":{"@context":"https:\/\/schema.org","@graph":[{"@type":"WebPage","@id":"https:\/\/pfeifenundzigarren.de\/Produkt\/humidor-schrank-mit-kuehlung\/","url":"https:\/\/pfeifenundzigarren.de\/Produkt\/humidor-schrank-mit-kuehlung\/","name":"humidor schrank mit k\u00fchlung - Der beste Onlineshop f\u00fcr Pfeifen und Zigarrenzubeh\u00f6r in Deutschland","isPartOf":{"@id":"https:\/\/lime-nightingale-562313.hostingersite.com\/#website"},"primaryImageOfPage":{"@id":"https:\/\/pfeifenundzigarren.de\/Produkt\/humidor-schrank-mit-kuehlung\/#primaryimage"},"image":{"@id":"https:\/\/pfeifenundzigarren.de\/Produkt\/humidor-schrank-mit-kuehlung\/#primaryimage"},"thumbnailUrl":"https:\/\/pfeifenundzigarren.de\/wp-content\/uploads\/2025\/09\/kf-Se7627eabba5245818e796d7a680f03b86-1.png","datePublished":"2025-09-01T05:34:19+00:00","dateModified":"2025-09-24T03:12:40+00:00","breadcrumb":{"@id":"https:\/\/pfeifenundzigarren.de\/Produkt\/humidor-schrank-mit-kuehlung\/#breadcrumb"},"inLanguage":"es","potentialAction":[{"@type":"ReadAction","target":["https:\/\/pfeifenundzigarren.de\/Produkt\/humidor-schrank-mit-kuehlung\/"]}]},{"@type":"ImageObject","inLanguage":"es","@id":"https:\/\/pfeifenundzigarren.de\/Produkt\/humidor-schrank-mit-kuehlung\/#primaryimage","url":"https:\/\/pfeifenundzigarren.de\/wp-content\/uploads\/2025\/09\/kf-Se7627eabba5245818e796d7a680f03b86-1.png","contentUrl":"https:\/\/pfeifenundzigarren.de\/wp-content\/uploads\/2025\/09\/kf-Se7627eabba5245818e796d7a680f03b86-1.png","width":1000,"height":1000,"caption":"humidor schrank mit k\u00fchlung"},{"@type":"BreadcrumbList","@id":"https:\/\/pfeifenundzigarren.de\/Produkt\/humidor-schrank-mit-kuehlung\/#breadcrumb","itemListElement":[{"@type":"ListItem","position":1,"name":"Home","item":"https:\/\/lime-nightingale-562313.hostingersite.com\/"},{"@type":"ListItem","position":2,"name":"Shop","item":"https:\/\/lime-nightingale-562313.hostingersite.com\/shop\/"},{"@type":"ListItem","position":3,"name":"humidor schrank mit k\u00fchlung"}]},{"@type":"WebSite","@id":"https:\/\/lime-nightingale-562313.hostingersite.com\/#website","url":"https:\/\/lime-nightingale-562313.hostingersite.com\/","name":"La mejor tienda en l\u00ednea de pipas y accesorios para puros de Alemania","description":"","publisher":{"@id":"https:\/\/lime-nightingale-562313.hostingersite.com\/#organization"},"potentialAction":[{"@type":"SearchAction","target":{"@type":"EntryPoint","urlTemplate":"https:\/\/lime-nightingale-562313.hostingersite.com\/?s={search_term_string}"},"query-input":{"@type":"PropertyValueSpecification","valueRequired":true,"valueName":"search_term_string"}}],"inLanguage":"es"},{"@type":"Organization","@id":"https:\/\/lime-nightingale-562313.hostingersite.com\/#organization","name":"La mejor tienda en l\u00ednea de pipas y accesorios para puros de Alemania","url":"https:\/\/lime-nightingale-562313.hostingersite.com\/","logo":{"@type":"ImageObject","inLanguage":"es","@id":"https:\/\/lime-nightingale-562313.hostingersite.com\/#\/schema\/logo\/image\/","url":"https:\/\/pfeifenundzigarren.de\/wp-content\/uploads\/2024\/09\/cropped-Luxury-and-Vintage-Ornamental-Coffee-Shop-Logo.png","contentUrl":"https:\/\/pfeifenundzigarren.de\/wp-content\/uploads\/2024\/09\/cropped-Luxury-and-Vintage-Ornamental-Coffee-Shop-Logo.png","width":512,"height":512,"caption":"Der beste Onlineshop f\u00fcr Pfeifen und Zigarrenzubeh\u00f6r in Deutschland"},"image":{"@id":"https:\/\/lime-nightingale-562313.hostingersite.com\/#\/schema\/logo\/image\/"}}]}},"_links":{"self":[{"href":"https:\/\/pfeifenundzigarren.de\/es\/wp-json\/wp\/v2\/product\/7659","targetHints":{"allow":["GET"]}}],"collection":[{"href":"https:\/\/pfeifenundzigarren.de\/es\/wp-json\/wp\/v2\/product"}],"about":[{"href":"https:\/\/pfeifenundzigarren.de\/es\/wp-json\/wp\/v2\/types\/product"}],"replies":[{"embeddable":true,"href":"https:\/\/pfeifenundzigarren.de\/es\/wp-json\/wp\/v2\/comments?post=7659"}],"version-history":[{"count":0,"href":"https:\/\/pfeifenundzigarren.de\/es\/wp-json\/wp\/v2\/product\/7659\/revisions"}],"wp:featuredmedia":[{"embeddable":true,"href":"https:\/\/pfeifenundzigarren.de\/es\/wp-json\/wp\/v2\/media\/7674"}],"wp:attachment":[{"href":"https:\/\/pfeifenundzigarren.de\/es\/wp-json\/wp\/v2\/media?parent=7659"}],"wp:term":[{"taxonomy":"product_brand","embeddable":true,"href":"https:\/\/pfeifenundzigarren.de\/es\/wp-json\/wp\/v2\/product_brand?post=7659"},{"taxonomy":"product_cat","embeddable":true,"href":"https:\/\/pfeifenundzigarren.de\/es\/wp-json\/wp\/v2\/product_cat?post=7659"},{"taxonomy":"product_tag","embeddable":true,"href":"https:\/\/pfeifenundzigarren.de\/es\/wp-json\/wp\/v2\/product_tag?post=7659"}],"curies":[{"name":"wp","href":"https:\/\/api.w.org\/{rel}","templated":true}]}}