{"id":7650,"date":"2025-09-01T07:32:57","date_gmt":"2025-09-01T05:32:57","guid":{"rendered":"https:\/\/pfeifenundzigarren.de\/Produkt\/humidor-schrank-schweiz\/"},"modified":"2025-09-03T03:58:35","modified_gmt":"2025-09-03T01:58:35","slug":"humidor-schrank-schweiz","status":"publish","type":"product","link":"https:\/\/pfeifenundzigarren.de\/es\/Produkt\/humidor-schrank-schweiz\/","title":{"rendered":"armario humidificador suiza"},"content":{"rendered":"<p>Cr\u00e9eme, este <strong>armario humidificador suiza<\/strong> es sin duda una excelente elecci\u00f3n para principiantes o propietarios de una peque\u00f1a colecci\u00f3n de puros. Gracias a su peque\u00f1o tama\u00f1o, cada puro desarrolla todo su perfil de sabor en el uso diario. Esto significa que incluso los principiantes aprenden gradualmente la importancia del control de la humedad sin el complicado funcionamiento de un humidor m\u00e1s grande.<\/p>\n<div class=\"detailmodule_html\">\n<div class=\"detail-desc-decorate-richtext\">\n<div class=\"\">\n<div class=\"\">\n<p>\u00a0<img decoding=\"async\" src=\"https:\/\/ae01.alicdn.com\/kf\/S24c6731e3f3a42cbba1bc2ced528b590o.jpg?width=900&amp;height=1200&amp;hash=2100\" data-id=\"ckeditor_img40\" alt=\"\"><\/p>\n<p>Gracias al peque\u00f1o tama\u00f1o del<strong> <a href=\"https:\/\/pfeifenundzigarren.de\/es\/Produkt\/germanus-humidor-schrank\/\">armario humidificador<\/a> para el cannabis<\/strong> Los puros est\u00e1n mejor protegidos contra la desecaci\u00f3n, el agrietamiento y la humedad excesiva, ya que el clima interno es muy estable y soporta mejor las fluctuaciones de temperatura y humedad.<\/p>\n<p>El exterior de este <strong>armario humidificador suiza<\/strong> est\u00e1 acabado con una superficie de laca de piano que es posible gracias a la avanzada tecnolog\u00eda alemana de pintura automatizada. Este color se fabrica con pintura respetuosa con el medio ambiente y se somete a un elaborado proceso de lijado y horneado a altas temperaturas. El resultado es una superficie que llama inmediatamente la atenci\u00f3n.<\/p>\n<p><img decoding=\"async\" src=\"https:\/\/ae01.alicdn.com\/kf\/Sb13af7a25ef241578e8316ab7eae1fc92.jpg?width=900&amp;height=1200&amp;hash=2100\" data-id=\"ckeditor_img41\" alt=\"\"><\/p>\n<p>Adem\u00e1s, este<strong> Humidificador de mesa<\/strong> tiene un anillo de sellado de precisi\u00f3n y una tapa m\u00e1s gruesa para mejorar la resistencia y el sellado del interior. Al crear una zona de almacenamiento separada y mantener un equilibrio de humedad uniforme, este <a href=\"https:\/\/pfeifenundzigarren.de\/es\/Produkt\/freistehender-zigarrenschrank-im-modernen-design-fuer-600-zigarren\/\">Dise\u00f1ar los puros<\/a> con \u00e9xito de las influencias externas. Las bisagras se fabrican mediante un elaborado proceso de chapado en oro y son duraderas y resistentes a la oxidaci\u00f3n. Los rodamientos de bolas de acero y el \u00e1ngulo de apertura de hasta 90 grados garantizan una apertura suave y silenciosa.<\/p>\n<p><img decoding=\"async\" src=\"https:\/\/ae01.alicdn.com\/kf\/S0b76823ab01e40deae49aafa62c78e4bw.jpg?width=900&amp;height=1200&amp;hash=2100\" data-id=\"ckeditor_img42\" alt=\"\"><\/p>\n<p>En<a href=\"https:\/\/pfeifenundzigarren.de\/es\/produktkategorie\/zigarren-zubehoer\/zigarren-humidor\/humidor-schrank\/\"> <strong>Humidificador de sobremesa de lujo<\/strong> <\/a>tiene una ventana de cristal transparente de alta resoluci\u00f3n a trav\u00e9s de la cual se puede observar f\u00e1cilmente el interior.<\/p>\n<p>El medidor de humedad, la cantidad de cigarros y los signos de moho o infestaci\u00f3n de insectos son f\u00e1cilmente visibles para el usuario sin necesidad de abrir la puerta. Al reducir la frecuencia de apertura de la puerta, este control no invasivo minimiza el impacto de las fluctuaciones de humedad en el microclima interior.<\/p>\n<p style=\"margin: 0; display: block; width: 100%;\">\n<\/div>\n<\/div>\n<\/div>\n<\/div>","protected":false},"excerpt":{"rendered":"<p>Cr\u00e9ame, este humidor schrank schweiz es sin duda una excelente elecci\u00f3n para principiantes o propietarios de una colecci\u00f3n de puros m\u00e1s peque\u00f1a. Gracias a<\/p>","protected":false},"featured_media":7651,"comment_status":"closed","ping_status":"closed","template":"","meta":[],"product_brand":[],"product_cat":[79],"product_tag":[],"class_list":{"0":"post-7650","1":"product","2":"type-product","3":"status-publish","4":"has-post-thumbnail","6":"product_cat-humidor-schrank","8":"first","9":"instock","10":"sale","11":"shipping-taxable","12":"purchasable","13":"product-type-simple"},"yoast_head":"<!-- This site is optimized with the Yoast SEO Premium plugin v26.7 (Yoast SEO v27.4) - https:\/\/yoast.com\/product\/yoast-seo-premium-wordpress\/ -->\n<title>humidor schrank schweiz - Der beste Onlineshop f\u00fcr Pfeifen und Zigarrenzubeh\u00f6r in Deutschland<\/title>\n<meta name=\"robots\" content=\"index, follow, max-snippet:-1, max-image-preview:large, max-video-preview:-1\" \/>\n<link rel=\"canonical\" href=\"https:\/\/pfeifenundzigarren.de\/es\/Produkt\/humidor-schrank-schweiz\/\" \/>\n<meta property=\"og:locale\" content=\"es_ES\" \/>\n<meta property=\"og:type\" content=\"article\" \/>\n<meta property=\"og:title\" content=\"humidor schrank schweiz\" \/>\n<meta property=\"og:description\" content=\"Glauben Sie mir, dieser humidor schrank schweiz ist definitiv eine hervorragende Wahl f\u00fcr Einsteiger oder Besitzer einer kleineren Zigarrensammlung. Dank\" \/>\n<meta property=\"og:url\" content=\"https:\/\/pfeifenundzigarren.de\/es\/Produkt\/humidor-schrank-schweiz\/\" \/>\n<meta property=\"og:site_name\" content=\"Der beste Onlineshop f\u00fcr Pfeifen und Zigarrenzubeh\u00f6r in Deutschland\" \/>\n<meta property=\"article:modified_time\" content=\"2025-09-03T01:58:35+00:00\" \/>\n<meta property=\"og:image\" content=\"https:\/\/pfeifenundzigarren.de\/wp-content\/uploads\/2025\/09\/kf-Scc6c7bdb265548d2ade5ac030e07d88dp.webp\" \/>\n\t<meta property=\"og:image:width\" content=\"900\" \/>\n\t<meta property=\"og:image:height\" content=\"1200\" \/>\n\t<meta property=\"og:image:type\" content=\"image\/webp\" \/>\n<meta name=\"twitter:card\" content=\"summary_large_image\" \/>\n<meta name=\"twitter:label1\" content=\"Tiempo de lectura\" \/>\n\t<meta name=\"twitter:data1\" content=\"1 minuto\" \/>\n<script type=\"application\/ld+json\" class=\"yoast-schema-graph\">{\"@context\":\"https:\\\/\\\/schema.org\",\"@graph\":[{\"@type\":\"WebPage\",\"@id\":\"https:\\\/\\\/pfeifenundzigarren.de\\\/es\\\/Produkt\\\/humidor-schrank-schweiz\\\/\",\"url\":\"https:\\\/\\\/pfeifenundzigarren.de\\\/es\\\/Produkt\\\/humidor-schrank-schweiz\\\/\",\"name\":\"humidor schrank schweiz - Der beste Onlineshop f\u00fcr Pfeifen und Zigarrenzubeh\u00f6r in Deutschland\",\"isPartOf\":{\"@id\":\"https:\\\/\\\/lime-nightingale-562313.hostingersite.com\\\/#website\"},\"primaryImageOfPage\":{\"@id\":\"https:\\\/\\\/pfeifenundzigarren.de\\\/es\\\/Produkt\\\/humidor-schrank-schweiz\\\/#primaryimage\"},\"image\":{\"@id\":\"https:\\\/\\\/pfeifenundzigarren.de\\\/es\\\/Produkt\\\/humidor-schrank-schweiz\\\/#primaryimage\"},\"thumbnailUrl\":\"https:\\\/\\\/pfeifenundzigarren.de\\\/wp-content\\\/uploads\\\/2025\\\/09\\\/kf-Scc6c7bdb265548d2ade5ac030e07d88dp.webp\",\"datePublished\":\"2025-09-01T05:32:57+00:00\",\"dateModified\":\"2025-09-03T01:58:35+00:00\",\"breadcrumb\":{\"@id\":\"https:\\\/\\\/pfeifenundzigarren.de\\\/es\\\/Produkt\\\/humidor-schrank-schweiz\\\/#breadcrumb\"},\"inLanguage\":\"es\",\"potentialAction\":[{\"@type\":\"ReadAction\",\"target\":[\"https:\\\/\\\/pfeifenundzigarren.de\\\/es\\\/Produkt\\\/humidor-schrank-schweiz\\\/\"]}]},{\"@type\":\"ImageObject\",\"inLanguage\":\"es\",\"@id\":\"https:\\\/\\\/pfeifenundzigarren.de\\\/es\\\/Produkt\\\/humidor-schrank-schweiz\\\/#primaryimage\",\"url\":\"https:\\\/\\\/pfeifenundzigarren.de\\\/wp-content\\\/uploads\\\/2025\\\/09\\\/kf-Scc6c7bdb265548d2ade5ac030e07d88dp.webp\",\"contentUrl\":\"https:\\\/\\\/pfeifenundzigarren.de\\\/wp-content\\\/uploads\\\/2025\\\/09\\\/kf-Scc6c7bdb265548d2ade5ac030e07d88dp.webp\",\"width\":900,\"height\":1200,\"caption\":\"humidor schrank schweiz\"},{\"@type\":\"BreadcrumbList\",\"@id\":\"https:\\\/\\\/pfeifenundzigarren.de\\\/es\\\/Produkt\\\/humidor-schrank-schweiz\\\/#breadcrumb\",\"itemListElement\":[{\"@type\":\"ListItem\",\"position\":1,\"name\":\"Home\",\"item\":\"https:\\\/\\\/lime-nightingale-562313.hostingersite.com\\\/\"},{\"@type\":\"ListItem\",\"position\":2,\"name\":\"Shop\",\"item\":\"https:\\\/\\\/lime-nightingale-562313.hostingersite.com\\\/shop\\\/\"},{\"@type\":\"ListItem\",\"position\":3,\"name\":\"humidor schrank schweiz\"}]},{\"@type\":\"WebSite\",\"@id\":\"https:\\\/\\\/lime-nightingale-562313.hostingersite.com\\\/#website\",\"url\":\"https:\\\/\\\/lime-nightingale-562313.hostingersite.com\\\/\",\"name\":\"Der beste Onlineshop f\u00fcr Pfeifen und Zigarrenzubeh\u00f6r in Deutschland\",\"description\":\"\",\"publisher\":{\"@id\":\"https:\\\/\\\/lime-nightingale-562313.hostingersite.com\\\/#organization\"},\"potentialAction\":[{\"@type\":\"SearchAction\",\"target\":{\"@type\":\"EntryPoint\",\"urlTemplate\":\"https:\\\/\\\/lime-nightingale-562313.hostingersite.com\\\/?s={search_term_string}\"},\"query-input\":{\"@type\":\"PropertyValueSpecification\",\"valueRequired\":true,\"valueName\":\"search_term_string\"}}],\"inLanguage\":\"es\"},{\"@type\":\"Organization\",\"@id\":\"https:\\\/\\\/lime-nightingale-562313.hostingersite.com\\\/#organization\",\"name\":\"Der beste Onlineshop f\u00fcr Pfeifen und Zigarrenzubeh\u00f6r in Deutschland\",\"url\":\"https:\\\/\\\/lime-nightingale-562313.hostingersite.com\\\/\",\"logo\":{\"@type\":\"ImageObject\",\"inLanguage\":\"es\",\"@id\":\"https:\\\/\\\/lime-nightingale-562313.hostingersite.com\\\/#\\\/schema\\\/logo\\\/image\\\/\",\"url\":\"https:\\\/\\\/pfeifenundzigarren.de\\\/wp-content\\\/uploads\\\/2024\\\/09\\\/cropped-Luxury-and-Vintage-Ornamental-Coffee-Shop-Logo.png\",\"contentUrl\":\"https:\\\/\\\/pfeifenundzigarren.de\\\/wp-content\\\/uploads\\\/2024\\\/09\\\/cropped-Luxury-and-Vintage-Ornamental-Coffee-Shop-Logo.png\",\"width\":512,\"height\":512,\"caption\":\"Der beste Onlineshop f\u00fcr Pfeifen und Zigarrenzubeh\u00f6r in Deutschland\"},\"image\":{\"@id\":\"https:\\\/\\\/lime-nightingale-562313.hostingersite.com\\\/#\\\/schema\\\/logo\\\/image\\\/\"}}]}<\/script>\n<!-- \/ Yoast SEO Premium plugin. -->","yoast_head_json":{"title":"humidor schrank schweiz - Der beste Onlineshop f\u00fcr Pfeifen und Zigarrenzubeh\u00f6r in Deutschland","robots":{"index":"index","follow":"follow","max-snippet":"max-snippet:-1","max-image-preview":"max-image-preview:large","max-video-preview":"max-video-preview:-1"},"canonical":"https:\/\/pfeifenundzigarren.de\/es\/Produkt\/humidor-schrank-schweiz\/","og_locale":"es_ES","og_type":"article","og_title":"humidor schrank schweiz","og_description":"Glauben Sie mir, dieser humidor schrank schweiz ist definitiv eine hervorragende Wahl f\u00fcr Einsteiger oder Besitzer einer kleineren Zigarrensammlung. Dank","og_url":"https:\/\/pfeifenundzigarren.de\/es\/Produkt\/humidor-schrank-schweiz\/","og_site_name":"Der beste Onlineshop f\u00fcr Pfeifen und Zigarrenzubeh\u00f6r in Deutschland","article_modified_time":"2025-09-03T01:58:35+00:00","og_image":[{"width":900,"height":1200,"url":"https:\/\/pfeifenundzigarren.de\/wp-content\/uploads\/2025\/09\/kf-Scc6c7bdb265548d2ade5ac030e07d88dp.webp","type":"image\/webp"}],"twitter_card":"summary_large_image","twitter_misc":{"Tiempo de lectura":"1 minuto"},"schema":{"@context":"https:\/\/schema.org","@graph":[{"@type":"WebPage","@id":"https:\/\/pfeifenundzigarren.de\/es\/Produkt\/humidor-schrank-schweiz\/","url":"https:\/\/pfeifenundzigarren.de\/es\/Produkt\/humidor-schrank-schweiz\/","name":"humidor schrank schweiz - Der beste Onlineshop f\u00fcr Pfeifen und Zigarrenzubeh\u00f6r in Deutschland","isPartOf":{"@id":"https:\/\/lime-nightingale-562313.hostingersite.com\/#website"},"primaryImageOfPage":{"@id":"https:\/\/pfeifenundzigarren.de\/es\/Produkt\/humidor-schrank-schweiz\/#primaryimage"},"image":{"@id":"https:\/\/pfeifenundzigarren.de\/es\/Produkt\/humidor-schrank-schweiz\/#primaryimage"},"thumbnailUrl":"https:\/\/pfeifenundzigarren.de\/wp-content\/uploads\/2025\/09\/kf-Scc6c7bdb265548d2ade5ac030e07d88dp.webp","datePublished":"2025-09-01T05:32:57+00:00","dateModified":"2025-09-03T01:58:35+00:00","breadcrumb":{"@id":"https:\/\/pfeifenundzigarren.de\/es\/Produkt\/humidor-schrank-schweiz\/#breadcrumb"},"inLanguage":"es","potentialAction":[{"@type":"ReadAction","target":["https:\/\/pfeifenundzigarren.de\/es\/Produkt\/humidor-schrank-schweiz\/"]}]},{"@type":"ImageObject","inLanguage":"es","@id":"https:\/\/pfeifenundzigarren.de\/es\/Produkt\/humidor-schrank-schweiz\/#primaryimage","url":"https:\/\/pfeifenundzigarren.de\/wp-content\/uploads\/2025\/09\/kf-Scc6c7bdb265548d2ade5ac030e07d88dp.webp","contentUrl":"https:\/\/pfeifenundzigarren.de\/wp-content\/uploads\/2025\/09\/kf-Scc6c7bdb265548d2ade5ac030e07d88dp.webp","width":900,"height":1200,"caption":"humidor schrank schweiz"},{"@type":"BreadcrumbList","@id":"https:\/\/pfeifenundzigarren.de\/es\/Produkt\/humidor-schrank-schweiz\/#breadcrumb","itemListElement":[{"@type":"ListItem","position":1,"name":"Home","item":"https:\/\/lime-nightingale-562313.hostingersite.com\/"},{"@type":"ListItem","position":2,"name":"Shop","item":"https:\/\/lime-nightingale-562313.hostingersite.com\/shop\/"},{"@type":"ListItem","position":3,"name":"humidor schrank schweiz"}]},{"@type":"WebSite","@id":"https:\/\/lime-nightingale-562313.hostingersite.com\/#website","url":"https:\/\/lime-nightingale-562313.hostingersite.com\/","name":"La mejor tienda en l\u00ednea de pipas y accesorios para puros de Alemania","description":"","publisher":{"@id":"https:\/\/lime-nightingale-562313.hostingersite.com\/#organization"},"potentialAction":[{"@type":"SearchAction","target":{"@type":"EntryPoint","urlTemplate":"https:\/\/lime-nightingale-562313.hostingersite.com\/?s={search_term_string}"},"query-input":{"@type":"PropertyValueSpecification","valueRequired":true,"valueName":"search_term_string"}}],"inLanguage":"es"},{"@type":"Organization","@id":"https:\/\/lime-nightingale-562313.hostingersite.com\/#organization","name":"La mejor tienda en l\u00ednea de pipas y accesorios para puros de Alemania","url":"https:\/\/lime-nightingale-562313.hostingersite.com\/","logo":{"@type":"ImageObject","inLanguage":"es","@id":"https:\/\/lime-nightingale-562313.hostingersite.com\/#\/schema\/logo\/image\/","url":"https:\/\/pfeifenundzigarren.de\/wp-content\/uploads\/2024\/09\/cropped-Luxury-and-Vintage-Ornamental-Coffee-Shop-Logo.png","contentUrl":"https:\/\/pfeifenundzigarren.de\/wp-content\/uploads\/2024\/09\/cropped-Luxury-and-Vintage-Ornamental-Coffee-Shop-Logo.png","width":512,"height":512,"caption":"Der beste Onlineshop f\u00fcr Pfeifen und Zigarrenzubeh\u00f6r in Deutschland"},"image":{"@id":"https:\/\/lime-nightingale-562313.hostingersite.com\/#\/schema\/logo\/image\/"}}]}},"_links":{"self":[{"href":"https:\/\/pfeifenundzigarren.de\/es\/wp-json\/wp\/v2\/product\/7650","targetHints":{"allow":["GET"]}}],"collection":[{"href":"https:\/\/pfeifenundzigarren.de\/es\/wp-json\/wp\/v2\/product"}],"about":[{"href":"https:\/\/pfeifenundzigarren.de\/es\/wp-json\/wp\/v2\/types\/product"}],"replies":[{"embeddable":true,"href":"https:\/\/pfeifenundzigarren.de\/es\/wp-json\/wp\/v2\/comments?post=7650"}],"version-history":[{"count":0,"href":"https:\/\/pfeifenundzigarren.de\/es\/wp-json\/wp\/v2\/product\/7650\/revisions"}],"wp:featuredmedia":[{"embeddable":true,"href":"https:\/\/pfeifenundzigarren.de\/es\/wp-json\/wp\/v2\/media\/7651"}],"wp:attachment":[{"href":"https:\/\/pfeifenundzigarren.de\/es\/wp-json\/wp\/v2\/media?parent=7650"}],"wp:term":[{"taxonomy":"product_brand","embeddable":true,"href":"https:\/\/pfeifenundzigarren.de\/es\/wp-json\/wp\/v2\/product_brand?post=7650"},{"taxonomy":"product_cat","embeddable":true,"href":"https:\/\/pfeifenundzigarren.de\/es\/wp-json\/wp\/v2\/product_cat?post=7650"},{"taxonomy":"product_tag","embeddable":true,"href":"https:\/\/pfeifenundzigarren.de\/es\/wp-json\/wp\/v2\/product_tag?post=7650"}],"curies":[{"name":"wp","href":"https:\/\/api.w.org\/{rel}","templated":true}]}}