{"id":7646,"date":"2025-09-01T07:31:53","date_gmt":"2025-09-01T05:31:53","guid":{"rendered":"https:\/\/pfeifenundzigarren.de\/Produkt\/humidor-schrank-gross\/"},"modified":"2025-10-09T04:46:46","modified_gmt":"2025-10-09T02:46:46","slug":"humidor-schrank-gross","status":"publish","type":"product","link":"https:\/\/pfeifenundzigarren.de\/es\/Produkt\/humidor-schrank-gross\/","title":{"rendered":"armario humidor grande"},"content":{"rendered":"<div class=\"detailmodule_html\">\n<div class=\"detail-desc-decorate-richtext\">\n<p>En <strong>Gran armario para puros<\/strong> cuenta con sistemas inteligentes de monitorizaci\u00f3n e innovadores sistemas de control de la humedad en 3D que regulan a la perfecci\u00f3n la temperatura y la humedad. Los higr\u00f3metros digitales Govee situados en cada esquina del armario controlan el lugar \u00f3ptimo de almacenamiento de los puros, que normalmente se fija en 72 % de humedad relativa (HR) y alrededor de 18\u00b0C. El<strong> Armario de colecci\u00f3n de puros<\/strong> utiliza sensores de humedad de alta precisi\u00f3n y algoritmos PID de bucle cerrado para controlar y estabilizar la temperatura y la humedad en tiempo real. Un compresor profesional de frecuencia variable y un sistema electr\u00f3nico interno de humidificaci\u00f3n se combinan para formar un sistema tridimensional inteligente de humidificaci\u00f3n y deshumidificaci\u00f3n. Este sistema utiliza intercambiadores de calor, membranas de humidificaci\u00f3n y ventiladores de circulaci\u00f3n de aire. Como resultado, el aire del armario permanece libre de escarcha y el aire fr\u00edo se distribuye uniformemente, manteniendo el sabor de los puros lo m\u00e1s fresco posible.<\/p>\n<p>El control de la temperatura y la humedad en tiempo real se realiza f\u00e1cilmente a trav\u00e9s de la pantalla t\u00e1ctil inteligente de la vitrina. Un panel de vidrio aislante antivaho LOW-E en la puerta bloquea eficazmente la radiaci\u00f3n UV e infrarroja lejana, evitando las fluctuaciones de temperatura causadas por la luz solar directa. Al mismo tiempo, mejora el aislamiento y la eficiencia energ\u00e9tica, prolongando la vida \u00fatil del aparato y de los puros.<\/p>\n<p>Para proteger sus valiosos puros de las influencias externas, el <strong>Armario comercial para puros<\/strong> con una puerta segura y cerraduras de primera clase. El ingenioso dise\u00f1o incluye compartimentos de almacenamiento vers\u00e1tiles y ocultos para <a href=\"https:\/\/pfeifenundzigarren.de\/es\/produktkategorie\/zigarren-zubehoer\/zigarren-humidor\/\">Accesorios para puros<\/a> como ceniceros, encendedores y cortapuros, ofreciendo una soluci\u00f3n pr\u00e1ctica y claramente organizada para el almacenamiento en casa. Para llegar r\u00e1pidamente a todas las zonas del armario, un potente ventilador genera una corriente de aire constante y fuerte, garantizando as\u00ed unas condiciones uniformes para el mejor cuidado posible de los puros.<\/p>\n<p style=\"text-align: left; margin: 0;\"><img decoding=\"async\" style=\"width: 790px; height: 1200px;\" src=\"https:\/\/ae01.alicdn.com\/kf\/S8dc32e3edb24401b874f7d57bf24e776A.jpg?width=790&amp;height=1200&amp;hash=1990\" data-id=\"ckeditor_img75\" alt=\"\"><img decoding=\"async\" style=\"width: 790px; height: 1200px;\" src=\"https:\/\/ae01.alicdn.com\/kf\/S4ab617a632714a6c902d28ecc3ebafb2r.jpg?width=790&amp;height=1200&amp;hash=1990\" data-id=\"ckeditor_img76\" alt=\"\"><img decoding=\"async\" style=\"width: 790px; height: 499px;\" src=\"https:\/\/ae01.alicdn.com\/kf\/Sc4bfee36b4834967b834ea1eaecb04e8L.jpg?width=790&amp;height=499&amp;hash=1289\" data-id=\"ckeditor_img77\" alt=\"\"><img decoding=\"async\" style=\"width: 790px; height: 1107px;\" src=\"https:\/\/ae01.alicdn.com\/kf\/Sc414857dcbe6411c87a7ad578a03610fX.jpg?width=790&amp;height=1107&amp;hash=1897\" data-id=\"ckeditor_img78\" alt=\"\"><img decoding=\"async\" src=\"https:\/\/ae01.alicdn.com\/kf\/S705463caf6ff44f28d8214aa9ae1f2d8i.jpg?width=790&amp;height=586&amp;hash=1376\" data-id=\"ckeditor_img79\" alt=\"\"><\/p>\n<\/div>\n<\/div>","protected":false},"excerpt":{"rendered":"<p>El armario para puros de gran tama\u00f1o cuenta con sistemas de control inteligentes e innovadores sistemas de control de humedad en 3D que regulan a la perfecci\u00f3n la temperatura y la humedad. Higr\u00f3metros digitales de Govee<\/p>","protected":false},"featured_media":7647,"comment_status":"closed","ping_status":"closed","template":"","meta":[],"product_brand":[],"product_cat":[79],"product_tag":[],"class_list":{"0":"post-7646","1":"product","2":"type-product","3":"status-publish","4":"has-post-thumbnail","6":"product_cat-humidor-schrank","8":"first","9":"instock","10":"sale","11":"shipping-taxable","12":"purchasable","13":"product-type-variable","14":"wvs-archive-product-wrapper"},"yoast_head":"<!-- This site is optimized with the Yoast SEO Premium plugin v26.7 (Yoast SEO v27.4) - https:\/\/yoast.com\/product\/yoast-seo-premium-wordpress\/ -->\n<title>humidor schrank gro\u00df - Der beste Onlineshop f\u00fcr Pfeifen und Zigarrenzubeh\u00f6r in Deutschland<\/title>\n<meta name=\"robots\" content=\"index, follow, max-snippet:-1, max-image-preview:large, max-video-preview:-1\" \/>\n<link rel=\"canonical\" href=\"https:\/\/pfeifenundzigarren.de\/es\/Produkt\/humidor-schrank-gross\/\" \/>\n<meta property=\"og:locale\" content=\"es_ES\" \/>\n<meta property=\"og:type\" content=\"article\" \/>\n<meta property=\"og:title\" content=\"humidor schrank gro\u00df\" \/>\n<meta property=\"og:description\" content=\"Der Gro\u00dfe Zigarrenschrank verf\u00fcgt \u00fcber intelligente \u00dcberwachungssysteme und innovative 3D-Feuchtigkeitskontrollsysteme, die Temperatur und Luftfeuchtigkeit l\u00fcckenlos regeln. Digitale Hygrometer von Govee\" \/>\n<meta property=\"og:url\" content=\"https:\/\/pfeifenundzigarren.de\/es\/Produkt\/humidor-schrank-gross\/\" \/>\n<meta property=\"og:site_name\" content=\"Der beste Onlineshop f\u00fcr Pfeifen und Zigarrenzubeh\u00f6r in Deutschland\" \/>\n<meta property=\"article:modified_time\" content=\"2025-10-09T02:46:46+00:00\" \/>\n<meta property=\"og:image\" content=\"https:\/\/pfeifenundzigarren.de\/wp-content\/uploads\/2025\/09\/kf-S6fa60a4716424c099dcc65e4310b000dy.webp\" \/>\n\t<meta property=\"og:image:width\" content=\"800\" \/>\n\t<meta property=\"og:image:height\" content=\"800\" \/>\n\t<meta property=\"og:image:type\" content=\"image\/webp\" \/>\n<meta name=\"twitter:card\" content=\"summary_large_image\" \/>\n<meta name=\"twitter:label1\" content=\"Tiempo de lectura\" \/>\n\t<meta name=\"twitter:data1\" content=\"1 minuto\" \/>\n<script type=\"application\/ld+json\" class=\"yoast-schema-graph\">{\"@context\":\"https:\\\/\\\/schema.org\",\"@graph\":[{\"@type\":\"WebPage\",\"@id\":\"https:\\\/\\\/pfeifenundzigarren.de\\\/Produkt\\\/humidor-schrank-gross\\\/\",\"url\":\"https:\\\/\\\/pfeifenundzigarren.de\\\/Produkt\\\/humidor-schrank-gross\\\/\",\"name\":\"humidor schrank gro\u00df - Der beste Onlineshop f\u00fcr Pfeifen und Zigarrenzubeh\u00f6r in Deutschland\",\"isPartOf\":{\"@id\":\"https:\\\/\\\/lime-nightingale-562313.hostingersite.com\\\/#website\"},\"primaryImageOfPage\":{\"@id\":\"https:\\\/\\\/pfeifenundzigarren.de\\\/Produkt\\\/humidor-schrank-gross\\\/#primaryimage\"},\"image\":{\"@id\":\"https:\\\/\\\/pfeifenundzigarren.de\\\/Produkt\\\/humidor-schrank-gross\\\/#primaryimage\"},\"thumbnailUrl\":\"https:\\\/\\\/pfeifenundzigarren.de\\\/wp-content\\\/uploads\\\/2025\\\/09\\\/kf-S6fa60a4716424c099dcc65e4310b000dy.webp\",\"datePublished\":\"2025-09-01T05:31:53+00:00\",\"dateModified\":\"2025-10-09T02:46:46+00:00\",\"breadcrumb\":{\"@id\":\"https:\\\/\\\/pfeifenundzigarren.de\\\/Produkt\\\/humidor-schrank-gross\\\/#breadcrumb\"},\"inLanguage\":\"es\",\"potentialAction\":[{\"@type\":\"ReadAction\",\"target\":[\"https:\\\/\\\/pfeifenundzigarren.de\\\/Produkt\\\/humidor-schrank-gross\\\/\"]}]},{\"@type\":\"ImageObject\",\"inLanguage\":\"es\",\"@id\":\"https:\\\/\\\/pfeifenundzigarren.de\\\/Produkt\\\/humidor-schrank-gross\\\/#primaryimage\",\"url\":\"https:\\\/\\\/pfeifenundzigarren.de\\\/wp-content\\\/uploads\\\/2025\\\/09\\\/kf-S6fa60a4716424c099dcc65e4310b000dy.webp\",\"contentUrl\":\"https:\\\/\\\/pfeifenundzigarren.de\\\/wp-content\\\/uploads\\\/2025\\\/09\\\/kf-S6fa60a4716424c099dcc65e4310b000dy.webp\",\"width\":800,\"height\":800,\"caption\":\"Automatisch geregelter Humidor\"},{\"@type\":\"BreadcrumbList\",\"@id\":\"https:\\\/\\\/pfeifenundzigarren.de\\\/Produkt\\\/humidor-schrank-gross\\\/#breadcrumb\",\"itemListElement\":[{\"@type\":\"ListItem\",\"position\":1,\"name\":\"Home\",\"item\":\"https:\\\/\\\/lime-nightingale-562313.hostingersite.com\\\/\"},{\"@type\":\"ListItem\",\"position\":2,\"name\":\"Shop\",\"item\":\"https:\\\/\\\/lime-nightingale-562313.hostingersite.com\\\/shop\\\/\"},{\"@type\":\"ListItem\",\"position\":3,\"name\":\"humidor schrank gro\u00df\"}]},{\"@type\":\"WebSite\",\"@id\":\"https:\\\/\\\/lime-nightingale-562313.hostingersite.com\\\/#website\",\"url\":\"https:\\\/\\\/lime-nightingale-562313.hostingersite.com\\\/\",\"name\":\"Der beste Onlineshop f\u00fcr Pfeifen und Zigarrenzubeh\u00f6r in Deutschland\",\"description\":\"\",\"publisher\":{\"@id\":\"https:\\\/\\\/lime-nightingale-562313.hostingersite.com\\\/#organization\"},\"potentialAction\":[{\"@type\":\"SearchAction\",\"target\":{\"@type\":\"EntryPoint\",\"urlTemplate\":\"https:\\\/\\\/lime-nightingale-562313.hostingersite.com\\\/?s={search_term_string}\"},\"query-input\":{\"@type\":\"PropertyValueSpecification\",\"valueRequired\":true,\"valueName\":\"search_term_string\"}}],\"inLanguage\":\"es\"},{\"@type\":\"Organization\",\"@id\":\"https:\\\/\\\/lime-nightingale-562313.hostingersite.com\\\/#organization\",\"name\":\"Der beste Onlineshop f\u00fcr Pfeifen und Zigarrenzubeh\u00f6r in Deutschland\",\"url\":\"https:\\\/\\\/lime-nightingale-562313.hostingersite.com\\\/\",\"logo\":{\"@type\":\"ImageObject\",\"inLanguage\":\"es\",\"@id\":\"https:\\\/\\\/lime-nightingale-562313.hostingersite.com\\\/#\\\/schema\\\/logo\\\/image\\\/\",\"url\":\"https:\\\/\\\/pfeifenundzigarren.de\\\/wp-content\\\/uploads\\\/2024\\\/09\\\/cropped-Luxury-and-Vintage-Ornamental-Coffee-Shop-Logo.png\",\"contentUrl\":\"https:\\\/\\\/pfeifenundzigarren.de\\\/wp-content\\\/uploads\\\/2024\\\/09\\\/cropped-Luxury-and-Vintage-Ornamental-Coffee-Shop-Logo.png\",\"width\":512,\"height\":512,\"caption\":\"Der beste Onlineshop f\u00fcr Pfeifen und Zigarrenzubeh\u00f6r in Deutschland\"},\"image\":{\"@id\":\"https:\\\/\\\/lime-nightingale-562313.hostingersite.com\\\/#\\\/schema\\\/logo\\\/image\\\/\"}}]}<\/script>\n<!-- \/ Yoast SEO Premium plugin. -->","yoast_head_json":{"title":"humidor schrank gro\u00df - Der beste Onlineshop f\u00fcr Pfeifen und Zigarrenzubeh\u00f6r in Deutschland","robots":{"index":"index","follow":"follow","max-snippet":"max-snippet:-1","max-image-preview":"max-image-preview:large","max-video-preview":"max-video-preview:-1"},"canonical":"https:\/\/pfeifenundzigarren.de\/es\/Produkt\/humidor-schrank-gross\/","og_locale":"es_ES","og_type":"article","og_title":"humidor schrank gro\u00df","og_description":"Der Gro\u00dfe Zigarrenschrank verf\u00fcgt \u00fcber intelligente \u00dcberwachungssysteme und innovative 3D-Feuchtigkeitskontrollsysteme, die Temperatur und Luftfeuchtigkeit l\u00fcckenlos regeln. Digitale Hygrometer von Govee","og_url":"https:\/\/pfeifenundzigarren.de\/es\/Produkt\/humidor-schrank-gross\/","og_site_name":"Der beste Onlineshop f\u00fcr Pfeifen und Zigarrenzubeh\u00f6r in Deutschland","article_modified_time":"2025-10-09T02:46:46+00:00","og_image":[{"width":800,"height":800,"url":"https:\/\/pfeifenundzigarren.de\/wp-content\/uploads\/2025\/09\/kf-S6fa60a4716424c099dcc65e4310b000dy.webp","type":"image\/webp"}],"twitter_card":"summary_large_image","twitter_misc":{"Tiempo de lectura":"1 minuto"},"schema":{"@context":"https:\/\/schema.org","@graph":[{"@type":"WebPage","@id":"https:\/\/pfeifenundzigarren.de\/Produkt\/humidor-schrank-gross\/","url":"https:\/\/pfeifenundzigarren.de\/Produkt\/humidor-schrank-gross\/","name":"humidor schrank gro\u00df - Der beste Onlineshop f\u00fcr Pfeifen und Zigarrenzubeh\u00f6r in Deutschland","isPartOf":{"@id":"https:\/\/lime-nightingale-562313.hostingersite.com\/#website"},"primaryImageOfPage":{"@id":"https:\/\/pfeifenundzigarren.de\/Produkt\/humidor-schrank-gross\/#primaryimage"},"image":{"@id":"https:\/\/pfeifenundzigarren.de\/Produkt\/humidor-schrank-gross\/#primaryimage"},"thumbnailUrl":"https:\/\/pfeifenundzigarren.de\/wp-content\/uploads\/2025\/09\/kf-S6fa60a4716424c099dcc65e4310b000dy.webp","datePublished":"2025-09-01T05:31:53+00:00","dateModified":"2025-10-09T02:46:46+00:00","breadcrumb":{"@id":"https:\/\/pfeifenundzigarren.de\/Produkt\/humidor-schrank-gross\/#breadcrumb"},"inLanguage":"es","potentialAction":[{"@type":"ReadAction","target":["https:\/\/pfeifenundzigarren.de\/Produkt\/humidor-schrank-gross\/"]}]},{"@type":"ImageObject","inLanguage":"es","@id":"https:\/\/pfeifenundzigarren.de\/Produkt\/humidor-schrank-gross\/#primaryimage","url":"https:\/\/pfeifenundzigarren.de\/wp-content\/uploads\/2025\/09\/kf-S6fa60a4716424c099dcc65e4310b000dy.webp","contentUrl":"https:\/\/pfeifenundzigarren.de\/wp-content\/uploads\/2025\/09\/kf-S6fa60a4716424c099dcc65e4310b000dy.webp","width":800,"height":800,"caption":"Automatisch geregelter Humidor"},{"@type":"BreadcrumbList","@id":"https:\/\/pfeifenundzigarren.de\/Produkt\/humidor-schrank-gross\/#breadcrumb","itemListElement":[{"@type":"ListItem","position":1,"name":"Home","item":"https:\/\/lime-nightingale-562313.hostingersite.com\/"},{"@type":"ListItem","position":2,"name":"Shop","item":"https:\/\/lime-nightingale-562313.hostingersite.com\/shop\/"},{"@type":"ListItem","position":3,"name":"humidor schrank gro\u00df"}]},{"@type":"WebSite","@id":"https:\/\/lime-nightingale-562313.hostingersite.com\/#website","url":"https:\/\/lime-nightingale-562313.hostingersite.com\/","name":"La mejor tienda en l\u00ednea de pipas y accesorios para puros de Alemania","description":"","publisher":{"@id":"https:\/\/lime-nightingale-562313.hostingersite.com\/#organization"},"potentialAction":[{"@type":"SearchAction","target":{"@type":"EntryPoint","urlTemplate":"https:\/\/lime-nightingale-562313.hostingersite.com\/?s={search_term_string}"},"query-input":{"@type":"PropertyValueSpecification","valueRequired":true,"valueName":"search_term_string"}}],"inLanguage":"es"},{"@type":"Organization","@id":"https:\/\/lime-nightingale-562313.hostingersite.com\/#organization","name":"La mejor tienda en l\u00ednea de pipas y accesorios para puros de Alemania","url":"https:\/\/lime-nightingale-562313.hostingersite.com\/","logo":{"@type":"ImageObject","inLanguage":"es","@id":"https:\/\/lime-nightingale-562313.hostingersite.com\/#\/schema\/logo\/image\/","url":"https:\/\/pfeifenundzigarren.de\/wp-content\/uploads\/2024\/09\/cropped-Luxury-and-Vintage-Ornamental-Coffee-Shop-Logo.png","contentUrl":"https:\/\/pfeifenundzigarren.de\/wp-content\/uploads\/2024\/09\/cropped-Luxury-and-Vintage-Ornamental-Coffee-Shop-Logo.png","width":512,"height":512,"caption":"Der beste Onlineshop f\u00fcr Pfeifen und Zigarrenzubeh\u00f6r in Deutschland"},"image":{"@id":"https:\/\/lime-nightingale-562313.hostingersite.com\/#\/schema\/logo\/image\/"}}]}},"_links":{"self":[{"href":"https:\/\/pfeifenundzigarren.de\/es\/wp-json\/wp\/v2\/product\/7646","targetHints":{"allow":["GET"]}}],"collection":[{"href":"https:\/\/pfeifenundzigarren.de\/es\/wp-json\/wp\/v2\/product"}],"about":[{"href":"https:\/\/pfeifenundzigarren.de\/es\/wp-json\/wp\/v2\/types\/product"}],"replies":[{"embeddable":true,"href":"https:\/\/pfeifenundzigarren.de\/es\/wp-json\/wp\/v2\/comments?post=7646"}],"version-history":[{"count":0,"href":"https:\/\/pfeifenundzigarren.de\/es\/wp-json\/wp\/v2\/product\/7646\/revisions"}],"wp:featuredmedia":[{"embeddable":true,"href":"https:\/\/pfeifenundzigarren.de\/es\/wp-json\/wp\/v2\/media\/7647"}],"wp:attachment":[{"href":"https:\/\/pfeifenundzigarren.de\/es\/wp-json\/wp\/v2\/media?parent=7646"}],"wp:term":[{"taxonomy":"product_brand","embeddable":true,"href":"https:\/\/pfeifenundzigarren.de\/es\/wp-json\/wp\/v2\/product_brand?post=7646"},{"taxonomy":"product_cat","embeddable":true,"href":"https:\/\/pfeifenundzigarren.de\/es\/wp-json\/wp\/v2\/product_cat?post=7646"},{"taxonomy":"product_tag","embeddable":true,"href":"https:\/\/pfeifenundzigarren.de\/es\/wp-json\/wp\/v2\/product_tag?post=7646"}],"curies":[{"name":"wp","href":"https:\/\/api.w.org\/{rel}","templated":true}]}}