{"id":7638,"date":"2025-09-01T07:29:45","date_gmt":"2025-09-01T05:29:45","guid":{"rendered":"https:\/\/pfeifenundzigarren.de\/Produkt\/humidor-schrank-mit-automatischer-befeuchtung\/"},"modified":"2025-09-03T04:50:53","modified_gmt":"2025-09-03T02:50:53","slug":"humidor-schrank-mit-automatischer-befeuchtung","status":"publish","type":"product","link":"https:\/\/pfeifenundzigarren.de\/es\/Produkt\/humidor-schrank-mit-automatischer-befeuchtung\/","title":{"rendered":"armario humidificador con humidificaci\u00f3n autom\u00e1tica"},"content":{"rendered":"<p>Nuestra <strong>Armario humidificador con humidificaci\u00f3n autom\u00e1tica<\/strong> va m\u00e1s all\u00e1 del almacenamiento tradicional y crea un ambiente de lujo. Dispone de funciones de esterilizaci\u00f3n, humidificaci\u00f3n, deshumidificaci\u00f3n, mantenimiento de bacterias beneficiosas y refrigeraci\u00f3n para crear un sistema de mantenimiento cerrado. Los gases nocivos, como el amon\u00edaco y el formaldeh\u00eddo, se eliminan mediante la circulaci\u00f3n de aire en el armario a diferentes temperaturas y niveles de humedad. El resultado es un intercambio constante de aire entre las mol\u00e9culas de humedad reci\u00e9n formadas, que elimina de forma natural los contaminantes y proporciona a los puros un \"espacio a\u00e9reo\" limpio y libre de contaminantes. Este <a href=\"https:\/\/pfeifenundzigarren.de\/es\/Produkt\/freistehender-zigarrenschrank-im-modernen-design-fuer-600-zigarren\/\">Dise\u00f1o basado en la fermentaci\u00f3n natural de los puros<\/a> y evita as\u00ed los problemas del almacenamiento est\u00e1tico. Tambi\u00e9n garantiza que las bacterias beneficiosas del n\u00facleo del puro (como las del g\u00e9nero Aspergillus) permanezcan activas en condiciones \u00f3ptimas y eviten as\u00ed la infestaci\u00f3n bacteriana y de plagas.<\/p>\n<p>Equilibrio din\u00e1mico entre humidificaci\u00f3n y deshumidificaci\u00f3n<\/p>\n<p><strong>El sistema de humidificaci\u00f3n autom\u00e1tica<\/strong> utiliza tecnolog\u00eda de evaporaci\u00f3n en fr\u00edo y redes de almacenamiento de humedad en forma de panal. Si la humedad desciende por debajo de un determinado nivel, las mol\u00e9culas de agua se liberan inmediatamente y se distribuyen uniformemente. El modo de deshumidificaci\u00f3n, por su parte, utiliza un compresor o la extracci\u00f3n por presi\u00f3n negativa para eliminar el exceso de humedad y mantener los niveles de humedad entre 60 % y 75 %. Este sistema din\u00e1mico imita una funci\u00f3n de \"respiraci\u00f3n\", evitando una l\u00ednea de humedad plana que inhibe la actividad de las bacterias buenas en el n\u00facleo del puro.<\/p>\n<p><strong>El armario para puros con humidificaci\u00f3n electr\u00f3nica<\/strong> regula autom\u00e1ticamente la humedad para evitar un exceso de humedad. La ventilaci\u00f3n crea un ambiente fresco como el de un frigor\u00edfico, pero no tan riguroso, para que los puros no se sequen ni se enmohezcan.<\/p>\n<p>Tecnolog\u00eda de medici\u00f3n precisa y sensores<\/p>\n<p><strong>Humidificador con control autom\u00e1tico<\/strong> con sensores Sensirion de temperatura y humedad precisos y sensibles. Detectan cambios de temperatura de 0,1 \u00b0C y cambios de humedad relativa de 0,1 %. Gracias a sus r\u00e1pidas velocidades de actualizaci\u00f3n, garantizan valores de medici\u00f3n precisos. Esto permite que el sistema responda a peque\u00f1os cambios en tiempo real, manteniendo un equilibrio din\u00e1mico para una actividad bacteriana saludable y evitando que la humedad se descontrole debido a la lentitud de los sensores convencionales.<\/p>\n<p>Elementos de un dise\u00f1o sofisticado y de alta calidad<br \/>\nMarco de puerta en oro rosa: <strong>Humidificador totalmente autom\u00e1tico<\/strong>. Fabricado con artesan\u00eda refinada de alta calidad y con materiales resistentes a la flexi\u00f3n y la rotura. La superficie cepillada le confiere un aspecto y un tacto sofisticados.<\/p>\n<p>Asa est\u00e9tica y oculta: este dise\u00f1o de f\u00e1cil manejo incorpora un asa oculta que se integra perfectamente en el cuerpo para que no sobresalga y el funcionamiento sea suave y elegante.<\/p>\n<p>Caja de puros en forma de bandeja: el interior de la vo<strong><a href=\"https:\/\/pfeifenundzigarren.de\/es\/Produkt\/humidor-mit-spanischem-zedernholz-innenraum\/\">llautomatic<\/a><\/strong>El humidor est\u00e1 fabricado con madera de cedro espa\u00f1ol de grado AEA9, que absorbe la humedad de forma natural y es resistente a los insectos. Es adecuado para <a href=\"https:\/\/pfeifenundzigarren.de\/es\/Produkt\/behaelter-zur-lagerung-von-zigarren\/\">Almacenamiento de puros desnudos<\/a> (inserci\u00f3n directa) o en la caja original (almacenamiento en la caja). Las estanter\u00edas pueden moverse y desmontarse libremente para adaptarse a diferentes necesidades de almacenamiento.<\/p>","protected":false},"excerpt":{"rendered":"<p>Nuestro armario humidificador con humidificaci\u00f3n autom\u00e1tica va m\u00e1s all\u00e1 del almacenamiento tradicional y crea un ambiente de lujo. Dispone de las siguientes funciones<\/p>","protected":false},"featured_media":7639,"comment_status":"closed","ping_status":"closed","template":"","meta":[],"product_brand":[],"product_cat":[79],"product_tag":[],"class_list":{"0":"post-7638","1":"product","2":"type-product","3":"status-publish","4":"has-post-thumbnail","6":"product_cat-humidor-schrank","8":"first","9":"instock","10":"sale","11":"shipping-taxable","12":"purchasable","13":"product-type-variable","14":"wvs-archive-product-wrapper"},"yoast_head":"<!-- This site is optimized with the Yoast SEO Premium plugin v26.7 (Yoast SEO v27.4) - https:\/\/yoast.com\/product\/yoast-seo-premium-wordpress\/ -->\n<title>humidor schrank mit automatischer befeuchtung - Der beste Onlineshop f\u00fcr Pfeifen und Zigarrenzubeh\u00f6r in Deutschland<\/title>\n<meta name=\"robots\" content=\"index, follow, max-snippet:-1, max-image-preview:large, max-video-preview:-1\" \/>\n<link rel=\"canonical\" href=\"https:\/\/pfeifenundzigarren.de\/es\/Produkt\/humidor-schrank-mit-automatischer-befeuchtung\/\" \/>\n<meta property=\"og:locale\" content=\"es_ES\" \/>\n<meta property=\"og:type\" content=\"article\" \/>\n<meta property=\"og:title\" content=\"humidor schrank mit automatischer befeuchtung\" \/>\n<meta property=\"og:description\" content=\"Unser Humidorschrank mit automatischer Befeuchtung geht \u00fcber die traditionelle Lagerung hinaus und schafft ein luxuri\u00f6ses Ambiente. Er verf\u00fcgt \u00fcber Funktionen\" \/>\n<meta property=\"og:url\" content=\"https:\/\/pfeifenundzigarren.de\/es\/Produkt\/humidor-schrank-mit-automatischer-befeuchtung\/\" \/>\n<meta property=\"og:site_name\" content=\"Der beste Onlineshop f\u00fcr Pfeifen und Zigarrenzubeh\u00f6r in Deutschland\" \/>\n<meta property=\"article:modified_time\" content=\"2025-09-03T02:50:53+00:00\" \/>\n<meta property=\"og:image\" content=\"https:\/\/pfeifenundzigarren.de\/wp-content\/uploads\/2025\/09\/kf-S995cb57504a14f6887c9366435f50a8ap.webp\" \/>\n\t<meta property=\"og:image:width\" content=\"800\" \/>\n\t<meta property=\"og:image:height\" content=\"800\" \/>\n\t<meta property=\"og:image:type\" content=\"image\/webp\" \/>\n<meta name=\"twitter:card\" content=\"summary_large_image\" \/>\n<meta name=\"twitter:label1\" content=\"Tiempo de lectura\" \/>\n\t<meta name=\"twitter:data1\" content=\"2 minutos\" \/>\n<script type=\"application\/ld+json\" class=\"yoast-schema-graph\">{\"@context\":\"https:\\\/\\\/schema.org\",\"@graph\":[{\"@type\":\"WebPage\",\"@id\":\"https:\\\/\\\/pfeifenundzigarren.de\\\/Produkt\\\/humidor-schrank-mit-automatischer-befeuchtung\\\/\",\"url\":\"https:\\\/\\\/pfeifenundzigarren.de\\\/Produkt\\\/humidor-schrank-mit-automatischer-befeuchtung\\\/\",\"name\":\"humidor schrank mit automatischer befeuchtung - Der beste Onlineshop f\u00fcr Pfeifen und Zigarrenzubeh\u00f6r in Deutschland\",\"isPartOf\":{\"@id\":\"https:\\\/\\\/lime-nightingale-562313.hostingersite.com\\\/#website\"},\"primaryImageOfPage\":{\"@id\":\"https:\\\/\\\/pfeifenundzigarren.de\\\/Produkt\\\/humidor-schrank-mit-automatischer-befeuchtung\\\/#primaryimage\"},\"image\":{\"@id\":\"https:\\\/\\\/pfeifenundzigarren.de\\\/Produkt\\\/humidor-schrank-mit-automatischer-befeuchtung\\\/#primaryimage\"},\"thumbnailUrl\":\"https:\\\/\\\/pfeifenundzigarren.de\\\/wp-content\\\/uploads\\\/2025\\\/09\\\/kf-S995cb57504a14f6887c9366435f50a8ap.webp\",\"datePublished\":\"2025-09-01T05:29:45+00:00\",\"dateModified\":\"2025-09-03T02:50:53+00:00\",\"breadcrumb\":{\"@id\":\"https:\\\/\\\/pfeifenundzigarren.de\\\/Produkt\\\/humidor-schrank-mit-automatischer-befeuchtung\\\/#breadcrumb\"},\"inLanguage\":\"es\",\"potentialAction\":[{\"@type\":\"ReadAction\",\"target\":[\"https:\\\/\\\/pfeifenundzigarren.de\\\/Produkt\\\/humidor-schrank-mit-automatischer-befeuchtung\\\/\"]}]},{\"@type\":\"ImageObject\",\"inLanguage\":\"es\",\"@id\":\"https:\\\/\\\/pfeifenundzigarren.de\\\/Produkt\\\/humidor-schrank-mit-automatischer-befeuchtung\\\/#primaryimage\",\"url\":\"https:\\\/\\\/pfeifenundzigarren.de\\\/wp-content\\\/uploads\\\/2025\\\/09\\\/kf-S995cb57504a14f6887c9366435f50a8ap.webp\",\"contentUrl\":\"https:\\\/\\\/pfeifenundzigarren.de\\\/wp-content\\\/uploads\\\/2025\\\/09\\\/kf-S995cb57504a14f6887c9366435f50a8ap.webp\",\"width\":800,\"height\":800,\"caption\":\"humidor schrank mit automatischer befeuchtung\"},{\"@type\":\"BreadcrumbList\",\"@id\":\"https:\\\/\\\/pfeifenundzigarren.de\\\/Produkt\\\/humidor-schrank-mit-automatischer-befeuchtung\\\/#breadcrumb\",\"itemListElement\":[{\"@type\":\"ListItem\",\"position\":1,\"name\":\"Home\",\"item\":\"https:\\\/\\\/lime-nightingale-562313.hostingersite.com\\\/\"},{\"@type\":\"ListItem\",\"position\":2,\"name\":\"Shop\",\"item\":\"https:\\\/\\\/lime-nightingale-562313.hostingersite.com\\\/shop\\\/\"},{\"@type\":\"ListItem\",\"position\":3,\"name\":\"humidor schrank mit automatischer befeuchtung\"}]},{\"@type\":\"WebSite\",\"@id\":\"https:\\\/\\\/lime-nightingale-562313.hostingersite.com\\\/#website\",\"url\":\"https:\\\/\\\/lime-nightingale-562313.hostingersite.com\\\/\",\"name\":\"Der beste Onlineshop f\u00fcr Pfeifen und Zigarrenzubeh\u00f6r in Deutschland\",\"description\":\"\",\"publisher\":{\"@id\":\"https:\\\/\\\/lime-nightingale-562313.hostingersite.com\\\/#organization\"},\"potentialAction\":[{\"@type\":\"SearchAction\",\"target\":{\"@type\":\"EntryPoint\",\"urlTemplate\":\"https:\\\/\\\/lime-nightingale-562313.hostingersite.com\\\/?s={search_term_string}\"},\"query-input\":{\"@type\":\"PropertyValueSpecification\",\"valueRequired\":true,\"valueName\":\"search_term_string\"}}],\"inLanguage\":\"es\"},{\"@type\":\"Organization\",\"@id\":\"https:\\\/\\\/lime-nightingale-562313.hostingersite.com\\\/#organization\",\"name\":\"Der beste Onlineshop f\u00fcr Pfeifen und Zigarrenzubeh\u00f6r in Deutschland\",\"url\":\"https:\\\/\\\/lime-nightingale-562313.hostingersite.com\\\/\",\"logo\":{\"@type\":\"ImageObject\",\"inLanguage\":\"es\",\"@id\":\"https:\\\/\\\/lime-nightingale-562313.hostingersite.com\\\/#\\\/schema\\\/logo\\\/image\\\/\",\"url\":\"https:\\\/\\\/pfeifenundzigarren.de\\\/wp-content\\\/uploads\\\/2024\\\/09\\\/cropped-Luxury-and-Vintage-Ornamental-Coffee-Shop-Logo.png\",\"contentUrl\":\"https:\\\/\\\/pfeifenundzigarren.de\\\/wp-content\\\/uploads\\\/2024\\\/09\\\/cropped-Luxury-and-Vintage-Ornamental-Coffee-Shop-Logo.png\",\"width\":512,\"height\":512,\"caption\":\"Der beste Onlineshop f\u00fcr Pfeifen und Zigarrenzubeh\u00f6r in Deutschland\"},\"image\":{\"@id\":\"https:\\\/\\\/lime-nightingale-562313.hostingersite.com\\\/#\\\/schema\\\/logo\\\/image\\\/\"}}]}<\/script>\n<!-- \/ Yoast SEO Premium plugin. -->","yoast_head_json":{"title":"humidor schrank mit automatischer befeuchtung - Der beste Onlineshop f\u00fcr Pfeifen und Zigarrenzubeh\u00f6r in Deutschland","robots":{"index":"index","follow":"follow","max-snippet":"max-snippet:-1","max-image-preview":"max-image-preview:large","max-video-preview":"max-video-preview:-1"},"canonical":"https:\/\/pfeifenundzigarren.de\/es\/Produkt\/humidor-schrank-mit-automatischer-befeuchtung\/","og_locale":"es_ES","og_type":"article","og_title":"humidor schrank mit automatischer befeuchtung","og_description":"Unser Humidorschrank mit automatischer Befeuchtung geht \u00fcber die traditionelle Lagerung hinaus und schafft ein luxuri\u00f6ses Ambiente. Er verf\u00fcgt \u00fcber Funktionen","og_url":"https:\/\/pfeifenundzigarren.de\/es\/Produkt\/humidor-schrank-mit-automatischer-befeuchtung\/","og_site_name":"Der beste Onlineshop f\u00fcr Pfeifen und Zigarrenzubeh\u00f6r in Deutschland","article_modified_time":"2025-09-03T02:50:53+00:00","og_image":[{"width":800,"height":800,"url":"https:\/\/pfeifenundzigarren.de\/wp-content\/uploads\/2025\/09\/kf-S995cb57504a14f6887c9366435f50a8ap.webp","type":"image\/webp"}],"twitter_card":"summary_large_image","twitter_misc":{"Tiempo de lectura":"2 minutos"},"schema":{"@context":"https:\/\/schema.org","@graph":[{"@type":"WebPage","@id":"https:\/\/pfeifenundzigarren.de\/Produkt\/humidor-schrank-mit-automatischer-befeuchtung\/","url":"https:\/\/pfeifenundzigarren.de\/Produkt\/humidor-schrank-mit-automatischer-befeuchtung\/","name":"humidor schrank mit automatischer befeuchtung - Der beste Onlineshop f\u00fcr Pfeifen und Zigarrenzubeh\u00f6r in Deutschland","isPartOf":{"@id":"https:\/\/lime-nightingale-562313.hostingersite.com\/#website"},"primaryImageOfPage":{"@id":"https:\/\/pfeifenundzigarren.de\/Produkt\/humidor-schrank-mit-automatischer-befeuchtung\/#primaryimage"},"image":{"@id":"https:\/\/pfeifenundzigarren.de\/Produkt\/humidor-schrank-mit-automatischer-befeuchtung\/#primaryimage"},"thumbnailUrl":"https:\/\/pfeifenundzigarren.de\/wp-content\/uploads\/2025\/09\/kf-S995cb57504a14f6887c9366435f50a8ap.webp","datePublished":"2025-09-01T05:29:45+00:00","dateModified":"2025-09-03T02:50:53+00:00","breadcrumb":{"@id":"https:\/\/pfeifenundzigarren.de\/Produkt\/humidor-schrank-mit-automatischer-befeuchtung\/#breadcrumb"},"inLanguage":"es","potentialAction":[{"@type":"ReadAction","target":["https:\/\/pfeifenundzigarren.de\/Produkt\/humidor-schrank-mit-automatischer-befeuchtung\/"]}]},{"@type":"ImageObject","inLanguage":"es","@id":"https:\/\/pfeifenundzigarren.de\/Produkt\/humidor-schrank-mit-automatischer-befeuchtung\/#primaryimage","url":"https:\/\/pfeifenundzigarren.de\/wp-content\/uploads\/2025\/09\/kf-S995cb57504a14f6887c9366435f50a8ap.webp","contentUrl":"https:\/\/pfeifenundzigarren.de\/wp-content\/uploads\/2025\/09\/kf-S995cb57504a14f6887c9366435f50a8ap.webp","width":800,"height":800,"caption":"humidor schrank mit automatischer befeuchtung"},{"@type":"BreadcrumbList","@id":"https:\/\/pfeifenundzigarren.de\/Produkt\/humidor-schrank-mit-automatischer-befeuchtung\/#breadcrumb","itemListElement":[{"@type":"ListItem","position":1,"name":"Home","item":"https:\/\/lime-nightingale-562313.hostingersite.com\/"},{"@type":"ListItem","position":2,"name":"Shop","item":"https:\/\/lime-nightingale-562313.hostingersite.com\/shop\/"},{"@type":"ListItem","position":3,"name":"humidor schrank mit automatischer befeuchtung"}]},{"@type":"WebSite","@id":"https:\/\/lime-nightingale-562313.hostingersite.com\/#website","url":"https:\/\/lime-nightingale-562313.hostingersite.com\/","name":"La mejor tienda en l\u00ednea de pipas y accesorios para puros de Alemania","description":"","publisher":{"@id":"https:\/\/lime-nightingale-562313.hostingersite.com\/#organization"},"potentialAction":[{"@type":"SearchAction","target":{"@type":"EntryPoint","urlTemplate":"https:\/\/lime-nightingale-562313.hostingersite.com\/?s={search_term_string}"},"query-input":{"@type":"PropertyValueSpecification","valueRequired":true,"valueName":"search_term_string"}}],"inLanguage":"es"},{"@type":"Organization","@id":"https:\/\/lime-nightingale-562313.hostingersite.com\/#organization","name":"La mejor tienda en l\u00ednea de pipas y accesorios para puros de Alemania","url":"https:\/\/lime-nightingale-562313.hostingersite.com\/","logo":{"@type":"ImageObject","inLanguage":"es","@id":"https:\/\/lime-nightingale-562313.hostingersite.com\/#\/schema\/logo\/image\/","url":"https:\/\/pfeifenundzigarren.de\/wp-content\/uploads\/2024\/09\/cropped-Luxury-and-Vintage-Ornamental-Coffee-Shop-Logo.png","contentUrl":"https:\/\/pfeifenundzigarren.de\/wp-content\/uploads\/2024\/09\/cropped-Luxury-and-Vintage-Ornamental-Coffee-Shop-Logo.png","width":512,"height":512,"caption":"Der beste Onlineshop f\u00fcr Pfeifen und Zigarrenzubeh\u00f6r in Deutschland"},"image":{"@id":"https:\/\/lime-nightingale-562313.hostingersite.com\/#\/schema\/logo\/image\/"}}]}},"_links":{"self":[{"href":"https:\/\/pfeifenundzigarren.de\/es\/wp-json\/wp\/v2\/product\/7638","targetHints":{"allow":["GET"]}}],"collection":[{"href":"https:\/\/pfeifenundzigarren.de\/es\/wp-json\/wp\/v2\/product"}],"about":[{"href":"https:\/\/pfeifenundzigarren.de\/es\/wp-json\/wp\/v2\/types\/product"}],"replies":[{"embeddable":true,"href":"https:\/\/pfeifenundzigarren.de\/es\/wp-json\/wp\/v2\/comments?post=7638"}],"version-history":[{"count":0,"href":"https:\/\/pfeifenundzigarren.de\/es\/wp-json\/wp\/v2\/product\/7638\/revisions"}],"wp:featuredmedia":[{"embeddable":true,"href":"https:\/\/pfeifenundzigarren.de\/es\/wp-json\/wp\/v2\/media\/7639"}],"wp:attachment":[{"href":"https:\/\/pfeifenundzigarren.de\/es\/wp-json\/wp\/v2\/media?parent=7638"}],"wp:term":[{"taxonomy":"product_brand","embeddable":true,"href":"https:\/\/pfeifenundzigarren.de\/es\/wp-json\/wp\/v2\/product_brand?post=7638"},{"taxonomy":"product_cat","embeddable":true,"href":"https:\/\/pfeifenundzigarren.de\/es\/wp-json\/wp\/v2\/product_cat?post=7638"},{"taxonomy":"product_tag","embeddable":true,"href":"https:\/\/pfeifenundzigarren.de\/es\/wp-json\/wp\/v2\/product_tag?post=7638"}],"curies":[{"name":"wp","href":"https:\/\/api.w.org\/{rel}","templated":true}]}}