{"id":7521,"date":"2025-08-04T08:06:17","date_gmt":"2025-08-04T06:06:17","guid":{"rendered":"https:\/\/pfeifenundzigarren.de\/Produkt\/elektronischer-humidor-zedernholz\/"},"modified":"2026-04-08T14:01:31","modified_gmt":"2026-04-08T12:01:31","slug":"elektronischer-humidor-zedernholz","status":"publish","type":"product","link":"https:\/\/pfeifenundzigarren.de\/es\/Produkt\/elektronischer-humidor-zedernholz\/","title":{"rendered":"Humidificador electr\u00f3nico de madera de cedro"},"content":{"rendered":"<div class=\"detailmodule_html\">\n<div class=\"detail-desc-decorate-richtext\">\n<div class=\"\">\n<div class=\"\">\n<div id=\"detail_decorate_root\" data-magic-global=\"%7B%22bizId%22%3A2680363653%2C%22pageId%22%3A21524196227%2C%22siteId%22%3A5004962388%7D\">\n<div class=\"J_module\"><\/div>\n<div class=\"J_module\">\n<div id=\"ali-anchor-AliMagic-nyq7lf\" class=\"magic-0\" data-section=\"AliMagic-nyq7lf\" data-section-title=\"Product Description\"><\/div>\n<\/div>\n<div class=\"J_module\">\n<div class=\"icbu-pc-detailManyImage magic-14\">\n<div class=\"magic-15\">\n<p>Refrigeraci\u00f3n por aire tridimensional de 360\u00b0: uniforme, sin escarcha y suave<\/p>\n<p>En <strong>Humidificador el\u00e9ctrico<\/strong> dispone de lo \u00faltimo en refrigeraci\u00f3n por aire circulante a 360\u00b0. El aire fr\u00edo fluye uniformemente por todos los niveles y llega a todos los puros, desde el interior hasta el exterior. El resultado es una zona clim\u00e1tica uniforme sin puntos fr\u00edos ni calientes. Esta tecnolog\u00eda est\u00e1 completamente libre de escarcha, evita la formaci\u00f3n de condensaci\u00f3n y preserva de forma \u00f3ptima el fino sabor de los puros.<\/p>\n<p>Calefacci\u00f3n PTC totalmente de tubo de cobre: ecualizaci\u00f3n m\u00e1s r\u00e1pida incluso con fr\u00edo<\/p>\n<p>Un tubo de cobre totalmente encapsulado con un elemento calefactor PTC transfiere el calor muy r\u00e1pidamente. Incluso a bajas temperaturas exteriores, la temperatura ajustada se alcanza con rapidez y eficiencia energ\u00e9tica: un \"superconductor t\u00e9rmico\" que protege sus puros de forma fiable.<br \/>\nAut\u00e9ntica madera de cedro espa\u00f1ol - conservaci\u00f3n natural y cuidado del sabor<\/p>\n<p>Los cuatro estantes de madera de cedro (<strong>Humidificador el\u00e9ctrico<\/strong>) que lo acompa\u00f1an est\u00e1n hechos de madera de cedro espa\u00f1ol de alta calidad. La madera de cedro mantiene la humedad bajo control de forma natural, ya que absorbe el exceso de humedad y la libera de nuevo cuando es necesario. Al mismo tiempo, sus aceites esenciales mejoran el sabor de los puros y mantienen alejados a los escarabajos del tabaco.<\/p>\n<p>Eficiente energ\u00e9ticamente, seguro y duradero<\/p>\n<p>Compresor de marca de bajo consumo<br \/>\nSistema totalmente cerrado para una m\u00e1xima seguridad y durabilidad<br \/>\nConservaci\u00f3n natural sin aditivos qu\u00edmicos<\/p>\n<p>Resumen de los datos t\u00e9cnicos<\/p>\n<p>Capacidad: unos 500 puros<br \/>\n4 cestas para puros de madera de cedro en el n\u00famero de estantes<br \/>\nTemperatura: 16-22 \u00b0C (\u00b11 \u00b0C)<br \/>\nRango de humedad: 60-80 % (\u00b12 %)<br \/>\n220 V es la tensi\u00f3n nominal.<br \/>\nPeso: 31 kg<br \/>\nTecnolog\u00eda de refrigeraci\u00f3n: Refrigeraci\u00f3n por aire con compresor<br \/>\nAltura: alrededor de 93 cm (36,53 pulgadas)<\/p>\n<p>Este humidor electr\u00f3nico de madera de cedro combina la tecnolog\u00eda de precisi\u00f3n contempor\u00e1nea con el conocimiento tradicional de los materiales para ofrecer unas condiciones de almacenamiento profesionales que s\u00f3lo se ven en las bodegas cubanas o en las tiendas especializadas de gama alta. Ahora puede disfrutarlos en casa. Perfecto para coleccionistas y entendidos que desean que sus puros envejezcan bien y mantengan su valor con el paso del tiempo.<\/p>\n<\/div>\n<div class=\"magic-15\"><img decoding=\"async\" class=\"magic-16\" src=\"https:\/\/ae01.alicdn.com\/kf\/Sa1ecb0d691034e348ebb273f6b679534n.jpg?width=1600&amp;height=1600&amp;hash=3200\" data-id=\"ckeditor_img111\" alt=\"\"><\/div>\n<div class=\"magic-15\"><img decoding=\"async\" class=\"magic-16\" src=\"https:\/\/ae01.alicdn.com\/kf\/S6b4ee8d4ae334fd488e3dbbe8796217bh.jpg?width=1600&amp;height=1600&amp;hash=3200\" data-id=\"ckeditor_img112\" alt=\"\"><\/div>\n<div class=\"magic-15\"><img decoding=\"async\" class=\"magic-16\" src=\"https:\/\/ae01.alicdn.com\/kf\/S02f66d07e72b4f528ec4e404995e105aZ.jpg?width=1600&amp;height=1600&amp;hash=3200\" data-id=\"ckeditor_img113\" alt=\"\"><\/div>\n<div class=\"magic-15\"><img decoding=\"async\" class=\"magic-16\" src=\"https:\/\/ae01.alicdn.com\/kf\/Sea23c93007e8488983ced087b5715290z.jpg?width=1600&amp;height=1600&amp;hash=3200\" data-id=\"ckeditor_img114\" alt=\"\"><\/div>\n<div class=\"magic-15\"><img decoding=\"async\" class=\"magic-16\" src=\"https:\/\/ae01.alicdn.com\/kf\/S484212ad832f4ebd9009d5882f3c47b52.jpg?width=1600&amp;height=1600&amp;hash=3200\" data-id=\"ckeditor_img115\" alt=\"\"><\/div>\n<div class=\"magic-15\"><img decoding=\"async\" class=\"magic-16\" src=\"https:\/\/ae01.alicdn.com\/kf\/Sf2c93933796d4daea406a6a4abef922fS.jpg?width=1600&amp;height=1600&amp;hash=3200\" data-id=\"ckeditor_img116\" alt=\"\"><\/div>\n<div class=\"magic-15\"><img decoding=\"async\" class=\"magic-16\" src=\"https:\/\/ae01.alicdn.com\/kf\/Sf456862969c74a489a1f84bada879d26c.jpg?width=1600&amp;height=1600&amp;hash=3200\" data-id=\"ckeditor_img117\" alt=\"\"><\/div>\n<div class=\"magic-15\"><img decoding=\"async\" class=\"magic-16\" src=\"https:\/\/ae01.alicdn.com\/kf\/S6bbd191a431244d1a704b4bb1b05a6bay.jpg?width=1600&amp;height=1600&amp;hash=3200\" data-id=\"ckeditor_img118\" alt=\"\"><\/div>\n<div class=\"magic-15\"><img decoding=\"async\" class=\"magic-16\" src=\"https:\/\/ae01.alicdn.com\/kf\/S1c06a5658cac443ebab9c1ee1ad35fd0e.jpg?width=1600&amp;height=1600&amp;hash=3200\" data-id=\"ckeditor_img119\" alt=\"\"><\/div>\n<\/div>\n<\/div>\n<div class=\"J_module\">\n<div id=\"ali-anchor-AliMagic-hu8kw4\" class=\"magic-0\" data-section=\"AliMagic-hu8kw4\" data-section-title=\"Recommend Products\"><\/div>\n<\/div>\n<\/div>\n<\/div>\n<\/div>\n<\/div>\n<\/div>","protected":false},"excerpt":{"rendered":"<p>360\u00b0 dreidimensionale Luftk\u00fchlung \u2013 gleichm\u00e4\u00dfig, frostfrei und schonend Der Elektrischer Humidor has die neueste 360\u00b0-Umluftk\u00fchlung. Kalte Luft str\u00f6mt gleichm\u00e4\u00dfig durch<\/p>","protected":false},"featured_media":7522,"comment_status":"closed","ping_status":"closed","template":"","meta":[],"product_brand":[],"product_cat":[79],"product_tag":[],"class_list":{"0":"post-7521","1":"product","2":"type-product","3":"status-publish","4":"has-post-thumbnail","6":"product_cat-humidor-schrank","8":"first","9":"instock","10":"sale","11":"shipping-taxable","12":"purchasable","13":"product-type-variable","14":"wvs-archive-product-wrapper"},"yoast_head":"<!-- This site is optimized with the Yoast SEO Premium plugin v26.7 (Yoast SEO v27.4) - https:\/\/yoast.com\/product\/yoast-seo-premium-wordpress\/ -->\n<title>elektronischer Humidor Zedernholz - Der beste Onlineshop f\u00fcr Pfeifen und Zigarrenzubeh\u00f6r in Deutschland<\/title>\n<meta name=\"robots\" content=\"index, follow, max-snippet:-1, max-image-preview:large, max-video-preview:-1\" \/>\n<link rel=\"canonical\" href=\"https:\/\/pfeifenundzigarren.de\/es\/Produkt\/elektronischer-humidor-zedernholz\/\" \/>\n<meta property=\"og:locale\" content=\"es_ES\" \/>\n<meta property=\"og:type\" content=\"article\" \/>\n<meta property=\"og:title\" content=\"elektronischer Humidor Zedernholz\" \/>\n<meta property=\"og:description\" content=\"360\u00b0 dreidimensionale Luftk\u00fchlung \u2013 gleichm\u00e4\u00dfig, frostfrei und schonend Der Elektrischer Humidor has die neueste 360\u00b0-Umluftk\u00fchlung. Kalte Luft str\u00f6mt gleichm\u00e4\u00dfig durch\" \/>\n<meta property=\"og:url\" content=\"https:\/\/pfeifenundzigarren.de\/es\/Produkt\/elektronischer-humidor-zedernholz\/\" \/>\n<meta property=\"og:site_name\" content=\"Der beste Onlineshop f\u00fcr Pfeifen und Zigarrenzubeh\u00f6r in Deutschland\" \/>\n<meta property=\"article:modified_time\" content=\"2026-04-08T12:01:31+00:00\" \/>\n<meta property=\"og:image\" content=\"https:\/\/pfeifenundzigarren.de\/wp-content\/uploads\/2025\/08\/kf-Sb3350f8ffd7b4b379ab39b2889de017cc.webp\" \/>\n\t<meta property=\"og:image:width\" content=\"800\" \/>\n\t<meta property=\"og:image:height\" content=\"800\" \/>\n\t<meta property=\"og:image:type\" content=\"image\/webp\" \/>\n<meta name=\"twitter:card\" content=\"summary_large_image\" \/>\n<meta name=\"twitter:label1\" content=\"Tiempo de lectura\" \/>\n\t<meta name=\"twitter:data1\" content=\"4 minutos\" \/>\n<script type=\"application\/ld+json\" class=\"yoast-schema-graph\">{\"@context\":\"https:\\\/\\\/schema.org\",\"@graph\":[{\"@type\":\"WebPage\",\"@id\":\"https:\\\/\\\/pfeifenundzigarren.de\\\/es\\\/Produkt\\\/elektronischer-humidor-zedernholz\\\/\",\"url\":\"https:\\\/\\\/pfeifenundzigarren.de\\\/es\\\/Produkt\\\/elektronischer-humidor-zedernholz\\\/\",\"name\":\"elektronischer Humidor Zedernholz - Der beste Onlineshop f\u00fcr Pfeifen und Zigarrenzubeh\u00f6r in Deutschland\",\"isPartOf\":{\"@id\":\"https:\\\/\\\/lime-nightingale-562313.hostingersite.com\\\/#website\"},\"primaryImageOfPage\":{\"@id\":\"https:\\\/\\\/pfeifenundzigarren.de\\\/es\\\/Produkt\\\/elektronischer-humidor-zedernholz\\\/#primaryimage\"},\"image\":{\"@id\":\"https:\\\/\\\/pfeifenundzigarren.de\\\/es\\\/Produkt\\\/elektronischer-humidor-zedernholz\\\/#primaryimage\"},\"thumbnailUrl\":\"https:\\\/\\\/pfeifenundzigarren.de\\\/wp-content\\\/uploads\\\/2025\\\/08\\\/kf-Sb3350f8ffd7b4b379ab39b2889de017cc.webp\",\"datePublished\":\"2025-08-04T06:06:17+00:00\",\"dateModified\":\"2026-04-08T12:01:31+00:00\",\"breadcrumb\":{\"@id\":\"https:\\\/\\\/pfeifenundzigarren.de\\\/es\\\/Produkt\\\/elektronischer-humidor-zedernholz\\\/#breadcrumb\"},\"inLanguage\":\"es\",\"potentialAction\":[{\"@type\":\"ReadAction\",\"target\":[\"https:\\\/\\\/pfeifenundzigarren.de\\\/es\\\/Produkt\\\/elektronischer-humidor-zedernholz\\\/\"]}]},{\"@type\":\"ImageObject\",\"inLanguage\":\"es\",\"@id\":\"https:\\\/\\\/pfeifenundzigarren.de\\\/es\\\/Produkt\\\/elektronischer-humidor-zedernholz\\\/#primaryimage\",\"url\":\"https:\\\/\\\/pfeifenundzigarren.de\\\/wp-content\\\/uploads\\\/2025\\\/08\\\/kf-Sb3350f8ffd7b4b379ab39b2889de017cc.webp\",\"contentUrl\":\"https:\\\/\\\/pfeifenundzigarren.de\\\/wp-content\\\/uploads\\\/2025\\\/08\\\/kf-Sb3350f8ffd7b4b379ab39b2889de017cc.webp\",\"width\":800,\"height\":800,\"caption\":\"elektronischer Humidor Zedernholz\"},{\"@type\":\"BreadcrumbList\",\"@id\":\"https:\\\/\\\/pfeifenundzigarren.de\\\/es\\\/Produkt\\\/elektronischer-humidor-zedernholz\\\/#breadcrumb\",\"itemListElement\":[{\"@type\":\"ListItem\",\"position\":1,\"name\":\"Home\",\"item\":\"https:\\\/\\\/lime-nightingale-562313.hostingersite.com\\\/\"},{\"@type\":\"ListItem\",\"position\":2,\"name\":\"Shop\",\"item\":\"https:\\\/\\\/lime-nightingale-562313.hostingersite.com\\\/shop\\\/\"},{\"@type\":\"ListItem\",\"position\":3,\"name\":\"elektronischer Humidor Zedernholz\"}]},{\"@type\":\"WebSite\",\"@id\":\"https:\\\/\\\/lime-nightingale-562313.hostingersite.com\\\/#website\",\"url\":\"https:\\\/\\\/lime-nightingale-562313.hostingersite.com\\\/\",\"name\":\"Der beste Onlineshop f\u00fcr Pfeifen und Zigarrenzubeh\u00f6r in Deutschland\",\"description\":\"\",\"publisher\":{\"@id\":\"https:\\\/\\\/lime-nightingale-562313.hostingersite.com\\\/#organization\"},\"potentialAction\":[{\"@type\":\"SearchAction\",\"target\":{\"@type\":\"EntryPoint\",\"urlTemplate\":\"https:\\\/\\\/lime-nightingale-562313.hostingersite.com\\\/?s={search_term_string}\"},\"query-input\":{\"@type\":\"PropertyValueSpecification\",\"valueRequired\":true,\"valueName\":\"search_term_string\"}}],\"inLanguage\":\"es\"},{\"@type\":\"Organization\",\"@id\":\"https:\\\/\\\/lime-nightingale-562313.hostingersite.com\\\/#organization\",\"name\":\"Der beste Onlineshop f\u00fcr Pfeifen und Zigarrenzubeh\u00f6r in Deutschland\",\"url\":\"https:\\\/\\\/lime-nightingale-562313.hostingersite.com\\\/\",\"logo\":{\"@type\":\"ImageObject\",\"inLanguage\":\"es\",\"@id\":\"https:\\\/\\\/lime-nightingale-562313.hostingersite.com\\\/#\\\/schema\\\/logo\\\/image\\\/\",\"url\":\"https:\\\/\\\/pfeifenundzigarren.de\\\/wp-content\\\/uploads\\\/2024\\\/09\\\/cropped-Luxury-and-Vintage-Ornamental-Coffee-Shop-Logo.png\",\"contentUrl\":\"https:\\\/\\\/pfeifenundzigarren.de\\\/wp-content\\\/uploads\\\/2024\\\/09\\\/cropped-Luxury-and-Vintage-Ornamental-Coffee-Shop-Logo.png\",\"width\":512,\"height\":512,\"caption\":\"Der beste Onlineshop f\u00fcr Pfeifen und Zigarrenzubeh\u00f6r in Deutschland\"},\"image\":{\"@id\":\"https:\\\/\\\/lime-nightingale-562313.hostingersite.com\\\/#\\\/schema\\\/logo\\\/image\\\/\"}}]}<\/script>\n<!-- \/ Yoast SEO Premium plugin. -->","yoast_head_json":{"title":"elektronischer Humidor Zedernholz - Der beste Onlineshop f\u00fcr Pfeifen und Zigarrenzubeh\u00f6r in Deutschland","robots":{"index":"index","follow":"follow","max-snippet":"max-snippet:-1","max-image-preview":"max-image-preview:large","max-video-preview":"max-video-preview:-1"},"canonical":"https:\/\/pfeifenundzigarren.de\/es\/Produkt\/elektronischer-humidor-zedernholz\/","og_locale":"es_ES","og_type":"article","og_title":"elektronischer Humidor Zedernholz","og_description":"360\u00b0 dreidimensionale Luftk\u00fchlung \u2013 gleichm\u00e4\u00dfig, frostfrei und schonend Der Elektrischer Humidor has die neueste 360\u00b0-Umluftk\u00fchlung. Kalte Luft str\u00f6mt gleichm\u00e4\u00dfig durch","og_url":"https:\/\/pfeifenundzigarren.de\/es\/Produkt\/elektronischer-humidor-zedernholz\/","og_site_name":"Der beste Onlineshop f\u00fcr Pfeifen und Zigarrenzubeh\u00f6r in Deutschland","article_modified_time":"2026-04-08T12:01:31+00:00","og_image":[{"width":800,"height":800,"url":"https:\/\/pfeifenundzigarren.de\/wp-content\/uploads\/2025\/08\/kf-Sb3350f8ffd7b4b379ab39b2889de017cc.webp","type":"image\/webp"}],"twitter_card":"summary_large_image","twitter_misc":{"Tiempo de lectura":"4 minutos"},"schema":{"@context":"https:\/\/schema.org","@graph":[{"@type":"WebPage","@id":"https:\/\/pfeifenundzigarren.de\/es\/Produkt\/elektronischer-humidor-zedernholz\/","url":"https:\/\/pfeifenundzigarren.de\/es\/Produkt\/elektronischer-humidor-zedernholz\/","name":"elektronischer Humidor Zedernholz - Der beste Onlineshop f\u00fcr Pfeifen und Zigarrenzubeh\u00f6r in Deutschland","isPartOf":{"@id":"https:\/\/lime-nightingale-562313.hostingersite.com\/#website"},"primaryImageOfPage":{"@id":"https:\/\/pfeifenundzigarren.de\/es\/Produkt\/elektronischer-humidor-zedernholz\/#primaryimage"},"image":{"@id":"https:\/\/pfeifenundzigarren.de\/es\/Produkt\/elektronischer-humidor-zedernholz\/#primaryimage"},"thumbnailUrl":"https:\/\/pfeifenundzigarren.de\/wp-content\/uploads\/2025\/08\/kf-Sb3350f8ffd7b4b379ab39b2889de017cc.webp","datePublished":"2025-08-04T06:06:17+00:00","dateModified":"2026-04-08T12:01:31+00:00","breadcrumb":{"@id":"https:\/\/pfeifenundzigarren.de\/es\/Produkt\/elektronischer-humidor-zedernholz\/#breadcrumb"},"inLanguage":"es","potentialAction":[{"@type":"ReadAction","target":["https:\/\/pfeifenundzigarren.de\/es\/Produkt\/elektronischer-humidor-zedernholz\/"]}]},{"@type":"ImageObject","inLanguage":"es","@id":"https:\/\/pfeifenundzigarren.de\/es\/Produkt\/elektronischer-humidor-zedernholz\/#primaryimage","url":"https:\/\/pfeifenundzigarren.de\/wp-content\/uploads\/2025\/08\/kf-Sb3350f8ffd7b4b379ab39b2889de017cc.webp","contentUrl":"https:\/\/pfeifenundzigarren.de\/wp-content\/uploads\/2025\/08\/kf-Sb3350f8ffd7b4b379ab39b2889de017cc.webp","width":800,"height":800,"caption":"elektronischer Humidor Zedernholz"},{"@type":"BreadcrumbList","@id":"https:\/\/pfeifenundzigarren.de\/es\/Produkt\/elektronischer-humidor-zedernholz\/#breadcrumb","itemListElement":[{"@type":"ListItem","position":1,"name":"Home","item":"https:\/\/lime-nightingale-562313.hostingersite.com\/"},{"@type":"ListItem","position":2,"name":"Shop","item":"https:\/\/lime-nightingale-562313.hostingersite.com\/shop\/"},{"@type":"ListItem","position":3,"name":"elektronischer Humidor Zedernholz"}]},{"@type":"WebSite","@id":"https:\/\/lime-nightingale-562313.hostingersite.com\/#website","url":"https:\/\/lime-nightingale-562313.hostingersite.com\/","name":"La mejor tienda en l\u00ednea de pipas y accesorios para puros de Alemania","description":"","publisher":{"@id":"https:\/\/lime-nightingale-562313.hostingersite.com\/#organization"},"potentialAction":[{"@type":"SearchAction","target":{"@type":"EntryPoint","urlTemplate":"https:\/\/lime-nightingale-562313.hostingersite.com\/?s={search_term_string}"},"query-input":{"@type":"PropertyValueSpecification","valueRequired":true,"valueName":"search_term_string"}}],"inLanguage":"es"},{"@type":"Organization","@id":"https:\/\/lime-nightingale-562313.hostingersite.com\/#organization","name":"La mejor tienda en l\u00ednea de pipas y accesorios para puros de Alemania","url":"https:\/\/lime-nightingale-562313.hostingersite.com\/","logo":{"@type":"ImageObject","inLanguage":"es","@id":"https:\/\/lime-nightingale-562313.hostingersite.com\/#\/schema\/logo\/image\/","url":"https:\/\/pfeifenundzigarren.de\/wp-content\/uploads\/2024\/09\/cropped-Luxury-and-Vintage-Ornamental-Coffee-Shop-Logo.png","contentUrl":"https:\/\/pfeifenundzigarren.de\/wp-content\/uploads\/2024\/09\/cropped-Luxury-and-Vintage-Ornamental-Coffee-Shop-Logo.png","width":512,"height":512,"caption":"Der beste Onlineshop f\u00fcr Pfeifen und Zigarrenzubeh\u00f6r in Deutschland"},"image":{"@id":"https:\/\/lime-nightingale-562313.hostingersite.com\/#\/schema\/logo\/image\/"}}]}},"_links":{"self":[{"href":"https:\/\/pfeifenundzigarren.de\/es\/wp-json\/wp\/v2\/product\/7521","targetHints":{"allow":["GET"]}}],"collection":[{"href":"https:\/\/pfeifenundzigarren.de\/es\/wp-json\/wp\/v2\/product"}],"about":[{"href":"https:\/\/pfeifenundzigarren.de\/es\/wp-json\/wp\/v2\/types\/product"}],"replies":[{"embeddable":true,"href":"https:\/\/pfeifenundzigarren.de\/es\/wp-json\/wp\/v2\/comments?post=7521"}],"version-history":[{"count":0,"href":"https:\/\/pfeifenundzigarren.de\/es\/wp-json\/wp\/v2\/product\/7521\/revisions"}],"wp:featuredmedia":[{"embeddable":true,"href":"https:\/\/pfeifenundzigarren.de\/es\/wp-json\/wp\/v2\/media\/7522"}],"wp:attachment":[{"href":"https:\/\/pfeifenundzigarren.de\/es\/wp-json\/wp\/v2\/media?parent=7521"}],"wp:term":[{"taxonomy":"product_brand","embeddable":true,"href":"https:\/\/pfeifenundzigarren.de\/es\/wp-json\/wp\/v2\/product_brand?post=7521"},{"taxonomy":"product_cat","embeddable":true,"href":"https:\/\/pfeifenundzigarren.de\/es\/wp-json\/wp\/v2\/product_cat?post=7521"},{"taxonomy":"product_tag","embeddable":true,"href":"https:\/\/pfeifenundzigarren.de\/es\/wp-json\/wp\/v2\/product_tag?post=7521"}],"curies":[{"name":"wp","href":"https:\/\/api.w.org\/{rel}","templated":true}]}}