{"id":7513,"date":"2025-08-04T08:04:13","date_gmt":"2025-08-04T06:04:13","guid":{"rendered":"https:\/\/pfeifenundzigarren.de\/Produkt\/raucher-humidor-feuchtigkeitskontrolle\/"},"modified":"2025-09-03T07:29:00","modified_gmt":"2025-09-03T05:29:00","slug":"humidor-schrank-elektrisch","status":"publish","type":"product","link":"https:\/\/pfeifenundzigarren.de\/es\/Produkt\/humidor-schrank-elektrisch\/","title":{"rendered":"armario humidor el\u00e9ctrico"},"content":{"rendered":"<div class=\"detailmodule_html\">\n<div class=\"detail-desc-decorate-richtext\">\n<div id=\"offer-template-0\">\n<p>A diferencia de <a href=\"https:\/\/pfeifenundzigarren.de\/es\/\">humidores convencionales<\/a> con funciones distribuidas, este<strong> armario humidor el\u00e9ctrico<\/strong> El nuevo armario para puros establece nuevos est\u00e1ndares al combinar seis funciones esenciales (humidificaci\u00f3n, refrigeraci\u00f3n, circulaci\u00f3n, control, ahorro de energ\u00eda y almacenamiento) en una sola unidad con un dise\u00f1o todo en uno con seis compartimentos (cada compartimento puede ajustarse de forma independiente para el almacenamiento categorizado de diferentes tipos de puros, como puros frescos o a\u00f1ejos). Los compartimentos superiores mantienen una humedad de 70 % para puros frescos (menos de 5 a\u00f1os) y los inferiores se ajustan a 65 % para puros a\u00f1ejos (m\u00e1s de 5 a\u00f1os), todo ello en una superficie de s\u00f3lo 0,13 m\u00b2, lo que proporciona espacio para cientos de puros, de 3 a 5 veces la capacidad de un humidor de sobremesa.<\/p>\n<\/div>\n<div style=\"width: 790px;\"><img decoding=\"async\" style=\"display: block; width: 100%; height: auto;\" src=\"https:\/\/ae01.alicdn.com\/kf\/S3668b6f95ae04d6387a638619edf4712a.jpg?width=750&amp;height=1044&amp;hash=1794\" usemap=\"#_sdmap_0\" width=\"100%\" height=\"auto\" alt=\"\"><\/div>\n<div style=\"width: 790px;\">\n<p><strong>Armario humidificador electr\u00f3nico<\/strong> Mediante el uso de algoritmos PID inteligentes y precisos con frecuencia variable para el control lineal de la temperatura y la humedad, se evitan las fluctuaciones causadas por la intervenci\u00f3n manual y se preserva el sabor del puro a largo plazo, al tiempo que se minimiza el espacio requerido por m\u00faltiples dispositivos.<\/p>\n<p><img decoding=\"async\" style=\"display: block; width: 100%; height: auto;\" src=\"https:\/\/ae01.alicdn.com\/kf\/Sc52cfb997146494caab6b6aff95537f8y.jpg?width=750&amp;height=998&amp;hash=1748\" usemap=\"#_sdmap_1\" width=\"100%\" height=\"auto\" alt=\"\"><\/p>\n<\/div>\n<div style=\"width: 790px;\">\n<p>El sistema de humidificaci\u00f3n autom\u00e1tica funciona con un bucle de control de sensor digital, por ejemplo con algoritmos PID. En cuanto la humedad cae por debajo del l\u00edmite establecido (por ejemplo, 65-70 %), el m\u00f3dulo de humidificaci\u00f3n se activa para liberar la humedad necesaria, mientras que los ventiladores trabajan conjuntamente para eliminar los c\u00famulos de humedad y las zonas secas. En combinaci\u00f3n con los ventiladores, consigue una distribuci\u00f3n uniforme en 5-10 minutos. Por supuesto, tambi\u00e9n se puede configurar para que utilice estrategias intermitentes o temporizadas (por ejemplo, activando la convecci\u00f3n completa de la cavidad cada 30-60 minutos) a trav\u00e9s de ventiladores multipunto y conductos de aire para romper los c\u00famulos de humedad (clusters de humedad) e igualar las diferencias de temperatura y humedad entre capas.<\/p>\n<p><img decoding=\"async\" style=\"display: block; width: 100%; height: auto;\" src=\"https:\/\/ae01.alicdn.com\/kf\/S61f0d8a0052443fc8bffac8e04b956f9h.jpg?width=750&amp;height=1054&amp;hash=1804\" usemap=\"#_sdmap_2\" width=\"100%\" height=\"auto\" alt=\"\"><\/p>\n<\/div>\n<div style=\"width: 790px;\">\n<p>El uso de m\u00faltiples sensores y la humidificaci\u00f3n por el evaporador crea una capa invisible de humedad a nanoescala. Este enfoque es mejor que la refrigeraci\u00f3n unidireccional, ya que garantiza el almacenamiento uniforme de grandes cantidades en un armario compacto (0,13 m\u00b2).<\/p>\n<p><img decoding=\"async\" style=\"display: block; width: 100%; height: auto;\" src=\"https:\/\/ae01.alicdn.com\/kf\/S11bca70897e14e669a209aa4f8ebe553a.jpg?width=750&amp;height=525&amp;hash=1275\" usemap=\"#_sdmap_3\" width=\"100%\" height=\"auto\" alt=\"\"><\/p>\n<\/div>\n<div style=\"width: 790px;\">Ocupa poco espacio, tiene una enorme capacidad: <strong>Armario humidificador de puros<\/strong> con s\u00f3lo aprox. 0,13 m\u00b2 A pesar de sus dimensiones compactas (s\u00f3lo 0,13 m\u00b2), el armario ofrece un alto nivel de confort gracias a una eficaz distribuci\u00f3n del espacio y tres estantes de pino nevado. <a href=\"https:\/\/pfeifenundzigarren.de\/es\/Produkt\/elektrischer-zigarrenschrank-fuer-den-gewerblichen-gebrauch-mit-platz-fuer-150-zigarren\/\">Espacio para cientos de puros<\/a>. <img decoding=\"async\" style=\"display: block; width: 100%; height: auto;\" src=\"https:\/\/ae01.alicdn.com\/kf\/S614bdc266e5b4ca8b3b7b4f2df9c96845.jpg?width=750&amp;height=1078&amp;hash=1828\" usemap=\"#_sdmap_4\" width=\"100%\" height=\"auto\" alt=\"\"><br \/>\n<img decoding=\"async\" src=\"https:\/\/ae01.alicdn.com\/kf\/S1049faae24cf485898deaaaa30fa57b6s.jpg\" alt=\"\"> <img decoding=\"async\" style=\"display: block; width: 100%; height: auto;\" src=\"https:\/\/ae01.alicdn.com\/kf\/S339329f357d8411da3cb944e001ff49a7.jpg?width=750&amp;height=943&amp;hash=1693\" usemap=\"#_sdmap_6\" width=\"100%\" height=\"auto\" alt=\"\"> <img decoding=\"async\" style=\"display: block; width: 100%; height: auto;\" src=\"https:\/\/ae01.alicdn.com\/kf\/Sb937583e342942f38fbfa8c8262fafe7t.jpg?width=750&amp;height=1234&amp;hash=1984\" usemap=\"#_sdmap_7\" width=\"100%\" height=\"auto\" alt=\"\"> <img decoding=\"async\" style=\"display: block; width: 100%; height: auto;\" src=\"https:\/\/ae01.alicdn.com\/kf\/S9bcfdb46e54f4ddf97d70424b5741d299.jpg?width=750&amp;height=1185&amp;hash=1935\" usemap=\"#_sdmap_8\" width=\"100%\" height=\"auto\" alt=\"\"> <img decoding=\"async\" style=\"display: block; width: 100%; height: auto;\" src=\"https:\/\/ae01.alicdn.com\/kf\/Sa0694b6fe61142f39ca5d97328863210c.jpg?width=750&amp;height=1046&amp;hash=1796\" usemap=\"#_sdmap_9\" width=\"100%\" height=\"auto\" alt=\"\"> <img decoding=\"async\" style=\"display: block; width: 100%; height: auto;\" src=\"https:\/\/ae01.alicdn.com\/kf\/S6beb06498d0740c9a3c2796209b80251H.jpg?width=750&amp;height=902&amp;hash=1652\" usemap=\"#_sdmap_10\" width=\"100%\" height=\"auto\" alt=\"\"> <img decoding=\"async\" style=\"display: block; width: 100%; height: auto;\" src=\"https:\/\/ae01.alicdn.com\/kf\/Se08840a1c3f54d5b8558764a62e32f124.jpg?width=750&amp;height=1139&amp;hash=1889\" usemap=\"#_sdmap_11\" width=\"100%\" height=\"auto\" alt=\"\"> <img decoding=\"async\" style=\"display: block; width: 100%; height: auto;\" src=\"https:\/\/ae01.alicdn.com\/kf\/Sd58837096c8c49bba3e3d4be4d384018L.jpg?width=750&amp;height=1007&amp;hash=1757\" usemap=\"#_sdmap_12\" width=\"100%\" height=\"auto\" alt=\"\"> <img decoding=\"async\" style=\"display: block; width: 100%; height: auto;\" src=\"https:\/\/ae01.alicdn.com\/kf\/S7cc63f55807e43cfb1a2ce7879d4383cp.jpg?width=750&amp;height=1091&amp;hash=1841\" usemap=\"#_sdmap_13\" width=\"100%\" height=\"auto\" alt=\"\"> <img decoding=\"async\" style=\"display: block; width: 100%; height: auto;\" src=\"https:\/\/ae01.alicdn.com\/kf\/S023095ad95f541f4a5b741f059a4fd7co.jpg?width=750&amp;height=1252&amp;hash=2002\" usemap=\"#_sdmap_14\" width=\"100%\" height=\"auto\" alt=\"\"> <img decoding=\"async\" style=\"display: block; width: 100%; height: auto;\" src=\"https:\/\/ae01.alicdn.com\/kf\/Sab6f8c31591a4265821cfa607942f89eS.jpg?width=750&amp;height=1044&amp;hash=1794\" usemap=\"#_sdmap_15\" width=\"100%\" height=\"auto\" alt=\"\"> <img decoding=\"async\" style=\"display: block; width: 100%; height: auto;\" src=\"https:\/\/ae01.alicdn.com\/kf\/S6e03e028a7d14a88a0147c5dddc774af4.jpg?width=750&amp;height=1198&amp;hash=1948\" usemap=\"#_sdmap_16\" width=\"100%\" height=\"auto\" alt=\"\"> <img decoding=\"async\" style=\"display: block; width: 100%; height: auto;\" src=\"https:\/\/ae01.alicdn.com\/kf\/Se542f7445aa4487794dd8787138957afY.jpg?width=750&amp;height=1232&amp;hash=1982\" usemap=\"#_sdmap_17\" width=\"100%\" height=\"auto\" alt=\"\"> <img decoding=\"async\" style=\"display: block; width: 100%; height: auto;\" src=\"https:\/\/ae01.alicdn.com\/kf\/Sce104225fa6544eb8ce968cebbf086a00.jpg?width=750&amp;height=855&amp;hash=1605\" usemap=\"#_sdmap_18\" width=\"100%\" height=\"auto\" alt=\"\"><\/div>\n<\/div>\n<\/div>","protected":false},"excerpt":{"rendered":"<p>A diferencia de los humidificadores convencionales con funciones distribuidas, este armario humidificador establece nuevos est\u00e1ndares a nivel el\u00e9ctrico, ya que combina seis funciones esenciales<\/p>","protected":false},"featured_media":7514,"comment_status":"closed","ping_status":"closed","template":"","meta":[],"product_brand":[],"product_cat":[79],"product_tag":[],"class_list":{"0":"post-7513","1":"product","2":"type-product","3":"status-publish","4":"has-post-thumbnail","6":"product_cat-humidor-schrank","8":"first","9":"instock","10":"sale","11":"shipping-taxable","12":"purchasable","13":"product-type-simple"},"yoast_head":"<!-- This site is optimized with the Yoast SEO Premium plugin v26.7 (Yoast SEO v27.4) - https:\/\/yoast.com\/product\/yoast-seo-premium-wordpress\/ -->\n<title>humidor schrank elektrisch - Der beste Onlineshop f\u00fcr Pfeifen und Zigarrenzubeh\u00f6r in Deutschland<\/title>\n<meta name=\"robots\" content=\"index, follow, max-snippet:-1, max-image-preview:large, max-video-preview:-1\" \/>\n<link rel=\"canonical\" href=\"https:\/\/pfeifenundzigarren.de\/es\/Produkt\/humidor-schrank-elektrisch\/\" \/>\n<meta property=\"og:locale\" content=\"es_ES\" \/>\n<meta property=\"og:type\" content=\"article\" \/>\n<meta property=\"og:title\" content=\"humidor schrank elektrisch\" \/>\n<meta property=\"og:description\" content=\"Anders als herk\u00f6mmliche Humidore mit verteilten Funktionen setzt dieser humidor schrank elektrisch neue Ma\u00dfst\u00e4be, denn er vereint sechs wesentliche Funktionen\" \/>\n<meta property=\"og:url\" content=\"https:\/\/pfeifenundzigarren.de\/es\/Produkt\/humidor-schrank-elektrisch\/\" \/>\n<meta property=\"og:site_name\" content=\"Der beste Onlineshop f\u00fcr Pfeifen und Zigarrenzubeh\u00f6r in Deutschland\" \/>\n<meta property=\"article:modified_time\" content=\"2025-09-03T05:29:00+00:00\" \/>\n<meta property=\"og:image\" content=\"https:\/\/pfeifenundzigarren.de\/wp-content\/uploads\/2025\/08\/kf-Sad835411cb9b488ca6c3eafefc732fd6A.webp\" \/>\n\t<meta property=\"og:image:width\" content=\"800\" \/>\n\t<meta property=\"og:image:height\" content=\"800\" \/>\n\t<meta property=\"og:image:type\" content=\"image\/webp\" \/>\n<meta name=\"twitter:card\" content=\"summary_large_image\" \/>\n<meta name=\"twitter:label1\" content=\"Tiempo de lectura\" \/>\n\t<meta name=\"twitter:data1\" content=\"2 minutos\" \/>\n<script type=\"application\/ld+json\" class=\"yoast-schema-graph\">{\"@context\":\"https:\\\/\\\/schema.org\",\"@graph\":[{\"@type\":\"WebPage\",\"@id\":\"https:\\\/\\\/pfeifenundzigarren.de\\\/Produkt\\\/humidor-schrank-elektrisch\\\/\",\"url\":\"https:\\\/\\\/pfeifenundzigarren.de\\\/Produkt\\\/humidor-schrank-elektrisch\\\/\",\"name\":\"humidor schrank elektrisch - Der beste Onlineshop f\u00fcr Pfeifen und Zigarrenzubeh\u00f6r in Deutschland\",\"isPartOf\":{\"@id\":\"https:\\\/\\\/lime-nightingale-562313.hostingersite.com\\\/#website\"},\"primaryImageOfPage\":{\"@id\":\"https:\\\/\\\/pfeifenundzigarren.de\\\/Produkt\\\/humidor-schrank-elektrisch\\\/#primaryimage\"},\"image\":{\"@id\":\"https:\\\/\\\/pfeifenundzigarren.de\\\/Produkt\\\/humidor-schrank-elektrisch\\\/#primaryimage\"},\"thumbnailUrl\":\"https:\\\/\\\/pfeifenundzigarren.de\\\/wp-content\\\/uploads\\\/2025\\\/08\\\/kf-Sad835411cb9b488ca6c3eafefc732fd6A.webp\",\"datePublished\":\"2025-08-04T06:04:13+00:00\",\"dateModified\":\"2025-09-03T05:29:00+00:00\",\"breadcrumb\":{\"@id\":\"https:\\\/\\\/pfeifenundzigarren.de\\\/Produkt\\\/humidor-schrank-elektrisch\\\/#breadcrumb\"},\"inLanguage\":\"es\",\"potentialAction\":[{\"@type\":\"ReadAction\",\"target\":[\"https:\\\/\\\/pfeifenundzigarren.de\\\/Produkt\\\/humidor-schrank-elektrisch\\\/\"]}]},{\"@type\":\"ImageObject\",\"inLanguage\":\"es\",\"@id\":\"https:\\\/\\\/pfeifenundzigarren.de\\\/Produkt\\\/humidor-schrank-elektrisch\\\/#primaryimage\",\"url\":\"https:\\\/\\\/pfeifenundzigarren.de\\\/wp-content\\\/uploads\\\/2025\\\/08\\\/kf-Sad835411cb9b488ca6c3eafefc732fd6A.webp\",\"contentUrl\":\"https:\\\/\\\/pfeifenundzigarren.de\\\/wp-content\\\/uploads\\\/2025\\\/08\\\/kf-Sad835411cb9b488ca6c3eafefc732fd6A.webp\",\"width\":800,\"height\":800,\"caption\":\"humidor schrank elektrisch\"},{\"@type\":\"BreadcrumbList\",\"@id\":\"https:\\\/\\\/pfeifenundzigarren.de\\\/Produkt\\\/humidor-schrank-elektrisch\\\/#breadcrumb\",\"itemListElement\":[{\"@type\":\"ListItem\",\"position\":1,\"name\":\"Home\",\"item\":\"https:\\\/\\\/lime-nightingale-562313.hostingersite.com\\\/\"},{\"@type\":\"ListItem\",\"position\":2,\"name\":\"Shop\",\"item\":\"https:\\\/\\\/lime-nightingale-562313.hostingersite.com\\\/shop\\\/\"},{\"@type\":\"ListItem\",\"position\":3,\"name\":\"humidor schrank elektrisch\"}]},{\"@type\":\"WebSite\",\"@id\":\"https:\\\/\\\/lime-nightingale-562313.hostingersite.com\\\/#website\",\"url\":\"https:\\\/\\\/lime-nightingale-562313.hostingersite.com\\\/\",\"name\":\"Der beste Onlineshop f\u00fcr Pfeifen und Zigarrenzubeh\u00f6r in Deutschland\",\"description\":\"\",\"publisher\":{\"@id\":\"https:\\\/\\\/lime-nightingale-562313.hostingersite.com\\\/#organization\"},\"potentialAction\":[{\"@type\":\"SearchAction\",\"target\":{\"@type\":\"EntryPoint\",\"urlTemplate\":\"https:\\\/\\\/lime-nightingale-562313.hostingersite.com\\\/?s={search_term_string}\"},\"query-input\":{\"@type\":\"PropertyValueSpecification\",\"valueRequired\":true,\"valueName\":\"search_term_string\"}}],\"inLanguage\":\"es\"},{\"@type\":\"Organization\",\"@id\":\"https:\\\/\\\/lime-nightingale-562313.hostingersite.com\\\/#organization\",\"name\":\"Der beste Onlineshop f\u00fcr Pfeifen und Zigarrenzubeh\u00f6r in Deutschland\",\"url\":\"https:\\\/\\\/lime-nightingale-562313.hostingersite.com\\\/\",\"logo\":{\"@type\":\"ImageObject\",\"inLanguage\":\"es\",\"@id\":\"https:\\\/\\\/lime-nightingale-562313.hostingersite.com\\\/#\\\/schema\\\/logo\\\/image\\\/\",\"url\":\"https:\\\/\\\/pfeifenundzigarren.de\\\/wp-content\\\/uploads\\\/2024\\\/09\\\/cropped-Luxury-and-Vintage-Ornamental-Coffee-Shop-Logo.png\",\"contentUrl\":\"https:\\\/\\\/pfeifenundzigarren.de\\\/wp-content\\\/uploads\\\/2024\\\/09\\\/cropped-Luxury-and-Vintage-Ornamental-Coffee-Shop-Logo.png\",\"width\":512,\"height\":512,\"caption\":\"Der beste Onlineshop f\u00fcr Pfeifen und Zigarrenzubeh\u00f6r in Deutschland\"},\"image\":{\"@id\":\"https:\\\/\\\/lime-nightingale-562313.hostingersite.com\\\/#\\\/schema\\\/logo\\\/image\\\/\"}}]}<\/script>\n<!-- \/ Yoast SEO Premium plugin. -->","yoast_head_json":{"title":"humidor schrank elektrisch - Der beste Onlineshop f\u00fcr Pfeifen und Zigarrenzubeh\u00f6r in Deutschland","robots":{"index":"index","follow":"follow","max-snippet":"max-snippet:-1","max-image-preview":"max-image-preview:large","max-video-preview":"max-video-preview:-1"},"canonical":"https:\/\/pfeifenundzigarren.de\/es\/Produkt\/humidor-schrank-elektrisch\/","og_locale":"es_ES","og_type":"article","og_title":"humidor schrank elektrisch","og_description":"Anders als herk\u00f6mmliche Humidore mit verteilten Funktionen setzt dieser humidor schrank elektrisch neue Ma\u00dfst\u00e4be, denn er vereint sechs wesentliche Funktionen","og_url":"https:\/\/pfeifenundzigarren.de\/es\/Produkt\/humidor-schrank-elektrisch\/","og_site_name":"Der beste Onlineshop f\u00fcr Pfeifen und Zigarrenzubeh\u00f6r in Deutschland","article_modified_time":"2025-09-03T05:29:00+00:00","og_image":[{"width":800,"height":800,"url":"https:\/\/pfeifenundzigarren.de\/wp-content\/uploads\/2025\/08\/kf-Sad835411cb9b488ca6c3eafefc732fd6A.webp","type":"image\/webp"}],"twitter_card":"summary_large_image","twitter_misc":{"Tiempo de lectura":"2 minutos"},"schema":{"@context":"https:\/\/schema.org","@graph":[{"@type":"WebPage","@id":"https:\/\/pfeifenundzigarren.de\/Produkt\/humidor-schrank-elektrisch\/","url":"https:\/\/pfeifenundzigarren.de\/Produkt\/humidor-schrank-elektrisch\/","name":"humidor schrank elektrisch - Der beste Onlineshop f\u00fcr Pfeifen und Zigarrenzubeh\u00f6r in Deutschland","isPartOf":{"@id":"https:\/\/lime-nightingale-562313.hostingersite.com\/#website"},"primaryImageOfPage":{"@id":"https:\/\/pfeifenundzigarren.de\/Produkt\/humidor-schrank-elektrisch\/#primaryimage"},"image":{"@id":"https:\/\/pfeifenundzigarren.de\/Produkt\/humidor-schrank-elektrisch\/#primaryimage"},"thumbnailUrl":"https:\/\/pfeifenundzigarren.de\/wp-content\/uploads\/2025\/08\/kf-Sad835411cb9b488ca6c3eafefc732fd6A.webp","datePublished":"2025-08-04T06:04:13+00:00","dateModified":"2025-09-03T05:29:00+00:00","breadcrumb":{"@id":"https:\/\/pfeifenundzigarren.de\/Produkt\/humidor-schrank-elektrisch\/#breadcrumb"},"inLanguage":"es","potentialAction":[{"@type":"ReadAction","target":["https:\/\/pfeifenundzigarren.de\/Produkt\/humidor-schrank-elektrisch\/"]}]},{"@type":"ImageObject","inLanguage":"es","@id":"https:\/\/pfeifenundzigarren.de\/Produkt\/humidor-schrank-elektrisch\/#primaryimage","url":"https:\/\/pfeifenundzigarren.de\/wp-content\/uploads\/2025\/08\/kf-Sad835411cb9b488ca6c3eafefc732fd6A.webp","contentUrl":"https:\/\/pfeifenundzigarren.de\/wp-content\/uploads\/2025\/08\/kf-Sad835411cb9b488ca6c3eafefc732fd6A.webp","width":800,"height":800,"caption":"humidor schrank elektrisch"},{"@type":"BreadcrumbList","@id":"https:\/\/pfeifenundzigarren.de\/Produkt\/humidor-schrank-elektrisch\/#breadcrumb","itemListElement":[{"@type":"ListItem","position":1,"name":"Home","item":"https:\/\/lime-nightingale-562313.hostingersite.com\/"},{"@type":"ListItem","position":2,"name":"Shop","item":"https:\/\/lime-nightingale-562313.hostingersite.com\/shop\/"},{"@type":"ListItem","position":3,"name":"humidor schrank elektrisch"}]},{"@type":"WebSite","@id":"https:\/\/lime-nightingale-562313.hostingersite.com\/#website","url":"https:\/\/lime-nightingale-562313.hostingersite.com\/","name":"La mejor tienda en l\u00ednea de pipas y accesorios para puros de Alemania","description":"","publisher":{"@id":"https:\/\/lime-nightingale-562313.hostingersite.com\/#organization"},"potentialAction":[{"@type":"SearchAction","target":{"@type":"EntryPoint","urlTemplate":"https:\/\/lime-nightingale-562313.hostingersite.com\/?s={search_term_string}"},"query-input":{"@type":"PropertyValueSpecification","valueRequired":true,"valueName":"search_term_string"}}],"inLanguage":"es"},{"@type":"Organization","@id":"https:\/\/lime-nightingale-562313.hostingersite.com\/#organization","name":"La mejor tienda en l\u00ednea de pipas y accesorios para puros de Alemania","url":"https:\/\/lime-nightingale-562313.hostingersite.com\/","logo":{"@type":"ImageObject","inLanguage":"es","@id":"https:\/\/lime-nightingale-562313.hostingersite.com\/#\/schema\/logo\/image\/","url":"https:\/\/pfeifenundzigarren.de\/wp-content\/uploads\/2024\/09\/cropped-Luxury-and-Vintage-Ornamental-Coffee-Shop-Logo.png","contentUrl":"https:\/\/pfeifenundzigarren.de\/wp-content\/uploads\/2024\/09\/cropped-Luxury-and-Vintage-Ornamental-Coffee-Shop-Logo.png","width":512,"height":512,"caption":"Der beste Onlineshop f\u00fcr Pfeifen und Zigarrenzubeh\u00f6r in Deutschland"},"image":{"@id":"https:\/\/lime-nightingale-562313.hostingersite.com\/#\/schema\/logo\/image\/"}}]}},"_links":{"self":[{"href":"https:\/\/pfeifenundzigarren.de\/es\/wp-json\/wp\/v2\/product\/7513","targetHints":{"allow":["GET"]}}],"collection":[{"href":"https:\/\/pfeifenundzigarren.de\/es\/wp-json\/wp\/v2\/product"}],"about":[{"href":"https:\/\/pfeifenundzigarren.de\/es\/wp-json\/wp\/v2\/types\/product"}],"replies":[{"embeddable":true,"href":"https:\/\/pfeifenundzigarren.de\/es\/wp-json\/wp\/v2\/comments?post=7513"}],"version-history":[{"count":0,"href":"https:\/\/pfeifenundzigarren.de\/es\/wp-json\/wp\/v2\/product\/7513\/revisions"}],"wp:featuredmedia":[{"embeddable":true,"href":"https:\/\/pfeifenundzigarren.de\/es\/wp-json\/wp\/v2\/media\/7514"}],"wp:attachment":[{"href":"https:\/\/pfeifenundzigarren.de\/es\/wp-json\/wp\/v2\/media?parent=7513"}],"wp:term":[{"taxonomy":"product_brand","embeddable":true,"href":"https:\/\/pfeifenundzigarren.de\/es\/wp-json\/wp\/v2\/product_brand?post=7513"},{"taxonomy":"product_cat","embeddable":true,"href":"https:\/\/pfeifenundzigarren.de\/es\/wp-json\/wp\/v2\/product_cat?post=7513"},{"taxonomy":"product_tag","embeddable":true,"href":"https:\/\/pfeifenundzigarren.de\/es\/wp-json\/wp\/v2\/product_tag?post=7513"}],"curies":[{"name":"wp","href":"https:\/\/api.w.org\/{rel}","templated":true}]}}