{"id":7496,"date":"2025-08-04T05:40:42","date_gmt":"2025-08-04T03:40:42","guid":{"rendered":"https:\/\/pfeifenundzigarren.de\/Produkt\/elektronischer-humidor-mit-temperaturkontrolle\/"},"modified":"2025-09-03T05:33:27","modified_gmt":"2025-09-03T03:33:27","slug":"elektronischer-humidor-mit-temperaturkontrolle","status":"publish","type":"product","link":"https:\/\/pfeifenundzigarren.de\/es\/Produkt\/elektronischer-humidor-mit-temperaturkontrolle\/","title":{"rendered":"Humidificador electr\u00f3nico con control de temperatura"},"content":{"rendered":"<div class=\"detailmodule_html\">\n<div class=\"detail-desc-decorate-richtext\">\n<p>Un sistema electr\u00f3nico de humidificaci\u00f3n que supervisa y controla activamente la temperatura y la humedad es el elemento central de este sistema. <strong>Humidificador electr\u00f3nico con control de temperatura<\/strong>. Dispone de un sensor de alta precisi\u00f3n que mide la humedad relativa cada 10 segundos y se ajusta autom\u00e1ticamente entre 20 % y 90 %.<\/p>\n<p>En comparaci\u00f3n con los m\u00e9todos convencionales de humidificaci\u00f3n de puros, nuestra funci\u00f3n tiene sin duda una clara ventaja: reduce el riesgo de humidificaci\u00f3n excesiva o insuficiente y evita as\u00ed que los puros se enmohezcan, se sequen o pierdan su sabor.<\/p>\n<p>Tambi\u00e9n recomiendo el uso de un<strong> Humidificadores con control de temperatura<\/strong>para ajustar la humedad en funci\u00f3n de la calidad del puro. Debe saber que la humedad relativa de la mayor\u00eda de los puros de alta calidad est\u00e1 entre 65 % y 72 %. En el caso de los puros con un mayor contenido de aceite o m\u00e1s firmes, la humedad puede ajustarse entre 68 % y 70 % para potenciar el sabor y evitar al mismo tiempo una humidificaci\u00f3n excesiva.<\/p>\n<p>Dise\u00f1o modular para facilitar el mantenimiento Un enfoque modular separa los m\u00f3dulos tecnol\u00f3gicos fijos (como sensores y controles) de los componentes extra\u00edbles, como el dep\u00f3sito de agua, f\u00e1cil de retirar gracias a las conexiones magn\u00e9ticas.<\/p>\n<p>En <a href=\"https:\/\/pfeifenundzigarren.de\/es\/Produkt\/germanus-humidor-schrank\/\">Armario humidificador<\/a> est\u00e1 fabricada en aluminio anodizado negro o en madera de cedro y, adem\u00e1s, ha sido especialmente equipada por nuestros dise\u00f1adores con cristal de espejo de doble capa para protegerla de los rayos UV y garantizar un aislamiento t\u00e9rmico \u00f3ptimo.<\/p>\n<p style=\"margin: 0; display: block; width: 100%; font-size: 0;\"><img decoding=\"async\" style=\"width: 790px; height: 823px;\" src=\"https:\/\/ae01.alicdn.com\/kf\/S34506eda01254f91adf575d4c88644ebr.jpg?width=790&amp;height=823&amp;hash=1613\" data-id=\"ckeditor_img61\" alt=\"\"><img decoding=\"async\" style=\"width: 100%;\" src=\"https:\/\/ae01.alicdn.com\/kf\/S2c1fbe27b06d4b89bdb79c78f92bf284e.jpg?width=1116&amp;height=9&amp;hash=1125\" data-id=\"ckeditor_img62\" alt=\"\"><img decoding=\"async\" style=\"width: 100%;\" src=\"https:\/\/ae01.alicdn.com\/kf\/S14094adf16a74862857f207a36ad19b44.jpg?width=1178&amp;height=38&amp;hash=1216\" data-id=\"ckeditor_img65\" alt=\"\"><img decoding=\"async\" style=\"width: 790px; height: 1200px;\" src=\"https:\/\/ae01.alicdn.com\/kf\/Sf90119ba935044fdae67c180cd6b3bd3U.jpg?width=790&amp;height=1200&amp;hash=1990\" data-id=\"ckeditor_img79\" alt=\"\"><img decoding=\"async\" style=\"width: 790px; height: 366px;\" src=\"https:\/\/ae01.alicdn.com\/kf\/S92c89a5591c148939152c91e5943175cD.jpg?width=790&amp;height=366&amp;hash=1156\" data-id=\"ckeditor_img80\" alt=\"\"><\/p>\n<\/div>\n<\/div>","protected":false},"excerpt":{"rendered":"<p>Un sistema electr\u00f3nico de humidificaci\u00f3n que supervisa y controla activamente la temperatura y la humedad es el elemento central de este humidor electr\u00f3nico con<\/p>","protected":false},"featured_media":7497,"comment_status":"closed","ping_status":"closed","template":"","meta":[],"product_brand":[],"product_cat":[79],"product_tag":[],"class_list":{"0":"post-7496","1":"product","2":"type-product","3":"status-publish","4":"has-post-thumbnail","6":"product_cat-humidor-schrank","8":"first","9":"instock","10":"sale","11":"shipping-taxable","12":"purchasable","13":"product-type-variable","14":"wvs-archive-product-wrapper"},"yoast_head":"<!-- This site is optimized with the Yoast SEO Premium plugin v26.7 (Yoast SEO v27.4) - https:\/\/yoast.com\/product\/yoast-seo-premium-wordpress\/ -->\n<title>elektronischer Humidor mit Temperaturkontrolle - Der beste Onlineshop f\u00fcr Pfeifen und Zigarrenzubeh\u00f6r in Deutschland<\/title>\n<meta name=\"robots\" content=\"index, follow, max-snippet:-1, max-image-preview:large, max-video-preview:-1\" \/>\n<link rel=\"canonical\" href=\"https:\/\/pfeifenundzigarren.de\/es\/Produkt\/elektronischer-humidor-mit-temperaturkontrolle\/\" \/>\n<meta property=\"og:locale\" content=\"es_ES\" \/>\n<meta property=\"og:type\" content=\"article\" \/>\n<meta property=\"og:title\" content=\"elektronischer Humidor mit Temperaturkontrolle\" \/>\n<meta property=\"og:description\" content=\"Ein elektronisches Befeuchtungssystem, das die Temperatur und Feuchtigkeit aktiv \u00fcberwacht und steuert, ist das zentrale Element dieses elektronischer Humidor mit\" \/>\n<meta property=\"og:url\" content=\"https:\/\/pfeifenundzigarren.de\/es\/Produkt\/elektronischer-humidor-mit-temperaturkontrolle\/\" \/>\n<meta property=\"og:site_name\" content=\"Der beste Onlineshop f\u00fcr Pfeifen und Zigarrenzubeh\u00f6r in Deutschland\" \/>\n<meta property=\"article:modified_time\" content=\"2025-09-03T03:33:27+00:00\" \/>\n<meta property=\"og:image\" content=\"https:\/\/pfeifenundzigarren.de\/wp-content\/uploads\/2025\/08\/kf-S47d25be19e8a46c5ada4f07c23231b9cU.webp\" \/>\n\t<meta property=\"og:image:width\" content=\"800\" \/>\n\t<meta property=\"og:image:height\" content=\"800\" \/>\n\t<meta property=\"og:image:type\" content=\"image\/webp\" \/>\n<meta name=\"twitter:card\" content=\"summary_large_image\" \/>\n<meta name=\"twitter:label1\" content=\"Tiempo de lectura\" \/>\n\t<meta name=\"twitter:data1\" content=\"1 minuto\" \/>\n<script type=\"application\/ld+json\" class=\"yoast-schema-graph\">{\"@context\":\"https:\\\/\\\/schema.org\",\"@graph\":[{\"@type\":\"WebPage\",\"@id\":\"https:\\\/\\\/pfeifenundzigarren.de\\\/Produkt\\\/elektronischer-humidor-mit-temperaturkontrolle\\\/\",\"url\":\"https:\\\/\\\/pfeifenundzigarren.de\\\/Produkt\\\/elektronischer-humidor-mit-temperaturkontrolle\\\/\",\"name\":\"elektronischer Humidor mit Temperaturkontrolle - Der beste Onlineshop f\u00fcr Pfeifen und Zigarrenzubeh\u00f6r in Deutschland\",\"isPartOf\":{\"@id\":\"https:\\\/\\\/lime-nightingale-562313.hostingersite.com\\\/#website\"},\"primaryImageOfPage\":{\"@id\":\"https:\\\/\\\/pfeifenundzigarren.de\\\/Produkt\\\/elektronischer-humidor-mit-temperaturkontrolle\\\/#primaryimage\"},\"image\":{\"@id\":\"https:\\\/\\\/pfeifenundzigarren.de\\\/Produkt\\\/elektronischer-humidor-mit-temperaturkontrolle\\\/#primaryimage\"},\"thumbnailUrl\":\"https:\\\/\\\/pfeifenundzigarren.de\\\/wp-content\\\/uploads\\\/2025\\\/08\\\/kf-S47d25be19e8a46c5ada4f07c23231b9cU.webp\",\"datePublished\":\"2025-08-04T03:40:42+00:00\",\"dateModified\":\"2025-09-03T03:33:27+00:00\",\"breadcrumb\":{\"@id\":\"https:\\\/\\\/pfeifenundzigarren.de\\\/Produkt\\\/elektronischer-humidor-mit-temperaturkontrolle\\\/#breadcrumb\"},\"inLanguage\":\"es\",\"potentialAction\":[{\"@type\":\"ReadAction\",\"target\":[\"https:\\\/\\\/pfeifenundzigarren.de\\\/Produkt\\\/elektronischer-humidor-mit-temperaturkontrolle\\\/\"]}]},{\"@type\":\"ImageObject\",\"inLanguage\":\"es\",\"@id\":\"https:\\\/\\\/pfeifenundzigarren.de\\\/Produkt\\\/elektronischer-humidor-mit-temperaturkontrolle\\\/#primaryimage\",\"url\":\"https:\\\/\\\/pfeifenundzigarren.de\\\/wp-content\\\/uploads\\\/2025\\\/08\\\/kf-S47d25be19e8a46c5ada4f07c23231b9cU.webp\",\"contentUrl\":\"https:\\\/\\\/pfeifenundzigarren.de\\\/wp-content\\\/uploads\\\/2025\\\/08\\\/kf-S47d25be19e8a46c5ada4f07c23231b9cU.webp\",\"width\":800,\"height\":800,\"caption\":\"elektronischer Humidor mit Temperaturkontrolle\"},{\"@type\":\"BreadcrumbList\",\"@id\":\"https:\\\/\\\/pfeifenundzigarren.de\\\/Produkt\\\/elektronischer-humidor-mit-temperaturkontrolle\\\/#breadcrumb\",\"itemListElement\":[{\"@type\":\"ListItem\",\"position\":1,\"name\":\"Home\",\"item\":\"https:\\\/\\\/lime-nightingale-562313.hostingersite.com\\\/\"},{\"@type\":\"ListItem\",\"position\":2,\"name\":\"Shop\",\"item\":\"https:\\\/\\\/lime-nightingale-562313.hostingersite.com\\\/shop\\\/\"},{\"@type\":\"ListItem\",\"position\":3,\"name\":\"elektronischer Humidor mit Temperaturkontrolle\"}]},{\"@type\":\"WebSite\",\"@id\":\"https:\\\/\\\/lime-nightingale-562313.hostingersite.com\\\/#website\",\"url\":\"https:\\\/\\\/lime-nightingale-562313.hostingersite.com\\\/\",\"name\":\"Der beste Onlineshop f\u00fcr Pfeifen und Zigarrenzubeh\u00f6r in Deutschland\",\"description\":\"\",\"publisher\":{\"@id\":\"https:\\\/\\\/lime-nightingale-562313.hostingersite.com\\\/#organization\"},\"potentialAction\":[{\"@type\":\"SearchAction\",\"target\":{\"@type\":\"EntryPoint\",\"urlTemplate\":\"https:\\\/\\\/lime-nightingale-562313.hostingersite.com\\\/?s={search_term_string}\"},\"query-input\":{\"@type\":\"PropertyValueSpecification\",\"valueRequired\":true,\"valueName\":\"search_term_string\"}}],\"inLanguage\":\"es\"},{\"@type\":\"Organization\",\"@id\":\"https:\\\/\\\/lime-nightingale-562313.hostingersite.com\\\/#organization\",\"name\":\"Der beste Onlineshop f\u00fcr Pfeifen und Zigarrenzubeh\u00f6r in Deutschland\",\"url\":\"https:\\\/\\\/lime-nightingale-562313.hostingersite.com\\\/\",\"logo\":{\"@type\":\"ImageObject\",\"inLanguage\":\"es\",\"@id\":\"https:\\\/\\\/lime-nightingale-562313.hostingersite.com\\\/#\\\/schema\\\/logo\\\/image\\\/\",\"url\":\"https:\\\/\\\/pfeifenundzigarren.de\\\/wp-content\\\/uploads\\\/2024\\\/09\\\/cropped-Luxury-and-Vintage-Ornamental-Coffee-Shop-Logo.png\",\"contentUrl\":\"https:\\\/\\\/pfeifenundzigarren.de\\\/wp-content\\\/uploads\\\/2024\\\/09\\\/cropped-Luxury-and-Vintage-Ornamental-Coffee-Shop-Logo.png\",\"width\":512,\"height\":512,\"caption\":\"Der beste Onlineshop f\u00fcr Pfeifen und Zigarrenzubeh\u00f6r in Deutschland\"},\"image\":{\"@id\":\"https:\\\/\\\/lime-nightingale-562313.hostingersite.com\\\/#\\\/schema\\\/logo\\\/image\\\/\"}}]}<\/script>\n<!-- \/ Yoast SEO Premium plugin. -->","yoast_head_json":{"title":"elektronischer Humidor mit Temperaturkontrolle - Der beste Onlineshop f\u00fcr Pfeifen und Zigarrenzubeh\u00f6r in Deutschland","robots":{"index":"index","follow":"follow","max-snippet":"max-snippet:-1","max-image-preview":"max-image-preview:large","max-video-preview":"max-video-preview:-1"},"canonical":"https:\/\/pfeifenundzigarren.de\/es\/Produkt\/elektronischer-humidor-mit-temperaturkontrolle\/","og_locale":"es_ES","og_type":"article","og_title":"elektronischer Humidor mit Temperaturkontrolle","og_description":"Ein elektronisches Befeuchtungssystem, das die Temperatur und Feuchtigkeit aktiv \u00fcberwacht und steuert, ist das zentrale Element dieses elektronischer Humidor mit","og_url":"https:\/\/pfeifenundzigarren.de\/es\/Produkt\/elektronischer-humidor-mit-temperaturkontrolle\/","og_site_name":"Der beste Onlineshop f\u00fcr Pfeifen und Zigarrenzubeh\u00f6r in Deutschland","article_modified_time":"2025-09-03T03:33:27+00:00","og_image":[{"width":800,"height":800,"url":"https:\/\/pfeifenundzigarren.de\/wp-content\/uploads\/2025\/08\/kf-S47d25be19e8a46c5ada4f07c23231b9cU.webp","type":"image\/webp"}],"twitter_card":"summary_large_image","twitter_misc":{"Tiempo de lectura":"1 minuto"},"schema":{"@context":"https:\/\/schema.org","@graph":[{"@type":"WebPage","@id":"https:\/\/pfeifenundzigarren.de\/Produkt\/elektronischer-humidor-mit-temperaturkontrolle\/","url":"https:\/\/pfeifenundzigarren.de\/Produkt\/elektronischer-humidor-mit-temperaturkontrolle\/","name":"elektronischer Humidor mit Temperaturkontrolle - Der beste Onlineshop f\u00fcr Pfeifen und Zigarrenzubeh\u00f6r in Deutschland","isPartOf":{"@id":"https:\/\/lime-nightingale-562313.hostingersite.com\/#website"},"primaryImageOfPage":{"@id":"https:\/\/pfeifenundzigarren.de\/Produkt\/elektronischer-humidor-mit-temperaturkontrolle\/#primaryimage"},"image":{"@id":"https:\/\/pfeifenundzigarren.de\/Produkt\/elektronischer-humidor-mit-temperaturkontrolle\/#primaryimage"},"thumbnailUrl":"https:\/\/pfeifenundzigarren.de\/wp-content\/uploads\/2025\/08\/kf-S47d25be19e8a46c5ada4f07c23231b9cU.webp","datePublished":"2025-08-04T03:40:42+00:00","dateModified":"2025-09-03T03:33:27+00:00","breadcrumb":{"@id":"https:\/\/pfeifenundzigarren.de\/Produkt\/elektronischer-humidor-mit-temperaturkontrolle\/#breadcrumb"},"inLanguage":"es","potentialAction":[{"@type":"ReadAction","target":["https:\/\/pfeifenundzigarren.de\/Produkt\/elektronischer-humidor-mit-temperaturkontrolle\/"]}]},{"@type":"ImageObject","inLanguage":"es","@id":"https:\/\/pfeifenundzigarren.de\/Produkt\/elektronischer-humidor-mit-temperaturkontrolle\/#primaryimage","url":"https:\/\/pfeifenundzigarren.de\/wp-content\/uploads\/2025\/08\/kf-S47d25be19e8a46c5ada4f07c23231b9cU.webp","contentUrl":"https:\/\/pfeifenundzigarren.de\/wp-content\/uploads\/2025\/08\/kf-S47d25be19e8a46c5ada4f07c23231b9cU.webp","width":800,"height":800,"caption":"elektronischer Humidor mit Temperaturkontrolle"},{"@type":"BreadcrumbList","@id":"https:\/\/pfeifenundzigarren.de\/Produkt\/elektronischer-humidor-mit-temperaturkontrolle\/#breadcrumb","itemListElement":[{"@type":"ListItem","position":1,"name":"Home","item":"https:\/\/lime-nightingale-562313.hostingersite.com\/"},{"@type":"ListItem","position":2,"name":"Shop","item":"https:\/\/lime-nightingale-562313.hostingersite.com\/shop\/"},{"@type":"ListItem","position":3,"name":"elektronischer Humidor mit Temperaturkontrolle"}]},{"@type":"WebSite","@id":"https:\/\/lime-nightingale-562313.hostingersite.com\/#website","url":"https:\/\/lime-nightingale-562313.hostingersite.com\/","name":"La mejor tienda en l\u00ednea de pipas y accesorios para puros de Alemania","description":"","publisher":{"@id":"https:\/\/lime-nightingale-562313.hostingersite.com\/#organization"},"potentialAction":[{"@type":"SearchAction","target":{"@type":"EntryPoint","urlTemplate":"https:\/\/lime-nightingale-562313.hostingersite.com\/?s={search_term_string}"},"query-input":{"@type":"PropertyValueSpecification","valueRequired":true,"valueName":"search_term_string"}}],"inLanguage":"es"},{"@type":"Organization","@id":"https:\/\/lime-nightingale-562313.hostingersite.com\/#organization","name":"La mejor tienda en l\u00ednea de pipas y accesorios para puros de Alemania","url":"https:\/\/lime-nightingale-562313.hostingersite.com\/","logo":{"@type":"ImageObject","inLanguage":"es","@id":"https:\/\/lime-nightingale-562313.hostingersite.com\/#\/schema\/logo\/image\/","url":"https:\/\/pfeifenundzigarren.de\/wp-content\/uploads\/2024\/09\/cropped-Luxury-and-Vintage-Ornamental-Coffee-Shop-Logo.png","contentUrl":"https:\/\/pfeifenundzigarren.de\/wp-content\/uploads\/2024\/09\/cropped-Luxury-and-Vintage-Ornamental-Coffee-Shop-Logo.png","width":512,"height":512,"caption":"Der beste Onlineshop f\u00fcr Pfeifen und Zigarrenzubeh\u00f6r in Deutschland"},"image":{"@id":"https:\/\/lime-nightingale-562313.hostingersite.com\/#\/schema\/logo\/image\/"}}]}},"_links":{"self":[{"href":"https:\/\/pfeifenundzigarren.de\/es\/wp-json\/wp\/v2\/product\/7496","targetHints":{"allow":["GET"]}}],"collection":[{"href":"https:\/\/pfeifenundzigarren.de\/es\/wp-json\/wp\/v2\/product"}],"about":[{"href":"https:\/\/pfeifenundzigarren.de\/es\/wp-json\/wp\/v2\/types\/product"}],"replies":[{"embeddable":true,"href":"https:\/\/pfeifenundzigarren.de\/es\/wp-json\/wp\/v2\/comments?post=7496"}],"version-history":[{"count":0,"href":"https:\/\/pfeifenundzigarren.de\/es\/wp-json\/wp\/v2\/product\/7496\/revisions"}],"wp:featuredmedia":[{"embeddable":true,"href":"https:\/\/pfeifenundzigarren.de\/es\/wp-json\/wp\/v2\/media\/7497"}],"wp:attachment":[{"href":"https:\/\/pfeifenundzigarren.de\/es\/wp-json\/wp\/v2\/media?parent=7496"}],"wp:term":[{"taxonomy":"product_brand","embeddable":true,"href":"https:\/\/pfeifenundzigarren.de\/es\/wp-json\/wp\/v2\/product_brand?post=7496"},{"taxonomy":"product_cat","embeddable":true,"href":"https:\/\/pfeifenundzigarren.de\/es\/wp-json\/wp\/v2\/product_cat?post=7496"},{"taxonomy":"product_tag","embeddable":true,"href":"https:\/\/pfeifenundzigarren.de\/es\/wp-json\/wp\/v2\/product_tag?post=7496"}],"curies":[{"name":"wp","href":"https:\/\/api.w.org\/{rel}","templated":true}]}}