{"id":7462,"date":"2025-08-04T04:42:08","date_gmt":"2025-08-04T02:42:08","guid":{"rendered":"https:\/\/pfeifenundzigarren.de\/?post_type=product&#038;p=7462"},"modified":"2025-09-01T04:57:58","modified_gmt":"2025-09-01T02:57:58","slug":"handgefertigter-zigarrenschrank-aus-holz","status":"publish","type":"product","link":"https:\/\/pfeifenundzigarren.de\/es\/Produkt\/handgefertigter-zigarrenschrank-aus-holz\/","title":{"rendered":"Armario para puros de madera hecho a mano"},"content":{"rendered":"<p>Este <strong>Armario de madera para puros<\/strong> est\u00e1 fabricado por nuestros artesanos con madera maciza de nogal negro. \u00bfPor qu\u00e9 nogal negro? Porque esta madera es ideal para el lijado fino y el pulido, el resultado es un <strong>Armario para puros<\/strong> de madera con un tacto noble y un bello veteado natural.<\/p>\n<p>La madera de nogal negro es muy robusta cuando se seca y trata adecuadamente. No se deforma tanto con las fluctuaciones de humedad y no se encoge tanto como las maderas m\u00e1s blandas.<\/p>\n<p>Dado que la madera maciza de nogal negro es extremadamente dura, nuestros artesanos tambi\u00e9n utilizan m\u00e9todos de construcci\u00f3n avanzados, como las uniones de cola de milano. Estos m\u00e9todos tradicionales no s\u00f3lo hacen que el armario para puros de lujo sea m\u00e1s robusto, sino tambi\u00e9n especialmente herm\u00e9tico. Como resultado, los dep\u00f3sitos de humedad u otros m\u00e9todos de humidificaci\u00f3n del aire funcionan de forma \u00f3ptima: la mejor forma de almacenar puros.<\/p>\n<p>Con el fin de mantener el rango \u00f3ptimo de almacenamiento de 65 % a 70 % para los puros, este <a href=\"https:\/\/pfeifenundzigarren.de\/es\/Produkt\/zigarrenschrank-aus-spanischem-zedernholz-mit-digitalem-display\/\">Armario para puros con higr\u00f3metro con espa\u00f1ol<\/a> forrado de cedro. Esta estructura especial act\u00faa como regulador natural de la humedad. Lo hace \"amortiguando\" la humedad relativa (HR) cuando cambia el ambiente exterior. Es muy \u00fatil para el proceso de envejecimiento estable a largo plazo de los puros, ya que absorbe suavemente el exceso de humedad y lo libera de nuevo en condiciones secas. Los puros pueden alcanzar gradualmente un nivel de sabor m\u00e1s profundo en este entorno. Adem\u00e1s <a href=\"https:\/\/pfeifenundzigarren.de\/es\/Produkt\/zigarrenkiste-aus-spanischem-zedernholz-mit-glashygrometer-und-rechteckigem-befeuchter\/\">Madera de cedro espa\u00f1ol<\/a> tiene propiedades inherentes antimoho, repelentes de insectos y absorbentes de olores que reducen con \u00e9xito \"diversos sabores y olores a moho\", lo que se traduce en un sabor original m\u00e1s puro y pronunciado de los puros.<\/p>\n<p>Este<strong> Armario de madera para puros<\/strong><a href=\"https:\/\/pfeifenundzigarren.de\/es\/Produkt\/zigarrenschrank-mit-automatischer-feuchtigkeitsregulierung\/\"> est\u00e1 equipado con sistemas de regulaci\u00f3n bidireccional de la humedad<\/a> (como Boveda) son compatibles. Estos consumibles se ajustan autom\u00e1ticamente al contenido de humedad de la madera durante la fase de precurado para crear un equilibrio con los puros. Como resultado, se pueden utilizar kits de control de humedad con diferentes valores de humedad relativa para mantener la humedad deseada, eliminando el tedioso mantenimiento de las esponjas tradicionales o las soluciones PG.<\/p>","protected":false},"excerpt":{"rendered":"<p>Este armario para puros de madera est\u00e1 fabricado con madera maciza de nogal negro por nuestros artesanos. \u00bfPor qu\u00e9 nogal negro? Porque esta madera es ideal para<\/p>","protected":false},"featured_media":7465,"comment_status":"closed","ping_status":"closed","template":"","meta":[],"product_brand":[],"product_cat":[79],"product_tag":[],"class_list":{"0":"post-7462","1":"product","2":"type-product","3":"status-publish","4":"has-post-thumbnail","6":"product_cat-humidor-schrank","8":"first","9":"instock","10":"sale","11":"shipping-taxable","12":"purchasable","13":"product-type-simple"},"yoast_head":"<!-- This site is optimized with the Yoast SEO Premium plugin v26.7 (Yoast SEO v27.4) - https:\/\/yoast.com\/product\/yoast-seo-premium-wordpress\/ -->\n<title>Handgefertigter Zigarrenschrank aus Holz - Der beste Onlineshop f\u00fcr Pfeifen und Zigarrenzubeh\u00f6r in Deutschland<\/title>\n<meta name=\"robots\" content=\"index, follow, max-snippet:-1, max-image-preview:large, max-video-preview:-1\" \/>\n<link rel=\"canonical\" href=\"https:\/\/pfeifenundzigarren.de\/es\/Produkt\/handgefertigter-zigarrenschrank-aus-holz\/\" \/>\n<meta property=\"og:locale\" content=\"es_ES\" \/>\n<meta property=\"og:type\" content=\"article\" \/>\n<meta property=\"og:title\" content=\"Handgefertigter Zigarrenschrank aus Holz\" \/>\n<meta property=\"og:description\" content=\"Dieser Zigarrenschrank aus Holz wird von unseren Handwerkern aus massivem Schwarznussholz gefertigt. Warum Schwarznussholz? Weil sich dieses Holz hervorragend zum\" \/>\n<meta property=\"og:url\" content=\"https:\/\/pfeifenundzigarren.de\/es\/Produkt\/handgefertigter-zigarrenschrank-aus-holz\/\" \/>\n<meta property=\"og:site_name\" content=\"Der beste Onlineshop f\u00fcr Pfeifen und Zigarrenzubeh\u00f6r in Deutschland\" \/>\n<meta property=\"article:modified_time\" content=\"2025-09-01T02:57:58+00:00\" \/>\n<meta property=\"og:image\" content=\"https:\/\/pfeifenundzigarren.de\/wp-content\/uploads\/2025\/08\/82e610eddd229898285284b7d1106d3.jpg\" \/>\n\t<meta property=\"og:image:width\" content=\"1000\" \/>\n\t<meta property=\"og:image:height\" content=\"1000\" \/>\n\t<meta property=\"og:image:type\" content=\"image\/jpeg\" \/>\n<meta name=\"twitter:card\" content=\"summary_large_image\" \/>\n<meta name=\"twitter:label1\" content=\"Tiempo de lectura\" \/>\n\t<meta name=\"twitter:data1\" content=\"1 minuto\" \/>\n<script type=\"application\/ld+json\" class=\"yoast-schema-graph\">{\"@context\":\"https:\\\/\\\/schema.org\",\"@graph\":[{\"@type\":\"WebPage\",\"@id\":\"https:\\\/\\\/pfeifenundzigarren.de\\\/Produkt\\\/handgefertigter-zigarrenschrank-aus-holz\\\/\",\"url\":\"https:\\\/\\\/pfeifenundzigarren.de\\\/Produkt\\\/handgefertigter-zigarrenschrank-aus-holz\\\/\",\"name\":\"Handgefertigter Zigarrenschrank aus Holz - Der beste Onlineshop f\u00fcr Pfeifen und Zigarrenzubeh\u00f6r in Deutschland\",\"isPartOf\":{\"@id\":\"https:\\\/\\\/lime-nightingale-562313.hostingersite.com\\\/#website\"},\"primaryImageOfPage\":{\"@id\":\"https:\\\/\\\/pfeifenundzigarren.de\\\/Produkt\\\/handgefertigter-zigarrenschrank-aus-holz\\\/#primaryimage\"},\"image\":{\"@id\":\"https:\\\/\\\/pfeifenundzigarren.de\\\/Produkt\\\/handgefertigter-zigarrenschrank-aus-holz\\\/#primaryimage\"},\"thumbnailUrl\":\"https:\\\/\\\/pfeifenundzigarren.de\\\/wp-content\\\/uploads\\\/2025\\\/08\\\/82e610eddd229898285284b7d1106d3.jpg\",\"datePublished\":\"2025-08-04T02:42:08+00:00\",\"dateModified\":\"2025-09-01T02:57:58+00:00\",\"breadcrumb\":{\"@id\":\"https:\\\/\\\/pfeifenundzigarren.de\\\/Produkt\\\/handgefertigter-zigarrenschrank-aus-holz\\\/#breadcrumb\"},\"inLanguage\":\"es\",\"potentialAction\":[{\"@type\":\"ReadAction\",\"target\":[\"https:\\\/\\\/pfeifenundzigarren.de\\\/Produkt\\\/handgefertigter-zigarrenschrank-aus-holz\\\/\"]}]},{\"@type\":\"ImageObject\",\"inLanguage\":\"es\",\"@id\":\"https:\\\/\\\/pfeifenundzigarren.de\\\/Produkt\\\/handgefertigter-zigarrenschrank-aus-holz\\\/#primaryimage\",\"url\":\"https:\\\/\\\/pfeifenundzigarren.de\\\/wp-content\\\/uploads\\\/2025\\\/08\\\/82e610eddd229898285284b7d1106d3.jpg\",\"contentUrl\":\"https:\\\/\\\/pfeifenundzigarren.de\\\/wp-content\\\/uploads\\\/2025\\\/08\\\/82e610eddd229898285284b7d1106d3.jpg\",\"width\":1000,\"height\":1000,\"caption\":\"Handgefertigter Zigarrenschrank aus Holz\"},{\"@type\":\"BreadcrumbList\",\"@id\":\"https:\\\/\\\/pfeifenundzigarren.de\\\/Produkt\\\/handgefertigter-zigarrenschrank-aus-holz\\\/#breadcrumb\",\"itemListElement\":[{\"@type\":\"ListItem\",\"position\":1,\"name\":\"Home\",\"item\":\"https:\\\/\\\/lime-nightingale-562313.hostingersite.com\\\/\"},{\"@type\":\"ListItem\",\"position\":2,\"name\":\"Shop\",\"item\":\"https:\\\/\\\/lime-nightingale-562313.hostingersite.com\\\/shop\\\/\"},{\"@type\":\"ListItem\",\"position\":3,\"name\":\"Handgefertigter Zigarrenschrank aus Holz\"}]},{\"@type\":\"WebSite\",\"@id\":\"https:\\\/\\\/lime-nightingale-562313.hostingersite.com\\\/#website\",\"url\":\"https:\\\/\\\/lime-nightingale-562313.hostingersite.com\\\/\",\"name\":\"Der beste Onlineshop f\u00fcr Pfeifen und Zigarrenzubeh\u00f6r in Deutschland\",\"description\":\"\",\"publisher\":{\"@id\":\"https:\\\/\\\/lime-nightingale-562313.hostingersite.com\\\/#organization\"},\"potentialAction\":[{\"@type\":\"SearchAction\",\"target\":{\"@type\":\"EntryPoint\",\"urlTemplate\":\"https:\\\/\\\/lime-nightingale-562313.hostingersite.com\\\/?s={search_term_string}\"},\"query-input\":{\"@type\":\"PropertyValueSpecification\",\"valueRequired\":true,\"valueName\":\"search_term_string\"}}],\"inLanguage\":\"es\"},{\"@type\":\"Organization\",\"@id\":\"https:\\\/\\\/lime-nightingale-562313.hostingersite.com\\\/#organization\",\"name\":\"Der beste Onlineshop f\u00fcr Pfeifen und Zigarrenzubeh\u00f6r in Deutschland\",\"url\":\"https:\\\/\\\/lime-nightingale-562313.hostingersite.com\\\/\",\"logo\":{\"@type\":\"ImageObject\",\"inLanguage\":\"es\",\"@id\":\"https:\\\/\\\/lime-nightingale-562313.hostingersite.com\\\/#\\\/schema\\\/logo\\\/image\\\/\",\"url\":\"https:\\\/\\\/pfeifenundzigarren.de\\\/wp-content\\\/uploads\\\/2024\\\/09\\\/cropped-Luxury-and-Vintage-Ornamental-Coffee-Shop-Logo.png\",\"contentUrl\":\"https:\\\/\\\/pfeifenundzigarren.de\\\/wp-content\\\/uploads\\\/2024\\\/09\\\/cropped-Luxury-and-Vintage-Ornamental-Coffee-Shop-Logo.png\",\"width\":512,\"height\":512,\"caption\":\"Der beste Onlineshop f\u00fcr Pfeifen und Zigarrenzubeh\u00f6r in Deutschland\"},\"image\":{\"@id\":\"https:\\\/\\\/lime-nightingale-562313.hostingersite.com\\\/#\\\/schema\\\/logo\\\/image\\\/\"}}]}<\/script>\n<!-- \/ Yoast SEO Premium plugin. -->","yoast_head_json":{"title":"Handgefertigter Zigarrenschrank aus Holz - Der beste Onlineshop f\u00fcr Pfeifen und Zigarrenzubeh\u00f6r in Deutschland","robots":{"index":"index","follow":"follow","max-snippet":"max-snippet:-1","max-image-preview":"max-image-preview:large","max-video-preview":"max-video-preview:-1"},"canonical":"https:\/\/pfeifenundzigarren.de\/es\/Produkt\/handgefertigter-zigarrenschrank-aus-holz\/","og_locale":"es_ES","og_type":"article","og_title":"Handgefertigter Zigarrenschrank aus Holz","og_description":"Dieser Zigarrenschrank aus Holz wird von unseren Handwerkern aus massivem Schwarznussholz gefertigt. Warum Schwarznussholz? Weil sich dieses Holz hervorragend zum","og_url":"https:\/\/pfeifenundzigarren.de\/es\/Produkt\/handgefertigter-zigarrenschrank-aus-holz\/","og_site_name":"Der beste Onlineshop f\u00fcr Pfeifen und Zigarrenzubeh\u00f6r in Deutschland","article_modified_time":"2025-09-01T02:57:58+00:00","og_image":[{"width":1000,"height":1000,"url":"https:\/\/pfeifenundzigarren.de\/wp-content\/uploads\/2025\/08\/82e610eddd229898285284b7d1106d3.jpg","type":"image\/jpeg"}],"twitter_card":"summary_large_image","twitter_misc":{"Tiempo de lectura":"1 minuto"},"schema":{"@context":"https:\/\/schema.org","@graph":[{"@type":"WebPage","@id":"https:\/\/pfeifenundzigarren.de\/Produkt\/handgefertigter-zigarrenschrank-aus-holz\/","url":"https:\/\/pfeifenundzigarren.de\/Produkt\/handgefertigter-zigarrenschrank-aus-holz\/","name":"Handgefertigter Zigarrenschrank aus Holz - Der beste Onlineshop f\u00fcr Pfeifen und Zigarrenzubeh\u00f6r in Deutschland","isPartOf":{"@id":"https:\/\/lime-nightingale-562313.hostingersite.com\/#website"},"primaryImageOfPage":{"@id":"https:\/\/pfeifenundzigarren.de\/Produkt\/handgefertigter-zigarrenschrank-aus-holz\/#primaryimage"},"image":{"@id":"https:\/\/pfeifenundzigarren.de\/Produkt\/handgefertigter-zigarrenschrank-aus-holz\/#primaryimage"},"thumbnailUrl":"https:\/\/pfeifenundzigarren.de\/wp-content\/uploads\/2025\/08\/82e610eddd229898285284b7d1106d3.jpg","datePublished":"2025-08-04T02:42:08+00:00","dateModified":"2025-09-01T02:57:58+00:00","breadcrumb":{"@id":"https:\/\/pfeifenundzigarren.de\/Produkt\/handgefertigter-zigarrenschrank-aus-holz\/#breadcrumb"},"inLanguage":"es","potentialAction":[{"@type":"ReadAction","target":["https:\/\/pfeifenundzigarren.de\/Produkt\/handgefertigter-zigarrenschrank-aus-holz\/"]}]},{"@type":"ImageObject","inLanguage":"es","@id":"https:\/\/pfeifenundzigarren.de\/Produkt\/handgefertigter-zigarrenschrank-aus-holz\/#primaryimage","url":"https:\/\/pfeifenundzigarren.de\/wp-content\/uploads\/2025\/08\/82e610eddd229898285284b7d1106d3.jpg","contentUrl":"https:\/\/pfeifenundzigarren.de\/wp-content\/uploads\/2025\/08\/82e610eddd229898285284b7d1106d3.jpg","width":1000,"height":1000,"caption":"Handgefertigter Zigarrenschrank aus Holz"},{"@type":"BreadcrumbList","@id":"https:\/\/pfeifenundzigarren.de\/Produkt\/handgefertigter-zigarrenschrank-aus-holz\/#breadcrumb","itemListElement":[{"@type":"ListItem","position":1,"name":"Home","item":"https:\/\/lime-nightingale-562313.hostingersite.com\/"},{"@type":"ListItem","position":2,"name":"Shop","item":"https:\/\/lime-nightingale-562313.hostingersite.com\/shop\/"},{"@type":"ListItem","position":3,"name":"Handgefertigter Zigarrenschrank aus Holz"}]},{"@type":"WebSite","@id":"https:\/\/lime-nightingale-562313.hostingersite.com\/#website","url":"https:\/\/lime-nightingale-562313.hostingersite.com\/","name":"La mejor tienda en l\u00ednea de pipas y accesorios para puros de Alemania","description":"","publisher":{"@id":"https:\/\/lime-nightingale-562313.hostingersite.com\/#organization"},"potentialAction":[{"@type":"SearchAction","target":{"@type":"EntryPoint","urlTemplate":"https:\/\/lime-nightingale-562313.hostingersite.com\/?s={search_term_string}"},"query-input":{"@type":"PropertyValueSpecification","valueRequired":true,"valueName":"search_term_string"}}],"inLanguage":"es"},{"@type":"Organization","@id":"https:\/\/lime-nightingale-562313.hostingersite.com\/#organization","name":"La mejor tienda en l\u00ednea de pipas y accesorios para puros de Alemania","url":"https:\/\/lime-nightingale-562313.hostingersite.com\/","logo":{"@type":"ImageObject","inLanguage":"es","@id":"https:\/\/lime-nightingale-562313.hostingersite.com\/#\/schema\/logo\/image\/","url":"https:\/\/pfeifenundzigarren.de\/wp-content\/uploads\/2024\/09\/cropped-Luxury-and-Vintage-Ornamental-Coffee-Shop-Logo.png","contentUrl":"https:\/\/pfeifenundzigarren.de\/wp-content\/uploads\/2024\/09\/cropped-Luxury-and-Vintage-Ornamental-Coffee-Shop-Logo.png","width":512,"height":512,"caption":"Der beste Onlineshop f\u00fcr Pfeifen und Zigarrenzubeh\u00f6r in Deutschland"},"image":{"@id":"https:\/\/lime-nightingale-562313.hostingersite.com\/#\/schema\/logo\/image\/"}}]}},"_links":{"self":[{"href":"https:\/\/pfeifenundzigarren.de\/es\/wp-json\/wp\/v2\/product\/7462","targetHints":{"allow":["GET"]}}],"collection":[{"href":"https:\/\/pfeifenundzigarren.de\/es\/wp-json\/wp\/v2\/product"}],"about":[{"href":"https:\/\/pfeifenundzigarren.de\/es\/wp-json\/wp\/v2\/types\/product"}],"replies":[{"embeddable":true,"href":"https:\/\/pfeifenundzigarren.de\/es\/wp-json\/wp\/v2\/comments?post=7462"}],"version-history":[{"count":0,"href":"https:\/\/pfeifenundzigarren.de\/es\/wp-json\/wp\/v2\/product\/7462\/revisions"}],"wp:featuredmedia":[{"embeddable":true,"href":"https:\/\/pfeifenundzigarren.de\/es\/wp-json\/wp\/v2\/media\/7465"}],"wp:attachment":[{"href":"https:\/\/pfeifenundzigarren.de\/es\/wp-json\/wp\/v2\/media?parent=7462"}],"wp:term":[{"taxonomy":"product_brand","embeddable":true,"href":"https:\/\/pfeifenundzigarren.de\/es\/wp-json\/wp\/v2\/product_brand?post=7462"},{"taxonomy":"product_cat","embeddable":true,"href":"https:\/\/pfeifenundzigarren.de\/es\/wp-json\/wp\/v2\/product_cat?post=7462"},{"taxonomy":"product_tag","embeddable":true,"href":"https:\/\/pfeifenundzigarren.de\/es\/wp-json\/wp\/v2\/product_tag?post=7462"}],"curies":[{"name":"wp","href":"https:\/\/api.w.org\/{rel}","templated":true}]}}