{"id":7429,"date":"2025-08-04T03:06:56","date_gmt":"2025-08-04T01:06:56","guid":{"rendered":"https:\/\/pfeifenundzigarren.de\/Produkt\/klassische-9-mm-billiard-pfeife-mit-gebogenem-stiel\/"},"modified":"2025-09-04T07:37:51","modified_gmt":"2025-09-04T05:37:51","slug":"klassische-9-mm-billiard-pfeife-mit-gebogenem-stiel","status":"publish","type":"product","link":"https:\/\/pfeifenundzigarren.de\/es\/Produkt\/klassische-9-mm-billiard-pfeife-mit-gebogenem-stiel\/","title":{"rendered":"Silbato de billar cl\u00e1sico de 9 mm con v\u00e1stago curvado"},"content":{"rendered":"<div class=\"product-specs-list-container\">\n<ul class=\"product-specs-list util-clearfix\">\n<li class=\"product-prop line-limit-length\"><span class=\"property-title\"><span class=\"property-title\"><span dir=\"auto\" style=\"vertical-align: inherit;\"><span dir=\"auto\" style=\"vertical-align: inherit;\"><span dir=\"auto\" style=\"vertical-align: inherit;\"><span dir=\"auto\" style=\"vertical-align: inherit;\"><br \/>\n<\/span><\/span><\/span><\/span><\/span><\/span><\/p>\n<table class=\"border-subtler my-[1em] w-full table-auto border-separate border-spacing-0 border-l border-t\">\n<thead class=\"bg-offset\">\n<tr>\n<th class=\"border-subtler p-sm break-normal border-b border-r text-left align-top\">Par\u00e1metros<\/th>\n<th class=\"border-subtler p-sm break-normal border-b border-r text-left align-top\">Valor<\/th>\n<th class=\"border-subtler p-sm break-normal border-b border-r text-left align-top\">Unidad\/Nota<\/th>\n<\/tr>\n<\/thead>\n<tbody>\n<tr>\n<td class=\"px-sm border-subtler min-w-[48px] break-normal border-b border-r\">Marca<\/td>\n<td class=\"px-sm border-subtler min-w-[48px] break-normal border-b border-r\">MUXIANG<\/td>\n<td class=\"px-sm border-subtler min-w-[48px] break-normal border-b border-r\">Forma cl\u00e1sica de manzana curvada<\/td>\n<\/tr>\n<tr>\n<td class=\"px-sm border-subtler min-w-[48px] break-normal border-b border-r\">Material<\/td>\n<td class=\"px-sm border-subtler min-w-[48px] break-normal border-b border-r\"><a href=\"https:\/\/pfeifenundzigarren.de\/es\/produktkategorie\/pfeife\/holz-pfeife\/bruyere-pfeifen\/\">Madera de brezo<\/a> + acr\u00edlico<\/td>\n<td class=\"px-sm border-subtler min-w-[48px] break-normal border-b border-r\">Cabeza: brezo de alta calidad; boquilla: acr\u00edlico de alta resistencia<\/td>\n<\/tr>\n<tr>\n<td class=\"px-sm border-subtler min-w-[48px] break-normal border-b border-r\">Acabado superficial<\/td>\n<td class=\"px-sm border-subtler min-w-[48px] break-normal border-b border-r\">Verde brillante<\/td>\n<td class=\"px-sm border-subtler min-w-[48px] break-normal border-b border-r\">Resistente a los ara\u00f1azos<\/td>\n<\/tr>\n<tr>\n<td class=\"px-sm border-subtler min-w-[48px] break-normal border-b border-r\">Longitud total<\/td>\n<td class=\"px-sm border-subtler min-w-[48px] break-normal border-b border-r\">134<\/td>\n<td class=\"px-sm border-subtler min-w-[48px] break-normal border-b border-r\">mm<\/td>\n<\/tr>\n<tr>\n<td class=\"px-sm border-subtler min-w-[48px] break-normal border-b border-r\">Altura de la cabeza<\/td>\n<td class=\"px-sm border-subtler min-w-[48px] break-normal border-b border-r\">42<\/td>\n<td class=\"px-sm border-subtler min-w-[48px] break-normal border-b border-r\">mm<\/td>\n<\/tr>\n<tr>\n<td class=\"px-sm border-subtler min-w-[48px] break-normal border-b border-r\">Di\u00e1metro exterior de la cabeza<\/td>\n<td class=\"px-sm border-subtler min-w-[48px] break-normal border-b border-r\">38<\/td>\n<td class=\"px-sm border-subtler min-w-[48px] break-normal border-b border-r\">mm<\/td>\n<\/tr>\n<tr>\n<td class=\"px-sm border-subtler min-w-[48px] break-normal border-b border-r\">Di\u00e1metro interior de la cabeza<\/td>\n<td class=\"px-sm border-subtler min-w-[48px] break-normal border-b border-r\">20<\/td>\n<td class=\"px-sm border-subtler min-w-[48px] break-normal border-b border-r\">mm<\/td>\n<\/tr>\n<tr>\n<td class=\"px-sm border-subtler min-w-[48px] break-normal border-b border-r\">Profundidad de la cabeza<\/td>\n<td class=\"px-sm border-subtler min-w-[48px] break-normal border-b border-r\">29<\/td>\n<td class=\"px-sm border-subtler min-w-[48px] break-normal border-b border-r\">mm<\/td>\n<\/tr>\n<tr>\n<td class=\"px-sm border-subtler min-w-[48px] break-normal border-b border-r\">Longitud de la boquilla<\/td>\n<td class=\"px-sm border-subtler min-w-[48px] break-normal border-b border-r\">74<\/td>\n<td class=\"px-sm border-subtler min-w-[48px] break-normal border-b border-r\">mm<\/td>\n<\/tr>\n<tr>\n<td class=\"px-sm border-subtler min-w-[48px] break-normal border-b border-r\">Cuello de conexi\u00f3n externo<\/td>\n<td class=\"px-sm border-subtler min-w-[48px] break-normal border-b border-r\">17<\/td>\n<td class=\"px-sm border-subtler min-w-[48px] break-normal border-b border-r\">mm<\/td>\n<\/tr>\n<tr>\n<td class=\"px-sm border-subtler min-w-[48px] break-normal border-b border-r\">Taladro interior<\/td>\n<td class=\"px-sm border-subtler min-w-[48px] break-normal border-b border-r\">10,2<\/td>\n<td class=\"px-sm border-subtler min-w-[48px] break-normal border-b border-r\">mm<\/td>\n<\/tr>\n<tr>\n<td class=\"px-sm border-subtler min-w-[48px] break-normal border-b border-r\">Peso<\/td>\n<td class=\"px-sm border-subtler min-w-[48px] break-normal border-b border-r\">38<\/td>\n<td class=\"px-sm border-subtler min-w-[48px] break-normal border-b border-r\">g<\/td>\n<\/tr>\n<tr>\n<td class=\"px-sm border-subtler min-w-[48px] break-normal border-b border-r\">Sistema de filtrado<\/td>\n<td class=\"px-sm border-subtler min-w-[48px] break-normal border-b border-r\">Clavija de vatios est\u00e1ndar \/ filtro opcional de 9 mm<\/td>\n<td class=\"px-sm border-subtler min-w-[48px] break-normal border-b border-r\">F\u00e1cil de cambiar<\/td>\n<\/tr>\n<tr>\n<td class=\"px-sm border-subtler min-w-[48px] break-normal border-b border-r\">Color<\/td>\n<td class=\"px-sm border-subtler min-w-[48px] break-normal border-b border-r\">Verde oscuro<\/td>\n<td class=\"px-sm border-subtler min-w-[48px] break-normal border-b border-r\">Laca de alto brillo<\/td>\n<\/tr>\n<tr>\n<td class=\"px-sm border-subtler min-w-[48px] break-normal border-b border-r\">Origen<\/td>\n<td class=\"px-sm border-subtler min-w-[48px] break-normal border-b border-r\">China<\/td>\n<td class=\"px-sm border-subtler min-w-[48px] break-normal border-b border-r\">Trabajo manual<\/td>\n<\/tr>\n<tr>\n<td class=\"px-sm border-subtler min-w-[48px] break-normal border-b border-r\">Embalaje<\/td>\n<td class=\"px-sm border-subtler min-w-[48px] break-normal border-b border-r\">Caja de regalo + 1 limpiapipas<\/td>\n<td class=\"px-sm border-subtler min-w-[48px] break-normal border-b border-r\">Limpiador cerrado<\/td>\n<\/tr>\n<tr>\n<td class=\"px-sm border-subtler min-w-[48px] break-normal border-b border-r\">Tabaco adecuado<\/td>\n<td class=\"px-sm border-subtler min-w-[48px] break-normal border-b border-r\">Tabaco picado o suelto<\/td>\n<td class=\"px-sm border-subtler min-w-[48px] break-normal border-b border-r\">Compatible con diferentes tipos de tabaco<\/td>\n<\/tr>\n<tr>\n<td class=\"px-sm border-subtler min-w-[48px] break-normal border-b border-r\">Instrucciones de cuidado<\/td>\n<td class=\"px-sm border-subtler min-w-[48px] break-normal border-b border-r\">Cepillo suave + guardar en un lugar seco<\/td>\n<td class=\"px-sm border-subtler min-w-[48px] break-normal border-b border-r\">Evitar los impactos y la humedad persistente<\/td>\n<\/tr>\n<tr>\n<td class=\"px-sm border-subtler min-w-[48px] break-normal border-b border-r\">Sugerencia<\/td>\n<td class=\"px-sm border-subtler min-w-[48px] break-normal border-b border-r\">Tolerancia \u00b11-2 mm<\/td>\n<td class=\"px-sm border-subtler min-w-[48px] break-normal border-b border-r\">Medici\u00f3n manual, es posible una ligera desviaci\u00f3n<\/td>\n<\/tr>\n<\/tbody>\n<\/table>\n<p><span class=\"property-title\"><span dir=\"auto\" style=\"vertical-align: inherit;\"><span dir=\"auto\" style=\"vertical-align: inherit;\"><span dir=\"auto\" style=\"vertical-align: inherit;\"><span dir=\"auto\" style=\"vertical-align: inherit;\">\u00a0<\/span><\/span><\/span><\/span><\/span><span class=\"property-desc line-limit-length\"><span dir=\"auto\" style=\"vertical-align: inherit;\"><span dir=\"auto\" style=\"vertical-align: inherit;\"><span dir=\"auto\" style=\"vertical-align: inherit;\"><span dir=\"auto\" style=\"vertical-align: inherit;\">aa0008S<\/span><\/span><\/span><\/span><\/span><\/li>\n<\/ul>\n<\/div>\n<p><img decoding=\"async\" src=\"https:\/\/ae01.alicdn.com\/kf\/S24539494b958466ab5d2f0abe2c05b096.jpg\" alt=\"\"><img decoding=\"async\" src=\"https:\/\/ae01.alicdn.com\/kf\/Sd25e67043dc24d07945ccecb128df8fcQ.jpg\" alt=\"\"><img decoding=\"async\" src=\"https:\/\/ae01.alicdn.com\/kf\/Se3dc95748377444cafbb0e0e62bcca090.jpg\" alt=\"\"><img decoding=\"async\" src=\"https:\/\/ae01.alicdn.com\/kf\/S1f037bb4138d4becb2c758e16410b977z.jpg\" alt=\"\"><img decoding=\"async\" src=\"https:\/\/ae01.alicdn.com\/kf\/S49596ff11c22433ea3e2b7a197e9d77d6.jpg\" alt=\"\"><img decoding=\"async\" src=\"https:\/\/ae01.alicdn.com\/kf\/S417b19b905e3406d82f59c3a91aca59fB.jpg\" alt=\"\"><img decoding=\"async\" src=\"https:\/\/ae01.alicdn.com\/kf\/Sa7c0f5f876c8449d9ae616cd45b57f14V.jpg\" alt=\"\"><img decoding=\"async\" src=\"https:\/\/ae01.alicdn.com\/kf\/S7f2508f863584d09836b048279fcadc38.jpg\" alt=\"\"><\/p>","protected":false},"excerpt":{"rendered":"<p>Par\u00e1metro Valor Unidad\/Nota Marca MUXIANG Forma cl\u00e1sica de manzana curvada Material madera de brezo + acr\u00edlico Cabeza: brezo de alta calidad; Boquilla: acr\u00edlico de alta resistencia Acabado superficial de alto brillo<\/p>","protected":false},"featured_media":7430,"comment_status":"closed","ping_status":"closed","template":"","meta":[],"product_brand":[],"product_cat":[337,380,75],"product_tag":[],"class_list":{"0":"post-7429","1":"product","2":"type-product","3":"status-publish","4":"has-post-thumbnail","6":"product_cat-9mm-filter-pfeifen","7":"product_cat-billard-pfeife","8":"product_cat-holz-pfeife","10":"first","11":"instock","12":"sale","13":"shipping-taxable","14":"purchasable","15":"product-type-variable","16":"wvs-archive-product-wrapper"},"yoast_head":"<!-- This site is optimized with the Yoast SEO Premium plugin v26.7 (Yoast SEO v27.4) - https:\/\/yoast.com\/product\/yoast-seo-premium-wordpress\/ -->\n<title>Klassische 9-mm-Billiard-Pfeife mit gebogenem Stiel - Der beste Onlineshop f\u00fcr Pfeifen und Zigarrenzubeh\u00f6r in Deutschland<\/title>\n<meta name=\"robots\" content=\"index, follow, max-snippet:-1, max-image-preview:large, max-video-preview:-1\" \/>\n<link rel=\"canonical\" href=\"https:\/\/pfeifenundzigarren.de\/es\/Produkt\/klassische-9-mm-billiard-pfeife-mit-gebogenem-stiel\/\" \/>\n<meta property=\"og:locale\" content=\"es_ES\" \/>\n<meta property=\"og:type\" content=\"article\" \/>\n<meta property=\"og:title\" content=\"Klassische 9-mm-Billiard-Pfeife mit gebogenem Stiel\" \/>\n<meta property=\"og:description\" content=\"Parameter Wert Einheit\/Anmerkung Marke MUXIANG Klassische gebogene Apple-Form Material Bruy\u00e8reholz + Acryl Kopf: hochwertiges Bruy\u00e8re; Mundst\u00fcck: hochfester Acryl Oberfl\u00e4chenfinish Hochglanz\" \/>\n<meta property=\"og:url\" content=\"https:\/\/pfeifenundzigarren.de\/es\/Produkt\/klassische-9-mm-billiard-pfeife-mit-gebogenem-stiel\/\" \/>\n<meta property=\"og:site_name\" content=\"Der beste Onlineshop f\u00fcr Pfeifen und Zigarrenzubeh\u00f6r in Deutschland\" \/>\n<meta property=\"article:modified_time\" content=\"2025-09-04T05:37:51+00:00\" \/>\n<meta property=\"og:image\" content=\"https:\/\/pfeifenundzigarren.de\/wp-content\/uploads\/2025\/08\/kf-Sd25e67043dc24d07945ccecb128df8fcQ.webp\" \/>\n\t<meta property=\"og:image:width\" content=\"1000\" \/>\n\t<meta property=\"og:image:height\" content=\"1000\" \/>\n\t<meta property=\"og:image:type\" content=\"image\/webp\" \/>\n<meta name=\"twitter:card\" content=\"summary_large_image\" \/>\n<meta name=\"twitter:label1\" content=\"Tiempo de lectura\" \/>\n\t<meta name=\"twitter:data1\" content=\"1 minuto\" \/>\n<script type=\"application\/ld+json\" class=\"yoast-schema-graph\">{\"@context\":\"https:\\\/\\\/schema.org\",\"@graph\":[{\"@type\":\"WebPage\",\"@id\":\"https:\\\/\\\/pfeifenundzigarren.de\\\/es\\\/Produkt\\\/klassische-9-mm-billiard-pfeife-mit-gebogenem-stiel\\\/\",\"url\":\"https:\\\/\\\/pfeifenundzigarren.de\\\/es\\\/Produkt\\\/klassische-9-mm-billiard-pfeife-mit-gebogenem-stiel\\\/\",\"name\":\"Klassische 9-mm-Billiard-Pfeife mit gebogenem Stiel - Der beste Onlineshop f\u00fcr Pfeifen und Zigarrenzubeh\u00f6r in Deutschland\",\"isPartOf\":{\"@id\":\"https:\\\/\\\/pfeifenundzigarren.de\\\/#website\"},\"primaryImageOfPage\":{\"@id\":\"https:\\\/\\\/pfeifenundzigarren.de\\\/es\\\/Produkt\\\/klassische-9-mm-billiard-pfeife-mit-gebogenem-stiel\\\/#primaryimage\"},\"image\":{\"@id\":\"https:\\\/\\\/pfeifenundzigarren.de\\\/es\\\/Produkt\\\/klassische-9-mm-billiard-pfeife-mit-gebogenem-stiel\\\/#primaryimage\"},\"thumbnailUrl\":\"https:\\\/\\\/pfeifenundzigarren.de\\\/wp-content\\\/uploads\\\/2025\\\/08\\\/kf-Sd25e67043dc24d07945ccecb128df8fcQ.webp\",\"datePublished\":\"2025-08-04T01:06:56+00:00\",\"dateModified\":\"2025-09-04T05:37:51+00:00\",\"breadcrumb\":{\"@id\":\"https:\\\/\\\/pfeifenundzigarren.de\\\/es\\\/Produkt\\\/klassische-9-mm-billiard-pfeife-mit-gebogenem-stiel\\\/#breadcrumb\"},\"inLanguage\":\"es\",\"potentialAction\":[{\"@type\":\"ReadAction\",\"target\":[\"https:\\\/\\\/pfeifenundzigarren.de\\\/es\\\/Produkt\\\/klassische-9-mm-billiard-pfeife-mit-gebogenem-stiel\\\/\"]}]},{\"@type\":\"ImageObject\",\"inLanguage\":\"es\",\"@id\":\"https:\\\/\\\/pfeifenundzigarren.de\\\/es\\\/Produkt\\\/klassische-9-mm-billiard-pfeife-mit-gebogenem-stiel\\\/#primaryimage\",\"url\":\"https:\\\/\\\/pfeifenundzigarren.de\\\/wp-content\\\/uploads\\\/2025\\\/08\\\/kf-Sd25e67043dc24d07945ccecb128df8fcQ.webp\",\"contentUrl\":\"https:\\\/\\\/pfeifenundzigarren.de\\\/wp-content\\\/uploads\\\/2025\\\/08\\\/kf-Sd25e67043dc24d07945ccecb128df8fcQ.webp\",\"width\":1000,\"height\":1000,\"caption\":\"Klassische 9-mm-Billiard-Pfeife mit gebogenem Stiel\"},{\"@type\":\"BreadcrumbList\",\"@id\":\"https:\\\/\\\/pfeifenundzigarren.de\\\/es\\\/Produkt\\\/klassische-9-mm-billiard-pfeife-mit-gebogenem-stiel\\\/#breadcrumb\",\"itemListElement\":[{\"@type\":\"ListItem\",\"position\":1,\"name\":\"Home\",\"item\":\"https:\\\/\\\/pfeifenundzigarren.de\\\/\"},{\"@type\":\"ListItem\",\"position\":2,\"name\":\"Shop\",\"item\":\"https:\\\/\\\/pfeifenundzigarren.de\\\/shop\\\/\"},{\"@type\":\"ListItem\",\"position\":3,\"name\":\"Klassische 9-mm-Billiard-Pfeife mit gebogenem Stiel\"}]},{\"@type\":\"WebSite\",\"@id\":\"https:\\\/\\\/pfeifenundzigarren.de\\\/#website\",\"url\":\"https:\\\/\\\/pfeifenundzigarren.de\\\/\",\"name\":\"Der beste Onlineshop f\u00fcr Pfeifen und Zigarrenzubeh\u00f6r in Deutschland\",\"description\":\"\",\"publisher\":{\"@id\":\"https:\\\/\\\/pfeifenundzigarren.de\\\/#organization\"},\"potentialAction\":[{\"@type\":\"SearchAction\",\"target\":{\"@type\":\"EntryPoint\",\"urlTemplate\":\"https:\\\/\\\/pfeifenundzigarren.de\\\/?s={search_term_string}\"},\"query-input\":{\"@type\":\"PropertyValueSpecification\",\"valueRequired\":true,\"valueName\":\"search_term_string\"}}],\"inLanguage\":\"es\"},{\"@type\":\"Organization\",\"@id\":\"https:\\\/\\\/pfeifenundzigarren.de\\\/#organization\",\"name\":\"Der beste Onlineshop f\u00fcr Pfeifen und Zigarrenzubeh\u00f6r in Deutschland\",\"url\":\"https:\\\/\\\/pfeifenundzigarren.de\\\/\",\"logo\":{\"@type\":\"ImageObject\",\"inLanguage\":\"es\",\"@id\":\"https:\\\/\\\/pfeifenundzigarren.de\\\/#\\\/schema\\\/logo\\\/image\\\/\",\"url\":\"https:\\\/\\\/pfeifenundzigarren.de\\\/wp-content\\\/uploads\\\/2024\\\/09\\\/cropped-Luxury-and-Vintage-Ornamental-Coffee-Shop-Logo.png\",\"contentUrl\":\"https:\\\/\\\/pfeifenundzigarren.de\\\/wp-content\\\/uploads\\\/2024\\\/09\\\/cropped-Luxury-and-Vintage-Ornamental-Coffee-Shop-Logo.png\",\"width\":512,\"height\":512,\"caption\":\"Der beste Onlineshop f\u00fcr Pfeifen und Zigarrenzubeh\u00f6r in Deutschland\"},\"image\":{\"@id\":\"https:\\\/\\\/pfeifenundzigarren.de\\\/#\\\/schema\\\/logo\\\/image\\\/\"}}]}<\/script>\n<!-- \/ Yoast SEO Premium plugin. -->","yoast_head_json":{"title":"Klassische 9-mm-Billiard-Pfeife mit gebogenem Stiel - Der beste Onlineshop f\u00fcr Pfeifen und Zigarrenzubeh\u00f6r in Deutschland","robots":{"index":"index","follow":"follow","max-snippet":"max-snippet:-1","max-image-preview":"max-image-preview:large","max-video-preview":"max-video-preview:-1"},"canonical":"https:\/\/pfeifenundzigarren.de\/es\/Produkt\/klassische-9-mm-billiard-pfeife-mit-gebogenem-stiel\/","og_locale":"es_ES","og_type":"article","og_title":"Klassische 9-mm-Billiard-Pfeife mit gebogenem Stiel","og_description":"Parameter Wert Einheit\/Anmerkung Marke MUXIANG Klassische gebogene Apple-Form Material Bruy\u00e8reholz + Acryl Kopf: hochwertiges Bruy\u00e8re; Mundst\u00fcck: hochfester Acryl Oberfl\u00e4chenfinish Hochglanz","og_url":"https:\/\/pfeifenundzigarren.de\/es\/Produkt\/klassische-9-mm-billiard-pfeife-mit-gebogenem-stiel\/","og_site_name":"Der beste Onlineshop f\u00fcr Pfeifen und Zigarrenzubeh\u00f6r in Deutschland","article_modified_time":"2025-09-04T05:37:51+00:00","og_image":[{"width":1000,"height":1000,"url":"https:\/\/pfeifenundzigarren.de\/wp-content\/uploads\/2025\/08\/kf-Sd25e67043dc24d07945ccecb128df8fcQ.webp","type":"image\/webp"}],"twitter_card":"summary_large_image","twitter_misc":{"Tiempo de lectura":"1 minuto"},"schema":{"@context":"https:\/\/schema.org","@graph":[{"@type":"WebPage","@id":"https:\/\/pfeifenundzigarren.de\/es\/Produkt\/klassische-9-mm-billiard-pfeife-mit-gebogenem-stiel\/","url":"https:\/\/pfeifenundzigarren.de\/es\/Produkt\/klassische-9-mm-billiard-pfeife-mit-gebogenem-stiel\/","name":"Klassische 9-mm-Billiard-Pfeife mit gebogenem Stiel - Der beste Onlineshop f\u00fcr Pfeifen und Zigarrenzubeh\u00f6r in Deutschland","isPartOf":{"@id":"https:\/\/pfeifenundzigarren.de\/#website"},"primaryImageOfPage":{"@id":"https:\/\/pfeifenundzigarren.de\/es\/Produkt\/klassische-9-mm-billiard-pfeife-mit-gebogenem-stiel\/#primaryimage"},"image":{"@id":"https:\/\/pfeifenundzigarren.de\/es\/Produkt\/klassische-9-mm-billiard-pfeife-mit-gebogenem-stiel\/#primaryimage"},"thumbnailUrl":"https:\/\/pfeifenundzigarren.de\/wp-content\/uploads\/2025\/08\/kf-Sd25e67043dc24d07945ccecb128df8fcQ.webp","datePublished":"2025-08-04T01:06:56+00:00","dateModified":"2025-09-04T05:37:51+00:00","breadcrumb":{"@id":"https:\/\/pfeifenundzigarren.de\/es\/Produkt\/klassische-9-mm-billiard-pfeife-mit-gebogenem-stiel\/#breadcrumb"},"inLanguage":"es","potentialAction":[{"@type":"ReadAction","target":["https:\/\/pfeifenundzigarren.de\/es\/Produkt\/klassische-9-mm-billiard-pfeife-mit-gebogenem-stiel\/"]}]},{"@type":"ImageObject","inLanguage":"es","@id":"https:\/\/pfeifenundzigarren.de\/es\/Produkt\/klassische-9-mm-billiard-pfeife-mit-gebogenem-stiel\/#primaryimage","url":"https:\/\/pfeifenundzigarren.de\/wp-content\/uploads\/2025\/08\/kf-Sd25e67043dc24d07945ccecb128df8fcQ.webp","contentUrl":"https:\/\/pfeifenundzigarren.de\/wp-content\/uploads\/2025\/08\/kf-Sd25e67043dc24d07945ccecb128df8fcQ.webp","width":1000,"height":1000,"caption":"Klassische 9-mm-Billiard-Pfeife mit gebogenem Stiel"},{"@type":"BreadcrumbList","@id":"https:\/\/pfeifenundzigarren.de\/es\/Produkt\/klassische-9-mm-billiard-pfeife-mit-gebogenem-stiel\/#breadcrumb","itemListElement":[{"@type":"ListItem","position":1,"name":"Home","item":"https:\/\/pfeifenundzigarren.de\/"},{"@type":"ListItem","position":2,"name":"Shop","item":"https:\/\/pfeifenundzigarren.de\/shop\/"},{"@type":"ListItem","position":3,"name":"Klassische 9-mm-Billiard-Pfeife mit gebogenem Stiel"}]},{"@type":"WebSite","@id":"https:\/\/pfeifenundzigarren.de\/#website","url":"https:\/\/pfeifenundzigarren.de\/","name":"La mejor tienda en l\u00ednea de pipas y accesorios para puros de Alemania","description":"","publisher":{"@id":"https:\/\/pfeifenundzigarren.de\/#organization"},"potentialAction":[{"@type":"SearchAction","target":{"@type":"EntryPoint","urlTemplate":"https:\/\/pfeifenundzigarren.de\/?s={search_term_string}"},"query-input":{"@type":"PropertyValueSpecification","valueRequired":true,"valueName":"search_term_string"}}],"inLanguage":"es"},{"@type":"Organization","@id":"https:\/\/pfeifenundzigarren.de\/#organization","name":"La mejor tienda en l\u00ednea de pipas y accesorios para puros de Alemania","url":"https:\/\/pfeifenundzigarren.de\/","logo":{"@type":"ImageObject","inLanguage":"es","@id":"https:\/\/pfeifenundzigarren.de\/#\/schema\/logo\/image\/","url":"https:\/\/pfeifenundzigarren.de\/wp-content\/uploads\/2024\/09\/cropped-Luxury-and-Vintage-Ornamental-Coffee-Shop-Logo.png","contentUrl":"https:\/\/pfeifenundzigarren.de\/wp-content\/uploads\/2024\/09\/cropped-Luxury-and-Vintage-Ornamental-Coffee-Shop-Logo.png","width":512,"height":512,"caption":"Der beste Onlineshop f\u00fcr Pfeifen und Zigarrenzubeh\u00f6r in Deutschland"},"image":{"@id":"https:\/\/pfeifenundzigarren.de\/#\/schema\/logo\/image\/"}}]}},"_links":{"self":[{"href":"https:\/\/pfeifenundzigarren.de\/es\/wp-json\/wp\/v2\/product\/7429","targetHints":{"allow":["GET"]}}],"collection":[{"href":"https:\/\/pfeifenundzigarren.de\/es\/wp-json\/wp\/v2\/product"}],"about":[{"href":"https:\/\/pfeifenundzigarren.de\/es\/wp-json\/wp\/v2\/types\/product"}],"replies":[{"embeddable":true,"href":"https:\/\/pfeifenundzigarren.de\/es\/wp-json\/wp\/v2\/comments?post=7429"}],"version-history":[{"count":0,"href":"https:\/\/pfeifenundzigarren.de\/es\/wp-json\/wp\/v2\/product\/7429\/revisions"}],"wp:featuredmedia":[{"embeddable":true,"href":"https:\/\/pfeifenundzigarren.de\/es\/wp-json\/wp\/v2\/media\/7430"}],"wp:attachment":[{"href":"https:\/\/pfeifenundzigarren.de\/es\/wp-json\/wp\/v2\/media?parent=7429"}],"wp:term":[{"taxonomy":"product_brand","embeddable":true,"href":"https:\/\/pfeifenundzigarren.de\/es\/wp-json\/wp\/v2\/product_brand?post=7429"},{"taxonomy":"product_cat","embeddable":true,"href":"https:\/\/pfeifenundzigarren.de\/es\/wp-json\/wp\/v2\/product_cat?post=7429"},{"taxonomy":"product_tag","embeddable":true,"href":"https:\/\/pfeifenundzigarren.de\/es\/wp-json\/wp\/v2\/product_tag?post=7429"}],"curies":[{"name":"wp","href":"https:\/\/api.w.org\/{rel}","templated":true}]}}