{"id":7171,"date":"2025-04-26T10:04:39","date_gmt":"2025-04-26T08:04:39","guid":{"rendered":"https:\/\/pfeifenundzigarren.de\/Produkt\/9mm-keramikrauchpfeife\/"},"modified":"2025-04-26T10:46:45","modified_gmt":"2025-04-26T08:46:45","slug":"9mm-keramikrauchpfeife","status":"publish","type":"product","link":"https:\/\/pfeifenundzigarren.de\/es\/Produkt\/9mm-keramikrauchpfeife\/","title":{"rendered":"Pipa de fumar de cer\u00e1mica de 9 mm"},"content":{"rendered":"<p>Estos <strong>Pipa de fumar de cer\u00e1mica de 9 mm<\/strong> es de cer\u00e1mica cocida a alta temperatura. La cabeza interior sin esmaltar garantiza la formaci\u00f3n de una capa de carb\u00f3n natural durante la combusti\u00f3n del tabaco. La pared interior de la cazoleta est\u00e1 separada de la superficie exterior caliente, lo que disipa el calor y evita que la cazoleta se caliente demasiado. Para un aspecto a\u00fan m\u00e1s bello, hemos pintado la pared exterior de la cazoleta. <strong>Pipa de fumar de cer\u00e1mica<\/strong> con motivos especialmente pintados a mano.<\/p>\n<p>Humo m\u00e1s fr\u00edo y seco: Al ampliar el recorrido del humo desde el cabezal, se reduce significativamente la temperatura, lo que enfr\u00eda el humo. Al mismo tiempo, el dise\u00f1o de la calabaza, que sirve como c\u00e1mara de refrigeraci\u00f3n natural, tambi\u00e9n reduce el contenido de humedad del humo. <strong>Pipas de calabaza de cer\u00e1mica<\/strong> son especialmente adecuados para las mezclas inglesas o balc\u00e1nicas, ya que realzan sus ricos sabores y evitan el ardor de lengua.<\/p>\n<p>Sabor puro: a diferencia del <a href=\"https:\/\/pfeifenundzigarren.de\/es\/produktkategorie\/pfeife\/holz-pfeife\/bruyere-pfeifen\/\">Briar<\/a>- o <a href=\"https:\/\/pfeifenundzigarren.de\/es\/produktkategorie\/maiskolbenpfeife\/\">Tubos de mazorca<\/a> la pipa conserva el sabor original del tabaco prescindiendo del sabor amaderado o barnizado de la cazoleta de cer\u00e1mica. Esto la hace perfecta para tabacos Virginia o mezclas de sabores finos.<\/p>\n<p>F\u00e1cil limpieza: La boquilla acr\u00edlica extra\u00edble, la rejilla met\u00e1lica del filtro y la varilla de limpieza especial permiten una limpieza eficaz y sencilla. La composici\u00f3n cer\u00e1mica no es porosa y no absorbe aceites, por lo que se mantiene limpia incluso tras un uso prolongado.<\/p>","protected":false},"excerpt":{"rendered":"<p>Esta pipa de fumar de cer\u00e1mica de 9 mm est\u00e1 hecha de cer\u00e1mica cocida a alta temperatura. La cazoleta interior sin esmaltar garantiza la formaci\u00f3n de una capa de carb\u00f3n natural durante la combusti\u00f3n del tabaco. El sitio<\/p>","protected":false},"featured_media":7173,"comment_status":"open","ping_status":"closed","template":"","meta":[],"product_brand":[],"product_cat":[337,70],"product_tag":[],"class_list":{"0":"post-7171","1":"product","2":"type-product","3":"status-publish","4":"has-post-thumbnail","6":"product_cat-9mm-filter-pfeifen","7":"product_cat-pfeife","9":"first","10":"instock","11":"sale","12":"shipping-taxable","13":"purchasable","14":"product-type-simple"},"yoast_head":"<!-- This site is optimized with the Yoast SEO Premium plugin v26.7 (Yoast SEO v26.7) - https:\/\/yoast.com\/wordpress\/plugins\/seo\/ -->\n<title>9mm Keramikrauchpfeife - Der beste Onlineshop f\u00fcr Pfeifen und Zigarrenzubeh\u00f6r in Deutschland<\/title>\n<meta name=\"robots\" content=\"index, follow, max-snippet:-1, max-image-preview:large, max-video-preview:-1\" \/>\n<link rel=\"canonical\" href=\"https:\/\/pfeifenundzigarren.de\/es\/Produkt\/9mm-keramikrauchpfeife\/\" \/>\n<meta property=\"og:locale\" content=\"es_ES\" \/>\n<meta property=\"og:type\" content=\"article\" \/>\n<meta property=\"og:title\" content=\"9mm Keramikrauchpfeife\" \/>\n<meta property=\"og:description\" content=\"Diese 9-mm-Keramikrauchpfeife besteht aus hochtemperaturgebrannter Keramik. Der unglasierte Innenkopf sorgt f\u00fcr die Bildung einer nat\u00fcrlichen Kohlenstoffschicht w\u00e4hrend der Tabakverbrennung. Die\" \/>\n<meta property=\"og:url\" content=\"https:\/\/pfeifenundzigarren.de\/es\/Produkt\/9mm-keramikrauchpfeife\/\" \/>\n<meta property=\"og:site_name\" content=\"Der beste Onlineshop f\u00fcr Pfeifen und Zigarrenzubeh\u00f6r in Deutschland\" \/>\n<meta property=\"article:modified_time\" content=\"2025-04-26T08:46:45+00:00\" \/>\n<meta property=\"og:image\" content=\"https:\/\/pfeifenundzigarren.de\/wp-content\/uploads\/2025\/04\/O1CN01RJC7jz251wCFXxRv3_2211684367467-1.jpg\" \/>\n\t<meta property=\"og:image:width\" content=\"1000\" \/>\n\t<meta property=\"og:image:height\" content=\"1000\" \/>\n\t<meta property=\"og:image:type\" content=\"image\/jpeg\" \/>\n<meta name=\"twitter:card\" content=\"summary_large_image\" \/>\n<meta name=\"twitter:label1\" content=\"Tiempo de lectura\" \/>\n\t<meta name=\"twitter:data1\" content=\"1 minuto\" \/>\n<script type=\"application\/ld+json\" class=\"yoast-schema-graph\">{\"@context\":\"https:\/\/schema.org\",\"@graph\":[{\"@type\":\"WebPage\",\"@id\":\"https:\/\/pfeifenundzigarren.de\/Produkt\/9mm-keramikrauchpfeife\/\",\"url\":\"https:\/\/pfeifenundzigarren.de\/Produkt\/9mm-keramikrauchpfeife\/\",\"name\":\"9mm Keramikrauchpfeife - Der beste Onlineshop f\u00fcr Pfeifen und Zigarrenzubeh\u00f6r in Deutschland\",\"isPartOf\":{\"@id\":\"https:\/\/pfeifenundzigarren.de\/#website\"},\"primaryImageOfPage\":{\"@id\":\"https:\/\/pfeifenundzigarren.de\/Produkt\/9mm-keramikrauchpfeife\/#primaryimage\"},\"image\":{\"@id\":\"https:\/\/pfeifenundzigarren.de\/Produkt\/9mm-keramikrauchpfeife\/#primaryimage\"},\"thumbnailUrl\":\"https:\/\/pfeifenundzigarren.de\/wp-content\/uploads\/2025\/04\/O1CN01RJC7jz251wCFXxRv3_2211684367467-1.jpg\",\"datePublished\":\"2025-04-26T08:04:39+00:00\",\"dateModified\":\"2025-04-26T08:46:45+00:00\",\"breadcrumb\":{\"@id\":\"https:\/\/pfeifenundzigarren.de\/Produkt\/9mm-keramikrauchpfeife\/#breadcrumb\"},\"inLanguage\":\"es\",\"potentialAction\":[{\"@type\":\"ReadAction\",\"target\":[\"https:\/\/pfeifenundzigarren.de\/Produkt\/9mm-keramikrauchpfeife\/\"]}]},{\"@type\":\"ImageObject\",\"inLanguage\":\"es\",\"@id\":\"https:\/\/pfeifenundzigarren.de\/Produkt\/9mm-keramikrauchpfeife\/#primaryimage\",\"url\":\"https:\/\/pfeifenundzigarren.de\/wp-content\/uploads\/2025\/04\/O1CN01RJC7jz251wCFXxRv3_2211684367467-1.jpg\",\"contentUrl\":\"https:\/\/pfeifenundzigarren.de\/wp-content\/uploads\/2025\/04\/O1CN01RJC7jz251wCFXxRv3_2211684367467-1.jpg\",\"width\":1000,\"height\":1000,\"caption\":\"9mm Keramikrauchpfeife\"},{\"@type\":\"BreadcrumbList\",\"@id\":\"https:\/\/pfeifenundzigarren.de\/Produkt\/9mm-keramikrauchpfeife\/#breadcrumb\",\"itemListElement\":[{\"@type\":\"ListItem\",\"position\":1,\"name\":\"Home\",\"item\":\"https:\/\/pfeifenundzigarren.de\/\"},{\"@type\":\"ListItem\",\"position\":2,\"name\":\"Shop\",\"item\":\"https:\/\/pfeifenundzigarren.de\/shop\/\"},{\"@type\":\"ListItem\",\"position\":3,\"name\":\"9mm Keramikrauchpfeife\"}]},{\"@type\":\"WebSite\",\"@id\":\"https:\/\/pfeifenundzigarren.de\/#website\",\"url\":\"https:\/\/pfeifenundzigarren.de\/\",\"name\":\"Der beste Onlineshop f\u00fcr Pfeifen und Zigarrenzubeh\u00f6r in Deutschland\",\"description\":\"\",\"publisher\":{\"@id\":\"https:\/\/pfeifenundzigarren.de\/#organization\"},\"potentialAction\":[{\"@type\":\"SearchAction\",\"target\":{\"@type\":\"EntryPoint\",\"urlTemplate\":\"https:\/\/pfeifenundzigarren.de\/?s={search_term_string}\"},\"query-input\":{\"@type\":\"PropertyValueSpecification\",\"valueRequired\":true,\"valueName\":\"search_term_string\"}}],\"inLanguage\":\"es\"},{\"@type\":\"Organization\",\"@id\":\"https:\/\/pfeifenundzigarren.de\/#organization\",\"name\":\"Der beste Onlineshop f\u00fcr Pfeifen und Zigarrenzubeh\u00f6r in Deutschland\",\"url\":\"https:\/\/pfeifenundzigarren.de\/\",\"logo\":{\"@type\":\"ImageObject\",\"inLanguage\":\"es\",\"@id\":\"https:\/\/pfeifenundzigarren.de\/#\/schema\/logo\/image\/\",\"url\":\"https:\/\/pfeifenundzigarren.de\/wp-content\/uploads\/2024\/09\/cropped-Luxury-and-Vintage-Ornamental-Coffee-Shop-Logo.png\",\"contentUrl\":\"https:\/\/pfeifenundzigarren.de\/wp-content\/uploads\/2024\/09\/cropped-Luxury-and-Vintage-Ornamental-Coffee-Shop-Logo.png\",\"width\":512,\"height\":512,\"caption\":\"Der beste Onlineshop f\u00fcr Pfeifen und Zigarrenzubeh\u00f6r in Deutschland\"},\"image\":{\"@id\":\"https:\/\/pfeifenundzigarren.de\/#\/schema\/logo\/image\/\"}}]}<\/script>\n<!-- \/ Yoast SEO Premium plugin. -->","yoast_head_json":{"title":"9mm Keramikrauchpfeife - Der beste Onlineshop f\u00fcr Pfeifen und Zigarrenzubeh\u00f6r in Deutschland","robots":{"index":"index","follow":"follow","max-snippet":"max-snippet:-1","max-image-preview":"max-image-preview:large","max-video-preview":"max-video-preview:-1"},"canonical":"https:\/\/pfeifenundzigarren.de\/es\/Produkt\/9mm-keramikrauchpfeife\/","og_locale":"es_ES","og_type":"article","og_title":"9mm Keramikrauchpfeife","og_description":"Diese 9-mm-Keramikrauchpfeife besteht aus hochtemperaturgebrannter Keramik. Der unglasierte Innenkopf sorgt f\u00fcr die Bildung einer nat\u00fcrlichen Kohlenstoffschicht w\u00e4hrend der Tabakverbrennung. Die","og_url":"https:\/\/pfeifenundzigarren.de\/es\/Produkt\/9mm-keramikrauchpfeife\/","og_site_name":"Der beste Onlineshop f\u00fcr Pfeifen und Zigarrenzubeh\u00f6r in Deutschland","article_modified_time":"2025-04-26T08:46:45+00:00","og_image":[{"width":1000,"height":1000,"url":"https:\/\/pfeifenundzigarren.de\/wp-content\/uploads\/2025\/04\/O1CN01RJC7jz251wCFXxRv3_2211684367467-1.jpg","type":"image\/jpeg"}],"twitter_card":"summary_large_image","twitter_misc":{"Tiempo de lectura":"1 minuto"},"schema":{"@context":"https:\/\/schema.org","@graph":[{"@type":"WebPage","@id":"https:\/\/pfeifenundzigarren.de\/Produkt\/9mm-keramikrauchpfeife\/","url":"https:\/\/pfeifenundzigarren.de\/Produkt\/9mm-keramikrauchpfeife\/","name":"9mm Keramikrauchpfeife - Der beste Onlineshop f\u00fcr Pfeifen und Zigarrenzubeh\u00f6r in Deutschland","isPartOf":{"@id":"https:\/\/pfeifenundzigarren.de\/#website"},"primaryImageOfPage":{"@id":"https:\/\/pfeifenundzigarren.de\/Produkt\/9mm-keramikrauchpfeife\/#primaryimage"},"image":{"@id":"https:\/\/pfeifenundzigarren.de\/Produkt\/9mm-keramikrauchpfeife\/#primaryimage"},"thumbnailUrl":"https:\/\/pfeifenundzigarren.de\/wp-content\/uploads\/2025\/04\/O1CN01RJC7jz251wCFXxRv3_2211684367467-1.jpg","datePublished":"2025-04-26T08:04:39+00:00","dateModified":"2025-04-26T08:46:45+00:00","breadcrumb":{"@id":"https:\/\/pfeifenundzigarren.de\/Produkt\/9mm-keramikrauchpfeife\/#breadcrumb"},"inLanguage":"es","potentialAction":[{"@type":"ReadAction","target":["https:\/\/pfeifenundzigarren.de\/Produkt\/9mm-keramikrauchpfeife\/"]}]},{"@type":"ImageObject","inLanguage":"es","@id":"https:\/\/pfeifenundzigarren.de\/Produkt\/9mm-keramikrauchpfeife\/#primaryimage","url":"https:\/\/pfeifenundzigarren.de\/wp-content\/uploads\/2025\/04\/O1CN01RJC7jz251wCFXxRv3_2211684367467-1.jpg","contentUrl":"https:\/\/pfeifenundzigarren.de\/wp-content\/uploads\/2025\/04\/O1CN01RJC7jz251wCFXxRv3_2211684367467-1.jpg","width":1000,"height":1000,"caption":"9mm Keramikrauchpfeife"},{"@type":"BreadcrumbList","@id":"https:\/\/pfeifenundzigarren.de\/Produkt\/9mm-keramikrauchpfeife\/#breadcrumb","itemListElement":[{"@type":"ListItem","position":1,"name":"Home","item":"https:\/\/pfeifenundzigarren.de\/"},{"@type":"ListItem","position":2,"name":"Shop","item":"https:\/\/pfeifenundzigarren.de\/shop\/"},{"@type":"ListItem","position":3,"name":"9mm Keramikrauchpfeife"}]},{"@type":"WebSite","@id":"https:\/\/pfeifenundzigarren.de\/#website","url":"https:\/\/pfeifenundzigarren.de\/","name":"La mejor tienda en l\u00ednea de pipas y accesorios para puros de Alemania","description":"","publisher":{"@id":"https:\/\/pfeifenundzigarren.de\/#organization"},"potentialAction":[{"@type":"SearchAction","target":{"@type":"EntryPoint","urlTemplate":"https:\/\/pfeifenundzigarren.de\/?s={search_term_string}"},"query-input":{"@type":"PropertyValueSpecification","valueRequired":true,"valueName":"search_term_string"}}],"inLanguage":"es"},{"@type":"Organization","@id":"https:\/\/pfeifenundzigarren.de\/#organization","name":"La mejor tienda en l\u00ednea de pipas y accesorios para puros de Alemania","url":"https:\/\/pfeifenundzigarren.de\/","logo":{"@type":"ImageObject","inLanguage":"es","@id":"https:\/\/pfeifenundzigarren.de\/#\/schema\/logo\/image\/","url":"https:\/\/pfeifenundzigarren.de\/wp-content\/uploads\/2024\/09\/cropped-Luxury-and-Vintage-Ornamental-Coffee-Shop-Logo.png","contentUrl":"https:\/\/pfeifenundzigarren.de\/wp-content\/uploads\/2024\/09\/cropped-Luxury-and-Vintage-Ornamental-Coffee-Shop-Logo.png","width":512,"height":512,"caption":"Der beste Onlineshop f\u00fcr Pfeifen und Zigarrenzubeh\u00f6r in Deutschland"},"image":{"@id":"https:\/\/pfeifenundzigarren.de\/#\/schema\/logo\/image\/"}}]}},"_links":{"self":[{"href":"https:\/\/pfeifenundzigarren.de\/es\/wp-json\/wp\/v2\/product\/7171","targetHints":{"allow":["GET"]}}],"collection":[{"href":"https:\/\/pfeifenundzigarren.de\/es\/wp-json\/wp\/v2\/product"}],"about":[{"href":"https:\/\/pfeifenundzigarren.de\/es\/wp-json\/wp\/v2\/types\/product"}],"replies":[{"embeddable":true,"href":"https:\/\/pfeifenundzigarren.de\/es\/wp-json\/wp\/v2\/comments?post=7171"}],"version-history":[{"count":0,"href":"https:\/\/pfeifenundzigarren.de\/es\/wp-json\/wp\/v2\/product\/7171\/revisions"}],"wp:featuredmedia":[{"embeddable":true,"href":"https:\/\/pfeifenundzigarren.de\/es\/wp-json\/wp\/v2\/media\/7173"}],"wp:attachment":[{"href":"https:\/\/pfeifenundzigarren.de\/es\/wp-json\/wp\/v2\/media?parent=7171"}],"wp:term":[{"taxonomy":"product_brand","embeddable":true,"href":"https:\/\/pfeifenundzigarren.de\/es\/wp-json\/wp\/v2\/product_brand?post=7171"},{"taxonomy":"product_cat","embeddable":true,"href":"https:\/\/pfeifenundzigarren.de\/es\/wp-json\/wp\/v2\/product_cat?post=7171"},{"taxonomy":"product_tag","embeddable":true,"href":"https:\/\/pfeifenundzigarren.de\/es\/wp-json\/wp\/v2\/product_tag?post=7171"}],"curies":[{"name":"wp","href":"https:\/\/api.w.org\/{rel}","templated":true}]}}