{"id":7053,"date":"2025-04-22T10:50:29","date_gmt":"2025-04-22T08:50:29","guid":{"rendered":"https:\/\/pfeifenundzigarren.de\/Produkt\/halbgebogenes-traditionelles-herren-9-mm-pfeife\/"},"modified":"2025-09-04T01:05:47","modified_gmt":"2025-09-03T23:05:47","slug":"halbgebogenes-traditionelles-herren-9-mm-pfeife","status":"publish","type":"product","link":"https:\/\/pfeifenundzigarren.de\/es\/Produkt\/halbgebogenes-traditionelles-herren-9-mm-pfeife\/","title":{"rendered":"Pipa semicurvada tradicional de hombre de 9 mm"},"content":{"rendered":"<p>Estos<strong> Pipa semicurvada tradicional de hombre de 9 mm<\/strong> combina la centenaria destreza brit\u00e1nica en la fabricaci\u00f3n de pipas con la funcionalidad moderna para dise\u00f1adores que inspiran a los verdaderos entendidos.<\/p>\n<p>El cuerpo de la cazoleta de la pipa est\u00e1 fabricado con tub\u00e9rculos de ra\u00edz de brezo mediterr\u00e1neo de alta calidad que han sido secados al aire de forma natural y pulidos a mano durante 12 meses y presentan un exquisito veteado de madera de brezo.<\/p>\n<p>La forma semicurvada atemporal con un \u00e1ngulo de 45\u00b0 garantiza la simetr\u00eda y el equilibrio est\u00e9tico: la cazoleta est\u00e1 ligeramente inclinada hacia arriba y tiene una estructura c\u00f3nica empotrada para un flujo de humo uniforme y fresco. La pipa puede sujetarse suavemente entre los dientes. La curvatura del v\u00e1stago encaja perfectamente en <a href=\"https:\/\/pfeifenundzigarren.de\/es\/Produkt\/herr-der-ringe-gandalf-pfeife\/\">la palma de la mano y permite as\u00ed un f\u00e1cil control al sostener el silbato<\/a>.<\/p>","protected":false},"excerpt":{"rendered":"<p>Esta pipa tradicional semicurvada de 9 mm para hombre combina las habilidades centenarias de la fabricaci\u00f3n de pipas brit\u00e1nicas con la funcionalidad moderna para dise\u00f1adores que inspiran a los verdaderos entendidos. El cuerpo de la<\/p>","protected":false},"featured_media":7058,"comment_status":"open","ping_status":"closed","template":"","meta":[],"product_brand":[],"product_cat":[337,70],"product_tag":[],"class_list":{"0":"post-7053","1":"product","2":"type-product","3":"status-publish","4":"has-post-thumbnail","6":"product_cat-9mm-filter-pfeifen","7":"product_cat-pfeife","9":"first","10":"outofstock","11":"sale","12":"shipping-taxable","13":"purchasable","14":"product-type-variable","15":"wvs-archive-product-wrapper"},"yoast_head":"<!-- This site is optimized with the Yoast SEO Premium plugin v26.7 (Yoast SEO v26.7) - https:\/\/yoast.com\/wordpress\/plugins\/seo\/ -->\n<title>Halbgebogenes traditionelles Herren-9-mm-Pfeife - Der beste Onlineshop f\u00fcr Pfeifen und Zigarrenzubeh\u00f6r in Deutschland<\/title>\n<meta name=\"robots\" content=\"index, follow, max-snippet:-1, max-image-preview:large, max-video-preview:-1\" \/>\n<link rel=\"canonical\" href=\"https:\/\/pfeifenundzigarren.de\/es\/Produkt\/halbgebogenes-traditionelles-herren-9-mm-pfeife\/\" \/>\n<meta property=\"og:locale\" content=\"es_ES\" \/>\n<meta property=\"og:type\" content=\"article\" \/>\n<meta property=\"og:title\" content=\"Halbgebogenes traditionelles Herren-9-mm-Pfeife\" \/>\n<meta property=\"og:description\" content=\"Diese halbgebogene traditionelle Herren-9-mm-Pfeife vereint jahrhundertealte britische Pfeifenbaukunst mit moderner Funktionalit\u00e4t f\u00fcr Designer, die wahre Kenner begeistern. Der Korpus des\" \/>\n<meta property=\"og:url\" content=\"https:\/\/pfeifenundzigarren.de\/es\/Produkt\/halbgebogenes-traditionelles-herren-9-mm-pfeife\/\" \/>\n<meta property=\"og:site_name\" content=\"Der beste Onlineshop f\u00fcr Pfeifen und Zigarrenzubeh\u00f6r in Deutschland\" \/>\n<meta property=\"article:modified_time\" content=\"2025-09-03T23:05:47+00:00\" \/>\n<meta property=\"og:image\" content=\"https:\/\/pfeifenundzigarren.de\/wp-content\/uploads\/2025\/04\/O1CN01AB6Vik251wSoMgReV_2211684367467.jpg\" \/>\n\t<meta property=\"og:image:width\" content=\"800\" \/>\n\t<meta property=\"og:image:height\" content=\"800\" \/>\n\t<meta property=\"og:image:type\" content=\"image\/jpeg\" \/>\n<meta name=\"twitter:card\" content=\"summary_large_image\" \/>\n<meta name=\"twitter:label1\" content=\"Tiempo de lectura\" \/>\n\t<meta name=\"twitter:data1\" content=\"1 minuto\" \/>\n<script type=\"application\/ld+json\" class=\"yoast-schema-graph\">{\"@context\":\"https:\/\/schema.org\",\"@graph\":[{\"@type\":\"WebPage\",\"@id\":\"https:\/\/pfeifenundzigarren.de\/Produkt\/halbgebogenes-traditionelles-herren-9-mm-pfeife\/\",\"url\":\"https:\/\/pfeifenundzigarren.de\/Produkt\/halbgebogenes-traditionelles-herren-9-mm-pfeife\/\",\"name\":\"Halbgebogenes traditionelles Herren-9-mm-Pfeife - Der beste Onlineshop f\u00fcr Pfeifen und Zigarrenzubeh\u00f6r in Deutschland\",\"isPartOf\":{\"@id\":\"https:\/\/pfeifenundzigarren.de\/#website\"},\"primaryImageOfPage\":{\"@id\":\"https:\/\/pfeifenundzigarren.de\/Produkt\/halbgebogenes-traditionelles-herren-9-mm-pfeife\/#primaryimage\"},\"image\":{\"@id\":\"https:\/\/pfeifenundzigarren.de\/Produkt\/halbgebogenes-traditionelles-herren-9-mm-pfeife\/#primaryimage\"},\"thumbnailUrl\":\"https:\/\/pfeifenundzigarren.de\/wp-content\/uploads\/2025\/04\/O1CN01AB6Vik251wSoMgReV_2211684367467.jpg\",\"datePublished\":\"2025-04-22T08:50:29+00:00\",\"dateModified\":\"2025-09-03T23:05:47+00:00\",\"breadcrumb\":{\"@id\":\"https:\/\/pfeifenundzigarren.de\/Produkt\/halbgebogenes-traditionelles-herren-9-mm-pfeife\/#breadcrumb\"},\"inLanguage\":\"es\",\"potentialAction\":[{\"@type\":\"ReadAction\",\"target\":[\"https:\/\/pfeifenundzigarren.de\/Produkt\/halbgebogenes-traditionelles-herren-9-mm-pfeife\/\"]}]},{\"@type\":\"ImageObject\",\"inLanguage\":\"es\",\"@id\":\"https:\/\/pfeifenundzigarren.de\/Produkt\/halbgebogenes-traditionelles-herren-9-mm-pfeife\/#primaryimage\",\"url\":\"https:\/\/pfeifenundzigarren.de\/wp-content\/uploads\/2025\/04\/O1CN01AB6Vik251wSoMgReV_2211684367467.jpg\",\"contentUrl\":\"https:\/\/pfeifenundzigarren.de\/wp-content\/uploads\/2025\/04\/O1CN01AB6Vik251wSoMgReV_2211684367467.jpg\",\"width\":800,\"height\":800,\"caption\":\"Halbgebogenes traditionelles Herren-9-mm-Pfeife\"},{\"@type\":\"BreadcrumbList\",\"@id\":\"https:\/\/pfeifenundzigarren.de\/Produkt\/halbgebogenes-traditionelles-herren-9-mm-pfeife\/#breadcrumb\",\"itemListElement\":[{\"@type\":\"ListItem\",\"position\":1,\"name\":\"Home\",\"item\":\"https:\/\/pfeifenundzigarren.de\/\"},{\"@type\":\"ListItem\",\"position\":2,\"name\":\"Shop\",\"item\":\"https:\/\/pfeifenundzigarren.de\/shop\/\"},{\"@type\":\"ListItem\",\"position\":3,\"name\":\"Halbgebogenes traditionelles Herren-9-mm-Pfeife\"}]},{\"@type\":\"WebSite\",\"@id\":\"https:\/\/pfeifenundzigarren.de\/#website\",\"url\":\"https:\/\/pfeifenundzigarren.de\/\",\"name\":\"Der beste Onlineshop f\u00fcr Pfeifen und Zigarrenzubeh\u00f6r in Deutschland\",\"description\":\"\",\"publisher\":{\"@id\":\"https:\/\/pfeifenundzigarren.de\/#organization\"},\"potentialAction\":[{\"@type\":\"SearchAction\",\"target\":{\"@type\":\"EntryPoint\",\"urlTemplate\":\"https:\/\/pfeifenundzigarren.de\/?s={search_term_string}\"},\"query-input\":{\"@type\":\"PropertyValueSpecification\",\"valueRequired\":true,\"valueName\":\"search_term_string\"}}],\"inLanguage\":\"es\"},{\"@type\":\"Organization\",\"@id\":\"https:\/\/pfeifenundzigarren.de\/#organization\",\"name\":\"Der beste Onlineshop f\u00fcr Pfeifen und Zigarrenzubeh\u00f6r in Deutschland\",\"url\":\"https:\/\/pfeifenundzigarren.de\/\",\"logo\":{\"@type\":\"ImageObject\",\"inLanguage\":\"es\",\"@id\":\"https:\/\/pfeifenundzigarren.de\/#\/schema\/logo\/image\/\",\"url\":\"https:\/\/pfeifenundzigarren.de\/wp-content\/uploads\/2024\/09\/cropped-Luxury-and-Vintage-Ornamental-Coffee-Shop-Logo.png\",\"contentUrl\":\"https:\/\/pfeifenundzigarren.de\/wp-content\/uploads\/2024\/09\/cropped-Luxury-and-Vintage-Ornamental-Coffee-Shop-Logo.png\",\"width\":512,\"height\":512,\"caption\":\"Der beste Onlineshop f\u00fcr Pfeifen und Zigarrenzubeh\u00f6r in Deutschland\"},\"image\":{\"@id\":\"https:\/\/pfeifenundzigarren.de\/#\/schema\/logo\/image\/\"}}]}<\/script>\n<!-- \/ Yoast SEO Premium plugin. -->","yoast_head_json":{"title":"Halbgebogenes traditionelles Herren-9-mm-Pfeife - Der beste Onlineshop f\u00fcr Pfeifen und Zigarrenzubeh\u00f6r in Deutschland","robots":{"index":"index","follow":"follow","max-snippet":"max-snippet:-1","max-image-preview":"max-image-preview:large","max-video-preview":"max-video-preview:-1"},"canonical":"https:\/\/pfeifenundzigarren.de\/es\/Produkt\/halbgebogenes-traditionelles-herren-9-mm-pfeife\/","og_locale":"es_ES","og_type":"article","og_title":"Halbgebogenes traditionelles Herren-9-mm-Pfeife","og_description":"Diese halbgebogene traditionelle Herren-9-mm-Pfeife vereint jahrhundertealte britische Pfeifenbaukunst mit moderner Funktionalit\u00e4t f\u00fcr Designer, die wahre Kenner begeistern. Der Korpus des","og_url":"https:\/\/pfeifenundzigarren.de\/es\/Produkt\/halbgebogenes-traditionelles-herren-9-mm-pfeife\/","og_site_name":"Der beste Onlineshop f\u00fcr Pfeifen und Zigarrenzubeh\u00f6r in Deutschland","article_modified_time":"2025-09-03T23:05:47+00:00","og_image":[{"width":800,"height":800,"url":"https:\/\/pfeifenundzigarren.de\/wp-content\/uploads\/2025\/04\/O1CN01AB6Vik251wSoMgReV_2211684367467.jpg","type":"image\/jpeg"}],"twitter_card":"summary_large_image","twitter_misc":{"Tiempo de lectura":"1 minuto"},"schema":{"@context":"https:\/\/schema.org","@graph":[{"@type":"WebPage","@id":"https:\/\/pfeifenundzigarren.de\/Produkt\/halbgebogenes-traditionelles-herren-9-mm-pfeife\/","url":"https:\/\/pfeifenundzigarren.de\/Produkt\/halbgebogenes-traditionelles-herren-9-mm-pfeife\/","name":"Halbgebogenes traditionelles Herren-9-mm-Pfeife - Der beste Onlineshop f\u00fcr Pfeifen und Zigarrenzubeh\u00f6r in Deutschland","isPartOf":{"@id":"https:\/\/pfeifenundzigarren.de\/#website"},"primaryImageOfPage":{"@id":"https:\/\/pfeifenundzigarren.de\/Produkt\/halbgebogenes-traditionelles-herren-9-mm-pfeife\/#primaryimage"},"image":{"@id":"https:\/\/pfeifenundzigarren.de\/Produkt\/halbgebogenes-traditionelles-herren-9-mm-pfeife\/#primaryimage"},"thumbnailUrl":"https:\/\/pfeifenundzigarren.de\/wp-content\/uploads\/2025\/04\/O1CN01AB6Vik251wSoMgReV_2211684367467.jpg","datePublished":"2025-04-22T08:50:29+00:00","dateModified":"2025-09-03T23:05:47+00:00","breadcrumb":{"@id":"https:\/\/pfeifenundzigarren.de\/Produkt\/halbgebogenes-traditionelles-herren-9-mm-pfeife\/#breadcrumb"},"inLanguage":"es","potentialAction":[{"@type":"ReadAction","target":["https:\/\/pfeifenundzigarren.de\/Produkt\/halbgebogenes-traditionelles-herren-9-mm-pfeife\/"]}]},{"@type":"ImageObject","inLanguage":"es","@id":"https:\/\/pfeifenundzigarren.de\/Produkt\/halbgebogenes-traditionelles-herren-9-mm-pfeife\/#primaryimage","url":"https:\/\/pfeifenundzigarren.de\/wp-content\/uploads\/2025\/04\/O1CN01AB6Vik251wSoMgReV_2211684367467.jpg","contentUrl":"https:\/\/pfeifenundzigarren.de\/wp-content\/uploads\/2025\/04\/O1CN01AB6Vik251wSoMgReV_2211684367467.jpg","width":800,"height":800,"caption":"Halbgebogenes traditionelles Herren-9-mm-Pfeife"},{"@type":"BreadcrumbList","@id":"https:\/\/pfeifenundzigarren.de\/Produkt\/halbgebogenes-traditionelles-herren-9-mm-pfeife\/#breadcrumb","itemListElement":[{"@type":"ListItem","position":1,"name":"Home","item":"https:\/\/pfeifenundzigarren.de\/"},{"@type":"ListItem","position":2,"name":"Shop","item":"https:\/\/pfeifenundzigarren.de\/shop\/"},{"@type":"ListItem","position":3,"name":"Halbgebogenes traditionelles Herren-9-mm-Pfeife"}]},{"@type":"WebSite","@id":"https:\/\/pfeifenundzigarren.de\/#website","url":"https:\/\/pfeifenundzigarren.de\/","name":"La mejor tienda en l\u00ednea de pipas y accesorios para puros de Alemania","description":"","publisher":{"@id":"https:\/\/pfeifenundzigarren.de\/#organization"},"potentialAction":[{"@type":"SearchAction","target":{"@type":"EntryPoint","urlTemplate":"https:\/\/pfeifenundzigarren.de\/?s={search_term_string}"},"query-input":{"@type":"PropertyValueSpecification","valueRequired":true,"valueName":"search_term_string"}}],"inLanguage":"es"},{"@type":"Organization","@id":"https:\/\/pfeifenundzigarren.de\/#organization","name":"La mejor tienda en l\u00ednea de pipas y accesorios para puros de Alemania","url":"https:\/\/pfeifenundzigarren.de\/","logo":{"@type":"ImageObject","inLanguage":"es","@id":"https:\/\/pfeifenundzigarren.de\/#\/schema\/logo\/image\/","url":"https:\/\/pfeifenundzigarren.de\/wp-content\/uploads\/2024\/09\/cropped-Luxury-and-Vintage-Ornamental-Coffee-Shop-Logo.png","contentUrl":"https:\/\/pfeifenundzigarren.de\/wp-content\/uploads\/2024\/09\/cropped-Luxury-and-Vintage-Ornamental-Coffee-Shop-Logo.png","width":512,"height":512,"caption":"Der beste Onlineshop f\u00fcr Pfeifen und Zigarrenzubeh\u00f6r in Deutschland"},"image":{"@id":"https:\/\/pfeifenundzigarren.de\/#\/schema\/logo\/image\/"}}]}},"_links":{"self":[{"href":"https:\/\/pfeifenundzigarren.de\/es\/wp-json\/wp\/v2\/product\/7053","targetHints":{"allow":["GET"]}}],"collection":[{"href":"https:\/\/pfeifenundzigarren.de\/es\/wp-json\/wp\/v2\/product"}],"about":[{"href":"https:\/\/pfeifenundzigarren.de\/es\/wp-json\/wp\/v2\/types\/product"}],"replies":[{"embeddable":true,"href":"https:\/\/pfeifenundzigarren.de\/es\/wp-json\/wp\/v2\/comments?post=7053"}],"version-history":[{"count":0,"href":"https:\/\/pfeifenundzigarren.de\/es\/wp-json\/wp\/v2\/product\/7053\/revisions"}],"wp:featuredmedia":[{"embeddable":true,"href":"https:\/\/pfeifenundzigarren.de\/es\/wp-json\/wp\/v2\/media\/7058"}],"wp:attachment":[{"href":"https:\/\/pfeifenundzigarren.de\/es\/wp-json\/wp\/v2\/media?parent=7053"}],"wp:term":[{"taxonomy":"product_brand","embeddable":true,"href":"https:\/\/pfeifenundzigarren.de\/es\/wp-json\/wp\/v2\/product_brand?post=7053"},{"taxonomy":"product_cat","embeddable":true,"href":"https:\/\/pfeifenundzigarren.de\/es\/wp-json\/wp\/v2\/product_cat?post=7053"},{"taxonomy":"product_tag","embeddable":true,"href":"https:\/\/pfeifenundzigarren.de\/es\/wp-json\/wp\/v2\/product_tag?post=7053"}],"curies":[{"name":"wp","href":"https:\/\/api.w.org\/{rel}","templated":true}]}}