{"id":6916,"date":"2025-04-14T04:25:59","date_gmt":"2025-04-14T02:25:59","guid":{"rendered":"https:\/\/pfeifenundzigarren.de\/Produkt\/importierte-geschnitzte-apfel-minipfeife\/"},"modified":"2026-04-17T01:19:48","modified_gmt":"2026-04-16T23:19:48","slug":"importierte-geschnitzte-apfel-minipfeife","status":"publish","type":"product","link":"https:\/\/pfeifenundzigarren.de\/es\/Produkt\/importierte-geschnitzte-apfel-minipfeife\/","title":{"rendered":"Minipipa de manzana tallada importada"},"content":{"rendered":"<p>Estos <strong>manzana tallada minipipa<\/strong> est\u00e1 tallada a mano en madera de brezo de alta calidad.<\/p>\n<p>Lo que es m\u00e1s, nuestro maestro fabricante de pipas Michael fue capaz de producir estos <strong>Silbato de manzana<\/strong> ha conseguido un grosor absolutamente uniforme. Este detalle no debe subestimarse. En la pr\u00e1ctica, la distribuci\u00f3n del calor es equilibrada, lo que mejora notablemente el frescor del humo y evita la mordedura de lengua durante fumadas prolongadas. Al mismo tiempo, este dise\u00f1o ayuda a reducir la acumulaci\u00f3n de humedad y alquitr\u00e1n, garantizando un sabor a tabaco limpio y seco y un gusto amargo en cada calada.<\/p>\n<p>Despu\u00e9s de tallarlas, Michael pule la superficie de estas <a href=\"https:\/\/pfeifenundzigarren.de\/es\/Produkt\/klassische-pfeife-mit-hornring-handarbeit\/\">Tubo con<\/a> cera de carnauba natural. En comparaci\u00f3n con la cera sint\u00e9tica, la cera de carnauba natural no solo es m\u00e1s respetuosa con el medio ambiente, sino que penetra uniformemente en la talla durante el proceso de calentamiento, garantizando una textura suave y como nueva.<\/p>\n<p>Las fases de producci\u00f3n llevan mucho tiempo. En primer lugar, Michael funde la cera y luego la aplica con precisi\u00f3n a la superficie de la pipa mediante inmersi\u00f3n o cepillado. Este paso requiere un gran esfuerzo para garantizar que todos los detalles del tallado, as\u00ed como las estructuras c\u00f3ncavas y convexas de esta <strong>Silbato de manzana<\/strong> con una pel\u00edcula protectora fina y uniforme.<\/p>\n<p>A continuaci\u00f3n, se realiza un pulido manual con un disco de lana para difuminar la capa de cera y eliminar el exceso de residuos. El siguiente paso es cambiar a un disco de pulido de alta velocidad (aprox. 1500-3000 rpm). Esto genera calor a trav\u00e9s de la fricci\u00f3n, lo que anima a la cera a penetrar y solidificarse, realzando el brillo de la superficie y aumentando la resistencia a los ara\u00f1azos.<\/p>","protected":false},"excerpt":{"rendered":"<p>Esta mini pipa de manzana est\u00e1 tallada a mano en madera de brezo de alta calidad. Lo que es m\u00e1s, nuestro maestro fabricante de pipas Michael ha hecho esta pipa de manzana utilizando un<\/p>","protected":false},"featured_media":6919,"comment_status":"open","ping_status":"closed","template":"","meta":[],"product_brand":[],"product_cat":[70],"product_tag":[],"class_list":{"0":"post-6916","1":"product","2":"type-product","3":"status-publish","4":"has-post-thumbnail","6":"product_cat-pfeife","8":"first","9":"instock","10":"sale","11":"shipping-taxable","12":"purchasable","13":"product-type-variable","14":"wvs-archive-product-wrapper"},"yoast_head":"<!-- This site is optimized with the Yoast SEO Premium plugin v26.7 (Yoast SEO v27.4) - https:\/\/yoast.com\/product\/yoast-seo-premium-wordpress\/ -->\n<title>Importierte geschnitzte Apfel-Minipfeife - Der beste Onlineshop f\u00fcr Pfeifen und Zigarrenzubeh\u00f6r in Deutschland<\/title>\n<meta name=\"robots\" content=\"index, follow, max-snippet:-1, max-image-preview:large, max-video-preview:-1\" \/>\n<link rel=\"canonical\" href=\"https:\/\/pfeifenundzigarren.de\/es\/Produkt\/importierte-geschnitzte-apfel-minipfeife\/\" \/>\n<meta property=\"og:locale\" content=\"es_ES\" \/>\n<meta property=\"og:type\" content=\"article\" \/>\n<meta property=\"og:title\" content=\"Importierte geschnitzte Apfel-Minipfeife\" \/>\n<meta property=\"og:description\" content=\"Diese geschnitzte Apfel-Minipfeife ist aus hochwertigem Bruy\u00e8reholz handgeschnitzt. Dar\u00fcber hinaus ist unserem Pfeifenmeister Michael bei der Herstellung dieser Apfelpfeife eine\" \/>\n<meta property=\"og:url\" content=\"https:\/\/pfeifenundzigarren.de\/es\/Produkt\/importierte-geschnitzte-apfel-minipfeife\/\" \/>\n<meta property=\"og:site_name\" content=\"Der beste Onlineshop f\u00fcr Pfeifen und Zigarrenzubeh\u00f6r in Deutschland\" \/>\n<meta property=\"article:modified_time\" content=\"2026-04-16T23:19:48+00:00\" \/>\n<meta property=\"og:image\" content=\"https:\/\/pfeifenundzigarren.de\/wp-content\/uploads\/2025\/04\/O1CN01cezqiZ1VcHgxxSHmf_44272673-1.jpg\" \/>\n\t<meta property=\"og:image:width\" content=\"800\" \/>\n\t<meta property=\"og:image:height\" content=\"1066\" \/>\n\t<meta property=\"og:image:type\" content=\"image\/jpeg\" \/>\n<meta name=\"twitter:card\" content=\"summary_large_image\" \/>\n<meta name=\"twitter:label1\" content=\"Tiempo de lectura\" \/>\n\t<meta name=\"twitter:data1\" content=\"1 minuto\" \/>\n<script type=\"application\/ld+json\" class=\"yoast-schema-graph\">{\"@context\":\"https:\\\/\\\/schema.org\",\"@graph\":[{\"@type\":\"WebPage\",\"@id\":\"https:\\\/\\\/pfeifenundzigarren.de\\\/Produkt\\\/importierte-geschnitzte-apfel-minipfeife\\\/\",\"url\":\"https:\\\/\\\/pfeifenundzigarren.de\\\/Produkt\\\/importierte-geschnitzte-apfel-minipfeife\\\/\",\"name\":\"Importierte geschnitzte Apfel-Minipfeife - Der beste Onlineshop f\u00fcr Pfeifen und Zigarrenzubeh\u00f6r in Deutschland\",\"isPartOf\":{\"@id\":\"https:\\\/\\\/pfeifenundzigarren.de\\\/#website\"},\"primaryImageOfPage\":{\"@id\":\"https:\\\/\\\/pfeifenundzigarren.de\\\/Produkt\\\/importierte-geschnitzte-apfel-minipfeife\\\/#primaryimage\"},\"image\":{\"@id\":\"https:\\\/\\\/pfeifenundzigarren.de\\\/Produkt\\\/importierte-geschnitzte-apfel-minipfeife\\\/#primaryimage\"},\"thumbnailUrl\":\"https:\\\/\\\/pfeifenundzigarren.de\\\/wp-content\\\/uploads\\\/2025\\\/04\\\/O1CN01cezqiZ1VcHgxxSHmf_44272673-1.jpg\",\"datePublished\":\"2025-04-14T02:25:59+00:00\",\"dateModified\":\"2026-04-16T23:19:48+00:00\",\"breadcrumb\":{\"@id\":\"https:\\\/\\\/pfeifenundzigarren.de\\\/Produkt\\\/importierte-geschnitzte-apfel-minipfeife\\\/#breadcrumb\"},\"inLanguage\":\"es\",\"potentialAction\":[{\"@type\":\"ReadAction\",\"target\":[\"https:\\\/\\\/pfeifenundzigarren.de\\\/Produkt\\\/importierte-geschnitzte-apfel-minipfeife\\\/\"]}]},{\"@type\":\"ImageObject\",\"inLanguage\":\"es\",\"@id\":\"https:\\\/\\\/pfeifenundzigarren.de\\\/Produkt\\\/importierte-geschnitzte-apfel-minipfeife\\\/#primaryimage\",\"url\":\"https:\\\/\\\/pfeifenundzigarren.de\\\/wp-content\\\/uploads\\\/2025\\\/04\\\/O1CN01cezqiZ1VcHgxxSHmf_44272673-1.jpg\",\"contentUrl\":\"https:\\\/\\\/pfeifenundzigarren.de\\\/wp-content\\\/uploads\\\/2025\\\/04\\\/O1CN01cezqiZ1VcHgxxSHmf_44272673-1.jpg\",\"width\":800,\"height\":1066,\"caption\":\"Apfel-Minipfeife\"},{\"@type\":\"BreadcrumbList\",\"@id\":\"https:\\\/\\\/pfeifenundzigarren.de\\\/Produkt\\\/importierte-geschnitzte-apfel-minipfeife\\\/#breadcrumb\",\"itemListElement\":[{\"@type\":\"ListItem\",\"position\":1,\"name\":\"Home\",\"item\":\"https:\\\/\\\/pfeifenundzigarren.de\\\/\"},{\"@type\":\"ListItem\",\"position\":2,\"name\":\"Shop\",\"item\":\"https:\\\/\\\/pfeifenundzigarren.de\\\/shop\\\/\"},{\"@type\":\"ListItem\",\"position\":3,\"name\":\"Importierte geschnitzte Apfel-Minipfeife\"}]},{\"@type\":\"WebSite\",\"@id\":\"https:\\\/\\\/pfeifenundzigarren.de\\\/#website\",\"url\":\"https:\\\/\\\/pfeifenundzigarren.de\\\/\",\"name\":\"Der beste Onlineshop f\u00fcr Pfeifen und Zigarrenzubeh\u00f6r in Deutschland\",\"description\":\"\",\"publisher\":{\"@id\":\"https:\\\/\\\/pfeifenundzigarren.de\\\/#organization\"},\"potentialAction\":[{\"@type\":\"SearchAction\",\"target\":{\"@type\":\"EntryPoint\",\"urlTemplate\":\"https:\\\/\\\/pfeifenundzigarren.de\\\/?s={search_term_string}\"},\"query-input\":{\"@type\":\"PropertyValueSpecification\",\"valueRequired\":true,\"valueName\":\"search_term_string\"}}],\"inLanguage\":\"es\"},{\"@type\":\"Organization\",\"@id\":\"https:\\\/\\\/pfeifenundzigarren.de\\\/#organization\",\"name\":\"Der beste Onlineshop f\u00fcr Pfeifen und Zigarrenzubeh\u00f6r in Deutschland\",\"url\":\"https:\\\/\\\/pfeifenundzigarren.de\\\/\",\"logo\":{\"@type\":\"ImageObject\",\"inLanguage\":\"es\",\"@id\":\"https:\\\/\\\/pfeifenundzigarren.de\\\/#\\\/schema\\\/logo\\\/image\\\/\",\"url\":\"https:\\\/\\\/pfeifenundzigarren.de\\\/wp-content\\\/uploads\\\/2024\\\/09\\\/cropped-Luxury-and-Vintage-Ornamental-Coffee-Shop-Logo.png\",\"contentUrl\":\"https:\\\/\\\/pfeifenundzigarren.de\\\/wp-content\\\/uploads\\\/2024\\\/09\\\/cropped-Luxury-and-Vintage-Ornamental-Coffee-Shop-Logo.png\",\"width\":512,\"height\":512,\"caption\":\"Der beste Onlineshop f\u00fcr Pfeifen und Zigarrenzubeh\u00f6r in Deutschland\"},\"image\":{\"@id\":\"https:\\\/\\\/pfeifenundzigarren.de\\\/#\\\/schema\\\/logo\\\/image\\\/\"}}]}<\/script>\n<!-- \/ Yoast SEO Premium plugin. -->","yoast_head_json":{"title":"Importierte geschnitzte Apfel-Minipfeife - Der beste Onlineshop f\u00fcr Pfeifen und Zigarrenzubeh\u00f6r in Deutschland","robots":{"index":"index","follow":"follow","max-snippet":"max-snippet:-1","max-image-preview":"max-image-preview:large","max-video-preview":"max-video-preview:-1"},"canonical":"https:\/\/pfeifenundzigarren.de\/es\/Produkt\/importierte-geschnitzte-apfel-minipfeife\/","og_locale":"es_ES","og_type":"article","og_title":"Importierte geschnitzte Apfel-Minipfeife","og_description":"Diese geschnitzte Apfel-Minipfeife ist aus hochwertigem Bruy\u00e8reholz handgeschnitzt. Dar\u00fcber hinaus ist unserem Pfeifenmeister Michael bei der Herstellung dieser Apfelpfeife eine","og_url":"https:\/\/pfeifenundzigarren.de\/es\/Produkt\/importierte-geschnitzte-apfel-minipfeife\/","og_site_name":"Der beste Onlineshop f\u00fcr Pfeifen und Zigarrenzubeh\u00f6r in Deutschland","article_modified_time":"2026-04-16T23:19:48+00:00","og_image":[{"width":800,"height":1066,"url":"https:\/\/pfeifenundzigarren.de\/wp-content\/uploads\/2025\/04\/O1CN01cezqiZ1VcHgxxSHmf_44272673-1.jpg","type":"image\/jpeg"}],"twitter_card":"summary_large_image","twitter_misc":{"Tiempo de lectura":"1 minuto"},"schema":{"@context":"https:\/\/schema.org","@graph":[{"@type":"WebPage","@id":"https:\/\/pfeifenundzigarren.de\/Produkt\/importierte-geschnitzte-apfel-minipfeife\/","url":"https:\/\/pfeifenundzigarren.de\/Produkt\/importierte-geschnitzte-apfel-minipfeife\/","name":"Importierte geschnitzte Apfel-Minipfeife - Der beste Onlineshop f\u00fcr Pfeifen und Zigarrenzubeh\u00f6r in Deutschland","isPartOf":{"@id":"https:\/\/pfeifenundzigarren.de\/#website"},"primaryImageOfPage":{"@id":"https:\/\/pfeifenundzigarren.de\/Produkt\/importierte-geschnitzte-apfel-minipfeife\/#primaryimage"},"image":{"@id":"https:\/\/pfeifenundzigarren.de\/Produkt\/importierte-geschnitzte-apfel-minipfeife\/#primaryimage"},"thumbnailUrl":"https:\/\/pfeifenundzigarren.de\/wp-content\/uploads\/2025\/04\/O1CN01cezqiZ1VcHgxxSHmf_44272673-1.jpg","datePublished":"2025-04-14T02:25:59+00:00","dateModified":"2026-04-16T23:19:48+00:00","breadcrumb":{"@id":"https:\/\/pfeifenundzigarren.de\/Produkt\/importierte-geschnitzte-apfel-minipfeife\/#breadcrumb"},"inLanguage":"es","potentialAction":[{"@type":"ReadAction","target":["https:\/\/pfeifenundzigarren.de\/Produkt\/importierte-geschnitzte-apfel-minipfeife\/"]}]},{"@type":"ImageObject","inLanguage":"es","@id":"https:\/\/pfeifenundzigarren.de\/Produkt\/importierte-geschnitzte-apfel-minipfeife\/#primaryimage","url":"https:\/\/pfeifenundzigarren.de\/wp-content\/uploads\/2025\/04\/O1CN01cezqiZ1VcHgxxSHmf_44272673-1.jpg","contentUrl":"https:\/\/pfeifenundzigarren.de\/wp-content\/uploads\/2025\/04\/O1CN01cezqiZ1VcHgxxSHmf_44272673-1.jpg","width":800,"height":1066,"caption":"Apfel-Minipfeife"},{"@type":"BreadcrumbList","@id":"https:\/\/pfeifenundzigarren.de\/Produkt\/importierte-geschnitzte-apfel-minipfeife\/#breadcrumb","itemListElement":[{"@type":"ListItem","position":1,"name":"Home","item":"https:\/\/pfeifenundzigarren.de\/"},{"@type":"ListItem","position":2,"name":"Shop","item":"https:\/\/pfeifenundzigarren.de\/shop\/"},{"@type":"ListItem","position":3,"name":"Importierte geschnitzte Apfel-Minipfeife"}]},{"@type":"WebSite","@id":"https:\/\/pfeifenundzigarren.de\/#website","url":"https:\/\/pfeifenundzigarren.de\/","name":"La mejor tienda en l\u00ednea de pipas y accesorios para puros de Alemania","description":"","publisher":{"@id":"https:\/\/pfeifenundzigarren.de\/#organization"},"potentialAction":[{"@type":"SearchAction","target":{"@type":"EntryPoint","urlTemplate":"https:\/\/pfeifenundzigarren.de\/?s={search_term_string}"},"query-input":{"@type":"PropertyValueSpecification","valueRequired":true,"valueName":"search_term_string"}}],"inLanguage":"es"},{"@type":"Organization","@id":"https:\/\/pfeifenundzigarren.de\/#organization","name":"La mejor tienda en l\u00ednea de pipas y accesorios para puros de Alemania","url":"https:\/\/pfeifenundzigarren.de\/","logo":{"@type":"ImageObject","inLanguage":"es","@id":"https:\/\/pfeifenundzigarren.de\/#\/schema\/logo\/image\/","url":"https:\/\/pfeifenundzigarren.de\/wp-content\/uploads\/2024\/09\/cropped-Luxury-and-Vintage-Ornamental-Coffee-Shop-Logo.png","contentUrl":"https:\/\/pfeifenundzigarren.de\/wp-content\/uploads\/2024\/09\/cropped-Luxury-and-Vintage-Ornamental-Coffee-Shop-Logo.png","width":512,"height":512,"caption":"Der beste Onlineshop f\u00fcr Pfeifen und Zigarrenzubeh\u00f6r in Deutschland"},"image":{"@id":"https:\/\/pfeifenundzigarren.de\/#\/schema\/logo\/image\/"}}]}},"_links":{"self":[{"href":"https:\/\/pfeifenundzigarren.de\/es\/wp-json\/wp\/v2\/product\/6916","targetHints":{"allow":["GET"]}}],"collection":[{"href":"https:\/\/pfeifenundzigarren.de\/es\/wp-json\/wp\/v2\/product"}],"about":[{"href":"https:\/\/pfeifenundzigarren.de\/es\/wp-json\/wp\/v2\/types\/product"}],"replies":[{"embeddable":true,"href":"https:\/\/pfeifenundzigarren.de\/es\/wp-json\/wp\/v2\/comments?post=6916"}],"version-history":[{"count":0,"href":"https:\/\/pfeifenundzigarren.de\/es\/wp-json\/wp\/v2\/product\/6916\/revisions"}],"wp:featuredmedia":[{"embeddable":true,"href":"https:\/\/pfeifenundzigarren.de\/es\/wp-json\/wp\/v2\/media\/6919"}],"wp:attachment":[{"href":"https:\/\/pfeifenundzigarren.de\/es\/wp-json\/wp\/v2\/media?parent=6916"}],"wp:term":[{"taxonomy":"product_brand","embeddable":true,"href":"https:\/\/pfeifenundzigarren.de\/es\/wp-json\/wp\/v2\/product_brand?post=6916"},{"taxonomy":"product_cat","embeddable":true,"href":"https:\/\/pfeifenundzigarren.de\/es\/wp-json\/wp\/v2\/product_cat?post=6916"},{"taxonomy":"product_tag","embeddable":true,"href":"https:\/\/pfeifenundzigarren.de\/es\/wp-json\/wp\/v2\/product_tag?post=6916"}],"curies":[{"name":"wp","href":"https:\/\/api.w.org\/{rel}","templated":true}]}}