{"id":6797,"date":"2025-04-08T10:22:40","date_gmt":"2025-04-08T08:22:40","guid":{"rendered":"https:\/\/pfeifenundzigarren.de\/?post_type=product&#038;p=6797"},"modified":"2026-02-17T17:10:05","modified_gmt":"2026-02-17T16:10:05","slug":"pfeifen-mundstueck-polieren","status":"publish","type":"product","link":"https:\/\/pfeifenundzigarren.de\/es\/Produkt\/pfeifen-mundstueck-polieren\/","title":{"rendered":"Pulido de boquillas de pipa"},"content":{"rendered":"<div class=\"detailmodule_html\">\n<div class=\"detail-desc-decorate-richtext\">\n<div id=\"offer-template-0\"><span style=\"box-sizing: border-box; -webkit-tap-highlight-color: transparent; outline: 0px; margin: 0px; padding: 0px; max-width: 100%; word-break: break-word; font-style: normal; font-variant-ligatures: normal; font-variant-caps: normal; font-weight: 400; letter-spacing: normal; orphans: 2; text-align: start; text-indent: 0px; text-transform: none; white-space: normal; widows: 2; word-spacing: 0px; -webkit-text-stroke-width: 0px; text-decoration-thickness: initial; text-decoration-style: initial; text-decoration-color: initial; font-family: Arial. Helvetica. sans-serif; font-size: 16px; background-color: rgb(255. 255. 255); color: rgb(0. 0. 0);\"><span style=\"box-sizing: border-box; -webkit-tap-highlight-color: transparent; outline: 0px; margin: 0px; padding: 0px; max-width: 100%; word-break: break-word; font-family: Arial. Helvetica. sans-serif; font-size: 16px; font-style: normal; font-variant-ligatures: normal; font-variant-caps: normal; font-weight: 400; letter-spacing: normal; orphans: 2; text-align: start; text-indent: 0px; text-transform: none; white-space: normal; widows: 2; word-spacing: 0px; -webkit-text-stroke-width: 0px; background-color: rgb(255. 255. 255); text-decoration-thickness: initial; text-decoration-style: initial; text-decoration-color: initial; color: rgb(0. 0. 0);\"><span style=\"box-sizing: border-box; -webkit-tap-highlight-color: transparent; outline: 0px; margin: 0px; padding: 0px; max-width: 100%; word-break: break-word; font-style: normal; font-variant-ligatures: normal; font-variant-caps: normal; font-weight: 400; letter-spacing: normal; orphans: 2; text-align: start; text-indent: 0px; text-transform: none; white-space: normal; widows: 2; word-spacing: 0px; -webkit-text-stroke-width: 0px; text-decoration-thickness: initial; text-decoration-style: initial; text-decoration-color: initial; font-family: Arial. Helvetica. sans-serif; font-size: 16px; background-color: rgb(255. 255. 255); color: rgb(0. 0. 0);\"><span style=\"box-sizing: border-box; -webkit-tap-highlight-color: transparent; outline: 0px; margin: 0px; padding: 0px; max-width: 100%; word-break: break-word; font-style: normal; font-variant-ligatures: normal; font-variant-caps: normal; font-weight: 400; letter-spacing: normal; orphans: 2; text-align: start; text-indent: 0px; text-transform: none; white-space: normal; widows: 2; word-spacing: 0px; -webkit-text-stroke-width: 0px; text-decoration-thickness: initial; text-decoration-style: initial; text-decoration-color: initial; font-family: Arial. Helvetica. sans-serif; font-size: 16px; background-color: rgb(255. 255. 255); color: rgb(0. 0. 0);\"><span style=\"box-sizing: border-box; -webkit-tap-highlight-color: transparent; outline: 0px; margin: 0px; padding: 0px; max-width: 100%; word-break: break-word; font-style: normal; font-variant-ligatures: normal; font-variant-caps: normal; font-weight: 400; letter-spacing: normal; orphans: 2; text-align: start; text-indent: 0px; text-transform: none; white-space: normal; widows: 2; word-spacing: 0px; -webkit-text-stroke-width: 0px; text-decoration-thickness: initial; text-decoration-style: initial; text-decoration-color: initial; font-family: Arial. Helvetica. sans-serif; font-size: 16px; background-color: rgb(255. 255. 255); color: rgb(0. 0. 0);\"><span style=\"box-sizing: border-box; -webkit-tap-highlight-color: transparent; outline: 0px; margin: 0px; padding: 0px; max-width: 100%; word-break: break-word; font-style: normal; font-variant-ligatures: normal; font-variant-caps: normal; font-weight: 400; letter-spacing: normal; orphans: 2; text-align: start; text-indent: 0px; text-transform: none; white-space: normal; widows: 2; word-spacing: 0px; -webkit-text-stroke-width: 0px; text-decoration-thickness: initial; text-decoration-style: initial; text-decoration-color: initial; font-family: Arial. Helvetica. sans-serif; font-size: 16px; background-color: rgb(255. 255. 255); color: rgb(0. 0. 0);\"><br \/>\n<img decoding=\"async\" src=\"\/\/ae01.alicdn.com\/kf\/S27980eee89014175a494b1dc726ecaefA.jpg?width=800&amp;height=800&amp;hash=1600\" alt=\"\"><img decoding=\"async\" src=\"\/\/ae01.alicdn.com\/kf\/Sce4f92fc79df462e8ccac2878ec495ddO.jpg?width=800&amp;height=800&amp;hash=1600\" alt=\"\"><img decoding=\"async\" src=\"\/\/ae01.alicdn.com\/kf\/Sf27d096b2fd34295837e8ee0362c9747u.jpg?width=800&amp;height=800&amp;hash=1600\" alt=\"\"><img decoding=\"async\" src=\"\/\/ae01.alicdn.com\/kf\/S6ebcd67d4194439b8da8afc2b68c0143h.jpg?width=800&amp;height=800&amp;hash=1600\" alt=\"\"><img decoding=\"async\" src=\"\/\/ae01.alicdn.com\/kf\/S4c6c516f25a7443c90be79b61ce258c4B.jpg?width=800&amp;height=800&amp;hash=1600\" alt=\"\"><img decoding=\"async\" src=\"\/\/ae01.alicdn.com\/kf\/Sefc9e454fd46427f9591006d644067f6u.jpg?width=800&amp;height=800&amp;hash=1600\" alt=\"\"> <\/span><\/span><br \/>\n<img decoding=\"async\" style=\"width: 800px; height: 800px;\" src=\"\/\/ae01.alicdn.com\/kf\/Se75ce5b9783d472e8c643e3c90e919a3R.jpg?width=800&amp;height=800&amp;hash=1600\" alt=\"\"><img decoding=\"async\" src=\"\/\/ae01.alicdn.com\/kf\/Se682ef31c06b4387be12fd0c89d677d4m.jpg?width=800&amp;height=800&amp;hash=1600\" alt=\"\"><img decoding=\"async\" src=\"\/\/ae01.alicdn.com\/kf\/S2797cbcca43d471e8a4bfa76ea5b03c3n.jpg?width=800&amp;height=800&amp;hash=1600\" alt=\"\"><img decoding=\"async\" src=\"\/\/ae01.alicdn.com\/kf\/Sfa4ef8a9487446f8a22d334534a3ce856.jpg?width=800&amp;height=800&amp;hash=1600\" alt=\"\"><img decoding=\"async\" src=\"\/\/ae01.alicdn.com\/kf\/S0ef0e0959c804de6ad4caa415c85a963F.jpg?width=800&amp;height=800&amp;hash=1600\" alt=\"\"><img decoding=\"async\" src=\"\/\/ae01.alicdn.com\/kf\/S5e46663b8e484dcd909a08c53b0427f1P.jpg?width=800&amp;height=800&amp;hash=1600\" alt=\"\"><img decoding=\"async\" src=\"\/\/ae01.alicdn.com\/kf\/S146c1c35a01a4711a4d4259bd67908b8Y.jpg?width=800&amp;height=800&amp;hash=1600\" alt=\"\"><img decoding=\"async\" src=\"\/\/ae01.alicdn.com\/kf\/Sed48cc5aa68947b9a289fc228e3ead3eQ.jpg?width=800&amp;height=800&amp;hash=1600\" alt=\"\"><img decoding=\"async\" src=\"\/\/ae01.alicdn.com\/kf\/S2f76e609783a487c996c19999c91bd78D.jpg?width=800&amp;height=800&amp;hash=1600\" alt=\"\"><img decoding=\"async\" src=\"\/\/ae01.alicdn.com\/kf\/S5ae46b9fc34c4925839f29eade4880d1B.jpg?width=800&amp;height=800&amp;hash=1600\" alt=\"\"><img decoding=\"async\" src=\"\/\/ae01.alicdn.com\/kf\/S3ed3964753974536af05f6b92fc8cd07f.jpg?width=800&amp;height=800&amp;hash=1600\" alt=\"\"><img decoding=\"async\" src=\"\/\/ae01.alicdn.com\/kf\/S340294c95dcc4c97920fb0cc9ed9d800x.jpg?width=800&amp;height=800&amp;hash=1600\" alt=\"\"><\/span><\/span><\/span><\/span><\/div>\n<div style=\"font-size: 0; line-height: 0;\" title=\"SHOPTOOL_POSITION_BOTTOM_END\"><\/div>\n<\/div>\n<\/div>","protected":false},"excerpt":{"rendered":"","protected":false},"featured_media":6826,"comment_status":"open","ping_status":"closed","template":"","meta":[],"product_brand":[],"product_cat":[87],"product_tag":[],"class_list":{"0":"post-6797","1":"product","2":"type-product","3":"status-publish","4":"has-post-thumbnail","6":"product_cat-pfeifen-mundstueck","8":"first","9":"instock","10":"shipping-taxable","11":"purchasable","12":"product-type-variable","13":"wvs-archive-product-wrapper"},"yoast_head":"<!-- This site is optimized with the Yoast SEO Premium plugin v26.7 (Yoast SEO v27.4) - https:\/\/yoast.com\/product\/yoast-seo-premium-wordpress\/ -->\n<title>Pfeifen Mundst\u00fcck Polieren - Der beste Onlineshop f\u00fcr Pfeifen und Zigarrenzubeh\u00f6r in Deutschland<\/title>\n<meta name=\"robots\" content=\"index, follow, max-snippet:-1, max-image-preview:large, max-video-preview:-1\" \/>\n<link rel=\"canonical\" href=\"https:\/\/pfeifenundzigarren.de\/es\/Produkt\/pfeifen-mundstueck-polieren\/\" \/>\n<meta property=\"og:locale\" content=\"es_ES\" \/>\n<meta property=\"og:type\" content=\"article\" \/>\n<meta property=\"og:title\" content=\"Pfeifen Mundst\u00fcck Polieren\" \/>\n<meta property=\"og:url\" content=\"https:\/\/pfeifenundzigarren.de\/es\/Produkt\/pfeifen-mundstueck-polieren\/\" \/>\n<meta property=\"og:site_name\" content=\"Der beste Onlineshop f\u00fcr Pfeifen und Zigarrenzubeh\u00f6r in Deutschland\" \/>\n<meta property=\"article:modified_time\" content=\"2026-02-17T16:10:05+00:00\" \/>\n<meta property=\"og:image\" content=\"https:\/\/pfeifenundzigarren.de\/wp-content\/uploads\/2025\/04\/Sd4a5c77284194191bc3a86f44404228dJ.webp\" \/>\n\t<meta property=\"og:image:width\" content=\"800\" \/>\n\t<meta property=\"og:image:height\" content=\"800\" \/>\n\t<meta property=\"og:image:type\" content=\"image\/webp\" \/>\n<meta name=\"twitter:card\" content=\"summary_large_image\" \/>\n<meta name=\"twitter:label1\" content=\"Tiempo de lectura\" \/>\n\t<meta name=\"twitter:data1\" content=\"4 minutos\" \/>\n<script type=\"application\/ld+json\" class=\"yoast-schema-graph\">{\"@context\":\"https:\\\/\\\/schema.org\",\"@graph\":[{\"@type\":\"WebPage\",\"@id\":\"https:\\\/\\\/pfeifenundzigarren.de\\\/Produkt\\\/pfeifen-mundstueck-polieren\\\/\",\"url\":\"https:\\\/\\\/pfeifenundzigarren.de\\\/Produkt\\\/pfeifen-mundstueck-polieren\\\/\",\"name\":\"Pfeifen Mundst\u00fcck Polieren - Der beste Onlineshop f\u00fcr Pfeifen und Zigarrenzubeh\u00f6r in Deutschland\",\"isPartOf\":{\"@id\":\"https:\\\/\\\/lime-nightingale-562313.hostingersite.com\\\/#website\"},\"primaryImageOfPage\":{\"@id\":\"https:\\\/\\\/pfeifenundzigarren.de\\\/Produkt\\\/pfeifen-mundstueck-polieren\\\/#primaryimage\"},\"image\":{\"@id\":\"https:\\\/\\\/pfeifenundzigarren.de\\\/Produkt\\\/pfeifen-mundstueck-polieren\\\/#primaryimage\"},\"thumbnailUrl\":\"https:\\\/\\\/pfeifenundzigarren.de\\\/wp-content\\\/uploads\\\/2025\\\/04\\\/Sd4a5c77284194191bc3a86f44404228dJ.webp\",\"datePublished\":\"2025-04-08T08:22:40+00:00\",\"dateModified\":\"2026-02-17T16:10:05+00:00\",\"breadcrumb\":{\"@id\":\"https:\\\/\\\/pfeifenundzigarren.de\\\/Produkt\\\/pfeifen-mundstueck-polieren\\\/#breadcrumb\"},\"inLanguage\":\"es\",\"potentialAction\":[{\"@type\":\"ReadAction\",\"target\":[\"https:\\\/\\\/pfeifenundzigarren.de\\\/Produkt\\\/pfeifen-mundstueck-polieren\\\/\"]}]},{\"@type\":\"ImageObject\",\"inLanguage\":\"es\",\"@id\":\"https:\\\/\\\/pfeifenundzigarren.de\\\/Produkt\\\/pfeifen-mundstueck-polieren\\\/#primaryimage\",\"url\":\"https:\\\/\\\/pfeifenundzigarren.de\\\/wp-content\\\/uploads\\\/2025\\\/04\\\/Sd4a5c77284194191bc3a86f44404228dJ.webp\",\"contentUrl\":\"https:\\\/\\\/pfeifenundzigarren.de\\\/wp-content\\\/uploads\\\/2025\\\/04\\\/Sd4a5c77284194191bc3a86f44404228dJ.webp\",\"width\":800,\"height\":800,\"caption\":\"Pfeifen Mundst\u00fcck Polieren\"},{\"@type\":\"BreadcrumbList\",\"@id\":\"https:\\\/\\\/pfeifenundzigarren.de\\\/Produkt\\\/pfeifen-mundstueck-polieren\\\/#breadcrumb\",\"itemListElement\":[{\"@type\":\"ListItem\",\"position\":1,\"name\":\"Home\",\"item\":\"https:\\\/\\\/lime-nightingale-562313.hostingersite.com\\\/\"},{\"@type\":\"ListItem\",\"position\":2,\"name\":\"Shop\",\"item\":\"https:\\\/\\\/lime-nightingale-562313.hostingersite.com\\\/shop\\\/\"},{\"@type\":\"ListItem\",\"position\":3,\"name\":\"Pfeifen Mundst\u00fcck Polieren\"}]},{\"@type\":\"WebSite\",\"@id\":\"https:\\\/\\\/lime-nightingale-562313.hostingersite.com\\\/#website\",\"url\":\"https:\\\/\\\/lime-nightingale-562313.hostingersite.com\\\/\",\"name\":\"Der beste Onlineshop f\u00fcr Pfeifen und Zigarrenzubeh\u00f6r in Deutschland\",\"description\":\"\",\"publisher\":{\"@id\":\"https:\\\/\\\/lime-nightingale-562313.hostingersite.com\\\/#organization\"},\"potentialAction\":[{\"@type\":\"SearchAction\",\"target\":{\"@type\":\"EntryPoint\",\"urlTemplate\":\"https:\\\/\\\/lime-nightingale-562313.hostingersite.com\\\/?s={search_term_string}\"},\"query-input\":{\"@type\":\"PropertyValueSpecification\",\"valueRequired\":true,\"valueName\":\"search_term_string\"}}],\"inLanguage\":\"es\"},{\"@type\":\"Organization\",\"@id\":\"https:\\\/\\\/lime-nightingale-562313.hostingersite.com\\\/#organization\",\"name\":\"Der beste Onlineshop f\u00fcr Pfeifen und Zigarrenzubeh\u00f6r in Deutschland\",\"url\":\"https:\\\/\\\/lime-nightingale-562313.hostingersite.com\\\/\",\"logo\":{\"@type\":\"ImageObject\",\"inLanguage\":\"es\",\"@id\":\"https:\\\/\\\/lime-nightingale-562313.hostingersite.com\\\/#\\\/schema\\\/logo\\\/image\\\/\",\"url\":\"https:\\\/\\\/pfeifenundzigarren.de\\\/wp-content\\\/uploads\\\/2024\\\/09\\\/cropped-Luxury-and-Vintage-Ornamental-Coffee-Shop-Logo.png\",\"contentUrl\":\"https:\\\/\\\/pfeifenundzigarren.de\\\/wp-content\\\/uploads\\\/2024\\\/09\\\/cropped-Luxury-and-Vintage-Ornamental-Coffee-Shop-Logo.png\",\"width\":512,\"height\":512,\"caption\":\"Der beste Onlineshop f\u00fcr Pfeifen und Zigarrenzubeh\u00f6r in Deutschland\"},\"image\":{\"@id\":\"https:\\\/\\\/lime-nightingale-562313.hostingersite.com\\\/#\\\/schema\\\/logo\\\/image\\\/\"}}]}<\/script>\n<!-- \/ Yoast SEO Premium plugin. -->","yoast_head_json":{"title":"Pfeifen Mundst\u00fcck Polieren - Der beste Onlineshop f\u00fcr Pfeifen und Zigarrenzubeh\u00f6r in Deutschland","robots":{"index":"index","follow":"follow","max-snippet":"max-snippet:-1","max-image-preview":"max-image-preview:large","max-video-preview":"max-video-preview:-1"},"canonical":"https:\/\/pfeifenundzigarren.de\/es\/Produkt\/pfeifen-mundstueck-polieren\/","og_locale":"es_ES","og_type":"article","og_title":"Pfeifen Mundst\u00fcck Polieren","og_url":"https:\/\/pfeifenundzigarren.de\/es\/Produkt\/pfeifen-mundstueck-polieren\/","og_site_name":"Der beste Onlineshop f\u00fcr Pfeifen und Zigarrenzubeh\u00f6r in Deutschland","article_modified_time":"2026-02-17T16:10:05+00:00","og_image":[{"width":800,"height":800,"url":"https:\/\/pfeifenundzigarren.de\/wp-content\/uploads\/2025\/04\/Sd4a5c77284194191bc3a86f44404228dJ.webp","type":"image\/webp"}],"twitter_card":"summary_large_image","twitter_misc":{"Tiempo de lectura":"4 minutos"},"schema":{"@context":"https:\/\/schema.org","@graph":[{"@type":"WebPage","@id":"https:\/\/pfeifenundzigarren.de\/Produkt\/pfeifen-mundstueck-polieren\/","url":"https:\/\/pfeifenundzigarren.de\/Produkt\/pfeifen-mundstueck-polieren\/","name":"Pfeifen Mundst\u00fcck Polieren - Der beste Onlineshop f\u00fcr Pfeifen und Zigarrenzubeh\u00f6r in Deutschland","isPartOf":{"@id":"https:\/\/lime-nightingale-562313.hostingersite.com\/#website"},"primaryImageOfPage":{"@id":"https:\/\/pfeifenundzigarren.de\/Produkt\/pfeifen-mundstueck-polieren\/#primaryimage"},"image":{"@id":"https:\/\/pfeifenundzigarren.de\/Produkt\/pfeifen-mundstueck-polieren\/#primaryimage"},"thumbnailUrl":"https:\/\/pfeifenundzigarren.de\/wp-content\/uploads\/2025\/04\/Sd4a5c77284194191bc3a86f44404228dJ.webp","datePublished":"2025-04-08T08:22:40+00:00","dateModified":"2026-02-17T16:10:05+00:00","breadcrumb":{"@id":"https:\/\/pfeifenundzigarren.de\/Produkt\/pfeifen-mundstueck-polieren\/#breadcrumb"},"inLanguage":"es","potentialAction":[{"@type":"ReadAction","target":["https:\/\/pfeifenundzigarren.de\/Produkt\/pfeifen-mundstueck-polieren\/"]}]},{"@type":"ImageObject","inLanguage":"es","@id":"https:\/\/pfeifenundzigarren.de\/Produkt\/pfeifen-mundstueck-polieren\/#primaryimage","url":"https:\/\/pfeifenundzigarren.de\/wp-content\/uploads\/2025\/04\/Sd4a5c77284194191bc3a86f44404228dJ.webp","contentUrl":"https:\/\/pfeifenundzigarren.de\/wp-content\/uploads\/2025\/04\/Sd4a5c77284194191bc3a86f44404228dJ.webp","width":800,"height":800,"caption":"Pfeifen Mundst\u00fcck Polieren"},{"@type":"BreadcrumbList","@id":"https:\/\/pfeifenundzigarren.de\/Produkt\/pfeifen-mundstueck-polieren\/#breadcrumb","itemListElement":[{"@type":"ListItem","position":1,"name":"Home","item":"https:\/\/lime-nightingale-562313.hostingersite.com\/"},{"@type":"ListItem","position":2,"name":"Shop","item":"https:\/\/lime-nightingale-562313.hostingersite.com\/shop\/"},{"@type":"ListItem","position":3,"name":"Pfeifen Mundst\u00fcck Polieren"}]},{"@type":"WebSite","@id":"https:\/\/lime-nightingale-562313.hostingersite.com\/#website","url":"https:\/\/lime-nightingale-562313.hostingersite.com\/","name":"La mejor tienda en l\u00ednea de pipas y accesorios para puros de Alemania","description":"","publisher":{"@id":"https:\/\/lime-nightingale-562313.hostingersite.com\/#organization"},"potentialAction":[{"@type":"SearchAction","target":{"@type":"EntryPoint","urlTemplate":"https:\/\/lime-nightingale-562313.hostingersite.com\/?s={search_term_string}"},"query-input":{"@type":"PropertyValueSpecification","valueRequired":true,"valueName":"search_term_string"}}],"inLanguage":"es"},{"@type":"Organization","@id":"https:\/\/lime-nightingale-562313.hostingersite.com\/#organization","name":"La mejor tienda en l\u00ednea de pipas y accesorios para puros de Alemania","url":"https:\/\/lime-nightingale-562313.hostingersite.com\/","logo":{"@type":"ImageObject","inLanguage":"es","@id":"https:\/\/lime-nightingale-562313.hostingersite.com\/#\/schema\/logo\/image\/","url":"https:\/\/pfeifenundzigarren.de\/wp-content\/uploads\/2024\/09\/cropped-Luxury-and-Vintage-Ornamental-Coffee-Shop-Logo.png","contentUrl":"https:\/\/pfeifenundzigarren.de\/wp-content\/uploads\/2024\/09\/cropped-Luxury-and-Vintage-Ornamental-Coffee-Shop-Logo.png","width":512,"height":512,"caption":"Der beste Onlineshop f\u00fcr Pfeifen und Zigarrenzubeh\u00f6r in Deutschland"},"image":{"@id":"https:\/\/lime-nightingale-562313.hostingersite.com\/#\/schema\/logo\/image\/"}}]}},"_links":{"self":[{"href":"https:\/\/pfeifenundzigarren.de\/es\/wp-json\/wp\/v2\/product\/6797","targetHints":{"allow":["GET"]}}],"collection":[{"href":"https:\/\/pfeifenundzigarren.de\/es\/wp-json\/wp\/v2\/product"}],"about":[{"href":"https:\/\/pfeifenundzigarren.de\/es\/wp-json\/wp\/v2\/types\/product"}],"replies":[{"embeddable":true,"href":"https:\/\/pfeifenundzigarren.de\/es\/wp-json\/wp\/v2\/comments?post=6797"}],"version-history":[{"count":0,"href":"https:\/\/pfeifenundzigarren.de\/es\/wp-json\/wp\/v2\/product\/6797\/revisions"}],"wp:featuredmedia":[{"embeddable":true,"href":"https:\/\/pfeifenundzigarren.de\/es\/wp-json\/wp\/v2\/media\/6826"}],"wp:attachment":[{"href":"https:\/\/pfeifenundzigarren.de\/es\/wp-json\/wp\/v2\/media?parent=6797"}],"wp:term":[{"taxonomy":"product_brand","embeddable":true,"href":"https:\/\/pfeifenundzigarren.de\/es\/wp-json\/wp\/v2\/product_brand?post=6797"},{"taxonomy":"product_cat","embeddable":true,"href":"https:\/\/pfeifenundzigarren.de\/es\/wp-json\/wp\/v2\/product_cat?post=6797"},{"taxonomy":"product_tag","embeddable":true,"href":"https:\/\/pfeifenundzigarren.de\/es\/wp-json\/wp\/v2\/product_tag?post=6797"}],"curies":[{"name":"wp","href":"https:\/\/api.w.org\/{rel}","templated":true}]}}