{"id":6433,"date":"2025-03-22T02:02:33","date_gmt":"2025-03-22T01:02:33","guid":{"rendered":"https:\/\/pfeifenundzigarren.de\/Produkt\/briar-pipes-handmade-solid-wood-wide-back-long-leg-mushroom-military-pipes-traditional-old-style-filter-mens-special-utensils\/"},"modified":"2025-03-22T03:33:34","modified_gmt":"2025-03-22T02:33:34","slug":"luxurioese-massgeschneiderte-pfeifen-in-deutschland","status":"publish","type":"product","link":"https:\/\/pfeifenundzigarren.de\/es\/Produkt\/luxurioese-massgeschneiderte-pfeifen-in-deutschland\/","title":{"rendered":"tuber\u00edas de lujo a medida en Alemania"},"content":{"rendered":"<div>\n<p class=\"break-words\">Nuestra <strong>lujosas pipas alemanas<\/strong> se fabrican con madera de brezo de la m\u00e1s alta calidad, que se extrae de la ra\u00edz del \u00e1rbol. Este material se caracteriza por su excelente resistencia al calor y su capacidad para filtrar el humo, ofreciendo a los fumadores una experiencia confortable.<\/p>\n<p class=\"break-words\">Pero lo que hace que estas pipas de lujo hechas a medida sean realmente \u00fanicas en Alemania es que son altamente personalizables. Si est\u00e1 empezando a fumar en pipa y desea un dise\u00f1o especialmente personalizado, puede ponerse en contacto con nosotros directamente. Tiene la libertad de elegir la forma, el tama\u00f1o y el acabado de su pipa o incluso incorporar sus propias ideas de dise\u00f1o personal. Ya sean iniciales, un logotipo o un s\u00edmbolo especial, fabricaremos su pipa exactamente seg\u00fan sus ideas. \u00bfQu\u00e9 podr\u00eda ser mejor? \u00a1Empecemos juntos! P\u00f3ngase en contacto con nosotros para personalizar su <a href=\"https:\/\/pfeifenundzigarren.de\/es\/\">Tuber\u00eda a medida<\/a> \u00a1dise\u00f1o!<\/p>\n<\/div>","protected":false},"excerpt":{"rendered":"<p>Nuestras lujosas pipas alemanas se fabrican con madera de brezo de la mejor calidad, que se extrae de la ra\u00edz del \u00e1rbol. Este material se caracteriza por<\/p>","protected":false},"featured_media":6440,"comment_status":"open","ping_status":"closed","template":"","meta":[],"product_brand":[],"product_cat":[70,74],"product_tag":[],"class_list":{"0":"post-6433","1":"product","2":"type-product","3":"status-publish","4":"has-post-thumbnail","6":"product_cat-pfeife","7":"product_cat-freehand-pfeifen","9":"first","10":"instock","11":"sale","12":"shipping-taxable","13":"purchasable","14":"product-type-variable","15":"wvs-archive-product-wrapper"},"yoast_head":"<!-- This site is optimized with the Yoast SEO Premium plugin v26.7 (Yoast SEO v27.4) - https:\/\/yoast.com\/product\/yoast-seo-premium-wordpress\/ -->\n<title>luxuri\u00f6se ma\u00dfgeschneiderte Pfeifen in Deutschland - Der beste Onlineshop f\u00fcr Pfeifen und Zigarrenzubeh\u00f6r in Deutschland<\/title>\n<meta name=\"robots\" content=\"index, follow, max-snippet:-1, max-image-preview:large, max-video-preview:-1\" \/>\n<link rel=\"canonical\" href=\"https:\/\/pfeifenundzigarren.de\/es\/Produkt\/luxurioese-massgeschneiderte-pfeifen-in-deutschland\/\" \/>\n<meta property=\"og:locale\" content=\"es_ES\" \/>\n<meta property=\"og:type\" content=\"article\" \/>\n<meta property=\"og:title\" content=\"luxuri\u00f6se ma\u00dfgeschneiderte Pfeifen in Deutschland\" \/>\n<meta property=\"og:description\" content=\"Unsere luxuri\u00f6sen deutschen Pfeifen bestehen aus hochwertigstem Bruy\u00e8re-Holz, das aus der Wurzel des Baumes gewonnen wird. Dieses Material zeichnet sich\" \/>\n<meta property=\"og:url\" content=\"https:\/\/pfeifenundzigarren.de\/es\/Produkt\/luxurioese-massgeschneiderte-pfeifen-in-deutschland\/\" \/>\n<meta property=\"og:site_name\" content=\"Der beste Onlineshop f\u00fcr Pfeifen und Zigarrenzubeh\u00f6r in Deutschland\" \/>\n<meta property=\"article:modified_time\" content=\"2025-03-22T02:33:34+00:00\" \/>\n<meta property=\"og:image\" content=\"https:\/\/pfeifenundzigarren.de\/wp-content\/uploads\/2025\/03\/O1CN01eE7KhE1X8Auq503YT_40012878.jpg\" \/>\n\t<meta property=\"og:image:width\" content=\"800\" \/>\n\t<meta property=\"og:image:height\" content=\"800\" \/>\n\t<meta property=\"og:image:type\" content=\"image\/jpeg\" \/>\n<meta name=\"twitter:card\" content=\"summary_large_image\" \/>\n<meta name=\"twitter:label1\" content=\"Tiempo de lectura\" \/>\n\t<meta name=\"twitter:data1\" content=\"1 minuto\" \/>\n<script type=\"application\/ld+json\" class=\"yoast-schema-graph\">{\"@context\":\"https:\\\/\\\/schema.org\",\"@graph\":[{\"@type\":\"WebPage\",\"@id\":\"https:\\\/\\\/pfeifenundzigarren.de\\\/Produkt\\\/luxurioese-massgeschneiderte-pfeifen-in-deutschland\\\/\",\"url\":\"https:\\\/\\\/pfeifenundzigarren.de\\\/Produkt\\\/luxurioese-massgeschneiderte-pfeifen-in-deutschland\\\/\",\"name\":\"luxuri\u00f6se ma\u00dfgeschneiderte Pfeifen in Deutschland - Der beste Onlineshop f\u00fcr Pfeifen und Zigarrenzubeh\u00f6r in Deutschland\",\"isPartOf\":{\"@id\":\"https:\\\/\\\/pfeifenundzigarren.de\\\/#website\"},\"primaryImageOfPage\":{\"@id\":\"https:\\\/\\\/pfeifenundzigarren.de\\\/Produkt\\\/luxurioese-massgeschneiderte-pfeifen-in-deutschland\\\/#primaryimage\"},\"image\":{\"@id\":\"https:\\\/\\\/pfeifenundzigarren.de\\\/Produkt\\\/luxurioese-massgeschneiderte-pfeifen-in-deutschland\\\/#primaryimage\"},\"thumbnailUrl\":\"https:\\\/\\\/pfeifenundzigarren.de\\\/wp-content\\\/uploads\\\/2025\\\/03\\\/O1CN01eE7KhE1X8Auq503YT_40012878.jpg\",\"datePublished\":\"2025-03-22T01:02:33+00:00\",\"dateModified\":\"2025-03-22T02:33:34+00:00\",\"breadcrumb\":{\"@id\":\"https:\\\/\\\/pfeifenundzigarren.de\\\/Produkt\\\/luxurioese-massgeschneiderte-pfeifen-in-deutschland\\\/#breadcrumb\"},\"inLanguage\":\"es\",\"potentialAction\":[{\"@type\":\"ReadAction\",\"target\":[\"https:\\\/\\\/pfeifenundzigarren.de\\\/Produkt\\\/luxurioese-massgeschneiderte-pfeifen-in-deutschland\\\/\"]}]},{\"@type\":\"ImageObject\",\"inLanguage\":\"es\",\"@id\":\"https:\\\/\\\/pfeifenundzigarren.de\\\/Produkt\\\/luxurioese-massgeschneiderte-pfeifen-in-deutschland\\\/#primaryimage\",\"url\":\"https:\\\/\\\/pfeifenundzigarren.de\\\/wp-content\\\/uploads\\\/2025\\\/03\\\/O1CN01eE7KhE1X8Auq503YT_40012878.jpg\",\"contentUrl\":\"https:\\\/\\\/pfeifenundzigarren.de\\\/wp-content\\\/uploads\\\/2025\\\/03\\\/O1CN01eE7KhE1X8Auq503YT_40012878.jpg\",\"width\":800,\"height\":800,\"caption\":\"luxuri\u00f6se ma\u00dfgeschneiderte Pfeifen in Deutschland\"},{\"@type\":\"BreadcrumbList\",\"@id\":\"https:\\\/\\\/pfeifenundzigarren.de\\\/Produkt\\\/luxurioese-massgeschneiderte-pfeifen-in-deutschland\\\/#breadcrumb\",\"itemListElement\":[{\"@type\":\"ListItem\",\"position\":1,\"name\":\"Home\",\"item\":\"https:\\\/\\\/pfeifenundzigarren.de\\\/\"},{\"@type\":\"ListItem\",\"position\":2,\"name\":\"Shop\",\"item\":\"https:\\\/\\\/pfeifenundzigarren.de\\\/shop\\\/\"},{\"@type\":\"ListItem\",\"position\":3,\"name\":\"luxuri\u00f6se ma\u00dfgeschneiderte Pfeifen in Deutschland\"}]},{\"@type\":\"WebSite\",\"@id\":\"https:\\\/\\\/pfeifenundzigarren.de\\\/#website\",\"url\":\"https:\\\/\\\/pfeifenundzigarren.de\\\/\",\"name\":\"Der beste Onlineshop f\u00fcr Pfeifen und Zigarrenzubeh\u00f6r in Deutschland\",\"description\":\"\",\"publisher\":{\"@id\":\"https:\\\/\\\/pfeifenundzigarren.de\\\/#organization\"},\"potentialAction\":[{\"@type\":\"SearchAction\",\"target\":{\"@type\":\"EntryPoint\",\"urlTemplate\":\"https:\\\/\\\/pfeifenundzigarren.de\\\/?s={search_term_string}\"},\"query-input\":{\"@type\":\"PropertyValueSpecification\",\"valueRequired\":true,\"valueName\":\"search_term_string\"}}],\"inLanguage\":\"es\"},{\"@type\":\"Organization\",\"@id\":\"https:\\\/\\\/pfeifenundzigarren.de\\\/#organization\",\"name\":\"Der beste Onlineshop f\u00fcr Pfeifen und Zigarrenzubeh\u00f6r in Deutschland\",\"url\":\"https:\\\/\\\/pfeifenundzigarren.de\\\/\",\"logo\":{\"@type\":\"ImageObject\",\"inLanguage\":\"es\",\"@id\":\"https:\\\/\\\/pfeifenundzigarren.de\\\/#\\\/schema\\\/logo\\\/image\\\/\",\"url\":\"https:\\\/\\\/pfeifenundzigarren.de\\\/wp-content\\\/uploads\\\/2024\\\/09\\\/cropped-Luxury-and-Vintage-Ornamental-Coffee-Shop-Logo.png\",\"contentUrl\":\"https:\\\/\\\/pfeifenundzigarren.de\\\/wp-content\\\/uploads\\\/2024\\\/09\\\/cropped-Luxury-and-Vintage-Ornamental-Coffee-Shop-Logo.png\",\"width\":512,\"height\":512,\"caption\":\"Der beste Onlineshop f\u00fcr Pfeifen und Zigarrenzubeh\u00f6r in Deutschland\"},\"image\":{\"@id\":\"https:\\\/\\\/pfeifenundzigarren.de\\\/#\\\/schema\\\/logo\\\/image\\\/\"}}]}<\/script>\n<!-- \/ Yoast SEO Premium plugin. -->","yoast_head_json":{"title":"luxuri\u00f6se ma\u00dfgeschneiderte Pfeifen in Deutschland - Der beste Onlineshop f\u00fcr Pfeifen und Zigarrenzubeh\u00f6r in Deutschland","robots":{"index":"index","follow":"follow","max-snippet":"max-snippet:-1","max-image-preview":"max-image-preview:large","max-video-preview":"max-video-preview:-1"},"canonical":"https:\/\/pfeifenundzigarren.de\/es\/Produkt\/luxurioese-massgeschneiderte-pfeifen-in-deutschland\/","og_locale":"es_ES","og_type":"article","og_title":"luxuri\u00f6se ma\u00dfgeschneiderte Pfeifen in Deutschland","og_description":"Unsere luxuri\u00f6sen deutschen Pfeifen bestehen aus hochwertigstem Bruy\u00e8re-Holz, das aus der Wurzel des Baumes gewonnen wird. Dieses Material zeichnet sich","og_url":"https:\/\/pfeifenundzigarren.de\/es\/Produkt\/luxurioese-massgeschneiderte-pfeifen-in-deutschland\/","og_site_name":"Der beste Onlineshop f\u00fcr Pfeifen und Zigarrenzubeh\u00f6r in Deutschland","article_modified_time":"2025-03-22T02:33:34+00:00","og_image":[{"width":800,"height":800,"url":"https:\/\/pfeifenundzigarren.de\/wp-content\/uploads\/2025\/03\/O1CN01eE7KhE1X8Auq503YT_40012878.jpg","type":"image\/jpeg"}],"twitter_card":"summary_large_image","twitter_misc":{"Tiempo de lectura":"1 minuto"},"schema":{"@context":"https:\/\/schema.org","@graph":[{"@type":"WebPage","@id":"https:\/\/pfeifenundzigarren.de\/Produkt\/luxurioese-massgeschneiderte-pfeifen-in-deutschland\/","url":"https:\/\/pfeifenundzigarren.de\/Produkt\/luxurioese-massgeschneiderte-pfeifen-in-deutschland\/","name":"luxuri\u00f6se ma\u00dfgeschneiderte Pfeifen in Deutschland - Der beste Onlineshop f\u00fcr Pfeifen und Zigarrenzubeh\u00f6r in Deutschland","isPartOf":{"@id":"https:\/\/pfeifenundzigarren.de\/#website"},"primaryImageOfPage":{"@id":"https:\/\/pfeifenundzigarren.de\/Produkt\/luxurioese-massgeschneiderte-pfeifen-in-deutschland\/#primaryimage"},"image":{"@id":"https:\/\/pfeifenundzigarren.de\/Produkt\/luxurioese-massgeschneiderte-pfeifen-in-deutschland\/#primaryimage"},"thumbnailUrl":"https:\/\/pfeifenundzigarren.de\/wp-content\/uploads\/2025\/03\/O1CN01eE7KhE1X8Auq503YT_40012878.jpg","datePublished":"2025-03-22T01:02:33+00:00","dateModified":"2025-03-22T02:33:34+00:00","breadcrumb":{"@id":"https:\/\/pfeifenundzigarren.de\/Produkt\/luxurioese-massgeschneiderte-pfeifen-in-deutschland\/#breadcrumb"},"inLanguage":"es","potentialAction":[{"@type":"ReadAction","target":["https:\/\/pfeifenundzigarren.de\/Produkt\/luxurioese-massgeschneiderte-pfeifen-in-deutschland\/"]}]},{"@type":"ImageObject","inLanguage":"es","@id":"https:\/\/pfeifenundzigarren.de\/Produkt\/luxurioese-massgeschneiderte-pfeifen-in-deutschland\/#primaryimage","url":"https:\/\/pfeifenundzigarren.de\/wp-content\/uploads\/2025\/03\/O1CN01eE7KhE1X8Auq503YT_40012878.jpg","contentUrl":"https:\/\/pfeifenundzigarren.de\/wp-content\/uploads\/2025\/03\/O1CN01eE7KhE1X8Auq503YT_40012878.jpg","width":800,"height":800,"caption":"luxuri\u00f6se ma\u00dfgeschneiderte Pfeifen in Deutschland"},{"@type":"BreadcrumbList","@id":"https:\/\/pfeifenundzigarren.de\/Produkt\/luxurioese-massgeschneiderte-pfeifen-in-deutschland\/#breadcrumb","itemListElement":[{"@type":"ListItem","position":1,"name":"Home","item":"https:\/\/pfeifenundzigarren.de\/"},{"@type":"ListItem","position":2,"name":"Shop","item":"https:\/\/pfeifenundzigarren.de\/shop\/"},{"@type":"ListItem","position":3,"name":"luxuri\u00f6se ma\u00dfgeschneiderte Pfeifen in Deutschland"}]},{"@type":"WebSite","@id":"https:\/\/pfeifenundzigarren.de\/#website","url":"https:\/\/pfeifenundzigarren.de\/","name":"La mejor tienda en l\u00ednea de pipas y accesorios para puros de Alemania","description":"","publisher":{"@id":"https:\/\/pfeifenundzigarren.de\/#organization"},"potentialAction":[{"@type":"SearchAction","target":{"@type":"EntryPoint","urlTemplate":"https:\/\/pfeifenundzigarren.de\/?s={search_term_string}"},"query-input":{"@type":"PropertyValueSpecification","valueRequired":true,"valueName":"search_term_string"}}],"inLanguage":"es"},{"@type":"Organization","@id":"https:\/\/pfeifenundzigarren.de\/#organization","name":"La mejor tienda en l\u00ednea de pipas y accesorios para puros de Alemania","url":"https:\/\/pfeifenundzigarren.de\/","logo":{"@type":"ImageObject","inLanguage":"es","@id":"https:\/\/pfeifenundzigarren.de\/#\/schema\/logo\/image\/","url":"https:\/\/pfeifenundzigarren.de\/wp-content\/uploads\/2024\/09\/cropped-Luxury-and-Vintage-Ornamental-Coffee-Shop-Logo.png","contentUrl":"https:\/\/pfeifenundzigarren.de\/wp-content\/uploads\/2024\/09\/cropped-Luxury-and-Vintage-Ornamental-Coffee-Shop-Logo.png","width":512,"height":512,"caption":"Der beste Onlineshop f\u00fcr Pfeifen und Zigarrenzubeh\u00f6r in Deutschland"},"image":{"@id":"https:\/\/pfeifenundzigarren.de\/#\/schema\/logo\/image\/"}}]}},"_links":{"self":[{"href":"https:\/\/pfeifenundzigarren.de\/es\/wp-json\/wp\/v2\/product\/6433","targetHints":{"allow":["GET"]}}],"collection":[{"href":"https:\/\/pfeifenundzigarren.de\/es\/wp-json\/wp\/v2\/product"}],"about":[{"href":"https:\/\/pfeifenundzigarren.de\/es\/wp-json\/wp\/v2\/types\/product"}],"replies":[{"embeddable":true,"href":"https:\/\/pfeifenundzigarren.de\/es\/wp-json\/wp\/v2\/comments?post=6433"}],"version-history":[{"count":0,"href":"https:\/\/pfeifenundzigarren.de\/es\/wp-json\/wp\/v2\/product\/6433\/revisions"}],"wp:featuredmedia":[{"embeddable":true,"href":"https:\/\/pfeifenundzigarren.de\/es\/wp-json\/wp\/v2\/media\/6440"}],"wp:attachment":[{"href":"https:\/\/pfeifenundzigarren.de\/es\/wp-json\/wp\/v2\/media?parent=6433"}],"wp:term":[{"taxonomy":"product_brand","embeddable":true,"href":"https:\/\/pfeifenundzigarren.de\/es\/wp-json\/wp\/v2\/product_brand?post=6433"},{"taxonomy":"product_cat","embeddable":true,"href":"https:\/\/pfeifenundzigarren.de\/es\/wp-json\/wp\/v2\/product_cat?post=6433"},{"taxonomy":"product_tag","embeddable":true,"href":"https:\/\/pfeifenundzigarren.de\/es\/wp-json\/wp\/v2\/product_tag?post=6433"}],"curies":[{"name":"wp","href":"https:\/\/api.w.org\/{rel}","templated":true}]}}