{"id":6339,"date":"2025-03-21T04:51:17","date_gmt":"2025-03-21T03:51:17","guid":{"rendered":"https:\/\/pfeifenundzigarren.de\/Produkt\/im-briar-judge-hammer-pipe-solid-wood-handmade-bucket-3mm-flue-filter-cumberland-mouthpiece-wood-pipe\/"},"modified":"2025-07-31T03:17:11","modified_gmt":"2025-07-31T01:17:11","slug":"qualitaets-pfeife","status":"publish","type":"product","link":"https:\/\/pfeifenundzigarren.de\/es\/Produkt\/qualitaets-pfeife\/","title":{"rendered":"Tuber\u00eda de calidad"},"content":{"rendered":"<p>El impulso del dise\u00f1o de este <strong>Tuber\u00eda de calidad<\/strong> tiene su origen en la cultura de la pipa en Gran Breta\u00f1a y Norteam\u00e9rica a finales del siglo XIX, cuando los artesanos empezaron a buscar utensilios de moda que pudieran mantenerse erguidos sobre un escritorio a medida que la era industrial aceleraba la vida cotidiana. La base plana es un desaf\u00edo deliberado, aunque sutil, a los arcos en voladizo de las cazoletas de pipa convencionales. <a href=\"https:\/\/pfeifenundzigarren.de\/es\/\">Tuber\u00edas<\/a> a menudo se consideraban el accesorio personal de un caballero, pero su dise\u00f1o \u00fanico requer\u00eda el uso de un soporte de pipa para colocarlas sobre la mesa. Es por eso que nuestro maestro pipa William ha combinado la base plana con exquisita artesan\u00eda alemana.<\/p>\n<p>William pule el <strong>Tuber\u00eda<\/strong> a mano con papel de lija fino y luego se aplica cera natural o aceite para conservar el vivo veteado. Este proceso puede durar horas. No se trata de un producto fabricado industrialmente, sino de un patrimonio caracterizado por la pasi\u00f3n de un artesano experimentado.<\/p>\n<p>Las l\u00edneas de la superficie de la pipa no son decorativas, sino que se crean por las propiedades naturales de los tub\u00e9rculos de ra\u00edz de brezo. Nuestro maestro de pipas William refuerza estos bordes y esquinas durante el proceso de moldeado libre de acuerdo con la estructura de la madera (por ejemplo, patr\u00f3n de llama o grano recto) para que el contorno poligonal destaque de forma natural. En comparaci\u00f3n con la forma redonda tradicional, este dise\u00f1o es visualmente m\u00e1s impresionante.<\/p>\n<p>La boquilla del<strong> pipa artesanal<\/strong> sigue siendo su elemento m\u00e1s llamativo. Principios de <a href=\"https:\/\/pfeifenundzigarren.de\/es\/produktkategorie\/pfeifen-zubehoer\/pfeifen-mundstueck\/\">Boquillas acr\u00edlicas <\/a>eran en su mayor\u00eda monocromos para garantizar su durabilidad. Sin embargo, los artesanos de Italia y Am\u00e9rica empezaron a introducir colores acr\u00edlicos brillantes y personalizados, y su \u00e9xito propici\u00f3 una mayor aceptaci\u00f3n. Siguiendo esta tradici\u00f3n, William eligi\u00f3 un acr\u00edlico vibrante y personalizado con motivos arremolinados; estos flujos armonizan con la textura de la madera de brezo y dan al <strong>Tuber\u00eda de calidad<\/strong> una est\u00e9tica uniforme.<\/p>","protected":false},"excerpt":{"rendered":"<p>Der Designimpuls dieser Qualit\u00e4tspfeife stammt aus der Pfeifenkultur Gro\u00dfbritanniens und Nordamerikas des sp\u00e4ten 19. Jahrhunderts, als Handwerker erstmals nach modischen<\/p>","protected":false},"featured_media":6351,"comment_status":"open","ping_status":"closed","template":"","meta":[],"product_brand":[],"product_cat":[70],"product_tag":[],"class_list":{"0":"post-6339","1":"product","2":"type-product","3":"status-publish","4":"has-post-thumbnail","6":"product_cat-pfeife","8":"first","9":"instock","10":"sale","11":"shipping-taxable","12":"purchasable","13":"product-type-variable","14":"wvs-archive-product-wrapper"},"yoast_head":"<!-- This site is optimized with the Yoast SEO Premium plugin v26.7 (Yoast SEO v27.4) - https:\/\/yoast.com\/product\/yoast-seo-premium-wordpress\/ -->\n<title>Qualit\u00e4ts Pfeife - Der beste Onlineshop f\u00fcr Pfeifen und Zigarrenzubeh\u00f6r in Deutschland<\/title>\n<meta name=\"robots\" content=\"index, follow, max-snippet:-1, max-image-preview:large, max-video-preview:-1\" \/>\n<link rel=\"canonical\" href=\"https:\/\/pfeifenundzigarren.de\/es\/Produkt\/qualitaets-pfeife\/\" \/>\n<meta property=\"og:locale\" content=\"es_ES\" \/>\n<meta property=\"og:type\" content=\"article\" \/>\n<meta property=\"og:title\" content=\"Qualit\u00e4ts Pfeife\" \/>\n<meta property=\"og:description\" content=\"Der Designimpuls dieser Qualit\u00e4tspfeife stammt aus der Pfeifenkultur Gro\u00dfbritanniens und Nordamerikas des sp\u00e4ten 19. Jahrhunderts, als Handwerker erstmals nach modischen\" \/>\n<meta property=\"og:url\" content=\"https:\/\/pfeifenundzigarren.de\/es\/Produkt\/qualitaets-pfeife\/\" \/>\n<meta property=\"og:site_name\" content=\"Der beste Onlineshop f\u00fcr Pfeifen und Zigarrenzubeh\u00f6r in Deutschland\" \/>\n<meta property=\"article:modified_time\" content=\"2025-07-31T01:17:11+00:00\" \/>\n<meta property=\"og:image\" content=\"https:\/\/pfeifenundzigarren.de\/wp-content\/uploads\/2025\/03\/O1CN01VMMnGf1uUpdw2S6Yf_2218239916041-0-cib.jpg\" \/>\n\t<meta property=\"og:image:width\" content=\"800\" \/>\n\t<meta property=\"og:image:height\" content=\"800\" \/>\n\t<meta property=\"og:image:type\" content=\"image\/jpeg\" \/>\n<meta name=\"twitter:card\" content=\"summary_large_image\" \/>\n<meta name=\"twitter:label1\" content=\"Tiempo de lectura\" \/>\n\t<meta name=\"twitter:data1\" content=\"1 minuto\" \/>\n<script type=\"application\/ld+json\" class=\"yoast-schema-graph\">{\"@context\":\"https:\\\/\\\/schema.org\",\"@graph\":[{\"@type\":\"WebPage\",\"@id\":\"https:\\\/\\\/pfeifenundzigarren.de\\\/Produkt\\\/qualitaets-pfeife\\\/\",\"url\":\"https:\\\/\\\/pfeifenundzigarren.de\\\/Produkt\\\/qualitaets-pfeife\\\/\",\"name\":\"Qualit\u00e4ts Pfeife - Der beste Onlineshop f\u00fcr Pfeifen und Zigarrenzubeh\u00f6r in Deutschland\",\"isPartOf\":{\"@id\":\"https:\\\/\\\/pfeifenundzigarren.de\\\/#website\"},\"primaryImageOfPage\":{\"@id\":\"https:\\\/\\\/pfeifenundzigarren.de\\\/Produkt\\\/qualitaets-pfeife\\\/#primaryimage\"},\"image\":{\"@id\":\"https:\\\/\\\/pfeifenundzigarren.de\\\/Produkt\\\/qualitaets-pfeife\\\/#primaryimage\"},\"thumbnailUrl\":\"https:\\\/\\\/pfeifenundzigarren.de\\\/wp-content\\\/uploads\\\/2025\\\/03\\\/O1CN01VMMnGf1uUpdw2S6Yf_2218239916041-0-cib.jpg\",\"datePublished\":\"2025-03-21T03:51:17+00:00\",\"dateModified\":\"2025-07-31T01:17:11+00:00\",\"breadcrumb\":{\"@id\":\"https:\\\/\\\/pfeifenundzigarren.de\\\/Produkt\\\/qualitaets-pfeife\\\/#breadcrumb\"},\"inLanguage\":\"es\",\"potentialAction\":[{\"@type\":\"ReadAction\",\"target\":[\"https:\\\/\\\/pfeifenundzigarren.de\\\/Produkt\\\/qualitaets-pfeife\\\/\"]}]},{\"@type\":\"ImageObject\",\"inLanguage\":\"es\",\"@id\":\"https:\\\/\\\/pfeifenundzigarren.de\\\/Produkt\\\/qualitaets-pfeife\\\/#primaryimage\",\"url\":\"https:\\\/\\\/pfeifenundzigarren.de\\\/wp-content\\\/uploads\\\/2025\\\/03\\\/O1CN01VMMnGf1uUpdw2S6Yf_2218239916041-0-cib.jpg\",\"contentUrl\":\"https:\\\/\\\/pfeifenundzigarren.de\\\/wp-content\\\/uploads\\\/2025\\\/03\\\/O1CN01VMMnGf1uUpdw2S6Yf_2218239916041-0-cib.jpg\",\"width\":800,\"height\":800,\"caption\":\"Qualit\u00e4ts Pfeife\"},{\"@type\":\"BreadcrumbList\",\"@id\":\"https:\\\/\\\/pfeifenundzigarren.de\\\/Produkt\\\/qualitaets-pfeife\\\/#breadcrumb\",\"itemListElement\":[{\"@type\":\"ListItem\",\"position\":1,\"name\":\"Home\",\"item\":\"https:\\\/\\\/pfeifenundzigarren.de\\\/\"},{\"@type\":\"ListItem\",\"position\":2,\"name\":\"Shop\",\"item\":\"https:\\\/\\\/pfeifenundzigarren.de\\\/shop\\\/\"},{\"@type\":\"ListItem\",\"position\":3,\"name\":\"Qualit\u00e4ts Pfeife\"}]},{\"@type\":\"WebSite\",\"@id\":\"https:\\\/\\\/pfeifenundzigarren.de\\\/#website\",\"url\":\"https:\\\/\\\/pfeifenundzigarren.de\\\/\",\"name\":\"Der beste Onlineshop f\u00fcr Pfeifen und Zigarrenzubeh\u00f6r in Deutschland\",\"description\":\"\",\"publisher\":{\"@id\":\"https:\\\/\\\/pfeifenundzigarren.de\\\/#organization\"},\"potentialAction\":[{\"@type\":\"SearchAction\",\"target\":{\"@type\":\"EntryPoint\",\"urlTemplate\":\"https:\\\/\\\/pfeifenundzigarren.de\\\/?s={search_term_string}\"},\"query-input\":{\"@type\":\"PropertyValueSpecification\",\"valueRequired\":true,\"valueName\":\"search_term_string\"}}],\"inLanguage\":\"es\"},{\"@type\":\"Organization\",\"@id\":\"https:\\\/\\\/pfeifenundzigarren.de\\\/#organization\",\"name\":\"Der beste Onlineshop f\u00fcr Pfeifen und Zigarrenzubeh\u00f6r in Deutschland\",\"url\":\"https:\\\/\\\/pfeifenundzigarren.de\\\/\",\"logo\":{\"@type\":\"ImageObject\",\"inLanguage\":\"es\",\"@id\":\"https:\\\/\\\/pfeifenundzigarren.de\\\/#\\\/schema\\\/logo\\\/image\\\/\",\"url\":\"https:\\\/\\\/pfeifenundzigarren.de\\\/wp-content\\\/uploads\\\/2024\\\/09\\\/cropped-Luxury-and-Vintage-Ornamental-Coffee-Shop-Logo.png\",\"contentUrl\":\"https:\\\/\\\/pfeifenundzigarren.de\\\/wp-content\\\/uploads\\\/2024\\\/09\\\/cropped-Luxury-and-Vintage-Ornamental-Coffee-Shop-Logo.png\",\"width\":512,\"height\":512,\"caption\":\"Der beste Onlineshop f\u00fcr Pfeifen und Zigarrenzubeh\u00f6r in Deutschland\"},\"image\":{\"@id\":\"https:\\\/\\\/pfeifenundzigarren.de\\\/#\\\/schema\\\/logo\\\/image\\\/\"}}]}<\/script>\n<!-- \/ Yoast SEO Premium plugin. -->","yoast_head_json":{"title":"Qualit\u00e4ts Pfeife - Der beste Onlineshop f\u00fcr Pfeifen und Zigarrenzubeh\u00f6r in Deutschland","robots":{"index":"index","follow":"follow","max-snippet":"max-snippet:-1","max-image-preview":"max-image-preview:large","max-video-preview":"max-video-preview:-1"},"canonical":"https:\/\/pfeifenundzigarren.de\/es\/Produkt\/qualitaets-pfeife\/","og_locale":"es_ES","og_type":"article","og_title":"Qualit\u00e4ts Pfeife","og_description":"Der Designimpuls dieser Qualit\u00e4tspfeife stammt aus der Pfeifenkultur Gro\u00dfbritanniens und Nordamerikas des sp\u00e4ten 19. Jahrhunderts, als Handwerker erstmals nach modischen","og_url":"https:\/\/pfeifenundzigarren.de\/es\/Produkt\/qualitaets-pfeife\/","og_site_name":"Der beste Onlineshop f\u00fcr Pfeifen und Zigarrenzubeh\u00f6r in Deutschland","article_modified_time":"2025-07-31T01:17:11+00:00","og_image":[{"width":800,"height":800,"url":"https:\/\/pfeifenundzigarren.de\/wp-content\/uploads\/2025\/03\/O1CN01VMMnGf1uUpdw2S6Yf_2218239916041-0-cib.jpg","type":"image\/jpeg"}],"twitter_card":"summary_large_image","twitter_misc":{"Tiempo de lectura":"1 minuto"},"schema":{"@context":"https:\/\/schema.org","@graph":[{"@type":"WebPage","@id":"https:\/\/pfeifenundzigarren.de\/Produkt\/qualitaets-pfeife\/","url":"https:\/\/pfeifenundzigarren.de\/Produkt\/qualitaets-pfeife\/","name":"Qualit\u00e4ts Pfeife - Der beste Onlineshop f\u00fcr Pfeifen und Zigarrenzubeh\u00f6r in Deutschland","isPartOf":{"@id":"https:\/\/pfeifenundzigarren.de\/#website"},"primaryImageOfPage":{"@id":"https:\/\/pfeifenundzigarren.de\/Produkt\/qualitaets-pfeife\/#primaryimage"},"image":{"@id":"https:\/\/pfeifenundzigarren.de\/Produkt\/qualitaets-pfeife\/#primaryimage"},"thumbnailUrl":"https:\/\/pfeifenundzigarren.de\/wp-content\/uploads\/2025\/03\/O1CN01VMMnGf1uUpdw2S6Yf_2218239916041-0-cib.jpg","datePublished":"2025-03-21T03:51:17+00:00","dateModified":"2025-07-31T01:17:11+00:00","breadcrumb":{"@id":"https:\/\/pfeifenundzigarren.de\/Produkt\/qualitaets-pfeife\/#breadcrumb"},"inLanguage":"es","potentialAction":[{"@type":"ReadAction","target":["https:\/\/pfeifenundzigarren.de\/Produkt\/qualitaets-pfeife\/"]}]},{"@type":"ImageObject","inLanguage":"es","@id":"https:\/\/pfeifenundzigarren.de\/Produkt\/qualitaets-pfeife\/#primaryimage","url":"https:\/\/pfeifenundzigarren.de\/wp-content\/uploads\/2025\/03\/O1CN01VMMnGf1uUpdw2S6Yf_2218239916041-0-cib.jpg","contentUrl":"https:\/\/pfeifenundzigarren.de\/wp-content\/uploads\/2025\/03\/O1CN01VMMnGf1uUpdw2S6Yf_2218239916041-0-cib.jpg","width":800,"height":800,"caption":"Qualit\u00e4ts Pfeife"},{"@type":"BreadcrumbList","@id":"https:\/\/pfeifenundzigarren.de\/Produkt\/qualitaets-pfeife\/#breadcrumb","itemListElement":[{"@type":"ListItem","position":1,"name":"Home","item":"https:\/\/pfeifenundzigarren.de\/"},{"@type":"ListItem","position":2,"name":"Shop","item":"https:\/\/pfeifenundzigarren.de\/shop\/"},{"@type":"ListItem","position":3,"name":"Qualit\u00e4ts Pfeife"}]},{"@type":"WebSite","@id":"https:\/\/pfeifenundzigarren.de\/#website","url":"https:\/\/pfeifenundzigarren.de\/","name":"La mejor tienda en l\u00ednea de pipas y accesorios para puros de Alemania","description":"","publisher":{"@id":"https:\/\/pfeifenundzigarren.de\/#organization"},"potentialAction":[{"@type":"SearchAction","target":{"@type":"EntryPoint","urlTemplate":"https:\/\/pfeifenundzigarren.de\/?s={search_term_string}"},"query-input":{"@type":"PropertyValueSpecification","valueRequired":true,"valueName":"search_term_string"}}],"inLanguage":"es"},{"@type":"Organization","@id":"https:\/\/pfeifenundzigarren.de\/#organization","name":"La mejor tienda en l\u00ednea de pipas y accesorios para puros de Alemania","url":"https:\/\/pfeifenundzigarren.de\/","logo":{"@type":"ImageObject","inLanguage":"es","@id":"https:\/\/pfeifenundzigarren.de\/#\/schema\/logo\/image\/","url":"https:\/\/pfeifenundzigarren.de\/wp-content\/uploads\/2024\/09\/cropped-Luxury-and-Vintage-Ornamental-Coffee-Shop-Logo.png","contentUrl":"https:\/\/pfeifenundzigarren.de\/wp-content\/uploads\/2024\/09\/cropped-Luxury-and-Vintage-Ornamental-Coffee-Shop-Logo.png","width":512,"height":512,"caption":"Der beste Onlineshop f\u00fcr Pfeifen und Zigarrenzubeh\u00f6r in Deutschland"},"image":{"@id":"https:\/\/pfeifenundzigarren.de\/#\/schema\/logo\/image\/"}}]}},"_links":{"self":[{"href":"https:\/\/pfeifenundzigarren.de\/es\/wp-json\/wp\/v2\/product\/6339","targetHints":{"allow":["GET"]}}],"collection":[{"href":"https:\/\/pfeifenundzigarren.de\/es\/wp-json\/wp\/v2\/product"}],"about":[{"href":"https:\/\/pfeifenundzigarren.de\/es\/wp-json\/wp\/v2\/types\/product"}],"replies":[{"embeddable":true,"href":"https:\/\/pfeifenundzigarren.de\/es\/wp-json\/wp\/v2\/comments?post=6339"}],"version-history":[{"count":0,"href":"https:\/\/pfeifenundzigarren.de\/es\/wp-json\/wp\/v2\/product\/6339\/revisions"}],"wp:featuredmedia":[{"embeddable":true,"href":"https:\/\/pfeifenundzigarren.de\/es\/wp-json\/wp\/v2\/media\/6351"}],"wp:attachment":[{"href":"https:\/\/pfeifenundzigarren.de\/es\/wp-json\/wp\/v2\/media?parent=6339"}],"wp:term":[{"taxonomy":"product_brand","embeddable":true,"href":"https:\/\/pfeifenundzigarren.de\/es\/wp-json\/wp\/v2\/product_brand?post=6339"},{"taxonomy":"product_cat","embeddable":true,"href":"https:\/\/pfeifenundzigarren.de\/es\/wp-json\/wp\/v2\/product_cat?post=6339"},{"taxonomy":"product_tag","embeddable":true,"href":"https:\/\/pfeifenundzigarren.de\/es\/wp-json\/wp\/v2\/product_tag?post=6339"}],"curies":[{"name":"wp","href":"https:\/\/api.w.org\/{rel}","templated":true}]}}