{"id":6251,"date":"2025-03-11T04:53:54","date_gmt":"2025-03-11T03:53:54","guid":{"rendered":"https:\/\/pfeifenundzigarren.de\/Produkt\/hammer-handgeschnitzte-pfeife\/"},"modified":"2025-03-14T08:13:47","modified_gmt":"2025-03-14T07:13:47","slug":"hammer-handgeschnitzte-pfeife","status":"publish","type":"product","link":"https:\/\/pfeifenundzigarren.de\/es\/Produkt\/hammer-handgeschnitzte-pfeife\/","title":{"rendered":"Pipa de martillo tallada a mano"},"content":{"rendered":"<p>Longitud del tubo 142 mm<\/p>\n<p>Altura de la cubeta 42 mm<\/p>\n<p>Profundidad de la cubeta 30 mm<\/p>\n<p>Di\u00e1metro interior de la cubeta 18 mm<\/p>\n<p>Di\u00e1metro exterior de la cubeta 29 mm<\/p>\n<p>Longitud de la boca del tubo 81 mm<\/p>\n<p>Conducto de humos 3 mm<\/p>\n<p>Estos\u00a0<strong>Pipa de martillo tallada a mano<\/strong>\u00a0es el resultado de a\u00f1os de experiencia de nuestro artesano William.<\/p>\n<p>Para dar forma a cada contorno de esta pipa utiliz\u00f3 un peque\u00f1o cuchillo de tallar y una herramienta rotativa Dremel. Insiste en hacerlo as\u00ed porque esta manualidad no s\u00f3lo confiere a la pipa una personalidad \u00fanica, sino que tambi\u00e9n garantiza una sensaci\u00f3n m\u00e1s c\u00f3moda al sostenerla.<\/p>\n<p>A diferencia de la mayor\u00eda de los fabricantes de pipas, nosotros adoptamos un enfoque diferente: favorecemos la producci\u00f3n de pipas hechas a mano. Por esta raz\u00f3n, estoy seguro de que m\u00e1s personas disfrutar\u00e1n de nuestras pipas en comparaci\u00f3n con las pipas hechas a m\u00e1quina.\u00a0<strong>Pipa de martillo tallada a mano<\/strong>\u00a0apreciar\u00e1n.<\/p>\n<p>Y debido a que utilizamos madera de brezo de alta calidad, el color de nuestra pipa de madera de brezo se intensificar\u00e1 gradualmente con el tiempo, lo cual es genial. Para ser honesto, he coleccionado muchas pipas finas, pero el dise\u00f1o y la artesan\u00eda del\u00a0<strong>Pipa de martillo tallada a mano<\/strong>\u00a0me hacen sentir satisfecho cada vez que los uso.<\/p>\n<p><img decoding=\"async\" src=\"https:\/\/ae01.alicdn.com\/kf\/S59e48b6c6c9e4dc1b350ed8a78713143K.jpg\" alt=\"\"><img decoding=\"async\" src=\"https:\/\/ae01.alicdn.com\/kf\/S973447a444ad495484064fc352d50bc6l.jpg\" alt=\"\"><img decoding=\"async\" src=\"https:\/\/ae01.alicdn.com\/kf\/S35b5ef1154d644b285083b4da486e44e7.jpg\" alt=\"\"><img decoding=\"async\" src=\"https:\/\/ae01.alicdn.com\/kf\/Sb094d96cac06431a89a05393bf5731293.jpg\" alt=\"\"><img decoding=\"async\" src=\"https:\/\/ae01.alicdn.com\/kf\/S946f805e98f4446bb333f064ea5c9060k.jpg\" alt=\"\"><img decoding=\"async\" src=\"https:\/\/ae01.alicdn.com\/kf\/Se0255f4368464f79b19602d35cef21ddP.jpg\" alt=\"\"><img decoding=\"async\" src=\"https:\/\/ae01.alicdn.com\/kf\/S53df37162d5e4b509ebab6dae301df7cm.jpg\" alt=\"\"><img decoding=\"async\" src=\"https:\/\/ae01.alicdn.com\/kf\/Sa655e6b32d854cb9a1d650e9eaab05f4Y.jpg\" alt=\"\"><img decoding=\"async\" src=\"https:\/\/ae01.alicdn.com\/kf\/S655da2de5e8d4c798c6ec67f78a8ef33v.jpg\" alt=\"\"><img decoding=\"async\" src=\"https:\/\/ae01.alicdn.com\/kf\/Sd260de7dcedb41b699af07f301a512300.jpg\" alt=\"\"><img decoding=\"async\" src=\"https:\/\/ae01.alicdn.com\/kf\/S80b67e3855f44f19882a8eebc3bcb4ede.jpg\" alt=\"\"><img decoding=\"async\" src=\"https:\/\/ae01.alicdn.com\/kf\/S03acb8a770be4a6594dda584db9b5818h.jpg\" alt=\"\"><img decoding=\"async\" src=\"https:\/\/ae01.alicdn.com\/kf\/S2fe3d7144c6040c193919929549888a0T.jpg\" alt=\"\"><\/p>","protected":false},"excerpt":{"rendered":"<p>Longitud del tubo 142 mm Altura de la cazoleta 42 mm Profundidad de la cazoleta 30 mm Di\u00e1metro interior de la cazoleta 18 mm Di\u00e1metro exterior de la cazoleta 29 mm Longitud de la boca del tubo<\/p>","protected":false},"featured_media":6252,"comment_status":"closed","ping_status":"closed","template":"","meta":[],"product_brand":[],"product_cat":[86,75],"product_tag":[],"class_list":{"0":"post-6251","1":"product","2":"type-product","3":"status-publish","4":"has-post-thumbnail","6":"product_cat-bruyere-pfeifen","7":"product_cat-holz-pfeife","9":"first","10":"instock","11":"sale","12":"shipping-taxable","13":"purchasable","14":"product-type-variable","15":"wvs-archive-product-wrapper"},"yoast_head":"<!-- This site is optimized with the Yoast SEO Premium plugin v26.7 (Yoast SEO v27.4) - https:\/\/yoast.com\/product\/yoast-seo-premium-wordpress\/ -->\n<title>Hammer handgeschnitzte Pfeife - Der beste Onlineshop f\u00fcr Pfeifen und Zigarrenzubeh\u00f6r in Deutschland<\/title>\n<meta name=\"robots\" content=\"index, follow, max-snippet:-1, max-image-preview:large, max-video-preview:-1\" \/>\n<link rel=\"canonical\" href=\"https:\/\/pfeifenundzigarren.de\/es\/Produkt\/hammer-handgeschnitzte-pfeife\/\" \/>\n<meta property=\"og:locale\" content=\"es_ES\" \/>\n<meta property=\"og:type\" content=\"article\" \/>\n<meta property=\"og:title\" content=\"Hammer handgeschnitzte Pfeife\" \/>\n<meta property=\"og:description\" content=\"Pipe length 142mm Bowl height 42mm Bowl depth 30mm Bowl inner diameter 18mm Bowl outer diameter 29mm Pipe mouth length\" \/>\n<meta property=\"og:url\" content=\"https:\/\/pfeifenundzigarren.de\/es\/Produkt\/hammer-handgeschnitzte-pfeife\/\" \/>\n<meta property=\"og:site_name\" content=\"Der beste Onlineshop f\u00fcr Pfeifen und Zigarrenzubeh\u00f6r in Deutschland\" \/>\n<meta property=\"article:modified_time\" content=\"2025-03-14T07:13:47+00:00\" \/>\n<meta property=\"og:image\" content=\"https:\/\/pfeifenundzigarren.de\/wp-content\/uploads\/2025\/03\/kf-S946f805e98f4446bb333f064ea5c9060k.webp\" \/>\n\t<meta property=\"og:image:width\" content=\"800\" \/>\n\t<meta property=\"og:image:height\" content=\"800\" \/>\n\t<meta property=\"og:image:type\" content=\"image\/webp\" \/>\n<meta name=\"twitter:card\" content=\"summary_large_image\" \/>\n<meta name=\"twitter:label1\" content=\"Tiempo de lectura\" \/>\n\t<meta name=\"twitter:data1\" content=\"1 minuto\" \/>\n<script type=\"application\/ld+json\" class=\"yoast-schema-graph\">{\"@context\":\"https:\\\/\\\/schema.org\",\"@graph\":[{\"@type\":\"WebPage\",\"@id\":\"https:\\\/\\\/pfeifenundzigarren.de\\\/Produkt\\\/hammer-handgeschnitzte-pfeife\\\/\",\"url\":\"https:\\\/\\\/pfeifenundzigarren.de\\\/Produkt\\\/hammer-handgeschnitzte-pfeife\\\/\",\"name\":\"Hammer handgeschnitzte Pfeife - Der beste Onlineshop f\u00fcr Pfeifen und Zigarrenzubeh\u00f6r in Deutschland\",\"isPartOf\":{\"@id\":\"https:\\\/\\\/pfeifenundzigarren.de\\\/#website\"},\"primaryImageOfPage\":{\"@id\":\"https:\\\/\\\/pfeifenundzigarren.de\\\/Produkt\\\/hammer-handgeschnitzte-pfeife\\\/#primaryimage\"},\"image\":{\"@id\":\"https:\\\/\\\/pfeifenundzigarren.de\\\/Produkt\\\/hammer-handgeschnitzte-pfeife\\\/#primaryimage\"},\"thumbnailUrl\":\"https:\\\/\\\/pfeifenundzigarren.de\\\/wp-content\\\/uploads\\\/2025\\\/03\\\/kf-S946f805e98f4446bb333f064ea5c9060k.webp\",\"datePublished\":\"2025-03-11T03:53:54+00:00\",\"dateModified\":\"2025-03-14T07:13:47+00:00\",\"breadcrumb\":{\"@id\":\"https:\\\/\\\/pfeifenundzigarren.de\\\/Produkt\\\/hammer-handgeschnitzte-pfeife\\\/#breadcrumb\"},\"inLanguage\":\"es\",\"potentialAction\":[{\"@type\":\"ReadAction\",\"target\":[\"https:\\\/\\\/pfeifenundzigarren.de\\\/Produkt\\\/hammer-handgeschnitzte-pfeife\\\/\"]}]},{\"@type\":\"ImageObject\",\"inLanguage\":\"es\",\"@id\":\"https:\\\/\\\/pfeifenundzigarren.de\\\/Produkt\\\/hammer-handgeschnitzte-pfeife\\\/#primaryimage\",\"url\":\"https:\\\/\\\/pfeifenundzigarren.de\\\/wp-content\\\/uploads\\\/2025\\\/03\\\/kf-S946f805e98f4446bb333f064ea5c9060k.webp\",\"contentUrl\":\"https:\\\/\\\/pfeifenundzigarren.de\\\/wp-content\\\/uploads\\\/2025\\\/03\\\/kf-S946f805e98f4446bb333f064ea5c9060k.webp\",\"width\":800,\"height\":800},{\"@type\":\"BreadcrumbList\",\"@id\":\"https:\\\/\\\/pfeifenundzigarren.de\\\/Produkt\\\/hammer-handgeschnitzte-pfeife\\\/#breadcrumb\",\"itemListElement\":[{\"@type\":\"ListItem\",\"position\":1,\"name\":\"Home\",\"item\":\"https:\\\/\\\/pfeifenundzigarren.de\\\/\"},{\"@type\":\"ListItem\",\"position\":2,\"name\":\"Shop\",\"item\":\"https:\\\/\\\/pfeifenundzigarren.de\\\/shop\\\/\"},{\"@type\":\"ListItem\",\"position\":3,\"name\":\"Hammer handgeschnitzte Pfeife\"}]},{\"@type\":\"WebSite\",\"@id\":\"https:\\\/\\\/pfeifenundzigarren.de\\\/#website\",\"url\":\"https:\\\/\\\/pfeifenundzigarren.de\\\/\",\"name\":\"Der beste Onlineshop f\u00fcr Pfeifen und Zigarrenzubeh\u00f6r in Deutschland\",\"description\":\"\",\"publisher\":{\"@id\":\"https:\\\/\\\/pfeifenundzigarren.de\\\/#organization\"},\"potentialAction\":[{\"@type\":\"SearchAction\",\"target\":{\"@type\":\"EntryPoint\",\"urlTemplate\":\"https:\\\/\\\/pfeifenundzigarren.de\\\/?s={search_term_string}\"},\"query-input\":{\"@type\":\"PropertyValueSpecification\",\"valueRequired\":true,\"valueName\":\"search_term_string\"}}],\"inLanguage\":\"es\"},{\"@type\":\"Organization\",\"@id\":\"https:\\\/\\\/pfeifenundzigarren.de\\\/#organization\",\"name\":\"Der beste Onlineshop f\u00fcr Pfeifen und Zigarrenzubeh\u00f6r in Deutschland\",\"url\":\"https:\\\/\\\/pfeifenundzigarren.de\\\/\",\"logo\":{\"@type\":\"ImageObject\",\"inLanguage\":\"es\",\"@id\":\"https:\\\/\\\/pfeifenundzigarren.de\\\/#\\\/schema\\\/logo\\\/image\\\/\",\"url\":\"https:\\\/\\\/pfeifenundzigarren.de\\\/wp-content\\\/uploads\\\/2024\\\/09\\\/cropped-Luxury-and-Vintage-Ornamental-Coffee-Shop-Logo.png\",\"contentUrl\":\"https:\\\/\\\/pfeifenundzigarren.de\\\/wp-content\\\/uploads\\\/2024\\\/09\\\/cropped-Luxury-and-Vintage-Ornamental-Coffee-Shop-Logo.png\",\"width\":512,\"height\":512,\"caption\":\"Der beste Onlineshop f\u00fcr Pfeifen und Zigarrenzubeh\u00f6r in Deutschland\"},\"image\":{\"@id\":\"https:\\\/\\\/pfeifenundzigarren.de\\\/#\\\/schema\\\/logo\\\/image\\\/\"}}]}<\/script>\n<!-- \/ Yoast SEO Premium plugin. -->","yoast_head_json":{"title":"Hammer handgeschnitzte Pfeife - Der beste Onlineshop f\u00fcr Pfeifen und Zigarrenzubeh\u00f6r in Deutschland","robots":{"index":"index","follow":"follow","max-snippet":"max-snippet:-1","max-image-preview":"max-image-preview:large","max-video-preview":"max-video-preview:-1"},"canonical":"https:\/\/pfeifenundzigarren.de\/es\/Produkt\/hammer-handgeschnitzte-pfeife\/","og_locale":"es_ES","og_type":"article","og_title":"Hammer handgeschnitzte Pfeife","og_description":"Pipe length 142mm Bowl height 42mm Bowl depth 30mm Bowl inner diameter 18mm Bowl outer diameter 29mm Pipe mouth length","og_url":"https:\/\/pfeifenundzigarren.de\/es\/Produkt\/hammer-handgeschnitzte-pfeife\/","og_site_name":"Der beste Onlineshop f\u00fcr Pfeifen und Zigarrenzubeh\u00f6r in Deutschland","article_modified_time":"2025-03-14T07:13:47+00:00","og_image":[{"width":800,"height":800,"url":"https:\/\/pfeifenundzigarren.de\/wp-content\/uploads\/2025\/03\/kf-S946f805e98f4446bb333f064ea5c9060k.webp","type":"image\/webp"}],"twitter_card":"summary_large_image","twitter_misc":{"Tiempo de lectura":"1 minuto"},"schema":{"@context":"https:\/\/schema.org","@graph":[{"@type":"WebPage","@id":"https:\/\/pfeifenundzigarren.de\/Produkt\/hammer-handgeschnitzte-pfeife\/","url":"https:\/\/pfeifenundzigarren.de\/Produkt\/hammer-handgeschnitzte-pfeife\/","name":"Hammer handgeschnitzte Pfeife - Der beste Onlineshop f\u00fcr Pfeifen und Zigarrenzubeh\u00f6r in Deutschland","isPartOf":{"@id":"https:\/\/pfeifenundzigarren.de\/#website"},"primaryImageOfPage":{"@id":"https:\/\/pfeifenundzigarren.de\/Produkt\/hammer-handgeschnitzte-pfeife\/#primaryimage"},"image":{"@id":"https:\/\/pfeifenundzigarren.de\/Produkt\/hammer-handgeschnitzte-pfeife\/#primaryimage"},"thumbnailUrl":"https:\/\/pfeifenundzigarren.de\/wp-content\/uploads\/2025\/03\/kf-S946f805e98f4446bb333f064ea5c9060k.webp","datePublished":"2025-03-11T03:53:54+00:00","dateModified":"2025-03-14T07:13:47+00:00","breadcrumb":{"@id":"https:\/\/pfeifenundzigarren.de\/Produkt\/hammer-handgeschnitzte-pfeife\/#breadcrumb"},"inLanguage":"es","potentialAction":[{"@type":"ReadAction","target":["https:\/\/pfeifenundzigarren.de\/Produkt\/hammer-handgeschnitzte-pfeife\/"]}]},{"@type":"ImageObject","inLanguage":"es","@id":"https:\/\/pfeifenundzigarren.de\/Produkt\/hammer-handgeschnitzte-pfeife\/#primaryimage","url":"https:\/\/pfeifenundzigarren.de\/wp-content\/uploads\/2025\/03\/kf-S946f805e98f4446bb333f064ea5c9060k.webp","contentUrl":"https:\/\/pfeifenundzigarren.de\/wp-content\/uploads\/2025\/03\/kf-S946f805e98f4446bb333f064ea5c9060k.webp","width":800,"height":800},{"@type":"BreadcrumbList","@id":"https:\/\/pfeifenundzigarren.de\/Produkt\/hammer-handgeschnitzte-pfeife\/#breadcrumb","itemListElement":[{"@type":"ListItem","position":1,"name":"Home","item":"https:\/\/pfeifenundzigarren.de\/"},{"@type":"ListItem","position":2,"name":"Shop","item":"https:\/\/pfeifenundzigarren.de\/shop\/"},{"@type":"ListItem","position":3,"name":"Hammer handgeschnitzte Pfeife"}]},{"@type":"WebSite","@id":"https:\/\/pfeifenundzigarren.de\/#website","url":"https:\/\/pfeifenundzigarren.de\/","name":"La mejor tienda en l\u00ednea de pipas y accesorios para puros de Alemania","description":"","publisher":{"@id":"https:\/\/pfeifenundzigarren.de\/#organization"},"potentialAction":[{"@type":"SearchAction","target":{"@type":"EntryPoint","urlTemplate":"https:\/\/pfeifenundzigarren.de\/?s={search_term_string}"},"query-input":{"@type":"PropertyValueSpecification","valueRequired":true,"valueName":"search_term_string"}}],"inLanguage":"es"},{"@type":"Organization","@id":"https:\/\/pfeifenundzigarren.de\/#organization","name":"La mejor tienda en l\u00ednea de pipas y accesorios para puros de Alemania","url":"https:\/\/pfeifenundzigarren.de\/","logo":{"@type":"ImageObject","inLanguage":"es","@id":"https:\/\/pfeifenundzigarren.de\/#\/schema\/logo\/image\/","url":"https:\/\/pfeifenundzigarren.de\/wp-content\/uploads\/2024\/09\/cropped-Luxury-and-Vintage-Ornamental-Coffee-Shop-Logo.png","contentUrl":"https:\/\/pfeifenundzigarren.de\/wp-content\/uploads\/2024\/09\/cropped-Luxury-and-Vintage-Ornamental-Coffee-Shop-Logo.png","width":512,"height":512,"caption":"Der beste Onlineshop f\u00fcr Pfeifen und Zigarrenzubeh\u00f6r in Deutschland"},"image":{"@id":"https:\/\/pfeifenundzigarren.de\/#\/schema\/logo\/image\/"}}]}},"_links":{"self":[{"href":"https:\/\/pfeifenundzigarren.de\/es\/wp-json\/wp\/v2\/product\/6251","targetHints":{"allow":["GET"]}}],"collection":[{"href":"https:\/\/pfeifenundzigarren.de\/es\/wp-json\/wp\/v2\/product"}],"about":[{"href":"https:\/\/pfeifenundzigarren.de\/es\/wp-json\/wp\/v2\/types\/product"}],"replies":[{"embeddable":true,"href":"https:\/\/pfeifenundzigarren.de\/es\/wp-json\/wp\/v2\/comments?post=6251"}],"version-history":[{"count":0,"href":"https:\/\/pfeifenundzigarren.de\/es\/wp-json\/wp\/v2\/product\/6251\/revisions"}],"wp:featuredmedia":[{"embeddable":true,"href":"https:\/\/pfeifenundzigarren.de\/es\/wp-json\/wp\/v2\/media\/6252"}],"wp:attachment":[{"href":"https:\/\/pfeifenundzigarren.de\/es\/wp-json\/wp\/v2\/media?parent=6251"}],"wp:term":[{"taxonomy":"product_brand","embeddable":true,"href":"https:\/\/pfeifenundzigarren.de\/es\/wp-json\/wp\/v2\/product_brand?post=6251"},{"taxonomy":"product_cat","embeddable":true,"href":"https:\/\/pfeifenundzigarren.de\/es\/wp-json\/wp\/v2\/product_cat?post=6251"},{"taxonomy":"product_tag","embeddable":true,"href":"https:\/\/pfeifenundzigarren.de\/es\/wp-json\/wp\/v2\/product_tag?post=6251"}],"curies":[{"name":"wp","href":"https:\/\/api.w.org\/{rel}","templated":true}]}}