{"id":6223,"date":"2025-03-07T09:52:52","date_gmt":"2025-03-07T08:52:52","guid":{"rendered":"https:\/\/pfeifenundzigarren.de\/Produkt\/traditionelle-herren-bruyere-pfeifen\/"},"modified":"2025-03-14T10:00:49","modified_gmt":"2025-03-14T09:00:49","slug":"traditionelle-herren-bruyere-pfeifen","status":"publish","type":"product","link":"https:\/\/pfeifenundzigarren.de\/es\/Produkt\/traditionelle-herren-bruyere-pfeifen\/","title":{"rendered":"Pipas tradicionales de brezo para hombre"},"content":{"rendered":"<div class=\"product-specs-list-container\">\n<p>Creo que todo caballero deber\u00eda tener una <strong>Pipa de brezo para hombre<\/strong> que sin duda gozar\u00eda de buena reputaci\u00f3n en los foros de pipas. Bueno, eso es s\u00f3lo una nota al margen. Perm\u00edtanme ahora presentar oficialmente nuestra<strong> Pipa tradicional de brezo para hombre<\/strong> introducir. Su dise\u00f1o sencillo y elegante es muy popular en nuestro sitio web.<\/p>\n<\/div>\n<p>El dise\u00f1o especial de la c\u00e1mara interior y las propiedades de absorci\u00f3n de humedad de la madera de brezo reducen eficazmente la humedad y los gorgoteos al fumar. Combinada con la boquilla larga roja, la pipa da un estilo retro perfecto que es ideal para el estilo de vestir de un caballero - tanto si lleva traje como algo m\u00e1s informal, le garantizamos que quedar\u00e1 bien con ella.<\/p>\n<p>Esta pipa ha sido pulida varias veces durante su fabricaci\u00f3n, lo que confiere a su superficie una textura suave como la seda y un c\u00e1lido brillo. Cuando la tenga en la mano, \u00a1sin duda le entusiasmar\u00e1 el doble!<\/p>\n<p>En la parte delantera, una cazoleta fuerte y llena se alza sobre un pie de pipa elevado que forma una pared gruesa y se ensancha hacia arriba para formar un borde de pipa ancho y redondeado. Vista de lado, la junta est\u00e1 casi al mismo nivel que la parte superior de la cazoleta, lo que crea un equilibrio sim\u00e9trico entre los dos extremos y acent\u00faa el espacio por encima de la transici\u00f3n.<\/p>\n<p>La superficie c\u00e1lida y lisa acent\u00faa a la perfecci\u00f3n la incre\u00edble riqueza del veteado de la madera de brezo. Si le gusta este <strong> Pipa tradicional de brezo para hombre <\/strong>seguro que estar\u00e1s a\u00fan m\u00e1s entusiasmado que yo.<\/p>\n<p>Por supuesto, me gustar\u00eda se\u00f1alar aqu\u00ed que la \"torta de pipa\" (residuo de tabaco) puede mejorar la experiencia de fumar si est\u00e1 presente con moderaci\u00f3n. Por lo general, recomiendo que el grosor de la torta de pipa no sea superior a 1\/16 de pulgada (aproximadamente 1,5 mm). Por eso me encanta dar forma a una torta de pipa antes de usarla. Aunque no siempre lo haga, cuando lo hago, \u00a1s\u00e9 que va a ser un buen d\u00eda!<\/p>\n<p>&nbsp;<\/p>\n<p><img decoding=\"async\" src=\"https:\/\/ae01.alicdn.com\/kf\/S6c0e71ede1f44ea2816d4cbee1aab47d3.jpg\" alt=\"\"><img decoding=\"async\" src=\"https:\/\/ae01.alicdn.com\/kf\/Sea55747bcbcb4450bbb0c1e4ae155258p.jpg\" alt=\"\"><img decoding=\"async\" src=\"https:\/\/ae01.alicdn.com\/kf\/S860c334b5c5942f0ba444165da850b0bX.jpg\" alt=\"\"><img decoding=\"async\" src=\"https:\/\/ae01.alicdn.com\/kf\/Sc6d7568eaab04e56bf6058c76a2607dbh.jpg\" alt=\"\"><img decoding=\"async\" src=\"https:\/\/ae01.alicdn.com\/kf\/Sd1af772c2e4447f98914001d8690c2bcZ.jpg\" alt=\"\"><img decoding=\"async\" src=\"https:\/\/ae01.alicdn.com\/kf\/Sa387f78c774d42c3b6f10d5452480154d.jpg\" alt=\"\"><img decoding=\"async\" src=\"https:\/\/ae01.alicdn.com\/kf\/S4d594107e9d5407a91e0fbcd23724d581.jpg\" alt=\"\"><img decoding=\"async\" src=\"https:\/\/ae01.alicdn.com\/kf\/Sf74c93a1632d4c868cf031997ab87a05S.jpg\" alt=\"\"><\/p>","protected":false},"excerpt":{"rendered":"<p>Creo que todo caballero deber\u00eda poseer una pipa de brezo de caballero, que sin duda gozar\u00eda de buena reputaci\u00f3n en los foros de pipas. Pero bueno,<\/p>","protected":false},"featured_media":6224,"comment_status":"closed","ping_status":"closed","template":"","meta":[],"product_brand":[],"product_cat":[86],"product_tag":[],"class_list":{"0":"post-6223","1":"product","2":"type-product","3":"status-publish","4":"has-post-thumbnail","6":"product_cat-bruyere-pfeifen","8":"first","9":"instock","10":"sale","11":"shipping-taxable","12":"purchasable","13":"product-type-simple"},"yoast_head":"<!-- This site is optimized with the Yoast SEO Premium plugin v26.7 (Yoast SEO v27.4) - https:\/\/yoast.com\/product\/yoast-seo-premium-wordpress\/ -->\n<title>Traditionelle Herren Bruy\u00e8re Pfeifen - Der beste Onlineshop f\u00fcr Pfeifen und Zigarrenzubeh\u00f6r in Deutschland<\/title>\n<meta name=\"robots\" content=\"index, follow, max-snippet:-1, max-image-preview:large, max-video-preview:-1\" \/>\n<link rel=\"canonical\" href=\"https:\/\/pfeifenundzigarren.de\/es\/Produkt\/traditionelle-herren-bruyere-pfeifen\/\" \/>\n<meta property=\"og:locale\" content=\"es_ES\" \/>\n<meta property=\"og:type\" content=\"article\" \/>\n<meta property=\"og:title\" content=\"Traditionelle Herren Bruy\u00e8re Pfeifen\" \/>\n<meta property=\"og:description\" content=\"Ich denke, dass jeder Gentleman einen Herren-Bruy\u00e8re-Pfeife besitzen sollte, die sicherlich in Pfeifenforen ein gutes Ansehen genie\u00dfen w\u00fcrde. Nun gut,\" \/>\n<meta property=\"og:url\" content=\"https:\/\/pfeifenundzigarren.de\/es\/Produkt\/traditionelle-herren-bruyere-pfeifen\/\" \/>\n<meta property=\"og:site_name\" content=\"Der beste Onlineshop f\u00fcr Pfeifen und Zigarrenzubeh\u00f6r in Deutschland\" \/>\n<meta property=\"article:modified_time\" content=\"2025-03-14T09:00:49+00:00\" \/>\n<meta property=\"og:image\" content=\"https:\/\/pfeifenundzigarren.de\/wp-content\/uploads\/2025\/03\/kf-S6c0e71ede1f44ea2816d4cbee1aab47d3.webp\" \/>\n\t<meta property=\"og:image:width\" content=\"800\" \/>\n\t<meta property=\"og:image:height\" content=\"800\" \/>\n\t<meta property=\"og:image:type\" content=\"image\/webp\" \/>\n<meta name=\"twitter:card\" content=\"summary_large_image\" \/>\n<meta name=\"twitter:label1\" content=\"Tiempo de lectura\" \/>\n\t<meta name=\"twitter:data1\" content=\"2 minutos\" \/>\n<script type=\"application\/ld+json\" class=\"yoast-schema-graph\">{\"@context\":\"https:\\\/\\\/schema.org\",\"@graph\":[{\"@type\":\"WebPage\",\"@id\":\"https:\\\/\\\/pfeifenundzigarren.de\\\/Produkt\\\/traditionelle-herren-bruyere-pfeifen\\\/\",\"url\":\"https:\\\/\\\/pfeifenundzigarren.de\\\/Produkt\\\/traditionelle-herren-bruyere-pfeifen\\\/\",\"name\":\"Traditionelle Herren Bruy\u00e8re Pfeifen - Der beste Onlineshop f\u00fcr Pfeifen und Zigarrenzubeh\u00f6r in Deutschland\",\"isPartOf\":{\"@id\":\"https:\\\/\\\/pfeifenundzigarren.de\\\/#website\"},\"primaryImageOfPage\":{\"@id\":\"https:\\\/\\\/pfeifenundzigarren.de\\\/Produkt\\\/traditionelle-herren-bruyere-pfeifen\\\/#primaryimage\"},\"image\":{\"@id\":\"https:\\\/\\\/pfeifenundzigarren.de\\\/Produkt\\\/traditionelle-herren-bruyere-pfeifen\\\/#primaryimage\"},\"thumbnailUrl\":\"https:\\\/\\\/pfeifenundzigarren.de\\\/wp-content\\\/uploads\\\/2025\\\/03\\\/kf-S6c0e71ede1f44ea2816d4cbee1aab47d3.webp\",\"datePublished\":\"2025-03-07T08:52:52+00:00\",\"dateModified\":\"2025-03-14T09:00:49+00:00\",\"breadcrumb\":{\"@id\":\"https:\\\/\\\/pfeifenundzigarren.de\\\/Produkt\\\/traditionelle-herren-bruyere-pfeifen\\\/#breadcrumb\"},\"inLanguage\":\"es\",\"potentialAction\":[{\"@type\":\"ReadAction\",\"target\":[\"https:\\\/\\\/pfeifenundzigarren.de\\\/Produkt\\\/traditionelle-herren-bruyere-pfeifen\\\/\"]}]},{\"@type\":\"ImageObject\",\"inLanguage\":\"es\",\"@id\":\"https:\\\/\\\/pfeifenundzigarren.de\\\/Produkt\\\/traditionelle-herren-bruyere-pfeifen\\\/#primaryimage\",\"url\":\"https:\\\/\\\/pfeifenundzigarren.de\\\/wp-content\\\/uploads\\\/2025\\\/03\\\/kf-S6c0e71ede1f44ea2816d4cbee1aab47d3.webp\",\"contentUrl\":\"https:\\\/\\\/pfeifenundzigarren.de\\\/wp-content\\\/uploads\\\/2025\\\/03\\\/kf-S6c0e71ede1f44ea2816d4cbee1aab47d3.webp\",\"width\":800,\"height\":800,\"caption\":\"Traditionelle Herren Bruy\u00e8re Pfeifen\"},{\"@type\":\"BreadcrumbList\",\"@id\":\"https:\\\/\\\/pfeifenundzigarren.de\\\/Produkt\\\/traditionelle-herren-bruyere-pfeifen\\\/#breadcrumb\",\"itemListElement\":[{\"@type\":\"ListItem\",\"position\":1,\"name\":\"Home\",\"item\":\"https:\\\/\\\/pfeifenundzigarren.de\\\/\"},{\"@type\":\"ListItem\",\"position\":2,\"name\":\"Shop\",\"item\":\"https:\\\/\\\/pfeifenundzigarren.de\\\/shop\\\/\"},{\"@type\":\"ListItem\",\"position\":3,\"name\":\"Traditionelle Herren Bruy\u00e8re Pfeifen\"}]},{\"@type\":\"WebSite\",\"@id\":\"https:\\\/\\\/pfeifenundzigarren.de\\\/#website\",\"url\":\"https:\\\/\\\/pfeifenundzigarren.de\\\/\",\"name\":\"Der beste Onlineshop f\u00fcr Pfeifen und Zigarrenzubeh\u00f6r in Deutschland\",\"description\":\"\",\"publisher\":{\"@id\":\"https:\\\/\\\/pfeifenundzigarren.de\\\/#organization\"},\"potentialAction\":[{\"@type\":\"SearchAction\",\"target\":{\"@type\":\"EntryPoint\",\"urlTemplate\":\"https:\\\/\\\/pfeifenundzigarren.de\\\/?s={search_term_string}\"},\"query-input\":{\"@type\":\"PropertyValueSpecification\",\"valueRequired\":true,\"valueName\":\"search_term_string\"}}],\"inLanguage\":\"es\"},{\"@type\":\"Organization\",\"@id\":\"https:\\\/\\\/pfeifenundzigarren.de\\\/#organization\",\"name\":\"Der beste Onlineshop f\u00fcr Pfeifen und Zigarrenzubeh\u00f6r in Deutschland\",\"url\":\"https:\\\/\\\/pfeifenundzigarren.de\\\/\",\"logo\":{\"@type\":\"ImageObject\",\"inLanguage\":\"es\",\"@id\":\"https:\\\/\\\/pfeifenundzigarren.de\\\/#\\\/schema\\\/logo\\\/image\\\/\",\"url\":\"https:\\\/\\\/pfeifenundzigarren.de\\\/wp-content\\\/uploads\\\/2024\\\/09\\\/cropped-Luxury-and-Vintage-Ornamental-Coffee-Shop-Logo.png\",\"contentUrl\":\"https:\\\/\\\/pfeifenundzigarren.de\\\/wp-content\\\/uploads\\\/2024\\\/09\\\/cropped-Luxury-and-Vintage-Ornamental-Coffee-Shop-Logo.png\",\"width\":512,\"height\":512,\"caption\":\"Der beste Onlineshop f\u00fcr Pfeifen und Zigarrenzubeh\u00f6r in Deutschland\"},\"image\":{\"@id\":\"https:\\\/\\\/pfeifenundzigarren.de\\\/#\\\/schema\\\/logo\\\/image\\\/\"}}]}<\/script>\n<!-- \/ Yoast SEO Premium plugin. -->","yoast_head_json":{"title":"Traditionelle Herren Bruy\u00e8re Pfeifen - Der beste Onlineshop f\u00fcr Pfeifen und Zigarrenzubeh\u00f6r in Deutschland","robots":{"index":"index","follow":"follow","max-snippet":"max-snippet:-1","max-image-preview":"max-image-preview:large","max-video-preview":"max-video-preview:-1"},"canonical":"https:\/\/pfeifenundzigarren.de\/es\/Produkt\/traditionelle-herren-bruyere-pfeifen\/","og_locale":"es_ES","og_type":"article","og_title":"Traditionelle Herren Bruy\u00e8re Pfeifen","og_description":"Ich denke, dass jeder Gentleman einen Herren-Bruy\u00e8re-Pfeife besitzen sollte, die sicherlich in Pfeifenforen ein gutes Ansehen genie\u00dfen w\u00fcrde. Nun gut,","og_url":"https:\/\/pfeifenundzigarren.de\/es\/Produkt\/traditionelle-herren-bruyere-pfeifen\/","og_site_name":"Der beste Onlineshop f\u00fcr Pfeifen und Zigarrenzubeh\u00f6r in Deutschland","article_modified_time":"2025-03-14T09:00:49+00:00","og_image":[{"width":800,"height":800,"url":"https:\/\/pfeifenundzigarren.de\/wp-content\/uploads\/2025\/03\/kf-S6c0e71ede1f44ea2816d4cbee1aab47d3.webp","type":"image\/webp"}],"twitter_card":"summary_large_image","twitter_misc":{"Tiempo de lectura":"2 minutos"},"schema":{"@context":"https:\/\/schema.org","@graph":[{"@type":"WebPage","@id":"https:\/\/pfeifenundzigarren.de\/Produkt\/traditionelle-herren-bruyere-pfeifen\/","url":"https:\/\/pfeifenundzigarren.de\/Produkt\/traditionelle-herren-bruyere-pfeifen\/","name":"Traditionelle Herren Bruy\u00e8re Pfeifen - Der beste Onlineshop f\u00fcr Pfeifen und Zigarrenzubeh\u00f6r in Deutschland","isPartOf":{"@id":"https:\/\/pfeifenundzigarren.de\/#website"},"primaryImageOfPage":{"@id":"https:\/\/pfeifenundzigarren.de\/Produkt\/traditionelle-herren-bruyere-pfeifen\/#primaryimage"},"image":{"@id":"https:\/\/pfeifenundzigarren.de\/Produkt\/traditionelle-herren-bruyere-pfeifen\/#primaryimage"},"thumbnailUrl":"https:\/\/pfeifenundzigarren.de\/wp-content\/uploads\/2025\/03\/kf-S6c0e71ede1f44ea2816d4cbee1aab47d3.webp","datePublished":"2025-03-07T08:52:52+00:00","dateModified":"2025-03-14T09:00:49+00:00","breadcrumb":{"@id":"https:\/\/pfeifenundzigarren.de\/Produkt\/traditionelle-herren-bruyere-pfeifen\/#breadcrumb"},"inLanguage":"es","potentialAction":[{"@type":"ReadAction","target":["https:\/\/pfeifenundzigarren.de\/Produkt\/traditionelle-herren-bruyere-pfeifen\/"]}]},{"@type":"ImageObject","inLanguage":"es","@id":"https:\/\/pfeifenundzigarren.de\/Produkt\/traditionelle-herren-bruyere-pfeifen\/#primaryimage","url":"https:\/\/pfeifenundzigarren.de\/wp-content\/uploads\/2025\/03\/kf-S6c0e71ede1f44ea2816d4cbee1aab47d3.webp","contentUrl":"https:\/\/pfeifenundzigarren.de\/wp-content\/uploads\/2025\/03\/kf-S6c0e71ede1f44ea2816d4cbee1aab47d3.webp","width":800,"height":800,"caption":"Traditionelle Herren Bruy\u00e8re Pfeifen"},{"@type":"BreadcrumbList","@id":"https:\/\/pfeifenundzigarren.de\/Produkt\/traditionelle-herren-bruyere-pfeifen\/#breadcrumb","itemListElement":[{"@type":"ListItem","position":1,"name":"Home","item":"https:\/\/pfeifenundzigarren.de\/"},{"@type":"ListItem","position":2,"name":"Shop","item":"https:\/\/pfeifenundzigarren.de\/shop\/"},{"@type":"ListItem","position":3,"name":"Traditionelle Herren Bruy\u00e8re Pfeifen"}]},{"@type":"WebSite","@id":"https:\/\/pfeifenundzigarren.de\/#website","url":"https:\/\/pfeifenundzigarren.de\/","name":"La mejor tienda en l\u00ednea de pipas y accesorios para puros de Alemania","description":"","publisher":{"@id":"https:\/\/pfeifenundzigarren.de\/#organization"},"potentialAction":[{"@type":"SearchAction","target":{"@type":"EntryPoint","urlTemplate":"https:\/\/pfeifenundzigarren.de\/?s={search_term_string}"},"query-input":{"@type":"PropertyValueSpecification","valueRequired":true,"valueName":"search_term_string"}}],"inLanguage":"es"},{"@type":"Organization","@id":"https:\/\/pfeifenundzigarren.de\/#organization","name":"La mejor tienda en l\u00ednea de pipas y accesorios para puros de Alemania","url":"https:\/\/pfeifenundzigarren.de\/","logo":{"@type":"ImageObject","inLanguage":"es","@id":"https:\/\/pfeifenundzigarren.de\/#\/schema\/logo\/image\/","url":"https:\/\/pfeifenundzigarren.de\/wp-content\/uploads\/2024\/09\/cropped-Luxury-and-Vintage-Ornamental-Coffee-Shop-Logo.png","contentUrl":"https:\/\/pfeifenundzigarren.de\/wp-content\/uploads\/2024\/09\/cropped-Luxury-and-Vintage-Ornamental-Coffee-Shop-Logo.png","width":512,"height":512,"caption":"Der beste Onlineshop f\u00fcr Pfeifen und Zigarrenzubeh\u00f6r in Deutschland"},"image":{"@id":"https:\/\/pfeifenundzigarren.de\/#\/schema\/logo\/image\/"}}]}},"_links":{"self":[{"href":"https:\/\/pfeifenundzigarren.de\/es\/wp-json\/wp\/v2\/product\/6223","targetHints":{"allow":["GET"]}}],"collection":[{"href":"https:\/\/pfeifenundzigarren.de\/es\/wp-json\/wp\/v2\/product"}],"about":[{"href":"https:\/\/pfeifenundzigarren.de\/es\/wp-json\/wp\/v2\/types\/product"}],"replies":[{"embeddable":true,"href":"https:\/\/pfeifenundzigarren.de\/es\/wp-json\/wp\/v2\/comments?post=6223"}],"version-history":[{"count":0,"href":"https:\/\/pfeifenundzigarren.de\/es\/wp-json\/wp\/v2\/product\/6223\/revisions"}],"wp:featuredmedia":[{"embeddable":true,"href":"https:\/\/pfeifenundzigarren.de\/es\/wp-json\/wp\/v2\/media\/6224"}],"wp:attachment":[{"href":"https:\/\/pfeifenundzigarren.de\/es\/wp-json\/wp\/v2\/media?parent=6223"}],"wp:term":[{"taxonomy":"product_brand","embeddable":true,"href":"https:\/\/pfeifenundzigarren.de\/es\/wp-json\/wp\/v2\/product_brand?post=6223"},{"taxonomy":"product_cat","embeddable":true,"href":"https:\/\/pfeifenundzigarren.de\/es\/wp-json\/wp\/v2\/product_cat?post=6223"},{"taxonomy":"product_tag","embeddable":true,"href":"https:\/\/pfeifenundzigarren.de\/es\/wp-json\/wp\/v2\/product_tag?post=6223"}],"curies":[{"name":"wp","href":"https:\/\/api.w.org\/{rel}","templated":true}]}}