{"id":6147,"date":"2025-03-07T06:27:40","date_gmt":"2025-03-07T05:27:40","guid":{"rendered":"https:\/\/pfeifenundzigarren.de\/Produkt\/handgeschnitzte-drachenklaue-bruyere-pfeife-mit-cumberland-mundstueck\/"},"modified":"2025-03-07T07:09:57","modified_gmt":"2025-03-07T06:09:57","slug":"handgeschnitzte-drachenklaue-bruyere-pfeife-mit-cumberland-mundstueck","status":"publish","type":"product","link":"https:\/\/pfeifenundzigarren.de\/es\/Produkt\/handgeschnitzte-drachenklaue-bruyere-pfeife-mit-cumberland-mundstueck\/","title":{"rendered":"Pipa de brezo de garra de drag\u00f3n tallada a mano con boquilla Cumberland"},"content":{"rendered":"<p>El dise\u00f1o de este<strong> Pipa de brezo con garra de drag\u00f3n tallada a mano<\/strong> es del <strong>Mitolog\u00eda germ\u00e1nica<\/strong>\u00a0inspirado en el drag\u00f3n - en el mundo germ\u00e1nico de las leyendas, el drag\u00f3n es\u00a0<strong>S\u00edmbolo de fuerza y sabidur\u00eda<\/strong>. Nuestro maestro artesano Wilhelm ha combinado a la perfecci\u00f3n este antiguo simbolismo con la artesan\u00eda m\u00e1s moderna.<\/p>\n<p>Observando el\u00a0<strong>Detalles de la garra del drag\u00f3n<\/strong>\u00a0m\u00e1s de cerca, queda claro que la madera de brezo luce muy bien bajo las magistrales herramientas de tallado de Wilhelm.\u00a0<strong>realista<\/strong>y toda esta inspiraci\u00f3n nace de su profunda pasi\u00f3n por los dragones. Sencillamente maravilloso.<\/p>\n<p>En\u00a0<a href=\"https:\/\/pfeifenundzigarren.de\/es\/produktkategorie\/pfeifen-zubehoer\/pfeifen-mundstueck\/\"><strong>Boquilla Cumberland<\/strong> <\/a>es otro punto culminante de este <strong>Pipa de brezo con garra de drag\u00f3n tallada a mano<\/strong> . Fabricado con una mezcla de acr\u00edlico marr\u00f3n y negro, no s\u00f3lo impresiona por su fascinante\u00a0<strong>aspecto bicolor<\/strong>sino tambi\u00e9n a trav\u00e9s de un\u00a0<strong>agradable comodidad de mordida<\/strong>. Esta boquilla Cumberland es suave al tacto, pero extremadamente duradera - \u00a1una absoluta maravilla para los coleccionistas que aprecian las largas sesiones de fumada! En contraste con la goma dura tradicional, Cumberland tambi\u00e9n se desvanece mucho m\u00e1s lentamente. Y una vez que desenfunde en ella, sentir\u00e1 como\u00a0<strong>realza a\u00fan m\u00e1s el sabor de su tabaco favorito<\/strong>.<\/p>\n<p style=\"font-family: K2D, sans-serif; font-size: 17.76px; font-weight: bold; letter-spacing: normal; text-align: start; white-space: normal; color: #4f4949; background-color: #ffffff; margin-bottom: 1.3em; margin-top: 0px; box-sizing: border-box;\" align=\"start\">\u3010Informaci\u00f3n sobre el producto\u3011<\/p>\n<ul style=\"font-family: K2D, sans-serif; font-size: 17.76px; font-weight: bold; letter-spacing: normal; text-align: start; white-space: normal; color: #4f4949; background-color: #ffffff; margin-bottom: 1.3em; margin-top: 0px; padding: 0px; list-style: disc; box-sizing: border-box;\">\n<li style=\"margin-bottom: 0.6em; box-sizing: border-box;\">Material: Madera, brezoMaterial de la boquilla: Cumberland\n<p>Tipo curvo<\/p>\n<p>Acabado: Liso<\/p>\n<p>Taladro: 3 mm<\/p>\n<p>Filtro: No<\/li>\n<\/ul>\n<div id=\"image_204205179\" class=\"img has-hover x md-x lg-x y md-y lg-y\" style=\"font-family: K2D, sans-serif; font-size: 17.76px; font-weight: bold; letter-spacing: normal; text-align: start; white-space: normal; color: #4f4949; background-color: #ffffff; width: 938.312px; position: relative; box-sizing: border-box;\" align=\"start\">\n<div class=\"img-inner dark\" style=\"color: #f1f1f1; overflow: hidden; position: relative; box-sizing: border-box;\"><img decoding=\"async\" class=\"attachment-large size-large\" style=\"display: inline-block; max-width: 100%; width: 938.312px; height: auto; box-sizing: border-box;\" src=\"https:\/\/www.muxiang.shop\/wp-content\/uploads\/2024\/09\/O1CN01EbvjZB1c2kFcbQVaP_2674403543-0-cib-800x800.jpg\" width=\"938.312px\" height=\"auto\" alt=\"\"><\/div>\n<\/div>\n<div id=\"image_348862872\" class=\"img has-hover x md-x lg-x y md-y lg-y\" style=\"font-family: K2D, sans-serif; font-size: 17.76px; font-weight: bold; letter-spacing: normal; text-align: start; white-space: normal; color: #4f4949; background-color: #ffffff; width: 938.312px; position: relative; box-sizing: border-box;\" align=\"start\">\n<div class=\"img-inner dark\" style=\"color: #f1f1f1; overflow: hidden; position: relative; box-sizing: border-box;\"><img decoding=\"async\" class=\"attachment-large size-large\" style=\"display: inline-block; max-width: 100%; width: 938.312px; height: auto; box-sizing: border-box;\" src=\"https:\/\/www.muxiang.shop\/wp-content\/uploads\/2024\/09\/H70203q1c1k-4.jpg\" width=\"938.312px\" height=\"auto\" alt=\"\"><\/div>\n<\/div>\n<div id=\"image_970800725\" class=\"img has-hover x md-x lg-x y md-y lg-y\" style=\"font-family: K2D, sans-serif; font-size: 17.76px; font-weight: bold; letter-spacing: normal; text-align: start; white-space: normal; color: #4f4949; background-color: #ffffff; width: 938.312px; position: relative; box-sizing: border-box;\" align=\"start\">\n<div class=\"img-inner dark\" style=\"color: #f1f1f1; overflow: hidden; position: relative; box-sizing: border-box;\"><img decoding=\"async\" class=\"attachment-large size-large\" style=\"display: inline-block; max-width: 100%; width: 938.312px; height: auto; box-sizing: border-box;\" src=\"https:\/\/www.muxiang.shop\/wp-content\/uploads\/2024\/09\/H70203q1c1k-3-800x800.jpg\" width=\"938.312px\" height=\"auto\" alt=\"\"><\/div>\n<\/div>\n<div id=\"image_891583451\" class=\"img has-hover x md-x lg-x y md-y lg-y\" style=\"font-family: K2D, sans-serif; font-size: 17.76px; font-weight: bold; letter-spacing: normal; text-align: start; white-space: normal; color: #4f4949; background-color: #ffffff; width: 938.312px; position: relative; box-sizing: border-box;\" align=\"start\">\n<div class=\"img-inner dark\" style=\"color: #f1f1f1; overflow: hidden; position: relative; box-sizing: border-box;\"><img decoding=\"async\" class=\"attachment-large size-large\" style=\"display: inline-block; max-width: 100%; width: 938.312px; height: auto; box-sizing: border-box;\" src=\"https:\/\/www.muxiang.shop\/wp-content\/uploads\/2024\/09\/H70203q1c1k-2-800x800.jpg\" width=\"938.312px\" height=\"auto\" alt=\"\"><\/div>\n<\/div>\n<div id=\"image_1842254740\" class=\"img has-hover x md-x lg-x y md-y lg-y\" style=\"font-family: K2D, sans-serif; font-size: 17.76px; font-weight: bold; letter-spacing: normal; text-align: start; white-space: normal; color: #4f4949; background-color: #ffffff; width: 938.312px; position: relative; box-sizing: border-box;\" align=\"start\">\n<div class=\"img-inner dark\" style=\"color: #f1f1f1; overflow: hidden; position: relative; box-sizing: border-box;\"><img decoding=\"async\" class=\"attachment-large size-large\" style=\"display: inline-block; max-width: 100%; width: 938.312px; height: auto; box-sizing: border-box;\" src=\"https:\/\/www.muxiang.shop\/wp-content\/uploads\/2024\/09\/H70203q1c1k-1-800x800.jpg\" width=\"938.312px\" height=\"auto\" alt=\"\"><\/div>\n<\/div>\n<div id=\"image_1018326448\" class=\"img has-hover x md-x lg-x y md-y lg-y\" style=\"font-family: K2D, sans-serif; font-size: 17.76px; font-weight: bold; letter-spacing: normal; text-align: start; white-space: normal; color: #4f4949; background-color: #ffffff; width: 938.312px; position: relative; box-sizing: border-box;\" align=\"start\">\n<div class=\"img-inner dark\" style=\"color: #f1f1f1; overflow: hidden; position: relative; box-sizing: border-box;\"><img decoding=\"async\" class=\"attachment-large size-large\" style=\"display: inline-block; max-width: 100%; width: 938.312px; height: auto; box-sizing: border-box;\" src=\"https:\/\/www.muxiang.shop\/wp-content\/uploads\/2024\/09\/H70203q1c1k-5-800x800.jpg\" width=\"938.312px\" height=\"auto\" alt=\"\"><\/div>\n<\/div>\n<div id=\"image_693090110\" class=\"img has-hover x md-x lg-x y md-y lg-y\" style=\"font-family: K2D, sans-serif; font-size: 17.76px; font-weight: bold; letter-spacing: normal; text-align: start; white-space: normal; color: #4f4949; background-color: #ffffff; width: 938.312px; position: relative; box-sizing: border-box;\" align=\"start\">\n<div class=\"img-inner dark\" style=\"color: #f1f1f1; overflow: hidden; position: relative; box-sizing: border-box;\"><img decoding=\"async\" class=\"attachment-large size-large\" style=\"display: inline-block; max-width: 100%; width: 938.312px; height: auto; box-sizing: border-box;\" src=\"https:\/\/www.muxiang.shop\/wp-content\/uploads\/2024\/09\/%E8%8B%B1%E6%96%87%E5%B0%BA%E5%AF%B8-3.jpg.webp\" width=\"938.312px\" height=\"auto\" alt=\"\"><\/div>\n<\/div>\n<p>&nbsp;<\/p>","protected":false},"excerpt":{"rendered":"<p>El dise\u00f1o de esta pipa de brezo con forma de garra de drag\u00f3n tallada a mano se inspira en la mitolog\u00eda germ\u00e1nica: el drag\u00f3n es un s\u00edmbolo de las leyendas germ\u00e1nicas.<\/p>","protected":false},"featured_media":6148,"comment_status":"closed","ping_status":"closed","template":"","meta":[],"product_brand":[],"product_cat":[86,74],"product_tag":[],"class_list":{"0":"post-6147","1":"product","2":"type-product","3":"status-publish","4":"has-post-thumbnail","6":"product_cat-bruyere-pfeifen","7":"product_cat-freehand-pfeifen","9":"first","10":"instock","11":"sale","12":"shipping-taxable","13":"purchasable","14":"product-type-variable","15":"wvs-archive-product-wrapper"},"yoast_head":"<!-- This site is optimized with the Yoast SEO Premium plugin v26.7 (Yoast SEO v27.4) - https:\/\/yoast.com\/product\/yoast-seo-premium-wordpress\/ -->\n<title>Handgeschnitzte Drachenklaue Bruy\u00e8re-Pfeife mit Cumberland-Mundst\u00fcck - Der beste Onlineshop f\u00fcr Pfeifen und Zigarrenzubeh\u00f6r in Deutschland<\/title>\n<meta name=\"robots\" content=\"index, follow, max-snippet:-1, max-image-preview:large, max-video-preview:-1\" \/>\n<link rel=\"canonical\" href=\"https:\/\/pfeifenundzigarren.de\/es\/Produkt\/handgeschnitzte-drachenklaue-bruyere-pfeife-mit-cumberland-mundstueck\/\" \/>\n<meta property=\"og:locale\" content=\"es_ES\" \/>\n<meta property=\"og:type\" content=\"article\" \/>\n<meta property=\"og:title\" content=\"Handgeschnitzte Drachenklaue Bruy\u00e8re-Pfeife mit Cumberland-Mundst\u00fcck\" \/>\n<meta property=\"og:description\" content=\"Das Design dieser Handgeschnitzte Drachenklaue Bruy\u00e8re-Pfeife ist von der germanischen Mythologie\u00a0inspiriert \u2013 in der germanischen Sagenwelt gilt der Drache als\u00a0Sinnbild\" \/>\n<meta property=\"og:url\" content=\"https:\/\/pfeifenundzigarren.de\/es\/Produkt\/handgeschnitzte-drachenklaue-bruyere-pfeife-mit-cumberland-mundstueck\/\" \/>\n<meta property=\"og:site_name\" content=\"Der beste Onlineshop f\u00fcr Pfeifen und Zigarrenzubeh\u00f6r in Deutschland\" \/>\n<meta property=\"article:modified_time\" content=\"2025-03-07T06:09:57+00:00\" \/>\n<meta property=\"og:image\" content=\"https:\/\/pfeifenundzigarren.de\/wp-content\/uploads\/2025\/03\/kf-S24ed980d25364e899f281d88131f7b54s.webp\" \/>\n\t<meta property=\"og:image:width\" content=\"1000\" \/>\n\t<meta property=\"og:image:height\" content=\"1000\" \/>\n\t<meta property=\"og:image:type\" content=\"image\/webp\" \/>\n<meta name=\"twitter:card\" content=\"summary_large_image\" \/>\n<meta name=\"twitter:label1\" content=\"Tiempo de lectura\" \/>\n\t<meta name=\"twitter:data1\" content=\"1 minuto\" \/>\n<script type=\"application\/ld+json\" class=\"yoast-schema-graph\">{\"@context\":\"https:\\\/\\\/schema.org\",\"@graph\":[{\"@type\":\"WebPage\",\"@id\":\"https:\\\/\\\/pfeifenundzigarren.de\\\/Produkt\\\/handgeschnitzte-drachenklaue-bruyere-pfeife-mit-cumberland-mundstueck\\\/\",\"url\":\"https:\\\/\\\/pfeifenundzigarren.de\\\/Produkt\\\/handgeschnitzte-drachenklaue-bruyere-pfeife-mit-cumberland-mundstueck\\\/\",\"name\":\"Handgeschnitzte Drachenklaue Bruy\u00e8re-Pfeife mit Cumberland-Mundst\u00fcck - Der beste Onlineshop f\u00fcr Pfeifen und Zigarrenzubeh\u00f6r in Deutschland\",\"isPartOf\":{\"@id\":\"https:\\\/\\\/pfeifenundzigarren.de\\\/#website\"},\"primaryImageOfPage\":{\"@id\":\"https:\\\/\\\/pfeifenundzigarren.de\\\/Produkt\\\/handgeschnitzte-drachenklaue-bruyere-pfeife-mit-cumberland-mundstueck\\\/#primaryimage\"},\"image\":{\"@id\":\"https:\\\/\\\/pfeifenundzigarren.de\\\/Produkt\\\/handgeschnitzte-drachenklaue-bruyere-pfeife-mit-cumberland-mundstueck\\\/#primaryimage\"},\"thumbnailUrl\":\"https:\\\/\\\/pfeifenundzigarren.de\\\/wp-content\\\/uploads\\\/2025\\\/03\\\/kf-S24ed980d25364e899f281d88131f7b54s.webp\",\"datePublished\":\"2025-03-07T05:27:40+00:00\",\"dateModified\":\"2025-03-07T06:09:57+00:00\",\"breadcrumb\":{\"@id\":\"https:\\\/\\\/pfeifenundzigarren.de\\\/Produkt\\\/handgeschnitzte-drachenklaue-bruyere-pfeife-mit-cumberland-mundstueck\\\/#breadcrumb\"},\"inLanguage\":\"es\",\"potentialAction\":[{\"@type\":\"ReadAction\",\"target\":[\"https:\\\/\\\/pfeifenundzigarren.de\\\/Produkt\\\/handgeschnitzte-drachenklaue-bruyere-pfeife-mit-cumberland-mundstueck\\\/\"]}]},{\"@type\":\"ImageObject\",\"inLanguage\":\"es\",\"@id\":\"https:\\\/\\\/pfeifenundzigarren.de\\\/Produkt\\\/handgeschnitzte-drachenklaue-bruyere-pfeife-mit-cumberland-mundstueck\\\/#primaryimage\",\"url\":\"https:\\\/\\\/pfeifenundzigarren.de\\\/wp-content\\\/uploads\\\/2025\\\/03\\\/kf-S24ed980d25364e899f281d88131f7b54s.webp\",\"contentUrl\":\"https:\\\/\\\/pfeifenundzigarren.de\\\/wp-content\\\/uploads\\\/2025\\\/03\\\/kf-S24ed980d25364e899f281d88131f7b54s.webp\",\"width\":1000,\"height\":1000,\"caption\":\"Handgeschnitzte Drachenklaue Bruy\u00e8re-Pfeife\"},{\"@type\":\"BreadcrumbList\",\"@id\":\"https:\\\/\\\/pfeifenundzigarren.de\\\/Produkt\\\/handgeschnitzte-drachenklaue-bruyere-pfeife-mit-cumberland-mundstueck\\\/#breadcrumb\",\"itemListElement\":[{\"@type\":\"ListItem\",\"position\":1,\"name\":\"Home\",\"item\":\"https:\\\/\\\/pfeifenundzigarren.de\\\/\"},{\"@type\":\"ListItem\",\"position\":2,\"name\":\"Shop\",\"item\":\"https:\\\/\\\/pfeifenundzigarren.de\\\/shop\\\/\"},{\"@type\":\"ListItem\",\"position\":3,\"name\":\"Handgeschnitzte Drachenklaue Bruy\u00e8re-Pfeife mit Cumberland-Mundst\u00fcck\"}]},{\"@type\":\"WebSite\",\"@id\":\"https:\\\/\\\/pfeifenundzigarren.de\\\/#website\",\"url\":\"https:\\\/\\\/pfeifenundzigarren.de\\\/\",\"name\":\"Der beste Onlineshop f\u00fcr Pfeifen und Zigarrenzubeh\u00f6r in Deutschland\",\"description\":\"\",\"publisher\":{\"@id\":\"https:\\\/\\\/pfeifenundzigarren.de\\\/#organization\"},\"potentialAction\":[{\"@type\":\"SearchAction\",\"target\":{\"@type\":\"EntryPoint\",\"urlTemplate\":\"https:\\\/\\\/pfeifenundzigarren.de\\\/?s={search_term_string}\"},\"query-input\":{\"@type\":\"PropertyValueSpecification\",\"valueRequired\":true,\"valueName\":\"search_term_string\"}}],\"inLanguage\":\"es\"},{\"@type\":\"Organization\",\"@id\":\"https:\\\/\\\/pfeifenundzigarren.de\\\/#organization\",\"name\":\"Der beste Onlineshop f\u00fcr Pfeifen und Zigarrenzubeh\u00f6r in Deutschland\",\"url\":\"https:\\\/\\\/pfeifenundzigarren.de\\\/\",\"logo\":{\"@type\":\"ImageObject\",\"inLanguage\":\"es\",\"@id\":\"https:\\\/\\\/pfeifenundzigarren.de\\\/#\\\/schema\\\/logo\\\/image\\\/\",\"url\":\"https:\\\/\\\/pfeifenundzigarren.de\\\/wp-content\\\/uploads\\\/2024\\\/09\\\/cropped-Luxury-and-Vintage-Ornamental-Coffee-Shop-Logo.png\",\"contentUrl\":\"https:\\\/\\\/pfeifenundzigarren.de\\\/wp-content\\\/uploads\\\/2024\\\/09\\\/cropped-Luxury-and-Vintage-Ornamental-Coffee-Shop-Logo.png\",\"width\":512,\"height\":512,\"caption\":\"Der beste Onlineshop f\u00fcr Pfeifen und Zigarrenzubeh\u00f6r in Deutschland\"},\"image\":{\"@id\":\"https:\\\/\\\/pfeifenundzigarren.de\\\/#\\\/schema\\\/logo\\\/image\\\/\"}}]}<\/script>\n<!-- \/ Yoast SEO Premium plugin. -->","yoast_head_json":{"title":"Handgeschnitzte Drachenklaue Bruy\u00e8re-Pfeife mit Cumberland-Mundst\u00fcck - Der beste Onlineshop f\u00fcr Pfeifen und Zigarrenzubeh\u00f6r in Deutschland","robots":{"index":"index","follow":"follow","max-snippet":"max-snippet:-1","max-image-preview":"max-image-preview:large","max-video-preview":"max-video-preview:-1"},"canonical":"https:\/\/pfeifenundzigarren.de\/es\/Produkt\/handgeschnitzte-drachenklaue-bruyere-pfeife-mit-cumberland-mundstueck\/","og_locale":"es_ES","og_type":"article","og_title":"Handgeschnitzte Drachenklaue Bruy\u00e8re-Pfeife mit Cumberland-Mundst\u00fcck","og_description":"Das Design dieser Handgeschnitzte Drachenklaue Bruy\u00e8re-Pfeife ist von der germanischen Mythologie\u00a0inspiriert \u2013 in der germanischen Sagenwelt gilt der Drache als\u00a0Sinnbild","og_url":"https:\/\/pfeifenundzigarren.de\/es\/Produkt\/handgeschnitzte-drachenklaue-bruyere-pfeife-mit-cumberland-mundstueck\/","og_site_name":"Der beste Onlineshop f\u00fcr Pfeifen und Zigarrenzubeh\u00f6r in Deutschland","article_modified_time":"2025-03-07T06:09:57+00:00","og_image":[{"width":1000,"height":1000,"url":"https:\/\/pfeifenundzigarren.de\/wp-content\/uploads\/2025\/03\/kf-S24ed980d25364e899f281d88131f7b54s.webp","type":"image\/webp"}],"twitter_card":"summary_large_image","twitter_misc":{"Tiempo de lectura":"1 minuto"},"schema":{"@context":"https:\/\/schema.org","@graph":[{"@type":"WebPage","@id":"https:\/\/pfeifenundzigarren.de\/Produkt\/handgeschnitzte-drachenklaue-bruyere-pfeife-mit-cumberland-mundstueck\/","url":"https:\/\/pfeifenundzigarren.de\/Produkt\/handgeschnitzte-drachenklaue-bruyere-pfeife-mit-cumberland-mundstueck\/","name":"Handgeschnitzte Drachenklaue Bruy\u00e8re-Pfeife mit Cumberland-Mundst\u00fcck - Der beste Onlineshop f\u00fcr Pfeifen und Zigarrenzubeh\u00f6r in Deutschland","isPartOf":{"@id":"https:\/\/pfeifenundzigarren.de\/#website"},"primaryImageOfPage":{"@id":"https:\/\/pfeifenundzigarren.de\/Produkt\/handgeschnitzte-drachenklaue-bruyere-pfeife-mit-cumberland-mundstueck\/#primaryimage"},"image":{"@id":"https:\/\/pfeifenundzigarren.de\/Produkt\/handgeschnitzte-drachenklaue-bruyere-pfeife-mit-cumberland-mundstueck\/#primaryimage"},"thumbnailUrl":"https:\/\/pfeifenundzigarren.de\/wp-content\/uploads\/2025\/03\/kf-S24ed980d25364e899f281d88131f7b54s.webp","datePublished":"2025-03-07T05:27:40+00:00","dateModified":"2025-03-07T06:09:57+00:00","breadcrumb":{"@id":"https:\/\/pfeifenundzigarren.de\/Produkt\/handgeschnitzte-drachenklaue-bruyere-pfeife-mit-cumberland-mundstueck\/#breadcrumb"},"inLanguage":"es","potentialAction":[{"@type":"ReadAction","target":["https:\/\/pfeifenundzigarren.de\/Produkt\/handgeschnitzte-drachenklaue-bruyere-pfeife-mit-cumberland-mundstueck\/"]}]},{"@type":"ImageObject","inLanguage":"es","@id":"https:\/\/pfeifenundzigarren.de\/Produkt\/handgeschnitzte-drachenklaue-bruyere-pfeife-mit-cumberland-mundstueck\/#primaryimage","url":"https:\/\/pfeifenundzigarren.de\/wp-content\/uploads\/2025\/03\/kf-S24ed980d25364e899f281d88131f7b54s.webp","contentUrl":"https:\/\/pfeifenundzigarren.de\/wp-content\/uploads\/2025\/03\/kf-S24ed980d25364e899f281d88131f7b54s.webp","width":1000,"height":1000,"caption":"Handgeschnitzte Drachenklaue Bruy\u00e8re-Pfeife"},{"@type":"BreadcrumbList","@id":"https:\/\/pfeifenundzigarren.de\/Produkt\/handgeschnitzte-drachenklaue-bruyere-pfeife-mit-cumberland-mundstueck\/#breadcrumb","itemListElement":[{"@type":"ListItem","position":1,"name":"Home","item":"https:\/\/pfeifenundzigarren.de\/"},{"@type":"ListItem","position":2,"name":"Shop","item":"https:\/\/pfeifenundzigarren.de\/shop\/"},{"@type":"ListItem","position":3,"name":"Handgeschnitzte Drachenklaue Bruy\u00e8re-Pfeife mit Cumberland-Mundst\u00fcck"}]},{"@type":"WebSite","@id":"https:\/\/pfeifenundzigarren.de\/#website","url":"https:\/\/pfeifenundzigarren.de\/","name":"La mejor tienda en l\u00ednea de pipas y accesorios para puros de Alemania","description":"","publisher":{"@id":"https:\/\/pfeifenundzigarren.de\/#organization"},"potentialAction":[{"@type":"SearchAction","target":{"@type":"EntryPoint","urlTemplate":"https:\/\/pfeifenundzigarren.de\/?s={search_term_string}"},"query-input":{"@type":"PropertyValueSpecification","valueRequired":true,"valueName":"search_term_string"}}],"inLanguage":"es"},{"@type":"Organization","@id":"https:\/\/pfeifenundzigarren.de\/#organization","name":"La mejor tienda en l\u00ednea de pipas y accesorios para puros de Alemania","url":"https:\/\/pfeifenundzigarren.de\/","logo":{"@type":"ImageObject","inLanguage":"es","@id":"https:\/\/pfeifenundzigarren.de\/#\/schema\/logo\/image\/","url":"https:\/\/pfeifenundzigarren.de\/wp-content\/uploads\/2024\/09\/cropped-Luxury-and-Vintage-Ornamental-Coffee-Shop-Logo.png","contentUrl":"https:\/\/pfeifenundzigarren.de\/wp-content\/uploads\/2024\/09\/cropped-Luxury-and-Vintage-Ornamental-Coffee-Shop-Logo.png","width":512,"height":512,"caption":"Der beste Onlineshop f\u00fcr Pfeifen und Zigarrenzubeh\u00f6r in Deutschland"},"image":{"@id":"https:\/\/pfeifenundzigarren.de\/#\/schema\/logo\/image\/"}}]}},"_links":{"self":[{"href":"https:\/\/pfeifenundzigarren.de\/es\/wp-json\/wp\/v2\/product\/6147","targetHints":{"allow":["GET"]}}],"collection":[{"href":"https:\/\/pfeifenundzigarren.de\/es\/wp-json\/wp\/v2\/product"}],"about":[{"href":"https:\/\/pfeifenundzigarren.de\/es\/wp-json\/wp\/v2\/types\/product"}],"replies":[{"embeddable":true,"href":"https:\/\/pfeifenundzigarren.de\/es\/wp-json\/wp\/v2\/comments?post=6147"}],"version-history":[{"count":0,"href":"https:\/\/pfeifenundzigarren.de\/es\/wp-json\/wp\/v2\/product\/6147\/revisions"}],"wp:featuredmedia":[{"embeddable":true,"href":"https:\/\/pfeifenundzigarren.de\/es\/wp-json\/wp\/v2\/media\/6148"}],"wp:attachment":[{"href":"https:\/\/pfeifenundzigarren.de\/es\/wp-json\/wp\/v2\/media?parent=6147"}],"wp:term":[{"taxonomy":"product_brand","embeddable":true,"href":"https:\/\/pfeifenundzigarren.de\/es\/wp-json\/wp\/v2\/product_brand?post=6147"},{"taxonomy":"product_cat","embeddable":true,"href":"https:\/\/pfeifenundzigarren.de\/es\/wp-json\/wp\/v2\/product_cat?post=6147"},{"taxonomy":"product_tag","embeddable":true,"href":"https:\/\/pfeifenundzigarren.de\/es\/wp-json\/wp\/v2\/product_tag?post=6147"}],"curies":[{"name":"wp","href":"https:\/\/api.w.org\/{rel}","templated":true}]}}