{"id":6140,"date":"2025-03-07T06:20:20","date_gmt":"2025-03-07T05:20:20","guid":{"rendered":"https:\/\/pfeifenundzigarren.de\/Produkt\/handgefertigte-kunstpfeife-in-blumenform\/"},"modified":"2026-02-08T02:54:31","modified_gmt":"2026-02-08T01:54:31","slug":"handgefertigte-kunstpfeife-in-blumenform","status":"publish","type":"product","link":"https:\/\/pfeifenundzigarren.de\/es\/Produkt\/handgefertigte-kunstpfeife-in-blumenform\/","title":{"rendered":"Pipa artificial hecha a mano en forma de flor"},"content":{"rendered":"<p>En<strong> Pipa artificial hecha a mano en forma de flor<\/strong> combinan el car\u00e1cter bruto de la ra\u00edz de brezo y la poes\u00eda de una flor. Para crear la forma de flor (llamada \"fleur\" en franc\u00e9s), los artesanos tienen un enfoque y una concepci\u00f3n completamente diferentes a los de la fabricaci\u00f3n tradicional de pipas. En este caso, la pipa se fabrica en funci\u00f3n de la veta de la madera. En primer lugar, el fabricante de pipas utiliza un ebauchon en el que la ra\u00edz del brezo (es decir, el borde) es visible. Esta parte define la parte superior de la cazoleta. A continuaci\u00f3n, moldea la pipa de modo que la cazoleta quede acampanada (como un dubl\u00edn). La silueta resultante se parece exactamente a una flor. En Francia, el gran Pierre Morel hizo de esto su especialidad. Fuera del Hex\u00e1gono, no es raro encontrar una pipa en forma de flor en Amorelli o Poul Winslow. Todas estas creaciones artesanales muestran con orgullo la corteza de burl y ofrecen un resultado incre\u00edble.<\/p>\n<div class=\"content_sortPagiBar clearfix\" style=\"border-top: 1px solid #cccccc; margin-bottom: 15px; margin-top: 4em; padding: 8px 0px 8px 0px; position: relative; box-sizing: border-box;\"><\/div>\n<p><img decoding=\"async\" src=\"https:\/\/ae01.alicdn.com\/kf\/S371937ea62df469abc009d91c0c36c73p.jpg\" alt=\"\"><\/p>\n<p><img decoding=\"async\" src=\"https:\/\/ae01.alicdn.com\/kf\/S3065cdd158b04d29be16492be4940e4cA.jpg\" alt=\"\"><img decoding=\"async\" src=\"https:\/\/ae01.alicdn.com\/kf\/S49b9cebbe6734a1bae304153f1914f2dS.jpg\" alt=\"\"><img decoding=\"async\" src=\"https:\/\/ae01.alicdn.com\/kf\/See0396b9fb8347bdb3b80b236ab926c9j.jpg\" alt=\"\"><img decoding=\"async\" src=\"https:\/\/ae01.alicdn.com\/kf\/Sc2c0d0967a744a548e5633dc106cbf86o.jpg\" alt=\"\"><img decoding=\"async\" src=\"https:\/\/ae01.alicdn.com\/kf\/Sf657ce46302543a6a0ffc047cbafb5b3W.jpg\" alt=\"\"><img decoding=\"async\" src=\"https:\/\/ae01.alicdn.com\/kf\/S3cf05f1bf37c427c8e2decca59949503k.jpg\" alt=\"\"><img decoding=\"async\" src=\"https:\/\/ae01.alicdn.com\/kf\/S17a9bb0cea214a2aa2498e41742106ddQ.jpg\" alt=\"\"><img decoding=\"async\" src=\"https:\/\/ae01.alicdn.com\/kf\/Sca0bbbb4cc3e485a8825910f6f6ee86bW.jpg\" alt=\"\"><\/p>","protected":false},"excerpt":{"rendered":"<p>La pipa artificial hecha a mano en forma de flor combina el car\u00e1cter bruto de la ra\u00edz de brezo y la poes\u00eda de una flor en flor. Para<\/p>","protected":false},"featured_media":6141,"comment_status":"closed","ping_status":"closed","template":"","meta":[],"product_brand":[],"product_cat":[86,824,74],"product_tag":[],"class_list":{"0":"post-6140","1":"product","2":"type-product","3":"status-publish","4":"has-post-thumbnail","6":"product_cat-bruyere-pfeifen","7":"product_cat-dublin-pfeifen","8":"product_cat-freehand-pfeifen","10":"first","11":"instock","12":"sale","13":"shipping-taxable","14":"purchasable","15":"product-type-variable","16":"wvs-archive-product-wrapper"},"yoast_head":"<!-- This site is optimized with the Yoast SEO Premium plugin v26.7 (Yoast SEO v27.4) - https:\/\/yoast.com\/product\/yoast-seo-premium-wordpress\/ -->\n<title>Handgefertigte Kunstpfeife in Blumenform - Der beste Onlineshop f\u00fcr Pfeifen und Zigarrenzubeh\u00f6r in Deutschland<\/title>\n<meta name=\"robots\" content=\"index, follow, max-snippet:-1, max-image-preview:large, max-video-preview:-1\" \/>\n<link rel=\"canonical\" href=\"https:\/\/pfeifenundzigarren.de\/es\/Produkt\/handgefertigte-kunstpfeife-in-blumenform\/\" \/>\n<meta property=\"og:locale\" content=\"es_ES\" \/>\n<meta property=\"og:type\" content=\"article\" \/>\n<meta property=\"og:title\" content=\"Handgefertigte Kunstpfeife in Blumenform\" \/>\n<meta property=\"og:description\" content=\"Die Handgefertigte Kunstpfeife in Blumenform vereinen sowohl den rohen Charakter der Bruy\u00e8rewurzel als auch die Poesie einer bl\u00fchenden Blume. Um\" \/>\n<meta property=\"og:url\" content=\"https:\/\/pfeifenundzigarren.de\/es\/Produkt\/handgefertigte-kunstpfeife-in-blumenform\/\" \/>\n<meta property=\"og:site_name\" content=\"Der beste Onlineshop f\u00fcr Pfeifen und Zigarrenzubeh\u00f6r in Deutschland\" \/>\n<meta property=\"article:modified_time\" content=\"2026-02-08T01:54:31+00:00\" \/>\n<meta property=\"og:image\" content=\"https:\/\/pfeifenundzigarren.de\/wp-content\/uploads\/2025\/03\/kf-S3065cdd158b04d29be16492be4940e4cA.webp\" \/>\n\t<meta property=\"og:image:width\" content=\"800\" \/>\n\t<meta property=\"og:image:height\" content=\"800\" \/>\n\t<meta property=\"og:image:type\" content=\"image\/webp\" \/>\n<meta name=\"twitter:card\" content=\"summary_large_image\" \/>\n<meta name=\"twitter:label1\" content=\"Tiempo de lectura\" \/>\n\t<meta name=\"twitter:data1\" content=\"1 minuto\" \/>\n<script type=\"application\/ld+json\" class=\"yoast-schema-graph\">{\"@context\":\"https:\\\/\\\/schema.org\",\"@graph\":[{\"@type\":\"WebPage\",\"@id\":\"https:\\\/\\\/pfeifenundzigarren.de\\\/Produkt\\\/handgefertigte-kunstpfeife-in-blumenform\\\/\",\"url\":\"https:\\\/\\\/pfeifenundzigarren.de\\\/Produkt\\\/handgefertigte-kunstpfeife-in-blumenform\\\/\",\"name\":\"Handgefertigte Kunstpfeife in Blumenform - Der beste Onlineshop f\u00fcr Pfeifen und Zigarrenzubeh\u00f6r in Deutschland\",\"isPartOf\":{\"@id\":\"https:\\\/\\\/pfeifenundzigarren.de\\\/#website\"},\"primaryImageOfPage\":{\"@id\":\"https:\\\/\\\/pfeifenundzigarren.de\\\/Produkt\\\/handgefertigte-kunstpfeife-in-blumenform\\\/#primaryimage\"},\"image\":{\"@id\":\"https:\\\/\\\/pfeifenundzigarren.de\\\/Produkt\\\/handgefertigte-kunstpfeife-in-blumenform\\\/#primaryimage\"},\"thumbnailUrl\":\"https:\\\/\\\/pfeifenundzigarren.de\\\/wp-content\\\/uploads\\\/2025\\\/03\\\/kf-S3065cdd158b04d29be16492be4940e4cA.webp\",\"datePublished\":\"2025-03-07T05:20:20+00:00\",\"dateModified\":\"2026-02-08T01:54:31+00:00\",\"breadcrumb\":{\"@id\":\"https:\\\/\\\/pfeifenundzigarren.de\\\/Produkt\\\/handgefertigte-kunstpfeife-in-blumenform\\\/#breadcrumb\"},\"inLanguage\":\"es\",\"potentialAction\":[{\"@type\":\"ReadAction\",\"target\":[\"https:\\\/\\\/pfeifenundzigarren.de\\\/Produkt\\\/handgefertigte-kunstpfeife-in-blumenform\\\/\"]}]},{\"@type\":\"ImageObject\",\"inLanguage\":\"es\",\"@id\":\"https:\\\/\\\/pfeifenundzigarren.de\\\/Produkt\\\/handgefertigte-kunstpfeife-in-blumenform\\\/#primaryimage\",\"url\":\"https:\\\/\\\/pfeifenundzigarren.de\\\/wp-content\\\/uploads\\\/2025\\\/03\\\/kf-S3065cdd158b04d29be16492be4940e4cA.webp\",\"contentUrl\":\"https:\\\/\\\/pfeifenundzigarren.de\\\/wp-content\\\/uploads\\\/2025\\\/03\\\/kf-S3065cdd158b04d29be16492be4940e4cA.webp\",\"width\":800,\"height\":800,\"caption\":\"Handgefertigte Kunstpfeife in Blumenform\"},{\"@type\":\"BreadcrumbList\",\"@id\":\"https:\\\/\\\/pfeifenundzigarren.de\\\/Produkt\\\/handgefertigte-kunstpfeife-in-blumenform\\\/#breadcrumb\",\"itemListElement\":[{\"@type\":\"ListItem\",\"position\":1,\"name\":\"Home\",\"item\":\"https:\\\/\\\/pfeifenundzigarren.de\\\/\"},{\"@type\":\"ListItem\",\"position\":2,\"name\":\"Shop\",\"item\":\"https:\\\/\\\/pfeifenundzigarren.de\\\/shop\\\/\"},{\"@type\":\"ListItem\",\"position\":3,\"name\":\"Handgefertigte Kunstpfeife in Blumenform\"}]},{\"@type\":\"WebSite\",\"@id\":\"https:\\\/\\\/pfeifenundzigarren.de\\\/#website\",\"url\":\"https:\\\/\\\/pfeifenundzigarren.de\\\/\",\"name\":\"Der beste Onlineshop f\u00fcr Pfeifen und Zigarrenzubeh\u00f6r in Deutschland\",\"description\":\"\",\"publisher\":{\"@id\":\"https:\\\/\\\/pfeifenundzigarren.de\\\/#organization\"},\"potentialAction\":[{\"@type\":\"SearchAction\",\"target\":{\"@type\":\"EntryPoint\",\"urlTemplate\":\"https:\\\/\\\/pfeifenundzigarren.de\\\/?s={search_term_string}\"},\"query-input\":{\"@type\":\"PropertyValueSpecification\",\"valueRequired\":true,\"valueName\":\"search_term_string\"}}],\"inLanguage\":\"es\"},{\"@type\":\"Organization\",\"@id\":\"https:\\\/\\\/pfeifenundzigarren.de\\\/#organization\",\"name\":\"Der beste Onlineshop f\u00fcr Pfeifen und Zigarrenzubeh\u00f6r in Deutschland\",\"url\":\"https:\\\/\\\/pfeifenundzigarren.de\\\/\",\"logo\":{\"@type\":\"ImageObject\",\"inLanguage\":\"es\",\"@id\":\"https:\\\/\\\/pfeifenundzigarren.de\\\/#\\\/schema\\\/logo\\\/image\\\/\",\"url\":\"https:\\\/\\\/pfeifenundzigarren.de\\\/wp-content\\\/uploads\\\/2024\\\/09\\\/cropped-Luxury-and-Vintage-Ornamental-Coffee-Shop-Logo.png\",\"contentUrl\":\"https:\\\/\\\/pfeifenundzigarren.de\\\/wp-content\\\/uploads\\\/2024\\\/09\\\/cropped-Luxury-and-Vintage-Ornamental-Coffee-Shop-Logo.png\",\"width\":512,\"height\":512,\"caption\":\"Der beste Onlineshop f\u00fcr Pfeifen und Zigarrenzubeh\u00f6r in Deutschland\"},\"image\":{\"@id\":\"https:\\\/\\\/pfeifenundzigarren.de\\\/#\\\/schema\\\/logo\\\/image\\\/\"}}]}<\/script>\n<!-- \/ Yoast SEO Premium plugin. -->","yoast_head_json":{"title":"Handgefertigte Kunstpfeife in Blumenform - Der beste Onlineshop f\u00fcr Pfeifen und Zigarrenzubeh\u00f6r in Deutschland","robots":{"index":"index","follow":"follow","max-snippet":"max-snippet:-1","max-image-preview":"max-image-preview:large","max-video-preview":"max-video-preview:-1"},"canonical":"https:\/\/pfeifenundzigarren.de\/es\/Produkt\/handgefertigte-kunstpfeife-in-blumenform\/","og_locale":"es_ES","og_type":"article","og_title":"Handgefertigte Kunstpfeife in Blumenform","og_description":"Die Handgefertigte Kunstpfeife in Blumenform vereinen sowohl den rohen Charakter der Bruy\u00e8rewurzel als auch die Poesie einer bl\u00fchenden Blume. Um","og_url":"https:\/\/pfeifenundzigarren.de\/es\/Produkt\/handgefertigte-kunstpfeife-in-blumenform\/","og_site_name":"Der beste Onlineshop f\u00fcr Pfeifen und Zigarrenzubeh\u00f6r in Deutschland","article_modified_time":"2026-02-08T01:54:31+00:00","og_image":[{"width":800,"height":800,"url":"https:\/\/pfeifenundzigarren.de\/wp-content\/uploads\/2025\/03\/kf-S3065cdd158b04d29be16492be4940e4cA.webp","type":"image\/webp"}],"twitter_card":"summary_large_image","twitter_misc":{"Tiempo de lectura":"1 minuto"},"schema":{"@context":"https:\/\/schema.org","@graph":[{"@type":"WebPage","@id":"https:\/\/pfeifenundzigarren.de\/Produkt\/handgefertigte-kunstpfeife-in-blumenform\/","url":"https:\/\/pfeifenundzigarren.de\/Produkt\/handgefertigte-kunstpfeife-in-blumenform\/","name":"Handgefertigte Kunstpfeife in Blumenform - Der beste Onlineshop f\u00fcr Pfeifen und Zigarrenzubeh\u00f6r in Deutschland","isPartOf":{"@id":"https:\/\/pfeifenundzigarren.de\/#website"},"primaryImageOfPage":{"@id":"https:\/\/pfeifenundzigarren.de\/Produkt\/handgefertigte-kunstpfeife-in-blumenform\/#primaryimage"},"image":{"@id":"https:\/\/pfeifenundzigarren.de\/Produkt\/handgefertigte-kunstpfeife-in-blumenform\/#primaryimage"},"thumbnailUrl":"https:\/\/pfeifenundzigarren.de\/wp-content\/uploads\/2025\/03\/kf-S3065cdd158b04d29be16492be4940e4cA.webp","datePublished":"2025-03-07T05:20:20+00:00","dateModified":"2026-02-08T01:54:31+00:00","breadcrumb":{"@id":"https:\/\/pfeifenundzigarren.de\/Produkt\/handgefertigte-kunstpfeife-in-blumenform\/#breadcrumb"},"inLanguage":"es","potentialAction":[{"@type":"ReadAction","target":["https:\/\/pfeifenundzigarren.de\/Produkt\/handgefertigte-kunstpfeife-in-blumenform\/"]}]},{"@type":"ImageObject","inLanguage":"es","@id":"https:\/\/pfeifenundzigarren.de\/Produkt\/handgefertigte-kunstpfeife-in-blumenform\/#primaryimage","url":"https:\/\/pfeifenundzigarren.de\/wp-content\/uploads\/2025\/03\/kf-S3065cdd158b04d29be16492be4940e4cA.webp","contentUrl":"https:\/\/pfeifenundzigarren.de\/wp-content\/uploads\/2025\/03\/kf-S3065cdd158b04d29be16492be4940e4cA.webp","width":800,"height":800,"caption":"Handgefertigte Kunstpfeife in Blumenform"},{"@type":"BreadcrumbList","@id":"https:\/\/pfeifenundzigarren.de\/Produkt\/handgefertigte-kunstpfeife-in-blumenform\/#breadcrumb","itemListElement":[{"@type":"ListItem","position":1,"name":"Home","item":"https:\/\/pfeifenundzigarren.de\/"},{"@type":"ListItem","position":2,"name":"Shop","item":"https:\/\/pfeifenundzigarren.de\/shop\/"},{"@type":"ListItem","position":3,"name":"Handgefertigte Kunstpfeife in Blumenform"}]},{"@type":"WebSite","@id":"https:\/\/pfeifenundzigarren.de\/#website","url":"https:\/\/pfeifenundzigarren.de\/","name":"La mejor tienda en l\u00ednea de pipas y accesorios para puros de Alemania","description":"","publisher":{"@id":"https:\/\/pfeifenundzigarren.de\/#organization"},"potentialAction":[{"@type":"SearchAction","target":{"@type":"EntryPoint","urlTemplate":"https:\/\/pfeifenundzigarren.de\/?s={search_term_string}"},"query-input":{"@type":"PropertyValueSpecification","valueRequired":true,"valueName":"search_term_string"}}],"inLanguage":"es"},{"@type":"Organization","@id":"https:\/\/pfeifenundzigarren.de\/#organization","name":"La mejor tienda en l\u00ednea de pipas y accesorios para puros de Alemania","url":"https:\/\/pfeifenundzigarren.de\/","logo":{"@type":"ImageObject","inLanguage":"es","@id":"https:\/\/pfeifenundzigarren.de\/#\/schema\/logo\/image\/","url":"https:\/\/pfeifenundzigarren.de\/wp-content\/uploads\/2024\/09\/cropped-Luxury-and-Vintage-Ornamental-Coffee-Shop-Logo.png","contentUrl":"https:\/\/pfeifenundzigarren.de\/wp-content\/uploads\/2024\/09\/cropped-Luxury-and-Vintage-Ornamental-Coffee-Shop-Logo.png","width":512,"height":512,"caption":"Der beste Onlineshop f\u00fcr Pfeifen und Zigarrenzubeh\u00f6r in Deutschland"},"image":{"@id":"https:\/\/pfeifenundzigarren.de\/#\/schema\/logo\/image\/"}}]}},"_links":{"self":[{"href":"https:\/\/pfeifenundzigarren.de\/es\/wp-json\/wp\/v2\/product\/6140","targetHints":{"allow":["GET"]}}],"collection":[{"href":"https:\/\/pfeifenundzigarren.de\/es\/wp-json\/wp\/v2\/product"}],"about":[{"href":"https:\/\/pfeifenundzigarren.de\/es\/wp-json\/wp\/v2\/types\/product"}],"replies":[{"embeddable":true,"href":"https:\/\/pfeifenundzigarren.de\/es\/wp-json\/wp\/v2\/comments?post=6140"}],"version-history":[{"count":1,"href":"https:\/\/pfeifenundzigarren.de\/es\/wp-json\/wp\/v2\/product\/6140\/revisions"}],"predecessor-version":[{"id":10482,"href":"https:\/\/pfeifenundzigarren.de\/es\/wp-json\/wp\/v2\/product\/6140\/revisions\/10482"}],"wp:featuredmedia":[{"embeddable":true,"href":"https:\/\/pfeifenundzigarren.de\/es\/wp-json\/wp\/v2\/media\/6141"}],"wp:attachment":[{"href":"https:\/\/pfeifenundzigarren.de\/es\/wp-json\/wp\/v2\/media?parent=6140"}],"wp:term":[{"taxonomy":"product_brand","embeddable":true,"href":"https:\/\/pfeifenundzigarren.de\/es\/wp-json\/wp\/v2\/product_brand?post=6140"},{"taxonomy":"product_cat","embeddable":true,"href":"https:\/\/pfeifenundzigarren.de\/es\/wp-json\/wp\/v2\/product_cat?post=6140"},{"taxonomy":"product_tag","embeddable":true,"href":"https:\/\/pfeifenundzigarren.de\/es\/wp-json\/wp\/v2\/product_tag?post=6140"}],"curies":[{"name":"wp","href":"https:\/\/api.w.org\/{rel}","templated":true}]}}