{"id":6045,"date":"2025-01-03T09:41:43","date_gmt":"2025-01-03T08:41:43","guid":{"rendered":"https:\/\/pfeifenundzigarren.de\/Produkt\/personalisierter-kreativer-metall-pfeifenstopfer-aus-bronze\/"},"modified":"2025-02-19T02:04:06","modified_gmt":"2025-02-19T01:04:06","slug":"personalisierter-kreativer-metall-pfeifenstopfer-aus-bronze","status":"publish","type":"product","link":"https:\/\/pfeifenundzigarren.de\/es\/Produkt\/personalisierter-kreativer-metall-pfeifenstopfer-aus-bronze\/","title":{"rendered":"Tap\u00f3n de pipa met\u00e1lico creativo personalizado de bronce"},"content":{"rendered":"<p>&nbsp;<\/p>\n<div class=\"product-specs-list-container\">\n<ul class=\"product-specs-list util-clearfix\">\n<li class=\"product-prop line-limit-length\"><span class=\"property-title\">Hign-concerned Chemical:\u00a0<\/span><span class=\"property-desc line-limit-length\">Ninguno<\/span><\/li>\n<li class=\"product-prop line-limit-length\"><span class=\"property-title\">Material:\u00a0<\/span><span class=\"property-desc line-limit-length\">Metal<\/span><\/li>\n<li class=\"product-prop line-limit-length\"><span class=\"property-title\">Origen:\u00a0<\/span><span class=\"property-desc line-limit-length\">China continental<\/span><\/li>\n<\/ul>\n<p>Pero si usted <a href=\"https:\/\/pfeifenundzigarren.de\/es\/\">Tuber\u00eda<\/a> fuma, \u00bfle parece que el tabaco no se condensa siempre? No se preocupe, pruebe nuestro <strong>tap\u00f3n de pipa personalizado de bronce<\/strong>. Tras su uso, comprobar\u00e1 que el tabaco se puede comprimir perfectamente y quemar de forma m\u00e1s completa, y que el mango ergon\u00f3mico y la superficie de prensado de dimensiones precisas pueden conseguir el mejor efecto de compresi\u00f3n.<\/p>\n<p>Pero lo que este <strong>tap\u00f3n de pipa personalizado de bronce<\/strong> es su toque personal. Por supuesto, puede ponerse en contacto con nosotros para que le grabemos sus iniciales o cualquier otro dise\u00f1o exclusivo que refleje su estilo personal. Le garantizo que se convertir\u00e1 en el recuerdo m\u00e1s valioso de su vida.<\/p>\n<\/div>\n<p><img decoding=\"async\" src=\"https:\/\/ae01.alicdn.com\/kf\/S5463029dff404bc6bbd598f7c5fdb13eU.jpg\" alt=\"\"><img decoding=\"async\" src=\"https:\/\/ae01.alicdn.com\/kf\/Sf32127738b95452a90d376ff77acabf7N.jpg\" alt=\"\"><img decoding=\"async\" src=\"https:\/\/ae01.alicdn.com\/kf\/Sc6dd37489ef043bb97eaa717c336839eB.jpg\" alt=\"\"><img decoding=\"async\" src=\"https:\/\/ae01.alicdn.com\/kf\/Sdebd59e6df954153860da23166fd7b7d8.jpg\" alt=\"\"><img decoding=\"async\" src=\"https:\/\/ae01.alicdn.com\/kf\/S906f2e7f44f3478da0401952fdc463a52.jpg\" alt=\"\"><img decoding=\"async\" src=\"https:\/\/ae01.alicdn.com\/kf\/Sd95bace66857475aa89168b40d5f4d02N.jpg\" alt=\"\"><img decoding=\"async\" src=\"https:\/\/ae01.alicdn.com\/kf\/S15c57ad144834cd28b36a1d54d5f5480K.jpg\" alt=\"\"><\/p>","protected":false},"excerpt":{"rendered":"<p>&nbsp; Hign-concerned Qu\u00edmica: Ninguna Material: Metal Origen: China continental Pero si fuma en pipa, notar\u00e1 que el tabaco no se convierte en pipa cada vez que fuma.<\/p>","protected":false},"featured_media":6046,"comment_status":"open","ping_status":"closed","template":"","meta":[],"product_brand":[],"product_cat":[386],"product_tag":[],"class_list":{"0":"post-6045","1":"product","2":"type-product","3":"status-publish","4":"has-post-thumbnail","6":"product_cat-pfeifenstopfer","8":"first","9":"instock","10":"sale","11":"shipping-taxable","12":"purchasable","13":"product-type-variable","14":"wvs-archive-product-wrapper"},"yoast_head":"<!-- This site is optimized with the Yoast SEO Premium plugin v26.7 (Yoast SEO v27.4) - https:\/\/yoast.com\/product\/yoast-seo-premium-wordpress\/ -->\n<title>personalisierter kreativer Metall-Pfeifenstopfer aus Bronze - Der beste Onlineshop f\u00fcr Pfeifen und Zigarrenzubeh\u00f6r in Deutschland<\/title>\n<meta name=\"robots\" content=\"index, follow, max-snippet:-1, max-image-preview:large, max-video-preview:-1\" \/>\n<link rel=\"canonical\" href=\"https:\/\/pfeifenundzigarren.de\/es\/Produkt\/personalisierter-kreativer-metall-pfeifenstopfer-aus-bronze\/\" \/>\n<meta property=\"og:locale\" content=\"es_ES\" \/>\n<meta property=\"og:type\" content=\"article\" \/>\n<meta property=\"og:title\" content=\"personalisierter kreativer Metall-Pfeifenstopfer aus Bronze\" \/>\n<meta property=\"og:description\" content=\"&nbsp; Hign-concerned Chemical:\u00a0None Material:\u00a0Metal Origin:\u00a0Mainland China Aber wenn Sie Pfeife rauchen, stellen Sie fest, dass sich der Tabak nicht jedes\" \/>\n<meta property=\"og:url\" content=\"https:\/\/pfeifenundzigarren.de\/es\/Produkt\/personalisierter-kreativer-metall-pfeifenstopfer-aus-bronze\/\" \/>\n<meta property=\"og:site_name\" content=\"Der beste Onlineshop f\u00fcr Pfeifen und Zigarrenzubeh\u00f6r in Deutschland\" \/>\n<meta property=\"article:modified_time\" content=\"2025-02-19T01:04:06+00:00\" \/>\n<meta property=\"og:image\" content=\"https:\/\/pfeifenundzigarren.de\/wp-content\/uploads\/2025\/01\/kf-Sed7f822fb3ca40fa8a4c2bc4ae0d7dddn.webp\" \/>\n\t<meta property=\"og:image:width\" content=\"800\" \/>\n\t<meta property=\"og:image:height\" content=\"800\" \/>\n\t<meta property=\"og:image:type\" content=\"image\/webp\" \/>\n<meta name=\"twitter:card\" content=\"summary_large_image\" \/>\n<meta name=\"twitter:label1\" content=\"Tiempo de lectura\" \/>\n\t<meta name=\"twitter:data1\" content=\"1 minuto\" \/>\n<script type=\"application\/ld+json\" class=\"yoast-schema-graph\">{\"@context\":\"https:\\\/\\\/schema.org\",\"@graph\":[{\"@type\":\"WebPage\",\"@id\":\"https:\\\/\\\/pfeifenundzigarren.de\\\/es\\\/Produkt\\\/personalisierter-kreativer-metall-pfeifenstopfer-aus-bronze\\\/\",\"url\":\"https:\\\/\\\/pfeifenundzigarren.de\\\/es\\\/Produkt\\\/personalisierter-kreativer-metall-pfeifenstopfer-aus-bronze\\\/\",\"name\":\"personalisierter kreativer Metall-Pfeifenstopfer aus Bronze - Der beste Onlineshop f\u00fcr Pfeifen und Zigarrenzubeh\u00f6r in Deutschland\",\"isPartOf\":{\"@id\":\"https:\\\/\\\/pfeifenundzigarren.de\\\/#website\"},\"primaryImageOfPage\":{\"@id\":\"https:\\\/\\\/pfeifenundzigarren.de\\\/es\\\/Produkt\\\/personalisierter-kreativer-metall-pfeifenstopfer-aus-bronze\\\/#primaryimage\"},\"image\":{\"@id\":\"https:\\\/\\\/pfeifenundzigarren.de\\\/es\\\/Produkt\\\/personalisierter-kreativer-metall-pfeifenstopfer-aus-bronze\\\/#primaryimage\"},\"thumbnailUrl\":\"https:\\\/\\\/pfeifenundzigarren.de\\\/wp-content\\\/uploads\\\/2025\\\/01\\\/kf-Sed7f822fb3ca40fa8a4c2bc4ae0d7dddn.webp\",\"datePublished\":\"2025-01-03T08:41:43+00:00\",\"dateModified\":\"2025-02-19T01:04:06+00:00\",\"breadcrumb\":{\"@id\":\"https:\\\/\\\/pfeifenundzigarren.de\\\/es\\\/Produkt\\\/personalisierter-kreativer-metall-pfeifenstopfer-aus-bronze\\\/#breadcrumb\"},\"inLanguage\":\"es\",\"potentialAction\":[{\"@type\":\"ReadAction\",\"target\":[\"https:\\\/\\\/pfeifenundzigarren.de\\\/es\\\/Produkt\\\/personalisierter-kreativer-metall-pfeifenstopfer-aus-bronze\\\/\"]}]},{\"@type\":\"ImageObject\",\"inLanguage\":\"es\",\"@id\":\"https:\\\/\\\/pfeifenundzigarren.de\\\/es\\\/Produkt\\\/personalisierter-kreativer-metall-pfeifenstopfer-aus-bronze\\\/#primaryimage\",\"url\":\"https:\\\/\\\/pfeifenundzigarren.de\\\/wp-content\\\/uploads\\\/2025\\\/01\\\/kf-Sed7f822fb3ca40fa8a4c2bc4ae0d7dddn.webp\",\"contentUrl\":\"https:\\\/\\\/pfeifenundzigarren.de\\\/wp-content\\\/uploads\\\/2025\\\/01\\\/kf-Sed7f822fb3ca40fa8a4c2bc4ae0d7dddn.webp\",\"width\":800,\"height\":800},{\"@type\":\"BreadcrumbList\",\"@id\":\"https:\\\/\\\/pfeifenundzigarren.de\\\/es\\\/Produkt\\\/personalisierter-kreativer-metall-pfeifenstopfer-aus-bronze\\\/#breadcrumb\",\"itemListElement\":[{\"@type\":\"ListItem\",\"position\":1,\"name\":\"Home\",\"item\":\"https:\\\/\\\/pfeifenundzigarren.de\\\/\"},{\"@type\":\"ListItem\",\"position\":2,\"name\":\"Shop\",\"item\":\"https:\\\/\\\/pfeifenundzigarren.de\\\/shop\\\/\"},{\"@type\":\"ListItem\",\"position\":3,\"name\":\"personalisierter kreativer Metall-Pfeifenstopfer aus Bronze\"}]},{\"@type\":\"WebSite\",\"@id\":\"https:\\\/\\\/pfeifenundzigarren.de\\\/#website\",\"url\":\"https:\\\/\\\/pfeifenundzigarren.de\\\/\",\"name\":\"Der beste Onlineshop f\u00fcr Pfeifen und Zigarrenzubeh\u00f6r in Deutschland\",\"description\":\"\",\"publisher\":{\"@id\":\"https:\\\/\\\/pfeifenundzigarren.de\\\/#organization\"},\"potentialAction\":[{\"@type\":\"SearchAction\",\"target\":{\"@type\":\"EntryPoint\",\"urlTemplate\":\"https:\\\/\\\/pfeifenundzigarren.de\\\/?s={search_term_string}\"},\"query-input\":{\"@type\":\"PropertyValueSpecification\",\"valueRequired\":true,\"valueName\":\"search_term_string\"}}],\"inLanguage\":\"es\"},{\"@type\":\"Organization\",\"@id\":\"https:\\\/\\\/pfeifenundzigarren.de\\\/#organization\",\"name\":\"Der beste Onlineshop f\u00fcr Pfeifen und Zigarrenzubeh\u00f6r in Deutschland\",\"url\":\"https:\\\/\\\/pfeifenundzigarren.de\\\/\",\"logo\":{\"@type\":\"ImageObject\",\"inLanguage\":\"es\",\"@id\":\"https:\\\/\\\/pfeifenundzigarren.de\\\/#\\\/schema\\\/logo\\\/image\\\/\",\"url\":\"https:\\\/\\\/pfeifenundzigarren.de\\\/wp-content\\\/uploads\\\/2024\\\/09\\\/cropped-Luxury-and-Vintage-Ornamental-Coffee-Shop-Logo.png\",\"contentUrl\":\"https:\\\/\\\/pfeifenundzigarren.de\\\/wp-content\\\/uploads\\\/2024\\\/09\\\/cropped-Luxury-and-Vintage-Ornamental-Coffee-Shop-Logo.png\",\"width\":512,\"height\":512,\"caption\":\"Der beste Onlineshop f\u00fcr Pfeifen und Zigarrenzubeh\u00f6r in Deutschland\"},\"image\":{\"@id\":\"https:\\\/\\\/pfeifenundzigarren.de\\\/#\\\/schema\\\/logo\\\/image\\\/\"}}]}<\/script>\n<!-- \/ Yoast SEO Premium plugin. -->","yoast_head_json":{"title":"personalisierter kreativer Metall-Pfeifenstopfer aus Bronze - Der beste Onlineshop f\u00fcr Pfeifen und Zigarrenzubeh\u00f6r in Deutschland","robots":{"index":"index","follow":"follow","max-snippet":"max-snippet:-1","max-image-preview":"max-image-preview:large","max-video-preview":"max-video-preview:-1"},"canonical":"https:\/\/pfeifenundzigarren.de\/es\/Produkt\/personalisierter-kreativer-metall-pfeifenstopfer-aus-bronze\/","og_locale":"es_ES","og_type":"article","og_title":"personalisierter kreativer Metall-Pfeifenstopfer aus Bronze","og_description":"&nbsp; Hign-concerned Chemical:\u00a0None Material:\u00a0Metal Origin:\u00a0Mainland China Aber wenn Sie Pfeife rauchen, stellen Sie fest, dass sich der Tabak nicht jedes","og_url":"https:\/\/pfeifenundzigarren.de\/es\/Produkt\/personalisierter-kreativer-metall-pfeifenstopfer-aus-bronze\/","og_site_name":"Der beste Onlineshop f\u00fcr Pfeifen und Zigarrenzubeh\u00f6r in Deutschland","article_modified_time":"2025-02-19T01:04:06+00:00","og_image":[{"width":800,"height":800,"url":"https:\/\/pfeifenundzigarren.de\/wp-content\/uploads\/2025\/01\/kf-Sed7f822fb3ca40fa8a4c2bc4ae0d7dddn.webp","type":"image\/webp"}],"twitter_card":"summary_large_image","twitter_misc":{"Tiempo de lectura":"1 minuto"},"schema":{"@context":"https:\/\/schema.org","@graph":[{"@type":"WebPage","@id":"https:\/\/pfeifenundzigarren.de\/es\/Produkt\/personalisierter-kreativer-metall-pfeifenstopfer-aus-bronze\/","url":"https:\/\/pfeifenundzigarren.de\/es\/Produkt\/personalisierter-kreativer-metall-pfeifenstopfer-aus-bronze\/","name":"personalisierter kreativer Metall-Pfeifenstopfer aus Bronze - Der beste Onlineshop f\u00fcr Pfeifen und Zigarrenzubeh\u00f6r in Deutschland","isPartOf":{"@id":"https:\/\/pfeifenundzigarren.de\/#website"},"primaryImageOfPage":{"@id":"https:\/\/pfeifenundzigarren.de\/es\/Produkt\/personalisierter-kreativer-metall-pfeifenstopfer-aus-bronze\/#primaryimage"},"image":{"@id":"https:\/\/pfeifenundzigarren.de\/es\/Produkt\/personalisierter-kreativer-metall-pfeifenstopfer-aus-bronze\/#primaryimage"},"thumbnailUrl":"https:\/\/pfeifenundzigarren.de\/wp-content\/uploads\/2025\/01\/kf-Sed7f822fb3ca40fa8a4c2bc4ae0d7dddn.webp","datePublished":"2025-01-03T08:41:43+00:00","dateModified":"2025-02-19T01:04:06+00:00","breadcrumb":{"@id":"https:\/\/pfeifenundzigarren.de\/es\/Produkt\/personalisierter-kreativer-metall-pfeifenstopfer-aus-bronze\/#breadcrumb"},"inLanguage":"es","potentialAction":[{"@type":"ReadAction","target":["https:\/\/pfeifenundzigarren.de\/es\/Produkt\/personalisierter-kreativer-metall-pfeifenstopfer-aus-bronze\/"]}]},{"@type":"ImageObject","inLanguage":"es","@id":"https:\/\/pfeifenundzigarren.de\/es\/Produkt\/personalisierter-kreativer-metall-pfeifenstopfer-aus-bronze\/#primaryimage","url":"https:\/\/pfeifenundzigarren.de\/wp-content\/uploads\/2025\/01\/kf-Sed7f822fb3ca40fa8a4c2bc4ae0d7dddn.webp","contentUrl":"https:\/\/pfeifenundzigarren.de\/wp-content\/uploads\/2025\/01\/kf-Sed7f822fb3ca40fa8a4c2bc4ae0d7dddn.webp","width":800,"height":800},{"@type":"BreadcrumbList","@id":"https:\/\/pfeifenundzigarren.de\/es\/Produkt\/personalisierter-kreativer-metall-pfeifenstopfer-aus-bronze\/#breadcrumb","itemListElement":[{"@type":"ListItem","position":1,"name":"Home","item":"https:\/\/pfeifenundzigarren.de\/"},{"@type":"ListItem","position":2,"name":"Shop","item":"https:\/\/pfeifenundzigarren.de\/shop\/"},{"@type":"ListItem","position":3,"name":"personalisierter kreativer Metall-Pfeifenstopfer aus Bronze"}]},{"@type":"WebSite","@id":"https:\/\/pfeifenundzigarren.de\/#website","url":"https:\/\/pfeifenundzigarren.de\/","name":"La mejor tienda en l\u00ednea de pipas y accesorios para puros de Alemania","description":"","publisher":{"@id":"https:\/\/pfeifenundzigarren.de\/#organization"},"potentialAction":[{"@type":"SearchAction","target":{"@type":"EntryPoint","urlTemplate":"https:\/\/pfeifenundzigarren.de\/?s={search_term_string}"},"query-input":{"@type":"PropertyValueSpecification","valueRequired":true,"valueName":"search_term_string"}}],"inLanguage":"es"},{"@type":"Organization","@id":"https:\/\/pfeifenundzigarren.de\/#organization","name":"La mejor tienda en l\u00ednea de pipas y accesorios para puros de Alemania","url":"https:\/\/pfeifenundzigarren.de\/","logo":{"@type":"ImageObject","inLanguage":"es","@id":"https:\/\/pfeifenundzigarren.de\/#\/schema\/logo\/image\/","url":"https:\/\/pfeifenundzigarren.de\/wp-content\/uploads\/2024\/09\/cropped-Luxury-and-Vintage-Ornamental-Coffee-Shop-Logo.png","contentUrl":"https:\/\/pfeifenundzigarren.de\/wp-content\/uploads\/2024\/09\/cropped-Luxury-and-Vintage-Ornamental-Coffee-Shop-Logo.png","width":512,"height":512,"caption":"Der beste Onlineshop f\u00fcr Pfeifen und Zigarrenzubeh\u00f6r in Deutschland"},"image":{"@id":"https:\/\/pfeifenundzigarren.de\/#\/schema\/logo\/image\/"}}]}},"_links":{"self":[{"href":"https:\/\/pfeifenundzigarren.de\/es\/wp-json\/wp\/v2\/product\/6045","targetHints":{"allow":["GET"]}}],"collection":[{"href":"https:\/\/pfeifenundzigarren.de\/es\/wp-json\/wp\/v2\/product"}],"about":[{"href":"https:\/\/pfeifenundzigarren.de\/es\/wp-json\/wp\/v2\/types\/product"}],"replies":[{"embeddable":true,"href":"https:\/\/pfeifenundzigarren.de\/es\/wp-json\/wp\/v2\/comments?post=6045"}],"version-history":[{"count":0,"href":"https:\/\/pfeifenundzigarren.de\/es\/wp-json\/wp\/v2\/product\/6045\/revisions"}],"wp:featuredmedia":[{"embeddable":true,"href":"https:\/\/pfeifenundzigarren.de\/es\/wp-json\/wp\/v2\/media\/6046"}],"wp:attachment":[{"href":"https:\/\/pfeifenundzigarren.de\/es\/wp-json\/wp\/v2\/media?parent=6045"}],"wp:term":[{"taxonomy":"product_brand","embeddable":true,"href":"https:\/\/pfeifenundzigarren.de\/es\/wp-json\/wp\/v2\/product_brand?post=6045"},{"taxonomy":"product_cat","embeddable":true,"href":"https:\/\/pfeifenundzigarren.de\/es\/wp-json\/wp\/v2\/product_cat?post=6045"},{"taxonomy":"product_tag","embeddable":true,"href":"https:\/\/pfeifenundzigarren.de\/es\/wp-json\/wp\/v2\/product_tag?post=6045"}],"curies":[{"name":"wp","href":"https:\/\/api.w.org\/{rel}","templated":true}]}}