{"id":6019,"date":"2025-01-03T09:17:54","date_gmt":"2025-01-03T08:17:54","guid":{"rendered":"https:\/\/pfeifenundzigarren.de\/Produkt\/2-in-1-multifunktions-pfeifenstopfer\/"},"modified":"2025-01-03T09:17:56","modified_gmt":"2025-01-03T08:17:56","slug":"2-in-1-multifunktions-pfeifenstopfer","status":"publish","type":"product","link":"https:\/\/pfeifenundzigarren.de\/es\/Produkt\/2-in-1-multifunktions-pfeifenstopfer\/","title":{"rendered":"Tap\u00f3n de tubo multifunci\u00f3n 2 en 1"},"content":{"rendered":"<div class=\"product-specs-list-container\">\n<ul class=\"product-specs-list util-clearfix\">\n<li class=\"product-prop line-limit-length\"><span\n\t\t\t\t\t\t\t\t\tclass=\"property-title\">Hign-concerned Chemical:&nbsp;<\/span><span\n\t\t\t\t\t\t\t\t\tclass=\"property-desc line-limit-length\">Ninguno<\/span>\n\t\t\t\t\t\t<\/li>\n<li class=\"product-prop line-limit-length\"><span\n\t\t\t\t\t\t\t\t\tclass=\"property-title\">Forma:&nbsp;<\/span><span\n\t\t\t\t\t\t\t\t\tclass=\"property-desc line-limit-length\">Tipo libre<\/span>\n\t\t\t\t\t\t<\/li>\n<li class=\"product-prop line-limit-length\"><span\n\t\t\t\t\t\t\t\t\tclass=\"property-title\">N\u00famero de modelo:&nbsp;<\/span><span\n\t\t\t\t\t\t\t\t\tclass=\"property-desc line-limit-length\">8Decc-014<\/span>\n\t\t\t\t\t\t<\/li>\n<li class=\"product-prop line-limit-length\"><span\n\t\t\t\t\t\t\t\t\tclass=\"property-title\">Material:&nbsp;<\/span><span\n\t\t\t\t\t\t\t\t\tclass=\"property-desc line-limit-length\">Metal<\/span>\n\t\t\t\t\t\t<\/li>\n<li class=\"product-prop line-limit-length\"><span\n\t\t\t\t\t\t\t\t\tclass=\"property-title\">Marca:&nbsp;<\/span><span\n\t\t\t\t\t\t\t\t\tclass=\"property-desc line-limit-length\">peat\u00f3n<\/span>\n\t\t\t\t\t\t<\/li>\n<li class=\"product-prop line-limit-length\"><span\n\t\t\t\t\t\t\t\t\tclass=\"property-title\">Origen:&nbsp;<\/span><span\n\t\t\t\t\t\t\t\t\tclass=\"property-desc line-limit-length\">China continental<\/span>\n\t\t\t\t\t\t<\/li>\n<li class=\"product-prop line-limit-length\"><span\n\t\t\t\t\t\t\t\t\tclass=\"property-title\">para:&nbsp;<\/span><span\n\t\t\t\t\t\t\t\t\tclass=\"property-desc line-limit-length\">Pipa de fumar<\/span>\n\t\t\t\t\t\t<\/li>\n<\/ul><\/div>\n<p><kse:widget data-widget-type=\"customText\" id=\"1005000006755601\" type=\"relation\"><\/kse:widget><\/p>\n<p><\/p>\n<p><span style=\"background-color:rgb(242, 242, 242);color:rgb(34, 34, 34);font-size:22px;font-family:Verdana, Geneva, Tahoma, sans-serif\">100% nuevo<br \/>\n<\/span><\/p>\n<p><span style=\"background-color:rgb(242, 242, 242);color:rgb(34, 34, 34);font-size:22px;font-family:Verdana, Geneva, Tahoma, sans-serif\"><br \/>\n<\/span><\/p>\n<p><span style=\"background-color:rgb(242, 242, 242);color:rgb(34, 34, 34);font-size:22px;font-family:Verdana, Geneva, Tahoma, sans-serif\">Art\u00edculos perfectos para la mayor\u00eda de los amantes de los puros<br \/>\n<\/span><\/p>\n<p><span style=\"background-color:rgb(242, 242, 242);color:rgb(34, 34, 34);font-size:22px;font-family:Verdana, Geneva, Tahoma, sans-serif\"><br \/>\n<\/span><\/p>\n<p><span style=\"background-color:rgb(242, 242, 242);color:rgb(34, 34, 34);font-size:22px;font-family:Verdana, Geneva, Tahoma, sans-serif\">Material: resina\/madera de palisandro + metal<br \/>\n<\/span><\/p>\n<p><span style=\"background-color:rgb(242, 242, 242);color:rgb(34, 34, 34);font-size:22px;font-family:Verdana, Geneva, Tahoma, sans-serif\"><br \/>\n<\/span><\/p>\n<p><span style=\"background-color:rgb(242, 242, 242);color:rgb(34, 34, 34);font-size:22px;font-family:Verdana, Geneva, Tahoma, sans-serif\">Color: Como muestra la imagen<\/span><\/p>\n<p><\/p>\n<p><span style=\"color:rgb(255, 0, 0)\"><strong><span style=\"font-size:16px\"><span style=\"font-family:verdana, geneva, sans-serif\">Notas:<\/span><\/span><\/strong><\/span><\/p>\n<div style=\"font-family:&quot;Open Sans&quot;, Roboto, Arial, Helvetica, sans-serif, SimSun;font-size:14px;font-weight:400;letter-spacing:normal;text-align:start;white-space:normal;color:rgb(34, 34, 34);background-color:rgb(255, 255, 255);margin:0px;margin-bottom:0px;margin-top:0px;margin-left:0px;margin-right:0px;padding:0px;padding-bottom:0px;padding-top:0px;padding-left:0px;padding-right:0px;box-sizing:content-box\" align=\"start\"><span style=\"color:rgb(255, 0, 0)\"><span style=\"font-size:16px\"><span style=\"font-family:verdana, geneva, sans-serif\">1. debido a la diferencia de ajuste de la luz y la pantalla, el color del art\u00edculo puede ser ligeramente diferente de las im\u00e1genes.<\/span><\/span><\/span><\/div>\n<div style=\"font-family:&quot;Open Sans&quot;, Roboto, Arial, Helvetica, sans-serif, SimSun;font-size:14px;font-weight:400;letter-spacing:normal;text-align:start;white-space:normal;color:rgb(34, 34, 34);background-color:rgb(255, 255, 255);margin:0px;margin-bottom:0px;margin-top:0px;margin-left:0px;margin-right:0px;padding:0px;padding-bottom:0px;padding-top:0px;padding-left:0px;padding-right:0px;box-sizing:content-box\" align=\"start\"><span style=\"color:rgb(255, 0, 0)\"><span style=\"font-size:16px\"><span style=\"font-family:verdana, geneva, sans-serif\">2. por favor, permita una ligera diferencia de dimensi\u00f3n debido a la medici\u00f3n manual diferente.<\/span><\/span><\/span><\/div>\n<div style=\"font-family:&quot;Open Sans&quot;, Roboto, Arial, Helvetica, sans-serif, SimSun;font-size:14px;font-weight:400;letter-spacing:normal;text-align:start;white-space:normal;color:rgb(34, 34, 34);background-color:rgb(255, 255, 255);margin:0px;margin-bottom:0px;margin-top:0px;margin-left:0px;margin-right:0px;padding:0px;padding-bottom:0px;padding-top:0px;padding-left:0px;padding-right:0px;box-sizing:content-box\" align=\"start\"><span style=\"color:rgb(255, 0, 0)\"><span style=\"font-size:16px\"><span style=\"font-family:verdana, geneva, sans-serif\">Si tiene alguna duda, p\u00f3ngase en contacto con nosotros a tiempo.<\/span><\/span><\/span><\/div>\n<p><img decoding=\"async\" src=\"https:\/\/ae01.alicdn.com\/kf\/Se24f2190542547cf9f48e5a5df0a21ed9.jpg\" slate-data-type=\"image\" alt=\"\"><img decoding=\"async\" src=\"https:\/\/ae01.alicdn.com\/kf\/Sfe2d5fb512674855b870bc6646819e1fE.jpg\" slate-data-type=\"image\" alt=\"\"><img decoding=\"async\" src=\"https:\/\/ae01.alicdn.com\/kf\/S6b4f53c3b28845f5b3e04037f1a0518eW.jpg\" slate-data-type=\"image\" alt=\"\"><img decoding=\"async\" src=\"https:\/\/ae01.alicdn.com\/kf\/Sab83850f38f24d9b9d2ed65641acc8fdF.jpg\" slate-data-type=\"image\" alt=\"\"><img decoding=\"async\" src=\"https:\/\/ae01.alicdn.com\/kf\/S14d64a37e05a43fe98cdcafdaf90972at.jpg\" slate-data-type=\"image\" alt=\"\"><img decoding=\"async\" src=\"https:\/\/ae01.alicdn.com\/kf\/S82fcccfd7bdf420d92675046e47c598dv.jpg\" slate-data-type=\"image\" alt=\"\"><img decoding=\"async\" src=\"https:\/\/ae01.alicdn.com\/kf\/S4b0706995e2645d5bc82806ce4522641n.jpg\" slate-data-type=\"image\" alt=\"\"><img decoding=\"async\" src=\"https:\/\/ae01.alicdn.com\/kf\/S4607e122f2c34041ab1d0fb2d5aa4c580.jpg\" slate-data-type=\"image\" alt=\"\"><img decoding=\"async\" src=\"https:\/\/ae01.alicdn.com\/kf\/Sd576d3f642964ce4a2d15ec3274f9c376.jpg\" slate-data-type=\"image\" alt=\"\"><\/p>","protected":false},"excerpt":{"rendered":"<p>Hign-concerned Qu\u00edmica: Ninguno Forma: Tipo libre N\u00famero de modelo: 8Decc-014 Material: Metal Marca: peat\u00f3n Origen: China continental para: Pipa de fumar 100% nuevo art\u00edculos perfectos para la mayor\u00eda de<\/p>","protected":false},"featured_media":6020,"comment_status":"open","ping_status":"closed","template":"","meta":[],"product_brand":[],"product_cat":[386],"product_tag":[],"class_list":{"0":"post-6019","1":"product","2":"type-product","3":"status-publish","4":"has-post-thumbnail","6":"product_cat-pfeifenstopfer","8":"first","9":"instock","10":"sale","11":"shipping-taxable","12":"purchasable","13":"product-type-variable","14":"wvs-archive-product-wrapper"},"yoast_head":"<!-- This site is optimized with the Yoast SEO Premium plugin v26.7 (Yoast SEO v27.4) - https:\/\/yoast.com\/product\/yoast-seo-premium-wordpress\/ -->\n<title>2-in-1 Multifunktions-Pfeifenstopfer - Der beste Onlineshop f\u00fcr Pfeifen und Zigarrenzubeh\u00f6r in Deutschland<\/title>\n<meta name=\"robots\" content=\"index, follow, max-snippet:-1, max-image-preview:large, max-video-preview:-1\" \/>\n<link rel=\"canonical\" href=\"https:\/\/pfeifenundzigarren.de\/es\/Produkt\/2-in-1-multifunktions-pfeifenstopfer\/\" \/>\n<meta property=\"og:locale\" content=\"es_ES\" \/>\n<meta property=\"og:type\" content=\"article\" \/>\n<meta property=\"og:title\" content=\"2-in-1 Multifunktions-Pfeifenstopfer\" \/>\n<meta property=\"og:description\" content=\"Hign-concerned Chemical:&nbsp;None Shape:&nbsp;Free Type Model Number:&nbsp;8Decc-014 Material:&nbsp;Metal Brand Name:&nbsp;pedestrian Origin:&nbsp;Mainland China for:&nbsp;Smoking Pipe 100% brand new Perfect items for most\" \/>\n<meta property=\"og:url\" content=\"https:\/\/pfeifenundzigarren.de\/es\/Produkt\/2-in-1-multifunktions-pfeifenstopfer\/\" \/>\n<meta property=\"og:site_name\" content=\"Der beste Onlineshop f\u00fcr Pfeifen und Zigarrenzubeh\u00f6r in Deutschland\" \/>\n<meta property=\"article:modified_time\" content=\"2025-01-03T08:17:56+00:00\" \/>\n<meta property=\"og:image\" content=\"https:\/\/pfeifenundzigarren.de\/wp-content\/uploads\/2025\/01\/kf-S90108e98ae69434993a527fe6add935fH.webp\" \/>\n\t<meta property=\"og:image:width\" content=\"800\" \/>\n\t<meta property=\"og:image:height\" content=\"800\" \/>\n\t<meta property=\"og:image:type\" content=\"image\/webp\" \/>\n<meta name=\"twitter:card\" content=\"summary_large_image\" \/>\n<script type=\"application\/ld+json\" class=\"yoast-schema-graph\">{\"@context\":\"https:\\\/\\\/schema.org\",\"@graph\":[{\"@type\":\"WebPage\",\"@id\":\"https:\\\/\\\/pfeifenundzigarren.de\\\/Produkt\\\/2-in-1-multifunktions-pfeifenstopfer\\\/\",\"url\":\"https:\\\/\\\/pfeifenundzigarren.de\\\/Produkt\\\/2-in-1-multifunktions-pfeifenstopfer\\\/\",\"name\":\"2-in-1 Multifunktions-Pfeifenstopfer - Der beste Onlineshop f\u00fcr Pfeifen und Zigarrenzubeh\u00f6r in Deutschland\",\"isPartOf\":{\"@id\":\"https:\\\/\\\/pfeifenundzigarren.de\\\/#website\"},\"primaryImageOfPage\":{\"@id\":\"https:\\\/\\\/pfeifenundzigarren.de\\\/Produkt\\\/2-in-1-multifunktions-pfeifenstopfer\\\/#primaryimage\"},\"image\":{\"@id\":\"https:\\\/\\\/pfeifenundzigarren.de\\\/Produkt\\\/2-in-1-multifunktions-pfeifenstopfer\\\/#primaryimage\"},\"thumbnailUrl\":\"https:\\\/\\\/pfeifenundzigarren.de\\\/wp-content\\\/uploads\\\/2025\\\/01\\\/kf-S90108e98ae69434993a527fe6add935fH.webp\",\"datePublished\":\"2025-01-03T08:17:54+00:00\",\"dateModified\":\"2025-01-03T08:17:56+00:00\",\"breadcrumb\":{\"@id\":\"https:\\\/\\\/pfeifenundzigarren.de\\\/Produkt\\\/2-in-1-multifunktions-pfeifenstopfer\\\/#breadcrumb\"},\"inLanguage\":\"es\",\"potentialAction\":[{\"@type\":\"ReadAction\",\"target\":[\"https:\\\/\\\/pfeifenundzigarren.de\\\/Produkt\\\/2-in-1-multifunktions-pfeifenstopfer\\\/\"]}]},{\"@type\":\"ImageObject\",\"inLanguage\":\"es\",\"@id\":\"https:\\\/\\\/pfeifenundzigarren.de\\\/Produkt\\\/2-in-1-multifunktions-pfeifenstopfer\\\/#primaryimage\",\"url\":\"https:\\\/\\\/pfeifenundzigarren.de\\\/wp-content\\\/uploads\\\/2025\\\/01\\\/kf-S90108e98ae69434993a527fe6add935fH.webp\",\"contentUrl\":\"https:\\\/\\\/pfeifenundzigarren.de\\\/wp-content\\\/uploads\\\/2025\\\/01\\\/kf-S90108e98ae69434993a527fe6add935fH.webp\",\"width\":800,\"height\":800},{\"@type\":\"BreadcrumbList\",\"@id\":\"https:\\\/\\\/pfeifenundzigarren.de\\\/Produkt\\\/2-in-1-multifunktions-pfeifenstopfer\\\/#breadcrumb\",\"itemListElement\":[{\"@type\":\"ListItem\",\"position\":1,\"name\":\"Home\",\"item\":\"https:\\\/\\\/pfeifenundzigarren.de\\\/\"},{\"@type\":\"ListItem\",\"position\":2,\"name\":\"Shop\",\"item\":\"https:\\\/\\\/pfeifenundzigarren.de\\\/shop\\\/\"},{\"@type\":\"ListItem\",\"position\":3,\"name\":\"2-in-1 Multifunktions-Pfeifenstopfer\"}]},{\"@type\":\"WebSite\",\"@id\":\"https:\\\/\\\/pfeifenundzigarren.de\\\/#website\",\"url\":\"https:\\\/\\\/pfeifenundzigarren.de\\\/\",\"name\":\"Der beste Onlineshop f\u00fcr Pfeifen und Zigarrenzubeh\u00f6r in Deutschland\",\"description\":\"\",\"publisher\":{\"@id\":\"https:\\\/\\\/pfeifenundzigarren.de\\\/#organization\"},\"potentialAction\":[{\"@type\":\"SearchAction\",\"target\":{\"@type\":\"EntryPoint\",\"urlTemplate\":\"https:\\\/\\\/pfeifenundzigarren.de\\\/?s={search_term_string}\"},\"query-input\":{\"@type\":\"PropertyValueSpecification\",\"valueRequired\":true,\"valueName\":\"search_term_string\"}}],\"inLanguage\":\"es\"},{\"@type\":\"Organization\",\"@id\":\"https:\\\/\\\/pfeifenundzigarren.de\\\/#organization\",\"name\":\"Der beste Onlineshop f\u00fcr Pfeifen und Zigarrenzubeh\u00f6r in Deutschland\",\"url\":\"https:\\\/\\\/pfeifenundzigarren.de\\\/\",\"logo\":{\"@type\":\"ImageObject\",\"inLanguage\":\"es\",\"@id\":\"https:\\\/\\\/pfeifenundzigarren.de\\\/#\\\/schema\\\/logo\\\/image\\\/\",\"url\":\"https:\\\/\\\/pfeifenundzigarren.de\\\/wp-content\\\/uploads\\\/2024\\\/09\\\/cropped-Luxury-and-Vintage-Ornamental-Coffee-Shop-Logo.png\",\"contentUrl\":\"https:\\\/\\\/pfeifenundzigarren.de\\\/wp-content\\\/uploads\\\/2024\\\/09\\\/cropped-Luxury-and-Vintage-Ornamental-Coffee-Shop-Logo.png\",\"width\":512,\"height\":512,\"caption\":\"Der beste Onlineshop f\u00fcr Pfeifen und Zigarrenzubeh\u00f6r in Deutschland\"},\"image\":{\"@id\":\"https:\\\/\\\/pfeifenundzigarren.de\\\/#\\\/schema\\\/logo\\\/image\\\/\"}}]}<\/script>\n<!-- \/ Yoast SEO Premium plugin. -->","yoast_head_json":{"title":"2-in-1 Multifunktions-Pfeifenstopfer - Der beste Onlineshop f\u00fcr Pfeifen und Zigarrenzubeh\u00f6r in Deutschland","robots":{"index":"index","follow":"follow","max-snippet":"max-snippet:-1","max-image-preview":"max-image-preview:large","max-video-preview":"max-video-preview:-1"},"canonical":"https:\/\/pfeifenundzigarren.de\/es\/Produkt\/2-in-1-multifunktions-pfeifenstopfer\/","og_locale":"es_ES","og_type":"article","og_title":"2-in-1 Multifunktions-Pfeifenstopfer","og_description":"Hign-concerned Chemical:&nbsp;None Shape:&nbsp;Free Type Model Number:&nbsp;8Decc-014 Material:&nbsp;Metal Brand Name:&nbsp;pedestrian Origin:&nbsp;Mainland China for:&nbsp;Smoking Pipe 100% brand new Perfect items for most","og_url":"https:\/\/pfeifenundzigarren.de\/es\/Produkt\/2-in-1-multifunktions-pfeifenstopfer\/","og_site_name":"Der beste Onlineshop f\u00fcr Pfeifen und Zigarrenzubeh\u00f6r in Deutschland","article_modified_time":"2025-01-03T08:17:56+00:00","og_image":[{"width":800,"height":800,"url":"https:\/\/pfeifenundzigarren.de\/wp-content\/uploads\/2025\/01\/kf-S90108e98ae69434993a527fe6add935fH.webp","type":"image\/webp"}],"twitter_card":"summary_large_image","schema":{"@context":"https:\/\/schema.org","@graph":[{"@type":"WebPage","@id":"https:\/\/pfeifenundzigarren.de\/Produkt\/2-in-1-multifunktions-pfeifenstopfer\/","url":"https:\/\/pfeifenundzigarren.de\/Produkt\/2-in-1-multifunktions-pfeifenstopfer\/","name":"2-in-1 Multifunktions-Pfeifenstopfer - Der beste Onlineshop f\u00fcr Pfeifen und Zigarrenzubeh\u00f6r in Deutschland","isPartOf":{"@id":"https:\/\/pfeifenundzigarren.de\/#website"},"primaryImageOfPage":{"@id":"https:\/\/pfeifenundzigarren.de\/Produkt\/2-in-1-multifunktions-pfeifenstopfer\/#primaryimage"},"image":{"@id":"https:\/\/pfeifenundzigarren.de\/Produkt\/2-in-1-multifunktions-pfeifenstopfer\/#primaryimage"},"thumbnailUrl":"https:\/\/pfeifenundzigarren.de\/wp-content\/uploads\/2025\/01\/kf-S90108e98ae69434993a527fe6add935fH.webp","datePublished":"2025-01-03T08:17:54+00:00","dateModified":"2025-01-03T08:17:56+00:00","breadcrumb":{"@id":"https:\/\/pfeifenundzigarren.de\/Produkt\/2-in-1-multifunktions-pfeifenstopfer\/#breadcrumb"},"inLanguage":"es","potentialAction":[{"@type":"ReadAction","target":["https:\/\/pfeifenundzigarren.de\/Produkt\/2-in-1-multifunktions-pfeifenstopfer\/"]}]},{"@type":"ImageObject","inLanguage":"es","@id":"https:\/\/pfeifenundzigarren.de\/Produkt\/2-in-1-multifunktions-pfeifenstopfer\/#primaryimage","url":"https:\/\/pfeifenundzigarren.de\/wp-content\/uploads\/2025\/01\/kf-S90108e98ae69434993a527fe6add935fH.webp","contentUrl":"https:\/\/pfeifenundzigarren.de\/wp-content\/uploads\/2025\/01\/kf-S90108e98ae69434993a527fe6add935fH.webp","width":800,"height":800},{"@type":"BreadcrumbList","@id":"https:\/\/pfeifenundzigarren.de\/Produkt\/2-in-1-multifunktions-pfeifenstopfer\/#breadcrumb","itemListElement":[{"@type":"ListItem","position":1,"name":"Home","item":"https:\/\/pfeifenundzigarren.de\/"},{"@type":"ListItem","position":2,"name":"Shop","item":"https:\/\/pfeifenundzigarren.de\/shop\/"},{"@type":"ListItem","position":3,"name":"2-in-1 Multifunktions-Pfeifenstopfer"}]},{"@type":"WebSite","@id":"https:\/\/pfeifenundzigarren.de\/#website","url":"https:\/\/pfeifenundzigarren.de\/","name":"La mejor tienda en l\u00ednea de pipas y accesorios para puros de Alemania","description":"","publisher":{"@id":"https:\/\/pfeifenundzigarren.de\/#organization"},"potentialAction":[{"@type":"SearchAction","target":{"@type":"EntryPoint","urlTemplate":"https:\/\/pfeifenundzigarren.de\/?s={search_term_string}"},"query-input":{"@type":"PropertyValueSpecification","valueRequired":true,"valueName":"search_term_string"}}],"inLanguage":"es"},{"@type":"Organization","@id":"https:\/\/pfeifenundzigarren.de\/#organization","name":"La mejor tienda en l\u00ednea de pipas y accesorios para puros de Alemania","url":"https:\/\/pfeifenundzigarren.de\/","logo":{"@type":"ImageObject","inLanguage":"es","@id":"https:\/\/pfeifenundzigarren.de\/#\/schema\/logo\/image\/","url":"https:\/\/pfeifenundzigarren.de\/wp-content\/uploads\/2024\/09\/cropped-Luxury-and-Vintage-Ornamental-Coffee-Shop-Logo.png","contentUrl":"https:\/\/pfeifenundzigarren.de\/wp-content\/uploads\/2024\/09\/cropped-Luxury-and-Vintage-Ornamental-Coffee-Shop-Logo.png","width":512,"height":512,"caption":"Der beste Onlineshop f\u00fcr Pfeifen und Zigarrenzubeh\u00f6r in Deutschland"},"image":{"@id":"https:\/\/pfeifenundzigarren.de\/#\/schema\/logo\/image\/"}}]}},"_links":{"self":[{"href":"https:\/\/pfeifenundzigarren.de\/es\/wp-json\/wp\/v2\/product\/6019","targetHints":{"allow":["GET"]}}],"collection":[{"href":"https:\/\/pfeifenundzigarren.de\/es\/wp-json\/wp\/v2\/product"}],"about":[{"href":"https:\/\/pfeifenundzigarren.de\/es\/wp-json\/wp\/v2\/types\/product"}],"replies":[{"embeddable":true,"href":"https:\/\/pfeifenundzigarren.de\/es\/wp-json\/wp\/v2\/comments?post=6019"}],"version-history":[{"count":0,"href":"https:\/\/pfeifenundzigarren.de\/es\/wp-json\/wp\/v2\/product\/6019\/revisions"}],"wp:featuredmedia":[{"embeddable":true,"href":"https:\/\/pfeifenundzigarren.de\/es\/wp-json\/wp\/v2\/media\/6020"}],"wp:attachment":[{"href":"https:\/\/pfeifenundzigarren.de\/es\/wp-json\/wp\/v2\/media?parent=6019"}],"wp:term":[{"taxonomy":"product_brand","embeddable":true,"href":"https:\/\/pfeifenundzigarren.de\/es\/wp-json\/wp\/v2\/product_brand?post=6019"},{"taxonomy":"product_cat","embeddable":true,"href":"https:\/\/pfeifenundzigarren.de\/es\/wp-json\/wp\/v2\/product_cat?post=6019"},{"taxonomy":"product_tag","embeddable":true,"href":"https:\/\/pfeifenundzigarren.de\/es\/wp-json\/wp\/v2\/product_tag?post=6019"}],"curies":[{"name":"wp","href":"https:\/\/api.w.org\/{rel}","templated":true}]}}