{"id":5873,"date":"2024-12-19T07:13:39","date_gmt":"2024-12-19T06:13:39","guid":{"rendered":"https:\/\/pfeifenundzigarren.de\/Produkt\/edelstahl-pfeifenreiniger-fuer-pfeifenraucher\/"},"modified":"2024-12-19T08:13:30","modified_gmt":"2024-12-19T07:13:30","slug":"edelstahl-pfeifenreiniger-fuer-pfeifenraucher","status":"publish","type":"product","link":"https:\/\/pfeifenundzigarren.de\/es\/Produkt\/edelstahl-pfeifenreiniger-fuer-pfeifenraucher\/","title":{"rendered":"Limpiapipas de acero inoxidable para fumadores de pipa"},"content":{"rendered":"<p>Forma: Versi\u00f3n recta<br \/>\nModelo: Prensa para pipas de tabaco<br \/>\nMaterial: Madera<br \/>\nMarca: Cattabby<br \/>\nOrigen: China continental<br \/>\nCaracter\u00edsticas:<br \/>\nArt\u00edculo: Prensa de madera para pipas, varilla para prensar pipas, limpiador de pipas de tabaco, taladro de aguja para pasos de puros, herramienta de limpieza de pipas de tabaco<br \/>\nMaterial: madera + metal<br \/>\nTama\u00f1o: 94 mm\/3,7 pulgadas<br \/>\nEl paquete contiene:<br \/>\n1 pieza * Prensa de pipa de tabaco, varilla de prensa de pipa, limpiador de pipa de tabaco, taladro de aguja para pasajes de puros<img decoding=\"async\" src=\"https:\/\/ae01.alicdn.com\/kf\/S0a470d4b9af148159cab1d560eeb633eP.jpg?width=800&amp;height=800&amp;hash=1600\" alt=\"\"><img decoding=\"async\" src=\"https:\/\/ae01.alicdn.com\/kf\/Scc4c5f9e69e84ba89f884b0f247de56ca.jpg?width=800&amp;height=800&amp;hash=1600\" alt=\"\"><img decoding=\"async\" src=\"https:\/\/ae01.alicdn.com\/kf\/S350cce811e2e4a1594c863b42417cbdbe.jpg?width=800&amp;height=800&amp;hash=1600\" alt=\"\"><img decoding=\"async\" src=\"https:\/\/ae01.alicdn.com\/kf\/Sa0d4c3ab45d444f79d2cd06ba231c7b2m.jpg?width=800&amp;height=800&amp;hash=1600\" alt=\"\"><img decoding=\"async\" style=\"width: 800px; height: 843px;\" src=\"https:\/\/ae01.alicdn.com\/kf\/S5b52d0176c5c4e70a682874691694773T.jpg?width=750&amp;height=790&amp;hash=1540\" alt=\"\"><img decoding=\"async\" src=\"https:\/\/ae01.alicdn.com\/kf\/S017e12813bd2466abc6b13ef737a214fb.jpg?width=800&amp;height=800&amp;hash=1600\" alt=\"\"><img decoding=\"async\" style=\"width: 800px; height: 800px;\" src=\"https:\/\/ae01.alicdn.com\/kf\/S73849650797a4d4cb5b7993a6a8c31d58.jpg?width=800&amp;height=800&amp;hash=1600\" alt=\"\"><img decoding=\"async\" style=\"width: 800px; height: 947px;\" src=\"https:\/\/ae01.alicdn.com\/kf\/Sb8ee863ac1574fe8ba4c307713a040d2h.jpg?width=750&amp;height=888&amp;hash=1638\" alt=\"\"><img decoding=\"async\" style=\"width: 800px; height: 1043px;\" src=\"https:\/\/ae01.alicdn.com\/kf\/S27791d54453041069b7b2bb14e0af50bL.jpg?width=750&amp;height=978&amp;hash=1728\" alt=\"\"><img decoding=\"async\" style=\"width: 800px; height: 862px;\" src=\"https:\/\/ae01.alicdn.com\/kf\/S0f011cca5df545acb368e2f2b5d1bde05.jpg?width=750&amp;height=808&amp;hash=1558\" alt=\"\"><img decoding=\"async\" style=\"width: 800px; height: 855px;\" src=\"https:\/\/ae01.alicdn.com\/kf\/S6937f0b3c9d54889861a240c40bfa25d2.jpg?width=750&amp;height=802&amp;hash=1552\" alt=\"\"><img decoding=\"async\" style=\"width: 800px; height: 698px;\" src=\"https:\/\/ae01.alicdn.com\/kf\/Sf79155b531ce45d887f393ca4e74032aR.jpg?width=750&amp;height=654&amp;hash=1404\" alt=\"\"><img decoding=\"async\" style=\"width: 800px; height: 322px;\" src=\"https:\/\/ae01.alicdn.com\/kf\/S470dbcf8613f4a77978cb2b263dc5147W.jpg?width=750&amp;height=302&amp;hash=1052\" alt=\"\"><img decoding=\"async\" style=\"width: 800px; height: 652px;\" src=\"https:\/\/ae01.alicdn.com\/kf\/S2de556d5e1ad40b1bfc72ce2bb674eec4.jpg?width=750&amp;height=611&amp;hash=1361\" alt=\"\"><img decoding=\"async\" style=\"width: 800px; height: 406px;\" src=\"https:\/\/ae01.alicdn.com\/kf\/S23ef12036c6d41399848f618d1dc48bfS.jpg?width=750&amp;height=381&amp;hash=1131\" alt=\"\"><img decoding=\"async\" style=\"width: 800px; height: 831px;\" src=\"https:\/\/ae01.alicdn.com\/kf\/S198f052f1f114e6e891391b726bf1d124.jpg?width=750&amp;height=779&amp;hash=1529\" alt=\"\"><\/p>\n<div class=\"detailmodule_html\">\n<div class=\"detail-desc-decorate-richtext\">\n<div style=\"font-size: 0; line-height: 0;\" title=\"SHOPTOOL_POSITION_BOTTOM_END\"><\/div>\n<\/div>\n<\/div>","protected":false},"excerpt":{"rendered":"<p>Form: Gerade Ausf\u00fchrung Modellnummer: Tabakpfeifenpresse Material: Holz Markenname: Cattabby Herkunft: Festlandchina Merkmale: Artikel: Holzpfeifenpresse, Pfeifenpressstab, Tabakpfeifenreiniger, Nadelbohrer f\u00fcr Zigarrenpassagen, Tabakpfeifenreinigungswerkzeug<\/p>","protected":false},"featured_media":5874,"comment_status":"open","ping_status":"closed","template":"","meta":[],"product_brand":[],"product_cat":[70],"product_tag":[],"class_list":{"0":"post-5873","1":"product","2":"type-product","3":"status-publish","4":"has-post-thumbnail","6":"product_cat-pfeife","8":"first","9":"instock","10":"shipping-taxable","11":"purchasable","12":"product-type-simple"},"yoast_head":"<!-- This site is optimized with the Yoast SEO Premium plugin v26.7 (Yoast SEO v27.4) - https:\/\/yoast.com\/product\/yoast-seo-premium-wordpress\/ -->\n<title>Edelstahl Pfeifenreiniger f\u00fcr Pfeifenraucher - Der beste Onlineshop f\u00fcr Pfeifen und Zigarrenzubeh\u00f6r in Deutschland<\/title>\n<meta name=\"robots\" content=\"index, follow, max-snippet:-1, max-image-preview:large, max-video-preview:-1\" \/>\n<link rel=\"canonical\" href=\"https:\/\/pfeifenundzigarren.de\/es\/Produkt\/edelstahl-pfeifenreiniger-fuer-pfeifenraucher\/\" \/>\n<meta property=\"og:locale\" content=\"es_ES\" \/>\n<meta property=\"og:type\" content=\"article\" \/>\n<meta property=\"og:title\" content=\"Edelstahl Pfeifenreiniger f\u00fcr Pfeifenraucher\" \/>\n<meta property=\"og:description\" content=\"Form: Gerade Ausf\u00fchrung Modellnummer: Tabakpfeifenpresse Material: Holz Markenname: Cattabby Herkunft: Festlandchina Merkmale: Artikel: Holzpfeifenpresse, Pfeifenpressstab, Tabakpfeifenreiniger, Nadelbohrer f\u00fcr Zigarrenpassagen, Tabakpfeifenreinigungswerkzeug\" \/>\n<meta property=\"og:url\" content=\"https:\/\/pfeifenundzigarren.de\/es\/Produkt\/edelstahl-pfeifenreiniger-fuer-pfeifenraucher\/\" \/>\n<meta property=\"og:site_name\" content=\"Der beste Onlineshop f\u00fcr Pfeifen und Zigarrenzubeh\u00f6r in Deutschland\" \/>\n<meta property=\"article:modified_time\" content=\"2024-12-19T07:13:30+00:00\" \/>\n<meta property=\"og:image\" content=\"https:\/\/pfeifenundzigarren.de\/wp-content\/uploads\/2024\/12\/kf-Sacaefe1c55274114a8475a9c863e099fz.webp\" \/>\n\t<meta property=\"og:image:width\" content=\"800\" \/>\n\t<meta property=\"og:image:height\" content=\"800\" \/>\n\t<meta property=\"og:image:type\" content=\"image\/webp\" \/>\n<meta name=\"twitter:card\" content=\"summary_large_image\" \/>\n<script type=\"application\/ld+json\" class=\"yoast-schema-graph\">{\"@context\":\"https:\\\/\\\/schema.org\",\"@graph\":[{\"@type\":\"WebPage\",\"@id\":\"https:\\\/\\\/pfeifenundzigarren.de\\\/Produkt\\\/edelstahl-pfeifenreiniger-fuer-pfeifenraucher\\\/\",\"url\":\"https:\\\/\\\/pfeifenundzigarren.de\\\/Produkt\\\/edelstahl-pfeifenreiniger-fuer-pfeifenraucher\\\/\",\"name\":\"Edelstahl Pfeifenreiniger f\u00fcr Pfeifenraucher - Der beste Onlineshop f\u00fcr Pfeifen und Zigarrenzubeh\u00f6r in Deutschland\",\"isPartOf\":{\"@id\":\"https:\\\/\\\/pfeifenundzigarren.de\\\/#website\"},\"primaryImageOfPage\":{\"@id\":\"https:\\\/\\\/pfeifenundzigarren.de\\\/Produkt\\\/edelstahl-pfeifenreiniger-fuer-pfeifenraucher\\\/#primaryimage\"},\"image\":{\"@id\":\"https:\\\/\\\/pfeifenundzigarren.de\\\/Produkt\\\/edelstahl-pfeifenreiniger-fuer-pfeifenraucher\\\/#primaryimage\"},\"thumbnailUrl\":\"https:\\\/\\\/pfeifenundzigarren.de\\\/wp-content\\\/uploads\\\/2024\\\/12\\\/kf-Sacaefe1c55274114a8475a9c863e099fz.webp\",\"datePublished\":\"2024-12-19T06:13:39+00:00\",\"dateModified\":\"2024-12-19T07:13:30+00:00\",\"breadcrumb\":{\"@id\":\"https:\\\/\\\/pfeifenundzigarren.de\\\/Produkt\\\/edelstahl-pfeifenreiniger-fuer-pfeifenraucher\\\/#breadcrumb\"},\"inLanguage\":\"es\",\"potentialAction\":[{\"@type\":\"ReadAction\",\"target\":[\"https:\\\/\\\/pfeifenundzigarren.de\\\/Produkt\\\/edelstahl-pfeifenreiniger-fuer-pfeifenraucher\\\/\"]}]},{\"@type\":\"ImageObject\",\"inLanguage\":\"es\",\"@id\":\"https:\\\/\\\/pfeifenundzigarren.de\\\/Produkt\\\/edelstahl-pfeifenreiniger-fuer-pfeifenraucher\\\/#primaryimage\",\"url\":\"https:\\\/\\\/pfeifenundzigarren.de\\\/wp-content\\\/uploads\\\/2024\\\/12\\\/kf-Sacaefe1c55274114a8475a9c863e099fz.webp\",\"contentUrl\":\"https:\\\/\\\/pfeifenundzigarren.de\\\/wp-content\\\/uploads\\\/2024\\\/12\\\/kf-Sacaefe1c55274114a8475a9c863e099fz.webp\",\"width\":800,\"height\":800,\"caption\":\"Edelstahl Pfeifenreiniger f\u00fcr Pfeifenraucher\"},{\"@type\":\"BreadcrumbList\",\"@id\":\"https:\\\/\\\/pfeifenundzigarren.de\\\/Produkt\\\/edelstahl-pfeifenreiniger-fuer-pfeifenraucher\\\/#breadcrumb\",\"itemListElement\":[{\"@type\":\"ListItem\",\"position\":1,\"name\":\"Home\",\"item\":\"https:\\\/\\\/pfeifenundzigarren.de\\\/\"},{\"@type\":\"ListItem\",\"position\":2,\"name\":\"Shop\",\"item\":\"https:\\\/\\\/pfeifenundzigarren.de\\\/shop\\\/\"},{\"@type\":\"ListItem\",\"position\":3,\"name\":\"Edelstahl Pfeifenreiniger f\u00fcr Pfeifenraucher\"}]},{\"@type\":\"WebSite\",\"@id\":\"https:\\\/\\\/pfeifenundzigarren.de\\\/#website\",\"url\":\"https:\\\/\\\/pfeifenundzigarren.de\\\/\",\"name\":\"Der beste Onlineshop f\u00fcr Pfeifen und Zigarrenzubeh\u00f6r in Deutschland\",\"description\":\"\",\"publisher\":{\"@id\":\"https:\\\/\\\/pfeifenundzigarren.de\\\/#organization\"},\"potentialAction\":[{\"@type\":\"SearchAction\",\"target\":{\"@type\":\"EntryPoint\",\"urlTemplate\":\"https:\\\/\\\/pfeifenundzigarren.de\\\/?s={search_term_string}\"},\"query-input\":{\"@type\":\"PropertyValueSpecification\",\"valueRequired\":true,\"valueName\":\"search_term_string\"}}],\"inLanguage\":\"es\"},{\"@type\":\"Organization\",\"@id\":\"https:\\\/\\\/pfeifenundzigarren.de\\\/#organization\",\"name\":\"Der beste Onlineshop f\u00fcr Pfeifen und Zigarrenzubeh\u00f6r in Deutschland\",\"url\":\"https:\\\/\\\/pfeifenundzigarren.de\\\/\",\"logo\":{\"@type\":\"ImageObject\",\"inLanguage\":\"es\",\"@id\":\"https:\\\/\\\/pfeifenundzigarren.de\\\/#\\\/schema\\\/logo\\\/image\\\/\",\"url\":\"https:\\\/\\\/pfeifenundzigarren.de\\\/wp-content\\\/uploads\\\/2024\\\/09\\\/cropped-Luxury-and-Vintage-Ornamental-Coffee-Shop-Logo.png\",\"contentUrl\":\"https:\\\/\\\/pfeifenundzigarren.de\\\/wp-content\\\/uploads\\\/2024\\\/09\\\/cropped-Luxury-and-Vintage-Ornamental-Coffee-Shop-Logo.png\",\"width\":512,\"height\":512,\"caption\":\"Der beste Onlineshop f\u00fcr Pfeifen und Zigarrenzubeh\u00f6r in Deutschland\"},\"image\":{\"@id\":\"https:\\\/\\\/pfeifenundzigarren.de\\\/#\\\/schema\\\/logo\\\/image\\\/\"}}]}<\/script>\n<!-- \/ Yoast SEO Premium plugin. -->","yoast_head_json":{"title":"Edelstahl Pfeifenreiniger f\u00fcr Pfeifenraucher - Der beste Onlineshop f\u00fcr Pfeifen und Zigarrenzubeh\u00f6r in Deutschland","robots":{"index":"index","follow":"follow","max-snippet":"max-snippet:-1","max-image-preview":"max-image-preview:large","max-video-preview":"max-video-preview:-1"},"canonical":"https:\/\/pfeifenundzigarren.de\/es\/Produkt\/edelstahl-pfeifenreiniger-fuer-pfeifenraucher\/","og_locale":"es_ES","og_type":"article","og_title":"Edelstahl Pfeifenreiniger f\u00fcr Pfeifenraucher","og_description":"Form: Gerade Ausf\u00fchrung Modellnummer: Tabakpfeifenpresse Material: Holz Markenname: Cattabby Herkunft: Festlandchina Merkmale: Artikel: Holzpfeifenpresse, Pfeifenpressstab, Tabakpfeifenreiniger, Nadelbohrer f\u00fcr Zigarrenpassagen, Tabakpfeifenreinigungswerkzeug","og_url":"https:\/\/pfeifenundzigarren.de\/es\/Produkt\/edelstahl-pfeifenreiniger-fuer-pfeifenraucher\/","og_site_name":"Der beste Onlineshop f\u00fcr Pfeifen und Zigarrenzubeh\u00f6r in Deutschland","article_modified_time":"2024-12-19T07:13:30+00:00","og_image":[{"width":800,"height":800,"url":"https:\/\/pfeifenundzigarren.de\/wp-content\/uploads\/2024\/12\/kf-Sacaefe1c55274114a8475a9c863e099fz.webp","type":"image\/webp"}],"twitter_card":"summary_large_image","schema":{"@context":"https:\/\/schema.org","@graph":[{"@type":"WebPage","@id":"https:\/\/pfeifenundzigarren.de\/Produkt\/edelstahl-pfeifenreiniger-fuer-pfeifenraucher\/","url":"https:\/\/pfeifenundzigarren.de\/Produkt\/edelstahl-pfeifenreiniger-fuer-pfeifenraucher\/","name":"Edelstahl Pfeifenreiniger f\u00fcr Pfeifenraucher - Der beste Onlineshop f\u00fcr Pfeifen und Zigarrenzubeh\u00f6r in Deutschland","isPartOf":{"@id":"https:\/\/pfeifenundzigarren.de\/#website"},"primaryImageOfPage":{"@id":"https:\/\/pfeifenundzigarren.de\/Produkt\/edelstahl-pfeifenreiniger-fuer-pfeifenraucher\/#primaryimage"},"image":{"@id":"https:\/\/pfeifenundzigarren.de\/Produkt\/edelstahl-pfeifenreiniger-fuer-pfeifenraucher\/#primaryimage"},"thumbnailUrl":"https:\/\/pfeifenundzigarren.de\/wp-content\/uploads\/2024\/12\/kf-Sacaefe1c55274114a8475a9c863e099fz.webp","datePublished":"2024-12-19T06:13:39+00:00","dateModified":"2024-12-19T07:13:30+00:00","breadcrumb":{"@id":"https:\/\/pfeifenundzigarren.de\/Produkt\/edelstahl-pfeifenreiniger-fuer-pfeifenraucher\/#breadcrumb"},"inLanguage":"es","potentialAction":[{"@type":"ReadAction","target":["https:\/\/pfeifenundzigarren.de\/Produkt\/edelstahl-pfeifenreiniger-fuer-pfeifenraucher\/"]}]},{"@type":"ImageObject","inLanguage":"es","@id":"https:\/\/pfeifenundzigarren.de\/Produkt\/edelstahl-pfeifenreiniger-fuer-pfeifenraucher\/#primaryimage","url":"https:\/\/pfeifenundzigarren.de\/wp-content\/uploads\/2024\/12\/kf-Sacaefe1c55274114a8475a9c863e099fz.webp","contentUrl":"https:\/\/pfeifenundzigarren.de\/wp-content\/uploads\/2024\/12\/kf-Sacaefe1c55274114a8475a9c863e099fz.webp","width":800,"height":800,"caption":"Edelstahl Pfeifenreiniger f\u00fcr Pfeifenraucher"},{"@type":"BreadcrumbList","@id":"https:\/\/pfeifenundzigarren.de\/Produkt\/edelstahl-pfeifenreiniger-fuer-pfeifenraucher\/#breadcrumb","itemListElement":[{"@type":"ListItem","position":1,"name":"Home","item":"https:\/\/pfeifenundzigarren.de\/"},{"@type":"ListItem","position":2,"name":"Shop","item":"https:\/\/pfeifenundzigarren.de\/shop\/"},{"@type":"ListItem","position":3,"name":"Edelstahl Pfeifenreiniger f\u00fcr Pfeifenraucher"}]},{"@type":"WebSite","@id":"https:\/\/pfeifenundzigarren.de\/#website","url":"https:\/\/pfeifenundzigarren.de\/","name":"La mejor tienda en l\u00ednea de pipas y accesorios para puros de Alemania","description":"","publisher":{"@id":"https:\/\/pfeifenundzigarren.de\/#organization"},"potentialAction":[{"@type":"SearchAction","target":{"@type":"EntryPoint","urlTemplate":"https:\/\/pfeifenundzigarren.de\/?s={search_term_string}"},"query-input":{"@type":"PropertyValueSpecification","valueRequired":true,"valueName":"search_term_string"}}],"inLanguage":"es"},{"@type":"Organization","@id":"https:\/\/pfeifenundzigarren.de\/#organization","name":"La mejor tienda en l\u00ednea de pipas y accesorios para puros de Alemania","url":"https:\/\/pfeifenundzigarren.de\/","logo":{"@type":"ImageObject","inLanguage":"es","@id":"https:\/\/pfeifenundzigarren.de\/#\/schema\/logo\/image\/","url":"https:\/\/pfeifenundzigarren.de\/wp-content\/uploads\/2024\/09\/cropped-Luxury-and-Vintage-Ornamental-Coffee-Shop-Logo.png","contentUrl":"https:\/\/pfeifenundzigarren.de\/wp-content\/uploads\/2024\/09\/cropped-Luxury-and-Vintage-Ornamental-Coffee-Shop-Logo.png","width":512,"height":512,"caption":"Der beste Onlineshop f\u00fcr Pfeifen und Zigarrenzubeh\u00f6r in Deutschland"},"image":{"@id":"https:\/\/pfeifenundzigarren.de\/#\/schema\/logo\/image\/"}}]}},"_links":{"self":[{"href":"https:\/\/pfeifenundzigarren.de\/es\/wp-json\/wp\/v2\/product\/5873","targetHints":{"allow":["GET"]}}],"collection":[{"href":"https:\/\/pfeifenundzigarren.de\/es\/wp-json\/wp\/v2\/product"}],"about":[{"href":"https:\/\/pfeifenundzigarren.de\/es\/wp-json\/wp\/v2\/types\/product"}],"replies":[{"embeddable":true,"href":"https:\/\/pfeifenundzigarren.de\/es\/wp-json\/wp\/v2\/comments?post=5873"}],"version-history":[{"count":0,"href":"https:\/\/pfeifenundzigarren.de\/es\/wp-json\/wp\/v2\/product\/5873\/revisions"}],"wp:featuredmedia":[{"embeddable":true,"href":"https:\/\/pfeifenundzigarren.de\/es\/wp-json\/wp\/v2\/media\/5874"}],"wp:attachment":[{"href":"https:\/\/pfeifenundzigarren.de\/es\/wp-json\/wp\/v2\/media?parent=5873"}],"wp:term":[{"taxonomy":"product_brand","embeddable":true,"href":"https:\/\/pfeifenundzigarren.de\/es\/wp-json\/wp\/v2\/product_brand?post=5873"},{"taxonomy":"product_cat","embeddable":true,"href":"https:\/\/pfeifenundzigarren.de\/es\/wp-json\/wp\/v2\/product_cat?post=5873"},{"taxonomy":"product_tag","embeddable":true,"href":"https:\/\/pfeifenundzigarren.de\/es\/wp-json\/wp\/v2\/product_tag?post=5873"}],"curies":[{"name":"wp","href":"https:\/\/api.w.org\/{rel}","templated":true}]}}