{"id":5865,"date":"2024-12-19T07:12:27","date_gmt":"2024-12-19T06:12:27","guid":{"rendered":"https:\/\/pfeifenundzigarren.de\/Produkt\/3-in-1-red-wood-tobacco-smoking-stainless-steel-pipe-clean-tool-for-pipe-tobacco-press-rod-pipe-channel-and-bowl-cleaning\/"},"modified":"2024-12-19T08:17:50","modified_gmt":"2024-12-19T07:17:50","slug":"faltbarer-reamer-fuer-unterwegs","status":"publish","type":"product","link":"https:\/\/pfeifenundzigarren.de\/es\/Produkt\/faltbarer-reamer-fuer-unterwegs\/","title":{"rendered":"Escariador plegable para viajar"},"content":{"rendered":"<p>Especificaci\u00f3n:<\/p>\n<p>100 % nuevo<br \/>\nSu aspecto tranquilo conviene a la mayor\u00eda de los hombres.<br \/>\nMaterial: Madera roja + acero inoxidable<br \/>\nColor: como se muestra<br \/>\nTama\u00f1o: Longitud plegada: 8,5 cm, longitud de la hoja: 5,5 cm, longitud de la aguja: 7 cm (aprox.)<br \/>\nUtilizaci\u00f3n:<br \/>\nEl cuchillo se utiliza para eliminar el holl\u00edn del cubo y para abrir la bandeja de tabaco;<br \/>\nLa aguja se utiliza para eliminar la obstrucci\u00f3n en el conducto de humos;<br \/>\nTamper para rellenar el tabaco.<br \/>\nVolumen de suministro:<br \/>\n1 x herramienta de limpieza para pipas de fumar (<a href=\"https:\/\/pfeifenundzigarren.de\/es\/Produkt\/grosse-sherlock-holmes-handgefertigte-gebogene-pfeife\/\">pipa artesanal<\/a> NO est\u00e1 incluido en el volumen de suministro)<br \/>\nNota:<br \/>\nTenga en cuenta una desviaci\u00f3n de 3-5 mm debido a la medici\u00f3n manual.<br \/>\nDebido a las diferentes condiciones de iluminaci\u00f3n y ajustes de pantalla, el color del art\u00edculo puede diferir ligeramente del de las im\u00e1genes.<\/p>\n<p><img decoding=\"async\" style=\"font-family: Arial; font-size: medium;\" src=\"https:\/\/ae01.alicdn.com\/kf\/S304e449d4c9d44899f8795c65c8ffa52u.jpg\" alt=\"\"><img decoding=\"async\" style=\"font-family: Arial; font-size: medium;\" src=\"https:\/\/ae01.alicdn.com\/kf\/S451c332259a3455fa0d9c6e8290f484dF.jpg\" alt=\"\"><img decoding=\"async\" style=\"font-family: Arial; font-size: medium;\" src=\"https:\/\/ae01.alicdn.com\/kf\/S3ab83c7fc320429baa7b104b567daef6V.jpg\" alt=\"\"><img decoding=\"async\" style=\"font-family: Arial; font-size: medium;\" src=\"https:\/\/ae01.alicdn.com\/kf\/Sa577bb9c07564120a73acae5aa722cbdo.jpg\" alt=\"\"><img decoding=\"async\" style=\"font-family: Arial; font-size: medium;\" src=\"https:\/\/ae01.alicdn.com\/kf\/S2f24064f3fe845c1987d1f95807d6ee4h.jpg\" alt=\"\"><img decoding=\"async\" style=\"font-family: Arial; font-size: medium;\" src=\"https:\/\/ae01.alicdn.com\/kf\/S4285c9c6989e4d36805e67799df85e00Q.jpg\" alt=\"\"><img decoding=\"async\" style=\"font-family: Arial; font-size: medium;\" src=\"https:\/\/ae01.alicdn.com\/kf\/Sce51f9e4f7a74a1d8597c292f787ddf2p.jpg\" alt=\"\"><img decoding=\"async\" style=\"font-family: Arial; font-size: medium;\" src=\"https:\/\/ae01.alicdn.com\/kf\/Sc102bfe3c55647b5a75ce7c03c03ee0cr.jpg\" alt=\"\"><img decoding=\"async\" style=\"font-family: Arial; font-size: medium;\" src=\"https:\/\/ae01.alicdn.com\/kf\/Sa4719123b14747ceb1aed923697f08f8Q.jpg\" alt=\"\"><\/p>\n<p>&nbsp;<\/p>","protected":false},"excerpt":{"rendered":"<p>Especificaci\u00f3n: 100 % nuevo La apariencia tranquila se adapta a la mayor\u00eda de los hombres. Material: madera roja + acero inoxidable Color: como se muestra Tama\u00f1o:<\/p>","protected":false},"featured_media":5866,"comment_status":"open","ping_status":"closed","template":"","meta":[],"product_brand":[],"product_cat":[385],"product_tag":[],"class_list":{"0":"post-5865","1":"product","2":"type-product","3":"status-publish","4":"has-post-thumbnail","6":"product_cat-pipe-reamer","8":"first","9":"instock","10":"sale","11":"shipping-taxable","12":"purchasable","13":"product-type-variable","14":"wvs-archive-product-wrapper"},"yoast_head":"<!-- This site is optimized with the Yoast SEO Premium plugin v26.7 (Yoast SEO v27.4) - https:\/\/yoast.com\/product\/yoast-seo-premium-wordpress\/ -->\n<title>Faltbarer Reamer f\u00fcr unterwegs - Der beste Onlineshop f\u00fcr Pfeifen und Zigarrenzubeh\u00f6r in Deutschland<\/title>\n<meta name=\"robots\" content=\"index, follow, max-snippet:-1, max-image-preview:large, max-video-preview:-1\" \/>\n<link rel=\"canonical\" href=\"https:\/\/pfeifenundzigarren.de\/es\/Produkt\/faltbarer-reamer-fuer-unterwegs\/\" \/>\n<meta property=\"og:locale\" content=\"es_ES\" \/>\n<meta property=\"og:type\" content=\"article\" \/>\n<meta property=\"og:title\" content=\"Faltbarer Reamer f\u00fcr unterwegs\" \/>\n<meta property=\"og:description\" content=\"Spezifikation: 100 % brandneu Das ruhige Aussehen passt den meisten M\u00e4nnern. Material: Rotes Holz + Edelstahl Farbe: wie abgebildet Gr\u00f6\u00dfe:\" \/>\n<meta property=\"og:url\" content=\"https:\/\/pfeifenundzigarren.de\/es\/Produkt\/faltbarer-reamer-fuer-unterwegs\/\" \/>\n<meta property=\"og:site_name\" content=\"Der beste Onlineshop f\u00fcr Pfeifen und Zigarrenzubeh\u00f6r in Deutschland\" \/>\n<meta property=\"article:modified_time\" content=\"2024-12-19T07:17:50+00:00\" \/>\n<meta property=\"og:image\" content=\"https:\/\/pfeifenundzigarren.de\/wp-content\/uploads\/2024\/12\/kf-S221d254a32df4cbebdff3c351e33dc48u.webp\" \/>\n\t<meta property=\"og:image:width\" content=\"1001\" \/>\n\t<meta property=\"og:image:height\" content=\"1001\" \/>\n\t<meta property=\"og:image:type\" content=\"image\/webp\" \/>\n<meta name=\"twitter:card\" content=\"summary_large_image\" \/>\n<meta name=\"twitter:label1\" content=\"Tiempo de lectura\" \/>\n\t<meta name=\"twitter:data1\" content=\"1 minuto\" \/>\n<script type=\"application\/ld+json\" class=\"yoast-schema-graph\">{\"@context\":\"https:\\\/\\\/schema.org\",\"@graph\":[{\"@type\":\"WebPage\",\"@id\":\"https:\\\/\\\/pfeifenundzigarren.de\\\/Produkt\\\/faltbarer-reamer-fuer-unterwegs\\\/\",\"url\":\"https:\\\/\\\/pfeifenundzigarren.de\\\/Produkt\\\/faltbarer-reamer-fuer-unterwegs\\\/\",\"name\":\"Faltbarer Reamer f\u00fcr unterwegs - Der beste Onlineshop f\u00fcr Pfeifen und Zigarrenzubeh\u00f6r in Deutschland\",\"isPartOf\":{\"@id\":\"https:\\\/\\\/pfeifenundzigarren.de\\\/#website\"},\"primaryImageOfPage\":{\"@id\":\"https:\\\/\\\/pfeifenundzigarren.de\\\/Produkt\\\/faltbarer-reamer-fuer-unterwegs\\\/#primaryimage\"},\"image\":{\"@id\":\"https:\\\/\\\/pfeifenundzigarren.de\\\/Produkt\\\/faltbarer-reamer-fuer-unterwegs\\\/#primaryimage\"},\"thumbnailUrl\":\"https:\\\/\\\/pfeifenundzigarren.de\\\/wp-content\\\/uploads\\\/2024\\\/12\\\/kf-S221d254a32df4cbebdff3c351e33dc48u.webp\",\"datePublished\":\"2024-12-19T06:12:27+00:00\",\"dateModified\":\"2024-12-19T07:17:50+00:00\",\"breadcrumb\":{\"@id\":\"https:\\\/\\\/pfeifenundzigarren.de\\\/Produkt\\\/faltbarer-reamer-fuer-unterwegs\\\/#breadcrumb\"},\"inLanguage\":\"es\",\"potentialAction\":[{\"@type\":\"ReadAction\",\"target\":[\"https:\\\/\\\/pfeifenundzigarren.de\\\/Produkt\\\/faltbarer-reamer-fuer-unterwegs\\\/\"]}]},{\"@type\":\"ImageObject\",\"inLanguage\":\"es\",\"@id\":\"https:\\\/\\\/pfeifenundzigarren.de\\\/Produkt\\\/faltbarer-reamer-fuer-unterwegs\\\/#primaryimage\",\"url\":\"https:\\\/\\\/pfeifenundzigarren.de\\\/wp-content\\\/uploads\\\/2024\\\/12\\\/kf-S221d254a32df4cbebdff3c351e33dc48u.webp\",\"contentUrl\":\"https:\\\/\\\/pfeifenundzigarren.de\\\/wp-content\\\/uploads\\\/2024\\\/12\\\/kf-S221d254a32df4cbebdff3c351e33dc48u.webp\",\"width\":1001,\"height\":1001},{\"@type\":\"BreadcrumbList\",\"@id\":\"https:\\\/\\\/pfeifenundzigarren.de\\\/Produkt\\\/faltbarer-reamer-fuer-unterwegs\\\/#breadcrumb\",\"itemListElement\":[{\"@type\":\"ListItem\",\"position\":1,\"name\":\"Home\",\"item\":\"https:\\\/\\\/pfeifenundzigarren.de\\\/\"},{\"@type\":\"ListItem\",\"position\":2,\"name\":\"Shop\",\"item\":\"https:\\\/\\\/pfeifenundzigarren.de\\\/shop\\\/\"},{\"@type\":\"ListItem\",\"position\":3,\"name\":\"Faltbarer Reamer f\u00fcr unterwegs\"}]},{\"@type\":\"WebSite\",\"@id\":\"https:\\\/\\\/pfeifenundzigarren.de\\\/#website\",\"url\":\"https:\\\/\\\/pfeifenundzigarren.de\\\/\",\"name\":\"Der beste Onlineshop f\u00fcr Pfeifen und Zigarrenzubeh\u00f6r in Deutschland\",\"description\":\"\",\"publisher\":{\"@id\":\"https:\\\/\\\/pfeifenundzigarren.de\\\/#organization\"},\"potentialAction\":[{\"@type\":\"SearchAction\",\"target\":{\"@type\":\"EntryPoint\",\"urlTemplate\":\"https:\\\/\\\/pfeifenundzigarren.de\\\/?s={search_term_string}\"},\"query-input\":{\"@type\":\"PropertyValueSpecification\",\"valueRequired\":true,\"valueName\":\"search_term_string\"}}],\"inLanguage\":\"es\"},{\"@type\":\"Organization\",\"@id\":\"https:\\\/\\\/pfeifenundzigarren.de\\\/#organization\",\"name\":\"Der beste Onlineshop f\u00fcr Pfeifen und Zigarrenzubeh\u00f6r in Deutschland\",\"url\":\"https:\\\/\\\/pfeifenundzigarren.de\\\/\",\"logo\":{\"@type\":\"ImageObject\",\"inLanguage\":\"es\",\"@id\":\"https:\\\/\\\/pfeifenundzigarren.de\\\/#\\\/schema\\\/logo\\\/image\\\/\",\"url\":\"https:\\\/\\\/pfeifenundzigarren.de\\\/wp-content\\\/uploads\\\/2024\\\/09\\\/cropped-Luxury-and-Vintage-Ornamental-Coffee-Shop-Logo.png\",\"contentUrl\":\"https:\\\/\\\/pfeifenundzigarren.de\\\/wp-content\\\/uploads\\\/2024\\\/09\\\/cropped-Luxury-and-Vintage-Ornamental-Coffee-Shop-Logo.png\",\"width\":512,\"height\":512,\"caption\":\"Der beste Onlineshop f\u00fcr Pfeifen und Zigarrenzubeh\u00f6r in Deutschland\"},\"image\":{\"@id\":\"https:\\\/\\\/pfeifenundzigarren.de\\\/#\\\/schema\\\/logo\\\/image\\\/\"}}]}<\/script>\n<!-- \/ Yoast SEO Premium plugin. -->","yoast_head_json":{"title":"Faltbarer Reamer f\u00fcr unterwegs - Der beste Onlineshop f\u00fcr Pfeifen und Zigarrenzubeh\u00f6r in Deutschland","robots":{"index":"index","follow":"follow","max-snippet":"max-snippet:-1","max-image-preview":"max-image-preview:large","max-video-preview":"max-video-preview:-1"},"canonical":"https:\/\/pfeifenundzigarren.de\/es\/Produkt\/faltbarer-reamer-fuer-unterwegs\/","og_locale":"es_ES","og_type":"article","og_title":"Faltbarer Reamer f\u00fcr unterwegs","og_description":"Spezifikation: 100 % brandneu Das ruhige Aussehen passt den meisten M\u00e4nnern. Material: Rotes Holz + Edelstahl Farbe: wie abgebildet Gr\u00f6\u00dfe:","og_url":"https:\/\/pfeifenundzigarren.de\/es\/Produkt\/faltbarer-reamer-fuer-unterwegs\/","og_site_name":"Der beste Onlineshop f\u00fcr Pfeifen und Zigarrenzubeh\u00f6r in Deutschland","article_modified_time":"2024-12-19T07:17:50+00:00","og_image":[{"width":1001,"height":1001,"url":"https:\/\/pfeifenundzigarren.de\/wp-content\/uploads\/2024\/12\/kf-S221d254a32df4cbebdff3c351e33dc48u.webp","type":"image\/webp"}],"twitter_card":"summary_large_image","twitter_misc":{"Tiempo de lectura":"1 minuto"},"schema":{"@context":"https:\/\/schema.org","@graph":[{"@type":"WebPage","@id":"https:\/\/pfeifenundzigarren.de\/Produkt\/faltbarer-reamer-fuer-unterwegs\/","url":"https:\/\/pfeifenundzigarren.de\/Produkt\/faltbarer-reamer-fuer-unterwegs\/","name":"Faltbarer Reamer f\u00fcr unterwegs - Der beste Onlineshop f\u00fcr Pfeifen und Zigarrenzubeh\u00f6r in Deutschland","isPartOf":{"@id":"https:\/\/pfeifenundzigarren.de\/#website"},"primaryImageOfPage":{"@id":"https:\/\/pfeifenundzigarren.de\/Produkt\/faltbarer-reamer-fuer-unterwegs\/#primaryimage"},"image":{"@id":"https:\/\/pfeifenundzigarren.de\/Produkt\/faltbarer-reamer-fuer-unterwegs\/#primaryimage"},"thumbnailUrl":"https:\/\/pfeifenundzigarren.de\/wp-content\/uploads\/2024\/12\/kf-S221d254a32df4cbebdff3c351e33dc48u.webp","datePublished":"2024-12-19T06:12:27+00:00","dateModified":"2024-12-19T07:17:50+00:00","breadcrumb":{"@id":"https:\/\/pfeifenundzigarren.de\/Produkt\/faltbarer-reamer-fuer-unterwegs\/#breadcrumb"},"inLanguage":"es","potentialAction":[{"@type":"ReadAction","target":["https:\/\/pfeifenundzigarren.de\/Produkt\/faltbarer-reamer-fuer-unterwegs\/"]}]},{"@type":"ImageObject","inLanguage":"es","@id":"https:\/\/pfeifenundzigarren.de\/Produkt\/faltbarer-reamer-fuer-unterwegs\/#primaryimage","url":"https:\/\/pfeifenundzigarren.de\/wp-content\/uploads\/2024\/12\/kf-S221d254a32df4cbebdff3c351e33dc48u.webp","contentUrl":"https:\/\/pfeifenundzigarren.de\/wp-content\/uploads\/2024\/12\/kf-S221d254a32df4cbebdff3c351e33dc48u.webp","width":1001,"height":1001},{"@type":"BreadcrumbList","@id":"https:\/\/pfeifenundzigarren.de\/Produkt\/faltbarer-reamer-fuer-unterwegs\/#breadcrumb","itemListElement":[{"@type":"ListItem","position":1,"name":"Home","item":"https:\/\/pfeifenundzigarren.de\/"},{"@type":"ListItem","position":2,"name":"Shop","item":"https:\/\/pfeifenundzigarren.de\/shop\/"},{"@type":"ListItem","position":3,"name":"Faltbarer Reamer f\u00fcr unterwegs"}]},{"@type":"WebSite","@id":"https:\/\/pfeifenundzigarren.de\/#website","url":"https:\/\/pfeifenundzigarren.de\/","name":"La mejor tienda en l\u00ednea de pipas y accesorios para puros de Alemania","description":"","publisher":{"@id":"https:\/\/pfeifenundzigarren.de\/#organization"},"potentialAction":[{"@type":"SearchAction","target":{"@type":"EntryPoint","urlTemplate":"https:\/\/pfeifenundzigarren.de\/?s={search_term_string}"},"query-input":{"@type":"PropertyValueSpecification","valueRequired":true,"valueName":"search_term_string"}}],"inLanguage":"es"},{"@type":"Organization","@id":"https:\/\/pfeifenundzigarren.de\/#organization","name":"La mejor tienda en l\u00ednea de pipas y accesorios para puros de Alemania","url":"https:\/\/pfeifenundzigarren.de\/","logo":{"@type":"ImageObject","inLanguage":"es","@id":"https:\/\/pfeifenundzigarren.de\/#\/schema\/logo\/image\/","url":"https:\/\/pfeifenundzigarren.de\/wp-content\/uploads\/2024\/09\/cropped-Luxury-and-Vintage-Ornamental-Coffee-Shop-Logo.png","contentUrl":"https:\/\/pfeifenundzigarren.de\/wp-content\/uploads\/2024\/09\/cropped-Luxury-and-Vintage-Ornamental-Coffee-Shop-Logo.png","width":512,"height":512,"caption":"Der beste Onlineshop f\u00fcr Pfeifen und Zigarrenzubeh\u00f6r in Deutschland"},"image":{"@id":"https:\/\/pfeifenundzigarren.de\/#\/schema\/logo\/image\/"}}]}},"_links":{"self":[{"href":"https:\/\/pfeifenundzigarren.de\/es\/wp-json\/wp\/v2\/product\/5865","targetHints":{"allow":["GET"]}}],"collection":[{"href":"https:\/\/pfeifenundzigarren.de\/es\/wp-json\/wp\/v2\/product"}],"about":[{"href":"https:\/\/pfeifenundzigarren.de\/es\/wp-json\/wp\/v2\/types\/product"}],"replies":[{"embeddable":true,"href":"https:\/\/pfeifenundzigarren.de\/es\/wp-json\/wp\/v2\/comments?post=5865"}],"version-history":[{"count":0,"href":"https:\/\/pfeifenundzigarren.de\/es\/wp-json\/wp\/v2\/product\/5865\/revisions"}],"wp:featuredmedia":[{"embeddable":true,"href":"https:\/\/pfeifenundzigarren.de\/es\/wp-json\/wp\/v2\/media\/5866"}],"wp:attachment":[{"href":"https:\/\/pfeifenundzigarren.de\/es\/wp-json\/wp\/v2\/media?parent=5865"}],"wp:term":[{"taxonomy":"product_brand","embeddable":true,"href":"https:\/\/pfeifenundzigarren.de\/es\/wp-json\/wp\/v2\/product_brand?post=5865"},{"taxonomy":"product_cat","embeddable":true,"href":"https:\/\/pfeifenundzigarren.de\/es\/wp-json\/wp\/v2\/product_cat?post=5865"},{"taxonomy":"product_tag","embeddable":true,"href":"https:\/\/pfeifenundzigarren.de\/es\/wp-json\/wp\/v2\/product_tag?post=5865"}],"curies":[{"name":"wp","href":"https:\/\/api.w.org\/{rel}","templated":true}]}}