{"id":5859,"date":"2024-12-19T07:11:34","date_gmt":"2024-12-19T06:11:34","guid":{"rendered":"https:\/\/pfeifenundzigarren.de\/Produkt\/3-in-1-pfeifenstopfer-mit-reamer\/"},"modified":"2024-12-19T07:11:36","modified_gmt":"2024-12-19T06:11:36","slug":"3-in-1-pfeifenstopfer-mit-reamer","status":"publish","type":"product","link":"https:\/\/pfeifenundzigarren.de\/es\/Produkt\/3-in-1-pfeifenstopfer-mit-reamer\/","title":{"rendered":"Tap\u00f3n de tubo 3 en 1 con escariador"},"content":{"rendered":"<div class=\"detailmodule_html\">\n<div class=\"detail-desc-decorate-richtext\">\n<div><strong><span style=\"font-size:18px\">Descripci\u00f3n:<\/span><\/strong><\/div>\n<div><span style=\"font-size:18px\">100% Nuevo<\/span><\/div>\n<div><span style=\"font-size:18px\">Material: Acero inoxidable<\/span><\/div>\n<p style=\"text-align:left;margin:0pt;margin-bottom:0pt;margin-top:0pt;margin-left:0pt;margin-right:0pt;padding:0pt 0pt 0pt 0em;padding-bottom:0pt;padding-top:0pt;padding-right:0pt\" align=\"left\"><span style=\"font-size:18px\">Color:Plata<\/span><\/p>\n<p style=\"text-align:left;margin:0pt;margin-bottom:0pt;margin-top:0pt;margin-left:0pt;margin-right:0pt;padding:0pt 0pt 0pt 0em;padding-bottom:0pt;padding-top:0pt;padding-right:0pt\" align=\"left\"><span style=\"font-size:18px\">A Tama\u00f1o:6.1*3.4cm<\/span><\/p>\n<p style=\"text-align:left;margin:0pt;margin-bottom:0pt;margin-top:0pt;margin-left:0pt;margin-right:0pt;padding:0pt 0pt 0pt 0em;padding-bottom:0pt;padding-top:0pt;padding-right:0pt\" align=\"left\"><span style=\"font-size:18px\">C Tama\u00f1o:Longitud 14cm,di\u00e1metro de la pipa de tabaco 2.3cm (Pipa de tabaco )<\/span><\/p>\n<p style=\"text-align:left;margin:0pt;margin-bottom:0pt;margin-top:0pt;margin-left:0pt;margin-right:0pt;padding:0pt 0pt 0pt 0em;padding-bottom:0pt;padding-top:0pt;padding-right:0pt\" align=\"left\"><span style=\"font-size:18px\">Tama\u00f1o D:Longitud 8cm (Cuchillo para pipa de tabaco )<\/span><\/p>\n<p style=\"text-align:left;margin:0pt;margin-bottom:0pt;margin-top:0pt;margin-left:0pt;margin-right:0pt;padding:0pt 0pt 0pt 0em;padding-bottom:0pt;padding-top:0pt;padding-right:0pt\" align=\"left\"><span style=\"font-size:18px\">Conversi\u00f3n: 1 pulgada=2,54 cm, 1 cm=0,393 pulgadas<\/span><\/p>\n<p><strong><span style=\"font-size:18px\">Notas:<\/span><\/strong><\/p>\n<p><span style=\"font-size:18px\">1. por favor, comprenda que puede existir una ligera desviaci\u00f3n.<\/span><\/p>\n<p><span style=\"font-size:18px\">2. debido a la iluminaci\u00f3n y los monitores, hay ligeras diferencias entre la imagen y el art\u00edculo real.<\/span><\/p>\n<p><strong><span style=\"font-size:18px\">Contenido del paquete:<\/span><\/strong><\/p>\n<p><span style=\"font-size:18px\">1 * Cuchillo para tubos de acero inoxidable<\/span><\/p>\n<p><img decoding=\"async\" src=\"https:\/\/ae01.alicdn.com\/kf\/S9acb41be2cc94075bba12465bfb726c9L.jpg\" alt=\"\"><\/p>\n<div>\n<\/div>\n<p><img decoding=\"async\" src=\"https:\/\/ae01.alicdn.com\/kf\/Sa9f921e8c1564471ba9361ea114c84f82.png\" alt=\"\"><\/p>\n<div>\n<\/div>\n<p><img decoding=\"async\" src=\"https:\/\/ae01.alicdn.com\/kf\/S0f8c4ec8d5e54d4c920a8452d58c2ff4b.jpg\" alt=\"\"><\/p>\n<div>\n<\/div>\n<p><img decoding=\"async\" src=\"https:\/\/ae01.alicdn.com\/kf\/S680a4aaf9fa442faa4244ce20762e7ef6.jpg\" alt=\"\"><\/p>\n<div>\n<\/div>\n<p><img decoding=\"async\" src=\"https:\/\/ae01.alicdn.com\/kf\/Sdb17d442c39748c7b268001cbadc5db6T.jpg\" alt=\"\"><\/p>\n<div>\n<\/div>\n<p><img decoding=\"async\" width=\"800\" src=\"https:\/\/ae01.alicdn.com\/kf\/H82738c740ef04bd78fab505244973b18S.jpg\" alt=\"\"><\/p>\n<p><img decoding=\"async\" width=\"800\" src=\"https:\/\/ae01.alicdn.com\/kf\/Ha6da4f35223c47e4a527b6c7cc9674cdT.jpg\" alt=\"\"><\/p>\n<p><img decoding=\"async\" width=\"800\" src=\"https:\/\/ae01.alicdn.com\/kf\/H79e51a646439483a830be4edd1962732I.jpg\" alt=\"\"><\/p>\n<p><img decoding=\"async\" width=\"800\" src=\"https:\/\/ae01.alicdn.com\/kf\/Hc83e8b92138040328ecd55f21c6dcdbb0.jpg\" alt=\"\"><\/p>\n<p><img decoding=\"async\" width=\"800\" src=\"https:\/\/ae01.alicdn.com\/kf\/H3d04b852690c4b76a03c4d168a4f3a95m.jpg\" alt=\"\"><\/p>\n<div>\n<p><\/div>\n<p><img decoding=\"async\" style=\"width:800px\" width=\"800px\" src=\"https:\/\/ae01.alicdn.com\/kf\/S4ee4c2a9930040bf8cf4de25fba0bb37y.jpg\" alt=\"\"><\/p>\n<p><img decoding=\"async\" style=\"width:800px\" width=\"800px\" src=\"https:\/\/ae01.alicdn.com\/kf\/S77cf590eec2c4f129bcf81e8a3c5d2a0C.jpg\" alt=\"\"><\/p>\n<p><img decoding=\"async\" style=\"width:800px\" width=\"800px\" src=\"https:\/\/ae01.alicdn.com\/kf\/Sb11969ec98cf4d338883d8c595095ec0J.jpg\" alt=\"\"><\/p>\n<p><img decoding=\"async\" style=\"width:800px\" width=\"800px\" src=\"https:\/\/ae01.alicdn.com\/kf\/S0218eb0944314b9eb9416e8314e3730fi.jpg\" alt=\"\"><\/p>\n<p><img decoding=\"async\" style=\"width:800px\" width=\"800px\" src=\"https:\/\/ae01.alicdn.com\/kf\/S8181fcf73f7240a1a5faf145255196915.jpg\" alt=\"\"><\/p>\n<p><img decoding=\"async\" style=\"width:800px\" width=\"800px\" src=\"https:\/\/ae01.alicdn.com\/kf\/S964afa8d961c43b59c443a8766d748deT.jpg\" alt=\"\"><\/p>\n<p><img decoding=\"async\" style=\"width:800px\" width=\"800px\" src=\"https:\/\/ae01.alicdn.com\/kf\/S110ef0f20f374124b603691f9bacb2e2j.jpg\" alt=\"\"><\/p>\n<p><img decoding=\"async\" style=\"width:800px\" width=\"800px\" src=\"https:\/\/ae01.alicdn.com\/kf\/S81267059ad014809b3dcdb516127d7b0Z.jpg\" alt=\"\"><\/p>\n<p><img decoding=\"async\" style=\"width:800px\" width=\"800px\" src=\"https:\/\/ae01.alicdn.com\/kf\/Sd6ef4822201b4516b079d04de0cfb5e2e.jpg\" alt=\"\"><\/p>\n<div><\/div>\n<p><img decoding=\"async\" style=\"width:800px\" width=\"800px\" src=\"https:\/\/ae01.alicdn.com\/kf\/Sf86d0880fa154a1585b7e1f29b5b659aK.jpg\" alt=\"\"><\/p>\n<p><img decoding=\"async\" style=\"width:800px\" width=\"800px\" src=\"https:\/\/ae01.alicdn.com\/kf\/Sd7d0a74d4cbf44db9ae4ff88ca7b0330a.jpg\" alt=\"\"><\/p>\n<p><img decoding=\"async\" style=\"width:800px\" width=\"800px\" src=\"https:\/\/ae01.alicdn.com\/kf\/Scdc5c12097b94b32b949ea28bbe60feeV.jpg\" alt=\"\"><\/p>\n<p><img decoding=\"async\" style=\"width:800px\" width=\"800px\" src=\"https:\/\/ae01.alicdn.com\/kf\/S27e7d466aa4647b9bf0e789478ce3dd76.jpg\" alt=\"\"><\/p>\n<p><img decoding=\"async\" style=\"width:800px\" width=\"800px\" src=\"https:\/\/ae01.alicdn.com\/kf\/S59c3f85142d348e0a3e37d3a61b8a984O.jpg\" alt=\"\"><\/p>\n<p><img decoding=\"async\" style=\"width:800px\" width=\"800px\" src=\"https:\/\/ae01.alicdn.com\/kf\/Sf207b3db71cf4454a5e0f448c9998ac0w.jpg\" alt=\"\"><\/p>\n<div>\n<\/div>\n<div><\/div>\n<\/div>\n<\/div>\n<p><\/p>","protected":false},"excerpt":{"rendered":"<p>Descripci\u00f3n: 100% Nuevo Material: Acero inoxidable Color: Plata A Tama\u00f1o: 6,1 * 3,4 cm C Tama\u00f1o: Longitud 14 cm, di\u00e1metro de la pipa de tabaco 2,3 cm (pipa de tabaco ) D Tama\u00f1o: Longitud<\/p>","protected":false},"featured_media":5860,"comment_status":"open","ping_status":"closed","template":"","meta":[],"product_brand":[],"product_cat":[385],"product_tag":[],"class_list":{"0":"post-5859","1":"product","2":"type-product","3":"status-publish","4":"has-post-thumbnail","6":"product_cat-pipe-reamer","8":"first","9":"instock","10":"sale","11":"shipping-taxable","12":"purchasable","13":"product-type-variable","14":"wvs-archive-product-wrapper"},"yoast_head":"<!-- This site is optimized with the Yoast SEO Premium plugin v26.7 (Yoast SEO v27.4) - https:\/\/yoast.com\/product\/yoast-seo-premium-wordpress\/ -->\n<title>3-in-1 Pfeifenstopfer mit Reamer - Der beste Onlineshop f\u00fcr Pfeifen und Zigarrenzubeh\u00f6r in Deutschland<\/title>\n<meta name=\"robots\" content=\"index, follow, max-snippet:-1, max-image-preview:large, max-video-preview:-1\" \/>\n<link rel=\"canonical\" href=\"https:\/\/pfeifenundzigarren.de\/es\/Produkt\/3-in-1-pfeifenstopfer-mit-reamer\/\" \/>\n<meta property=\"og:locale\" content=\"es_ES\" \/>\n<meta property=\"og:type\" content=\"article\" \/>\n<meta property=\"og:title\" content=\"3-in-1 Pfeifenstopfer mit Reamer\" \/>\n<meta property=\"og:description\" content=\"Description: 100% Brand New Material:\u00a0Stainless Steel Color:Silver A Size:6.1*3.4cm C Size:Length 14cm,tobacco pipe diameter 2.3cm (Tobacco Pipe ) D Size:Length\" \/>\n<meta property=\"og:url\" content=\"https:\/\/pfeifenundzigarren.de\/es\/Produkt\/3-in-1-pfeifenstopfer-mit-reamer\/\" \/>\n<meta property=\"og:site_name\" content=\"Der beste Onlineshop f\u00fcr Pfeifen und Zigarrenzubeh\u00f6r in Deutschland\" \/>\n<meta property=\"article:modified_time\" content=\"2024-12-19T06:11:36+00:00\" \/>\n<meta property=\"og:image\" content=\"https:\/\/pfeifenundzigarren.de\/wp-content\/uploads\/2024\/12\/kf-S99bc29a8d53146e99accaaf306a45aect.webp\" \/>\n\t<meta property=\"og:image:width\" content=\"800\" \/>\n\t<meta property=\"og:image:height\" content=\"800\" \/>\n\t<meta property=\"og:image:type\" content=\"image\/webp\" \/>\n<meta name=\"twitter:card\" content=\"summary_large_image\" \/>\n<script type=\"application\/ld+json\" class=\"yoast-schema-graph\">{\"@context\":\"https:\\\/\\\/schema.org\",\"@graph\":[{\"@type\":\"WebPage\",\"@id\":\"https:\\\/\\\/pfeifenundzigarren.de\\\/Produkt\\\/3-in-1-pfeifenstopfer-mit-reamer\\\/\",\"url\":\"https:\\\/\\\/pfeifenundzigarren.de\\\/Produkt\\\/3-in-1-pfeifenstopfer-mit-reamer\\\/\",\"name\":\"3-in-1 Pfeifenstopfer mit Reamer - Der beste Onlineshop f\u00fcr Pfeifen und Zigarrenzubeh\u00f6r in Deutschland\",\"isPartOf\":{\"@id\":\"https:\\\/\\\/pfeifenundzigarren.de\\\/#website\"},\"primaryImageOfPage\":{\"@id\":\"https:\\\/\\\/pfeifenundzigarren.de\\\/Produkt\\\/3-in-1-pfeifenstopfer-mit-reamer\\\/#primaryimage\"},\"image\":{\"@id\":\"https:\\\/\\\/pfeifenundzigarren.de\\\/Produkt\\\/3-in-1-pfeifenstopfer-mit-reamer\\\/#primaryimage\"},\"thumbnailUrl\":\"https:\\\/\\\/pfeifenundzigarren.de\\\/wp-content\\\/uploads\\\/2024\\\/12\\\/kf-S99bc29a8d53146e99accaaf306a45aect.webp\",\"datePublished\":\"2024-12-19T06:11:34+00:00\",\"dateModified\":\"2024-12-19T06:11:36+00:00\",\"breadcrumb\":{\"@id\":\"https:\\\/\\\/pfeifenundzigarren.de\\\/Produkt\\\/3-in-1-pfeifenstopfer-mit-reamer\\\/#breadcrumb\"},\"inLanguage\":\"es\",\"potentialAction\":[{\"@type\":\"ReadAction\",\"target\":[\"https:\\\/\\\/pfeifenundzigarren.de\\\/Produkt\\\/3-in-1-pfeifenstopfer-mit-reamer\\\/\"]}]},{\"@type\":\"ImageObject\",\"inLanguage\":\"es\",\"@id\":\"https:\\\/\\\/pfeifenundzigarren.de\\\/Produkt\\\/3-in-1-pfeifenstopfer-mit-reamer\\\/#primaryimage\",\"url\":\"https:\\\/\\\/pfeifenundzigarren.de\\\/wp-content\\\/uploads\\\/2024\\\/12\\\/kf-S99bc29a8d53146e99accaaf306a45aect.webp\",\"contentUrl\":\"https:\\\/\\\/pfeifenundzigarren.de\\\/wp-content\\\/uploads\\\/2024\\\/12\\\/kf-S99bc29a8d53146e99accaaf306a45aect.webp\",\"width\":800,\"height\":800},{\"@type\":\"BreadcrumbList\",\"@id\":\"https:\\\/\\\/pfeifenundzigarren.de\\\/Produkt\\\/3-in-1-pfeifenstopfer-mit-reamer\\\/#breadcrumb\",\"itemListElement\":[{\"@type\":\"ListItem\",\"position\":1,\"name\":\"Home\",\"item\":\"https:\\\/\\\/pfeifenundzigarren.de\\\/\"},{\"@type\":\"ListItem\",\"position\":2,\"name\":\"Shop\",\"item\":\"https:\\\/\\\/pfeifenundzigarren.de\\\/shop\\\/\"},{\"@type\":\"ListItem\",\"position\":3,\"name\":\"3-in-1 Pfeifenstopfer mit Reamer\"}]},{\"@type\":\"WebSite\",\"@id\":\"https:\\\/\\\/pfeifenundzigarren.de\\\/#website\",\"url\":\"https:\\\/\\\/pfeifenundzigarren.de\\\/\",\"name\":\"Der beste Onlineshop f\u00fcr Pfeifen und Zigarrenzubeh\u00f6r in Deutschland\",\"description\":\"\",\"publisher\":{\"@id\":\"https:\\\/\\\/pfeifenundzigarren.de\\\/#organization\"},\"potentialAction\":[{\"@type\":\"SearchAction\",\"target\":{\"@type\":\"EntryPoint\",\"urlTemplate\":\"https:\\\/\\\/pfeifenundzigarren.de\\\/?s={search_term_string}\"},\"query-input\":{\"@type\":\"PropertyValueSpecification\",\"valueRequired\":true,\"valueName\":\"search_term_string\"}}],\"inLanguage\":\"es\"},{\"@type\":\"Organization\",\"@id\":\"https:\\\/\\\/pfeifenundzigarren.de\\\/#organization\",\"name\":\"Der beste Onlineshop f\u00fcr Pfeifen und Zigarrenzubeh\u00f6r in Deutschland\",\"url\":\"https:\\\/\\\/pfeifenundzigarren.de\\\/\",\"logo\":{\"@type\":\"ImageObject\",\"inLanguage\":\"es\",\"@id\":\"https:\\\/\\\/pfeifenundzigarren.de\\\/#\\\/schema\\\/logo\\\/image\\\/\",\"url\":\"https:\\\/\\\/pfeifenundzigarren.de\\\/wp-content\\\/uploads\\\/2024\\\/09\\\/cropped-Luxury-and-Vintage-Ornamental-Coffee-Shop-Logo.png\",\"contentUrl\":\"https:\\\/\\\/pfeifenundzigarren.de\\\/wp-content\\\/uploads\\\/2024\\\/09\\\/cropped-Luxury-and-Vintage-Ornamental-Coffee-Shop-Logo.png\",\"width\":512,\"height\":512,\"caption\":\"Der beste Onlineshop f\u00fcr Pfeifen und Zigarrenzubeh\u00f6r in Deutschland\"},\"image\":{\"@id\":\"https:\\\/\\\/pfeifenundzigarren.de\\\/#\\\/schema\\\/logo\\\/image\\\/\"}}]}<\/script>\n<!-- \/ Yoast SEO Premium plugin. -->","yoast_head_json":{"title":"3-in-1 Pfeifenstopfer mit Reamer - Der beste Onlineshop f\u00fcr Pfeifen und Zigarrenzubeh\u00f6r in Deutschland","robots":{"index":"index","follow":"follow","max-snippet":"max-snippet:-1","max-image-preview":"max-image-preview:large","max-video-preview":"max-video-preview:-1"},"canonical":"https:\/\/pfeifenundzigarren.de\/es\/Produkt\/3-in-1-pfeifenstopfer-mit-reamer\/","og_locale":"es_ES","og_type":"article","og_title":"3-in-1 Pfeifenstopfer mit Reamer","og_description":"Description: 100% Brand New Material:\u00a0Stainless Steel Color:Silver A Size:6.1*3.4cm C Size:Length 14cm,tobacco pipe diameter 2.3cm (Tobacco Pipe ) D Size:Length","og_url":"https:\/\/pfeifenundzigarren.de\/es\/Produkt\/3-in-1-pfeifenstopfer-mit-reamer\/","og_site_name":"Der beste Onlineshop f\u00fcr Pfeifen und Zigarrenzubeh\u00f6r in Deutschland","article_modified_time":"2024-12-19T06:11:36+00:00","og_image":[{"width":800,"height":800,"url":"https:\/\/pfeifenundzigarren.de\/wp-content\/uploads\/2024\/12\/kf-S99bc29a8d53146e99accaaf306a45aect.webp","type":"image\/webp"}],"twitter_card":"summary_large_image","schema":{"@context":"https:\/\/schema.org","@graph":[{"@type":"WebPage","@id":"https:\/\/pfeifenundzigarren.de\/Produkt\/3-in-1-pfeifenstopfer-mit-reamer\/","url":"https:\/\/pfeifenundzigarren.de\/Produkt\/3-in-1-pfeifenstopfer-mit-reamer\/","name":"3-in-1 Pfeifenstopfer mit Reamer - Der beste Onlineshop f\u00fcr Pfeifen und Zigarrenzubeh\u00f6r in Deutschland","isPartOf":{"@id":"https:\/\/pfeifenundzigarren.de\/#website"},"primaryImageOfPage":{"@id":"https:\/\/pfeifenundzigarren.de\/Produkt\/3-in-1-pfeifenstopfer-mit-reamer\/#primaryimage"},"image":{"@id":"https:\/\/pfeifenundzigarren.de\/Produkt\/3-in-1-pfeifenstopfer-mit-reamer\/#primaryimage"},"thumbnailUrl":"https:\/\/pfeifenundzigarren.de\/wp-content\/uploads\/2024\/12\/kf-S99bc29a8d53146e99accaaf306a45aect.webp","datePublished":"2024-12-19T06:11:34+00:00","dateModified":"2024-12-19T06:11:36+00:00","breadcrumb":{"@id":"https:\/\/pfeifenundzigarren.de\/Produkt\/3-in-1-pfeifenstopfer-mit-reamer\/#breadcrumb"},"inLanguage":"es","potentialAction":[{"@type":"ReadAction","target":["https:\/\/pfeifenundzigarren.de\/Produkt\/3-in-1-pfeifenstopfer-mit-reamer\/"]}]},{"@type":"ImageObject","inLanguage":"es","@id":"https:\/\/pfeifenundzigarren.de\/Produkt\/3-in-1-pfeifenstopfer-mit-reamer\/#primaryimage","url":"https:\/\/pfeifenundzigarren.de\/wp-content\/uploads\/2024\/12\/kf-S99bc29a8d53146e99accaaf306a45aect.webp","contentUrl":"https:\/\/pfeifenundzigarren.de\/wp-content\/uploads\/2024\/12\/kf-S99bc29a8d53146e99accaaf306a45aect.webp","width":800,"height":800},{"@type":"BreadcrumbList","@id":"https:\/\/pfeifenundzigarren.de\/Produkt\/3-in-1-pfeifenstopfer-mit-reamer\/#breadcrumb","itemListElement":[{"@type":"ListItem","position":1,"name":"Home","item":"https:\/\/pfeifenundzigarren.de\/"},{"@type":"ListItem","position":2,"name":"Shop","item":"https:\/\/pfeifenundzigarren.de\/shop\/"},{"@type":"ListItem","position":3,"name":"3-in-1 Pfeifenstopfer mit Reamer"}]},{"@type":"WebSite","@id":"https:\/\/pfeifenundzigarren.de\/#website","url":"https:\/\/pfeifenundzigarren.de\/","name":"La mejor tienda en l\u00ednea de pipas y accesorios para puros de Alemania","description":"","publisher":{"@id":"https:\/\/pfeifenundzigarren.de\/#organization"},"potentialAction":[{"@type":"SearchAction","target":{"@type":"EntryPoint","urlTemplate":"https:\/\/pfeifenundzigarren.de\/?s={search_term_string}"},"query-input":{"@type":"PropertyValueSpecification","valueRequired":true,"valueName":"search_term_string"}}],"inLanguage":"es"},{"@type":"Organization","@id":"https:\/\/pfeifenundzigarren.de\/#organization","name":"La mejor tienda en l\u00ednea de pipas y accesorios para puros de Alemania","url":"https:\/\/pfeifenundzigarren.de\/","logo":{"@type":"ImageObject","inLanguage":"es","@id":"https:\/\/pfeifenundzigarren.de\/#\/schema\/logo\/image\/","url":"https:\/\/pfeifenundzigarren.de\/wp-content\/uploads\/2024\/09\/cropped-Luxury-and-Vintage-Ornamental-Coffee-Shop-Logo.png","contentUrl":"https:\/\/pfeifenundzigarren.de\/wp-content\/uploads\/2024\/09\/cropped-Luxury-and-Vintage-Ornamental-Coffee-Shop-Logo.png","width":512,"height":512,"caption":"Der beste Onlineshop f\u00fcr Pfeifen und Zigarrenzubeh\u00f6r in Deutschland"},"image":{"@id":"https:\/\/pfeifenundzigarren.de\/#\/schema\/logo\/image\/"}}]}},"_links":{"self":[{"href":"https:\/\/pfeifenundzigarren.de\/es\/wp-json\/wp\/v2\/product\/5859","targetHints":{"allow":["GET"]}}],"collection":[{"href":"https:\/\/pfeifenundzigarren.de\/es\/wp-json\/wp\/v2\/product"}],"about":[{"href":"https:\/\/pfeifenundzigarren.de\/es\/wp-json\/wp\/v2\/types\/product"}],"replies":[{"embeddable":true,"href":"https:\/\/pfeifenundzigarren.de\/es\/wp-json\/wp\/v2\/comments?post=5859"}],"version-history":[{"count":0,"href":"https:\/\/pfeifenundzigarren.de\/es\/wp-json\/wp\/v2\/product\/5859\/revisions"}],"wp:featuredmedia":[{"embeddable":true,"href":"https:\/\/pfeifenundzigarren.de\/es\/wp-json\/wp\/v2\/media\/5860"}],"wp:attachment":[{"href":"https:\/\/pfeifenundzigarren.de\/es\/wp-json\/wp\/v2\/media?parent=5859"}],"wp:term":[{"taxonomy":"product_brand","embeddable":true,"href":"https:\/\/pfeifenundzigarren.de\/es\/wp-json\/wp\/v2\/product_brand?post=5859"},{"taxonomy":"product_cat","embeddable":true,"href":"https:\/\/pfeifenundzigarren.de\/es\/wp-json\/wp\/v2\/product_cat?post=5859"},{"taxonomy":"product_tag","embeddable":true,"href":"https:\/\/pfeifenundzigarren.de\/es\/wp-json\/wp\/v2\/product_tag?post=5859"}],"curies":[{"name":"wp","href":"https:\/\/api.w.org\/{rel}","templated":true}]}}