{"id":5345,"date":"2024-11-01T01:38:04","date_gmt":"2024-11-01T00:38:04","guid":{"rendered":"https:\/\/pfeifenundzigarren.de\/?post_type=product&#038;p=5345"},"modified":"2024-12-13T06:19:37","modified_gmt":"2024-12-13T05:19:37","slug":"kurzer-schaft-briarwood-bulldog-pfeife-mit-silberring","status":"publish","type":"product","link":"https:\/\/pfeifenundzigarren.de\/es\/Produkt\/kurzer-schaft-briarwood-bulldog-pfeife-mit-silberring\/","title":{"rendered":"Pipa Bulldog de madera de brezo de ca\u00f1a corta con anillo de plata"},"content":{"rendered":"<ul>\n<li>Estos <strong>Silbato Bulldog<\/strong> Cada detalle es una cuidada innovaci\u00f3n en el dise\u00f1o. El sencillo desmontaje facilita la limpieza del <strong>Silbato Bulldog de Briarwood<\/strong> y el dise\u00f1o de 3 mm aumenta la sensaci\u00f3n de succi\u00f3n.<\/li>\n<li><strong>detalles<\/strong><br \/>\nEl dise\u00f1o de corte plano mejora la percepci\u00f3n est\u00e9tica. En la pr\u00e1ctica, evita las grietas y garantiza una superficie lisa. Los finos grabados y las diferentes vetas confieren a cada zona su propio car\u00e1cter.<\/li>\n<li><strong>Producto final<\/strong><br \/>\nEl producto final es un <strong>Silbato Bulldog<\/strong>equipado con un <a href=\"https:\/\/pfeifenundzigarren.de\/es\/produktkategorie\/pfeifen-zubehoer\/pfeifen-mundstueck\/\">punta de goma vulcanizada<\/a> y un anillo de plata alemana. Tanto en materiales como en detalles, supera a las pipas fabricadas a m\u00e1quina del mercado antes de ser coloreada y grabada de nuevo.<\/li>\n<li><strong>Colorear<\/strong><br \/>\nLa madera se corta y lija seg\u00fan la veta seleccionada. A continuaci\u00f3n, se localiza la l\u00ednea de corte seg\u00fan la veta y se colorea una vez. Se pueden utilizar t\u00e9cnicas de lijado y coloreado para resaltar la veta sin que se decolore (el coloreado tradicional de los artesanos europeos implica cuatro capas de color).<\/li>\n<li><strong>Brillante oscuro<\/strong><br \/>\nMadera de brezo espa\u00f1ol, totalmente artesanal, grano claro y fino, redondeado suave. Canal de humo de 3 mm para mejorar la fidelidad. Corte y lijado seg\u00fan la veta de la madera elegida. Tras el lijado, se aplican t\u00e9cnicas de coloraci\u00f3n para resaltar la veta sin deste\u00f1ir (la coloraci\u00f3n tradicional de los artesanos europeos se realiza en cuatro capas de color).<\/li>\n<\/ul>","protected":false},"excerpt":{"rendered":"<p>Este silbato bulldog Cada detalle es una cuidada innovaci\u00f3n en el dise\u00f1o. Su f\u00e1cil desmontaje facilita la limpieza del silbato Bulldog de Briarwood<\/p>","protected":false},"featured_media":5350,"comment_status":"open","ping_status":"closed","template":"","meta":[],"product_brand":[],"product_cat":[70,86,381],"product_tag":[],"class_list":{"0":"post-5345","1":"product","2":"type-product","3":"status-publish","4":"has-post-thumbnail","6":"product_cat-pfeife","7":"product_cat-bruyere-pfeifen","8":"product_cat-bulldog-pfeife","10":"first","11":"instock","12":"sale","13":"shipping-taxable","14":"purchasable","15":"product-type-simple"},"yoast_head":"<!-- This site is optimized with the Yoast SEO Premium plugin v26.7 (Yoast SEO v27.4) - https:\/\/yoast.com\/product\/yoast-seo-premium-wordpress\/ -->\n<title>Kurzer Schaft Briarwood Bulldog Pfeife mit Silberring - Der beste Onlineshop f\u00fcr Pfeifen und Zigarrenzubeh\u00f6r in Deutschland<\/title>\n<meta name=\"robots\" content=\"index, follow, max-snippet:-1, max-image-preview:large, max-video-preview:-1\" \/>\n<link rel=\"canonical\" href=\"https:\/\/pfeifenundzigarren.de\/es\/Produkt\/kurzer-schaft-briarwood-bulldog-pfeife-mit-silberring\/\" \/>\n<meta property=\"og:locale\" content=\"es_ES\" \/>\n<meta property=\"og:type\" content=\"article\" \/>\n<meta property=\"og:title\" content=\"Kurzer Schaft Briarwood Bulldog Pfeife mit Silberring\" \/>\n<meta property=\"og:description\" content=\"Diese Bulldoggenpfeife Jedes Detail ist eine sorgf\u00e4ltige Innovation im Designbereich. Das einfache Zerlegen erleichtert die Reinigung der Briarwood Bulldog Pfeife\" \/>\n<meta property=\"og:url\" content=\"https:\/\/pfeifenundzigarren.de\/es\/Produkt\/kurzer-schaft-briarwood-bulldog-pfeife-mit-silberring\/\" \/>\n<meta property=\"og:site_name\" content=\"Der beste Onlineshop f\u00fcr Pfeifen und Zigarrenzubeh\u00f6r in Deutschland\" \/>\n<meta property=\"article:modified_time\" content=\"2024-12-13T05:19:37+00:00\" \/>\n<meta property=\"og:image\" content=\"https:\/\/pfeifenundzigarren.de\/wp-content\/uploads\/2024\/11\/2.jpg\" \/>\n\t<meta property=\"og:image:width\" content=\"800\" \/>\n\t<meta property=\"og:image:height\" content=\"800\" \/>\n\t<meta property=\"og:image:type\" content=\"image\/jpeg\" \/>\n<meta name=\"twitter:card\" content=\"summary_large_image\" \/>\n<meta name=\"twitter:label1\" content=\"Tiempo de lectura\" \/>\n\t<meta name=\"twitter:data1\" content=\"1 minuto\" \/>\n<script type=\"application\/ld+json\" class=\"yoast-schema-graph\">{\"@context\":\"https:\\\/\\\/schema.org\",\"@graph\":[{\"@type\":\"WebPage\",\"@id\":\"https:\\\/\\\/pfeifenundzigarren.de\\\/es\\\/Produkt\\\/kurzer-schaft-briarwood-bulldog-pfeife-mit-silberring\\\/\",\"url\":\"https:\\\/\\\/pfeifenundzigarren.de\\\/es\\\/Produkt\\\/kurzer-schaft-briarwood-bulldog-pfeife-mit-silberring\\\/\",\"name\":\"Kurzer Schaft Briarwood Bulldog Pfeife mit Silberring - Der beste Onlineshop f\u00fcr Pfeifen und Zigarrenzubeh\u00f6r in Deutschland\",\"isPartOf\":{\"@id\":\"https:\\\/\\\/lime-nightingale-562313.hostingersite.com\\\/#website\"},\"primaryImageOfPage\":{\"@id\":\"https:\\\/\\\/pfeifenundzigarren.de\\\/es\\\/Produkt\\\/kurzer-schaft-briarwood-bulldog-pfeife-mit-silberring\\\/#primaryimage\"},\"image\":{\"@id\":\"https:\\\/\\\/pfeifenundzigarren.de\\\/es\\\/Produkt\\\/kurzer-schaft-briarwood-bulldog-pfeife-mit-silberring\\\/#primaryimage\"},\"thumbnailUrl\":\"https:\\\/\\\/pfeifenundzigarren.de\\\/wp-content\\\/uploads\\\/2024\\\/11\\\/2.jpg\",\"datePublished\":\"2024-11-01T00:38:04+00:00\",\"dateModified\":\"2024-12-13T05:19:37+00:00\",\"breadcrumb\":{\"@id\":\"https:\\\/\\\/pfeifenundzigarren.de\\\/es\\\/Produkt\\\/kurzer-schaft-briarwood-bulldog-pfeife-mit-silberring\\\/#breadcrumb\"},\"inLanguage\":\"es\",\"potentialAction\":[{\"@type\":\"ReadAction\",\"target\":[\"https:\\\/\\\/pfeifenundzigarren.de\\\/es\\\/Produkt\\\/kurzer-schaft-briarwood-bulldog-pfeife-mit-silberring\\\/\"]}]},{\"@type\":\"ImageObject\",\"inLanguage\":\"es\",\"@id\":\"https:\\\/\\\/pfeifenundzigarren.de\\\/es\\\/Produkt\\\/kurzer-schaft-briarwood-bulldog-pfeife-mit-silberring\\\/#primaryimage\",\"url\":\"https:\\\/\\\/pfeifenundzigarren.de\\\/wp-content\\\/uploads\\\/2024\\\/11\\\/2.jpg\",\"contentUrl\":\"https:\\\/\\\/pfeifenundzigarren.de\\\/wp-content\\\/uploads\\\/2024\\\/11\\\/2.jpg\",\"width\":800,\"height\":800,\"caption\":\"Kurzer Schaft Briarwood Bulldog Pfeife mit Silberring\"},{\"@type\":\"BreadcrumbList\",\"@id\":\"https:\\\/\\\/pfeifenundzigarren.de\\\/es\\\/Produkt\\\/kurzer-schaft-briarwood-bulldog-pfeife-mit-silberring\\\/#breadcrumb\",\"itemListElement\":[{\"@type\":\"ListItem\",\"position\":1,\"name\":\"Home\",\"item\":\"https:\\\/\\\/lime-nightingale-562313.hostingersite.com\\\/\"},{\"@type\":\"ListItem\",\"position\":2,\"name\":\"Shop\",\"item\":\"https:\\\/\\\/lime-nightingale-562313.hostingersite.com\\\/shop\\\/\"},{\"@type\":\"ListItem\",\"position\":3,\"name\":\"Kurzer Schaft Briarwood Bulldog Pfeife mit Silberring\"}]},{\"@type\":\"WebSite\",\"@id\":\"https:\\\/\\\/lime-nightingale-562313.hostingersite.com\\\/#website\",\"url\":\"https:\\\/\\\/lime-nightingale-562313.hostingersite.com\\\/\",\"name\":\"Der beste Onlineshop f\u00fcr Pfeifen und Zigarrenzubeh\u00f6r in Deutschland\",\"description\":\"\",\"publisher\":{\"@id\":\"https:\\\/\\\/lime-nightingale-562313.hostingersite.com\\\/#organization\"},\"potentialAction\":[{\"@type\":\"SearchAction\",\"target\":{\"@type\":\"EntryPoint\",\"urlTemplate\":\"https:\\\/\\\/lime-nightingale-562313.hostingersite.com\\\/?s={search_term_string}\"},\"query-input\":{\"@type\":\"PropertyValueSpecification\",\"valueRequired\":true,\"valueName\":\"search_term_string\"}}],\"inLanguage\":\"es\"},{\"@type\":\"Organization\",\"@id\":\"https:\\\/\\\/lime-nightingale-562313.hostingersite.com\\\/#organization\",\"name\":\"Der beste Onlineshop f\u00fcr Pfeifen und Zigarrenzubeh\u00f6r in Deutschland\",\"url\":\"https:\\\/\\\/lime-nightingale-562313.hostingersite.com\\\/\",\"logo\":{\"@type\":\"ImageObject\",\"inLanguage\":\"es\",\"@id\":\"https:\\\/\\\/lime-nightingale-562313.hostingersite.com\\\/#\\\/schema\\\/logo\\\/image\\\/\",\"url\":\"https:\\\/\\\/pfeifenundzigarren.de\\\/wp-content\\\/uploads\\\/2024\\\/09\\\/cropped-Luxury-and-Vintage-Ornamental-Coffee-Shop-Logo.png\",\"contentUrl\":\"https:\\\/\\\/pfeifenundzigarren.de\\\/wp-content\\\/uploads\\\/2024\\\/09\\\/cropped-Luxury-and-Vintage-Ornamental-Coffee-Shop-Logo.png\",\"width\":512,\"height\":512,\"caption\":\"Der beste Onlineshop f\u00fcr Pfeifen und Zigarrenzubeh\u00f6r in Deutschland\"},\"image\":{\"@id\":\"https:\\\/\\\/lime-nightingale-562313.hostingersite.com\\\/#\\\/schema\\\/logo\\\/image\\\/\"}}]}<\/script>\n<!-- \/ Yoast SEO Premium plugin. -->","yoast_head_json":{"title":"Kurzer Schaft Briarwood Bulldog Pfeife mit Silberring - Der beste Onlineshop f\u00fcr Pfeifen und Zigarrenzubeh\u00f6r in Deutschland","robots":{"index":"index","follow":"follow","max-snippet":"max-snippet:-1","max-image-preview":"max-image-preview:large","max-video-preview":"max-video-preview:-1"},"canonical":"https:\/\/pfeifenundzigarren.de\/es\/Produkt\/kurzer-schaft-briarwood-bulldog-pfeife-mit-silberring\/","og_locale":"es_ES","og_type":"article","og_title":"Kurzer Schaft Briarwood Bulldog Pfeife mit Silberring","og_description":"Diese Bulldoggenpfeife Jedes Detail ist eine sorgf\u00e4ltige Innovation im Designbereich. Das einfache Zerlegen erleichtert die Reinigung der Briarwood Bulldog Pfeife","og_url":"https:\/\/pfeifenundzigarren.de\/es\/Produkt\/kurzer-schaft-briarwood-bulldog-pfeife-mit-silberring\/","og_site_name":"Der beste Onlineshop f\u00fcr Pfeifen und Zigarrenzubeh\u00f6r in Deutschland","article_modified_time":"2024-12-13T05:19:37+00:00","og_image":[{"width":800,"height":800,"url":"https:\/\/pfeifenundzigarren.de\/wp-content\/uploads\/2024\/11\/2.jpg","type":"image\/jpeg"}],"twitter_card":"summary_large_image","twitter_misc":{"Tiempo de lectura":"1 minuto"},"schema":{"@context":"https:\/\/schema.org","@graph":[{"@type":"WebPage","@id":"https:\/\/pfeifenundzigarren.de\/es\/Produkt\/kurzer-schaft-briarwood-bulldog-pfeife-mit-silberring\/","url":"https:\/\/pfeifenundzigarren.de\/es\/Produkt\/kurzer-schaft-briarwood-bulldog-pfeife-mit-silberring\/","name":"Kurzer Schaft Briarwood Bulldog Pfeife mit Silberring - Der beste Onlineshop f\u00fcr Pfeifen und Zigarrenzubeh\u00f6r in Deutschland","isPartOf":{"@id":"https:\/\/lime-nightingale-562313.hostingersite.com\/#website"},"primaryImageOfPage":{"@id":"https:\/\/pfeifenundzigarren.de\/es\/Produkt\/kurzer-schaft-briarwood-bulldog-pfeife-mit-silberring\/#primaryimage"},"image":{"@id":"https:\/\/pfeifenundzigarren.de\/es\/Produkt\/kurzer-schaft-briarwood-bulldog-pfeife-mit-silberring\/#primaryimage"},"thumbnailUrl":"https:\/\/pfeifenundzigarren.de\/wp-content\/uploads\/2024\/11\/2.jpg","datePublished":"2024-11-01T00:38:04+00:00","dateModified":"2024-12-13T05:19:37+00:00","breadcrumb":{"@id":"https:\/\/pfeifenundzigarren.de\/es\/Produkt\/kurzer-schaft-briarwood-bulldog-pfeife-mit-silberring\/#breadcrumb"},"inLanguage":"es","potentialAction":[{"@type":"ReadAction","target":["https:\/\/pfeifenundzigarren.de\/es\/Produkt\/kurzer-schaft-briarwood-bulldog-pfeife-mit-silberring\/"]}]},{"@type":"ImageObject","inLanguage":"es","@id":"https:\/\/pfeifenundzigarren.de\/es\/Produkt\/kurzer-schaft-briarwood-bulldog-pfeife-mit-silberring\/#primaryimage","url":"https:\/\/pfeifenundzigarren.de\/wp-content\/uploads\/2024\/11\/2.jpg","contentUrl":"https:\/\/pfeifenundzigarren.de\/wp-content\/uploads\/2024\/11\/2.jpg","width":800,"height":800,"caption":"Kurzer Schaft Briarwood Bulldog Pfeife mit Silberring"},{"@type":"BreadcrumbList","@id":"https:\/\/pfeifenundzigarren.de\/es\/Produkt\/kurzer-schaft-briarwood-bulldog-pfeife-mit-silberring\/#breadcrumb","itemListElement":[{"@type":"ListItem","position":1,"name":"Home","item":"https:\/\/lime-nightingale-562313.hostingersite.com\/"},{"@type":"ListItem","position":2,"name":"Shop","item":"https:\/\/lime-nightingale-562313.hostingersite.com\/shop\/"},{"@type":"ListItem","position":3,"name":"Kurzer Schaft Briarwood Bulldog Pfeife mit Silberring"}]},{"@type":"WebSite","@id":"https:\/\/lime-nightingale-562313.hostingersite.com\/#website","url":"https:\/\/lime-nightingale-562313.hostingersite.com\/","name":"La mejor tienda en l\u00ednea de pipas y accesorios para puros de Alemania","description":"","publisher":{"@id":"https:\/\/lime-nightingale-562313.hostingersite.com\/#organization"},"potentialAction":[{"@type":"SearchAction","target":{"@type":"EntryPoint","urlTemplate":"https:\/\/lime-nightingale-562313.hostingersite.com\/?s={search_term_string}"},"query-input":{"@type":"PropertyValueSpecification","valueRequired":true,"valueName":"search_term_string"}}],"inLanguage":"es"},{"@type":"Organization","@id":"https:\/\/lime-nightingale-562313.hostingersite.com\/#organization","name":"La mejor tienda en l\u00ednea de pipas y accesorios para puros de Alemania","url":"https:\/\/lime-nightingale-562313.hostingersite.com\/","logo":{"@type":"ImageObject","inLanguage":"es","@id":"https:\/\/lime-nightingale-562313.hostingersite.com\/#\/schema\/logo\/image\/","url":"https:\/\/pfeifenundzigarren.de\/wp-content\/uploads\/2024\/09\/cropped-Luxury-and-Vintage-Ornamental-Coffee-Shop-Logo.png","contentUrl":"https:\/\/pfeifenundzigarren.de\/wp-content\/uploads\/2024\/09\/cropped-Luxury-and-Vintage-Ornamental-Coffee-Shop-Logo.png","width":512,"height":512,"caption":"Der beste Onlineshop f\u00fcr Pfeifen und Zigarrenzubeh\u00f6r in Deutschland"},"image":{"@id":"https:\/\/lime-nightingale-562313.hostingersite.com\/#\/schema\/logo\/image\/"}}]}},"_links":{"self":[{"href":"https:\/\/pfeifenundzigarren.de\/es\/wp-json\/wp\/v2\/product\/5345","targetHints":{"allow":["GET"]}}],"collection":[{"href":"https:\/\/pfeifenundzigarren.de\/es\/wp-json\/wp\/v2\/product"}],"about":[{"href":"https:\/\/pfeifenundzigarren.de\/es\/wp-json\/wp\/v2\/types\/product"}],"replies":[{"embeddable":true,"href":"https:\/\/pfeifenundzigarren.de\/es\/wp-json\/wp\/v2\/comments?post=5345"}],"version-history":[{"count":0,"href":"https:\/\/pfeifenundzigarren.de\/es\/wp-json\/wp\/v2\/product\/5345\/revisions"}],"wp:featuredmedia":[{"embeddable":true,"href":"https:\/\/pfeifenundzigarren.de\/es\/wp-json\/wp\/v2\/media\/5350"}],"wp:attachment":[{"href":"https:\/\/pfeifenundzigarren.de\/es\/wp-json\/wp\/v2\/media?parent=5345"}],"wp:term":[{"taxonomy":"product_brand","embeddable":true,"href":"https:\/\/pfeifenundzigarren.de\/es\/wp-json\/wp\/v2\/product_brand?post=5345"},{"taxonomy":"product_cat","embeddable":true,"href":"https:\/\/pfeifenundzigarren.de\/es\/wp-json\/wp\/v2\/product_cat?post=5345"},{"taxonomy":"product_tag","embeddable":true,"href":"https:\/\/pfeifenundzigarren.de\/es\/wp-json\/wp\/v2\/product_tag?post=5345"}],"curies":[{"name":"wp","href":"https:\/\/api.w.org\/{rel}","templated":true}]}}