{"id":5330,"date":"2024-10-29T04:21:10","date_gmt":"2024-10-29T03:21:10","guid":{"rendered":"https:\/\/pfeifenundzigarren.de\/?post_type=product&#038;p=5330"},"modified":"2024-10-31T07:21:13","modified_gmt":"2024-10-31T06:21:13","slug":"50er-pack-9mm-aktivkohle-pfeifenfilter","status":"publish","type":"product","link":"https:\/\/pfeifenundzigarren.de\/es\/Produkt\/50er-pack-9mm-aktivkohle-pfeifenfilter\/","title":{"rendered":"Paquete de 50 filtros de tubo de carb\u00f3n activado de 9 mm"},"content":{"rendered":"<p><strong>Nombre del producto<\/strong>Paquete de 50 filtros de tubo de carb\u00f3n activado de 9 mm<br \/>\n<strong>\u00c1mbito de aplicaci\u00f3n<\/strong>Adecuado para todas las 9 mm <a href=\"https:\/\/pfeifenundzigarren.de\/es\/\">Tubos filtrantes<\/a><br \/>\n<strong>Tipo de filtro<\/strong>Filtro de carb\u00f3n activado<br \/>\n<strong>Talla<\/strong>9 mm de di\u00e1metro<br \/>\n<strong>Cantidad de envases<\/strong>: 50 piezas<br \/>\n<strong>Material<\/strong>:<\/p>\n<ul>\n<li><strong>Portada<\/strong>Cubierta de papel de alta calidad<\/li>\n<li><strong>Material filtrante<\/strong>Relleno de carb\u00f3n activado de alta calidad, que le ofrece el mejor efecto de filtrado<br \/>\n<strong>Dise\u00f1o de ventilaci\u00f3n<\/strong>Tapones cer\u00e1micos en ambos extremos para un flujo de aire suave<br \/>\n<strong>Aplicaci\u00f3n<\/strong>Se inserta directamente en la boquilla de la pipa, sin necesidad de ajustes adicionales<\/li>\n<\/ul>","protected":false},"excerpt":{"rendered":"<p>Nombre del producto: Paquete de 50 filtros de carb\u00f3n activado para tubos de 9 mm \u00c1rea de aplicaci\u00f3n: Adecuado para todos los tubos de filtro de 9 mm Tipo de filtro: Filtro de carb\u00f3n activado Tama\u00f1o: 9 mm de di\u00e1metro Cantidad por embalaje: 50 piezas<\/p>","protected":false},"featured_media":5333,"comment_status":"open","ping_status":"closed","template":"","meta":[],"product_brand":[],"product_cat":[84],"product_tag":[],"class_list":{"0":"post-5330","1":"product","2":"type-product","3":"status-publish","4":"has-post-thumbnail","6":"product_cat-pfeifenfilter","8":"first","9":"instock","10":"shipping-taxable","11":"purchasable","12":"product-type-simple"},"yoast_head":"<!-- This site is optimized with the Yoast SEO Premium plugin v26.7 (Yoast SEO v26.7) - https:\/\/yoast.com\/wordpress\/plugins\/seo\/ -->\n<title>50er Pack 9mm Aktivkohle Pfeifenfilter - Der beste Onlineshop f\u00fcr Pfeifen und Zigarrenzubeh\u00f6r in Deutschland<\/title>\n<meta name=\"robots\" content=\"index, follow, max-snippet:-1, max-image-preview:large, max-video-preview:-1\" \/>\n<link rel=\"canonical\" href=\"https:\/\/pfeifenundzigarren.de\/es\/Produkt\/50er-pack-9mm-aktivkohle-pfeifenfilter\/\" \/>\n<meta property=\"og:locale\" content=\"es_ES\" \/>\n<meta property=\"og:type\" content=\"article\" \/>\n<meta property=\"og:title\" content=\"50er Pack 9mm Aktivkohle Pfeifenfilter\" \/>\n<meta property=\"og:description\" content=\"Produktname: 50er Pack 9mm Aktivkohle Pfeifenfilter Anwendungsbereich: Geeignet f\u00fcr alle 9mm Filterpfeifen Filtertyp: Aktivkohlefilter Gr\u00f6\u00dfe: 9mm Durchmesser Verpackungsmenge: 50 St\u00fcck\" \/>\n<meta property=\"og:url\" content=\"https:\/\/pfeifenundzigarren.de\/es\/Produkt\/50er-pack-9mm-aktivkohle-pfeifenfilter\/\" \/>\n<meta property=\"og:site_name\" content=\"Der beste Onlineshop f\u00fcr Pfeifen und Zigarrenzubeh\u00f6r in Deutschland\" \/>\n<meta property=\"article:modified_time\" content=\"2024-10-31T06:21:13+00:00\" \/>\n<meta property=\"og:image\" content=\"https:\/\/pfeifenundzigarren.de\/wp-content\/uploads\/2024\/10\/97ab0328f53400147159b827ddc6551.jpg\" \/>\n\t<meta property=\"og:image:width\" content=\"800\" \/>\n\t<meta property=\"og:image:height\" content=\"800\" \/>\n\t<meta property=\"og:image:type\" content=\"image\/jpeg\" \/>\n<meta name=\"twitter:card\" content=\"summary_large_image\" \/>\n<script type=\"application\/ld+json\" class=\"yoast-schema-graph\">{\"@context\":\"https:\/\/schema.org\",\"@graph\":[{\"@type\":\"WebPage\",\"@id\":\"https:\/\/pfeifenundzigarren.de\/Produkt\/50er-pack-9mm-aktivkohle-pfeifenfilter\/\",\"url\":\"https:\/\/pfeifenundzigarren.de\/Produkt\/50er-pack-9mm-aktivkohle-pfeifenfilter\/\",\"name\":\"50er Pack 9mm Aktivkohle Pfeifenfilter - Der beste Onlineshop f\u00fcr Pfeifen und Zigarrenzubeh\u00f6r in Deutschland\",\"isPartOf\":{\"@id\":\"https:\/\/pfeifenundzigarren.de\/#website\"},\"primaryImageOfPage\":{\"@id\":\"https:\/\/pfeifenundzigarren.de\/Produkt\/50er-pack-9mm-aktivkohle-pfeifenfilter\/#primaryimage\"},\"image\":{\"@id\":\"https:\/\/pfeifenundzigarren.de\/Produkt\/50er-pack-9mm-aktivkohle-pfeifenfilter\/#primaryimage\"},\"thumbnailUrl\":\"https:\/\/pfeifenundzigarren.de\/wp-content\/uploads\/2024\/10\/97ab0328f53400147159b827ddc6551.jpg\",\"datePublished\":\"2024-10-29T03:21:10+00:00\",\"dateModified\":\"2024-10-31T06:21:13+00:00\",\"breadcrumb\":{\"@id\":\"https:\/\/pfeifenundzigarren.de\/Produkt\/50er-pack-9mm-aktivkohle-pfeifenfilter\/#breadcrumb\"},\"inLanguage\":\"es\",\"potentialAction\":[{\"@type\":\"ReadAction\",\"target\":[\"https:\/\/pfeifenundzigarren.de\/Produkt\/50er-pack-9mm-aktivkohle-pfeifenfilter\/\"]}]},{\"@type\":\"ImageObject\",\"inLanguage\":\"es\",\"@id\":\"https:\/\/pfeifenundzigarren.de\/Produkt\/50er-pack-9mm-aktivkohle-pfeifenfilter\/#primaryimage\",\"url\":\"https:\/\/pfeifenundzigarren.de\/wp-content\/uploads\/2024\/10\/97ab0328f53400147159b827ddc6551.jpg\",\"contentUrl\":\"https:\/\/pfeifenundzigarren.de\/wp-content\/uploads\/2024\/10\/97ab0328f53400147159b827ddc6551.jpg\",\"width\":800,\"height\":800,\"caption\":\"50er Pack 9mm Aktivkohle Pfeifenfilter\"},{\"@type\":\"BreadcrumbList\",\"@id\":\"https:\/\/pfeifenundzigarren.de\/Produkt\/50er-pack-9mm-aktivkohle-pfeifenfilter\/#breadcrumb\",\"itemListElement\":[{\"@type\":\"ListItem\",\"position\":1,\"name\":\"Home\",\"item\":\"https:\/\/pfeifenundzigarren.de\/\"},{\"@type\":\"ListItem\",\"position\":2,\"name\":\"Shop\",\"item\":\"https:\/\/pfeifenundzigarren.de\/shop\/\"},{\"@type\":\"ListItem\",\"position\":3,\"name\":\"50er Pack 9mm Aktivkohle Pfeifenfilter\"}]},{\"@type\":\"WebSite\",\"@id\":\"https:\/\/pfeifenundzigarren.de\/#website\",\"url\":\"https:\/\/pfeifenundzigarren.de\/\",\"name\":\"Der beste Onlineshop f\u00fcr Pfeifen und Zigarrenzubeh\u00f6r in Deutschland\",\"description\":\"\",\"publisher\":{\"@id\":\"https:\/\/pfeifenundzigarren.de\/#organization\"},\"potentialAction\":[{\"@type\":\"SearchAction\",\"target\":{\"@type\":\"EntryPoint\",\"urlTemplate\":\"https:\/\/pfeifenundzigarren.de\/?s={search_term_string}\"},\"query-input\":{\"@type\":\"PropertyValueSpecification\",\"valueRequired\":true,\"valueName\":\"search_term_string\"}}],\"inLanguage\":\"es\"},{\"@type\":\"Organization\",\"@id\":\"https:\/\/pfeifenundzigarren.de\/#organization\",\"name\":\"Der beste Onlineshop f\u00fcr Pfeifen und Zigarrenzubeh\u00f6r in Deutschland\",\"url\":\"https:\/\/pfeifenundzigarren.de\/\",\"logo\":{\"@type\":\"ImageObject\",\"inLanguage\":\"es\",\"@id\":\"https:\/\/pfeifenundzigarren.de\/#\/schema\/logo\/image\/\",\"url\":\"https:\/\/pfeifenundzigarren.de\/wp-content\/uploads\/2024\/09\/cropped-Luxury-and-Vintage-Ornamental-Coffee-Shop-Logo.png\",\"contentUrl\":\"https:\/\/pfeifenundzigarren.de\/wp-content\/uploads\/2024\/09\/cropped-Luxury-and-Vintage-Ornamental-Coffee-Shop-Logo.png\",\"width\":512,\"height\":512,\"caption\":\"Der beste Onlineshop f\u00fcr Pfeifen und Zigarrenzubeh\u00f6r in Deutschland\"},\"image\":{\"@id\":\"https:\/\/pfeifenundzigarren.de\/#\/schema\/logo\/image\/\"}}]}<\/script>\n<!-- \/ Yoast SEO Premium plugin. -->","yoast_head_json":{"title":"50er Pack 9mm Aktivkohle Pfeifenfilter - Der beste Onlineshop f\u00fcr Pfeifen und Zigarrenzubeh\u00f6r in Deutschland","robots":{"index":"index","follow":"follow","max-snippet":"max-snippet:-1","max-image-preview":"max-image-preview:large","max-video-preview":"max-video-preview:-1"},"canonical":"https:\/\/pfeifenundzigarren.de\/es\/Produkt\/50er-pack-9mm-aktivkohle-pfeifenfilter\/","og_locale":"es_ES","og_type":"article","og_title":"50er Pack 9mm Aktivkohle Pfeifenfilter","og_description":"Produktname: 50er Pack 9mm Aktivkohle Pfeifenfilter Anwendungsbereich: Geeignet f\u00fcr alle 9mm Filterpfeifen Filtertyp: Aktivkohlefilter Gr\u00f6\u00dfe: 9mm Durchmesser Verpackungsmenge: 50 St\u00fcck","og_url":"https:\/\/pfeifenundzigarren.de\/es\/Produkt\/50er-pack-9mm-aktivkohle-pfeifenfilter\/","og_site_name":"Der beste Onlineshop f\u00fcr Pfeifen und Zigarrenzubeh\u00f6r in Deutschland","article_modified_time":"2024-10-31T06:21:13+00:00","og_image":[{"width":800,"height":800,"url":"https:\/\/pfeifenundzigarren.de\/wp-content\/uploads\/2024\/10\/97ab0328f53400147159b827ddc6551.jpg","type":"image\/jpeg"}],"twitter_card":"summary_large_image","schema":{"@context":"https:\/\/schema.org","@graph":[{"@type":"WebPage","@id":"https:\/\/pfeifenundzigarren.de\/Produkt\/50er-pack-9mm-aktivkohle-pfeifenfilter\/","url":"https:\/\/pfeifenundzigarren.de\/Produkt\/50er-pack-9mm-aktivkohle-pfeifenfilter\/","name":"50er Pack 9mm Aktivkohle Pfeifenfilter - Der beste Onlineshop f\u00fcr Pfeifen und Zigarrenzubeh\u00f6r in Deutschland","isPartOf":{"@id":"https:\/\/pfeifenundzigarren.de\/#website"},"primaryImageOfPage":{"@id":"https:\/\/pfeifenundzigarren.de\/Produkt\/50er-pack-9mm-aktivkohle-pfeifenfilter\/#primaryimage"},"image":{"@id":"https:\/\/pfeifenundzigarren.de\/Produkt\/50er-pack-9mm-aktivkohle-pfeifenfilter\/#primaryimage"},"thumbnailUrl":"https:\/\/pfeifenundzigarren.de\/wp-content\/uploads\/2024\/10\/97ab0328f53400147159b827ddc6551.jpg","datePublished":"2024-10-29T03:21:10+00:00","dateModified":"2024-10-31T06:21:13+00:00","breadcrumb":{"@id":"https:\/\/pfeifenundzigarren.de\/Produkt\/50er-pack-9mm-aktivkohle-pfeifenfilter\/#breadcrumb"},"inLanguage":"es","potentialAction":[{"@type":"ReadAction","target":["https:\/\/pfeifenundzigarren.de\/Produkt\/50er-pack-9mm-aktivkohle-pfeifenfilter\/"]}]},{"@type":"ImageObject","inLanguage":"es","@id":"https:\/\/pfeifenundzigarren.de\/Produkt\/50er-pack-9mm-aktivkohle-pfeifenfilter\/#primaryimage","url":"https:\/\/pfeifenundzigarren.de\/wp-content\/uploads\/2024\/10\/97ab0328f53400147159b827ddc6551.jpg","contentUrl":"https:\/\/pfeifenundzigarren.de\/wp-content\/uploads\/2024\/10\/97ab0328f53400147159b827ddc6551.jpg","width":800,"height":800,"caption":"50er Pack 9mm Aktivkohle Pfeifenfilter"},{"@type":"BreadcrumbList","@id":"https:\/\/pfeifenundzigarren.de\/Produkt\/50er-pack-9mm-aktivkohle-pfeifenfilter\/#breadcrumb","itemListElement":[{"@type":"ListItem","position":1,"name":"Home","item":"https:\/\/pfeifenundzigarren.de\/"},{"@type":"ListItem","position":2,"name":"Shop","item":"https:\/\/pfeifenundzigarren.de\/shop\/"},{"@type":"ListItem","position":3,"name":"50er Pack 9mm Aktivkohle Pfeifenfilter"}]},{"@type":"WebSite","@id":"https:\/\/pfeifenundzigarren.de\/#website","url":"https:\/\/pfeifenundzigarren.de\/","name":"La mejor tienda en l\u00ednea de pipas y accesorios para puros de Alemania","description":"","publisher":{"@id":"https:\/\/pfeifenundzigarren.de\/#organization"},"potentialAction":[{"@type":"SearchAction","target":{"@type":"EntryPoint","urlTemplate":"https:\/\/pfeifenundzigarren.de\/?s={search_term_string}"},"query-input":{"@type":"PropertyValueSpecification","valueRequired":true,"valueName":"search_term_string"}}],"inLanguage":"es"},{"@type":"Organization","@id":"https:\/\/pfeifenundzigarren.de\/#organization","name":"La mejor tienda en l\u00ednea de pipas y accesorios para puros de Alemania","url":"https:\/\/pfeifenundzigarren.de\/","logo":{"@type":"ImageObject","inLanguage":"es","@id":"https:\/\/pfeifenundzigarren.de\/#\/schema\/logo\/image\/","url":"https:\/\/pfeifenundzigarren.de\/wp-content\/uploads\/2024\/09\/cropped-Luxury-and-Vintage-Ornamental-Coffee-Shop-Logo.png","contentUrl":"https:\/\/pfeifenundzigarren.de\/wp-content\/uploads\/2024\/09\/cropped-Luxury-and-Vintage-Ornamental-Coffee-Shop-Logo.png","width":512,"height":512,"caption":"Der beste Onlineshop f\u00fcr Pfeifen und Zigarrenzubeh\u00f6r in Deutschland"},"image":{"@id":"https:\/\/pfeifenundzigarren.de\/#\/schema\/logo\/image\/"}}]}},"_links":{"self":[{"href":"https:\/\/pfeifenundzigarren.de\/es\/wp-json\/wp\/v2\/product\/5330","targetHints":{"allow":["GET"]}}],"collection":[{"href":"https:\/\/pfeifenundzigarren.de\/es\/wp-json\/wp\/v2\/product"}],"about":[{"href":"https:\/\/pfeifenundzigarren.de\/es\/wp-json\/wp\/v2\/types\/product"}],"replies":[{"embeddable":true,"href":"https:\/\/pfeifenundzigarren.de\/es\/wp-json\/wp\/v2\/comments?post=5330"}],"version-history":[{"count":0,"href":"https:\/\/pfeifenundzigarren.de\/es\/wp-json\/wp\/v2\/product\/5330\/revisions"}],"wp:featuredmedia":[{"embeddable":true,"href":"https:\/\/pfeifenundzigarren.de\/es\/wp-json\/wp\/v2\/media\/5333"}],"wp:attachment":[{"href":"https:\/\/pfeifenundzigarren.de\/es\/wp-json\/wp\/v2\/media?parent=5330"}],"wp:term":[{"taxonomy":"product_brand","embeddable":true,"href":"https:\/\/pfeifenundzigarren.de\/es\/wp-json\/wp\/v2\/product_brand?post=5330"},{"taxonomy":"product_cat","embeddable":true,"href":"https:\/\/pfeifenundzigarren.de\/es\/wp-json\/wp\/v2\/product_cat?post=5330"},{"taxonomy":"product_tag","embeddable":true,"href":"https:\/\/pfeifenundzigarren.de\/es\/wp-json\/wp\/v2\/product_tag?post=5330"}],"curies":[{"name":"wp","href":"https:\/\/api.w.org\/{rel}","templated":true}]}}