{"id":5214,"date":"2024-10-20T07:35:57","date_gmt":"2024-10-20T05:35:57","guid":{"rendered":"https:\/\/pfeifenundzigarren.de\/?post_type=product&#038;p=5214"},"modified":"2025-10-09T03:27:13","modified_gmt":"2025-10-09T01:27:13","slug":"kleiner-desktop-zigarrenhumidor","status":"publish","type":"product","link":"https:\/\/pfeifenundzigarren.de\/es\/Produkt\/kleiner-desktop-zigarrenhumidor\/","title":{"rendered":"Humidificador de puros peque\u00f1o de sobremesa"},"content":{"rendered":"<h3>Par\u00e1metros del producto<\/h3>\n<ul>\n<li><strong>Nombre del producto<\/strong>: <a href=\"https:\/\/pfeifenundzigarren.de\/es\/produktkategorie\/zigarren-zubehoer\/humidor-schrank\/\">Humidificador de puros<\/a> (Caja de puros)<\/li>\n<li><strong>Material<\/strong>Madera de cedro espa\u00f1ol (Cedar Wood)<\/li>\n<li><strong>Dimensiones del producto<\/strong>240 mm x 240 mm x 220 mm<\/li>\n<li><strong>Peso neto<\/strong>: 3,5 kg<\/li>\n<li><strong>Peso bruto<\/strong>: 4,1 kg<\/li>\n<li><strong>Capacidad<\/strong>Espacio para aprox. 50 puros<\/li>\n<li><strong>Dimensiones del embalaje<\/strong>293 mm x 290 mm x 293 mm<\/li>\n<\/ul>\n<h3>Caracter\u00edsticas del producto<\/h3>\n<ol>\n<li><strong>Higr\u00f3metro y humidificador<\/strong>Este<strong> humidor de puros peque\u00f1o de sobremesa<\/strong> est\u00e1 equipado con un higr\u00f3metro integrado que controla la humedad del humidor en tiempo real. El humidificador puede llenarse con soluci\u00f3n humidificante para puros o agua destilada para garantizar que los puros se almacenan en condiciones de humedad \u00f3ptimas.<\/li>\n<li><strong>Sistema de triple caj\u00f3n<\/strong>Tres cajones permiten guardar los puros por separado para evitar la transferencia de sabores entre distintos tipos.<\/li>\n<li><strong>Bisagra met\u00e1lica de alta calidad<\/strong>Robustas bisagras met\u00e1licas para un uso duradero y sin problemas. Los cajones se pueden abrir f\u00e1cilmente 90 grados.<\/li>\n<li><strong>Control constante de la temperatura y la humedad<\/strong>La madera de cedro espa\u00f1ol regula la humedad y garantiza una fermentaci\u00f3n \u00f3ptima de los puros, lo que refina el sabor y minimiza los aromas no deseados.<\/li>\n<li><strong>Ideal para el almacenamiento y la maduraci\u00f3n a largo plazo<\/strong>El control cient\u00edfico de la humedad y las condiciones de almacenamiento prolonga el tiempo de conservaci\u00f3n de los puros, mientras que el proceso de maduraci\u00f3n intensifica y refina su sabor.<\/li>\n<\/ol>","protected":false},"excerpt":{"rendered":"<p>Par\u00e1metros del producto Nombre del producto: Humidor de puros (Caja de puros) Material: Madera de cedro espa\u00f1ol Dimensiones del producto: 240 mm x 240 mm x 220 mm Peso neto:<\/p>","protected":false},"featured_media":5215,"comment_status":"open","ping_status":"closed","template":"","meta":[],"product_brand":[],"product_cat":[79],"product_tag":[],"class_list":{"0":"post-5214","1":"product","2":"type-product","3":"status-publish","4":"has-post-thumbnail","6":"product_cat-humidor-schrank","8":"first","9":"instock","10":"sale","11":"shipping-taxable","12":"purchasable","13":"product-type-simple"},"yoast_head":"<!-- This site is optimized with the Yoast SEO Premium plugin v26.7 (Yoast SEO v27.4) - https:\/\/yoast.com\/product\/yoast-seo-premium-wordpress\/ -->\n<title>Kleiner Desktop-Zigarrenhumidor - Der beste Onlineshop f\u00fcr Pfeifen und Zigarrenzubeh\u00f6r in Deutschland<\/title>\n<meta name=\"robots\" content=\"index, follow, max-snippet:-1, max-image-preview:large, max-video-preview:-1\" \/>\n<link rel=\"canonical\" href=\"https:\/\/pfeifenundzigarren.de\/es\/Produkt\/kleiner-desktop-zigarrenhumidor\/\" \/>\n<meta property=\"og:locale\" content=\"es_ES\" \/>\n<meta property=\"og:type\" content=\"article\" \/>\n<meta property=\"og:title\" content=\"Kleiner Desktop-Zigarrenhumidor\" \/>\n<meta property=\"og:description\" content=\"Produktparameter Produktname: Zigarren-Humidor (Cigar Box) Material: Spanisches Zedernholz (Cedar Wood) Produktabmessungen: 240 mm x 240 mm x 220 mm Nettogewicht:\" \/>\n<meta property=\"og:url\" content=\"https:\/\/pfeifenundzigarren.de\/es\/Produkt\/kleiner-desktop-zigarrenhumidor\/\" \/>\n<meta property=\"og:site_name\" content=\"Der beste Onlineshop f\u00fcr Pfeifen und Zigarrenzubeh\u00f6r in Deutschland\" \/>\n<meta property=\"article:modified_time\" content=\"2025-10-09T01:27:13+00:00\" \/>\n<meta property=\"og:image\" content=\"https:\/\/pfeifenundzigarren.de\/wp-content\/uploads\/2024\/10\/48595e65-55eb-41de-b808-4a22c97ab61c.jpg\" \/>\n\t<meta property=\"og:image:width\" content=\"800\" \/>\n\t<meta property=\"og:image:height\" content=\"800\" \/>\n\t<meta property=\"og:image:type\" content=\"image\/jpeg\" \/>\n<meta name=\"twitter:card\" content=\"summary_large_image\" \/>\n<meta name=\"twitter:label1\" content=\"Tiempo de lectura\" \/>\n\t<meta name=\"twitter:data1\" content=\"1 minuto\" \/>\n<script type=\"application\/ld+json\" class=\"yoast-schema-graph\">{\"@context\":\"https:\\\/\\\/schema.org\",\"@graph\":[{\"@type\":\"WebPage\",\"@id\":\"https:\\\/\\\/pfeifenundzigarren.de\\\/Produkt\\\/kleiner-desktop-zigarrenhumidor\\\/\",\"url\":\"https:\\\/\\\/pfeifenundzigarren.de\\\/Produkt\\\/kleiner-desktop-zigarrenhumidor\\\/\",\"name\":\"Kleiner Desktop-Zigarrenhumidor - Der beste Onlineshop f\u00fcr Pfeifen und Zigarrenzubeh\u00f6r in Deutschland\",\"isPartOf\":{\"@id\":\"https:\\\/\\\/pfeifenundzigarren.de\\\/#website\"},\"primaryImageOfPage\":{\"@id\":\"https:\\\/\\\/pfeifenundzigarren.de\\\/Produkt\\\/kleiner-desktop-zigarrenhumidor\\\/#primaryimage\"},\"image\":{\"@id\":\"https:\\\/\\\/pfeifenundzigarren.de\\\/Produkt\\\/kleiner-desktop-zigarrenhumidor\\\/#primaryimage\"},\"thumbnailUrl\":\"https:\\\/\\\/pfeifenundzigarren.de\\\/wp-content\\\/uploads\\\/2024\\\/10\\\/48595e65-55eb-41de-b808-4a22c97ab61c.jpg\",\"datePublished\":\"2024-10-20T05:35:57+00:00\",\"dateModified\":\"2025-10-09T01:27:13+00:00\",\"breadcrumb\":{\"@id\":\"https:\\\/\\\/pfeifenundzigarren.de\\\/Produkt\\\/kleiner-desktop-zigarrenhumidor\\\/#breadcrumb\"},\"inLanguage\":\"es\",\"potentialAction\":[{\"@type\":\"ReadAction\",\"target\":[\"https:\\\/\\\/pfeifenundzigarren.de\\\/Produkt\\\/kleiner-desktop-zigarrenhumidor\\\/\"]}]},{\"@type\":\"ImageObject\",\"inLanguage\":\"es\",\"@id\":\"https:\\\/\\\/pfeifenundzigarren.de\\\/Produkt\\\/kleiner-desktop-zigarrenhumidor\\\/#primaryimage\",\"url\":\"https:\\\/\\\/pfeifenundzigarren.de\\\/wp-content\\\/uploads\\\/2024\\\/10\\\/48595e65-55eb-41de-b808-4a22c97ab61c.jpg\",\"contentUrl\":\"https:\\\/\\\/pfeifenundzigarren.de\\\/wp-content\\\/uploads\\\/2024\\\/10\\\/48595e65-55eb-41de-b808-4a22c97ab61c.jpg\",\"width\":800,\"height\":800,\"caption\":\"Kleiner Desktop-Zigarrenhumidor\"},{\"@type\":\"BreadcrumbList\",\"@id\":\"https:\\\/\\\/pfeifenundzigarren.de\\\/Produkt\\\/kleiner-desktop-zigarrenhumidor\\\/#breadcrumb\",\"itemListElement\":[{\"@type\":\"ListItem\",\"position\":1,\"name\":\"Home\",\"item\":\"https:\\\/\\\/pfeifenundzigarren.de\\\/\"},{\"@type\":\"ListItem\",\"position\":2,\"name\":\"Shop\",\"item\":\"https:\\\/\\\/pfeifenundzigarren.de\\\/shop\\\/\"},{\"@type\":\"ListItem\",\"position\":3,\"name\":\"Kleiner Desktop-Zigarrenhumidor\"}]},{\"@type\":\"WebSite\",\"@id\":\"https:\\\/\\\/pfeifenundzigarren.de\\\/#website\",\"url\":\"https:\\\/\\\/pfeifenundzigarren.de\\\/\",\"name\":\"Der beste Onlineshop f\u00fcr Pfeifen und Zigarrenzubeh\u00f6r in Deutschland\",\"description\":\"\",\"publisher\":{\"@id\":\"https:\\\/\\\/pfeifenundzigarren.de\\\/#organization\"},\"potentialAction\":[{\"@type\":\"SearchAction\",\"target\":{\"@type\":\"EntryPoint\",\"urlTemplate\":\"https:\\\/\\\/pfeifenundzigarren.de\\\/?s={search_term_string}\"},\"query-input\":{\"@type\":\"PropertyValueSpecification\",\"valueRequired\":true,\"valueName\":\"search_term_string\"}}],\"inLanguage\":\"es\"},{\"@type\":\"Organization\",\"@id\":\"https:\\\/\\\/pfeifenundzigarren.de\\\/#organization\",\"name\":\"Der beste Onlineshop f\u00fcr Pfeifen und Zigarrenzubeh\u00f6r in Deutschland\",\"url\":\"https:\\\/\\\/pfeifenundzigarren.de\\\/\",\"logo\":{\"@type\":\"ImageObject\",\"inLanguage\":\"es\",\"@id\":\"https:\\\/\\\/pfeifenundzigarren.de\\\/#\\\/schema\\\/logo\\\/image\\\/\",\"url\":\"https:\\\/\\\/pfeifenundzigarren.de\\\/wp-content\\\/uploads\\\/2024\\\/09\\\/cropped-Luxury-and-Vintage-Ornamental-Coffee-Shop-Logo.png\",\"contentUrl\":\"https:\\\/\\\/pfeifenundzigarren.de\\\/wp-content\\\/uploads\\\/2024\\\/09\\\/cropped-Luxury-and-Vintage-Ornamental-Coffee-Shop-Logo.png\",\"width\":512,\"height\":512,\"caption\":\"Der beste Onlineshop f\u00fcr Pfeifen und Zigarrenzubeh\u00f6r in Deutschland\"},\"image\":{\"@id\":\"https:\\\/\\\/pfeifenundzigarren.de\\\/#\\\/schema\\\/logo\\\/image\\\/\"}}]}<\/script>\n<!-- \/ Yoast SEO Premium plugin. -->","yoast_head_json":{"title":"Kleiner Desktop-Zigarrenhumidor - Der beste Onlineshop f\u00fcr Pfeifen und Zigarrenzubeh\u00f6r in Deutschland","robots":{"index":"index","follow":"follow","max-snippet":"max-snippet:-1","max-image-preview":"max-image-preview:large","max-video-preview":"max-video-preview:-1"},"canonical":"https:\/\/pfeifenundzigarren.de\/es\/Produkt\/kleiner-desktop-zigarrenhumidor\/","og_locale":"es_ES","og_type":"article","og_title":"Kleiner Desktop-Zigarrenhumidor","og_description":"Produktparameter Produktname: Zigarren-Humidor (Cigar Box) Material: Spanisches Zedernholz (Cedar Wood) Produktabmessungen: 240 mm x 240 mm x 220 mm Nettogewicht:","og_url":"https:\/\/pfeifenundzigarren.de\/es\/Produkt\/kleiner-desktop-zigarrenhumidor\/","og_site_name":"Der beste Onlineshop f\u00fcr Pfeifen und Zigarrenzubeh\u00f6r in Deutschland","article_modified_time":"2025-10-09T01:27:13+00:00","og_image":[{"width":800,"height":800,"url":"https:\/\/pfeifenundzigarren.de\/wp-content\/uploads\/2024\/10\/48595e65-55eb-41de-b808-4a22c97ab61c.jpg","type":"image\/jpeg"}],"twitter_card":"summary_large_image","twitter_misc":{"Tiempo de lectura":"1 minuto"},"schema":{"@context":"https:\/\/schema.org","@graph":[{"@type":"WebPage","@id":"https:\/\/pfeifenundzigarren.de\/Produkt\/kleiner-desktop-zigarrenhumidor\/","url":"https:\/\/pfeifenundzigarren.de\/Produkt\/kleiner-desktop-zigarrenhumidor\/","name":"Kleiner Desktop-Zigarrenhumidor - Der beste Onlineshop f\u00fcr Pfeifen und Zigarrenzubeh\u00f6r in Deutschland","isPartOf":{"@id":"https:\/\/pfeifenundzigarren.de\/#website"},"primaryImageOfPage":{"@id":"https:\/\/pfeifenundzigarren.de\/Produkt\/kleiner-desktop-zigarrenhumidor\/#primaryimage"},"image":{"@id":"https:\/\/pfeifenundzigarren.de\/Produkt\/kleiner-desktop-zigarrenhumidor\/#primaryimage"},"thumbnailUrl":"https:\/\/pfeifenundzigarren.de\/wp-content\/uploads\/2024\/10\/48595e65-55eb-41de-b808-4a22c97ab61c.jpg","datePublished":"2024-10-20T05:35:57+00:00","dateModified":"2025-10-09T01:27:13+00:00","breadcrumb":{"@id":"https:\/\/pfeifenundzigarren.de\/Produkt\/kleiner-desktop-zigarrenhumidor\/#breadcrumb"},"inLanguage":"es","potentialAction":[{"@type":"ReadAction","target":["https:\/\/pfeifenundzigarren.de\/Produkt\/kleiner-desktop-zigarrenhumidor\/"]}]},{"@type":"ImageObject","inLanguage":"es","@id":"https:\/\/pfeifenundzigarren.de\/Produkt\/kleiner-desktop-zigarrenhumidor\/#primaryimage","url":"https:\/\/pfeifenundzigarren.de\/wp-content\/uploads\/2024\/10\/48595e65-55eb-41de-b808-4a22c97ab61c.jpg","contentUrl":"https:\/\/pfeifenundzigarren.de\/wp-content\/uploads\/2024\/10\/48595e65-55eb-41de-b808-4a22c97ab61c.jpg","width":800,"height":800,"caption":"Kleiner Desktop-Zigarrenhumidor"},{"@type":"BreadcrumbList","@id":"https:\/\/pfeifenundzigarren.de\/Produkt\/kleiner-desktop-zigarrenhumidor\/#breadcrumb","itemListElement":[{"@type":"ListItem","position":1,"name":"Home","item":"https:\/\/pfeifenundzigarren.de\/"},{"@type":"ListItem","position":2,"name":"Shop","item":"https:\/\/pfeifenundzigarren.de\/shop\/"},{"@type":"ListItem","position":3,"name":"Kleiner Desktop-Zigarrenhumidor"}]},{"@type":"WebSite","@id":"https:\/\/pfeifenundzigarren.de\/#website","url":"https:\/\/pfeifenundzigarren.de\/","name":"La mejor tienda en l\u00ednea de pipas y accesorios para puros de Alemania","description":"","publisher":{"@id":"https:\/\/pfeifenundzigarren.de\/#organization"},"potentialAction":[{"@type":"SearchAction","target":{"@type":"EntryPoint","urlTemplate":"https:\/\/pfeifenundzigarren.de\/?s={search_term_string}"},"query-input":{"@type":"PropertyValueSpecification","valueRequired":true,"valueName":"search_term_string"}}],"inLanguage":"es"},{"@type":"Organization","@id":"https:\/\/pfeifenundzigarren.de\/#organization","name":"La mejor tienda en l\u00ednea de pipas y accesorios para puros de Alemania","url":"https:\/\/pfeifenundzigarren.de\/","logo":{"@type":"ImageObject","inLanguage":"es","@id":"https:\/\/pfeifenundzigarren.de\/#\/schema\/logo\/image\/","url":"https:\/\/pfeifenundzigarren.de\/wp-content\/uploads\/2024\/09\/cropped-Luxury-and-Vintage-Ornamental-Coffee-Shop-Logo.png","contentUrl":"https:\/\/pfeifenundzigarren.de\/wp-content\/uploads\/2024\/09\/cropped-Luxury-and-Vintage-Ornamental-Coffee-Shop-Logo.png","width":512,"height":512,"caption":"Der beste Onlineshop f\u00fcr Pfeifen und Zigarrenzubeh\u00f6r in Deutschland"},"image":{"@id":"https:\/\/pfeifenundzigarren.de\/#\/schema\/logo\/image\/"}}]}},"_links":{"self":[{"href":"https:\/\/pfeifenundzigarren.de\/es\/wp-json\/wp\/v2\/product\/5214","targetHints":{"allow":["GET"]}}],"collection":[{"href":"https:\/\/pfeifenundzigarren.de\/es\/wp-json\/wp\/v2\/product"}],"about":[{"href":"https:\/\/pfeifenundzigarren.de\/es\/wp-json\/wp\/v2\/types\/product"}],"replies":[{"embeddable":true,"href":"https:\/\/pfeifenundzigarren.de\/es\/wp-json\/wp\/v2\/comments?post=5214"}],"version-history":[{"count":0,"href":"https:\/\/pfeifenundzigarren.de\/es\/wp-json\/wp\/v2\/product\/5214\/revisions"}],"wp:featuredmedia":[{"embeddable":true,"href":"https:\/\/pfeifenundzigarren.de\/es\/wp-json\/wp\/v2\/media\/5215"}],"wp:attachment":[{"href":"https:\/\/pfeifenundzigarren.de\/es\/wp-json\/wp\/v2\/media?parent=5214"}],"wp:term":[{"taxonomy":"product_brand","embeddable":true,"href":"https:\/\/pfeifenundzigarren.de\/es\/wp-json\/wp\/v2\/product_brand?post=5214"},{"taxonomy":"product_cat","embeddable":true,"href":"https:\/\/pfeifenundzigarren.de\/es\/wp-json\/wp\/v2\/product_cat?post=5214"},{"taxonomy":"product_tag","embeddable":true,"href":"https:\/\/pfeifenundzigarren.de\/es\/wp-json\/wp\/v2\/product_tag?post=5214"}],"curies":[{"name":"wp","href":"https:\/\/api.w.org\/{rel}","templated":true}]}}