{"id":5046,"date":"2024-10-19T03:42:12","date_gmt":"2024-10-19T01:42:12","guid":{"rendered":"https:\/\/pfeifenundzigarren.de\/?post_type=product&#038;p=5046"},"modified":"2026-02-08T02:58:49","modified_gmt":"2026-02-08T01:58:49","slug":"handgefertigte-9mm-poker-pfeifen-aus-olivenholz","status":"publish","type":"product","link":"https:\/\/pfeifenundzigarren.de\/es\/Produkt\/handgefertigte-9mm-poker-pfeifen-aus-olivenholz\/","title":{"rendered":"Pipas de p\u00f3quer de 9 mm hechas a mano con madera de olivo"},"content":{"rendered":"<p><strong>Par\u00e1metros del producto:<\/strong><\/p>\n<ul>\n<li><strong>Longitud de la cabeza<\/strong>: 158 mm<\/li>\n<li><strong>Altura de la cabeza<\/strong>: 49 mm<\/li>\n<li><strong>Profundidad de la cabeza<\/strong>: 36 mm<\/li>\n<li><strong>Di\u00e1metro interior<\/strong>: 20,4 mm<\/li>\n<li><strong>Di\u00e1metro exterior<\/strong>: 36 mm<\/li>\n<li><strong>Longitud de la boquilla<\/strong>: 83 mm<\/li>\n<li><a href=\"https:\/\/pfeifenundzigarren.de\/es\/produktkategorie\/pfeife\/9mm-filter-pfeifen\/\">Filtro: 9 mm<\/a><\/li>\n<\/ul>\n<p><strong>Detalles del producto:<\/strong><\/p>\n<ol>\n<li><strong>F\u00e1cil de desmontar y limpiar<\/strong><br \/>\nEl tubo es f\u00e1cil de desmontar. Despu\u00e9s de limpiarla con un limpiador de tuber\u00edas, basta con dejarla secar al aire para evitar que se deposite.<\/li>\n<li><strong>Boquilla acr\u00edlica<\/strong><br \/>\nC\u00f3moda boquilla acr\u00edlica con un canal de 9 mm que mejora la experiencia de fumar.<\/li>\n<\/ol>\n<p>La madera de olivo tiene una mayor capacidad higrosc\u00f3pica en comparaci\u00f3n con la mayor\u00eda de los tipos de madera dura y puede absorber y almacenar humedad sin secarse en exceso. Esta propiedad permite una combusti\u00f3n m\u00e1s fr\u00eda y un ahumado m\u00e1s suave. Sin embargo, la madera necesita un tiempo de recuperaci\u00f3n m\u00e1s largo entre ahumado y ahumado -normalmente de uno a dos d\u00edas- para evitar grietas en la veta.<\/p>\n<p><img fetchpriority=\"high\" decoding=\"async\" src=\"http:\/\/pfeifenundzigarren.de\/wp-content\/uploads\/2024\/10\/17ecc0f0c1d0ca69959876f8b502f08-714x1024.jpg\" sizes=\"(max-width: 714px) 100vw, 714px\" srcset=\"http:\/\/pfeifenundzigarren.de\/wp-content\/uploads\/2024\/10\/17ecc0f0c1d0ca69959876f8b502f08-714x1024.jpg 714w, http:\/\/pfeifenundzigarren.de\/wp-content\/uploads\/2024\/10\/17ecc0f0c1d0ca69959876f8b502f08-209x300.jpg 209w, http:\/\/pfeifenundzigarren.de\/wp-content\/uploads\/2024\/10\/17ecc0f0c1d0ca69959876f8b502f08-150x215.jpg 150w, http:\/\/pfeifenundzigarren.de\/wp-content\/uploads\/2024\/10\/17ecc0f0c1d0ca69959876f8b502f08.jpg 750w\" alt=\"\" width=\"714\" height=\"1024\"><br \/>\n<img decoding=\"async\" src=\"http:\/\/pfeifenundzigarren.de\/wp-content\/uploads\/2024\/10\/52193bff52fc4d9a495cd7994882d1a-713x1024.jpg\" sizes=\"(max-width: 713px) 100vw, 713px\" srcset=\"http:\/\/pfeifenundzigarren.de\/wp-content\/uploads\/2024\/10\/52193bff52fc4d9a495cd7994882d1a-713x1024.jpg 713w, http:\/\/pfeifenundzigarren.de\/wp-content\/uploads\/2024\/10\/52193bff52fc4d9a495cd7994882d1a-209x300.jpg 209w, http:\/\/pfeifenundzigarren.de\/wp-content\/uploads\/2024\/10\/52193bff52fc4d9a495cd7994882d1a-150x215.jpg 150w, http:\/\/pfeifenundzigarren.de\/wp-content\/uploads\/2024\/10\/52193bff52fc4d9a495cd7994882d1a.jpg 750w\" alt=\"\" width=\"713\" height=\"1024\"><br \/>\n<img decoding=\"async\" src=\"http:\/\/pfeifenundzigarren.de\/wp-content\/uploads\/2024\/10\/4b43e312436651ae51454327552750f-1.jpg\" sizes=\"(max-width: 800px) 100vw, 800px\" srcset=\"http:\/\/pfeifenundzigarren.de\/wp-content\/uploads\/2024\/10\/4b43e312436651ae51454327552750f-1.jpg 800w, http:\/\/pfeifenundzigarren.de\/wp-content\/uploads\/2024\/10\/4b43e312436651ae51454327552750f-1-300x300.jpg 300w, http:\/\/pfeifenundzigarren.de\/wp-content\/uploads\/2024\/10\/4b43e312436651ae51454327552750f-1-150x150.jpg 150w, http:\/\/pfeifenundzigarren.de\/wp-content\/uploads\/2024\/10\/4b43e312436651ae51454327552750f-1-768x768.jpg 768w, http:\/\/pfeifenundzigarren.de\/wp-content\/uploads\/2024\/10\/4b43e312436651ae51454327552750f-1-50x50.jpg 50w, http:\/\/pfeifenundzigarren.de\/wp-content\/uploads\/2024\/10\/4b43e312436651ae51454327552750f-1-100x100.jpg 100w\" alt=\"\" width=\"800\" height=\"800\"><br \/>\n<img loading=\"lazy\" decoding=\"async\" src=\"http:\/\/pfeifenundzigarren.de\/wp-content\/uploads\/2024\/10\/80f24a735ea41dbe8177e032c9363ce.jpg\" sizes=\"(max-width: 800px) 100vw, 800px\" srcset=\"http:\/\/pfeifenundzigarren.de\/wp-content\/uploads\/2024\/10\/80f24a735ea41dbe8177e032c9363ce.jpg 800w, http:\/\/pfeifenundzigarren.de\/wp-content\/uploads\/2024\/10\/80f24a735ea41dbe8177e032c9363ce-300x300.jpg 300w, http:\/\/pfeifenundzigarren.de\/wp-content\/uploads\/2024\/10\/80f24a735ea41dbe8177e032c9363ce-150x150.jpg 150w, http:\/\/pfeifenundzigarren.de\/wp-content\/uploads\/2024\/10\/80f24a735ea41dbe8177e032c9363ce-768x768.jpg 768w, http:\/\/pfeifenundzigarren.de\/wp-content\/uploads\/2024\/10\/80f24a735ea41dbe8177e032c9363ce-50x50.jpg 50w, http:\/\/pfeifenundzigarren.de\/wp-content\/uploads\/2024\/10\/80f24a735ea41dbe8177e032c9363ce-100x100.jpg 100w\" alt=\"\" width=\"800\" height=\"800\"><\/p>","protected":false},"excerpt":{"rendered":"<p>Par\u00e1metros del producto: Longitud del cabezal: 158 mm Altura del cabezal: 49 mm Profundidad del cabezal: 36 mm Di\u00e1metro interior: 20,4 mm Di\u00e1metro exterior: 36 mm Longitud de la boquilla: 83 mm Filtro:<\/p>","protected":false},"featured_media":5049,"comment_status":"open","ping_status":"closed","template":"","meta":[],"product_brand":[],"product_cat":[337,338,826],"product_tag":[],"class_list":{"0":"post-5046","1":"product","2":"type-product","3":"status-publish","4":"has-post-thumbnail","6":"product_cat-9mm-filter-pfeifen","7":"product_cat-olivenholz-pfeifen","8":"product_cat-poker-pfeife","10":"first","11":"instock","12":"sale","13":"shipping-taxable","14":"purchasable","15":"product-type-simple"},"yoast_head":"<!-- This site is optimized with the Yoast SEO Premium plugin v26.7 (Yoast SEO v27.4) - https:\/\/yoast.com\/product\/yoast-seo-premium-wordpress\/ -->\n<title>Handgefertigte 9mm Poker-Pfeifen aus Olivenholz - Der beste Onlineshop f\u00fcr Pfeifen und Zigarrenzubeh\u00f6r in Deutschland<\/title>\n<meta name=\"robots\" content=\"index, follow, max-snippet:-1, max-image-preview:large, max-video-preview:-1\" \/>\n<link rel=\"canonical\" href=\"https:\/\/pfeifenundzigarren.de\/es\/Produkt\/handgefertigte-9mm-poker-pfeifen-aus-olivenholz\/\" \/>\n<meta property=\"og:locale\" content=\"es_ES\" \/>\n<meta property=\"og:type\" content=\"article\" \/>\n<meta property=\"og:title\" content=\"Handgefertigte 9mm Poker-Pfeifen aus Olivenholz\" \/>\n<meta property=\"og:description\" content=\"Produktparameter: Kopfl\u00e4nge: 158 mm Kopfh\u00f6he: 49 mm Kopftiefe: 36 mm Innendurchmesser: 20,4 mm Au\u00dfendurchmesser: 36 mm Mundst\u00fcckl\u00e4nge: 83 mm Filter:\" \/>\n<meta property=\"og:url\" content=\"https:\/\/pfeifenundzigarren.de\/es\/Produkt\/handgefertigte-9mm-poker-pfeifen-aus-olivenholz\/\" \/>\n<meta property=\"og:site_name\" content=\"Der beste Onlineshop f\u00fcr Pfeifen und Zigarrenzubeh\u00f6r in Deutschland\" \/>\n<meta property=\"article:modified_time\" content=\"2026-02-08T01:58:49+00:00\" \/>\n<meta property=\"og:image\" content=\"https:\/\/pfeifenundzigarren.de\/wp-content\/uploads\/2024\/10\/2-8.jpg\" \/>\n\t<meta property=\"og:image:width\" content=\"800\" \/>\n\t<meta property=\"og:image:height\" content=\"800\" \/>\n\t<meta property=\"og:image:type\" content=\"image\/jpeg\" \/>\n<meta name=\"twitter:card\" content=\"summary_large_image\" \/>\n<meta name=\"twitter:label1\" content=\"Tiempo de lectura\" \/>\n\t<meta name=\"twitter:data1\" content=\"1 minuto\" \/>\n<script type=\"application\/ld+json\" class=\"yoast-schema-graph\">{\"@context\":\"https:\\\/\\\/schema.org\",\"@graph\":[{\"@type\":\"WebPage\",\"@id\":\"https:\\\/\\\/pfeifenundzigarren.de\\\/Produkt\\\/handgefertigte-9mm-poker-pfeifen-aus-olivenholz\\\/\",\"url\":\"https:\\\/\\\/pfeifenundzigarren.de\\\/Produkt\\\/handgefertigte-9mm-poker-pfeifen-aus-olivenholz\\\/\",\"name\":\"Handgefertigte 9mm Poker-Pfeifen aus Olivenholz - Der beste Onlineshop f\u00fcr Pfeifen und Zigarrenzubeh\u00f6r in Deutschland\",\"isPartOf\":{\"@id\":\"https:\\\/\\\/pfeifenundzigarren.de\\\/#website\"},\"primaryImageOfPage\":{\"@id\":\"https:\\\/\\\/pfeifenundzigarren.de\\\/Produkt\\\/handgefertigte-9mm-poker-pfeifen-aus-olivenholz\\\/#primaryimage\"},\"image\":{\"@id\":\"https:\\\/\\\/pfeifenundzigarren.de\\\/Produkt\\\/handgefertigte-9mm-poker-pfeifen-aus-olivenholz\\\/#primaryimage\"},\"thumbnailUrl\":\"https:\\\/\\\/pfeifenundzigarren.de\\\/wp-content\\\/uploads\\\/2024\\\/10\\\/2-8.jpg\",\"datePublished\":\"2024-10-19T01:42:12+00:00\",\"dateModified\":\"2026-02-08T01:58:49+00:00\",\"breadcrumb\":{\"@id\":\"https:\\\/\\\/pfeifenundzigarren.de\\\/Produkt\\\/handgefertigte-9mm-poker-pfeifen-aus-olivenholz\\\/#breadcrumb\"},\"inLanguage\":\"es\",\"potentialAction\":[{\"@type\":\"ReadAction\",\"target\":[\"https:\\\/\\\/pfeifenundzigarren.de\\\/Produkt\\\/handgefertigte-9mm-poker-pfeifen-aus-olivenholz\\\/\"]}]},{\"@type\":\"ImageObject\",\"inLanguage\":\"es\",\"@id\":\"https:\\\/\\\/pfeifenundzigarren.de\\\/Produkt\\\/handgefertigte-9mm-poker-pfeifen-aus-olivenholz\\\/#primaryimage\",\"url\":\"https:\\\/\\\/pfeifenundzigarren.de\\\/wp-content\\\/uploads\\\/2024\\\/10\\\/2-8.jpg\",\"contentUrl\":\"https:\\\/\\\/pfeifenundzigarren.de\\\/wp-content\\\/uploads\\\/2024\\\/10\\\/2-8.jpg\",\"width\":800,\"height\":800,\"caption\":\"Handgefertigte 9mm Poker-Pfeifen aus Olivenholz\"},{\"@type\":\"BreadcrumbList\",\"@id\":\"https:\\\/\\\/pfeifenundzigarren.de\\\/Produkt\\\/handgefertigte-9mm-poker-pfeifen-aus-olivenholz\\\/#breadcrumb\",\"itemListElement\":[{\"@type\":\"ListItem\",\"position\":1,\"name\":\"Home\",\"item\":\"https:\\\/\\\/pfeifenundzigarren.de\\\/\"},{\"@type\":\"ListItem\",\"position\":2,\"name\":\"Shop\",\"item\":\"https:\\\/\\\/pfeifenundzigarren.de\\\/shop\\\/\"},{\"@type\":\"ListItem\",\"position\":3,\"name\":\"Handgefertigte 9mm Poker-Pfeifen aus Olivenholz\"}]},{\"@type\":\"WebSite\",\"@id\":\"https:\\\/\\\/pfeifenundzigarren.de\\\/#website\",\"url\":\"https:\\\/\\\/pfeifenundzigarren.de\\\/\",\"name\":\"Der beste Onlineshop f\u00fcr Pfeifen und Zigarrenzubeh\u00f6r in Deutschland\",\"description\":\"\",\"publisher\":{\"@id\":\"https:\\\/\\\/pfeifenundzigarren.de\\\/#organization\"},\"potentialAction\":[{\"@type\":\"SearchAction\",\"target\":{\"@type\":\"EntryPoint\",\"urlTemplate\":\"https:\\\/\\\/pfeifenundzigarren.de\\\/?s={search_term_string}\"},\"query-input\":{\"@type\":\"PropertyValueSpecification\",\"valueRequired\":true,\"valueName\":\"search_term_string\"}}],\"inLanguage\":\"es\"},{\"@type\":\"Organization\",\"@id\":\"https:\\\/\\\/pfeifenundzigarren.de\\\/#organization\",\"name\":\"Der beste Onlineshop f\u00fcr Pfeifen und Zigarrenzubeh\u00f6r in Deutschland\",\"url\":\"https:\\\/\\\/pfeifenundzigarren.de\\\/\",\"logo\":{\"@type\":\"ImageObject\",\"inLanguage\":\"es\",\"@id\":\"https:\\\/\\\/pfeifenundzigarren.de\\\/#\\\/schema\\\/logo\\\/image\\\/\",\"url\":\"https:\\\/\\\/pfeifenundzigarren.de\\\/wp-content\\\/uploads\\\/2024\\\/09\\\/cropped-Luxury-and-Vintage-Ornamental-Coffee-Shop-Logo.png\",\"contentUrl\":\"https:\\\/\\\/pfeifenundzigarren.de\\\/wp-content\\\/uploads\\\/2024\\\/09\\\/cropped-Luxury-and-Vintage-Ornamental-Coffee-Shop-Logo.png\",\"width\":512,\"height\":512,\"caption\":\"Der beste Onlineshop f\u00fcr Pfeifen und Zigarrenzubeh\u00f6r in Deutschland\"},\"image\":{\"@id\":\"https:\\\/\\\/pfeifenundzigarren.de\\\/#\\\/schema\\\/logo\\\/image\\\/\"}}]}<\/script>\n<!-- \/ Yoast SEO Premium plugin. -->","yoast_head_json":{"title":"Handgefertigte 9mm Poker-Pfeifen aus Olivenholz - Der beste Onlineshop f\u00fcr Pfeifen und Zigarrenzubeh\u00f6r in Deutschland","robots":{"index":"index","follow":"follow","max-snippet":"max-snippet:-1","max-image-preview":"max-image-preview:large","max-video-preview":"max-video-preview:-1"},"canonical":"https:\/\/pfeifenundzigarren.de\/es\/Produkt\/handgefertigte-9mm-poker-pfeifen-aus-olivenholz\/","og_locale":"es_ES","og_type":"article","og_title":"Handgefertigte 9mm Poker-Pfeifen aus Olivenholz","og_description":"Produktparameter: Kopfl\u00e4nge: 158 mm Kopfh\u00f6he: 49 mm Kopftiefe: 36 mm Innendurchmesser: 20,4 mm Au\u00dfendurchmesser: 36 mm Mundst\u00fcckl\u00e4nge: 83 mm Filter:","og_url":"https:\/\/pfeifenundzigarren.de\/es\/Produkt\/handgefertigte-9mm-poker-pfeifen-aus-olivenholz\/","og_site_name":"Der beste Onlineshop f\u00fcr Pfeifen und Zigarrenzubeh\u00f6r in Deutschland","article_modified_time":"2026-02-08T01:58:49+00:00","og_image":[{"width":800,"height":800,"url":"https:\/\/pfeifenundzigarren.de\/wp-content\/uploads\/2024\/10\/2-8.jpg","type":"image\/jpeg"}],"twitter_card":"summary_large_image","twitter_misc":{"Tiempo de lectura":"1 minuto"},"schema":{"@context":"https:\/\/schema.org","@graph":[{"@type":"WebPage","@id":"https:\/\/pfeifenundzigarren.de\/Produkt\/handgefertigte-9mm-poker-pfeifen-aus-olivenholz\/","url":"https:\/\/pfeifenundzigarren.de\/Produkt\/handgefertigte-9mm-poker-pfeifen-aus-olivenholz\/","name":"Handgefertigte 9mm Poker-Pfeifen aus Olivenholz - Der beste Onlineshop f\u00fcr Pfeifen und Zigarrenzubeh\u00f6r in Deutschland","isPartOf":{"@id":"https:\/\/pfeifenundzigarren.de\/#website"},"primaryImageOfPage":{"@id":"https:\/\/pfeifenundzigarren.de\/Produkt\/handgefertigte-9mm-poker-pfeifen-aus-olivenholz\/#primaryimage"},"image":{"@id":"https:\/\/pfeifenundzigarren.de\/Produkt\/handgefertigte-9mm-poker-pfeifen-aus-olivenholz\/#primaryimage"},"thumbnailUrl":"https:\/\/pfeifenundzigarren.de\/wp-content\/uploads\/2024\/10\/2-8.jpg","datePublished":"2024-10-19T01:42:12+00:00","dateModified":"2026-02-08T01:58:49+00:00","breadcrumb":{"@id":"https:\/\/pfeifenundzigarren.de\/Produkt\/handgefertigte-9mm-poker-pfeifen-aus-olivenholz\/#breadcrumb"},"inLanguage":"es","potentialAction":[{"@type":"ReadAction","target":["https:\/\/pfeifenundzigarren.de\/Produkt\/handgefertigte-9mm-poker-pfeifen-aus-olivenholz\/"]}]},{"@type":"ImageObject","inLanguage":"es","@id":"https:\/\/pfeifenundzigarren.de\/Produkt\/handgefertigte-9mm-poker-pfeifen-aus-olivenholz\/#primaryimage","url":"https:\/\/pfeifenundzigarren.de\/wp-content\/uploads\/2024\/10\/2-8.jpg","contentUrl":"https:\/\/pfeifenundzigarren.de\/wp-content\/uploads\/2024\/10\/2-8.jpg","width":800,"height":800,"caption":"Handgefertigte 9mm Poker-Pfeifen aus Olivenholz"},{"@type":"BreadcrumbList","@id":"https:\/\/pfeifenundzigarren.de\/Produkt\/handgefertigte-9mm-poker-pfeifen-aus-olivenholz\/#breadcrumb","itemListElement":[{"@type":"ListItem","position":1,"name":"Home","item":"https:\/\/pfeifenundzigarren.de\/"},{"@type":"ListItem","position":2,"name":"Shop","item":"https:\/\/pfeifenundzigarren.de\/shop\/"},{"@type":"ListItem","position":3,"name":"Handgefertigte 9mm Poker-Pfeifen aus Olivenholz"}]},{"@type":"WebSite","@id":"https:\/\/pfeifenundzigarren.de\/#website","url":"https:\/\/pfeifenundzigarren.de\/","name":"La mejor tienda en l\u00ednea de pipas y accesorios para puros de Alemania","description":"","publisher":{"@id":"https:\/\/pfeifenundzigarren.de\/#organization"},"potentialAction":[{"@type":"SearchAction","target":{"@type":"EntryPoint","urlTemplate":"https:\/\/pfeifenundzigarren.de\/?s={search_term_string}"},"query-input":{"@type":"PropertyValueSpecification","valueRequired":true,"valueName":"search_term_string"}}],"inLanguage":"es"},{"@type":"Organization","@id":"https:\/\/pfeifenundzigarren.de\/#organization","name":"La mejor tienda en l\u00ednea de pipas y accesorios para puros de Alemania","url":"https:\/\/pfeifenundzigarren.de\/","logo":{"@type":"ImageObject","inLanguage":"es","@id":"https:\/\/pfeifenundzigarren.de\/#\/schema\/logo\/image\/","url":"https:\/\/pfeifenundzigarren.de\/wp-content\/uploads\/2024\/09\/cropped-Luxury-and-Vintage-Ornamental-Coffee-Shop-Logo.png","contentUrl":"https:\/\/pfeifenundzigarren.de\/wp-content\/uploads\/2024\/09\/cropped-Luxury-and-Vintage-Ornamental-Coffee-Shop-Logo.png","width":512,"height":512,"caption":"Der beste Onlineshop f\u00fcr Pfeifen und Zigarrenzubeh\u00f6r in Deutschland"},"image":{"@id":"https:\/\/pfeifenundzigarren.de\/#\/schema\/logo\/image\/"}}]}},"_links":{"self":[{"href":"https:\/\/pfeifenundzigarren.de\/es\/wp-json\/wp\/v2\/product\/5046","targetHints":{"allow":["GET"]}}],"collection":[{"href":"https:\/\/pfeifenundzigarren.de\/es\/wp-json\/wp\/v2\/product"}],"about":[{"href":"https:\/\/pfeifenundzigarren.de\/es\/wp-json\/wp\/v2\/types\/product"}],"replies":[{"embeddable":true,"href":"https:\/\/pfeifenundzigarren.de\/es\/wp-json\/wp\/v2\/comments?post=5046"}],"version-history":[{"count":1,"href":"https:\/\/pfeifenundzigarren.de\/es\/wp-json\/wp\/v2\/product\/5046\/revisions"}],"predecessor-version":[{"id":10495,"href":"https:\/\/pfeifenundzigarren.de\/es\/wp-json\/wp\/v2\/product\/5046\/revisions\/10495"}],"wp:featuredmedia":[{"embeddable":true,"href":"https:\/\/pfeifenundzigarren.de\/es\/wp-json\/wp\/v2\/media\/5049"}],"wp:attachment":[{"href":"https:\/\/pfeifenundzigarren.de\/es\/wp-json\/wp\/v2\/media?parent=5046"}],"wp:term":[{"taxonomy":"product_brand","embeddable":true,"href":"https:\/\/pfeifenundzigarren.de\/es\/wp-json\/wp\/v2\/product_brand?post=5046"},{"taxonomy":"product_cat","embeddable":true,"href":"https:\/\/pfeifenundzigarren.de\/es\/wp-json\/wp\/v2\/product_cat?post=5046"},{"taxonomy":"product_tag","embeddable":true,"href":"https:\/\/pfeifenundzigarren.de\/es\/wp-json\/wp\/v2\/product_tag?post=5046"}],"curies":[{"name":"wp","href":"https:\/\/api.w.org\/{rel}","templated":true}]}}