{"id":4997,"date":"2024-10-18T07:28:24","date_gmt":"2024-10-18T05:28:24","guid":{"rendered":"https:\/\/pfeifenundzigarren.de\/?post_type=product&#038;p=4997"},"modified":"2026-02-12T07:12:59","modified_gmt":"2026-02-12T06:12:59","slug":"9-mm-bruyere-holz-billardpfeife-mit-zierring","status":"publish","type":"product","link":"https:\/\/pfeifenundzigarren.de\/es\/Produkt\/9-mm-bruyere-holz-billardpfeife-mit-zierring\/","title":{"rendered":"Silbato de billar de madera de brezo de 9 mm con anillo decorativo"},"content":{"rendered":"<p><strong>El silbato de billar de madera de brezo de 9 mm con anillo decorativo<\/strong> est\u00e1 equipado con una capa de carbono resistente al calor que no requiere tratamiento adicional en el interior de la tuber\u00eda. Sirve como aislante y tambi\u00e9n proporciona una excelente protecci\u00f3n contra incendios.<\/p>\n<p><a href=\"https:\/\/pfeifenundzigarren.de\/es\/produktkategorie\/pfeife\/holz-pfeife\/\">Pipa artesanal de madera de brezo<\/a>Decorado con un anillo met\u00e1lico personalizado para darle un toque de lujo. Color dorado de alta calidad sin lacar.<\/p>\n<p>Boquilla apta para alimentos, segura y fiable<br \/>\nLa boquilla est\u00e1 hecha de caucho vulcanizado apto para alimentos, que es duradero para la salud y la seguridad de los fumadores de pipa.<\/p>\n<p>Desmontaje sencillo<br \/>\nBasado en el principio de la secci\u00f3n dorada con un canal de humo de 9 mm. F\u00e1cil de desmontar y c\u00f3modo de limpiar.<\/p>\n<p>Taz\u00f3n de la pipa de respiraci\u00f3n\"<br \/>\nMadera de brezo seleccionada con una capacidad de absorci\u00f3n de agua especialmente alta y una gran transpirabilidad. La cazoleta es ligera y tiene un grano fino y claro.<\/p>\n<p>Pipa de fugu de boca ancha<br \/>\nDimensiones: longitud 151 mm, di\u00e1metro del cabezal 36 mm, altura 48 mm, peso 44 g.<\/p>","protected":false},"excerpt":{"rendered":"<p>El silbato de billar de madera de brezo de 9 mm con anillo decorativo est\u00e1 equipado con una capa de carbono resistente al calor que no requiere tratamiento adicional en el interior del silbato.<\/p>","protected":false},"featured_media":5000,"comment_status":"open","ping_status":"closed","template":"","meta":[],"product_brand":[],"product_cat":[337,380],"product_tag":[],"class_list":{"0":"post-4997","1":"product","2":"type-product","3":"status-publish","4":"has-post-thumbnail","6":"product_cat-9mm-filter-pfeifen","7":"product_cat-billard-pfeife","9":"first","10":"instock","11":"sale","12":"shipping-taxable","13":"purchasable","14":"product-type-simple"},"yoast_head":"<!-- This site is optimized with the Yoast SEO Premium plugin v26.7 (Yoast SEO v27.4) - https:\/\/yoast.com\/product\/yoast-seo-premium-wordpress\/ -->\n<title>9-mm Bruy\u00e8re-Holz Billardpfeife mit Zierring - Der beste Onlineshop f\u00fcr Pfeifen und Zigarrenzubeh\u00f6r in Deutschland<\/title>\n<meta name=\"robots\" content=\"index, follow, max-snippet:-1, max-image-preview:large, max-video-preview:-1\" \/>\n<link rel=\"canonical\" href=\"https:\/\/pfeifenundzigarren.de\/es\/Produkt\/9-mm-bruyere-holz-billardpfeife-mit-zierring\/\" \/>\n<meta property=\"og:locale\" content=\"es_ES\" \/>\n<meta property=\"og:type\" content=\"article\" \/>\n<meta property=\"og:title\" content=\"9-mm Bruy\u00e8re-Holz Billardpfeife mit Zierring\" \/>\n<meta property=\"og:description\" content=\"Die 9-mm Bruy\u00e8re-Holz Billardpfeife mit Zierring ist mit einer hitzebest\u00e4ndigen Kohleschicht ausgestattet, die keine zus\u00e4tzliche Behandlung im Inneren der Pfeife\" \/>\n<meta property=\"og:url\" content=\"https:\/\/pfeifenundzigarren.de\/es\/Produkt\/9-mm-bruyere-holz-billardpfeife-mit-zierring\/\" \/>\n<meta property=\"og:site_name\" content=\"Der beste Onlineshop f\u00fcr Pfeifen und Zigarrenzubeh\u00f6r in Deutschland\" \/>\n<meta property=\"article:modified_time\" content=\"2026-02-12T06:12:59+00:00\" \/>\n<meta property=\"og:image\" content=\"https:\/\/pfeifenundzigarren.de\/wp-content\/uploads\/2024\/10\/ac4e3023-e943-4ffb-8b90-13157bc0e429.webp\" \/>\n\t<meta property=\"og:image:width\" content=\"800\" \/>\n\t<meta property=\"og:image:height\" content=\"800\" \/>\n\t<meta property=\"og:image:type\" content=\"image\/webp\" \/>\n<meta name=\"twitter:card\" content=\"summary_large_image\" \/>\n<meta name=\"twitter:label1\" content=\"Tiempo de lectura\" \/>\n\t<meta name=\"twitter:data1\" content=\"1 minuto\" \/>\n<script type=\"application\/ld+json\" class=\"yoast-schema-graph\">{\"@context\":\"https:\\\/\\\/schema.org\",\"@graph\":[{\"@type\":\"WebPage\",\"@id\":\"https:\\\/\\\/pfeifenundzigarren.de\\\/Produkt\\\/9-mm-bruyere-holz-billardpfeife-mit-zierring\\\/\",\"url\":\"https:\\\/\\\/pfeifenundzigarren.de\\\/Produkt\\\/9-mm-bruyere-holz-billardpfeife-mit-zierring\\\/\",\"name\":\"9-mm Bruy\u00e8re-Holz Billardpfeife mit Zierring - Der beste Onlineshop f\u00fcr Pfeifen und Zigarrenzubeh\u00f6r in Deutschland\",\"isPartOf\":{\"@id\":\"https:\\\/\\\/pfeifenundzigarren.de\\\/#website\"},\"primaryImageOfPage\":{\"@id\":\"https:\\\/\\\/pfeifenundzigarren.de\\\/Produkt\\\/9-mm-bruyere-holz-billardpfeife-mit-zierring\\\/#primaryimage\"},\"image\":{\"@id\":\"https:\\\/\\\/pfeifenundzigarren.de\\\/Produkt\\\/9-mm-bruyere-holz-billardpfeife-mit-zierring\\\/#primaryimage\"},\"thumbnailUrl\":\"https:\\\/\\\/pfeifenundzigarren.de\\\/wp-content\\\/uploads\\\/2024\\\/10\\\/ac4e3023-e943-4ffb-8b90-13157bc0e429.webp\",\"datePublished\":\"2024-10-18T05:28:24+00:00\",\"dateModified\":\"2026-02-12T06:12:59+00:00\",\"breadcrumb\":{\"@id\":\"https:\\\/\\\/pfeifenundzigarren.de\\\/Produkt\\\/9-mm-bruyere-holz-billardpfeife-mit-zierring\\\/#breadcrumb\"},\"inLanguage\":\"es\",\"potentialAction\":[{\"@type\":\"ReadAction\",\"target\":[\"https:\\\/\\\/pfeifenundzigarren.de\\\/Produkt\\\/9-mm-bruyere-holz-billardpfeife-mit-zierring\\\/\"]}]},{\"@type\":\"ImageObject\",\"inLanguage\":\"es\",\"@id\":\"https:\\\/\\\/pfeifenundzigarren.de\\\/Produkt\\\/9-mm-bruyere-holz-billardpfeife-mit-zierring\\\/#primaryimage\",\"url\":\"https:\\\/\\\/pfeifenundzigarren.de\\\/wp-content\\\/uploads\\\/2024\\\/10\\\/ac4e3023-e943-4ffb-8b90-13157bc0e429.webp\",\"contentUrl\":\"https:\\\/\\\/pfeifenundzigarren.de\\\/wp-content\\\/uploads\\\/2024\\\/10\\\/ac4e3023-e943-4ffb-8b90-13157bc0e429.webp\",\"width\":800,\"height\":800,\"caption\":\"9-mm Bruy\u00e8re-Holz Billardpfeife mit Zierring\"},{\"@type\":\"BreadcrumbList\",\"@id\":\"https:\\\/\\\/pfeifenundzigarren.de\\\/Produkt\\\/9-mm-bruyere-holz-billardpfeife-mit-zierring\\\/#breadcrumb\",\"itemListElement\":[{\"@type\":\"ListItem\",\"position\":1,\"name\":\"Home\",\"item\":\"https:\\\/\\\/pfeifenundzigarren.de\\\/\"},{\"@type\":\"ListItem\",\"position\":2,\"name\":\"Shop\",\"item\":\"https:\\\/\\\/pfeifenundzigarren.de\\\/shop\\\/\"},{\"@type\":\"ListItem\",\"position\":3,\"name\":\"9-mm Bruy\u00e8re-Holz Billardpfeife mit Zierring\"}]},{\"@type\":\"WebSite\",\"@id\":\"https:\\\/\\\/pfeifenundzigarren.de\\\/#website\",\"url\":\"https:\\\/\\\/pfeifenundzigarren.de\\\/\",\"name\":\"Der beste Onlineshop f\u00fcr Pfeifen und Zigarrenzubeh\u00f6r in Deutschland\",\"description\":\"\",\"publisher\":{\"@id\":\"https:\\\/\\\/pfeifenundzigarren.de\\\/#organization\"},\"potentialAction\":[{\"@type\":\"SearchAction\",\"target\":{\"@type\":\"EntryPoint\",\"urlTemplate\":\"https:\\\/\\\/pfeifenundzigarren.de\\\/?s={search_term_string}\"},\"query-input\":{\"@type\":\"PropertyValueSpecification\",\"valueRequired\":true,\"valueName\":\"search_term_string\"}}],\"inLanguage\":\"es\"},{\"@type\":\"Organization\",\"@id\":\"https:\\\/\\\/pfeifenundzigarren.de\\\/#organization\",\"name\":\"Der beste Onlineshop f\u00fcr Pfeifen und Zigarrenzubeh\u00f6r in Deutschland\",\"url\":\"https:\\\/\\\/pfeifenundzigarren.de\\\/\",\"logo\":{\"@type\":\"ImageObject\",\"inLanguage\":\"es\",\"@id\":\"https:\\\/\\\/pfeifenundzigarren.de\\\/#\\\/schema\\\/logo\\\/image\\\/\",\"url\":\"https:\\\/\\\/pfeifenundzigarren.de\\\/wp-content\\\/uploads\\\/2024\\\/09\\\/cropped-Luxury-and-Vintage-Ornamental-Coffee-Shop-Logo.png\",\"contentUrl\":\"https:\\\/\\\/pfeifenundzigarren.de\\\/wp-content\\\/uploads\\\/2024\\\/09\\\/cropped-Luxury-and-Vintage-Ornamental-Coffee-Shop-Logo.png\",\"width\":512,\"height\":512,\"caption\":\"Der beste Onlineshop f\u00fcr Pfeifen und Zigarrenzubeh\u00f6r in Deutschland\"},\"image\":{\"@id\":\"https:\\\/\\\/pfeifenundzigarren.de\\\/#\\\/schema\\\/logo\\\/image\\\/\"}}]}<\/script>\n<!-- \/ Yoast SEO Premium plugin. -->","yoast_head_json":{"title":"9-mm Bruy\u00e8re-Holz Billardpfeife mit Zierring - Der beste Onlineshop f\u00fcr Pfeifen und Zigarrenzubeh\u00f6r in Deutschland","robots":{"index":"index","follow":"follow","max-snippet":"max-snippet:-1","max-image-preview":"max-image-preview:large","max-video-preview":"max-video-preview:-1"},"canonical":"https:\/\/pfeifenundzigarren.de\/es\/Produkt\/9-mm-bruyere-holz-billardpfeife-mit-zierring\/","og_locale":"es_ES","og_type":"article","og_title":"9-mm Bruy\u00e8re-Holz Billardpfeife mit Zierring","og_description":"Die 9-mm Bruy\u00e8re-Holz Billardpfeife mit Zierring ist mit einer hitzebest\u00e4ndigen Kohleschicht ausgestattet, die keine zus\u00e4tzliche Behandlung im Inneren der Pfeife","og_url":"https:\/\/pfeifenundzigarren.de\/es\/Produkt\/9-mm-bruyere-holz-billardpfeife-mit-zierring\/","og_site_name":"Der beste Onlineshop f\u00fcr Pfeifen und Zigarrenzubeh\u00f6r in Deutschland","article_modified_time":"2026-02-12T06:12:59+00:00","og_image":[{"width":800,"height":800,"url":"https:\/\/pfeifenundzigarren.de\/wp-content\/uploads\/2024\/10\/ac4e3023-e943-4ffb-8b90-13157bc0e429.webp","type":"image\/webp"}],"twitter_card":"summary_large_image","twitter_misc":{"Tiempo de lectura":"1 minuto"},"schema":{"@context":"https:\/\/schema.org","@graph":[{"@type":"WebPage","@id":"https:\/\/pfeifenundzigarren.de\/Produkt\/9-mm-bruyere-holz-billardpfeife-mit-zierring\/","url":"https:\/\/pfeifenundzigarren.de\/Produkt\/9-mm-bruyere-holz-billardpfeife-mit-zierring\/","name":"9-mm Bruy\u00e8re-Holz Billardpfeife mit Zierring - Der beste Onlineshop f\u00fcr Pfeifen und Zigarrenzubeh\u00f6r in Deutschland","isPartOf":{"@id":"https:\/\/pfeifenundzigarren.de\/#website"},"primaryImageOfPage":{"@id":"https:\/\/pfeifenundzigarren.de\/Produkt\/9-mm-bruyere-holz-billardpfeife-mit-zierring\/#primaryimage"},"image":{"@id":"https:\/\/pfeifenundzigarren.de\/Produkt\/9-mm-bruyere-holz-billardpfeife-mit-zierring\/#primaryimage"},"thumbnailUrl":"https:\/\/pfeifenundzigarren.de\/wp-content\/uploads\/2024\/10\/ac4e3023-e943-4ffb-8b90-13157bc0e429.webp","datePublished":"2024-10-18T05:28:24+00:00","dateModified":"2026-02-12T06:12:59+00:00","breadcrumb":{"@id":"https:\/\/pfeifenundzigarren.de\/Produkt\/9-mm-bruyere-holz-billardpfeife-mit-zierring\/#breadcrumb"},"inLanguage":"es","potentialAction":[{"@type":"ReadAction","target":["https:\/\/pfeifenundzigarren.de\/Produkt\/9-mm-bruyere-holz-billardpfeife-mit-zierring\/"]}]},{"@type":"ImageObject","inLanguage":"es","@id":"https:\/\/pfeifenundzigarren.de\/Produkt\/9-mm-bruyere-holz-billardpfeife-mit-zierring\/#primaryimage","url":"https:\/\/pfeifenundzigarren.de\/wp-content\/uploads\/2024\/10\/ac4e3023-e943-4ffb-8b90-13157bc0e429.webp","contentUrl":"https:\/\/pfeifenundzigarren.de\/wp-content\/uploads\/2024\/10\/ac4e3023-e943-4ffb-8b90-13157bc0e429.webp","width":800,"height":800,"caption":"9-mm Bruy\u00e8re-Holz Billardpfeife mit Zierring"},{"@type":"BreadcrumbList","@id":"https:\/\/pfeifenundzigarren.de\/Produkt\/9-mm-bruyere-holz-billardpfeife-mit-zierring\/#breadcrumb","itemListElement":[{"@type":"ListItem","position":1,"name":"Home","item":"https:\/\/pfeifenundzigarren.de\/"},{"@type":"ListItem","position":2,"name":"Shop","item":"https:\/\/pfeifenundzigarren.de\/shop\/"},{"@type":"ListItem","position":3,"name":"9-mm Bruy\u00e8re-Holz Billardpfeife mit Zierring"}]},{"@type":"WebSite","@id":"https:\/\/pfeifenundzigarren.de\/#website","url":"https:\/\/pfeifenundzigarren.de\/","name":"La mejor tienda en l\u00ednea de pipas y accesorios para puros de Alemania","description":"","publisher":{"@id":"https:\/\/pfeifenundzigarren.de\/#organization"},"potentialAction":[{"@type":"SearchAction","target":{"@type":"EntryPoint","urlTemplate":"https:\/\/pfeifenundzigarren.de\/?s={search_term_string}"},"query-input":{"@type":"PropertyValueSpecification","valueRequired":true,"valueName":"search_term_string"}}],"inLanguage":"es"},{"@type":"Organization","@id":"https:\/\/pfeifenundzigarren.de\/#organization","name":"La mejor tienda en l\u00ednea de pipas y accesorios para puros de Alemania","url":"https:\/\/pfeifenundzigarren.de\/","logo":{"@type":"ImageObject","inLanguage":"es","@id":"https:\/\/pfeifenundzigarren.de\/#\/schema\/logo\/image\/","url":"https:\/\/pfeifenundzigarren.de\/wp-content\/uploads\/2024\/09\/cropped-Luxury-and-Vintage-Ornamental-Coffee-Shop-Logo.png","contentUrl":"https:\/\/pfeifenundzigarren.de\/wp-content\/uploads\/2024\/09\/cropped-Luxury-and-Vintage-Ornamental-Coffee-Shop-Logo.png","width":512,"height":512,"caption":"Der beste Onlineshop f\u00fcr Pfeifen und Zigarrenzubeh\u00f6r in Deutschland"},"image":{"@id":"https:\/\/pfeifenundzigarren.de\/#\/schema\/logo\/image\/"}}]}},"_links":{"self":[{"href":"https:\/\/pfeifenundzigarren.de\/es\/wp-json\/wp\/v2\/product\/4997","targetHints":{"allow":["GET"]}}],"collection":[{"href":"https:\/\/pfeifenundzigarren.de\/es\/wp-json\/wp\/v2\/product"}],"about":[{"href":"https:\/\/pfeifenundzigarren.de\/es\/wp-json\/wp\/v2\/types\/product"}],"replies":[{"embeddable":true,"href":"https:\/\/pfeifenundzigarren.de\/es\/wp-json\/wp\/v2\/comments?post=4997"}],"version-history":[{"count":1,"href":"https:\/\/pfeifenundzigarren.de\/es\/wp-json\/wp\/v2\/product\/4997\/revisions"}],"predecessor-version":[{"id":10955,"href":"https:\/\/pfeifenundzigarren.de\/es\/wp-json\/wp\/v2\/product\/4997\/revisions\/10955"}],"wp:featuredmedia":[{"embeddable":true,"href":"https:\/\/pfeifenundzigarren.de\/es\/wp-json\/wp\/v2\/media\/5000"}],"wp:attachment":[{"href":"https:\/\/pfeifenundzigarren.de\/es\/wp-json\/wp\/v2\/media?parent=4997"}],"wp:term":[{"taxonomy":"product_brand","embeddable":true,"href":"https:\/\/pfeifenundzigarren.de\/es\/wp-json\/wp\/v2\/product_brand?post=4997"},{"taxonomy":"product_cat","embeddable":true,"href":"https:\/\/pfeifenundzigarren.de\/es\/wp-json\/wp\/v2\/product_cat?post=4997"},{"taxonomy":"product_tag","embeddable":true,"href":"https:\/\/pfeifenundzigarren.de\/es\/wp-json\/wp\/v2\/product_tag?post=4997"}],"curies":[{"name":"wp","href":"https:\/\/api.w.org\/{rel}","templated":true}]}}