{"id":4988,"date":"2024-10-18T06:00:07","date_gmt":"2024-10-18T04:00:07","guid":{"rendered":"https:\/\/pfeifenundzigarren.de\/?post_type=product&#038;p=4988"},"modified":"2024-10-18T07:19:26","modified_gmt":"2024-10-18T05:19:26","slug":"freestyle-lange-beine-flache-eichel-spanische-handgefertigte-bruyere-holzpfeife","status":"publish","type":"product","link":"https:\/\/pfeifenundzigarren.de\/es\/Produkt\/freestyle-lange-beine-flache-eichel-spanische-handgefertigte-bruyere-holzpfeife\/","title":{"rendered":"Pipa de madera de brezo espa\u00f1ola hecha a mano de bellota plana de patas largas Freestyle"},"content":{"rendered":"<ul>\n<li><strong>Dise\u00f1o cl\u00e1sico con patas largas<\/strong><br \/>\nUna buena <a href=\"https:\/\/pfeifenundzigarren.de\/es\/\">Tuber\u00eda<\/a> no teme ampliar los detalles. La mano de obra y el aspecto general son extraordinarios.<\/li>\n<li><strong>Hecho a mano<\/strong><br \/>\nInsistimos en la producci\u00f3n artesanal y seleccionamos madera con un veteado adecuado, que se lija hasta el m\u00e1s m\u00ednimo detalle.<\/li>\n<li><strong>Colorear<\/strong><br \/>\nLa madera se corta seg\u00fan su veta, se lija y se colorea para realzar la belleza del veteado.<\/li>\n<li><strong>detalles<\/strong><br \/>\nLa boquilla est\u00e1 dise\u00f1ada en un \u00e1ngulo de 45 grados para evitar da\u00f1os por llenado excesivo. Molido a mano con m\u00e1s de 2000 granos para obtener la textura m\u00e1s fina.<\/li>\n<li><strong>Producto final<\/strong><br \/>\nEquipado con una boquilla Cumberland hecha a mano de calidad de importaci\u00f3n alemana, grabada y contrastada con tono dorado despu\u00e9s de colorearla.<\/li>\n<li><strong>Dimensiones<\/strong><br \/>\nLongitud: 182 mm, di\u00e1metro de la cabeza: 44 mm, altura: 42 mm, peso: 54 g.<\/li>\n<li><strong>Conducto de humos de 3MM, dise\u00f1o de tap\u00f3n plano<\/strong><br \/>\nF\u00e1cil de desmontar para una limpieza c\u00f3moda, con gran potencia de succi\u00f3n.<\/li>\n<\/ul>","protected":false},"excerpt":{"rendered":"<p>Klassisches Design mit langen Beinen Eine gute Pfeife f\u00fcrchtet keine Vergr\u00f6\u00dferung der Details. Die Verarbeitung und das Gesamterscheinungsbild sind hervorragend.<\/p>","protected":false},"featured_media":4991,"comment_status":"open","ping_status":"closed","template":"","meta":[],"product_brand":[],"product_cat":[70],"product_tag":[],"class_list":{"0":"post-4988","1":"product","2":"type-product","3":"status-publish","4":"has-post-thumbnail","6":"product_cat-pfeife","8":"first","9":"instock","10":"sale","11":"shipping-taxable","12":"purchasable","13":"product-type-simple"},"yoast_head":"<!-- This site is optimized with the Yoast SEO Premium plugin v26.7 (Yoast SEO v27.4) - https:\/\/yoast.com\/product\/yoast-seo-premium-wordpress\/ -->\n<title>Freestyle lange Beine flache Eichel spanische handgefertigte Bruy\u00e8re-Holzpfeife - Der beste Onlineshop f\u00fcr Pfeifen und Zigarrenzubeh\u00f6r in Deutschland<\/title>\n<meta name=\"robots\" content=\"index, follow, max-snippet:-1, max-image-preview:large, max-video-preview:-1\" \/>\n<link rel=\"canonical\" href=\"https:\/\/pfeifenundzigarren.de\/es\/Produkt\/freestyle-lange-beine-flache-eichel-spanische-handgefertigte-bruyere-holzpfeife\/\" \/>\n<meta property=\"og:locale\" content=\"es_ES\" \/>\n<meta property=\"og:type\" content=\"article\" \/>\n<meta property=\"og:title\" content=\"Freestyle lange Beine flache Eichel spanische handgefertigte Bruy\u00e8re-Holzpfeife\" \/>\n<meta property=\"og:description\" content=\"Klassisches Design mit langen Beinen Eine gute Pfeife f\u00fcrchtet keine Vergr\u00f6\u00dferung der Details. Die Verarbeitung und das Gesamterscheinungsbild sind hervorragend.\" \/>\n<meta property=\"og:url\" content=\"https:\/\/pfeifenundzigarren.de\/es\/Produkt\/freestyle-lange-beine-flache-eichel-spanische-handgefertigte-bruyere-holzpfeife\/\" \/>\n<meta property=\"og:site_name\" content=\"Der beste Onlineshop f\u00fcr Pfeifen und Zigarrenzubeh\u00f6r in Deutschland\" \/>\n<meta property=\"article:modified_time\" content=\"2024-10-18T05:19:26+00:00\" \/>\n<meta property=\"og:image\" content=\"https:\/\/pfeifenundzigarren.de\/wp-content\/uploads\/2024\/10\/e3c1fb6b-77ca-4018-a246-65d5992c65a4.jpg\" \/>\n\t<meta property=\"og:image:width\" content=\"720\" \/>\n\t<meta property=\"og:image:height\" content=\"720\" \/>\n\t<meta property=\"og:image:type\" content=\"image\/jpeg\" \/>\n<meta name=\"twitter:card\" content=\"summary_large_image\" \/>\n<meta name=\"twitter:label1\" content=\"Tiempo de lectura\" \/>\n\t<meta name=\"twitter:data1\" content=\"1 minuto\" \/>\n<script type=\"application\/ld+json\" class=\"yoast-schema-graph\">{\"@context\":\"https:\\\/\\\/schema.org\",\"@graph\":[{\"@type\":\"WebPage\",\"@id\":\"https:\\\/\\\/pfeifenundzigarren.de\\\/Produkt\\\/freestyle-lange-beine-flache-eichel-spanische-handgefertigte-bruyere-holzpfeife\\\/\",\"url\":\"https:\\\/\\\/pfeifenundzigarren.de\\\/Produkt\\\/freestyle-lange-beine-flache-eichel-spanische-handgefertigte-bruyere-holzpfeife\\\/\",\"name\":\"Freestyle lange Beine flache Eichel spanische handgefertigte Bruy\u00e8re-Holzpfeife - Der beste Onlineshop f\u00fcr Pfeifen und Zigarrenzubeh\u00f6r in Deutschland\",\"isPartOf\":{\"@id\":\"https:\\\/\\\/pfeifenundzigarren.de\\\/#website\"},\"primaryImageOfPage\":{\"@id\":\"https:\\\/\\\/pfeifenundzigarren.de\\\/Produkt\\\/freestyle-lange-beine-flache-eichel-spanische-handgefertigte-bruyere-holzpfeife\\\/#primaryimage\"},\"image\":{\"@id\":\"https:\\\/\\\/pfeifenundzigarren.de\\\/Produkt\\\/freestyle-lange-beine-flache-eichel-spanische-handgefertigte-bruyere-holzpfeife\\\/#primaryimage\"},\"thumbnailUrl\":\"https:\\\/\\\/pfeifenundzigarren.de\\\/wp-content\\\/uploads\\\/2024\\\/10\\\/e3c1fb6b-77ca-4018-a246-65d5992c65a4.jpg\",\"datePublished\":\"2024-10-18T04:00:07+00:00\",\"dateModified\":\"2024-10-18T05:19:26+00:00\",\"breadcrumb\":{\"@id\":\"https:\\\/\\\/pfeifenundzigarren.de\\\/Produkt\\\/freestyle-lange-beine-flache-eichel-spanische-handgefertigte-bruyere-holzpfeife\\\/#breadcrumb\"},\"inLanguage\":\"es\",\"potentialAction\":[{\"@type\":\"ReadAction\",\"target\":[\"https:\\\/\\\/pfeifenundzigarren.de\\\/Produkt\\\/freestyle-lange-beine-flache-eichel-spanische-handgefertigte-bruyere-holzpfeife\\\/\"]}]},{\"@type\":\"ImageObject\",\"inLanguage\":\"es\",\"@id\":\"https:\\\/\\\/pfeifenundzigarren.de\\\/Produkt\\\/freestyle-lange-beine-flache-eichel-spanische-handgefertigte-bruyere-holzpfeife\\\/#primaryimage\",\"url\":\"https:\\\/\\\/pfeifenundzigarren.de\\\/wp-content\\\/uploads\\\/2024\\\/10\\\/e3c1fb6b-77ca-4018-a246-65d5992c65a4.jpg\",\"contentUrl\":\"https:\\\/\\\/pfeifenundzigarren.de\\\/wp-content\\\/uploads\\\/2024\\\/10\\\/e3c1fb6b-77ca-4018-a246-65d5992c65a4.jpg\",\"width\":720,\"height\":720,\"caption\":\"Freestyle lange Beine flache Eichel spanische handgefertigte Bruy\u00e8re-Holzpfeife\"},{\"@type\":\"BreadcrumbList\",\"@id\":\"https:\\\/\\\/pfeifenundzigarren.de\\\/Produkt\\\/freestyle-lange-beine-flache-eichel-spanische-handgefertigte-bruyere-holzpfeife\\\/#breadcrumb\",\"itemListElement\":[{\"@type\":\"ListItem\",\"position\":1,\"name\":\"Home\",\"item\":\"https:\\\/\\\/pfeifenundzigarren.de\\\/\"},{\"@type\":\"ListItem\",\"position\":2,\"name\":\"Shop\",\"item\":\"https:\\\/\\\/pfeifenundzigarren.de\\\/shop\\\/\"},{\"@type\":\"ListItem\",\"position\":3,\"name\":\"Freestyle lange Beine flache Eichel spanische handgefertigte Bruy\u00e8re-Holzpfeife\"}]},{\"@type\":\"WebSite\",\"@id\":\"https:\\\/\\\/pfeifenundzigarren.de\\\/#website\",\"url\":\"https:\\\/\\\/pfeifenundzigarren.de\\\/\",\"name\":\"Der beste Onlineshop f\u00fcr Pfeifen und Zigarrenzubeh\u00f6r in Deutschland\",\"description\":\"\",\"publisher\":{\"@id\":\"https:\\\/\\\/pfeifenundzigarren.de\\\/#organization\"},\"potentialAction\":[{\"@type\":\"SearchAction\",\"target\":{\"@type\":\"EntryPoint\",\"urlTemplate\":\"https:\\\/\\\/pfeifenundzigarren.de\\\/?s={search_term_string}\"},\"query-input\":{\"@type\":\"PropertyValueSpecification\",\"valueRequired\":true,\"valueName\":\"search_term_string\"}}],\"inLanguage\":\"es\"},{\"@type\":\"Organization\",\"@id\":\"https:\\\/\\\/pfeifenundzigarren.de\\\/#organization\",\"name\":\"Der beste Onlineshop f\u00fcr Pfeifen und Zigarrenzubeh\u00f6r in Deutschland\",\"url\":\"https:\\\/\\\/pfeifenundzigarren.de\\\/\",\"logo\":{\"@type\":\"ImageObject\",\"inLanguage\":\"es\",\"@id\":\"https:\\\/\\\/pfeifenundzigarren.de\\\/#\\\/schema\\\/logo\\\/image\\\/\",\"url\":\"https:\\\/\\\/pfeifenundzigarren.de\\\/wp-content\\\/uploads\\\/2024\\\/09\\\/cropped-Luxury-and-Vintage-Ornamental-Coffee-Shop-Logo.png\",\"contentUrl\":\"https:\\\/\\\/pfeifenundzigarren.de\\\/wp-content\\\/uploads\\\/2024\\\/09\\\/cropped-Luxury-and-Vintage-Ornamental-Coffee-Shop-Logo.png\",\"width\":512,\"height\":512,\"caption\":\"Der beste Onlineshop f\u00fcr Pfeifen und Zigarrenzubeh\u00f6r in Deutschland\"},\"image\":{\"@id\":\"https:\\\/\\\/pfeifenundzigarren.de\\\/#\\\/schema\\\/logo\\\/image\\\/\"}}]}<\/script>\n<!-- \/ Yoast SEO Premium plugin. -->","yoast_head_json":{"title":"Freestyle lange Beine flache Eichel spanische handgefertigte Bruy\u00e8re-Holzpfeife - Der beste Onlineshop f\u00fcr Pfeifen und Zigarrenzubeh\u00f6r in Deutschland","robots":{"index":"index","follow":"follow","max-snippet":"max-snippet:-1","max-image-preview":"max-image-preview:large","max-video-preview":"max-video-preview:-1"},"canonical":"https:\/\/pfeifenundzigarren.de\/es\/Produkt\/freestyle-lange-beine-flache-eichel-spanische-handgefertigte-bruyere-holzpfeife\/","og_locale":"es_ES","og_type":"article","og_title":"Freestyle lange Beine flache Eichel spanische handgefertigte Bruy\u00e8re-Holzpfeife","og_description":"Klassisches Design mit langen Beinen Eine gute Pfeife f\u00fcrchtet keine Vergr\u00f6\u00dferung der Details. Die Verarbeitung und das Gesamterscheinungsbild sind hervorragend.","og_url":"https:\/\/pfeifenundzigarren.de\/es\/Produkt\/freestyle-lange-beine-flache-eichel-spanische-handgefertigte-bruyere-holzpfeife\/","og_site_name":"Der beste Onlineshop f\u00fcr Pfeifen und Zigarrenzubeh\u00f6r in Deutschland","article_modified_time":"2024-10-18T05:19:26+00:00","og_image":[{"width":720,"height":720,"url":"https:\/\/pfeifenundzigarren.de\/wp-content\/uploads\/2024\/10\/e3c1fb6b-77ca-4018-a246-65d5992c65a4.jpg","type":"image\/jpeg"}],"twitter_card":"summary_large_image","twitter_misc":{"Tiempo de lectura":"1 minuto"},"schema":{"@context":"https:\/\/schema.org","@graph":[{"@type":"WebPage","@id":"https:\/\/pfeifenundzigarren.de\/Produkt\/freestyle-lange-beine-flache-eichel-spanische-handgefertigte-bruyere-holzpfeife\/","url":"https:\/\/pfeifenundzigarren.de\/Produkt\/freestyle-lange-beine-flache-eichel-spanische-handgefertigte-bruyere-holzpfeife\/","name":"Freestyle lange Beine flache Eichel spanische handgefertigte Bruy\u00e8re-Holzpfeife - Der beste Onlineshop f\u00fcr Pfeifen und Zigarrenzubeh\u00f6r in Deutschland","isPartOf":{"@id":"https:\/\/pfeifenundzigarren.de\/#website"},"primaryImageOfPage":{"@id":"https:\/\/pfeifenundzigarren.de\/Produkt\/freestyle-lange-beine-flache-eichel-spanische-handgefertigte-bruyere-holzpfeife\/#primaryimage"},"image":{"@id":"https:\/\/pfeifenundzigarren.de\/Produkt\/freestyle-lange-beine-flache-eichel-spanische-handgefertigte-bruyere-holzpfeife\/#primaryimage"},"thumbnailUrl":"https:\/\/pfeifenundzigarren.de\/wp-content\/uploads\/2024\/10\/e3c1fb6b-77ca-4018-a246-65d5992c65a4.jpg","datePublished":"2024-10-18T04:00:07+00:00","dateModified":"2024-10-18T05:19:26+00:00","breadcrumb":{"@id":"https:\/\/pfeifenundzigarren.de\/Produkt\/freestyle-lange-beine-flache-eichel-spanische-handgefertigte-bruyere-holzpfeife\/#breadcrumb"},"inLanguage":"es","potentialAction":[{"@type":"ReadAction","target":["https:\/\/pfeifenundzigarren.de\/Produkt\/freestyle-lange-beine-flache-eichel-spanische-handgefertigte-bruyere-holzpfeife\/"]}]},{"@type":"ImageObject","inLanguage":"es","@id":"https:\/\/pfeifenundzigarren.de\/Produkt\/freestyle-lange-beine-flache-eichel-spanische-handgefertigte-bruyere-holzpfeife\/#primaryimage","url":"https:\/\/pfeifenundzigarren.de\/wp-content\/uploads\/2024\/10\/e3c1fb6b-77ca-4018-a246-65d5992c65a4.jpg","contentUrl":"https:\/\/pfeifenundzigarren.de\/wp-content\/uploads\/2024\/10\/e3c1fb6b-77ca-4018-a246-65d5992c65a4.jpg","width":720,"height":720,"caption":"Freestyle lange Beine flache Eichel spanische handgefertigte Bruy\u00e8re-Holzpfeife"},{"@type":"BreadcrumbList","@id":"https:\/\/pfeifenundzigarren.de\/Produkt\/freestyle-lange-beine-flache-eichel-spanische-handgefertigte-bruyere-holzpfeife\/#breadcrumb","itemListElement":[{"@type":"ListItem","position":1,"name":"Home","item":"https:\/\/pfeifenundzigarren.de\/"},{"@type":"ListItem","position":2,"name":"Shop","item":"https:\/\/pfeifenundzigarren.de\/shop\/"},{"@type":"ListItem","position":3,"name":"Freestyle lange Beine flache Eichel spanische handgefertigte Bruy\u00e8re-Holzpfeife"}]},{"@type":"WebSite","@id":"https:\/\/pfeifenundzigarren.de\/#website","url":"https:\/\/pfeifenundzigarren.de\/","name":"La mejor tienda en l\u00ednea de pipas y accesorios para puros de Alemania","description":"","publisher":{"@id":"https:\/\/pfeifenundzigarren.de\/#organization"},"potentialAction":[{"@type":"SearchAction","target":{"@type":"EntryPoint","urlTemplate":"https:\/\/pfeifenundzigarren.de\/?s={search_term_string}"},"query-input":{"@type":"PropertyValueSpecification","valueRequired":true,"valueName":"search_term_string"}}],"inLanguage":"es"},{"@type":"Organization","@id":"https:\/\/pfeifenundzigarren.de\/#organization","name":"La mejor tienda en l\u00ednea de pipas y accesorios para puros de Alemania","url":"https:\/\/pfeifenundzigarren.de\/","logo":{"@type":"ImageObject","inLanguage":"es","@id":"https:\/\/pfeifenundzigarren.de\/#\/schema\/logo\/image\/","url":"https:\/\/pfeifenundzigarren.de\/wp-content\/uploads\/2024\/09\/cropped-Luxury-and-Vintage-Ornamental-Coffee-Shop-Logo.png","contentUrl":"https:\/\/pfeifenundzigarren.de\/wp-content\/uploads\/2024\/09\/cropped-Luxury-and-Vintage-Ornamental-Coffee-Shop-Logo.png","width":512,"height":512,"caption":"Der beste Onlineshop f\u00fcr Pfeifen und Zigarrenzubeh\u00f6r in Deutschland"},"image":{"@id":"https:\/\/pfeifenundzigarren.de\/#\/schema\/logo\/image\/"}}]}},"_links":{"self":[{"href":"https:\/\/pfeifenundzigarren.de\/es\/wp-json\/wp\/v2\/product\/4988","targetHints":{"allow":["GET"]}}],"collection":[{"href":"https:\/\/pfeifenundzigarren.de\/es\/wp-json\/wp\/v2\/product"}],"about":[{"href":"https:\/\/pfeifenundzigarren.de\/es\/wp-json\/wp\/v2\/types\/product"}],"replies":[{"embeddable":true,"href":"https:\/\/pfeifenundzigarren.de\/es\/wp-json\/wp\/v2\/comments?post=4988"}],"version-history":[{"count":0,"href":"https:\/\/pfeifenundzigarren.de\/es\/wp-json\/wp\/v2\/product\/4988\/revisions"}],"wp:featuredmedia":[{"embeddable":true,"href":"https:\/\/pfeifenundzigarren.de\/es\/wp-json\/wp\/v2\/media\/4991"}],"wp:attachment":[{"href":"https:\/\/pfeifenundzigarren.de\/es\/wp-json\/wp\/v2\/media?parent=4988"}],"wp:term":[{"taxonomy":"product_brand","embeddable":true,"href":"https:\/\/pfeifenundzigarren.de\/es\/wp-json\/wp\/v2\/product_brand?post=4988"},{"taxonomy":"product_cat","embeddable":true,"href":"https:\/\/pfeifenundzigarren.de\/es\/wp-json\/wp\/v2\/product_cat?post=4988"},{"taxonomy":"product_tag","embeddable":true,"href":"https:\/\/pfeifenundzigarren.de\/es\/wp-json\/wp\/v2\/product_tag?post=4988"}],"curies":[{"name":"wp","href":"https:\/\/api.w.org\/{rel}","templated":true}]}}