{"id":4980,"date":"2024-10-16T15:25:09","date_gmt":"2024-10-16T13:25:09","guid":{"rendered":"https:\/\/pfeifenundzigarren.de\/?post_type=product&#038;p=4980"},"modified":"2026-01-20T08:14:01","modified_gmt":"2026-01-20T07:14:01","slug":"zigarrenhumor-mit-grosser-kapazitaet-aus-kohlefaser","status":"publish","type":"product","link":"https:\/\/pfeifenundzigarren.de\/es\/Produkt\/zigarrenhumor-mit-grosser-kapazitaet-aus-kohlefaser\/","title":{"rendered":"Humidificador de puros de gran capacidad fabricado en fibra de carbono"},"content":{"rendered":"<p>Par\u00e1metros del producto:<br \/>\nTipo:: <a href=\"https:\/\/pfeifenundzigarren.de\/es\/produktkategorie\/zigarren-zubehoer\/zigarren-humidor\/\">Humidificador de puros<\/a><br \/>\nMaterial: madera de cedro + MDF + fibra de carbono<br \/>\nDimensiones: 230 mm * 215 mm * 135 mm<br \/>\nDimensiones interiores: 270 mm * 220 mm * 82 mm<br \/>\nPeso neto: 1,6 kg<br \/>\nPeso bruto: 2,2 kg<br \/>\nCapacidad: aprox. 50 puros (dependiendo del tama\u00f1o de los puros)<br \/>\nFunciones especiales:<br \/>\nDise\u00f1o de almacenamiento de doble capa, para guardar por separado puros de distintos sabores.<br \/>\nSistema integrado de control de la humedad, muestra la humedad actual en tiempo real.<br \/>\nEquipado con un humidificador al que se puede a\u00f1adir soluci\u00f3n humidificante si es necesario.<\/p>","protected":false},"excerpt":{"rendered":"<p>Par\u00e1metros del producto: Tipo:: Humidor de puros Material: Madera de cedro + MDF + fibra de carbono Dimensiones: 230 mm * 215 mm * 135 mm Dimensiones internas: 270<\/p>","protected":false},"featured_media":4982,"comment_status":"open","ping_status":"closed","template":"","meta":[],"product_brand":[],"product_cat":[78,764],"product_tag":[],"class_list":{"0":"post-4980","1":"product","2":"type-product","3":"status-publish","4":"has-post-thumbnail","6":"product_cat-zigarren-humidor","7":"product_cat-travel-humidor","9":"first","10":"instock","11":"sale","12":"shipping-taxable","13":"purchasable","14":"product-type-simple"},"yoast_head":"<!-- This site is optimized with the Yoast SEO Premium plugin v26.7 (Yoast SEO v27.4) - https:\/\/yoast.com\/product\/yoast-seo-premium-wordpress\/ -->\n<title>Zigarrenhumor mit gro\u00dfer Kapazit\u00e4t aus Kohlefaser - Der beste Onlineshop f\u00fcr Pfeifen und Zigarrenzubeh\u00f6r in Deutschland<\/title>\n<meta name=\"robots\" content=\"index, follow, max-snippet:-1, max-image-preview:large, max-video-preview:-1\" \/>\n<link rel=\"canonical\" href=\"https:\/\/pfeifenundzigarren.de\/es\/Produkt\/zigarrenhumor-mit-grosser-kapazitaet-aus-kohlefaser\/\" \/>\n<meta property=\"og:locale\" content=\"es_ES\" \/>\n<meta property=\"og:type\" content=\"article\" \/>\n<meta property=\"og:title\" content=\"Zigarrenhumor mit gro\u00dfer Kapazit\u00e4t aus Kohlefaser\" \/>\n<meta property=\"og:description\" content=\"Produktparameter: Typ:: Zigarrenhumidor Material: Zedernholz + MDF + Carbonfaser Abmessungen: 230 mm * 215 mm * 135 mm Innenma\u00dfe: 270\" \/>\n<meta property=\"og:url\" content=\"https:\/\/pfeifenundzigarren.de\/es\/Produkt\/zigarrenhumor-mit-grosser-kapazitaet-aus-kohlefaser\/\" \/>\n<meta property=\"og:site_name\" content=\"Der beste Onlineshop f\u00fcr Pfeifen und Zigarrenzubeh\u00f6r in Deutschland\" \/>\n<meta property=\"article:modified_time\" content=\"2026-01-20T07:14:01+00:00\" \/>\n<meta property=\"og:image\" content=\"https:\/\/pfeifenundzigarren.de\/wp-content\/uploads\/2024\/10\/a9ec439b-eab5-418e-9586-69d70ab1eeb5.jpg\" \/>\n\t<meta property=\"og:image:width\" content=\"800\" \/>\n\t<meta property=\"og:image:height\" content=\"800\" \/>\n\t<meta property=\"og:image:type\" content=\"image\/jpeg\" \/>\n<meta name=\"twitter:card\" content=\"summary_large_image\" \/>\n<script type=\"application\/ld+json\" class=\"yoast-schema-graph\">{\"@context\":\"https:\\\/\\\/schema.org\",\"@graph\":[{\"@type\":\"WebPage\",\"@id\":\"https:\\\/\\\/pfeifenundzigarren.de\\\/Produkt\\\/zigarrenhumor-mit-grosser-kapazitaet-aus-kohlefaser\\\/\",\"url\":\"https:\\\/\\\/pfeifenundzigarren.de\\\/Produkt\\\/zigarrenhumor-mit-grosser-kapazitaet-aus-kohlefaser\\\/\",\"name\":\"Zigarrenhumor mit gro\u00dfer Kapazit\u00e4t aus Kohlefaser - Der beste Onlineshop f\u00fcr Pfeifen und Zigarrenzubeh\u00f6r in Deutschland\",\"isPartOf\":{\"@id\":\"https:\\\/\\\/pfeifenundzigarren.de\\\/#website\"},\"primaryImageOfPage\":{\"@id\":\"https:\\\/\\\/pfeifenundzigarren.de\\\/Produkt\\\/zigarrenhumor-mit-grosser-kapazitaet-aus-kohlefaser\\\/#primaryimage\"},\"image\":{\"@id\":\"https:\\\/\\\/pfeifenundzigarren.de\\\/Produkt\\\/zigarrenhumor-mit-grosser-kapazitaet-aus-kohlefaser\\\/#primaryimage\"},\"thumbnailUrl\":\"https:\\\/\\\/pfeifenundzigarren.de\\\/wp-content\\\/uploads\\\/2024\\\/10\\\/a9ec439b-eab5-418e-9586-69d70ab1eeb5.jpg\",\"datePublished\":\"2024-10-16T13:25:09+00:00\",\"dateModified\":\"2026-01-20T07:14:01+00:00\",\"breadcrumb\":{\"@id\":\"https:\\\/\\\/pfeifenundzigarren.de\\\/Produkt\\\/zigarrenhumor-mit-grosser-kapazitaet-aus-kohlefaser\\\/#breadcrumb\"},\"inLanguage\":\"es\",\"potentialAction\":[{\"@type\":\"ReadAction\",\"target\":[\"https:\\\/\\\/pfeifenundzigarren.de\\\/Produkt\\\/zigarrenhumor-mit-grosser-kapazitaet-aus-kohlefaser\\\/\"]}]},{\"@type\":\"ImageObject\",\"inLanguage\":\"es\",\"@id\":\"https:\\\/\\\/pfeifenundzigarren.de\\\/Produkt\\\/zigarrenhumor-mit-grosser-kapazitaet-aus-kohlefaser\\\/#primaryimage\",\"url\":\"https:\\\/\\\/pfeifenundzigarren.de\\\/wp-content\\\/uploads\\\/2024\\\/10\\\/a9ec439b-eab5-418e-9586-69d70ab1eeb5.jpg\",\"contentUrl\":\"https:\\\/\\\/pfeifenundzigarren.de\\\/wp-content\\\/uploads\\\/2024\\\/10\\\/a9ec439b-eab5-418e-9586-69d70ab1eeb5.jpg\",\"width\":800,\"height\":800,\"caption\":\"Zigarrenhumor mit gro\u00dfer Kapazit\u00e4t aus Kohlefaser\"},{\"@type\":\"BreadcrumbList\",\"@id\":\"https:\\\/\\\/pfeifenundzigarren.de\\\/Produkt\\\/zigarrenhumor-mit-grosser-kapazitaet-aus-kohlefaser\\\/#breadcrumb\",\"itemListElement\":[{\"@type\":\"ListItem\",\"position\":1,\"name\":\"Home\",\"item\":\"https:\\\/\\\/pfeifenundzigarren.de\\\/\"},{\"@type\":\"ListItem\",\"position\":2,\"name\":\"Shop\",\"item\":\"https:\\\/\\\/pfeifenundzigarren.de\\\/shop\\\/\"},{\"@type\":\"ListItem\",\"position\":3,\"name\":\"Zigarrenhumor mit gro\u00dfer Kapazit\u00e4t aus Kohlefaser\"}]},{\"@type\":\"WebSite\",\"@id\":\"https:\\\/\\\/pfeifenundzigarren.de\\\/#website\",\"url\":\"https:\\\/\\\/pfeifenundzigarren.de\\\/\",\"name\":\"Der beste Onlineshop f\u00fcr Pfeifen und Zigarrenzubeh\u00f6r in Deutschland\",\"description\":\"\",\"publisher\":{\"@id\":\"https:\\\/\\\/pfeifenundzigarren.de\\\/#organization\"},\"potentialAction\":[{\"@type\":\"SearchAction\",\"target\":{\"@type\":\"EntryPoint\",\"urlTemplate\":\"https:\\\/\\\/pfeifenundzigarren.de\\\/?s={search_term_string}\"},\"query-input\":{\"@type\":\"PropertyValueSpecification\",\"valueRequired\":true,\"valueName\":\"search_term_string\"}}],\"inLanguage\":\"es\"},{\"@type\":\"Organization\",\"@id\":\"https:\\\/\\\/pfeifenundzigarren.de\\\/#organization\",\"name\":\"Der beste Onlineshop f\u00fcr Pfeifen und Zigarrenzubeh\u00f6r in Deutschland\",\"url\":\"https:\\\/\\\/pfeifenundzigarren.de\\\/\",\"logo\":{\"@type\":\"ImageObject\",\"inLanguage\":\"es\",\"@id\":\"https:\\\/\\\/pfeifenundzigarren.de\\\/#\\\/schema\\\/logo\\\/image\\\/\",\"url\":\"https:\\\/\\\/pfeifenundzigarren.de\\\/wp-content\\\/uploads\\\/2024\\\/09\\\/cropped-Luxury-and-Vintage-Ornamental-Coffee-Shop-Logo.png\",\"contentUrl\":\"https:\\\/\\\/pfeifenundzigarren.de\\\/wp-content\\\/uploads\\\/2024\\\/09\\\/cropped-Luxury-and-Vintage-Ornamental-Coffee-Shop-Logo.png\",\"width\":512,\"height\":512,\"caption\":\"Der beste Onlineshop f\u00fcr Pfeifen und Zigarrenzubeh\u00f6r in Deutschland\"},\"image\":{\"@id\":\"https:\\\/\\\/pfeifenundzigarren.de\\\/#\\\/schema\\\/logo\\\/image\\\/\"}}]}<\/script>\n<!-- \/ Yoast SEO Premium plugin. -->","yoast_head_json":{"title":"Zigarrenhumor mit gro\u00dfer Kapazit\u00e4t aus Kohlefaser - Der beste Onlineshop f\u00fcr Pfeifen und Zigarrenzubeh\u00f6r in Deutschland","robots":{"index":"index","follow":"follow","max-snippet":"max-snippet:-1","max-image-preview":"max-image-preview:large","max-video-preview":"max-video-preview:-1"},"canonical":"https:\/\/pfeifenundzigarren.de\/es\/Produkt\/zigarrenhumor-mit-grosser-kapazitaet-aus-kohlefaser\/","og_locale":"es_ES","og_type":"article","og_title":"Zigarrenhumor mit gro\u00dfer Kapazit\u00e4t aus Kohlefaser","og_description":"Produktparameter: Typ:: Zigarrenhumidor Material: Zedernholz + MDF + Carbonfaser Abmessungen: 230 mm * 215 mm * 135 mm Innenma\u00dfe: 270","og_url":"https:\/\/pfeifenundzigarren.de\/es\/Produkt\/zigarrenhumor-mit-grosser-kapazitaet-aus-kohlefaser\/","og_site_name":"Der beste Onlineshop f\u00fcr Pfeifen und Zigarrenzubeh\u00f6r in Deutschland","article_modified_time":"2026-01-20T07:14:01+00:00","og_image":[{"width":800,"height":800,"url":"https:\/\/pfeifenundzigarren.de\/wp-content\/uploads\/2024\/10\/a9ec439b-eab5-418e-9586-69d70ab1eeb5.jpg","type":"image\/jpeg"}],"twitter_card":"summary_large_image","schema":{"@context":"https:\/\/schema.org","@graph":[{"@type":"WebPage","@id":"https:\/\/pfeifenundzigarren.de\/Produkt\/zigarrenhumor-mit-grosser-kapazitaet-aus-kohlefaser\/","url":"https:\/\/pfeifenundzigarren.de\/Produkt\/zigarrenhumor-mit-grosser-kapazitaet-aus-kohlefaser\/","name":"Zigarrenhumor mit gro\u00dfer Kapazit\u00e4t aus Kohlefaser - Der beste Onlineshop f\u00fcr Pfeifen und Zigarrenzubeh\u00f6r in Deutschland","isPartOf":{"@id":"https:\/\/pfeifenundzigarren.de\/#website"},"primaryImageOfPage":{"@id":"https:\/\/pfeifenundzigarren.de\/Produkt\/zigarrenhumor-mit-grosser-kapazitaet-aus-kohlefaser\/#primaryimage"},"image":{"@id":"https:\/\/pfeifenundzigarren.de\/Produkt\/zigarrenhumor-mit-grosser-kapazitaet-aus-kohlefaser\/#primaryimage"},"thumbnailUrl":"https:\/\/pfeifenundzigarren.de\/wp-content\/uploads\/2024\/10\/a9ec439b-eab5-418e-9586-69d70ab1eeb5.jpg","datePublished":"2024-10-16T13:25:09+00:00","dateModified":"2026-01-20T07:14:01+00:00","breadcrumb":{"@id":"https:\/\/pfeifenundzigarren.de\/Produkt\/zigarrenhumor-mit-grosser-kapazitaet-aus-kohlefaser\/#breadcrumb"},"inLanguage":"es","potentialAction":[{"@type":"ReadAction","target":["https:\/\/pfeifenundzigarren.de\/Produkt\/zigarrenhumor-mit-grosser-kapazitaet-aus-kohlefaser\/"]}]},{"@type":"ImageObject","inLanguage":"es","@id":"https:\/\/pfeifenundzigarren.de\/Produkt\/zigarrenhumor-mit-grosser-kapazitaet-aus-kohlefaser\/#primaryimage","url":"https:\/\/pfeifenundzigarren.de\/wp-content\/uploads\/2024\/10\/a9ec439b-eab5-418e-9586-69d70ab1eeb5.jpg","contentUrl":"https:\/\/pfeifenundzigarren.de\/wp-content\/uploads\/2024\/10\/a9ec439b-eab5-418e-9586-69d70ab1eeb5.jpg","width":800,"height":800,"caption":"Zigarrenhumor mit gro\u00dfer Kapazit\u00e4t aus Kohlefaser"},{"@type":"BreadcrumbList","@id":"https:\/\/pfeifenundzigarren.de\/Produkt\/zigarrenhumor-mit-grosser-kapazitaet-aus-kohlefaser\/#breadcrumb","itemListElement":[{"@type":"ListItem","position":1,"name":"Home","item":"https:\/\/pfeifenundzigarren.de\/"},{"@type":"ListItem","position":2,"name":"Shop","item":"https:\/\/pfeifenundzigarren.de\/shop\/"},{"@type":"ListItem","position":3,"name":"Zigarrenhumor mit gro\u00dfer Kapazit\u00e4t aus Kohlefaser"}]},{"@type":"WebSite","@id":"https:\/\/pfeifenundzigarren.de\/#website","url":"https:\/\/pfeifenundzigarren.de\/","name":"La mejor tienda en l\u00ednea de pipas y accesorios para puros de Alemania","description":"","publisher":{"@id":"https:\/\/pfeifenundzigarren.de\/#organization"},"potentialAction":[{"@type":"SearchAction","target":{"@type":"EntryPoint","urlTemplate":"https:\/\/pfeifenundzigarren.de\/?s={search_term_string}"},"query-input":{"@type":"PropertyValueSpecification","valueRequired":true,"valueName":"search_term_string"}}],"inLanguage":"es"},{"@type":"Organization","@id":"https:\/\/pfeifenundzigarren.de\/#organization","name":"La mejor tienda en l\u00ednea de pipas y accesorios para puros de Alemania","url":"https:\/\/pfeifenundzigarren.de\/","logo":{"@type":"ImageObject","inLanguage":"es","@id":"https:\/\/pfeifenundzigarren.de\/#\/schema\/logo\/image\/","url":"https:\/\/pfeifenundzigarren.de\/wp-content\/uploads\/2024\/09\/cropped-Luxury-and-Vintage-Ornamental-Coffee-Shop-Logo.png","contentUrl":"https:\/\/pfeifenundzigarren.de\/wp-content\/uploads\/2024\/09\/cropped-Luxury-and-Vintage-Ornamental-Coffee-Shop-Logo.png","width":512,"height":512,"caption":"Der beste Onlineshop f\u00fcr Pfeifen und Zigarrenzubeh\u00f6r in Deutschland"},"image":{"@id":"https:\/\/pfeifenundzigarren.de\/#\/schema\/logo\/image\/"}}]}},"_links":{"self":[{"href":"https:\/\/pfeifenundzigarren.de\/es\/wp-json\/wp\/v2\/product\/4980","targetHints":{"allow":["GET"]}}],"collection":[{"href":"https:\/\/pfeifenundzigarren.de\/es\/wp-json\/wp\/v2\/product"}],"about":[{"href":"https:\/\/pfeifenundzigarren.de\/es\/wp-json\/wp\/v2\/types\/product"}],"replies":[{"embeddable":true,"href":"https:\/\/pfeifenundzigarren.de\/es\/wp-json\/wp\/v2\/comments?post=4980"}],"version-history":[{"count":0,"href":"https:\/\/pfeifenundzigarren.de\/es\/wp-json\/wp\/v2\/product\/4980\/revisions"}],"wp:featuredmedia":[{"embeddable":true,"href":"https:\/\/pfeifenundzigarren.de\/es\/wp-json\/wp\/v2\/media\/4982"}],"wp:attachment":[{"href":"https:\/\/pfeifenundzigarren.de\/es\/wp-json\/wp\/v2\/media?parent=4980"}],"wp:term":[{"taxonomy":"product_brand","embeddable":true,"href":"https:\/\/pfeifenundzigarren.de\/es\/wp-json\/wp\/v2\/product_brand?post=4980"},{"taxonomy":"product_cat","embeddable":true,"href":"https:\/\/pfeifenundzigarren.de\/es\/wp-json\/wp\/v2\/product_cat?post=4980"},{"taxonomy":"product_tag","embeddable":true,"href":"https:\/\/pfeifenundzigarren.de\/es\/wp-json\/wp\/v2\/product_tag?post=4980"}],"curies":[{"name":"wp","href":"https:\/\/api.w.org\/{rel}","templated":true}]}}