{"id":4964,"date":"2024-10-11T10:49:39","date_gmt":"2024-10-11T08:49:39","guid":{"rendered":"https:\/\/pfeifenundzigarren.de\/?post_type=product&#038;p=4964"},"modified":"2024-10-11T13:56:25","modified_gmt":"2024-10-11T11:56:25","slug":"exklusiver-pfeifenschrank-aus-rosenholz-fuer-48-pfeifen","status":"publish","type":"product","link":"https:\/\/pfeifenundzigarren.de\/es\/Produkt\/exklusiver-pfeifenschrank-aus-rosenholz-fuer-48-pfeifen\/","title":{"rendered":"Exclusivo armario de madera de palisandro para 48 pipas"},"content":{"rendered":"<h3>Especificaciones del producto<\/h3>\n<ul>\n<li><strong>Nombre del producto<\/strong>Armario de 48 tubos Rosewood<\/li>\n<li>Tipo: \u00a0<a href=\"https:\/\/pfeifenundzigarren.de\/es\/produktkategorie\/pfeifen-zubehoer\/\">Accesorios para tuber\u00edas<\/a><\/li>\n<li><strong>Material<\/strong>Palo de rosa : Palo de rosa<\/li>\n<li><strong>Dimensiones<\/strong>:<\/li>\n<li>\n<ul>\n<li>Altura: 741 mm<\/li>\n<li>Anchura: 458 mm<\/li>\n<li>Profundidad: 249 mm<\/li>\n<\/ul>\n<\/li>\n<li><strong>Capacidad<\/strong>Capacidad para 48 tubos<\/li>\n<li><strong>Estilo de dise\u00f1o<\/strong>:\n<ul>\n<li>Dise\u00f1o vintage de aspecto cl\u00e1sico y elegante<\/li>\n<li>Puerta de cristal panor\u00e1mica para facilitar la exposici\u00f3n y el acceso<\/li>\n<\/ul>\n<\/li>\n<li><strong>Caracter\u00edsticas especiales<\/strong>:\n<ul>\n<li><strong>Iluminaci\u00f3n LED<\/strong>: Equipado con luces LED controladas de forma inal\u00e1mbrica, sensibles al tacto para facilitar su uso y visualizaci\u00f3n<\/li>\n<li><strong>Gran capacidad<\/strong>Estructura compacta con gran capacidad. El estante inferior tambi\u00e9n puede almacenar tubos y accesorios adicionales<\/li>\n<li><strong>Herrajes exquisitos<\/strong>Herrajes de alta calidad, que garantizan una mejor estanqueidad y durabilidad<\/li>\n<\/ul>\n<\/li>\n<li><strong>Certificaci\u00f3n<\/strong>Puerta de cristal certificada 3C, calidad garantizada<\/li>\n<li><strong>Aplicaciones<\/strong>Ideal para coleccionar, exponer y almacenar tuber\u00edas<\/li>\n<li><strong>Funciones adicionales<\/strong>Espacio de almacenamiento inferior abierto, adecuado para guardar herramientas de limpieza de tuber\u00edas, accesorios, etc.<\/li>\n<\/ul>","protected":false},"excerpt":{"rendered":"<p>Product Specifications Product Name: Rosewood 48-Pipe Cabinet Typ: \u00a0Pfeifenzubeh\u00f6r Material: Rosewood Dimensions: Height: 741mm Width: 458mm Depth: 249mm Capacity: Holds<\/p>","protected":false},"featured_media":4968,"comment_status":"open","ping_status":"closed","template":"","meta":[],"product_brand":[],"product_cat":[70],"product_tag":[],"class_list":{"0":"post-4964","1":"product","2":"type-product","3":"status-publish","4":"has-post-thumbnail","6":"product_cat-pfeife","8":"first","9":"instock","10":"sale","11":"shipping-taxable","12":"purchasable","13":"product-type-simple"},"yoast_head":"<!-- This site is optimized with the Yoast SEO Premium plugin v26.7 (Yoast SEO v27.4) - https:\/\/yoast.com\/product\/yoast-seo-premium-wordpress\/ -->\n<title>Exklusiver Pfeifenschrank aus Rosenholz f\u00fcr 48 Pfeifen - Der beste Onlineshop f\u00fcr Pfeifen und Zigarrenzubeh\u00f6r in Deutschland<\/title>\n<meta name=\"robots\" content=\"index, follow, max-snippet:-1, max-image-preview:large, max-video-preview:-1\" \/>\n<link rel=\"canonical\" href=\"https:\/\/pfeifenundzigarren.de\/es\/Produkt\/exklusiver-pfeifenschrank-aus-rosenholz-fuer-48-pfeifen\/\" \/>\n<meta property=\"og:locale\" content=\"es_ES\" \/>\n<meta property=\"og:type\" content=\"article\" \/>\n<meta property=\"og:title\" content=\"Exklusiver Pfeifenschrank aus Rosenholz f\u00fcr 48 Pfeifen\" \/>\n<meta property=\"og:description\" content=\"Product Specifications Product Name: Rosewood 48-Pipe Cabinet Typ: \u00a0Pfeifenzubeh\u00f6r Material: Rosewood Dimensions: Height: 741mm Width: 458mm Depth: 249mm Capacity: Holds\" \/>\n<meta property=\"og:url\" content=\"https:\/\/pfeifenundzigarren.de\/es\/Produkt\/exklusiver-pfeifenschrank-aus-rosenholz-fuer-48-pfeifen\/\" \/>\n<meta property=\"og:site_name\" content=\"Der beste Onlineshop f\u00fcr Pfeifen und Zigarrenzubeh\u00f6r in Deutschland\" \/>\n<meta property=\"article:modified_time\" content=\"2024-10-11T11:56:25+00:00\" \/>\n<meta property=\"og:image\" content=\"https:\/\/pfeifenundzigarren.de\/wp-content\/uploads\/2024\/10\/58.jpg\" \/>\n\t<meta property=\"og:image:width\" content=\"800\" \/>\n\t<meta property=\"og:image:height\" content=\"800\" \/>\n\t<meta property=\"og:image:type\" content=\"image\/jpeg\" \/>\n<meta name=\"twitter:card\" content=\"summary_large_image\" \/>\n<meta name=\"twitter:label1\" content=\"Tiempo de lectura\" \/>\n\t<meta name=\"twitter:data1\" content=\"1 minuto\" \/>\n<script type=\"application\/ld+json\" class=\"yoast-schema-graph\">{\"@context\":\"https:\\\/\\\/schema.org\",\"@graph\":[{\"@type\":\"WebPage\",\"@id\":\"https:\\\/\\\/pfeifenundzigarren.de\\\/Produkt\\\/exklusiver-pfeifenschrank-aus-rosenholz-fuer-48-pfeifen\\\/\",\"url\":\"https:\\\/\\\/pfeifenundzigarren.de\\\/Produkt\\\/exklusiver-pfeifenschrank-aus-rosenholz-fuer-48-pfeifen\\\/\",\"name\":\"Exklusiver Pfeifenschrank aus Rosenholz f\u00fcr 48 Pfeifen - Der beste Onlineshop f\u00fcr Pfeifen und Zigarrenzubeh\u00f6r in Deutschland\",\"isPartOf\":{\"@id\":\"https:\\\/\\\/pfeifenundzigarren.de\\\/#website\"},\"primaryImageOfPage\":{\"@id\":\"https:\\\/\\\/pfeifenundzigarren.de\\\/Produkt\\\/exklusiver-pfeifenschrank-aus-rosenholz-fuer-48-pfeifen\\\/#primaryimage\"},\"image\":{\"@id\":\"https:\\\/\\\/pfeifenundzigarren.de\\\/Produkt\\\/exklusiver-pfeifenschrank-aus-rosenholz-fuer-48-pfeifen\\\/#primaryimage\"},\"thumbnailUrl\":\"https:\\\/\\\/pfeifenundzigarren.de\\\/wp-content\\\/uploads\\\/2024\\\/10\\\/58.jpg\",\"datePublished\":\"2024-10-11T08:49:39+00:00\",\"dateModified\":\"2024-10-11T11:56:25+00:00\",\"breadcrumb\":{\"@id\":\"https:\\\/\\\/pfeifenundzigarren.de\\\/Produkt\\\/exklusiver-pfeifenschrank-aus-rosenholz-fuer-48-pfeifen\\\/#breadcrumb\"},\"inLanguage\":\"es\",\"potentialAction\":[{\"@type\":\"ReadAction\",\"target\":[\"https:\\\/\\\/pfeifenundzigarren.de\\\/Produkt\\\/exklusiver-pfeifenschrank-aus-rosenholz-fuer-48-pfeifen\\\/\"]}]},{\"@type\":\"ImageObject\",\"inLanguage\":\"es\",\"@id\":\"https:\\\/\\\/pfeifenundzigarren.de\\\/Produkt\\\/exklusiver-pfeifenschrank-aus-rosenholz-fuer-48-pfeifen\\\/#primaryimage\",\"url\":\"https:\\\/\\\/pfeifenundzigarren.de\\\/wp-content\\\/uploads\\\/2024\\\/10\\\/58.jpg\",\"contentUrl\":\"https:\\\/\\\/pfeifenundzigarren.de\\\/wp-content\\\/uploads\\\/2024\\\/10\\\/58.jpg\",\"width\":800,\"height\":800,\"caption\":\"Exklusiver Pfeifenschrank aus Rosenholz f\u00fcr 48 Pfeifen\"},{\"@type\":\"BreadcrumbList\",\"@id\":\"https:\\\/\\\/pfeifenundzigarren.de\\\/Produkt\\\/exklusiver-pfeifenschrank-aus-rosenholz-fuer-48-pfeifen\\\/#breadcrumb\",\"itemListElement\":[{\"@type\":\"ListItem\",\"position\":1,\"name\":\"Home\",\"item\":\"https:\\\/\\\/pfeifenundzigarren.de\\\/\"},{\"@type\":\"ListItem\",\"position\":2,\"name\":\"Shop\",\"item\":\"https:\\\/\\\/pfeifenundzigarren.de\\\/shop\\\/\"},{\"@type\":\"ListItem\",\"position\":3,\"name\":\"Exklusiver Pfeifenschrank aus Rosenholz f\u00fcr 48 Pfeifen\"}]},{\"@type\":\"WebSite\",\"@id\":\"https:\\\/\\\/pfeifenundzigarren.de\\\/#website\",\"url\":\"https:\\\/\\\/pfeifenundzigarren.de\\\/\",\"name\":\"Der beste Onlineshop f\u00fcr Pfeifen und Zigarrenzubeh\u00f6r in Deutschland\",\"description\":\"\",\"publisher\":{\"@id\":\"https:\\\/\\\/pfeifenundzigarren.de\\\/#organization\"},\"potentialAction\":[{\"@type\":\"SearchAction\",\"target\":{\"@type\":\"EntryPoint\",\"urlTemplate\":\"https:\\\/\\\/pfeifenundzigarren.de\\\/?s={search_term_string}\"},\"query-input\":{\"@type\":\"PropertyValueSpecification\",\"valueRequired\":true,\"valueName\":\"search_term_string\"}}],\"inLanguage\":\"es\"},{\"@type\":\"Organization\",\"@id\":\"https:\\\/\\\/pfeifenundzigarren.de\\\/#organization\",\"name\":\"Der beste Onlineshop f\u00fcr Pfeifen und Zigarrenzubeh\u00f6r in Deutschland\",\"url\":\"https:\\\/\\\/pfeifenundzigarren.de\\\/\",\"logo\":{\"@type\":\"ImageObject\",\"inLanguage\":\"es\",\"@id\":\"https:\\\/\\\/pfeifenundzigarren.de\\\/#\\\/schema\\\/logo\\\/image\\\/\",\"url\":\"https:\\\/\\\/pfeifenundzigarren.de\\\/wp-content\\\/uploads\\\/2024\\\/09\\\/cropped-Luxury-and-Vintage-Ornamental-Coffee-Shop-Logo.png\",\"contentUrl\":\"https:\\\/\\\/pfeifenundzigarren.de\\\/wp-content\\\/uploads\\\/2024\\\/09\\\/cropped-Luxury-and-Vintage-Ornamental-Coffee-Shop-Logo.png\",\"width\":512,\"height\":512,\"caption\":\"Der beste Onlineshop f\u00fcr Pfeifen und Zigarrenzubeh\u00f6r in Deutschland\"},\"image\":{\"@id\":\"https:\\\/\\\/pfeifenundzigarren.de\\\/#\\\/schema\\\/logo\\\/image\\\/\"}}]}<\/script>\n<!-- \/ Yoast SEO Premium plugin. -->","yoast_head_json":{"title":"Exklusiver Pfeifenschrank aus Rosenholz f\u00fcr 48 Pfeifen - Der beste Onlineshop f\u00fcr Pfeifen und Zigarrenzubeh\u00f6r in Deutschland","robots":{"index":"index","follow":"follow","max-snippet":"max-snippet:-1","max-image-preview":"max-image-preview:large","max-video-preview":"max-video-preview:-1"},"canonical":"https:\/\/pfeifenundzigarren.de\/es\/Produkt\/exklusiver-pfeifenschrank-aus-rosenholz-fuer-48-pfeifen\/","og_locale":"es_ES","og_type":"article","og_title":"Exklusiver Pfeifenschrank aus Rosenholz f\u00fcr 48 Pfeifen","og_description":"Product Specifications Product Name: Rosewood 48-Pipe Cabinet Typ: \u00a0Pfeifenzubeh\u00f6r Material: Rosewood Dimensions: Height: 741mm Width: 458mm Depth: 249mm Capacity: Holds","og_url":"https:\/\/pfeifenundzigarren.de\/es\/Produkt\/exklusiver-pfeifenschrank-aus-rosenholz-fuer-48-pfeifen\/","og_site_name":"Der beste Onlineshop f\u00fcr Pfeifen und Zigarrenzubeh\u00f6r in Deutschland","article_modified_time":"2024-10-11T11:56:25+00:00","og_image":[{"width":800,"height":800,"url":"https:\/\/pfeifenundzigarren.de\/wp-content\/uploads\/2024\/10\/58.jpg","type":"image\/jpeg"}],"twitter_card":"summary_large_image","twitter_misc":{"Tiempo de lectura":"1 minuto"},"schema":{"@context":"https:\/\/schema.org","@graph":[{"@type":"WebPage","@id":"https:\/\/pfeifenundzigarren.de\/Produkt\/exklusiver-pfeifenschrank-aus-rosenholz-fuer-48-pfeifen\/","url":"https:\/\/pfeifenundzigarren.de\/Produkt\/exklusiver-pfeifenschrank-aus-rosenholz-fuer-48-pfeifen\/","name":"Exklusiver Pfeifenschrank aus Rosenholz f\u00fcr 48 Pfeifen - Der beste Onlineshop f\u00fcr Pfeifen und Zigarrenzubeh\u00f6r in Deutschland","isPartOf":{"@id":"https:\/\/pfeifenundzigarren.de\/#website"},"primaryImageOfPage":{"@id":"https:\/\/pfeifenundzigarren.de\/Produkt\/exklusiver-pfeifenschrank-aus-rosenholz-fuer-48-pfeifen\/#primaryimage"},"image":{"@id":"https:\/\/pfeifenundzigarren.de\/Produkt\/exklusiver-pfeifenschrank-aus-rosenholz-fuer-48-pfeifen\/#primaryimage"},"thumbnailUrl":"https:\/\/pfeifenundzigarren.de\/wp-content\/uploads\/2024\/10\/58.jpg","datePublished":"2024-10-11T08:49:39+00:00","dateModified":"2024-10-11T11:56:25+00:00","breadcrumb":{"@id":"https:\/\/pfeifenundzigarren.de\/Produkt\/exklusiver-pfeifenschrank-aus-rosenholz-fuer-48-pfeifen\/#breadcrumb"},"inLanguage":"es","potentialAction":[{"@type":"ReadAction","target":["https:\/\/pfeifenundzigarren.de\/Produkt\/exklusiver-pfeifenschrank-aus-rosenholz-fuer-48-pfeifen\/"]}]},{"@type":"ImageObject","inLanguage":"es","@id":"https:\/\/pfeifenundzigarren.de\/Produkt\/exklusiver-pfeifenschrank-aus-rosenholz-fuer-48-pfeifen\/#primaryimage","url":"https:\/\/pfeifenundzigarren.de\/wp-content\/uploads\/2024\/10\/58.jpg","contentUrl":"https:\/\/pfeifenundzigarren.de\/wp-content\/uploads\/2024\/10\/58.jpg","width":800,"height":800,"caption":"Exklusiver Pfeifenschrank aus Rosenholz f\u00fcr 48 Pfeifen"},{"@type":"BreadcrumbList","@id":"https:\/\/pfeifenundzigarren.de\/Produkt\/exklusiver-pfeifenschrank-aus-rosenholz-fuer-48-pfeifen\/#breadcrumb","itemListElement":[{"@type":"ListItem","position":1,"name":"Home","item":"https:\/\/pfeifenundzigarren.de\/"},{"@type":"ListItem","position":2,"name":"Shop","item":"https:\/\/pfeifenundzigarren.de\/shop\/"},{"@type":"ListItem","position":3,"name":"Exklusiver Pfeifenschrank aus Rosenholz f\u00fcr 48 Pfeifen"}]},{"@type":"WebSite","@id":"https:\/\/pfeifenundzigarren.de\/#website","url":"https:\/\/pfeifenundzigarren.de\/","name":"La mejor tienda en l\u00ednea de pipas y accesorios para puros de Alemania","description":"","publisher":{"@id":"https:\/\/pfeifenundzigarren.de\/#organization"},"potentialAction":[{"@type":"SearchAction","target":{"@type":"EntryPoint","urlTemplate":"https:\/\/pfeifenundzigarren.de\/?s={search_term_string}"},"query-input":{"@type":"PropertyValueSpecification","valueRequired":true,"valueName":"search_term_string"}}],"inLanguage":"es"},{"@type":"Organization","@id":"https:\/\/pfeifenundzigarren.de\/#organization","name":"La mejor tienda en l\u00ednea de pipas y accesorios para puros de Alemania","url":"https:\/\/pfeifenundzigarren.de\/","logo":{"@type":"ImageObject","inLanguage":"es","@id":"https:\/\/pfeifenundzigarren.de\/#\/schema\/logo\/image\/","url":"https:\/\/pfeifenundzigarren.de\/wp-content\/uploads\/2024\/09\/cropped-Luxury-and-Vintage-Ornamental-Coffee-Shop-Logo.png","contentUrl":"https:\/\/pfeifenundzigarren.de\/wp-content\/uploads\/2024\/09\/cropped-Luxury-and-Vintage-Ornamental-Coffee-Shop-Logo.png","width":512,"height":512,"caption":"Der beste Onlineshop f\u00fcr Pfeifen und Zigarrenzubeh\u00f6r in Deutschland"},"image":{"@id":"https:\/\/pfeifenundzigarren.de\/#\/schema\/logo\/image\/"}}]}},"_links":{"self":[{"href":"https:\/\/pfeifenundzigarren.de\/es\/wp-json\/wp\/v2\/product\/4964","targetHints":{"allow":["GET"]}}],"collection":[{"href":"https:\/\/pfeifenundzigarren.de\/es\/wp-json\/wp\/v2\/product"}],"about":[{"href":"https:\/\/pfeifenundzigarren.de\/es\/wp-json\/wp\/v2\/types\/product"}],"replies":[{"embeddable":true,"href":"https:\/\/pfeifenundzigarren.de\/es\/wp-json\/wp\/v2\/comments?post=4964"}],"version-history":[{"count":0,"href":"https:\/\/pfeifenundzigarren.de\/es\/wp-json\/wp\/v2\/product\/4964\/revisions"}],"wp:featuredmedia":[{"embeddable":true,"href":"https:\/\/pfeifenundzigarren.de\/es\/wp-json\/wp\/v2\/media\/4968"}],"wp:attachment":[{"href":"https:\/\/pfeifenundzigarren.de\/es\/wp-json\/wp\/v2\/media?parent=4964"}],"wp:term":[{"taxonomy":"product_brand","embeddable":true,"href":"https:\/\/pfeifenundzigarren.de\/es\/wp-json\/wp\/v2\/product_brand?post=4964"},{"taxonomy":"product_cat","embeddable":true,"href":"https:\/\/pfeifenundzigarren.de\/es\/wp-json\/wp\/v2\/product_cat?post=4964"},{"taxonomy":"product_tag","embeddable":true,"href":"https:\/\/pfeifenundzigarren.de\/es\/wp-json\/wp\/v2\/product_tag?post=4964"}],"curies":[{"name":"wp","href":"https:\/\/api.w.org\/{rel}","templated":true}]}}