{"id":4955,"date":"2024-10-09T14:06:19","date_gmt":"2024-10-09T12:06:19","guid":{"rendered":"https:\/\/pfeifenundzigarren.de\/?post_type=product&#038;p=4955"},"modified":"2026-02-06T01:16:56","modified_gmt":"2026-02-06T00:16:56","slug":"multifunktionaler-reise-zigarren-humidor","status":"publish","type":"product","link":"https:\/\/pfeifenundzigarren.de\/es\/Produkt\/multifunktionaler-reise-zigarren-humidor\/","title":{"rendered":"Humidificador de puros de viaje multifunci\u00f3n"},"content":{"rendered":"<p>En <strong>Humidor de madera de cedro<\/strong> es una soluci\u00f3n de almacenamiento de primera calidad para los amantes de los puros y ofrece espacio para entre 100 y 120 puros excepcionales.<\/p>\n<p>Para un almacenamiento \u00f3ptimo, el <strong>Madera de cedro<a href=\"https:\/\/pfeifenundzigarren.de\/es\/produktkategorie\/behaelter-zur-lagerung-von-zigarren\/zigarren-humidor\/\">Humidificador<\/a><\/strong> con separadores extra\u00edbles de madera de cedro. Esto le permite separar f\u00e1cilmente los puros cubanos de los que no lo son y evitar que los sabores se mezclen.<\/p>\n<p>Aunque la estructura interna de este<strong> Humidificadores de madera aut\u00e9ntica<\/strong> Aunque todos nuestros productos tienen ciertas cosas en com\u00fan, su singularidad reside en el incre\u00edblemente detallado trabajo de incrustaci\u00f3n en chapa de madera. Nuestros artesanos utilizan maderas raras te\u00f1idas y las pintan a mano con intrincados y complejos patrones geom\u00e9tricos y bellas texturas.<\/p>\n<p>Tambi\u00e9n hemos prestado especial atenci\u00f3n al dise\u00f1o para optimizar la retenci\u00f3n de la humedad. Un borde perfectamente encajado une el borde de la tapa con el cuerpo. Cuando la tapa se cierra suavemente, el borde sobresaliente de la tapa encaja completamente en la ranura de la base, formando una barrera. Este dise\u00f1o no s\u00f3lo impide la entrada de aire exterior, sino tambi\u00e9n la p\u00e9rdida de humedad en el interior.<\/p>\n<p>&nbsp;<\/p>\n<p>Tama\u00f1o: 230 * 127 * 60 mm<\/p>\n<p>Tama\u00f1o del embalaje: 230 * 145 * 80 mm<\/p>\n<p>Peso neto: 0,8 kg (sin encendedor ni cortapuros)<\/p>\n<p>Peso bruto: 0,9 kg<\/p>\n<p>Dimensiones exteriores: 470 x 430 x 470 mm<\/p>\n<p>Peso total de la caja: 20 kg<\/p>","protected":false},"excerpt":{"rendered":"<p>Der Zedernholz-Humidor ist eine Premium-Aufbewahrungsl\u00f6sung f\u00fcr Zigarrenliebhaber und bietet Platz f\u00fcr 100 bis 120 au\u00dfergew\u00f6hnliche Zigarren. F\u00fcr optimale Lagerung verf\u00fcgt<\/p>","protected":false},"featured_media":4962,"comment_status":"open","ping_status":"closed","template":"","meta":[],"product_brand":[],"product_cat":[78,764],"product_tag":[],"class_list":{"0":"post-4955","1":"product","2":"type-product","3":"status-publish","4":"has-post-thumbnail","6":"product_cat-zigarren-humidor","7":"product_cat-travel-humidor","9":"first","10":"instock","11":"sale","12":"shipping-taxable","13":"purchasable","14":"product-type-simple"},"yoast_head":"<!-- This site is optimized with the Yoast SEO Premium plugin v26.7 (Yoast SEO v27.4) - https:\/\/yoast.com\/product\/yoast-seo-premium-wordpress\/ -->\n<title>Multifunktionaler Reise-Zigarren-Humidor - Der beste Onlineshop f\u00fcr Pfeifen und Zigarrenzubeh\u00f6r in Deutschland<\/title>\n<meta name=\"robots\" content=\"index, follow, max-snippet:-1, max-image-preview:large, max-video-preview:-1\" \/>\n<link rel=\"canonical\" href=\"https:\/\/pfeifenundzigarren.de\/es\/Produkt\/multifunktionaler-reise-zigarren-humidor\/\" \/>\n<meta property=\"og:locale\" content=\"es_ES\" \/>\n<meta property=\"og:type\" content=\"article\" \/>\n<meta property=\"og:title\" content=\"Multifunktionaler Reise-Zigarren-Humidor\" \/>\n<meta property=\"og:description\" content=\"Der Zedernholz-Humidor ist eine Premium-Aufbewahrungsl\u00f6sung f\u00fcr Zigarrenliebhaber und bietet Platz f\u00fcr 100 bis 120 au\u00dfergew\u00f6hnliche Zigarren. F\u00fcr optimale Lagerung verf\u00fcgt\" \/>\n<meta property=\"og:url\" content=\"https:\/\/pfeifenundzigarren.de\/es\/Produkt\/multifunktionaler-reise-zigarren-humidor\/\" \/>\n<meta property=\"og:site_name\" content=\"Der beste Onlineshop f\u00fcr Pfeifen und Zigarrenzubeh\u00f6r in Deutschland\" \/>\n<meta property=\"article:modified_time\" content=\"2026-02-06T00:16:56+00:00\" \/>\n<meta property=\"og:image\" content=\"https:\/\/pfeifenundzigarren.de\/wp-content\/uploads\/2024\/10\/O1CN01v4rEeE1YbJSD8wmpV_3965223077-0-cib.jpg\" \/>\n\t<meta property=\"og:image:width\" content=\"800\" \/>\n\t<meta property=\"og:image:height\" content=\"800\" \/>\n\t<meta property=\"og:image:type\" content=\"image\/jpeg\" \/>\n<meta name=\"twitter:card\" content=\"summary_large_image\" \/>\n<meta name=\"twitter:label1\" content=\"Tiempo de lectura\" \/>\n\t<meta name=\"twitter:data1\" content=\"2 minutos\" \/>\n<script type=\"application\/ld+json\" class=\"yoast-schema-graph\">{\"@context\":\"https:\\\/\\\/schema.org\",\"@graph\":[{\"@type\":\"WebPage\",\"@id\":\"https:\\\/\\\/pfeifenundzigarren.de\\\/Produkt\\\/multifunktionaler-reise-zigarren-humidor\\\/\",\"url\":\"https:\\\/\\\/pfeifenundzigarren.de\\\/Produkt\\\/multifunktionaler-reise-zigarren-humidor\\\/\",\"name\":\"Multifunktionaler Reise-Zigarren-Humidor - Der beste Onlineshop f\u00fcr Pfeifen und Zigarrenzubeh\u00f6r in Deutschland\",\"isPartOf\":{\"@id\":\"https:\\\/\\\/pfeifenundzigarren.de\\\/#website\"},\"primaryImageOfPage\":{\"@id\":\"https:\\\/\\\/pfeifenundzigarren.de\\\/Produkt\\\/multifunktionaler-reise-zigarren-humidor\\\/#primaryimage\"},\"image\":{\"@id\":\"https:\\\/\\\/pfeifenundzigarren.de\\\/Produkt\\\/multifunktionaler-reise-zigarren-humidor\\\/#primaryimage\"},\"thumbnailUrl\":\"https:\\\/\\\/pfeifenundzigarren.de\\\/wp-content\\\/uploads\\\/2024\\\/10\\\/O1CN01v4rEeE1YbJSD8wmpV_3965223077-0-cib.jpg\",\"datePublished\":\"2024-10-09T12:06:19+00:00\",\"dateModified\":\"2026-02-06T00:16:56+00:00\",\"breadcrumb\":{\"@id\":\"https:\\\/\\\/pfeifenundzigarren.de\\\/Produkt\\\/multifunktionaler-reise-zigarren-humidor\\\/#breadcrumb\"},\"inLanguage\":\"es\",\"potentialAction\":[{\"@type\":\"ReadAction\",\"target\":[\"https:\\\/\\\/pfeifenundzigarren.de\\\/Produkt\\\/multifunktionaler-reise-zigarren-humidor\\\/\"]}]},{\"@type\":\"ImageObject\",\"inLanguage\":\"es\",\"@id\":\"https:\\\/\\\/pfeifenundzigarren.de\\\/Produkt\\\/multifunktionaler-reise-zigarren-humidor\\\/#primaryimage\",\"url\":\"https:\\\/\\\/pfeifenundzigarren.de\\\/wp-content\\\/uploads\\\/2024\\\/10\\\/O1CN01v4rEeE1YbJSD8wmpV_3965223077-0-cib.jpg\",\"contentUrl\":\"https:\\\/\\\/pfeifenundzigarren.de\\\/wp-content\\\/uploads\\\/2024\\\/10\\\/O1CN01v4rEeE1YbJSD8wmpV_3965223077-0-cib.jpg\",\"width\":800,\"height\":800,\"caption\":\"Multifunktionaler Reise-Zigarren-Humidor\"},{\"@type\":\"BreadcrumbList\",\"@id\":\"https:\\\/\\\/pfeifenundzigarren.de\\\/Produkt\\\/multifunktionaler-reise-zigarren-humidor\\\/#breadcrumb\",\"itemListElement\":[{\"@type\":\"ListItem\",\"position\":1,\"name\":\"Home\",\"item\":\"https:\\\/\\\/pfeifenundzigarren.de\\\/\"},{\"@type\":\"ListItem\",\"position\":2,\"name\":\"Shop\",\"item\":\"https:\\\/\\\/pfeifenundzigarren.de\\\/shop\\\/\"},{\"@type\":\"ListItem\",\"position\":3,\"name\":\"Multifunktionaler Reise-Zigarren-Humidor\"}]},{\"@type\":\"WebSite\",\"@id\":\"https:\\\/\\\/pfeifenundzigarren.de\\\/#website\",\"url\":\"https:\\\/\\\/pfeifenundzigarren.de\\\/\",\"name\":\"Der beste Onlineshop f\u00fcr Pfeifen und Zigarrenzubeh\u00f6r in Deutschland\",\"description\":\"\",\"publisher\":{\"@id\":\"https:\\\/\\\/pfeifenundzigarren.de\\\/#organization\"},\"potentialAction\":[{\"@type\":\"SearchAction\",\"target\":{\"@type\":\"EntryPoint\",\"urlTemplate\":\"https:\\\/\\\/pfeifenundzigarren.de\\\/?s={search_term_string}\"},\"query-input\":{\"@type\":\"PropertyValueSpecification\",\"valueRequired\":true,\"valueName\":\"search_term_string\"}}],\"inLanguage\":\"es\"},{\"@type\":\"Organization\",\"@id\":\"https:\\\/\\\/pfeifenundzigarren.de\\\/#organization\",\"name\":\"Der beste Onlineshop f\u00fcr Pfeifen und Zigarrenzubeh\u00f6r in Deutschland\",\"url\":\"https:\\\/\\\/pfeifenundzigarren.de\\\/\",\"logo\":{\"@type\":\"ImageObject\",\"inLanguage\":\"es\",\"@id\":\"https:\\\/\\\/pfeifenundzigarren.de\\\/#\\\/schema\\\/logo\\\/image\\\/\",\"url\":\"https:\\\/\\\/pfeifenundzigarren.de\\\/wp-content\\\/uploads\\\/2024\\\/09\\\/cropped-Luxury-and-Vintage-Ornamental-Coffee-Shop-Logo.png\",\"contentUrl\":\"https:\\\/\\\/pfeifenundzigarren.de\\\/wp-content\\\/uploads\\\/2024\\\/09\\\/cropped-Luxury-and-Vintage-Ornamental-Coffee-Shop-Logo.png\",\"width\":512,\"height\":512,\"caption\":\"Der beste Onlineshop f\u00fcr Pfeifen und Zigarrenzubeh\u00f6r in Deutschland\"},\"image\":{\"@id\":\"https:\\\/\\\/pfeifenundzigarren.de\\\/#\\\/schema\\\/logo\\\/image\\\/\"}}]}<\/script>\n<!-- \/ Yoast SEO Premium plugin. -->","yoast_head_json":{"title":"Multifunktionaler Reise-Zigarren-Humidor - Der beste Onlineshop f\u00fcr Pfeifen und Zigarrenzubeh\u00f6r in Deutschland","robots":{"index":"index","follow":"follow","max-snippet":"max-snippet:-1","max-image-preview":"max-image-preview:large","max-video-preview":"max-video-preview:-1"},"canonical":"https:\/\/pfeifenundzigarren.de\/es\/Produkt\/multifunktionaler-reise-zigarren-humidor\/","og_locale":"es_ES","og_type":"article","og_title":"Multifunktionaler Reise-Zigarren-Humidor","og_description":"Der Zedernholz-Humidor ist eine Premium-Aufbewahrungsl\u00f6sung f\u00fcr Zigarrenliebhaber und bietet Platz f\u00fcr 100 bis 120 au\u00dfergew\u00f6hnliche Zigarren. F\u00fcr optimale Lagerung verf\u00fcgt","og_url":"https:\/\/pfeifenundzigarren.de\/es\/Produkt\/multifunktionaler-reise-zigarren-humidor\/","og_site_name":"Der beste Onlineshop f\u00fcr Pfeifen und Zigarrenzubeh\u00f6r in Deutschland","article_modified_time":"2026-02-06T00:16:56+00:00","og_image":[{"width":800,"height":800,"url":"https:\/\/pfeifenundzigarren.de\/wp-content\/uploads\/2024\/10\/O1CN01v4rEeE1YbJSD8wmpV_3965223077-0-cib.jpg","type":"image\/jpeg"}],"twitter_card":"summary_large_image","twitter_misc":{"Tiempo de lectura":"2 minutos"},"schema":{"@context":"https:\/\/schema.org","@graph":[{"@type":"WebPage","@id":"https:\/\/pfeifenundzigarren.de\/Produkt\/multifunktionaler-reise-zigarren-humidor\/","url":"https:\/\/pfeifenundzigarren.de\/Produkt\/multifunktionaler-reise-zigarren-humidor\/","name":"Multifunktionaler Reise-Zigarren-Humidor - Der beste Onlineshop f\u00fcr Pfeifen und Zigarrenzubeh\u00f6r in Deutschland","isPartOf":{"@id":"https:\/\/pfeifenundzigarren.de\/#website"},"primaryImageOfPage":{"@id":"https:\/\/pfeifenundzigarren.de\/Produkt\/multifunktionaler-reise-zigarren-humidor\/#primaryimage"},"image":{"@id":"https:\/\/pfeifenundzigarren.de\/Produkt\/multifunktionaler-reise-zigarren-humidor\/#primaryimage"},"thumbnailUrl":"https:\/\/pfeifenundzigarren.de\/wp-content\/uploads\/2024\/10\/O1CN01v4rEeE1YbJSD8wmpV_3965223077-0-cib.jpg","datePublished":"2024-10-09T12:06:19+00:00","dateModified":"2026-02-06T00:16:56+00:00","breadcrumb":{"@id":"https:\/\/pfeifenundzigarren.de\/Produkt\/multifunktionaler-reise-zigarren-humidor\/#breadcrumb"},"inLanguage":"es","potentialAction":[{"@type":"ReadAction","target":["https:\/\/pfeifenundzigarren.de\/Produkt\/multifunktionaler-reise-zigarren-humidor\/"]}]},{"@type":"ImageObject","inLanguage":"es","@id":"https:\/\/pfeifenundzigarren.de\/Produkt\/multifunktionaler-reise-zigarren-humidor\/#primaryimage","url":"https:\/\/pfeifenundzigarren.de\/wp-content\/uploads\/2024\/10\/O1CN01v4rEeE1YbJSD8wmpV_3965223077-0-cib.jpg","contentUrl":"https:\/\/pfeifenundzigarren.de\/wp-content\/uploads\/2024\/10\/O1CN01v4rEeE1YbJSD8wmpV_3965223077-0-cib.jpg","width":800,"height":800,"caption":"Multifunktionaler Reise-Zigarren-Humidor"},{"@type":"BreadcrumbList","@id":"https:\/\/pfeifenundzigarren.de\/Produkt\/multifunktionaler-reise-zigarren-humidor\/#breadcrumb","itemListElement":[{"@type":"ListItem","position":1,"name":"Home","item":"https:\/\/pfeifenundzigarren.de\/"},{"@type":"ListItem","position":2,"name":"Shop","item":"https:\/\/pfeifenundzigarren.de\/shop\/"},{"@type":"ListItem","position":3,"name":"Multifunktionaler Reise-Zigarren-Humidor"}]},{"@type":"WebSite","@id":"https:\/\/pfeifenundzigarren.de\/#website","url":"https:\/\/pfeifenundzigarren.de\/","name":"La mejor tienda en l\u00ednea de pipas y accesorios para puros de Alemania","description":"","publisher":{"@id":"https:\/\/pfeifenundzigarren.de\/#organization"},"potentialAction":[{"@type":"SearchAction","target":{"@type":"EntryPoint","urlTemplate":"https:\/\/pfeifenundzigarren.de\/?s={search_term_string}"},"query-input":{"@type":"PropertyValueSpecification","valueRequired":true,"valueName":"search_term_string"}}],"inLanguage":"es"},{"@type":"Organization","@id":"https:\/\/pfeifenundzigarren.de\/#organization","name":"La mejor tienda en l\u00ednea de pipas y accesorios para puros de Alemania","url":"https:\/\/pfeifenundzigarren.de\/","logo":{"@type":"ImageObject","inLanguage":"es","@id":"https:\/\/pfeifenundzigarren.de\/#\/schema\/logo\/image\/","url":"https:\/\/pfeifenundzigarren.de\/wp-content\/uploads\/2024\/09\/cropped-Luxury-and-Vintage-Ornamental-Coffee-Shop-Logo.png","contentUrl":"https:\/\/pfeifenundzigarren.de\/wp-content\/uploads\/2024\/09\/cropped-Luxury-and-Vintage-Ornamental-Coffee-Shop-Logo.png","width":512,"height":512,"caption":"Der beste Onlineshop f\u00fcr Pfeifen und Zigarrenzubeh\u00f6r in Deutschland"},"image":{"@id":"https:\/\/pfeifenundzigarren.de\/#\/schema\/logo\/image\/"}}]}},"_links":{"self":[{"href":"https:\/\/pfeifenundzigarren.de\/es\/wp-json\/wp\/v2\/product\/4955","targetHints":{"allow":["GET"]}}],"collection":[{"href":"https:\/\/pfeifenundzigarren.de\/es\/wp-json\/wp\/v2\/product"}],"about":[{"href":"https:\/\/pfeifenundzigarren.de\/es\/wp-json\/wp\/v2\/types\/product"}],"replies":[{"embeddable":true,"href":"https:\/\/pfeifenundzigarren.de\/es\/wp-json\/wp\/v2\/comments?post=4955"}],"version-history":[{"count":0,"href":"https:\/\/pfeifenundzigarren.de\/es\/wp-json\/wp\/v2\/product\/4955\/revisions"}],"wp:featuredmedia":[{"embeddable":true,"href":"https:\/\/pfeifenundzigarren.de\/es\/wp-json\/wp\/v2\/media\/4962"}],"wp:attachment":[{"href":"https:\/\/pfeifenundzigarren.de\/es\/wp-json\/wp\/v2\/media?parent=4955"}],"wp:term":[{"taxonomy":"product_brand","embeddable":true,"href":"https:\/\/pfeifenundzigarren.de\/es\/wp-json\/wp\/v2\/product_brand?post=4955"},{"taxonomy":"product_cat","embeddable":true,"href":"https:\/\/pfeifenundzigarren.de\/es\/wp-json\/wp\/v2\/product_cat?post=4955"},{"taxonomy":"product_tag","embeddable":true,"href":"https:\/\/pfeifenundzigarren.de\/es\/wp-json\/wp\/v2\/product_tag?post=4955"}],"curies":[{"name":"wp","href":"https:\/\/api.w.org\/{rel}","templated":true}]}}