{"id":4904,"date":"2024-10-08T07:19:00","date_gmt":"2024-10-08T05:19:00","guid":{"rendered":"https:\/\/pfeifenundzigarren.de\/Produkt\/tragbarer-zigarren-humidor-mit-bock\/"},"modified":"2026-01-20T08:14:03","modified_gmt":"2026-01-20T07:14:03","slug":"tragbarer-zigarren-humidor-mit-bock","status":"publish","type":"product","link":"https:\/\/pfeifenundzigarren.de\/es\/Produkt\/tragbarer-zigarren-humidor-mit-bock\/","title":{"rendered":"Humidificador de puros port\u00e1til con soporte"},"content":{"rendered":"<div class=\"detailmodule_html\">\n<div class=\"detail-desc-decorate-richtext\">\n<div id=\"offer-template-0\">\n<div style=\", sans-serif;font-size: 14px; font-weight: 400; letter-spacing: normal; text-align: start; margin: 0px; padding: 0px;\" align=\"start\"><\/div>\n<p style=\"margin: 0px; width: 100%;\">Par\u00e1metros del producto:<br \/>\nPeso neto: 1254 g<br \/>\nPeso bruto: 1560 g<br \/>\nMaterial: cuero + madera<br \/>\nDimensiones interiores: 234 mm x 202 mm x 36 mm<br \/>\nDimensiones exteriores: 268 mm x 238 mm x 50 mm<br \/>\nTama\u00f1o de las ranuras: Todas las ranuras con un di\u00e1metro de anillo de 52 mm, longitud 190 mm (1 pieza), longitud 160 mm (1 pieza), longitud 156 mm (8 piezas)<\/p>\n<\/div>\n<div style=\"width: 790px;\">\n<div style=\"width: 760px\" class=\"wp-caption alignnone\"><img fetchpriority=\"high\" decoding=\"async\" style=\"width: 100%; height: auto;\" src=\"https:\/\/ae01.alicdn.com\/kf\/Sc8eebdab7e124bc7b6aa0527b22a4227c.jpg?width=750&amp;height=750&amp;hash=1500\" alt=\"Tragbarer Zigarren-Humidor mit Bock\" usemap=\"#_sdmap_1\" width=\"750\" height=\"750\" \/><p class=\"wp-caption-text\">Humidificador de puros port\u00e1til con soporte<\/p><\/div>\n<p><img decoding=\"async\" style=\"width: 100%; height: auto;\" src=\"https:\/\/ae01.alicdn.com\/kf\/Seaea114419944a2a9d8ef2f73db6786bI.jpg?width=750&amp;height=750&amp;hash=1500\" usemap=\"#_sdmap_2\" width=\"100%\" height=\"auto\" alt=\"\"> <img decoding=\"async\" style=\"width: 100%; height: auto;\" src=\"https:\/\/ae01.alicdn.com\/kf\/Se9a635c1c2ac4614943c7165a5f91b6aX.jpg?width=750&amp;height=750&amp;hash=1500\" usemap=\"#_sdmap_3\" width=\"100%\" height=\"auto\" alt=\"\"> <img decoding=\"async\" style=\"width: 100%; height: auto;\" src=\"https:\/\/ae01.alicdn.com\/kf\/S155f7010108b4591946438283633f5f3k.jpg?width=750&amp;height=750&amp;hash=1500\" usemap=\"#_sdmap_4\" width=\"100%\" height=\"auto\" alt=\"\"> <img decoding=\"async\" style=\"width: 100%; height: auto;\" src=\"https:\/\/ae01.alicdn.com\/kf\/S25f8028bc496498e89526637d1caa87cw.jpg?width=750&amp;height=750&amp;hash=1500\" usemap=\"#_sdmap_5\" width=\"100%\" height=\"auto\" alt=\"\"> <img decoding=\"async\" style=\"width: 100%; height: auto;\" src=\"https:\/\/ae01.alicdn.com\/kf\/S4ebeebc23d9543dba0c5148862dac4982.jpg?width=750&amp;height=750&amp;hash=1500\" usemap=\"#_sdmap_6\" width=\"100%\" height=\"auto\" alt=\"\"> <img decoding=\"async\" style=\"width: 100%; height: auto;\" src=\"https:\/\/ae01.alicdn.com\/kf\/S2c7d6d9fda1d41e9ae69e536c639d2b05.jpg?width=750&amp;height=750&amp;hash=1500\" usemap=\"#_sdmap_7\" width=\"100%\" height=\"auto\" alt=\"\"> <img decoding=\"async\" style=\"width: 100%; height: auto;\" src=\"https:\/\/ae01.alicdn.com\/kf\/S4564e4e5545249078387332756d4d447m.jpg\" usemap=\"#_sdmap_8\" width=\"100%\" height=\"auto\" alt=\"\"> <img decoding=\"async\" style=\"width: 100%; height: auto;\" src=\"https:\/\/ae01.alicdn.com\/kf\/S0c61bc34579f4627879c5477e490fee8X.jpg?width=750&amp;height=750&amp;hash=1500\" usemap=\"#_sdmap_9\" width=\"100%\" height=\"auto\" alt=\"\"> <img decoding=\"async\" style=\"width: 100%; height: auto;\" src=\"https:\/\/ae01.alicdn.com\/kf\/S9973bdd5738c436db12311efa95bcdecS.jpg?width=750&amp;height=750&amp;hash=1500\" usemap=\"#_sdmap_10\" width=\"100%\" height=\"auto\" alt=\"\"> <img decoding=\"async\" style=\"width: 100%; height: auto;\" src=\"https:\/\/ae01.alicdn.com\/kf\/Sb625bcab907e42629ad54174e8822465E.jpg?width=750&amp;height=750&amp;hash=1500\" usemap=\"#_sdmap_11\" width=\"100%\" height=\"auto\" alt=\"\"> <img decoding=\"async\" style=\"width: 100%; height: auto;\" src=\"https:\/\/ae01.alicdn.com\/kf\/S694e9b3fb4424113bf7950bb71360240G.jpg?width=750&amp;height=750&amp;hash=1500\" usemap=\"#_sdmap_12\" width=\"100%\" height=\"auto\" alt=\"\"><\/div>\n<p>&nbsp;<\/p>\n<\/div>\n<\/div>","protected":false},"excerpt":{"rendered":"<p>Par\u00e1metros del producto: Peso neto: 1254g Peso bruto: 1560g Material: Cuero + madera Tama\u00f1o interior: 234mm x 202mm x 36mm Tama\u00f1o exterior: 268mm x 238mm x<\/p>","protected":false},"featured_media":4910,"comment_status":"open","ping_status":"closed","template":"","meta":[],"product_brand":[],"product_cat":[764,78],"product_tag":[],"class_list":{"0":"post-4904","1":"product","2":"type-product","3":"status-publish","4":"has-post-thumbnail","6":"product_cat-travel-humidor","7":"product_cat-zigarren-humidor","9":"first","10":"instock","11":"sale","12":"shipping-taxable","13":"purchasable","14":"product-type-simple"},"yoast_head":"<!-- This site is optimized with the Yoast SEO Premium plugin v26.7 (Yoast SEO v27.4) - https:\/\/yoast.com\/product\/yoast-seo-premium-wordpress\/ -->\n<title>Tragbarer Zigarren-Humidor mit Bock - Der beste Onlineshop f\u00fcr Pfeifen und Zigarrenzubeh\u00f6r in Deutschland<\/title>\n<meta name=\"robots\" content=\"index, follow, max-snippet:-1, max-image-preview:large, max-video-preview:-1\" \/>\n<link rel=\"canonical\" href=\"https:\/\/lime-nightingale-562313.hostingersite.com\/Produkt\/tragbarer-zigarren-humidor-mit-bock\/\" \/>\n<meta property=\"og:locale\" content=\"es_ES\" \/>\n<meta property=\"og:type\" content=\"article\" \/>\n<meta property=\"og:title\" content=\"Tragbarer Zigarren-Humidor mit Bock\" \/>\n<meta property=\"og:description\" content=\"Produktparameter: Nettogewicht: 1254g Bruttogewicht: 1560g Material: Leder + Holz Innengr\u00f6\u00dfe: 234mm x 202mm x 36mm Au\u00dfengr\u00f6\u00dfe: 268mm x 238mm x\" \/>\n<meta property=\"og:url\" content=\"https:\/\/lime-nightingale-562313.hostingersite.com\/Produkt\/tragbarer-zigarren-humidor-mit-bock\/\" \/>\n<meta property=\"og:site_name\" content=\"Der beste Onlineshop f\u00fcr Pfeifen und Zigarrenzubeh\u00f6r in Deutschland\" \/>\n<meta property=\"article:modified_time\" content=\"2026-01-20T07:14:03+00:00\" \/>\n<meta property=\"og:image\" content=\"https:\/\/lime-nightingale-562313.hostingersite.com\/wp-content\/uploads\/2024\/10\/kf-S02d7bf61924845058531090d2dbb14f5G.webp\" \/>\n\t<meta property=\"og:image:width\" content=\"800\" \/>\n\t<meta property=\"og:image:height\" content=\"800\" \/>\n\t<meta property=\"og:image:type\" content=\"image\/webp\" \/>\n<meta name=\"twitter:card\" content=\"summary_large_image\" \/>\n<script type=\"application\/ld+json\" class=\"yoast-schema-graph\">{\"@context\":\"https:\\\/\\\/schema.org\",\"@graph\":[{\"@type\":\"WebPage\",\"@id\":\"https:\\\/\\\/lime-nightingale-562313.hostingersite.com\\\/Produkt\\\/tragbarer-zigarren-humidor-mit-bock\\\/\",\"url\":\"https:\\\/\\\/lime-nightingale-562313.hostingersite.com\\\/Produkt\\\/tragbarer-zigarren-humidor-mit-bock\\\/\",\"name\":\"Tragbarer Zigarren-Humidor mit Bock - Der beste Onlineshop f\u00fcr Pfeifen und Zigarrenzubeh\u00f6r in Deutschland\",\"isPartOf\":{\"@id\":\"https:\\\/\\\/pfeifenundzigarren.de\\\/#website\"},\"primaryImageOfPage\":{\"@id\":\"https:\\\/\\\/lime-nightingale-562313.hostingersite.com\\\/Produkt\\\/tragbarer-zigarren-humidor-mit-bock\\\/#primaryimage\"},\"image\":{\"@id\":\"https:\\\/\\\/lime-nightingale-562313.hostingersite.com\\\/Produkt\\\/tragbarer-zigarren-humidor-mit-bock\\\/#primaryimage\"},\"thumbnailUrl\":\"https:\\\/\\\/pfeifenundzigarren.de\\\/wp-content\\\/uploads\\\/2024\\\/10\\\/kf-S02d7bf61924845058531090d2dbb14f5G.webp\",\"datePublished\":\"2024-10-08T05:19:00+00:00\",\"dateModified\":\"2026-01-20T07:14:03+00:00\",\"breadcrumb\":{\"@id\":\"https:\\\/\\\/lime-nightingale-562313.hostingersite.com\\\/Produkt\\\/tragbarer-zigarren-humidor-mit-bock\\\/#breadcrumb\"},\"inLanguage\":\"es\",\"potentialAction\":[{\"@type\":\"ReadAction\",\"target\":[\"https:\\\/\\\/lime-nightingale-562313.hostingersite.com\\\/Produkt\\\/tragbarer-zigarren-humidor-mit-bock\\\/\"]}]},{\"@type\":\"ImageObject\",\"inLanguage\":\"es\",\"@id\":\"https:\\\/\\\/lime-nightingale-562313.hostingersite.com\\\/Produkt\\\/tragbarer-zigarren-humidor-mit-bock\\\/#primaryimage\",\"url\":\"https:\\\/\\\/pfeifenundzigarren.de\\\/wp-content\\\/uploads\\\/2024\\\/10\\\/kf-S02d7bf61924845058531090d2dbb14f5G.webp\",\"contentUrl\":\"https:\\\/\\\/pfeifenundzigarren.de\\\/wp-content\\\/uploads\\\/2024\\\/10\\\/kf-S02d7bf61924845058531090d2dbb14f5G.webp\",\"width\":800,\"height\":800,\"caption\":\"Tragbarer Zigarren-Humidor mit Bock\"},{\"@type\":\"BreadcrumbList\",\"@id\":\"https:\\\/\\\/lime-nightingale-562313.hostingersite.com\\\/Produkt\\\/tragbarer-zigarren-humidor-mit-bock\\\/#breadcrumb\",\"itemListElement\":[{\"@type\":\"ListItem\",\"position\":1,\"name\":\"Home\",\"item\":\"https:\\\/\\\/pfeifenundzigarren.de\\\/\"},{\"@type\":\"ListItem\",\"position\":2,\"name\":\"Shop\",\"item\":\"https:\\\/\\\/pfeifenundzigarren.de\\\/shop\\\/\"},{\"@type\":\"ListItem\",\"position\":3,\"name\":\"Tragbarer Zigarren-Humidor mit Bock\"}]},{\"@type\":\"WebSite\",\"@id\":\"https:\\\/\\\/pfeifenundzigarren.de\\\/#website\",\"url\":\"https:\\\/\\\/pfeifenundzigarren.de\\\/\",\"name\":\"Der beste Onlineshop f\u00fcr Pfeifen und Zigarrenzubeh\u00f6r in Deutschland\",\"description\":\"\",\"publisher\":{\"@id\":\"https:\\\/\\\/pfeifenundzigarren.de\\\/#organization\"},\"potentialAction\":[{\"@type\":\"SearchAction\",\"target\":{\"@type\":\"EntryPoint\",\"urlTemplate\":\"https:\\\/\\\/pfeifenundzigarren.de\\\/?s={search_term_string}\"},\"query-input\":{\"@type\":\"PropertyValueSpecification\",\"valueRequired\":true,\"valueName\":\"search_term_string\"}}],\"inLanguage\":\"es\"},{\"@type\":\"Organization\",\"@id\":\"https:\\\/\\\/pfeifenundzigarren.de\\\/#organization\",\"name\":\"Der beste Onlineshop f\u00fcr Pfeifen und Zigarrenzubeh\u00f6r in Deutschland\",\"url\":\"https:\\\/\\\/pfeifenundzigarren.de\\\/\",\"logo\":{\"@type\":\"ImageObject\",\"inLanguage\":\"es\",\"@id\":\"https:\\\/\\\/pfeifenundzigarren.de\\\/#\\\/schema\\\/logo\\\/image\\\/\",\"url\":\"https:\\\/\\\/pfeifenundzigarren.de\\\/wp-content\\\/uploads\\\/2024\\\/09\\\/cropped-Luxury-and-Vintage-Ornamental-Coffee-Shop-Logo.png\",\"contentUrl\":\"https:\\\/\\\/pfeifenundzigarren.de\\\/wp-content\\\/uploads\\\/2024\\\/09\\\/cropped-Luxury-and-Vintage-Ornamental-Coffee-Shop-Logo.png\",\"width\":512,\"height\":512,\"caption\":\"Der beste Onlineshop f\u00fcr Pfeifen und Zigarrenzubeh\u00f6r in Deutschland\"},\"image\":{\"@id\":\"https:\\\/\\\/pfeifenundzigarren.de\\\/#\\\/schema\\\/logo\\\/image\\\/\"}}]}<\/script>\n<!-- \/ Yoast SEO Premium plugin. -->","yoast_head_json":{"title":"Tragbarer Zigarren-Humidor mit Bock - Der beste Onlineshop f\u00fcr Pfeifen und Zigarrenzubeh\u00f6r in Deutschland","robots":{"index":"index","follow":"follow","max-snippet":"max-snippet:-1","max-image-preview":"max-image-preview:large","max-video-preview":"max-video-preview:-1"},"canonical":"https:\/\/lime-nightingale-562313.hostingersite.com\/Produkt\/tragbarer-zigarren-humidor-mit-bock\/","og_locale":"es_ES","og_type":"article","og_title":"Tragbarer Zigarren-Humidor mit Bock","og_description":"Produktparameter: Nettogewicht: 1254g Bruttogewicht: 1560g Material: Leder + Holz Innengr\u00f6\u00dfe: 234mm x 202mm x 36mm Au\u00dfengr\u00f6\u00dfe: 268mm x 238mm x","og_url":"https:\/\/lime-nightingale-562313.hostingersite.com\/Produkt\/tragbarer-zigarren-humidor-mit-bock\/","og_site_name":"Der beste Onlineshop f\u00fcr Pfeifen und Zigarrenzubeh\u00f6r in Deutschland","article_modified_time":"2026-01-20T07:14:03+00:00","og_image":[{"width":800,"height":800,"url":"https:\/\/lime-nightingale-562313.hostingersite.com\/wp-content\/uploads\/2024\/10\/kf-S02d7bf61924845058531090d2dbb14f5G.webp","type":"image\/webp"}],"twitter_card":"summary_large_image","schema":{"@context":"https:\/\/schema.org","@graph":[{"@type":"WebPage","@id":"https:\/\/lime-nightingale-562313.hostingersite.com\/Produkt\/tragbarer-zigarren-humidor-mit-bock\/","url":"https:\/\/lime-nightingale-562313.hostingersite.com\/Produkt\/tragbarer-zigarren-humidor-mit-bock\/","name":"Tragbarer Zigarren-Humidor mit Bock - Der beste Onlineshop f\u00fcr Pfeifen und Zigarrenzubeh\u00f6r in Deutschland","isPartOf":{"@id":"https:\/\/pfeifenundzigarren.de\/#website"},"primaryImageOfPage":{"@id":"https:\/\/lime-nightingale-562313.hostingersite.com\/Produkt\/tragbarer-zigarren-humidor-mit-bock\/#primaryimage"},"image":{"@id":"https:\/\/lime-nightingale-562313.hostingersite.com\/Produkt\/tragbarer-zigarren-humidor-mit-bock\/#primaryimage"},"thumbnailUrl":"https:\/\/pfeifenundzigarren.de\/wp-content\/uploads\/2024\/10\/kf-S02d7bf61924845058531090d2dbb14f5G.webp","datePublished":"2024-10-08T05:19:00+00:00","dateModified":"2026-01-20T07:14:03+00:00","breadcrumb":{"@id":"https:\/\/lime-nightingale-562313.hostingersite.com\/Produkt\/tragbarer-zigarren-humidor-mit-bock\/#breadcrumb"},"inLanguage":"es","potentialAction":[{"@type":"ReadAction","target":["https:\/\/lime-nightingale-562313.hostingersite.com\/Produkt\/tragbarer-zigarren-humidor-mit-bock\/"]}]},{"@type":"ImageObject","inLanguage":"es","@id":"https:\/\/lime-nightingale-562313.hostingersite.com\/Produkt\/tragbarer-zigarren-humidor-mit-bock\/#primaryimage","url":"https:\/\/pfeifenundzigarren.de\/wp-content\/uploads\/2024\/10\/kf-S02d7bf61924845058531090d2dbb14f5G.webp","contentUrl":"https:\/\/pfeifenundzigarren.de\/wp-content\/uploads\/2024\/10\/kf-S02d7bf61924845058531090d2dbb14f5G.webp","width":800,"height":800,"caption":"Tragbarer Zigarren-Humidor mit Bock"},{"@type":"BreadcrumbList","@id":"https:\/\/lime-nightingale-562313.hostingersite.com\/Produkt\/tragbarer-zigarren-humidor-mit-bock\/#breadcrumb","itemListElement":[{"@type":"ListItem","position":1,"name":"Home","item":"https:\/\/pfeifenundzigarren.de\/"},{"@type":"ListItem","position":2,"name":"Shop","item":"https:\/\/pfeifenundzigarren.de\/shop\/"},{"@type":"ListItem","position":3,"name":"Tragbarer Zigarren-Humidor mit Bock"}]},{"@type":"WebSite","@id":"https:\/\/pfeifenundzigarren.de\/#website","url":"https:\/\/pfeifenundzigarren.de\/","name":"La mejor tienda en l\u00ednea de pipas y accesorios para puros de Alemania","description":"","publisher":{"@id":"https:\/\/pfeifenundzigarren.de\/#organization"},"potentialAction":[{"@type":"SearchAction","target":{"@type":"EntryPoint","urlTemplate":"https:\/\/pfeifenundzigarren.de\/?s={search_term_string}"},"query-input":{"@type":"PropertyValueSpecification","valueRequired":true,"valueName":"search_term_string"}}],"inLanguage":"es"},{"@type":"Organization","@id":"https:\/\/pfeifenundzigarren.de\/#organization","name":"La mejor tienda en l\u00ednea de pipas y accesorios para puros de Alemania","url":"https:\/\/pfeifenundzigarren.de\/","logo":{"@type":"ImageObject","inLanguage":"es","@id":"https:\/\/pfeifenundzigarren.de\/#\/schema\/logo\/image\/","url":"https:\/\/pfeifenundzigarren.de\/wp-content\/uploads\/2024\/09\/cropped-Luxury-and-Vintage-Ornamental-Coffee-Shop-Logo.png","contentUrl":"https:\/\/pfeifenundzigarren.de\/wp-content\/uploads\/2024\/09\/cropped-Luxury-and-Vintage-Ornamental-Coffee-Shop-Logo.png","width":512,"height":512,"caption":"Der beste Onlineshop f\u00fcr Pfeifen und Zigarrenzubeh\u00f6r in Deutschland"},"image":{"@id":"https:\/\/pfeifenundzigarren.de\/#\/schema\/logo\/image\/"}}]}},"_links":{"self":[{"href":"https:\/\/pfeifenundzigarren.de\/es\/wp-json\/wp\/v2\/product\/4904","targetHints":{"allow":["GET"]}}],"collection":[{"href":"https:\/\/pfeifenundzigarren.de\/es\/wp-json\/wp\/v2\/product"}],"about":[{"href":"https:\/\/pfeifenundzigarren.de\/es\/wp-json\/wp\/v2\/types\/product"}],"replies":[{"embeddable":true,"href":"https:\/\/pfeifenundzigarren.de\/es\/wp-json\/wp\/v2\/comments?post=4904"}],"version-history":[{"count":0,"href":"https:\/\/pfeifenundzigarren.de\/es\/wp-json\/wp\/v2\/product\/4904\/revisions"}],"wp:featuredmedia":[{"embeddable":true,"href":"https:\/\/pfeifenundzigarren.de\/es\/wp-json\/wp\/v2\/media\/4910"}],"wp:attachment":[{"href":"https:\/\/pfeifenundzigarren.de\/es\/wp-json\/wp\/v2\/media?parent=4904"}],"wp:term":[{"taxonomy":"product_brand","embeddable":true,"href":"https:\/\/pfeifenundzigarren.de\/es\/wp-json\/wp\/v2\/product_brand?post=4904"},{"taxonomy":"product_cat","embeddable":true,"href":"https:\/\/pfeifenundzigarren.de\/es\/wp-json\/wp\/v2\/product_cat?post=4904"},{"taxonomy":"product_tag","embeddable":true,"href":"https:\/\/pfeifenundzigarren.de\/es\/wp-json\/wp\/v2\/product_tag?post=4904"}],"curies":[{"name":"wp","href":"https:\/\/api.w.org\/{rel}","templated":true}]}}