{"id":4871,"date":"2024-10-08T07:07:34","date_gmt":"2024-10-08T05:07:34","guid":{"rendered":"https:\/\/pfeifenundzigarren.de\/Produkt\/stand-up-humidor\/"},"modified":"2026-01-20T08:15:48","modified_gmt":"2026-01-20T07:15:48","slug":"stand-up-humidor","status":"publish","type":"product","link":"https:\/\/pfeifenundzigarren.de\/es\/Produkt\/stand-up-humidor\/","title":{"rendered":"Humidificador de pie"},"content":{"rendered":"<ul class=\"a-unordered-list a-vertical a-spacing-mini\" style=\", arial, sans-serif;font-size: 14px; font-weight: 400; letter-spacing: normal; text-align: start; margin: 0px 0px 0px 18px; padding: 0px 0px 0px 0em; padding-bottom: 0px; padding-top: 0px; padding-right: 0px;\">\n<li style=\"margin: 0px;\">\u2605 Humidor de puros extensible \u25ba Ofrecemos el \u00fanico humidor de puros con <strong>Humidificador de pie\u00a0<\/strong>del mercado. La parte superior del humidor de puros se abre tirando, lo que hace que el <a href=\"https:\/\/pfeifenundzigarren.de\/es\/produktkategorie\/zigarren-zubehoer\/zigarren-humidor\/\">humidor tradicional clamshell<\/a> ha cambiado. En comparaci\u00f3n con el m\u00e9todo tradicional de concha, el m\u00e9todo de extracci\u00f3n reduce eficazmente la p\u00e9rdida de humedad que se produce cada vez que se abre el humidor de puros, y el sellado es mejor.\u2605 Dise\u00f1o de ventana de cristal \u25ba Ventana de cristal vertical con 12 compartimentos para puros en el interior, cada cigarro se puede ver de un vistazo. Si desea insertar m\u00e1s cigarros, puede quitar la ranura de tarjeta m\u00f3vil en el interior y almacenar m\u00e1s cigarros. Nota: Como expositor, puede almacenar 12 puros (longitud inferior a 6 pulgadas, di\u00e1metro de anilla inferior a 60). Para el almacenamiento horizontal, retire el divisor y almacenar 20-25 cigarros (cigarros con una longitud de 7,2 pulgadas o menos son aceptables).\u2605Digital higr\u00f3metro y barra de humidificaci\u00f3n \u25baClear, esta es la forma m\u00e1s precisa para controlar el humidor y garantizar un sabor adecuado. Equipado con una barra de humidificaci\u00f3n especial, el sistema de humidificaci\u00f3n puede ajustar perfectamente su humedad relativa en el rango de 65 % a 70 %.\n<p>\u2605Cedro espa\u00f1ol \u25baCada pieza de tablero de madera est\u00e1 hecha de cedro espa\u00f1ol genuino, nunca utilice madera laminada de chapa inferior. Cada una de nuestras tablas resistir\u00e1 su minucioso escrutinio. Las tablas de madera maciza de cedro conservan el olor a humo que te gusta.<\/p>\n<p>\u2605Servicio de atenci\u00f3n al cliente \u25baCada producto ha sido sometido a rigurosas pruebas. Cada tabla est\u00e1 hecha de aut\u00e9ntica madera de cedro espa\u00f1ol. Si tiene alg\u00fan problema con el higr\u00f3metro, p\u00f3ngase en contacto con nosotros. Se lo cambiaremos gratuitamente en el plazo de un a\u00f1o.<\/li>\n<\/ul>\n<p><img decoding=\"async\" src=\"https:\/\/ae01.alicdn.com\/kf\/H640fae155adc47e5b3d14d55294ae82bZ.jpg\" alt=\"\"><img decoding=\"async\" src=\"https:\/\/ae01.alicdn.com\/kf\/H8c07d02da91941b9a3e857a6b11a21ddR.jpg\" alt=\"\"><img decoding=\"async\" src=\"https:\/\/ae01.alicdn.com\/kf\/Haeade2921ed14e849988ded127aa14bdX.jpg\" alt=\"\"><img decoding=\"async\" src=\"https:\/\/ae01.alicdn.com\/kf\/Hf5fce852491e4ef0b84fe5c85f168041w.jpg\" alt=\"\"><img decoding=\"async\" src=\"https:\/\/ae01.alicdn.com\/kf\/Hb60094b2f06d40db9a1a29b6ca222f0fm.jpg\" alt=\"\"><img decoding=\"async\" src=\"https:\/\/ae01.alicdn.com\/kf\/H3604f7c4f7054aeea39a24173f803dbb5.jpg\" alt=\"\"><img decoding=\"async\" src=\"https:\/\/ae01.alicdn.com\/kf\/H2b1b9bab6db048028601606926577281g.jpg\" alt=\"\"><img decoding=\"async\" src=\"https:\/\/ae01.alicdn.com\/kf\/H5d8784476a824c18a69994f79c9560e1Q.jpg\" alt=\"\"><img decoding=\"async\" src=\"https:\/\/ae01.alicdn.com\/kf\/H020fd174c57a4574a137235751857372t.jpg\" alt=\"\"><\/p>\n<p><img decoding=\"async\" src=\"https:\/\/ae01.alicdn.com\/kf\/Hb11ede703a144af68798f43f4c6e8c7ce.jpg\" alt=\"\"><\/p>\n<p><img decoding=\"async\" src=\"https:\/\/ae01.alicdn.com\/kf\/H2b1b9bab6db048028601606926577281g.jpg\" alt=\"\"><\/p>\n<p><img decoding=\"async\" src=\"https:\/\/ae01.alicdn.com\/kf\/H2e3abc9985674c4592b409faa8a52cbaT.jpg\" alt=\"\"><\/p>\n<p><img decoding=\"async\" src=\"https:\/\/ae01.alicdn.com\/kf\/Hda6a38d8fef24955be3f8b99a895868dq.jpg\" alt=\"\"><\/p>","protected":false},"excerpt":{"rendered":"<p>\u2605 Humidor de puros extra\u00edble \u25ba Ofrecemos el \u00fanico humidor de pie del mercado. La parte superior del humidor de puros se puede abrir tirando de<\/p>","protected":false},"featured_media":4872,"comment_status":"open","ping_status":"closed","template":"","meta":[],"product_brand":[],"product_cat":[764,78],"product_tag":[],"class_list":{"0":"post-4871","1":"product","2":"type-product","3":"status-publish","4":"has-post-thumbnail","6":"product_cat-travel-humidor","7":"product_cat-zigarren-humidor","9":"first","10":"instock","11":"sale","12":"shipping-taxable","13":"purchasable","14":"product-type-variable","15":"wvs-archive-product-wrapper"},"yoast_head":"<!-- This site is optimized with the Yoast SEO Premium plugin v26.7 (Yoast SEO v27.4) - https:\/\/yoast.com\/product\/yoast-seo-premium-wordpress\/ -->\n<title>Stand Up Humidor - Der beste Onlineshop f\u00fcr Pfeifen und Zigarrenzubeh\u00f6r in Deutschland<\/title>\n<meta name=\"robots\" content=\"index, follow, max-snippet:-1, max-image-preview:large, max-video-preview:-1\" \/>\n<link rel=\"canonical\" href=\"https:\/\/lime-nightingale-562313.hostingersite.com\/Produkt\/stand-up-humidor\/\" \/>\n<meta property=\"og:locale\" content=\"es_ES\" \/>\n<meta property=\"og:type\" content=\"article\" \/>\n<meta property=\"og:title\" content=\"Stand Up Humidor\" \/>\n<meta property=\"og:description\" content=\"\u2605 Ausziehbarer Zigarrenhumidor \u25ba Wir bieten den einzigen Stand Up Humidor\u00a0auf dem Markt. Die Oberseite des Zigarrenhumidors wird durch Ziehen\" \/>\n<meta property=\"og:url\" content=\"https:\/\/lime-nightingale-562313.hostingersite.com\/Produkt\/stand-up-humidor\/\" \/>\n<meta property=\"og:site_name\" content=\"Der beste Onlineshop f\u00fcr Pfeifen und Zigarrenzubeh\u00f6r in Deutschland\" \/>\n<meta property=\"article:modified_time\" content=\"2026-01-20T07:15:48+00:00\" \/>\n<meta property=\"og:image\" content=\"https:\/\/lime-nightingale-562313.hostingersite.com\/wp-content\/uploads\/2024\/10\/kf-H640fae155adc47e5b3d14d55294ae82bZ.webp\" \/>\n\t<meta property=\"og:image:width\" content=\"1100\" \/>\n\t<meta property=\"og:image:height\" content=\"1100\" \/>\n\t<meta property=\"og:image:type\" content=\"image\/webp\" \/>\n<meta name=\"twitter:card\" content=\"summary_large_image\" \/>\n<meta name=\"twitter:label1\" content=\"Tiempo de lectura\" \/>\n\t<meta name=\"twitter:data1\" content=\"1 minuto\" \/>\n<script type=\"application\/ld+json\" class=\"yoast-schema-graph\">{\"@context\":\"https:\\\/\\\/schema.org\",\"@graph\":[{\"@type\":\"WebPage\",\"@id\":\"https:\\\/\\\/lime-nightingale-562313.hostingersite.com\\\/Produkt\\\/stand-up-humidor\\\/\",\"url\":\"https:\\\/\\\/lime-nightingale-562313.hostingersite.com\\\/Produkt\\\/stand-up-humidor\\\/\",\"name\":\"Stand Up Humidor - Der beste Onlineshop f\u00fcr Pfeifen und Zigarrenzubeh\u00f6r in Deutschland\",\"isPartOf\":{\"@id\":\"https:\\\/\\\/pfeifenundzigarren.de\\\/#website\"},\"primaryImageOfPage\":{\"@id\":\"https:\\\/\\\/lime-nightingale-562313.hostingersite.com\\\/Produkt\\\/stand-up-humidor\\\/#primaryimage\"},\"image\":{\"@id\":\"https:\\\/\\\/lime-nightingale-562313.hostingersite.com\\\/Produkt\\\/stand-up-humidor\\\/#primaryimage\"},\"thumbnailUrl\":\"https:\\\/\\\/pfeifenundzigarren.de\\\/wp-content\\\/uploads\\\/2024\\\/10\\\/kf-H640fae155adc47e5b3d14d55294ae82bZ.webp\",\"datePublished\":\"2024-10-08T05:07:34+00:00\",\"dateModified\":\"2026-01-20T07:15:48+00:00\",\"breadcrumb\":{\"@id\":\"https:\\\/\\\/lime-nightingale-562313.hostingersite.com\\\/Produkt\\\/stand-up-humidor\\\/#breadcrumb\"},\"inLanguage\":\"es\",\"potentialAction\":[{\"@type\":\"ReadAction\",\"target\":[\"https:\\\/\\\/lime-nightingale-562313.hostingersite.com\\\/Produkt\\\/stand-up-humidor\\\/\"]}]},{\"@type\":\"ImageObject\",\"inLanguage\":\"es\",\"@id\":\"https:\\\/\\\/lime-nightingale-562313.hostingersite.com\\\/Produkt\\\/stand-up-humidor\\\/#primaryimage\",\"url\":\"https:\\\/\\\/pfeifenundzigarren.de\\\/wp-content\\\/uploads\\\/2024\\\/10\\\/kf-H640fae155adc47e5b3d14d55294ae82bZ.webp\",\"contentUrl\":\"https:\\\/\\\/pfeifenundzigarren.de\\\/wp-content\\\/uploads\\\/2024\\\/10\\\/kf-H640fae155adc47e5b3d14d55294ae82bZ.webp\",\"width\":1100,\"height\":1100,\"caption\":\"Stand Up Humidor\"},{\"@type\":\"BreadcrumbList\",\"@id\":\"https:\\\/\\\/lime-nightingale-562313.hostingersite.com\\\/Produkt\\\/stand-up-humidor\\\/#breadcrumb\",\"itemListElement\":[{\"@type\":\"ListItem\",\"position\":1,\"name\":\"Home\",\"item\":\"https:\\\/\\\/pfeifenundzigarren.de\\\/\"},{\"@type\":\"ListItem\",\"position\":2,\"name\":\"Shop\",\"item\":\"https:\\\/\\\/pfeifenundzigarren.de\\\/shop\\\/\"},{\"@type\":\"ListItem\",\"position\":3,\"name\":\"Stand Up Humidor\"}]},{\"@type\":\"WebSite\",\"@id\":\"https:\\\/\\\/pfeifenundzigarren.de\\\/#website\",\"url\":\"https:\\\/\\\/pfeifenundzigarren.de\\\/\",\"name\":\"Der beste Onlineshop f\u00fcr Pfeifen und Zigarrenzubeh\u00f6r in Deutschland\",\"description\":\"\",\"publisher\":{\"@id\":\"https:\\\/\\\/pfeifenundzigarren.de\\\/#organization\"},\"potentialAction\":[{\"@type\":\"SearchAction\",\"target\":{\"@type\":\"EntryPoint\",\"urlTemplate\":\"https:\\\/\\\/pfeifenundzigarren.de\\\/?s={search_term_string}\"},\"query-input\":{\"@type\":\"PropertyValueSpecification\",\"valueRequired\":true,\"valueName\":\"search_term_string\"}}],\"inLanguage\":\"es\"},{\"@type\":\"Organization\",\"@id\":\"https:\\\/\\\/pfeifenundzigarren.de\\\/#organization\",\"name\":\"Der beste Onlineshop f\u00fcr Pfeifen und Zigarrenzubeh\u00f6r in Deutschland\",\"url\":\"https:\\\/\\\/pfeifenundzigarren.de\\\/\",\"logo\":{\"@type\":\"ImageObject\",\"inLanguage\":\"es\",\"@id\":\"https:\\\/\\\/pfeifenundzigarren.de\\\/#\\\/schema\\\/logo\\\/image\\\/\",\"url\":\"https:\\\/\\\/pfeifenundzigarren.de\\\/wp-content\\\/uploads\\\/2024\\\/09\\\/cropped-Luxury-and-Vintage-Ornamental-Coffee-Shop-Logo.png\",\"contentUrl\":\"https:\\\/\\\/pfeifenundzigarren.de\\\/wp-content\\\/uploads\\\/2024\\\/09\\\/cropped-Luxury-and-Vintage-Ornamental-Coffee-Shop-Logo.png\",\"width\":512,\"height\":512,\"caption\":\"Der beste Onlineshop f\u00fcr Pfeifen und Zigarrenzubeh\u00f6r in Deutschland\"},\"image\":{\"@id\":\"https:\\\/\\\/pfeifenundzigarren.de\\\/#\\\/schema\\\/logo\\\/image\\\/\"}}]}<\/script>\n<!-- \/ Yoast SEO Premium plugin. -->","yoast_head_json":{"title":"Stand Up Humidor - Der beste Onlineshop f\u00fcr Pfeifen und Zigarrenzubeh\u00f6r in Deutschland","robots":{"index":"index","follow":"follow","max-snippet":"max-snippet:-1","max-image-preview":"max-image-preview:large","max-video-preview":"max-video-preview:-1"},"canonical":"https:\/\/lime-nightingale-562313.hostingersite.com\/Produkt\/stand-up-humidor\/","og_locale":"es_ES","og_type":"article","og_title":"Stand Up Humidor","og_description":"\u2605 Ausziehbarer Zigarrenhumidor \u25ba Wir bieten den einzigen Stand Up Humidor\u00a0auf dem Markt. Die Oberseite des Zigarrenhumidors wird durch Ziehen","og_url":"https:\/\/lime-nightingale-562313.hostingersite.com\/Produkt\/stand-up-humidor\/","og_site_name":"Der beste Onlineshop f\u00fcr Pfeifen und Zigarrenzubeh\u00f6r in Deutschland","article_modified_time":"2026-01-20T07:15:48+00:00","og_image":[{"width":1100,"height":1100,"url":"https:\/\/lime-nightingale-562313.hostingersite.com\/wp-content\/uploads\/2024\/10\/kf-H640fae155adc47e5b3d14d55294ae82bZ.webp","type":"image\/webp"}],"twitter_card":"summary_large_image","twitter_misc":{"Tiempo de lectura":"1 minuto"},"schema":{"@context":"https:\/\/schema.org","@graph":[{"@type":"WebPage","@id":"https:\/\/lime-nightingale-562313.hostingersite.com\/Produkt\/stand-up-humidor\/","url":"https:\/\/lime-nightingale-562313.hostingersite.com\/Produkt\/stand-up-humidor\/","name":"Stand Up Humidor - Der beste Onlineshop f\u00fcr Pfeifen und Zigarrenzubeh\u00f6r in Deutschland","isPartOf":{"@id":"https:\/\/pfeifenundzigarren.de\/#website"},"primaryImageOfPage":{"@id":"https:\/\/lime-nightingale-562313.hostingersite.com\/Produkt\/stand-up-humidor\/#primaryimage"},"image":{"@id":"https:\/\/lime-nightingale-562313.hostingersite.com\/Produkt\/stand-up-humidor\/#primaryimage"},"thumbnailUrl":"https:\/\/pfeifenundzigarren.de\/wp-content\/uploads\/2024\/10\/kf-H640fae155adc47e5b3d14d55294ae82bZ.webp","datePublished":"2024-10-08T05:07:34+00:00","dateModified":"2026-01-20T07:15:48+00:00","breadcrumb":{"@id":"https:\/\/lime-nightingale-562313.hostingersite.com\/Produkt\/stand-up-humidor\/#breadcrumb"},"inLanguage":"es","potentialAction":[{"@type":"ReadAction","target":["https:\/\/lime-nightingale-562313.hostingersite.com\/Produkt\/stand-up-humidor\/"]}]},{"@type":"ImageObject","inLanguage":"es","@id":"https:\/\/lime-nightingale-562313.hostingersite.com\/Produkt\/stand-up-humidor\/#primaryimage","url":"https:\/\/pfeifenundzigarren.de\/wp-content\/uploads\/2024\/10\/kf-H640fae155adc47e5b3d14d55294ae82bZ.webp","contentUrl":"https:\/\/pfeifenundzigarren.de\/wp-content\/uploads\/2024\/10\/kf-H640fae155adc47e5b3d14d55294ae82bZ.webp","width":1100,"height":1100,"caption":"Stand Up Humidor"},{"@type":"BreadcrumbList","@id":"https:\/\/lime-nightingale-562313.hostingersite.com\/Produkt\/stand-up-humidor\/#breadcrumb","itemListElement":[{"@type":"ListItem","position":1,"name":"Home","item":"https:\/\/pfeifenundzigarren.de\/"},{"@type":"ListItem","position":2,"name":"Shop","item":"https:\/\/pfeifenundzigarren.de\/shop\/"},{"@type":"ListItem","position":3,"name":"Stand Up Humidor"}]},{"@type":"WebSite","@id":"https:\/\/pfeifenundzigarren.de\/#website","url":"https:\/\/pfeifenundzigarren.de\/","name":"La mejor tienda en l\u00ednea de pipas y accesorios para puros de Alemania","description":"","publisher":{"@id":"https:\/\/pfeifenundzigarren.de\/#organization"},"potentialAction":[{"@type":"SearchAction","target":{"@type":"EntryPoint","urlTemplate":"https:\/\/pfeifenundzigarren.de\/?s={search_term_string}"},"query-input":{"@type":"PropertyValueSpecification","valueRequired":true,"valueName":"search_term_string"}}],"inLanguage":"es"},{"@type":"Organization","@id":"https:\/\/pfeifenundzigarren.de\/#organization","name":"La mejor tienda en l\u00ednea de pipas y accesorios para puros de Alemania","url":"https:\/\/pfeifenundzigarren.de\/","logo":{"@type":"ImageObject","inLanguage":"es","@id":"https:\/\/pfeifenundzigarren.de\/#\/schema\/logo\/image\/","url":"https:\/\/pfeifenundzigarren.de\/wp-content\/uploads\/2024\/09\/cropped-Luxury-and-Vintage-Ornamental-Coffee-Shop-Logo.png","contentUrl":"https:\/\/pfeifenundzigarren.de\/wp-content\/uploads\/2024\/09\/cropped-Luxury-and-Vintage-Ornamental-Coffee-Shop-Logo.png","width":512,"height":512,"caption":"Der beste Onlineshop f\u00fcr Pfeifen und Zigarrenzubeh\u00f6r in Deutschland"},"image":{"@id":"https:\/\/pfeifenundzigarren.de\/#\/schema\/logo\/image\/"}}]}},"_links":{"self":[{"href":"https:\/\/pfeifenundzigarren.de\/es\/wp-json\/wp\/v2\/product\/4871","targetHints":{"allow":["GET"]}}],"collection":[{"href":"https:\/\/pfeifenundzigarren.de\/es\/wp-json\/wp\/v2\/product"}],"about":[{"href":"https:\/\/pfeifenundzigarren.de\/es\/wp-json\/wp\/v2\/types\/product"}],"replies":[{"embeddable":true,"href":"https:\/\/pfeifenundzigarren.de\/es\/wp-json\/wp\/v2\/comments?post=4871"}],"version-history":[{"count":0,"href":"https:\/\/pfeifenundzigarren.de\/es\/wp-json\/wp\/v2\/product\/4871\/revisions"}],"wp:featuredmedia":[{"embeddable":true,"href":"https:\/\/pfeifenundzigarren.de\/es\/wp-json\/wp\/v2\/media\/4872"}],"wp:attachment":[{"href":"https:\/\/pfeifenundzigarren.de\/es\/wp-json\/wp\/v2\/media?parent=4871"}],"wp:term":[{"taxonomy":"product_brand","embeddable":true,"href":"https:\/\/pfeifenundzigarren.de\/es\/wp-json\/wp\/v2\/product_brand?post=4871"},{"taxonomy":"product_cat","embeddable":true,"href":"https:\/\/pfeifenundzigarren.de\/es\/wp-json\/wp\/v2\/product_cat?post=4871"},{"taxonomy":"product_tag","embeddable":true,"href":"https:\/\/pfeifenundzigarren.de\/es\/wp-json\/wp\/v2\/product_tag?post=4871"}],"curies":[{"name":"wp","href":"https:\/\/api.w.org\/{rel}","templated":true}]}}