{"id":4860,"date":"2024-10-08T07:06:24","date_gmt":"2024-10-08T05:06:24","guid":{"rendered":"https:\/\/pfeifenundzigarren.de\/Produkt\/einsteiger-humidor\/"},"modified":"2026-01-20T08:15:48","modified_gmt":"2026-01-20T07:15:48","slug":"einsteiger-humidor","status":"publish","type":"product","link":"https:\/\/pfeifenundzigarren.de\/es\/Produkt\/einsteiger-humidor\/","title":{"rendered":"Humidificador para principiantes"},"content":{"rendered":"<div class=\"detailmodule_html\">\n<div class=\"detail-desc-decorate-richtext\">\n<p>Par\u00e1metros del producto:<br \/>\nMaterial del producto: Piel<br \/>\nCapacidad: Aproximadamente 10 puros<br \/>\nEmbalaje del producto: Caja de cart\u00f3n<br \/>\nPeso neto: 0,57 kg (1,25 LB)<br \/>\nPeso bruto: 0,65 kg (1,43 LB)<br \/>\nTama\u00f1o del embalaje: 8,66 x 6,29 x 3,93 pulgadas<br \/>\nTama\u00f1o del producto: 8,26 x 5,31 x 3,74 pulgadas<\/p>\n<p>Humidificaci\u00f3n estable<br \/>\nHumidificador incorporado, a\u00f1ada l\u00edquido humidificador o agua destilada para humidificar su puro.<\/p>\n<p>Cremallera met\u00e1lica<br \/>\nCremallera con herrajes estructurados, resistente y duradera, color brillante, detalles de alta calidad que subrayan la calidad del producto.<\/p>\n<p>Forrado de madera de cedro<br \/>\nLa madera de cedro espa\u00f1ol del humidor suaviza el fuerte sabor del puro y lo hace m\u00e1s suave y terso.<\/p>\n<p style=\"font-family: 'TT Norms Pro', 'Open Sans', Roboto, Arial, Helvetica, sans-serif, SimSun; font-size: 14px; font-weight: 400; letter-spacing: normal; line-height: inherit; text-align: start; white-space: normal; color: #222222; margin: 0px; padding: 0px; box-sizing: border-box;\" align=\"start\"><img decoding=\"async\" src=\"https:\/\/ae01.alicdn.com\/kf\/S0c3b7d1d554740b185b2419c0d0e98250.jpg\" alt=\"\"><img decoding=\"async\" src=\"https:\/\/ae01.alicdn.com\/kf\/S939d7b244a1c4fe49c4bd2ff0cf72646I.jpg\" alt=\"\"><img decoding=\"async\" src=\"https:\/\/ae01.alicdn.com\/kf\/Sf45b372b65fa40fbaa64d778948214a2p.jpg\" alt=\"\"><img decoding=\"async\" src=\"https:\/\/ae01.alicdn.com\/kf\/Sd585bf10525049bbba5b19fd6cc99669m.jpg\" alt=\"\"><img decoding=\"async\" src=\"https:\/\/ae01.alicdn.com\/kf\/S7d789e1fa8fa4066b903053b35e72c072.jpg\" alt=\"\"><img decoding=\"async\" src=\"https:\/\/ae01.alicdn.com\/kf\/Sf24b1b5463bd46ddac6ea8f930f1cbafD.jpg\" alt=\"\"><\/p>\n<\/div>\n<\/div>\n<p>&nbsp;<\/p>","protected":false},"excerpt":{"rendered":"<p>Par\u00e1metros del producto: Material del producto: cuero Capacidad: aproximadamente 10 puros Embalaje del producto: cart\u00f3n Peso neto: 0,57 kg (1,25 LB) Peso bruto: 0,65 kg (1,43 LB) Tama\u00f1o del paquete:<\/p>","protected":false},"featured_media":4861,"comment_status":"open","ping_status":"closed","template":"","meta":[],"product_brand":[],"product_cat":[764,78],"product_tag":[],"class_list":{"0":"post-4860","1":"product","2":"type-product","3":"status-publish","4":"has-post-thumbnail","6":"product_cat-travel-humidor","7":"product_cat-zigarren-humidor","9":"first","10":"instock","11":"sale","12":"shipping-taxable","13":"purchasable","14":"product-type-variable","15":"wvs-archive-product-wrapper"},"yoast_head":"<!-- This site is optimized with the Yoast SEO Premium plugin v26.7 (Yoast SEO v27.4) - https:\/\/yoast.com\/product\/yoast-seo-premium-wordpress\/ -->\n<title>Einsteiger Humidor - Der beste Onlineshop f\u00fcr Pfeifen und Zigarrenzubeh\u00f6r in Deutschland<\/title>\n<meta name=\"robots\" content=\"index, follow, max-snippet:-1, max-image-preview:large, max-video-preview:-1\" \/>\n<link rel=\"canonical\" href=\"https:\/\/lime-nightingale-562313.hostingersite.com\/Produkt\/einsteiger-humidor\/\" \/>\n<meta property=\"og:locale\" content=\"es_ES\" \/>\n<meta property=\"og:type\" content=\"article\" \/>\n<meta property=\"og:title\" content=\"Einsteiger Humidor\" \/>\n<meta property=\"og:description\" content=\"Produktparameter: Produktmaterial: Leder Kapazit\u00e4t: Ungef\u00e4hr 10 Zigarren Produktverpackung: Karton Nettogewicht: 0,57 kg (1,25 LB) Bruttogewicht: 0,65 kg (1,43 LB) Verpackungsgr\u00f6\u00dfe:\" \/>\n<meta property=\"og:url\" content=\"https:\/\/lime-nightingale-562313.hostingersite.com\/Produkt\/einsteiger-humidor\/\" \/>\n<meta property=\"og:site_name\" content=\"Der beste Onlineshop f\u00fcr Pfeifen und Zigarrenzubeh\u00f6r in Deutschland\" \/>\n<meta property=\"article:modified_time\" content=\"2026-01-20T07:15:48+00:00\" \/>\n<meta property=\"og:image\" content=\"https:\/\/lime-nightingale-562313.hostingersite.com\/wp-content\/uploads\/2024\/10\/kf-Sc8c5f703edb549729be252900e62fd1ex-Portable-Cigar-Case-Leather-Humidor-Cedar-Wood-Lined-With-Humidifier-Fit-10pcs-Cigar-Cigars-Accessories-Box.webp\" \/>\n\t<meta property=\"og:image:width\" content=\"1000\" \/>\n\t<meta property=\"og:image:height\" content=\"1000\" \/>\n\t<meta property=\"og:image:type\" content=\"image\/webp\" \/>\n<meta name=\"twitter:card\" content=\"summary_large_image\" \/>\n<script type=\"application\/ld+json\" class=\"yoast-schema-graph\">{\"@context\":\"https:\\\/\\\/schema.org\",\"@graph\":[{\"@type\":\"WebPage\",\"@id\":\"https:\\\/\\\/lime-nightingale-562313.hostingersite.com\\\/Produkt\\\/einsteiger-humidor\\\/\",\"url\":\"https:\\\/\\\/lime-nightingale-562313.hostingersite.com\\\/Produkt\\\/einsteiger-humidor\\\/\",\"name\":\"Einsteiger Humidor - Der beste Onlineshop f\u00fcr Pfeifen und Zigarrenzubeh\u00f6r in Deutschland\",\"isPartOf\":{\"@id\":\"https:\\\/\\\/pfeifenundzigarren.de\\\/#website\"},\"primaryImageOfPage\":{\"@id\":\"https:\\\/\\\/lime-nightingale-562313.hostingersite.com\\\/Produkt\\\/einsteiger-humidor\\\/#primaryimage\"},\"image\":{\"@id\":\"https:\\\/\\\/lime-nightingale-562313.hostingersite.com\\\/Produkt\\\/einsteiger-humidor\\\/#primaryimage\"},\"thumbnailUrl\":\"https:\\\/\\\/pfeifenundzigarren.de\\\/wp-content\\\/uploads\\\/2024\\\/10\\\/kf-Sc8c5f703edb549729be252900e62fd1ex-Portable-Cigar-Case-Leather-Humidor-Cedar-Wood-Lined-With-Humidifier-Fit-10pcs-Cigar-Cigars-Accessories-Box.webp\",\"datePublished\":\"2024-10-08T05:06:24+00:00\",\"dateModified\":\"2026-01-20T07:15:48+00:00\",\"breadcrumb\":{\"@id\":\"https:\\\/\\\/lime-nightingale-562313.hostingersite.com\\\/Produkt\\\/einsteiger-humidor\\\/#breadcrumb\"},\"inLanguage\":\"es\",\"potentialAction\":[{\"@type\":\"ReadAction\",\"target\":[\"https:\\\/\\\/lime-nightingale-562313.hostingersite.com\\\/Produkt\\\/einsteiger-humidor\\\/\"]}]},{\"@type\":\"ImageObject\",\"inLanguage\":\"es\",\"@id\":\"https:\\\/\\\/lime-nightingale-562313.hostingersite.com\\\/Produkt\\\/einsteiger-humidor\\\/#primaryimage\",\"url\":\"https:\\\/\\\/pfeifenundzigarren.de\\\/wp-content\\\/uploads\\\/2024\\\/10\\\/kf-Sc8c5f703edb549729be252900e62fd1ex-Portable-Cigar-Case-Leather-Humidor-Cedar-Wood-Lined-With-Humidifier-Fit-10pcs-Cigar-Cigars-Accessories-Box.webp\",\"contentUrl\":\"https:\\\/\\\/pfeifenundzigarren.de\\\/wp-content\\\/uploads\\\/2024\\\/10\\\/kf-Sc8c5f703edb549729be252900e62fd1ex-Portable-Cigar-Case-Leather-Humidor-Cedar-Wood-Lined-With-Humidifier-Fit-10pcs-Cigar-Cigars-Accessories-Box.webp\",\"width\":1000,\"height\":1000,\"caption\":\"Einsteiger Humidor\"},{\"@type\":\"BreadcrumbList\",\"@id\":\"https:\\\/\\\/lime-nightingale-562313.hostingersite.com\\\/Produkt\\\/einsteiger-humidor\\\/#breadcrumb\",\"itemListElement\":[{\"@type\":\"ListItem\",\"position\":1,\"name\":\"Home\",\"item\":\"https:\\\/\\\/pfeifenundzigarren.de\\\/\"},{\"@type\":\"ListItem\",\"position\":2,\"name\":\"Shop\",\"item\":\"https:\\\/\\\/pfeifenundzigarren.de\\\/shop\\\/\"},{\"@type\":\"ListItem\",\"position\":3,\"name\":\"Einsteiger Humidor\"}]},{\"@type\":\"WebSite\",\"@id\":\"https:\\\/\\\/pfeifenundzigarren.de\\\/#website\",\"url\":\"https:\\\/\\\/pfeifenundzigarren.de\\\/\",\"name\":\"Der beste Onlineshop f\u00fcr Pfeifen und Zigarrenzubeh\u00f6r in Deutschland\",\"description\":\"\",\"publisher\":{\"@id\":\"https:\\\/\\\/pfeifenundzigarren.de\\\/#organization\"},\"potentialAction\":[{\"@type\":\"SearchAction\",\"target\":{\"@type\":\"EntryPoint\",\"urlTemplate\":\"https:\\\/\\\/pfeifenundzigarren.de\\\/?s={search_term_string}\"},\"query-input\":{\"@type\":\"PropertyValueSpecification\",\"valueRequired\":true,\"valueName\":\"search_term_string\"}}],\"inLanguage\":\"es\"},{\"@type\":\"Organization\",\"@id\":\"https:\\\/\\\/pfeifenundzigarren.de\\\/#organization\",\"name\":\"Der beste Onlineshop f\u00fcr Pfeifen und Zigarrenzubeh\u00f6r in Deutschland\",\"url\":\"https:\\\/\\\/pfeifenundzigarren.de\\\/\",\"logo\":{\"@type\":\"ImageObject\",\"inLanguage\":\"es\",\"@id\":\"https:\\\/\\\/pfeifenundzigarren.de\\\/#\\\/schema\\\/logo\\\/image\\\/\",\"url\":\"https:\\\/\\\/pfeifenundzigarren.de\\\/wp-content\\\/uploads\\\/2024\\\/09\\\/cropped-Luxury-and-Vintage-Ornamental-Coffee-Shop-Logo.png\",\"contentUrl\":\"https:\\\/\\\/pfeifenundzigarren.de\\\/wp-content\\\/uploads\\\/2024\\\/09\\\/cropped-Luxury-and-Vintage-Ornamental-Coffee-Shop-Logo.png\",\"width\":512,\"height\":512,\"caption\":\"Der beste Onlineshop f\u00fcr Pfeifen und Zigarrenzubeh\u00f6r in Deutschland\"},\"image\":{\"@id\":\"https:\\\/\\\/pfeifenundzigarren.de\\\/#\\\/schema\\\/logo\\\/image\\\/\"}}]}<\/script>\n<!-- \/ Yoast SEO Premium plugin. -->","yoast_head_json":{"title":"Einsteiger Humidor - Der beste Onlineshop f\u00fcr Pfeifen und Zigarrenzubeh\u00f6r in Deutschland","robots":{"index":"index","follow":"follow","max-snippet":"max-snippet:-1","max-image-preview":"max-image-preview:large","max-video-preview":"max-video-preview:-1"},"canonical":"https:\/\/lime-nightingale-562313.hostingersite.com\/Produkt\/einsteiger-humidor\/","og_locale":"es_ES","og_type":"article","og_title":"Einsteiger Humidor","og_description":"Produktparameter: Produktmaterial: Leder Kapazit\u00e4t: Ungef\u00e4hr 10 Zigarren Produktverpackung: Karton Nettogewicht: 0,57 kg (1,25 LB) Bruttogewicht: 0,65 kg (1,43 LB) Verpackungsgr\u00f6\u00dfe:","og_url":"https:\/\/lime-nightingale-562313.hostingersite.com\/Produkt\/einsteiger-humidor\/","og_site_name":"Der beste Onlineshop f\u00fcr Pfeifen und Zigarrenzubeh\u00f6r in Deutschland","article_modified_time":"2026-01-20T07:15:48+00:00","og_image":[{"width":1000,"height":1000,"url":"https:\/\/lime-nightingale-562313.hostingersite.com\/wp-content\/uploads\/2024\/10\/kf-Sc8c5f703edb549729be252900e62fd1ex-Portable-Cigar-Case-Leather-Humidor-Cedar-Wood-Lined-With-Humidifier-Fit-10pcs-Cigar-Cigars-Accessories-Box.webp","type":"image\/webp"}],"twitter_card":"summary_large_image","schema":{"@context":"https:\/\/schema.org","@graph":[{"@type":"WebPage","@id":"https:\/\/lime-nightingale-562313.hostingersite.com\/Produkt\/einsteiger-humidor\/","url":"https:\/\/lime-nightingale-562313.hostingersite.com\/Produkt\/einsteiger-humidor\/","name":"Einsteiger Humidor - Der beste Onlineshop f\u00fcr Pfeifen und Zigarrenzubeh\u00f6r in Deutschland","isPartOf":{"@id":"https:\/\/pfeifenundzigarren.de\/#website"},"primaryImageOfPage":{"@id":"https:\/\/lime-nightingale-562313.hostingersite.com\/Produkt\/einsteiger-humidor\/#primaryimage"},"image":{"@id":"https:\/\/lime-nightingale-562313.hostingersite.com\/Produkt\/einsteiger-humidor\/#primaryimage"},"thumbnailUrl":"https:\/\/pfeifenundzigarren.de\/wp-content\/uploads\/2024\/10\/kf-Sc8c5f703edb549729be252900e62fd1ex-Portable-Cigar-Case-Leather-Humidor-Cedar-Wood-Lined-With-Humidifier-Fit-10pcs-Cigar-Cigars-Accessories-Box.webp","datePublished":"2024-10-08T05:06:24+00:00","dateModified":"2026-01-20T07:15:48+00:00","breadcrumb":{"@id":"https:\/\/lime-nightingale-562313.hostingersite.com\/Produkt\/einsteiger-humidor\/#breadcrumb"},"inLanguage":"es","potentialAction":[{"@type":"ReadAction","target":["https:\/\/lime-nightingale-562313.hostingersite.com\/Produkt\/einsteiger-humidor\/"]}]},{"@type":"ImageObject","inLanguage":"es","@id":"https:\/\/lime-nightingale-562313.hostingersite.com\/Produkt\/einsteiger-humidor\/#primaryimage","url":"https:\/\/pfeifenundzigarren.de\/wp-content\/uploads\/2024\/10\/kf-Sc8c5f703edb549729be252900e62fd1ex-Portable-Cigar-Case-Leather-Humidor-Cedar-Wood-Lined-With-Humidifier-Fit-10pcs-Cigar-Cigars-Accessories-Box.webp","contentUrl":"https:\/\/pfeifenundzigarren.de\/wp-content\/uploads\/2024\/10\/kf-Sc8c5f703edb549729be252900e62fd1ex-Portable-Cigar-Case-Leather-Humidor-Cedar-Wood-Lined-With-Humidifier-Fit-10pcs-Cigar-Cigars-Accessories-Box.webp","width":1000,"height":1000,"caption":"Einsteiger Humidor"},{"@type":"BreadcrumbList","@id":"https:\/\/lime-nightingale-562313.hostingersite.com\/Produkt\/einsteiger-humidor\/#breadcrumb","itemListElement":[{"@type":"ListItem","position":1,"name":"Home","item":"https:\/\/pfeifenundzigarren.de\/"},{"@type":"ListItem","position":2,"name":"Shop","item":"https:\/\/pfeifenundzigarren.de\/shop\/"},{"@type":"ListItem","position":3,"name":"Einsteiger Humidor"}]},{"@type":"WebSite","@id":"https:\/\/pfeifenundzigarren.de\/#website","url":"https:\/\/pfeifenundzigarren.de\/","name":"La mejor tienda en l\u00ednea de pipas y accesorios para puros de Alemania","description":"","publisher":{"@id":"https:\/\/pfeifenundzigarren.de\/#organization"},"potentialAction":[{"@type":"SearchAction","target":{"@type":"EntryPoint","urlTemplate":"https:\/\/pfeifenundzigarren.de\/?s={search_term_string}"},"query-input":{"@type":"PropertyValueSpecification","valueRequired":true,"valueName":"search_term_string"}}],"inLanguage":"es"},{"@type":"Organization","@id":"https:\/\/pfeifenundzigarren.de\/#organization","name":"La mejor tienda en l\u00ednea de pipas y accesorios para puros de Alemania","url":"https:\/\/pfeifenundzigarren.de\/","logo":{"@type":"ImageObject","inLanguage":"es","@id":"https:\/\/pfeifenundzigarren.de\/#\/schema\/logo\/image\/","url":"https:\/\/pfeifenundzigarren.de\/wp-content\/uploads\/2024\/09\/cropped-Luxury-and-Vintage-Ornamental-Coffee-Shop-Logo.png","contentUrl":"https:\/\/pfeifenundzigarren.de\/wp-content\/uploads\/2024\/09\/cropped-Luxury-and-Vintage-Ornamental-Coffee-Shop-Logo.png","width":512,"height":512,"caption":"Der beste Onlineshop f\u00fcr Pfeifen und Zigarrenzubeh\u00f6r in Deutschland"},"image":{"@id":"https:\/\/pfeifenundzigarren.de\/#\/schema\/logo\/image\/"}}]}},"_links":{"self":[{"href":"https:\/\/pfeifenundzigarren.de\/es\/wp-json\/wp\/v2\/product\/4860","targetHints":{"allow":["GET"]}}],"collection":[{"href":"https:\/\/pfeifenundzigarren.de\/es\/wp-json\/wp\/v2\/product"}],"about":[{"href":"https:\/\/pfeifenundzigarren.de\/es\/wp-json\/wp\/v2\/types\/product"}],"replies":[{"embeddable":true,"href":"https:\/\/pfeifenundzigarren.de\/es\/wp-json\/wp\/v2\/comments?post=4860"}],"version-history":[{"count":0,"href":"https:\/\/pfeifenundzigarren.de\/es\/wp-json\/wp\/v2\/product\/4860\/revisions"}],"wp:featuredmedia":[{"embeddable":true,"href":"https:\/\/pfeifenundzigarren.de\/es\/wp-json\/wp\/v2\/media\/4861"}],"wp:attachment":[{"href":"https:\/\/pfeifenundzigarren.de\/es\/wp-json\/wp\/v2\/media?parent=4860"}],"wp:term":[{"taxonomy":"product_brand","embeddable":true,"href":"https:\/\/pfeifenundzigarren.de\/es\/wp-json\/wp\/v2\/product_brand?post=4860"},{"taxonomy":"product_cat","embeddable":true,"href":"https:\/\/pfeifenundzigarren.de\/es\/wp-json\/wp\/v2\/product_cat?post=4860"},{"taxonomy":"product_tag","embeddable":true,"href":"https:\/\/pfeifenundzigarren.de\/es\/wp-json\/wp\/v2\/product_tag?post=4860"}],"curies":[{"name":"wp","href":"https:\/\/api.w.org\/{rel}","templated":true}]}}