{"id":4813,"date":"2024-10-08T03:38:13","date_gmt":"2024-10-08T01:38:13","guid":{"rendered":"https:\/\/pfeifenundzigarren.de\/Produkt\/custom-humidor-boxes\/"},"modified":"2026-01-20T08:15:50","modified_gmt":"2026-01-20T07:15:50","slug":"custom-humidor-boxes","status":"publish","type":"product","link":"https:\/\/pfeifenundzigarren.de\/es\/Produkt\/custom-humidor-boxes\/","title":{"rendered":"Cajas humidor personalizadas"},"content":{"rendered":"<div class=\"product-specs-list-container\">\n<ul class=\"product-specs-list util-clearfix\">\n<li class=\"product-prop line-limit-length\">\n<ul>\n<li><strong>Nombre del producto<\/strong>Humidificador<\/li>\n<li><strong>Material<\/strong>Madera de cedro<\/li>\n<li><strong>Capacidad<\/strong>Aproximadamente 20 puros<\/li>\n<li><strong>Peso neto<\/strong>: 1,15 kg<\/li>\n<li><strong>Peso bruto<\/strong>: 1,30 kg<\/li>\n<li><strong>Tama\u00f1o del envase<\/strong>26,5 cm x 22,5 cm x 13 cm (10,43 x 8,85 x 5,11 pulgadas)<\/li>\n<li><strong>Dimensiones del humidor<\/strong>:\n<ul>\n<li>Longitud: 23,5 cm (9,25 pulgadas)<\/li>\n<li>Anchura: 18,5 cm (7,28 pulgadas)<\/li>\n<li>Altura: 8,5 cm (3,34 pulgadas)<\/li>\n<\/ul>\n<\/li>\n<\/ul>\n<h3>Otras caracter\u00edsticas:<\/h3>\n<ul>\n<li><strong>Higr\u00f3metro<\/strong>Este set de humidor personalizado incluye un term\u00f3metro y un higr\u00f3metro electr\u00f3nicos externos para controlar las condiciones ambientales del humidor. <a href=\"https:\/\/pfeifenundzigarren.de\/es\/produktkategorie\/zigarren-zubehoer\/zigarren-humidor\/\">Humidificador<\/a>.<\/li>\n<li><strong>Almacenamiento de los puros<\/strong>El material del interior del<strong> Cajas humidor personalizadas<\/strong> neutraliza el olor del puro y hace que el sabor sea m\u00e1s fino y suave.<\/li>\n<li><strong>Bisagras met\u00e1licas<\/strong>Robustas bisagras met\u00e1licas con rodamientos de bolas de acero incorporados que pueden abrirse f\u00e1cilmente hasta un \u00e1ngulo de 90\u00b0.<\/li>\n<li><strong>Humidificador<\/strong>Se utiliza para a\u00f1adir l\u00edquido humidificador de puros o agua destilada para mantener la humedad en el humidor cuando falta humedad.<\/li>\n<li><strong>Laca para piano<\/strong>Laca respetuosa con el medio ambiente que ha sido pulida mediante el proceso de lacado piano. La superficie es dura y resistente al desgaste.<\/li>\n<li><strong>Cerradura de combinaci\u00f3n<\/strong>Cerradura de combinaci\u00f3n ajustable para un cierre seguro del <strong>Caja humidor personalizada<\/strong>.<\/li>\n<\/ul>\n<\/li>\n<\/ul>\n<\/div>\n<div class=\"detailmodule_html\">\n<div class=\"detail-desc-decorate-richtext\">\n<div id=\"offer-template-0\">\n<p style=\"text-align: left; margin: 0;\"><img decoding=\"async\" src=\"https:\/\/ae01.alicdn.com\/kf\/S81a8e64d8bb44a17a630e85cd7970a1cl.jpg\" alt=\"\"><img decoding=\"async\" src=\"https:\/\/ae01.alicdn.com\/kf\/Sacb1479636d64efc9800c4d2e0c1ca8c7.jpg\" alt=\"\"><img decoding=\"async\" src=\"https:\/\/ae01.alicdn.com\/kf\/S4b9b5b731a7a41cd88443b86d8d6e80fX.jpg\" alt=\"\"><img decoding=\"async\" src=\"https:\/\/ae01.alicdn.com\/kf\/S68edca42515f46ab9af58ffaf7f86433i.jpg\" alt=\"\"><img decoding=\"async\" src=\"https:\/\/ae01.alicdn.com\/kf\/S9754e36a50114b89b2044ac7f9f2c2a2t.jpg\" alt=\"\"><img decoding=\"async\" src=\"https:\/\/ae01.alicdn.com\/kf\/S5d3a039f60884196bf47e0f6f98e4332l.jpg\" alt=\"\"><img decoding=\"async\" src=\"https:\/\/ae01.alicdn.com\/kf\/Sed212b8b991545d0af44062910442026k.jpg\" alt=\"\"><img decoding=\"async\" src=\"https:\/\/ae01.alicdn.com\/kf\/S80196a1876624596a799b1f6e5b2b622L.jpg\" alt=\"\"><img decoding=\"async\" src=\"https:\/\/ae01.alicdn.com\/kf\/S862b224b435f431795539be216ebd081k.jpg\" alt=\"\"><img decoding=\"async\" src=\"https:\/\/ae01.alicdn.com\/kf\/S94d2d7d9420a4019815e7eaa778ddbf6m.jpg\" alt=\"\"><\/p>\n<\/div>\n<\/div>\n<\/div>","protected":false},"excerpt":{"rendered":"<p>Nombre del producto: Humidificador Material: Madera de cedro Capacidad: Aproximadamente 20 puros Peso neto: 1,15 kg Peso bruto: 1,30 kg Tama\u00f1o del embalaje: 26,5 cm x 22,5 cm<\/p>","protected":false},"featured_media":4814,"comment_status":"open","ping_status":"closed","template":"","meta":[],"product_brand":[],"product_cat":[764,78],"product_tag":[],"class_list":{"0":"post-4813","1":"product","2":"type-product","3":"status-publish","4":"has-post-thumbnail","6":"product_cat-travel-humidor","7":"product_cat-zigarren-humidor","9":"first","10":"instock","11":"sale","12":"shipping-taxable","13":"purchasable","14":"product-type-variable","15":"wvs-archive-product-wrapper"},"yoast_head":"<!-- This site is optimized with the Yoast SEO Premium plugin v26.7 (Yoast SEO v27.4) - https:\/\/yoast.com\/product\/yoast-seo-premium-wordpress\/ -->\n<title>Custom Humidor Boxes - Der beste Onlineshop f\u00fcr Pfeifen und Zigarrenzubeh\u00f6r in Deutschland<\/title>\n<meta name=\"robots\" content=\"index, follow, max-snippet:-1, max-image-preview:large, max-video-preview:-1\" \/>\n<link rel=\"canonical\" href=\"https:\/\/pfeifenundzigarren.de\/es\/Produkt\/custom-humidor-boxes\/\" \/>\n<meta property=\"og:locale\" content=\"es_ES\" \/>\n<meta property=\"og:type\" content=\"article\" \/>\n<meta property=\"og:title\" content=\"Custom Humidor Boxes\" \/>\n<meta property=\"og:description\" content=\"Produktname: Humidor Material: Zedernholz Kapazit\u00e4t: Ungef\u00e4hr 20 Zigarren Nettogewicht: 1,15 kg Bruttogewicht: 1,30 kg Verpackungsgr\u00f6\u00dfe: 26,5 cm x 22,5 cm\" \/>\n<meta property=\"og:url\" content=\"https:\/\/pfeifenundzigarren.de\/es\/Produkt\/custom-humidor-boxes\/\" \/>\n<meta property=\"og:site_name\" content=\"Der beste Onlineshop f\u00fcr Pfeifen und Zigarrenzubeh\u00f6r in Deutschland\" \/>\n<meta property=\"article:modified_time\" content=\"2026-01-20T07:15:50+00:00\" \/>\n<meta property=\"og:image\" content=\"https:\/\/pfeifenundzigarren.de\/wp-content\/uploads\/2024\/10\/kf-Se8ad73d1987a480598741ed6008f9b46v-Password-Lock-Hygrometer-Humidifier-Large-Capacity-Moisturizing-Humidor-for-Cigar-Accesories-Cigars-Accessories-Box-Portable.webp\" \/>\n\t<meta property=\"og:image:width\" content=\"800\" \/>\n\t<meta property=\"og:image:height\" content=\"800\" \/>\n\t<meta property=\"og:image:type\" content=\"image\/webp\" \/>\n<meta name=\"twitter:card\" content=\"summary_large_image\" \/>\n<meta name=\"twitter:label1\" content=\"Tiempo de lectura\" \/>\n\t<meta name=\"twitter:data1\" content=\"1 minuto\" \/>\n<script type=\"application\/ld+json\" class=\"yoast-schema-graph\">{\"@context\":\"https:\\\/\\\/schema.org\",\"@graph\":[{\"@type\":\"WebPage\",\"@id\":\"https:\\\/\\\/pfeifenundzigarren.de\\\/Produkt\\\/custom-humidor-boxes\\\/\",\"url\":\"https:\\\/\\\/pfeifenundzigarren.de\\\/Produkt\\\/custom-humidor-boxes\\\/\",\"name\":\"Custom Humidor Boxes - Der beste Onlineshop f\u00fcr Pfeifen und Zigarrenzubeh\u00f6r in Deutschland\",\"isPartOf\":{\"@id\":\"https:\\\/\\\/pfeifenundzigarren.de\\\/#website\"},\"primaryImageOfPage\":{\"@id\":\"https:\\\/\\\/pfeifenundzigarren.de\\\/Produkt\\\/custom-humidor-boxes\\\/#primaryimage\"},\"image\":{\"@id\":\"https:\\\/\\\/pfeifenundzigarren.de\\\/Produkt\\\/custom-humidor-boxes\\\/#primaryimage\"},\"thumbnailUrl\":\"https:\\\/\\\/pfeifenundzigarren.de\\\/wp-content\\\/uploads\\\/2024\\\/10\\\/kf-Se8ad73d1987a480598741ed6008f9b46v-Password-Lock-Hygrometer-Humidifier-Large-Capacity-Moisturizing-Humidor-for-Cigar-Accesories-Cigars-Accessories-Box-Portable.webp\",\"datePublished\":\"2024-10-08T01:38:13+00:00\",\"dateModified\":\"2026-01-20T07:15:50+00:00\",\"breadcrumb\":{\"@id\":\"https:\\\/\\\/pfeifenundzigarren.de\\\/Produkt\\\/custom-humidor-boxes\\\/#breadcrumb\"},\"inLanguage\":\"es\",\"potentialAction\":[{\"@type\":\"ReadAction\",\"target\":[\"https:\\\/\\\/pfeifenundzigarren.de\\\/Produkt\\\/custom-humidor-boxes\\\/\"]}]},{\"@type\":\"ImageObject\",\"inLanguage\":\"es\",\"@id\":\"https:\\\/\\\/pfeifenundzigarren.de\\\/Produkt\\\/custom-humidor-boxes\\\/#primaryimage\",\"url\":\"https:\\\/\\\/pfeifenundzigarren.de\\\/wp-content\\\/uploads\\\/2024\\\/10\\\/kf-Se8ad73d1987a480598741ed6008f9b46v-Password-Lock-Hygrometer-Humidifier-Large-Capacity-Moisturizing-Humidor-for-Cigar-Accesories-Cigars-Accessories-Box-Portable.webp\",\"contentUrl\":\"https:\\\/\\\/pfeifenundzigarren.de\\\/wp-content\\\/uploads\\\/2024\\\/10\\\/kf-Se8ad73d1987a480598741ed6008f9b46v-Password-Lock-Hygrometer-Humidifier-Large-Capacity-Moisturizing-Humidor-for-Cigar-Accesories-Cigars-Accessories-Box-Portable.webp\",\"width\":800,\"height\":800,\"caption\":\"Custom Humidor Boxes\"},{\"@type\":\"BreadcrumbList\",\"@id\":\"https:\\\/\\\/pfeifenundzigarren.de\\\/Produkt\\\/custom-humidor-boxes\\\/#breadcrumb\",\"itemListElement\":[{\"@type\":\"ListItem\",\"position\":1,\"name\":\"Home\",\"item\":\"https:\\\/\\\/pfeifenundzigarren.de\\\/\"},{\"@type\":\"ListItem\",\"position\":2,\"name\":\"Shop\",\"item\":\"https:\\\/\\\/pfeifenundzigarren.de\\\/shop\\\/\"},{\"@type\":\"ListItem\",\"position\":3,\"name\":\"Custom Humidor Boxes\"}]},{\"@type\":\"WebSite\",\"@id\":\"https:\\\/\\\/pfeifenundzigarren.de\\\/#website\",\"url\":\"https:\\\/\\\/pfeifenundzigarren.de\\\/\",\"name\":\"Der beste Onlineshop f\u00fcr Pfeifen und Zigarrenzubeh\u00f6r in Deutschland\",\"description\":\"\",\"publisher\":{\"@id\":\"https:\\\/\\\/pfeifenundzigarren.de\\\/#organization\"},\"potentialAction\":[{\"@type\":\"SearchAction\",\"target\":{\"@type\":\"EntryPoint\",\"urlTemplate\":\"https:\\\/\\\/pfeifenundzigarren.de\\\/?s={search_term_string}\"},\"query-input\":{\"@type\":\"PropertyValueSpecification\",\"valueRequired\":true,\"valueName\":\"search_term_string\"}}],\"inLanguage\":\"es\"},{\"@type\":\"Organization\",\"@id\":\"https:\\\/\\\/pfeifenundzigarren.de\\\/#organization\",\"name\":\"Der beste Onlineshop f\u00fcr Pfeifen und Zigarrenzubeh\u00f6r in Deutschland\",\"url\":\"https:\\\/\\\/pfeifenundzigarren.de\\\/\",\"logo\":{\"@type\":\"ImageObject\",\"inLanguage\":\"es\",\"@id\":\"https:\\\/\\\/pfeifenundzigarren.de\\\/#\\\/schema\\\/logo\\\/image\\\/\",\"url\":\"https:\\\/\\\/pfeifenundzigarren.de\\\/wp-content\\\/uploads\\\/2024\\\/09\\\/cropped-Luxury-and-Vintage-Ornamental-Coffee-Shop-Logo.png\",\"contentUrl\":\"https:\\\/\\\/pfeifenundzigarren.de\\\/wp-content\\\/uploads\\\/2024\\\/09\\\/cropped-Luxury-and-Vintage-Ornamental-Coffee-Shop-Logo.png\",\"width\":512,\"height\":512,\"caption\":\"Der beste Onlineshop f\u00fcr Pfeifen und Zigarrenzubeh\u00f6r in Deutschland\"},\"image\":{\"@id\":\"https:\\\/\\\/pfeifenundzigarren.de\\\/#\\\/schema\\\/logo\\\/image\\\/\"}}]}<\/script>\n<!-- \/ Yoast SEO Premium plugin. -->","yoast_head_json":{"title":"Custom Humidor Boxes - Der beste Onlineshop f\u00fcr Pfeifen und Zigarrenzubeh\u00f6r in Deutschland","robots":{"index":"index","follow":"follow","max-snippet":"max-snippet:-1","max-image-preview":"max-image-preview:large","max-video-preview":"max-video-preview:-1"},"canonical":"https:\/\/pfeifenundzigarren.de\/es\/Produkt\/custom-humidor-boxes\/","og_locale":"es_ES","og_type":"article","og_title":"Custom Humidor Boxes","og_description":"Produktname: Humidor Material: Zedernholz Kapazit\u00e4t: Ungef\u00e4hr 20 Zigarren Nettogewicht: 1,15 kg Bruttogewicht: 1,30 kg Verpackungsgr\u00f6\u00dfe: 26,5 cm x 22,5 cm","og_url":"https:\/\/pfeifenundzigarren.de\/es\/Produkt\/custom-humidor-boxes\/","og_site_name":"Der beste Onlineshop f\u00fcr Pfeifen und Zigarrenzubeh\u00f6r in Deutschland","article_modified_time":"2026-01-20T07:15:50+00:00","og_image":[{"width":800,"height":800,"url":"https:\/\/pfeifenundzigarren.de\/wp-content\/uploads\/2024\/10\/kf-Se8ad73d1987a480598741ed6008f9b46v-Password-Lock-Hygrometer-Humidifier-Large-Capacity-Moisturizing-Humidor-for-Cigar-Accesories-Cigars-Accessories-Box-Portable.webp","type":"image\/webp"}],"twitter_card":"summary_large_image","twitter_misc":{"Tiempo de lectura":"1 minuto"},"schema":{"@context":"https:\/\/schema.org","@graph":[{"@type":"WebPage","@id":"https:\/\/pfeifenundzigarren.de\/Produkt\/custom-humidor-boxes\/","url":"https:\/\/pfeifenundzigarren.de\/Produkt\/custom-humidor-boxes\/","name":"Custom Humidor Boxes - Der beste Onlineshop f\u00fcr Pfeifen und Zigarrenzubeh\u00f6r in Deutschland","isPartOf":{"@id":"https:\/\/pfeifenundzigarren.de\/#website"},"primaryImageOfPage":{"@id":"https:\/\/pfeifenundzigarren.de\/Produkt\/custom-humidor-boxes\/#primaryimage"},"image":{"@id":"https:\/\/pfeifenundzigarren.de\/Produkt\/custom-humidor-boxes\/#primaryimage"},"thumbnailUrl":"https:\/\/pfeifenundzigarren.de\/wp-content\/uploads\/2024\/10\/kf-Se8ad73d1987a480598741ed6008f9b46v-Password-Lock-Hygrometer-Humidifier-Large-Capacity-Moisturizing-Humidor-for-Cigar-Accesories-Cigars-Accessories-Box-Portable.webp","datePublished":"2024-10-08T01:38:13+00:00","dateModified":"2026-01-20T07:15:50+00:00","breadcrumb":{"@id":"https:\/\/pfeifenundzigarren.de\/Produkt\/custom-humidor-boxes\/#breadcrumb"},"inLanguage":"es","potentialAction":[{"@type":"ReadAction","target":["https:\/\/pfeifenundzigarren.de\/Produkt\/custom-humidor-boxes\/"]}]},{"@type":"ImageObject","inLanguage":"es","@id":"https:\/\/pfeifenundzigarren.de\/Produkt\/custom-humidor-boxes\/#primaryimage","url":"https:\/\/pfeifenundzigarren.de\/wp-content\/uploads\/2024\/10\/kf-Se8ad73d1987a480598741ed6008f9b46v-Password-Lock-Hygrometer-Humidifier-Large-Capacity-Moisturizing-Humidor-for-Cigar-Accesories-Cigars-Accessories-Box-Portable.webp","contentUrl":"https:\/\/pfeifenundzigarren.de\/wp-content\/uploads\/2024\/10\/kf-Se8ad73d1987a480598741ed6008f9b46v-Password-Lock-Hygrometer-Humidifier-Large-Capacity-Moisturizing-Humidor-for-Cigar-Accesories-Cigars-Accessories-Box-Portable.webp","width":800,"height":800,"caption":"Custom Humidor Boxes"},{"@type":"BreadcrumbList","@id":"https:\/\/pfeifenundzigarren.de\/Produkt\/custom-humidor-boxes\/#breadcrumb","itemListElement":[{"@type":"ListItem","position":1,"name":"Home","item":"https:\/\/pfeifenundzigarren.de\/"},{"@type":"ListItem","position":2,"name":"Shop","item":"https:\/\/pfeifenundzigarren.de\/shop\/"},{"@type":"ListItem","position":3,"name":"Custom Humidor Boxes"}]},{"@type":"WebSite","@id":"https:\/\/pfeifenundzigarren.de\/#website","url":"https:\/\/pfeifenundzigarren.de\/","name":"La mejor tienda en l\u00ednea de pipas y accesorios para puros de Alemania","description":"","publisher":{"@id":"https:\/\/pfeifenundzigarren.de\/#organization"},"potentialAction":[{"@type":"SearchAction","target":{"@type":"EntryPoint","urlTemplate":"https:\/\/pfeifenundzigarren.de\/?s={search_term_string}"},"query-input":{"@type":"PropertyValueSpecification","valueRequired":true,"valueName":"search_term_string"}}],"inLanguage":"es"},{"@type":"Organization","@id":"https:\/\/pfeifenundzigarren.de\/#organization","name":"La mejor tienda en l\u00ednea de pipas y accesorios para puros de Alemania","url":"https:\/\/pfeifenundzigarren.de\/","logo":{"@type":"ImageObject","inLanguage":"es","@id":"https:\/\/pfeifenundzigarren.de\/#\/schema\/logo\/image\/","url":"https:\/\/pfeifenundzigarren.de\/wp-content\/uploads\/2024\/09\/cropped-Luxury-and-Vintage-Ornamental-Coffee-Shop-Logo.png","contentUrl":"https:\/\/pfeifenundzigarren.de\/wp-content\/uploads\/2024\/09\/cropped-Luxury-and-Vintage-Ornamental-Coffee-Shop-Logo.png","width":512,"height":512,"caption":"Der beste Onlineshop f\u00fcr Pfeifen und Zigarrenzubeh\u00f6r in Deutschland"},"image":{"@id":"https:\/\/pfeifenundzigarren.de\/#\/schema\/logo\/image\/"}}]}},"_links":{"self":[{"href":"https:\/\/pfeifenundzigarren.de\/es\/wp-json\/wp\/v2\/product\/4813","targetHints":{"allow":["GET"]}}],"collection":[{"href":"https:\/\/pfeifenundzigarren.de\/es\/wp-json\/wp\/v2\/product"}],"about":[{"href":"https:\/\/pfeifenundzigarren.de\/es\/wp-json\/wp\/v2\/types\/product"}],"replies":[{"embeddable":true,"href":"https:\/\/pfeifenundzigarren.de\/es\/wp-json\/wp\/v2\/comments?post=4813"}],"version-history":[{"count":0,"href":"https:\/\/pfeifenundzigarren.de\/es\/wp-json\/wp\/v2\/product\/4813\/revisions"}],"wp:featuredmedia":[{"embeddable":true,"href":"https:\/\/pfeifenundzigarren.de\/es\/wp-json\/wp\/v2\/media\/4814"}],"wp:attachment":[{"href":"https:\/\/pfeifenundzigarren.de\/es\/wp-json\/wp\/v2\/media?parent=4813"}],"wp:term":[{"taxonomy":"product_brand","embeddable":true,"href":"https:\/\/pfeifenundzigarren.de\/es\/wp-json\/wp\/v2\/product_brand?post=4813"},{"taxonomy":"product_cat","embeddable":true,"href":"https:\/\/pfeifenundzigarren.de\/es\/wp-json\/wp\/v2\/product_cat?post=4813"},{"taxonomy":"product_tag","embeddable":true,"href":"https:\/\/pfeifenundzigarren.de\/es\/wp-json\/wp\/v2\/product_tag?post=4813"}],"curies":[{"name":"wp","href":"https:\/\/api.w.org\/{rel}","templated":true}]}}