{"id":4794,"date":"2024-10-08T03:35:51","date_gmt":"2024-10-08T01:35:51","guid":{"rendered":"https:\/\/pfeifenundzigarren.de\/Produkt\/tragbarer-leder-zigarrenbefeuchter\/"},"modified":"2026-01-20T08:15:51","modified_gmt":"2026-01-20T07:15:51","slug":"tragbarer-leder-zigarrenbefeuchter","status":"publish","type":"product","link":"https:\/\/pfeifenundzigarren.de\/es\/Produkt\/tragbarer-leder-zigarrenbefeuchter\/","title":{"rendered":"Humidificador port\u00e1til para puros de cuero"},"content":{"rendered":"<div class=\"detailmodule_html\">\n<div class=\"detail-desc-decorate-richtext\">\n<div id=\"ee_boxPhoto1\" style=\"border: 0px solid #ff9933; margin: 3px auto 3px auto; height: auto;\">\n<div style=\"text-align: center; padding: 5px; overflow: visible; height: auto;\" align=\"center\">\n<ul>\n<li style=\"text-align: left;\"><strong>Material<\/strong>Madera de cedro<\/li>\n<li style=\"text-align: left;\"><strong>Capacidad<\/strong>Aproximadamente 50 puros<\/li>\n<li style=\"text-align: left;\"><strong>Tama\u00f1o del producto<\/strong>325 x 245 x 125 mm<\/li>\n<li style=\"text-align: left;\"><strong>Tama\u00f1o del envase<\/strong>380 x 310 x 190 mm<\/li>\n<li style=\"text-align: left;\"><strong>Peso del producto<\/strong>: 3,1 kg<\/li>\n<li style=\"text-align: left;\"><strong>Peso del embalaje<\/strong>: 3,6 kg<\/li>\n<\/ul>\n<h3 style=\"text-align: left;\">Otras caracter\u00edsticas:<\/h3>\n<ul style=\"text-align: left;\">\n<li><strong>Caja de cuero<\/strong>En <strong>Humidificador port\u00e1til para puros de cuero<\/strong> est\u00e1 revestido de cuero de alta calidad, lo que <a href=\"https:\/\/pfeifenundzigarren.de\/es\/produktkategorie\/zigarren-zubehoer\/zigarren-humidor\/\">Humidificador<\/a> un aspecto lujoso.<\/li>\n<li><strong>Ventana de cristal<\/strong>Cristal muy transparente que permite observar el estado de los puros en todo momento.<\/li>\n<li><strong>Term\u00f3metro electr\u00f3nico<\/strong>Term\u00f3metro integrado para controlar la temperatura y la humedad en el interior de la caja.<\/li>\n<li><strong>Humidificador<\/strong>Regulaci\u00f3n de la humedad <strong>Humidificador port\u00e1til para puros de cuero<\/strong>para garantizar una conservaci\u00f3n \u00f3ptima de los puros.<\/li>\n<li><strong>Bisagras met\u00e1licas reforzadas<\/strong>Utiliza herrajes de bisagra reforzados, resistentes y duraderos.<br \/>\nEl soporte de la bisagra es m\u00e1s estable que el metal convencional.<\/li>\n<li><strong>Canal de sellado<\/strong>Mecanismo de sellado especial para garantizar un cierre herm\u00e9tico y un control \u00f3ptimo de la humedad.<\/li>\n<\/ul>\n<p style=\"font-family: 'Open Sans', sans-serif; font-size: 14px; font-weight: 400; letter-spacing: normal; line-height: inherit; white-space: normal; color: #000000; background-color: #ffffff; margin: 0px; padding: 0px; box-sizing: border-box; text-align: left;\" align=\"start\"><img decoding=\"async\" src=\"https:\/\/ae01.alicdn.com\/kf\/S362bd083e0a3449d9227125aeec533bad.jpg\" alt=\"\"><\/p>\n<p class=\"detailp\" style=\"font-size: 0px; padding: 0px;\"><img decoding=\"async\" src=\"https:\/\/ae01.alicdn.com\/kf\/Sa45ef50a17754e63826ce860dd6d6078U.jpg\" alt=\"\"><\/p>\n<p class=\"detailp\" style=\"font-size: 0px; padding: 0px;\"><img decoding=\"async\" src=\"https:\/\/ae01.alicdn.com\/kf\/S01eb016457464fd1927573cd07f871bfE.jpg\" alt=\"\"><\/p>\n<p class=\"detailp\" style=\"font-size: 0px; padding: 0px;\"><img decoding=\"async\" src=\"https:\/\/ae01.alicdn.com\/kf\/Sf167b922444d439bb27fbf145842421f5.jpg\" alt=\"\"><\/p>\n<p class=\"detailp\" style=\"font-size: 0px; padding: 0px;\"><img decoding=\"async\" src=\"https:\/\/ae01.alicdn.com\/kf\/Sbea415baf6f744a78755722fde755d2fd.jpg\" alt=\"\"><\/p>\n<p class=\"detailp\" style=\"font-size: 0px; padding: 0px;\"><img decoding=\"async\" src=\"https:\/\/ae01.alicdn.com\/kf\/S2c534a9da16947f7b294db483b78db21V.jpg\" alt=\"\"><\/p>\n<p class=\"detailp\" style=\"font-size: 0px; padding: 0px;\"><img decoding=\"async\" src=\"https:\/\/ae01.alicdn.com\/kf\/S883a6b27166e4eb3a6783b96e5e3fd57P.jpg\" alt=\"\"><\/p>\n<p class=\"detailp\" style=\"font-size: 0px; padding: 0px;\"><img decoding=\"async\" src=\"https:\/\/ae01.alicdn.com\/kf\/S17537751470e474d8cefa78c337dd7f5f.jpg\" alt=\"\"><\/p>\n<p class=\"detailp\" style=\"font-size: 0px; padding: 0px;\"><img decoding=\"async\" src=\"https:\/\/ae01.alicdn.com\/kf\/S599f00117c18438f934f4bbc5966b279p.jpg\" alt=\"\"><\/p>\n<p class=\"detailp\" style=\"font-size: 0px; padding: 0px;\"><img decoding=\"async\" src=\"https:\/\/ae01.alicdn.com\/kf\/S8561f89aa1a7484288cb61e30ad3c38cs.jpg\" alt=\"\"><\/p>\n<p class=\"detailp\" style=\"font-size: 0px; padding: 0px;\"><img decoding=\"async\" src=\"https:\/\/ae01.alicdn.com\/kf\/Sfc21aac17ea444059a593eab38f3b6a6t.jpg\" alt=\"\"><\/p>\n<p class=\"detailp\" style=\"font-size: 0px; padding: 0px;\"><img decoding=\"async\" src=\"https:\/\/ae01.alicdn.com\/kf\/S35ab6a63201c4e6f878e680d7b89373aS.jpg\" alt=\"\"><\/p>\n<p class=\"detailp\" style=\"font-size: 0px; padding: 0px;\"><img decoding=\"async\" src=\"https:\/\/ae01.alicdn.com\/kf\/S68132b1086394613ac74e5d60f6a0ff5U.jpg\" alt=\"\"><\/p>\n<\/div>\n<\/div>\n<p>&nbsp;<\/p>\n<\/div>\n<\/div>\n<p>&nbsp;<\/p>","protected":false},"excerpt":{"rendered":"<p>Material: Madera de cedro Capacidad: Aproximadamente 50 puros Tama\u00f1o del producto: 325 x 245 x 125 mm Tama\u00f1o del embalaje: 380 x 310 x 190 mm<\/p>","protected":false},"featured_media":4795,"comment_status":"open","ping_status":"closed","template":"","meta":[],"product_brand":[],"product_cat":[764,78],"product_tag":[],"class_list":{"0":"post-4794","1":"product","2":"type-product","3":"status-publish","4":"has-post-thumbnail","6":"product_cat-travel-humidor","7":"product_cat-zigarren-humidor","9":"first","10":"instock","11":"sale","12":"shipping-taxable","13":"purchasable","14":"product-type-variable","15":"wvs-archive-product-wrapper"},"yoast_head":"<!-- This site is optimized with the Yoast SEO Premium plugin v26.7 (Yoast SEO v27.4) - https:\/\/yoast.com\/product\/yoast-seo-premium-wordpress\/ -->\n<title>Tragbarer Leder-Zigarrenbefeuchter - Der beste Onlineshop f\u00fcr Pfeifen und Zigarrenzubeh\u00f6r in Deutschland<\/title>\n<meta name=\"robots\" content=\"index, follow, max-snippet:-1, max-image-preview:large, max-video-preview:-1\" \/>\n<link rel=\"canonical\" href=\"https:\/\/pfeifenundzigarren.de\/es\/Produkt\/tragbarer-leder-zigarrenbefeuchter\/\" \/>\n<meta property=\"og:locale\" content=\"es_ES\" \/>\n<meta property=\"og:type\" content=\"article\" \/>\n<meta property=\"og:title\" content=\"Tragbarer Leder-Zigarrenbefeuchter\" \/>\n<meta property=\"og:description\" content=\"Material: Zedernholz Kapazit\u00e4t: Ungef\u00e4hr 50 Zigarren Produktgr\u00f6\u00dfe: 325 x 245 x 125 mm Verpackungsgr\u00f6\u00dfe: 380 x 310 x 190 mm\" \/>\n<meta property=\"og:url\" content=\"https:\/\/pfeifenundzigarren.de\/es\/Produkt\/tragbarer-leder-zigarrenbefeuchter\/\" \/>\n<meta property=\"og:site_name\" content=\"Der beste Onlineshop f\u00fcr Pfeifen und Zigarrenzubeh\u00f6r in Deutschland\" \/>\n<meta property=\"article:modified_time\" content=\"2026-01-20T07:15:51+00:00\" \/>\n<meta property=\"og:image\" content=\"https:\/\/pfeifenundzigarren.de\/wp-content\/uploads\/2024\/10\/kf-S5e023f7d63374abf88fdcf0c94597d6dx-Cedar-Wood-Cigar-Humidor-Case-Leather-Cigar-Humidor-Box-Portable-Cigar-Box-Cabinet-Large-Capacity-2.webp\" \/>\n\t<meta property=\"og:image:width\" content=\"800\" \/>\n\t<meta property=\"og:image:height\" content=\"800\" \/>\n\t<meta property=\"og:image:type\" content=\"image\/webp\" \/>\n<meta name=\"twitter:card\" content=\"summary_large_image\" \/>\n<meta name=\"twitter:label1\" content=\"Tiempo de lectura\" \/>\n\t<meta name=\"twitter:data1\" content=\"1 minuto\" \/>\n<script type=\"application\/ld+json\" class=\"yoast-schema-graph\">{\"@context\":\"https:\\\/\\\/schema.org\",\"@graph\":[{\"@type\":\"WebPage\",\"@id\":\"https:\\\/\\\/pfeifenundzigarren.de\\\/Produkt\\\/tragbarer-leder-zigarrenbefeuchter\\\/\",\"url\":\"https:\\\/\\\/pfeifenundzigarren.de\\\/Produkt\\\/tragbarer-leder-zigarrenbefeuchter\\\/\",\"name\":\"Tragbarer Leder-Zigarrenbefeuchter - Der beste Onlineshop f\u00fcr Pfeifen und Zigarrenzubeh\u00f6r in Deutschland\",\"isPartOf\":{\"@id\":\"https:\\\/\\\/pfeifenundzigarren.de\\\/#website\"},\"primaryImageOfPage\":{\"@id\":\"https:\\\/\\\/pfeifenundzigarren.de\\\/Produkt\\\/tragbarer-leder-zigarrenbefeuchter\\\/#primaryimage\"},\"image\":{\"@id\":\"https:\\\/\\\/pfeifenundzigarren.de\\\/Produkt\\\/tragbarer-leder-zigarrenbefeuchter\\\/#primaryimage\"},\"thumbnailUrl\":\"https:\\\/\\\/pfeifenundzigarren.de\\\/wp-content\\\/uploads\\\/2024\\\/10\\\/kf-S5e023f7d63374abf88fdcf0c94597d6dx-Cedar-Wood-Cigar-Humidor-Case-Leather-Cigar-Humidor-Box-Portable-Cigar-Box-Cabinet-Large-Capacity-2.webp\",\"datePublished\":\"2024-10-08T01:35:51+00:00\",\"dateModified\":\"2026-01-20T07:15:51+00:00\",\"breadcrumb\":{\"@id\":\"https:\\\/\\\/pfeifenundzigarren.de\\\/Produkt\\\/tragbarer-leder-zigarrenbefeuchter\\\/#breadcrumb\"},\"inLanguage\":\"es\",\"potentialAction\":[{\"@type\":\"ReadAction\",\"target\":[\"https:\\\/\\\/pfeifenundzigarren.de\\\/Produkt\\\/tragbarer-leder-zigarrenbefeuchter\\\/\"]}]},{\"@type\":\"ImageObject\",\"inLanguage\":\"es\",\"@id\":\"https:\\\/\\\/pfeifenundzigarren.de\\\/Produkt\\\/tragbarer-leder-zigarrenbefeuchter\\\/#primaryimage\",\"url\":\"https:\\\/\\\/pfeifenundzigarren.de\\\/wp-content\\\/uploads\\\/2024\\\/10\\\/kf-S5e023f7d63374abf88fdcf0c94597d6dx-Cedar-Wood-Cigar-Humidor-Case-Leather-Cigar-Humidor-Box-Portable-Cigar-Box-Cabinet-Large-Capacity-2.webp\",\"contentUrl\":\"https:\\\/\\\/pfeifenundzigarren.de\\\/wp-content\\\/uploads\\\/2024\\\/10\\\/kf-S5e023f7d63374abf88fdcf0c94597d6dx-Cedar-Wood-Cigar-Humidor-Case-Leather-Cigar-Humidor-Box-Portable-Cigar-Box-Cabinet-Large-Capacity-2.webp\",\"width\":800,\"height\":800},{\"@type\":\"BreadcrumbList\",\"@id\":\"https:\\\/\\\/pfeifenundzigarren.de\\\/Produkt\\\/tragbarer-leder-zigarrenbefeuchter\\\/#breadcrumb\",\"itemListElement\":[{\"@type\":\"ListItem\",\"position\":1,\"name\":\"Home\",\"item\":\"https:\\\/\\\/pfeifenundzigarren.de\\\/\"},{\"@type\":\"ListItem\",\"position\":2,\"name\":\"Shop\",\"item\":\"https:\\\/\\\/pfeifenundzigarren.de\\\/shop\\\/\"},{\"@type\":\"ListItem\",\"position\":3,\"name\":\"Tragbarer Leder-Zigarrenbefeuchter\"}]},{\"@type\":\"WebSite\",\"@id\":\"https:\\\/\\\/pfeifenundzigarren.de\\\/#website\",\"url\":\"https:\\\/\\\/pfeifenundzigarren.de\\\/\",\"name\":\"Der beste Onlineshop f\u00fcr Pfeifen und Zigarrenzubeh\u00f6r in Deutschland\",\"description\":\"\",\"publisher\":{\"@id\":\"https:\\\/\\\/pfeifenundzigarren.de\\\/#organization\"},\"potentialAction\":[{\"@type\":\"SearchAction\",\"target\":{\"@type\":\"EntryPoint\",\"urlTemplate\":\"https:\\\/\\\/pfeifenundzigarren.de\\\/?s={search_term_string}\"},\"query-input\":{\"@type\":\"PropertyValueSpecification\",\"valueRequired\":true,\"valueName\":\"search_term_string\"}}],\"inLanguage\":\"es\"},{\"@type\":\"Organization\",\"@id\":\"https:\\\/\\\/pfeifenundzigarren.de\\\/#organization\",\"name\":\"Der beste Onlineshop f\u00fcr Pfeifen und Zigarrenzubeh\u00f6r in Deutschland\",\"url\":\"https:\\\/\\\/pfeifenundzigarren.de\\\/\",\"logo\":{\"@type\":\"ImageObject\",\"inLanguage\":\"es\",\"@id\":\"https:\\\/\\\/pfeifenundzigarren.de\\\/#\\\/schema\\\/logo\\\/image\\\/\",\"url\":\"https:\\\/\\\/pfeifenundzigarren.de\\\/wp-content\\\/uploads\\\/2024\\\/09\\\/cropped-Luxury-and-Vintage-Ornamental-Coffee-Shop-Logo.png\",\"contentUrl\":\"https:\\\/\\\/pfeifenundzigarren.de\\\/wp-content\\\/uploads\\\/2024\\\/09\\\/cropped-Luxury-and-Vintage-Ornamental-Coffee-Shop-Logo.png\",\"width\":512,\"height\":512,\"caption\":\"Der beste Onlineshop f\u00fcr Pfeifen und Zigarrenzubeh\u00f6r in Deutschland\"},\"image\":{\"@id\":\"https:\\\/\\\/pfeifenundzigarren.de\\\/#\\\/schema\\\/logo\\\/image\\\/\"}}]}<\/script>\n<!-- \/ Yoast SEO Premium plugin. -->","yoast_head_json":{"title":"Tragbarer Leder-Zigarrenbefeuchter - Der beste Onlineshop f\u00fcr Pfeifen und Zigarrenzubeh\u00f6r in Deutschland","robots":{"index":"index","follow":"follow","max-snippet":"max-snippet:-1","max-image-preview":"max-image-preview:large","max-video-preview":"max-video-preview:-1"},"canonical":"https:\/\/pfeifenundzigarren.de\/es\/Produkt\/tragbarer-leder-zigarrenbefeuchter\/","og_locale":"es_ES","og_type":"article","og_title":"Tragbarer Leder-Zigarrenbefeuchter","og_description":"Material: Zedernholz Kapazit\u00e4t: Ungef\u00e4hr 50 Zigarren Produktgr\u00f6\u00dfe: 325 x 245 x 125 mm Verpackungsgr\u00f6\u00dfe: 380 x 310 x 190 mm","og_url":"https:\/\/pfeifenundzigarren.de\/es\/Produkt\/tragbarer-leder-zigarrenbefeuchter\/","og_site_name":"Der beste Onlineshop f\u00fcr Pfeifen und Zigarrenzubeh\u00f6r in Deutschland","article_modified_time":"2026-01-20T07:15:51+00:00","og_image":[{"width":800,"height":800,"url":"https:\/\/pfeifenundzigarren.de\/wp-content\/uploads\/2024\/10\/kf-S5e023f7d63374abf88fdcf0c94597d6dx-Cedar-Wood-Cigar-Humidor-Case-Leather-Cigar-Humidor-Box-Portable-Cigar-Box-Cabinet-Large-Capacity-2.webp","type":"image\/webp"}],"twitter_card":"summary_large_image","twitter_misc":{"Tiempo de lectura":"1 minuto"},"schema":{"@context":"https:\/\/schema.org","@graph":[{"@type":"WebPage","@id":"https:\/\/pfeifenundzigarren.de\/Produkt\/tragbarer-leder-zigarrenbefeuchter\/","url":"https:\/\/pfeifenundzigarren.de\/Produkt\/tragbarer-leder-zigarrenbefeuchter\/","name":"Tragbarer Leder-Zigarrenbefeuchter - Der beste Onlineshop f\u00fcr Pfeifen und Zigarrenzubeh\u00f6r in Deutschland","isPartOf":{"@id":"https:\/\/pfeifenundzigarren.de\/#website"},"primaryImageOfPage":{"@id":"https:\/\/pfeifenundzigarren.de\/Produkt\/tragbarer-leder-zigarrenbefeuchter\/#primaryimage"},"image":{"@id":"https:\/\/pfeifenundzigarren.de\/Produkt\/tragbarer-leder-zigarrenbefeuchter\/#primaryimage"},"thumbnailUrl":"https:\/\/pfeifenundzigarren.de\/wp-content\/uploads\/2024\/10\/kf-S5e023f7d63374abf88fdcf0c94597d6dx-Cedar-Wood-Cigar-Humidor-Case-Leather-Cigar-Humidor-Box-Portable-Cigar-Box-Cabinet-Large-Capacity-2.webp","datePublished":"2024-10-08T01:35:51+00:00","dateModified":"2026-01-20T07:15:51+00:00","breadcrumb":{"@id":"https:\/\/pfeifenundzigarren.de\/Produkt\/tragbarer-leder-zigarrenbefeuchter\/#breadcrumb"},"inLanguage":"es","potentialAction":[{"@type":"ReadAction","target":["https:\/\/pfeifenundzigarren.de\/Produkt\/tragbarer-leder-zigarrenbefeuchter\/"]}]},{"@type":"ImageObject","inLanguage":"es","@id":"https:\/\/pfeifenundzigarren.de\/Produkt\/tragbarer-leder-zigarrenbefeuchter\/#primaryimage","url":"https:\/\/pfeifenundzigarren.de\/wp-content\/uploads\/2024\/10\/kf-S5e023f7d63374abf88fdcf0c94597d6dx-Cedar-Wood-Cigar-Humidor-Case-Leather-Cigar-Humidor-Box-Portable-Cigar-Box-Cabinet-Large-Capacity-2.webp","contentUrl":"https:\/\/pfeifenundzigarren.de\/wp-content\/uploads\/2024\/10\/kf-S5e023f7d63374abf88fdcf0c94597d6dx-Cedar-Wood-Cigar-Humidor-Case-Leather-Cigar-Humidor-Box-Portable-Cigar-Box-Cabinet-Large-Capacity-2.webp","width":800,"height":800},{"@type":"BreadcrumbList","@id":"https:\/\/pfeifenundzigarren.de\/Produkt\/tragbarer-leder-zigarrenbefeuchter\/#breadcrumb","itemListElement":[{"@type":"ListItem","position":1,"name":"Home","item":"https:\/\/pfeifenundzigarren.de\/"},{"@type":"ListItem","position":2,"name":"Shop","item":"https:\/\/pfeifenundzigarren.de\/shop\/"},{"@type":"ListItem","position":3,"name":"Tragbarer Leder-Zigarrenbefeuchter"}]},{"@type":"WebSite","@id":"https:\/\/pfeifenundzigarren.de\/#website","url":"https:\/\/pfeifenundzigarren.de\/","name":"La mejor tienda en l\u00ednea de pipas y accesorios para puros de Alemania","description":"","publisher":{"@id":"https:\/\/pfeifenundzigarren.de\/#organization"},"potentialAction":[{"@type":"SearchAction","target":{"@type":"EntryPoint","urlTemplate":"https:\/\/pfeifenundzigarren.de\/?s={search_term_string}"},"query-input":{"@type":"PropertyValueSpecification","valueRequired":true,"valueName":"search_term_string"}}],"inLanguage":"es"},{"@type":"Organization","@id":"https:\/\/pfeifenundzigarren.de\/#organization","name":"La mejor tienda en l\u00ednea de pipas y accesorios para puros de Alemania","url":"https:\/\/pfeifenundzigarren.de\/","logo":{"@type":"ImageObject","inLanguage":"es","@id":"https:\/\/pfeifenundzigarren.de\/#\/schema\/logo\/image\/","url":"https:\/\/pfeifenundzigarren.de\/wp-content\/uploads\/2024\/09\/cropped-Luxury-and-Vintage-Ornamental-Coffee-Shop-Logo.png","contentUrl":"https:\/\/pfeifenundzigarren.de\/wp-content\/uploads\/2024\/09\/cropped-Luxury-and-Vintage-Ornamental-Coffee-Shop-Logo.png","width":512,"height":512,"caption":"Der beste Onlineshop f\u00fcr Pfeifen und Zigarrenzubeh\u00f6r in Deutschland"},"image":{"@id":"https:\/\/pfeifenundzigarren.de\/#\/schema\/logo\/image\/"}}]}},"_links":{"self":[{"href":"https:\/\/pfeifenundzigarren.de\/es\/wp-json\/wp\/v2\/product\/4794","targetHints":{"allow":["GET"]}}],"collection":[{"href":"https:\/\/pfeifenundzigarren.de\/es\/wp-json\/wp\/v2\/product"}],"about":[{"href":"https:\/\/pfeifenundzigarren.de\/es\/wp-json\/wp\/v2\/types\/product"}],"replies":[{"embeddable":true,"href":"https:\/\/pfeifenundzigarren.de\/es\/wp-json\/wp\/v2\/comments?post=4794"}],"version-history":[{"count":0,"href":"https:\/\/pfeifenundzigarren.de\/es\/wp-json\/wp\/v2\/product\/4794\/revisions"}],"wp:featuredmedia":[{"embeddable":true,"href":"https:\/\/pfeifenundzigarren.de\/es\/wp-json\/wp\/v2\/media\/4795"}],"wp:attachment":[{"href":"https:\/\/pfeifenundzigarren.de\/es\/wp-json\/wp\/v2\/media?parent=4794"}],"wp:term":[{"taxonomy":"product_brand","embeddable":true,"href":"https:\/\/pfeifenundzigarren.de\/es\/wp-json\/wp\/v2\/product_brand?post=4794"},{"taxonomy":"product_cat","embeddable":true,"href":"https:\/\/pfeifenundzigarren.de\/es\/wp-json\/wp\/v2\/product_cat?post=4794"},{"taxonomy":"product_tag","embeddable":true,"href":"https:\/\/pfeifenundzigarren.de\/es\/wp-json\/wp\/v2\/product_tag?post=4794"}],"curies":[{"name":"wp","href":"https:\/\/api.w.org\/{rel}","templated":true}]}}