{"id":4785,"date":"2024-10-08T03:34:54","date_gmt":"2024-10-08T01:34:54","guid":{"rendered":"https:\/\/pfeifenundzigarren.de\/Produkt\/holz-humidor\/"},"modified":"2026-01-20T08:15:51","modified_gmt":"2026-01-20T07:15:51","slug":"holz-humidor","status":"publish","type":"product","link":"https:\/\/pfeifenundzigarren.de\/es\/Produkt\/holz-humidor\/","title":{"rendered":"humidor de madera"},"content":{"rendered":"<div class=\"detailmodule_html\">\n<div class=\"detail-desc-decorate-richtext\">\n<div id=\"offer-template-0\">\n<p><iframe title=\"humidor de madera\" width=\"500\" height=\"281\" src=\"https:\/\/www.youtube.com\/embed\/ATWnAWsVNug?feature=oembed\" frameborder=\"0\" allow=\"accelerometer; autoplay; clipboard-write; encrypted-media; gyroscope; picture-in-picture; web-share\" referrerpolicy=\"strict-origin-when-cross-origin\" allowfullscreen><\/iframe><\/p>\n<ul class=\"a-unordered-list a-vertical a-spacing-small\">\n<li>Este <strong>Humidificador de madera<\/strong> se fabrica con madera de cedro de alta calidad. El pino pi\u00f1onero, tambi\u00e9n conocido como pino occidental o cedro arom\u00e1tico, libera una fragancia natural a trav\u00e9s de la resina, que mantiene alejados a los insectos y enriquece el sabor del puro. Esto mejora el proceso de maduraci\u00f3n de los puros y les confiere una agradable fragancia.<\/li>\n<li>El pino nevado no s\u00f3lo tiene la propiedad de absorber los olores del ambiente, sino tambi\u00e9n una intensa capacidad para refinar el aroma de los puros durante el proceso de fermentaci\u00f3n. El uso de madera de cedro espa\u00f1ol en la caja de pino nevado reduce los olores no deseados y hace que el sabor de los puros sea m\u00e1s fino y fragante.<\/li>\n<li>El almacenamiento de puros en este<strong> Humidificador de madera<\/strong> confiere a los puros un sabor m\u00e1s intenso gracias al lento proceso de fermentaci\u00f3n en un entorno estable.<\/li>\n<li>La superficie de este <strong>Humidificadores de madera i<\/strong>La mesa est\u00e1 acabada con laca ecol\u00f3gica endurecida mediante un elaborado proceso de pulido. Es resistente a los ara\u00f1azos, duradera y brillante, por lo que resulta art\u00edstica y est\u00e9ticamente agradable.<\/li>\n<li>El higr\u00f3metro externo de este <strong>Humidificadores de madera<\/strong> permite controlar la humedad del aire en el interior del <a href=\"https:\/\/pfeifenundzigarren.de\/es\/produktkategorie\/zigarren-zubehoer\/zigarren-humidor\/\">Humidificadores<\/a>. Si hay falta de humedad, se puede verter humidificador o agua destilada para mantener estable la humedad dentro del humidor.<\/li>\n<\/ul>\n<\/div>\n<div style=\"width: 790px;\"><img decoding=\"async\" style=\"width: 100%; height: auto;\" src=\"https:\/\/ae01.alicdn.com\/kf\/Sbdbffd7f8bd3430eb2959f66384820cff.jpg\" usemap=\"#_sdmap_0\" width=\"100%\" height=\"auto\" alt=\"\"> <img decoding=\"async\" style=\"width: 100%; height: auto;\" src=\"https:\/\/ae01.alicdn.com\/kf\/S27cbe596ab724a8e88525af3e14a812b9.jpg\" usemap=\"#_sdmap_1\" width=\"100%\" height=\"auto\" alt=\"\"> <img decoding=\"async\" style=\"width: 100%; height: auto;\" src=\"https:\/\/ae01.alicdn.com\/kf\/Sc8d922d686154375af7c0e767581fdd8j.jpg\" usemap=\"#_sdmap_2\" width=\"100%\" height=\"auto\" alt=\"\"> <img decoding=\"async\" style=\"width: 100%; height: auto;\" src=\"https:\/\/ae01.alicdn.com\/kf\/Sd33b298e6fef495ca14647001412ac5fX.jpg\" usemap=\"#_sdmap_3\" width=\"100%\" height=\"auto\" alt=\"\"> <img decoding=\"async\" style=\"width: 100%; height: auto;\" src=\"https:\/\/ae01.alicdn.com\/kf\/Sb4d0d4a1c989424ebf04d1c0b31e0987h.jpg\" usemap=\"#_sdmap_4\" width=\"100%\" height=\"auto\" alt=\"\"> <img decoding=\"async\" style=\"width: 100%; height: auto;\" src=\"https:\/\/ae01.alicdn.com\/kf\/S64b6847a3f6c4e45950e420c2ba20e3dw.jpg\" usemap=\"#_sdmap_5\" width=\"100%\" height=\"auto\" alt=\"\"> <img decoding=\"async\" style=\"width: 100%; height: auto;\" src=\"https:\/\/ae01.alicdn.com\/kf\/Sa0990dad4bf2448391c1904e07f053a2q.jpg\" usemap=\"#_sdmap_6\" width=\"100%\" height=\"auto\" alt=\"\"> <img decoding=\"async\" style=\"width: 100%; height: auto;\" src=\"https:\/\/ae01.alicdn.com\/kf\/S5691358848ef45cb9d6160764ed78f907.jpg\" usemap=\"#_sdmap_7\" width=\"100%\" height=\"auto\" alt=\"\"> <img decoding=\"async\" style=\"width: 100%; height: auto;\" src=\"https:\/\/ae01.alicdn.com\/kf\/S6838bdd714d94087ac33722af6311d7f2.jpg\" usemap=\"#_sdmap_8\" width=\"100%\" height=\"auto\" alt=\"\"> <img decoding=\"async\" style=\"width: 100%; height: auto;\" src=\"https:\/\/ae01.alicdn.com\/kf\/S7c69340b4af24983aa4b50efb6b198a8a.jpg\" usemap=\"#_sdmap_9\" width=\"100%\" height=\"auto\" alt=\"\"> <img decoding=\"async\" style=\"width: 100%; height: auto;\" src=\"https:\/\/ae01.alicdn.com\/kf\/S46ccaddcac51426294475e81df3af87dS.jpg\" usemap=\"#_sdmap_10\" width=\"100%\" height=\"auto\" alt=\"\"><\/div>\n<\/div>\n<\/div>\n<p>&nbsp;<\/p>","protected":false},"excerpt":{"rendered":"<p>Este humidor de madera est\u00e1 fabricado con madera de cedro de alta calidad. El pino nevado, tambi\u00e9n conocido como pino occidental o cedro arom\u00e1tico, crea un sabor natural a trav\u00e9s de la resina.<\/p>","protected":false},"featured_media":4786,"comment_status":"open","ping_status":"closed","template":"","meta":[],"product_brand":[],"product_cat":[764,78],"product_tag":[],"class_list":{"0":"post-4785","1":"product","2":"type-product","3":"status-publish","4":"has-post-thumbnail","6":"product_cat-travel-humidor","7":"product_cat-zigarren-humidor","9":"first","10":"instock","11":"sale","12":"shipping-taxable","13":"purchasable","14":"product-type-variable","15":"wvs-archive-product-wrapper"},"yoast_head":"<!-- This site is optimized with the Yoast SEO Premium plugin v26.7 (Yoast SEO v27.4) - https:\/\/yoast.com\/product\/yoast-seo-premium-wordpress\/ -->\n<title>holz humidor - Der beste Onlineshop f\u00fcr Pfeifen und Zigarrenzubeh\u00f6r in Deutschland<\/title>\n<meta name=\"robots\" content=\"index, follow, max-snippet:-1, max-image-preview:large, max-video-preview:-1\" \/>\n<link rel=\"canonical\" href=\"https:\/\/pfeifenundzigarren.de\/es\/Produkt\/holz-humidor\/\" \/>\n<meta property=\"og:locale\" content=\"es_ES\" \/>\n<meta property=\"og:type\" content=\"article\" \/>\n<meta property=\"og:title\" content=\"holz humidor\" \/>\n<meta property=\"og:description\" content=\"Dieser Holz-Humidor ist aus hochwertigem Zedernholz gefertigt. Schneekiefer, auch Westkiefer oder aromatische Zeder genannt, setzt durch das Harz einen nat\u00fcrlichen\" \/>\n<meta property=\"og:url\" content=\"https:\/\/pfeifenundzigarren.de\/es\/Produkt\/holz-humidor\/\" \/>\n<meta property=\"og:site_name\" content=\"Der beste Onlineshop f\u00fcr Pfeifen und Zigarrenzubeh\u00f6r in Deutschland\" \/>\n<meta property=\"article:modified_time\" content=\"2026-01-20T07:15:51+00:00\" \/>\n<meta property=\"og:image\" content=\"https:\/\/pfeifenundzigarren.de\/wp-content\/uploads\/2024\/10\/kf-S27469020ebf64346812f2a23a27675abe.webp\" \/>\n\t<meta property=\"og:image:width\" content=\"1000\" \/>\n\t<meta property=\"og:image:height\" content=\"1000\" \/>\n\t<meta property=\"og:image:type\" content=\"image\/webp\" \/>\n<meta name=\"twitter:card\" content=\"summary_large_image\" \/>\n<meta name=\"twitter:label1\" content=\"Tiempo de lectura\" \/>\n\t<meta name=\"twitter:data1\" content=\"1 minuto\" \/>\n<script type=\"application\/ld+json\" class=\"yoast-schema-graph\">{\"@context\":\"https:\\\/\\\/schema.org\",\"@graph\":[{\"@type\":\"WebPage\",\"@id\":\"https:\\\/\\\/pfeifenundzigarren.de\\\/Produkt\\\/holz-humidor\\\/\",\"url\":\"https:\\\/\\\/pfeifenundzigarren.de\\\/Produkt\\\/holz-humidor\\\/\",\"name\":\"holz humidor - Der beste Onlineshop f\u00fcr Pfeifen und Zigarrenzubeh\u00f6r in Deutschland\",\"isPartOf\":{\"@id\":\"https:\\\/\\\/pfeifenundzigarren.de\\\/#website\"},\"primaryImageOfPage\":{\"@id\":\"https:\\\/\\\/pfeifenundzigarren.de\\\/Produkt\\\/holz-humidor\\\/#primaryimage\"},\"image\":{\"@id\":\"https:\\\/\\\/pfeifenundzigarren.de\\\/Produkt\\\/holz-humidor\\\/#primaryimage\"},\"thumbnailUrl\":\"https:\\\/\\\/pfeifenundzigarren.de\\\/wp-content\\\/uploads\\\/2024\\\/10\\\/kf-S27469020ebf64346812f2a23a27675abe.webp\",\"datePublished\":\"2024-10-08T01:34:54+00:00\",\"dateModified\":\"2026-01-20T07:15:51+00:00\",\"breadcrumb\":{\"@id\":\"https:\\\/\\\/pfeifenundzigarren.de\\\/Produkt\\\/holz-humidor\\\/#breadcrumb\"},\"inLanguage\":\"es\",\"potentialAction\":[{\"@type\":\"ReadAction\",\"target\":[\"https:\\\/\\\/pfeifenundzigarren.de\\\/Produkt\\\/holz-humidor\\\/\"]}]},{\"@type\":\"ImageObject\",\"inLanguage\":\"es\",\"@id\":\"https:\\\/\\\/pfeifenundzigarren.de\\\/Produkt\\\/holz-humidor\\\/#primaryimage\",\"url\":\"https:\\\/\\\/pfeifenundzigarren.de\\\/wp-content\\\/uploads\\\/2024\\\/10\\\/kf-S27469020ebf64346812f2a23a27675abe.webp\",\"contentUrl\":\"https:\\\/\\\/pfeifenundzigarren.de\\\/wp-content\\\/uploads\\\/2024\\\/10\\\/kf-S27469020ebf64346812f2a23a27675abe.webp\",\"width\":1000,\"height\":1000,\"caption\":\"holz humidor\"},{\"@type\":\"BreadcrumbList\",\"@id\":\"https:\\\/\\\/pfeifenundzigarren.de\\\/Produkt\\\/holz-humidor\\\/#breadcrumb\",\"itemListElement\":[{\"@type\":\"ListItem\",\"position\":1,\"name\":\"Home\",\"item\":\"https:\\\/\\\/pfeifenundzigarren.de\\\/\"},{\"@type\":\"ListItem\",\"position\":2,\"name\":\"Shop\",\"item\":\"https:\\\/\\\/pfeifenundzigarren.de\\\/shop\\\/\"},{\"@type\":\"ListItem\",\"position\":3,\"name\":\"holz humidor\"}]},{\"@type\":\"WebSite\",\"@id\":\"https:\\\/\\\/pfeifenundzigarren.de\\\/#website\",\"url\":\"https:\\\/\\\/pfeifenundzigarren.de\\\/\",\"name\":\"Der beste Onlineshop f\u00fcr Pfeifen und Zigarrenzubeh\u00f6r in Deutschland\",\"description\":\"\",\"publisher\":{\"@id\":\"https:\\\/\\\/pfeifenundzigarren.de\\\/#organization\"},\"potentialAction\":[{\"@type\":\"SearchAction\",\"target\":{\"@type\":\"EntryPoint\",\"urlTemplate\":\"https:\\\/\\\/pfeifenundzigarren.de\\\/?s={search_term_string}\"},\"query-input\":{\"@type\":\"PropertyValueSpecification\",\"valueRequired\":true,\"valueName\":\"search_term_string\"}}],\"inLanguage\":\"es\"},{\"@type\":\"Organization\",\"@id\":\"https:\\\/\\\/pfeifenundzigarren.de\\\/#organization\",\"name\":\"Der beste Onlineshop f\u00fcr Pfeifen und Zigarrenzubeh\u00f6r in Deutschland\",\"url\":\"https:\\\/\\\/pfeifenundzigarren.de\\\/\",\"logo\":{\"@type\":\"ImageObject\",\"inLanguage\":\"es\",\"@id\":\"https:\\\/\\\/pfeifenundzigarren.de\\\/#\\\/schema\\\/logo\\\/image\\\/\",\"url\":\"https:\\\/\\\/pfeifenundzigarren.de\\\/wp-content\\\/uploads\\\/2024\\\/09\\\/cropped-Luxury-and-Vintage-Ornamental-Coffee-Shop-Logo.png\",\"contentUrl\":\"https:\\\/\\\/pfeifenundzigarren.de\\\/wp-content\\\/uploads\\\/2024\\\/09\\\/cropped-Luxury-and-Vintage-Ornamental-Coffee-Shop-Logo.png\",\"width\":512,\"height\":512,\"caption\":\"Der beste Onlineshop f\u00fcr Pfeifen und Zigarrenzubeh\u00f6r in Deutschland\"},\"image\":{\"@id\":\"https:\\\/\\\/pfeifenundzigarren.de\\\/#\\\/schema\\\/logo\\\/image\\\/\"}}]}<\/script>\n<!-- \/ Yoast SEO Premium plugin. -->","yoast_head_json":{"title":"holz humidor - Der beste Onlineshop f\u00fcr Pfeifen und Zigarrenzubeh\u00f6r in Deutschland","robots":{"index":"index","follow":"follow","max-snippet":"max-snippet:-1","max-image-preview":"max-image-preview:large","max-video-preview":"max-video-preview:-1"},"canonical":"https:\/\/pfeifenundzigarren.de\/es\/Produkt\/holz-humidor\/","og_locale":"es_ES","og_type":"article","og_title":"holz humidor","og_description":"Dieser Holz-Humidor ist aus hochwertigem Zedernholz gefertigt. Schneekiefer, auch Westkiefer oder aromatische Zeder genannt, setzt durch das Harz einen nat\u00fcrlichen","og_url":"https:\/\/pfeifenundzigarren.de\/es\/Produkt\/holz-humidor\/","og_site_name":"Der beste Onlineshop f\u00fcr Pfeifen und Zigarrenzubeh\u00f6r in Deutschland","article_modified_time":"2026-01-20T07:15:51+00:00","og_image":[{"width":1000,"height":1000,"url":"https:\/\/pfeifenundzigarren.de\/wp-content\/uploads\/2024\/10\/kf-S27469020ebf64346812f2a23a27675abe.webp","type":"image\/webp"}],"twitter_card":"summary_large_image","twitter_misc":{"Tiempo de lectura":"1 minuto"},"schema":{"@context":"https:\/\/schema.org","@graph":[{"@type":"WebPage","@id":"https:\/\/pfeifenundzigarren.de\/Produkt\/holz-humidor\/","url":"https:\/\/pfeifenundzigarren.de\/Produkt\/holz-humidor\/","name":"holz humidor - Der beste Onlineshop f\u00fcr Pfeifen und Zigarrenzubeh\u00f6r in Deutschland","isPartOf":{"@id":"https:\/\/pfeifenundzigarren.de\/#website"},"primaryImageOfPage":{"@id":"https:\/\/pfeifenundzigarren.de\/Produkt\/holz-humidor\/#primaryimage"},"image":{"@id":"https:\/\/pfeifenundzigarren.de\/Produkt\/holz-humidor\/#primaryimage"},"thumbnailUrl":"https:\/\/pfeifenundzigarren.de\/wp-content\/uploads\/2024\/10\/kf-S27469020ebf64346812f2a23a27675abe.webp","datePublished":"2024-10-08T01:34:54+00:00","dateModified":"2026-01-20T07:15:51+00:00","breadcrumb":{"@id":"https:\/\/pfeifenundzigarren.de\/Produkt\/holz-humidor\/#breadcrumb"},"inLanguage":"es","potentialAction":[{"@type":"ReadAction","target":["https:\/\/pfeifenundzigarren.de\/Produkt\/holz-humidor\/"]}]},{"@type":"ImageObject","inLanguage":"es","@id":"https:\/\/pfeifenundzigarren.de\/Produkt\/holz-humidor\/#primaryimage","url":"https:\/\/pfeifenundzigarren.de\/wp-content\/uploads\/2024\/10\/kf-S27469020ebf64346812f2a23a27675abe.webp","contentUrl":"https:\/\/pfeifenundzigarren.de\/wp-content\/uploads\/2024\/10\/kf-S27469020ebf64346812f2a23a27675abe.webp","width":1000,"height":1000,"caption":"holz humidor"},{"@type":"BreadcrumbList","@id":"https:\/\/pfeifenundzigarren.de\/Produkt\/holz-humidor\/#breadcrumb","itemListElement":[{"@type":"ListItem","position":1,"name":"Home","item":"https:\/\/pfeifenundzigarren.de\/"},{"@type":"ListItem","position":2,"name":"Shop","item":"https:\/\/pfeifenundzigarren.de\/shop\/"},{"@type":"ListItem","position":3,"name":"holz humidor"}]},{"@type":"WebSite","@id":"https:\/\/pfeifenundzigarren.de\/#website","url":"https:\/\/pfeifenundzigarren.de\/","name":"La mejor tienda en l\u00ednea de pipas y accesorios para puros de Alemania","description":"","publisher":{"@id":"https:\/\/pfeifenundzigarren.de\/#organization"},"potentialAction":[{"@type":"SearchAction","target":{"@type":"EntryPoint","urlTemplate":"https:\/\/pfeifenundzigarren.de\/?s={search_term_string}"},"query-input":{"@type":"PropertyValueSpecification","valueRequired":true,"valueName":"search_term_string"}}],"inLanguage":"es"},{"@type":"Organization","@id":"https:\/\/pfeifenundzigarren.de\/#organization","name":"La mejor tienda en l\u00ednea de pipas y accesorios para puros de Alemania","url":"https:\/\/pfeifenundzigarren.de\/","logo":{"@type":"ImageObject","inLanguage":"es","@id":"https:\/\/pfeifenundzigarren.de\/#\/schema\/logo\/image\/","url":"https:\/\/pfeifenundzigarren.de\/wp-content\/uploads\/2024\/09\/cropped-Luxury-and-Vintage-Ornamental-Coffee-Shop-Logo.png","contentUrl":"https:\/\/pfeifenundzigarren.de\/wp-content\/uploads\/2024\/09\/cropped-Luxury-and-Vintage-Ornamental-Coffee-Shop-Logo.png","width":512,"height":512,"caption":"Der beste Onlineshop f\u00fcr Pfeifen und Zigarrenzubeh\u00f6r in Deutschland"},"image":{"@id":"https:\/\/pfeifenundzigarren.de\/#\/schema\/logo\/image\/"}}]}},"_links":{"self":[{"href":"https:\/\/pfeifenundzigarren.de\/es\/wp-json\/wp\/v2\/product\/4785","targetHints":{"allow":["GET"]}}],"collection":[{"href":"https:\/\/pfeifenundzigarren.de\/es\/wp-json\/wp\/v2\/product"}],"about":[{"href":"https:\/\/pfeifenundzigarren.de\/es\/wp-json\/wp\/v2\/types\/product"}],"replies":[{"embeddable":true,"href":"https:\/\/pfeifenundzigarren.de\/es\/wp-json\/wp\/v2\/comments?post=4785"}],"version-history":[{"count":0,"href":"https:\/\/pfeifenundzigarren.de\/es\/wp-json\/wp\/v2\/product\/4785\/revisions"}],"wp:featuredmedia":[{"embeddable":true,"href":"https:\/\/pfeifenundzigarren.de\/es\/wp-json\/wp\/v2\/media\/4786"}],"wp:attachment":[{"href":"https:\/\/pfeifenundzigarren.de\/es\/wp-json\/wp\/v2\/media?parent=4785"}],"wp:term":[{"taxonomy":"product_brand","embeddable":true,"href":"https:\/\/pfeifenundzigarren.de\/es\/wp-json\/wp\/v2\/product_brand?post=4785"},{"taxonomy":"product_cat","embeddable":true,"href":"https:\/\/pfeifenundzigarren.de\/es\/wp-json\/wp\/v2\/product_cat?post=4785"},{"taxonomy":"product_tag","embeddable":true,"href":"https:\/\/pfeifenundzigarren.de\/es\/wp-json\/wp\/v2\/product_tag?post=4785"}],"curies":[{"name":"wp","href":"https:\/\/api.w.org\/{rel}","templated":true}]}}