{"id":4776,"date":"2024-10-08T03:33:01","date_gmt":"2024-10-08T01:33:01","guid":{"rendered":"https:\/\/pfeifenundzigarren.de\/Produkt\/humidor-mit-automatischer-befeuchtung\/"},"modified":"2024-10-08T09:50:35","modified_gmt":"2024-10-08T07:50:35","slug":"humidor-mit-automatischer-befeuchtung","status":"publish","type":"product","link":"https:\/\/pfeifenundzigarren.de\/es\/Produkt\/humidor-mit-automatischer-befeuchtung\/","title":{"rendered":"Humidificador con humidificaci\u00f3n autom\u00e1tica"},"content":{"rendered":"<p>Saber m\u00e1s<\/p>\n<blockquote><p>Volumen: 23 litros<br \/>\nDimensiones: 10\u2033An x 17,8\u2033F x 20\u2033Al<br \/>\nPeso bruto: 9,2 kg\/25,7 lbs<br \/>\nPeso neto: 11,7 kg\/20,2 libras<br \/>\nLongitud del cable: 208 cm\/2,1 m<br \/>\nHigr\u00f3metro: F\u00e1cil de leer y m\u00e1s preciso<br \/>\nTipo de madera: madera de cedro espa\u00f1ol - \u00a1El mejor amigo de su colecci\u00f3n!<br \/>\n[Otras caracter\u00edsticas] - Puerta de cristal de doble acristalamiento; Control de cristal sensible al tacto; \u226438 dB de bajo ruido; Iluminaci\u00f3n LED integrada; Tecnolog\u00eda de conversi\u00f3n de frecuencia.<\/p><\/blockquote>\n<p>\u3010<a href=\"https:\/\/pfeifenundzigarren.de\/es\/produktkategorie\/zigarren-zubehoer\/humidor-schrank\/\">Humidificador refrigerado electr\u00f3nico<\/a>\u3011Gama de temperatura del humidor Con humidificaci\u00f3n autom\u00e1tica de 12\u00b0C a 23\u00b0C, evitando la influencia de la temperatura y la humedad ambiente y creando una zona m\u00e1s adecuada para el almacenamiento a largo plazo.<br \/>\n\u3010Capacidad para 150 art\u00edculos y ultra silencioso\u3011Este <strong>Humidificador con humidificaci\u00f3n autom\u00e1tica<\/strong> ofrece 2 estantes m\u00f3viles de madera de cedro y un caj\u00f3n de gran volumen de madera de cedro con higr\u00f3metro. El frigor\u00edfico humidor puede almacenar hasta 150 art\u00edculos (sin embalar). El higr\u00f3metro ayuda a controlar la humedad para que sus art\u00edculos se conserven en el entorno de almacenamiento \u00f3ptimo para que tengan m\u00e1s sabor. El nivel de ruido del humidor es inferior a 38 dB. Un regalo ideal.<br \/>\n\u3010Madera de cedro espa\u00f1ol\u3011Este <strong>Humidificador con humidificaci\u00f3n autom\u00e1tica<\/strong> utiliza madera de cedro espa\u00f1ol, cuyo aroma favorece la maduraci\u00f3n, realza el aroma y crea el sabor perfecto para su colecci\u00f3n. Fabricados con madera de cedro sin barnizar, los estantes y cajones est\u00e1n llenos de fragancias naturales y agradables.<br \/>\n\u3010Puerta de cristal de doble acristalamiento y control t\u00e1ctil\u3011Este <strong>Humidificador con humidificaci\u00f3n autom\u00e1tica<\/strong> utiliza una puerta de cristal templado de doble capa. La capa de cristal exterior es aislante, hace sombra y evita eficazmente los rayos UV, mientras que la capa de cristal interior tiene una buena funci\u00f3n de almacenamiento del calor. El control t\u00e1ctil del cristal es sencillo y elegante y evita la apertura frecuente de la puerta, lo que ayuda a mantener constantes la temperatura y la humedad.<\/p>\n<p>\u3010360\u00b0 air circulation cooling\u3011El sistema de refrigeraci\u00f3n de circulaci\u00f3n de aire de 360\u00b0 simula la circulaci\u00f3n de aire para que el aire fr\u00edo circule uniformemente alrededor de cada elemento, evita que el aire h\u00famedo se hunda y garantiza una humedad m\u00e1s uniforme en cada nivel del armario. La circulaci\u00f3n de aire cerrada puede mantener eficazmente el nivel de humedad adecuado para almacenar su colecci\u00f3n.<\/p>\n<div style=\"margin: 0px; padding: 0px;\">\n<div style=\"margin: 0px; padding: 0px;\"><\/div>\n<div style=\"margin: 0px; padding: 0px;\"><img decoding=\"async\" style=\"width: 958px; height: 958px;\" src=\"https:\/\/ae01.alicdn.com\/kf\/S5eabc4815ec149e59c7f29d022686827E.jpg\" width=\"958px\" height=\"958px\" alt=\"\"><\/div>\n<div style=\"margin: 0px; padding: 0px;\"><img decoding=\"async\" style=\"width: 958px; height: 592.562px;\" src=\"https:\/\/ae01.alicdn.com\/kf\/Sfa3271f1ec694b12b35d46ee8c731691q.jpg\" width=\"958px\" height=\"592.562px\" alt=\"\"><\/div>\n<div style=\"margin: 0px; padding: 0px;\"><img decoding=\"async\" style=\"width: 958px; height: 592.562px;\" src=\"https:\/\/ae01.alicdn.com\/kf\/S1302cf9f30e14f499b0812952873e838V.jpg\" width=\"958px\" height=\"592.562px\" alt=\"\"><\/div>\n<div style=\"margin: 0px; padding: 0px;\"><img decoding=\"async\" class=\"desimg\" style=\"width: 1000px; height: 1000px;\" src=\"https:\/\/ae01.alicdn.com\/kf\/S406034eedade444a944a95f594cea349w.jpg\" width=\"1000px\" height=\"1000px\" alt=\"\">\u00a0<img decoding=\"async\" class=\"desimg\" style=\"width: 958px; height: 958px;\" src=\"https:\/\/ae01.alicdn.com\/kf\/S1b773562fc8d4400893ca372ac1364f2Q.jpg\" width=\"958px\" height=\"958px\" alt=\"\">\u00a0<img decoding=\"async\" class=\"desimg\" style=\"width: 958px; height: 958px;\" src=\"https:\/\/ae01.alicdn.com\/kf\/S64e79babe0e046bdae5c75f39a26adc8y.jpg\" width=\"958px\" height=\"958px\" alt=\"\"><br \/>\n<img decoding=\"async\" class=\"desimg\" style=\"width: 958px; height: 958px;\" src=\"https:\/\/ae01.alicdn.com\/kf\/S144ce0b43548435eb7eb4cd667305fbec.jpg\" width=\"958px\" height=\"958px\" alt=\"\"><br \/>\n<img decoding=\"async\" style=\"width: 1000px; height: 618px;\" src=\"https:\/\/ae01.alicdn.com\/kf\/S97c62a729ea44aa3aefd14bb195f098a2.jpg\" width=\"1000px\" height=\"618px\" alt=\"\"><br \/>\n<img decoding=\"async\" style=\"width: 1000px; height: 618px;\" src=\"https:\/\/ae01.alicdn.com\/kf\/S461aec4a357c4de0b755dd4a85c7fa58P.jpg\" width=\"1000px\" height=\"618px\" alt=\"\">\u00a0<img decoding=\"async\" style=\"width: 958px; height: 958px;\" src=\"https:\/\/ae01.alicdn.com\/kf\/S10753eadbeb24e6599146861f81ef40dC.jpg\" width=\"958px\" height=\"958px\" alt=\"\"><br \/>\n<img decoding=\"async\" style=\"width: 958px; height: 958px;\" src=\"https:\/\/ae01.alicdn.com\/kf\/S62005696ae6b43b0adfc2cd43bbf9ea4x.jpg\" width=\"958px\" height=\"958px\" alt=\"\"><\/div>\n<div style=\"margin: 0px; padding: 0px;\">\n<div style=\"margin: 0px; padding: 0px;\"><img decoding=\"async\" class=\"desimg\" style=\"width: 958px; height: 958px;\" src=\"https:\/\/ae01.alicdn.com\/kf\/S73d80f2274fc4bc582797478c03e5161x.jpg\" width=\"958px\" height=\"958px\" alt=\"\"><img decoding=\"async\" class=\"desimg\" style=\"width: 958px; height: 958px;\" src=\"https:\/\/ae01.alicdn.com\/kf\/S93a6c92404914e95801d2dea83d3efab9.jpg\" width=\"958px\" height=\"958px\" alt=\"\"><\/div>\n<p style=\"margin: 0px; padding: 0px;\"><img decoding=\"async\" style=\"width: 958px; height: 517.312px;\" src=\"https:\/\/ae01.alicdn.com\/kf\/S2f198334d2c344a5a1f140af6826e6e5K.jpg\" width=\"958px\" height=\"517.312px\" alt=\"\"><\/p>\n<\/div>\n<div style=\"margin: 0px; padding: 0px;\"><\/div>\n<\/div>\n<p style=\"margin: 0px; padding: 0px;\">","protected":false},"excerpt":{"rendered":"<p>M\u00e1s detalles Volumen: 23 L Dimensiones: 10\u2033An x 17,8\u2033F x 20\u2033Al Peso bruto: 9,2 kg\/25,7 lbs Peso neto: 11,7 kg\/20,2 lbs Longitud del cable:<\/p>","protected":false},"featured_media":4777,"comment_status":"open","ping_status":"closed","template":"","meta":[],"product_brand":[],"product_cat":[78],"product_tag":[],"class_list":{"0":"post-4776","1":"product","2":"type-product","3":"status-publish","4":"has-post-thumbnail","6":"product_cat-zigarren-humidor","8":"first","9":"instock","10":"sale","11":"shipping-taxable","12":"purchasable","13":"product-type-simple"},"yoast_head":"<!-- This site is optimized with the Yoast SEO Premium plugin v26.7 (Yoast SEO v27.4) - https:\/\/yoast.com\/product\/yoast-seo-premium-wordpress\/ -->\n<title>Humidor Mit Automatischer Befeuchtung - Der beste Onlineshop f\u00fcr Pfeifen und Zigarrenzubeh\u00f6r in Deutschland<\/title>\n<meta name=\"robots\" content=\"index, follow, max-snippet:-1, max-image-preview:large, max-video-preview:-1\" \/>\n<link rel=\"canonical\" href=\"https:\/\/pfeifenundzigarren.de\/es\/Produkt\/humidor-mit-automatischer-befeuchtung\/\" \/>\n<meta property=\"og:locale\" content=\"es_ES\" \/>\n<meta property=\"og:type\" content=\"article\" \/>\n<meta property=\"og:title\" content=\"Humidor Mit Automatischer Befeuchtung\" \/>\n<meta property=\"og:description\" content=\"Mehr Details Volumen: 23 L Abmessungen: 10&#8243;B x 17,8&#8243;T x 20&#8243;H Bruttogewicht: 9,2 kg\/25,7 lbs Nettogewicht: 11,7 kg\/20,2 lbs Kabell\u00e4nge:\" \/>\n<meta property=\"og:url\" content=\"https:\/\/pfeifenundzigarren.de\/es\/Produkt\/humidor-mit-automatischer-befeuchtung\/\" \/>\n<meta property=\"og:site_name\" content=\"Der beste Onlineshop f\u00fcr Pfeifen und Zigarrenzubeh\u00f6r in Deutschland\" \/>\n<meta property=\"article:modified_time\" content=\"2024-10-08T07:50:35+00:00\" \/>\n<meta property=\"og:image\" content=\"https:\/\/pfeifenundzigarren.de\/wp-content\/uploads\/2024\/10\/kf-S022a584d95f04cd7890a34b0db80d337V.webp\" \/>\n\t<meta property=\"og:image:width\" content=\"1600\" \/>\n\t<meta property=\"og:image:height\" content=\"1600\" \/>\n\t<meta property=\"og:image:type\" content=\"image\/webp\" \/>\n<meta name=\"twitter:card\" content=\"summary_large_image\" \/>\n<meta name=\"twitter:label1\" content=\"Tiempo de lectura\" \/>\n\t<meta name=\"twitter:data1\" content=\"1 minuto\" \/>\n<script type=\"application\/ld+json\" class=\"yoast-schema-graph\">{\"@context\":\"https:\\\/\\\/schema.org\",\"@graph\":[{\"@type\":\"WebPage\",\"@id\":\"https:\\\/\\\/pfeifenundzigarren.de\\\/Produkt\\\/humidor-mit-automatischer-befeuchtung\\\/\",\"url\":\"https:\\\/\\\/pfeifenundzigarren.de\\\/Produkt\\\/humidor-mit-automatischer-befeuchtung\\\/\",\"name\":\"Humidor Mit Automatischer Befeuchtung - Der beste Onlineshop f\u00fcr Pfeifen und Zigarrenzubeh\u00f6r in Deutschland\",\"isPartOf\":{\"@id\":\"https:\\\/\\\/pfeifenundzigarren.de\\\/#website\"},\"primaryImageOfPage\":{\"@id\":\"https:\\\/\\\/pfeifenundzigarren.de\\\/Produkt\\\/humidor-mit-automatischer-befeuchtung\\\/#primaryimage\"},\"image\":{\"@id\":\"https:\\\/\\\/pfeifenundzigarren.de\\\/Produkt\\\/humidor-mit-automatischer-befeuchtung\\\/#primaryimage\"},\"thumbnailUrl\":\"https:\\\/\\\/pfeifenundzigarren.de\\\/wp-content\\\/uploads\\\/2024\\\/10\\\/kf-S022a584d95f04cd7890a34b0db80d337V.webp\",\"datePublished\":\"2024-10-08T01:33:01+00:00\",\"dateModified\":\"2024-10-08T07:50:35+00:00\",\"breadcrumb\":{\"@id\":\"https:\\\/\\\/pfeifenundzigarren.de\\\/Produkt\\\/humidor-mit-automatischer-befeuchtung\\\/#breadcrumb\"},\"inLanguage\":\"es\",\"potentialAction\":[{\"@type\":\"ReadAction\",\"target\":[\"https:\\\/\\\/pfeifenundzigarren.de\\\/Produkt\\\/humidor-mit-automatischer-befeuchtung\\\/\"]}]},{\"@type\":\"ImageObject\",\"inLanguage\":\"es\",\"@id\":\"https:\\\/\\\/pfeifenundzigarren.de\\\/Produkt\\\/humidor-mit-automatischer-befeuchtung\\\/#primaryimage\",\"url\":\"https:\\\/\\\/pfeifenundzigarren.de\\\/wp-content\\\/uploads\\\/2024\\\/10\\\/kf-S022a584d95f04cd7890a34b0db80d337V.webp\",\"contentUrl\":\"https:\\\/\\\/pfeifenundzigarren.de\\\/wp-content\\\/uploads\\\/2024\\\/10\\\/kf-S022a584d95f04cd7890a34b0db80d337V.webp\",\"width\":1600,\"height\":1600,\"caption\":\"Humidor Mit Automatischer Befeuchtung\"},{\"@type\":\"BreadcrumbList\",\"@id\":\"https:\\\/\\\/pfeifenundzigarren.de\\\/Produkt\\\/humidor-mit-automatischer-befeuchtung\\\/#breadcrumb\",\"itemListElement\":[{\"@type\":\"ListItem\",\"position\":1,\"name\":\"Home\",\"item\":\"https:\\\/\\\/pfeifenundzigarren.de\\\/\"},{\"@type\":\"ListItem\",\"position\":2,\"name\":\"Shop\",\"item\":\"https:\\\/\\\/pfeifenundzigarren.de\\\/shop\\\/\"},{\"@type\":\"ListItem\",\"position\":3,\"name\":\"Humidor Mit Automatischer Befeuchtung\"}]},{\"@type\":\"WebSite\",\"@id\":\"https:\\\/\\\/pfeifenundzigarren.de\\\/#website\",\"url\":\"https:\\\/\\\/pfeifenundzigarren.de\\\/\",\"name\":\"Der beste Onlineshop f\u00fcr Pfeifen und Zigarrenzubeh\u00f6r in Deutschland\",\"description\":\"\",\"publisher\":{\"@id\":\"https:\\\/\\\/pfeifenundzigarren.de\\\/#organization\"},\"potentialAction\":[{\"@type\":\"SearchAction\",\"target\":{\"@type\":\"EntryPoint\",\"urlTemplate\":\"https:\\\/\\\/pfeifenundzigarren.de\\\/?s={search_term_string}\"},\"query-input\":{\"@type\":\"PropertyValueSpecification\",\"valueRequired\":true,\"valueName\":\"search_term_string\"}}],\"inLanguage\":\"es\"},{\"@type\":\"Organization\",\"@id\":\"https:\\\/\\\/pfeifenundzigarren.de\\\/#organization\",\"name\":\"Der beste Onlineshop f\u00fcr Pfeifen und Zigarrenzubeh\u00f6r in Deutschland\",\"url\":\"https:\\\/\\\/pfeifenundzigarren.de\\\/\",\"logo\":{\"@type\":\"ImageObject\",\"inLanguage\":\"es\",\"@id\":\"https:\\\/\\\/pfeifenundzigarren.de\\\/#\\\/schema\\\/logo\\\/image\\\/\",\"url\":\"https:\\\/\\\/pfeifenundzigarren.de\\\/wp-content\\\/uploads\\\/2024\\\/09\\\/cropped-Luxury-and-Vintage-Ornamental-Coffee-Shop-Logo.png\",\"contentUrl\":\"https:\\\/\\\/pfeifenundzigarren.de\\\/wp-content\\\/uploads\\\/2024\\\/09\\\/cropped-Luxury-and-Vintage-Ornamental-Coffee-Shop-Logo.png\",\"width\":512,\"height\":512,\"caption\":\"Der beste Onlineshop f\u00fcr Pfeifen und Zigarrenzubeh\u00f6r in Deutschland\"},\"image\":{\"@id\":\"https:\\\/\\\/pfeifenundzigarren.de\\\/#\\\/schema\\\/logo\\\/image\\\/\"}}]}<\/script>\n<!-- \/ Yoast SEO Premium plugin. -->","yoast_head_json":{"title":"Humidor Mit Automatischer Befeuchtung - Der beste Onlineshop f\u00fcr Pfeifen und Zigarrenzubeh\u00f6r in Deutschland","robots":{"index":"index","follow":"follow","max-snippet":"max-snippet:-1","max-image-preview":"max-image-preview:large","max-video-preview":"max-video-preview:-1"},"canonical":"https:\/\/pfeifenundzigarren.de\/es\/Produkt\/humidor-mit-automatischer-befeuchtung\/","og_locale":"es_ES","og_type":"article","og_title":"Humidor Mit Automatischer Befeuchtung","og_description":"Mehr Details Volumen: 23 L Abmessungen: 10&#8243;B x 17,8&#8243;T x 20&#8243;H Bruttogewicht: 9,2 kg\/25,7 lbs Nettogewicht: 11,7 kg\/20,2 lbs Kabell\u00e4nge:","og_url":"https:\/\/pfeifenundzigarren.de\/es\/Produkt\/humidor-mit-automatischer-befeuchtung\/","og_site_name":"Der beste Onlineshop f\u00fcr Pfeifen und Zigarrenzubeh\u00f6r in Deutschland","article_modified_time":"2024-10-08T07:50:35+00:00","og_image":[{"width":1600,"height":1600,"url":"https:\/\/pfeifenundzigarren.de\/wp-content\/uploads\/2024\/10\/kf-S022a584d95f04cd7890a34b0db80d337V.webp","type":"image\/webp"}],"twitter_card":"summary_large_image","twitter_misc":{"Tiempo de lectura":"1 minuto"},"schema":{"@context":"https:\/\/schema.org","@graph":[{"@type":"WebPage","@id":"https:\/\/pfeifenundzigarren.de\/Produkt\/humidor-mit-automatischer-befeuchtung\/","url":"https:\/\/pfeifenundzigarren.de\/Produkt\/humidor-mit-automatischer-befeuchtung\/","name":"Humidor Mit Automatischer Befeuchtung - Der beste Onlineshop f\u00fcr Pfeifen und Zigarrenzubeh\u00f6r in Deutschland","isPartOf":{"@id":"https:\/\/pfeifenundzigarren.de\/#website"},"primaryImageOfPage":{"@id":"https:\/\/pfeifenundzigarren.de\/Produkt\/humidor-mit-automatischer-befeuchtung\/#primaryimage"},"image":{"@id":"https:\/\/pfeifenundzigarren.de\/Produkt\/humidor-mit-automatischer-befeuchtung\/#primaryimage"},"thumbnailUrl":"https:\/\/pfeifenundzigarren.de\/wp-content\/uploads\/2024\/10\/kf-S022a584d95f04cd7890a34b0db80d337V.webp","datePublished":"2024-10-08T01:33:01+00:00","dateModified":"2024-10-08T07:50:35+00:00","breadcrumb":{"@id":"https:\/\/pfeifenundzigarren.de\/Produkt\/humidor-mit-automatischer-befeuchtung\/#breadcrumb"},"inLanguage":"es","potentialAction":[{"@type":"ReadAction","target":["https:\/\/pfeifenundzigarren.de\/Produkt\/humidor-mit-automatischer-befeuchtung\/"]}]},{"@type":"ImageObject","inLanguage":"es","@id":"https:\/\/pfeifenundzigarren.de\/Produkt\/humidor-mit-automatischer-befeuchtung\/#primaryimage","url":"https:\/\/pfeifenundzigarren.de\/wp-content\/uploads\/2024\/10\/kf-S022a584d95f04cd7890a34b0db80d337V.webp","contentUrl":"https:\/\/pfeifenundzigarren.de\/wp-content\/uploads\/2024\/10\/kf-S022a584d95f04cd7890a34b0db80d337V.webp","width":1600,"height":1600,"caption":"Humidor Mit Automatischer Befeuchtung"},{"@type":"BreadcrumbList","@id":"https:\/\/pfeifenundzigarren.de\/Produkt\/humidor-mit-automatischer-befeuchtung\/#breadcrumb","itemListElement":[{"@type":"ListItem","position":1,"name":"Home","item":"https:\/\/pfeifenundzigarren.de\/"},{"@type":"ListItem","position":2,"name":"Shop","item":"https:\/\/pfeifenundzigarren.de\/shop\/"},{"@type":"ListItem","position":3,"name":"Humidor Mit Automatischer Befeuchtung"}]},{"@type":"WebSite","@id":"https:\/\/pfeifenundzigarren.de\/#website","url":"https:\/\/pfeifenundzigarren.de\/","name":"La mejor tienda en l\u00ednea de pipas y accesorios para puros de Alemania","description":"","publisher":{"@id":"https:\/\/pfeifenundzigarren.de\/#organization"},"potentialAction":[{"@type":"SearchAction","target":{"@type":"EntryPoint","urlTemplate":"https:\/\/pfeifenundzigarren.de\/?s={search_term_string}"},"query-input":{"@type":"PropertyValueSpecification","valueRequired":true,"valueName":"search_term_string"}}],"inLanguage":"es"},{"@type":"Organization","@id":"https:\/\/pfeifenundzigarren.de\/#organization","name":"La mejor tienda en l\u00ednea de pipas y accesorios para puros de Alemania","url":"https:\/\/pfeifenundzigarren.de\/","logo":{"@type":"ImageObject","inLanguage":"es","@id":"https:\/\/pfeifenundzigarren.de\/#\/schema\/logo\/image\/","url":"https:\/\/pfeifenundzigarren.de\/wp-content\/uploads\/2024\/09\/cropped-Luxury-and-Vintage-Ornamental-Coffee-Shop-Logo.png","contentUrl":"https:\/\/pfeifenundzigarren.de\/wp-content\/uploads\/2024\/09\/cropped-Luxury-and-Vintage-Ornamental-Coffee-Shop-Logo.png","width":512,"height":512,"caption":"Der beste Onlineshop f\u00fcr Pfeifen und Zigarrenzubeh\u00f6r in Deutschland"},"image":{"@id":"https:\/\/pfeifenundzigarren.de\/#\/schema\/logo\/image\/"}}]}},"_links":{"self":[{"href":"https:\/\/pfeifenundzigarren.de\/es\/wp-json\/wp\/v2\/product\/4776","targetHints":{"allow":["GET"]}}],"collection":[{"href":"https:\/\/pfeifenundzigarren.de\/es\/wp-json\/wp\/v2\/product"}],"about":[{"href":"https:\/\/pfeifenundzigarren.de\/es\/wp-json\/wp\/v2\/types\/product"}],"replies":[{"embeddable":true,"href":"https:\/\/pfeifenundzigarren.de\/es\/wp-json\/wp\/v2\/comments?post=4776"}],"version-history":[{"count":0,"href":"https:\/\/pfeifenundzigarren.de\/es\/wp-json\/wp\/v2\/product\/4776\/revisions"}],"wp:featuredmedia":[{"embeddable":true,"href":"https:\/\/pfeifenundzigarren.de\/es\/wp-json\/wp\/v2\/media\/4777"}],"wp:attachment":[{"href":"https:\/\/pfeifenundzigarren.de\/es\/wp-json\/wp\/v2\/media?parent=4776"}],"wp:term":[{"taxonomy":"product_brand","embeddable":true,"href":"https:\/\/pfeifenundzigarren.de\/es\/wp-json\/wp\/v2\/product_brand?post=4776"},{"taxonomy":"product_cat","embeddable":true,"href":"https:\/\/pfeifenundzigarren.de\/es\/wp-json\/wp\/v2\/product_cat?post=4776"},{"taxonomy":"product_tag","embeddable":true,"href":"https:\/\/pfeifenundzigarren.de\/es\/wp-json\/wp\/v2\/product_tag?post=4776"}],"curies":[{"name":"wp","href":"https:\/\/api.w.org\/{rel}","templated":true}]}}