{"id":4758,"date":"2024-10-08T03:27:31","date_gmt":"2024-10-08T01:27:31","guid":{"rendered":"https:\/\/pfeifenundzigarren.de\/Produkt\/zigarrenhumidor-aus-spanischem-zedernholz-mit-grosser-kapazitaet\/"},"modified":"2024-12-18T13:50:58","modified_gmt":"2024-12-18T12:50:58","slug":"zigarrenhumidor-aus-spanischem-zedernholz-mit-grosser-kapazitaet","status":"publish","type":"product","link":"https:\/\/pfeifenundzigarren.de\/es\/Produkt\/zigarrenhumidor-aus-spanischem-zedernholz-mit-grosser-kapazitaet\/","title":{"rendered":"Humidor de puros de madera de cedro espa\u00f1ol de gran capacidad"},"content":{"rendered":"<p>Este humidor de puros de madera de cedro espa\u00f1ol de gran capacidad Elija la laca respetuosa con el medio ambiente, que se realiza mediante el complejo proceso de pulido de la laca de piano. La superficie lacada es dura y no es f\u00e1cil de da\u00f1ar, con un alto brillo, radiante y reluciente. Una mirada es suficiente para ponerle en alegr\u00eda, como una obra de arte que le da una experiencia est\u00e9tica profunda.<\/p>\n<p>El humidificador integrado puede reducir la humedad del aire. <a href=\"https:\/\/pfeifenundzigarren.de\/es\/produktkategorie\/zigarren-zubehoer\/zigarren-humidor\/\">Humidificador<\/a> en ambas direcciones y mantener la humedad estable.<\/p>\n<p>El cuidado de los puros no s\u00f3lo requiere una humedad estable, sino tambi\u00e9n una sala de fermentaci\u00f3n saludable. La maduraci\u00f3n de los puros se refiere al proceso de fermentaci\u00f3n durante un largo periodo de tiempo, que permite que la hoja, el capuch\u00f3n y la capa del puro alcancen el mejor estado. Esta es la raz\u00f3n por la que hemos incluido HYGROMETER en el <strong>Humidor de puros de madera de cedro espa\u00f1ol de gran capacidad<\/strong> integran un preciso term\u00f3metro e higr\u00f3metro electr\u00f3nicos incorporados, que nos ayudan a observar f\u00e1cilmente los cambios en el entorno de almacenamiento de los puros.<\/p>\n<p>&nbsp;<\/p>\n<p><img decoding=\"async\" src=\"https:\/\/ae01.alicdn.com\/kf\/S53f0eaa4834d40caa44b5f5484b76ef6E.jpg\" alt=\"\"><img decoding=\"async\" src=\"https:\/\/ae01.alicdn.com\/kf\/Se9dab0c170214d669ab7a9b48d93c71bE.jpg\" alt=\"\"><img decoding=\"async\" src=\"https:\/\/ae01.alicdn.com\/kf\/S309a625d6b7148f8816f168e61e29afeF.jpg\" alt=\"\"><img decoding=\"async\" src=\"https:\/\/ae01.alicdn.com\/kf\/Scedabc2c7bb1478ea3da18587b72c6ecf.jpg\" alt=\"\"><img decoding=\"async\" src=\"https:\/\/ae01.alicdn.com\/kf\/S263945a5719f403a9ca5ec51628184ab4.jpg\" alt=\"\"><img decoding=\"async\" src=\"https:\/\/ae01.alicdn.com\/kf\/Sac8c3de465334e12bdc4b494cb285fc71.jpg\" alt=\"\"><img decoding=\"async\" src=\"https:\/\/ae01.alicdn.com\/kf\/S21a6660343d84667b751d02be81b00798.jpg\" alt=\"\"><img decoding=\"async\" src=\"https:\/\/ae01.alicdn.com\/kf\/S3d6fee932b424516bae2bf40cbc71b62C.jpg\" alt=\"\"><img decoding=\"async\" src=\"https:\/\/ae01.alicdn.com\/kf\/S641fb3182399487e8415c5757edbee3ce.jpg\" alt=\"\"><img decoding=\"async\" src=\"https:\/\/ae01.alicdn.com\/kf\/S250c874de6984e97b871433ae30cf71c3.jpg\" alt=\"\"><img decoding=\"async\" src=\"https:\/\/ae01.alicdn.com\/kf\/Sdd0c2551944e40b5baef5c0d3356b741F.jpg\" alt=\"\"><img decoding=\"async\" src=\"https:\/\/ae01.alicdn.com\/kf\/Sed0fe520f2414d24be0641d41069ad1aP.jpg\" alt=\"\"><img decoding=\"async\" src=\"https:\/\/ae01.alicdn.com\/kf\/S805d4d6b13e5406f9d3cf7a4ecb9f48cD.jpg\" alt=\"\"><img decoding=\"async\" src=\"https:\/\/ae01.alicdn.com\/kf\/Scca50bd1ee9f4378a0ffad2e177b92eaf.jpg\" alt=\"\"><img decoding=\"async\" src=\"https:\/\/ae01.alicdn.com\/kf\/S4b4e42ec7ccd44ca9fc7ab8527507379J.jpg\" alt=\"\"><img decoding=\"async\" src=\"https:\/\/ae01.alicdn.com\/kf\/S0e1ab4496a1d438186dfaff0db72832aS.jpg\" alt=\"\"><img decoding=\"async\" src=\"https:\/\/ae01.alicdn.com\/kf\/S08e91c18a2d84538a175464087cd6c3bF.jpg\" alt=\"\"><img decoding=\"async\" src=\"https:\/\/ae01.alicdn.com\/kf\/Sacfe40aef6b54c3f8eb3dc86a60eb4b6P.jpg\" alt=\"\"><img decoding=\"async\" src=\"https:\/\/ae01.alicdn.com\/kf\/Sd2f9c6c303bd4e18acb15cbb033bae5aN.jpg\" alt=\"\"><img decoding=\"async\" src=\"https:\/\/ae01.alicdn.com\/kf\/S4834ed0d51e949b49062b8366873f46dq.jpg\" alt=\"\"><img decoding=\"async\" src=\"https:\/\/ae01.alicdn.com\/kf\/S93d5cc76da974122b6842da0decb855dh.jpg\" alt=\"\"><img decoding=\"async\" src=\"https:\/\/ae01.alicdn.com\/kf\/Sdab1b0b8c11d45c4adbe37bad0d4b826L.jpg\" alt=\"\"><img decoding=\"async\" src=\"https:\/\/ae01.alicdn.com\/kf\/S379539cc583440689c58da24eb97c44ew.jpg\" alt=\"\"><img decoding=\"async\" src=\"https:\/\/ae01.alicdn.com\/kf\/Sa12efd4b1f3c4b548c915c1d8f2ef65dC.jpg\" alt=\"\"><img decoding=\"async\" src=\"https:\/\/ae01.alicdn.com\/kf\/S7efa19d702724d5f9a6f0ea43b6ecd56U.jpg\" alt=\"\"><img decoding=\"async\" src=\"https:\/\/ae01.alicdn.com\/kf\/Sc71750efeaf3405c91f938fbac2cdacfi.jpg\" alt=\"\"><img decoding=\"async\" src=\"https:\/\/ae01.alicdn.com\/kf\/S2ff5eb7ac45b44c2b3a7a67bdb8427abb.jpg\" alt=\"\"><img decoding=\"async\" src=\"https:\/\/ae01.alicdn.com\/kf\/Sea4d76fd5c77472a9163cd5f026eba49J.jpg\" alt=\"\"><img decoding=\"async\" src=\"https:\/\/ae01.alicdn.com\/kf\/Sde423d2538264cf09cc8b8c45e61942aB.jpg\" alt=\"\"><img decoding=\"async\" src=\"https:\/\/ae01.alicdn.com\/kf\/S2363b8371ba94bb1bb24f4c3ffee351cV.jpg\" alt=\"\"><img decoding=\"async\" src=\"https:\/\/ae01.alicdn.com\/kf\/S239c53bcd2f646869b72690db62a85f1U.jpg\" alt=\"\"><img decoding=\"async\" src=\"https:\/\/ae01.alicdn.com\/kf\/S04f01d76d47b4a699c43ddc564a44ba99.jpg\" alt=\"\"><img decoding=\"async\" src=\"https:\/\/ae01.alicdn.com\/kf\/S2825280a8f784c3bb78b1fe8f7f7757bT.jpg\" alt=\"\"><img decoding=\"async\" src=\"https:\/\/ae01.alicdn.com\/kf\/S0ff8d5cec5f449f98ca04c4cc1af1706L.jpg\" alt=\"\"><img decoding=\"async\" src=\"https:\/\/ae01.alicdn.com\/kf\/S0727c4ce1a9344d89ae7b3a9f2931ae4u.jpg\" alt=\"\"><\/p>","protected":false},"excerpt":{"rendered":"<p>Este humidor de puros de madera de cedro espa\u00f1ol con gran capacidad Elija laca respetuosa con el medio ambiente, que se produce por el complejo proceso de pulido de laca de piano.<\/p>","protected":false},"featured_media":4759,"comment_status":"open","ping_status":"closed","template":"","meta":[],"product_brand":[],"product_cat":[78],"product_tag":[],"class_list":{"0":"post-4758","1":"product","2":"type-product","3":"status-publish","4":"has-post-thumbnail","6":"product_cat-zigarren-humidor","8":"first","9":"instock","10":"sale","11":"shipping-taxable","12":"purchasable","13":"product-type-variable","14":"wvs-archive-product-wrapper"},"yoast_head":"<!-- This site is optimized with the Yoast SEO Premium plugin v26.7 (Yoast SEO v27.4) - https:\/\/yoast.com\/product\/yoast-seo-premium-wordpress\/ -->\n<title>Zigarrenhumidor aus spanischem Zedernholz mit gro\u00dfer Kapazit\u00e4t - Der beste Onlineshop f\u00fcr Pfeifen und Zigarrenzubeh\u00f6r in Deutschland<\/title>\n<meta name=\"robots\" content=\"index, follow, max-snippet:-1, max-image-preview:large, max-video-preview:-1\" \/>\n<link rel=\"canonical\" href=\"https:\/\/pfeifenundzigarren.de\/es\/Produkt\/zigarrenhumidor-aus-spanischem-zedernholz-mit-grosser-kapazitaet\/\" \/>\n<meta property=\"og:locale\" content=\"es_ES\" \/>\n<meta property=\"og:type\" content=\"article\" \/>\n<meta property=\"og:title\" content=\"Zigarrenhumidor aus spanischem Zedernholz mit gro\u00dfer Kapazit\u00e4t\" \/>\n<meta property=\"og:description\" content=\"Dieser Zigarrenhumidor aus spanischem Zedernholz mit gro\u00dfer Kapazit\u00e4t W\u00e4hlen Sie umweltfreundlichen Lack, der durch den komplexen Polierprozess des Klavierlacks hergestellt\" \/>\n<meta property=\"og:url\" content=\"https:\/\/pfeifenundzigarren.de\/es\/Produkt\/zigarrenhumidor-aus-spanischem-zedernholz-mit-grosser-kapazitaet\/\" \/>\n<meta property=\"og:site_name\" content=\"Der beste Onlineshop f\u00fcr Pfeifen und Zigarrenzubeh\u00f6r in Deutschland\" \/>\n<meta property=\"article:modified_time\" content=\"2024-12-18T12:50:58+00:00\" \/>\n<meta property=\"og:image\" content=\"https:\/\/pfeifenundzigarren.de\/wp-content\/uploads\/2024\/10\/kf-S4b4e42ec7ccd44ca9fc7ab8527507379J.webp\" \/>\n\t<meta property=\"og:image:width\" content=\"1000\" \/>\n\t<meta property=\"og:image:height\" content=\"1000\" \/>\n\t<meta property=\"og:image:type\" content=\"image\/webp\" \/>\n<meta name=\"twitter:card\" content=\"summary_large_image\" \/>\n<meta name=\"twitter:label1\" content=\"Tiempo de lectura\" \/>\n\t<meta name=\"twitter:data1\" content=\"1 minuto\" \/>\n<script type=\"application\/ld+json\" class=\"yoast-schema-graph\">{\"@context\":\"https:\\\/\\\/schema.org\",\"@graph\":[{\"@type\":\"WebPage\",\"@id\":\"https:\\\/\\\/pfeifenundzigarren.de\\\/Produkt\\\/zigarrenhumidor-aus-spanischem-zedernholz-mit-grosser-kapazitaet\\\/\",\"url\":\"https:\\\/\\\/pfeifenundzigarren.de\\\/Produkt\\\/zigarrenhumidor-aus-spanischem-zedernholz-mit-grosser-kapazitaet\\\/\",\"name\":\"Zigarrenhumidor aus spanischem Zedernholz mit gro\u00dfer Kapazit\u00e4t - Der beste Onlineshop f\u00fcr Pfeifen und Zigarrenzubeh\u00f6r in Deutschland\",\"isPartOf\":{\"@id\":\"https:\\\/\\\/pfeifenundzigarren.de\\\/#website\"},\"primaryImageOfPage\":{\"@id\":\"https:\\\/\\\/pfeifenundzigarren.de\\\/Produkt\\\/zigarrenhumidor-aus-spanischem-zedernholz-mit-grosser-kapazitaet\\\/#primaryimage\"},\"image\":{\"@id\":\"https:\\\/\\\/pfeifenundzigarren.de\\\/Produkt\\\/zigarrenhumidor-aus-spanischem-zedernholz-mit-grosser-kapazitaet\\\/#primaryimage\"},\"thumbnailUrl\":\"https:\\\/\\\/pfeifenundzigarren.de\\\/wp-content\\\/uploads\\\/2024\\\/10\\\/kf-S4b4e42ec7ccd44ca9fc7ab8527507379J.webp\",\"datePublished\":\"2024-10-08T01:27:31+00:00\",\"dateModified\":\"2024-12-18T12:50:58+00:00\",\"breadcrumb\":{\"@id\":\"https:\\\/\\\/pfeifenundzigarren.de\\\/Produkt\\\/zigarrenhumidor-aus-spanischem-zedernholz-mit-grosser-kapazitaet\\\/#breadcrumb\"},\"inLanguage\":\"es\",\"potentialAction\":[{\"@type\":\"ReadAction\",\"target\":[\"https:\\\/\\\/pfeifenundzigarren.de\\\/Produkt\\\/zigarrenhumidor-aus-spanischem-zedernholz-mit-grosser-kapazitaet\\\/\"]}]},{\"@type\":\"ImageObject\",\"inLanguage\":\"es\",\"@id\":\"https:\\\/\\\/pfeifenundzigarren.de\\\/Produkt\\\/zigarrenhumidor-aus-spanischem-zedernholz-mit-grosser-kapazitaet\\\/#primaryimage\",\"url\":\"https:\\\/\\\/pfeifenundzigarren.de\\\/wp-content\\\/uploads\\\/2024\\\/10\\\/kf-S4b4e42ec7ccd44ca9fc7ab8527507379J.webp\",\"contentUrl\":\"https:\\\/\\\/pfeifenundzigarren.de\\\/wp-content\\\/uploads\\\/2024\\\/10\\\/kf-S4b4e42ec7ccd44ca9fc7ab8527507379J.webp\",\"width\":1000,\"height\":1000,\"caption\":\"Zigarrenhumidor aus spanischem Zedernholz mit gro\u00dfer Kapazit\u00e4t\"},{\"@type\":\"BreadcrumbList\",\"@id\":\"https:\\\/\\\/pfeifenundzigarren.de\\\/Produkt\\\/zigarrenhumidor-aus-spanischem-zedernholz-mit-grosser-kapazitaet\\\/#breadcrumb\",\"itemListElement\":[{\"@type\":\"ListItem\",\"position\":1,\"name\":\"Home\",\"item\":\"https:\\\/\\\/pfeifenundzigarren.de\\\/\"},{\"@type\":\"ListItem\",\"position\":2,\"name\":\"Shop\",\"item\":\"https:\\\/\\\/pfeifenundzigarren.de\\\/shop\\\/\"},{\"@type\":\"ListItem\",\"position\":3,\"name\":\"Zigarrenhumidor aus spanischem Zedernholz mit gro\u00dfer Kapazit\u00e4t\"}]},{\"@type\":\"WebSite\",\"@id\":\"https:\\\/\\\/pfeifenundzigarren.de\\\/#website\",\"url\":\"https:\\\/\\\/pfeifenundzigarren.de\\\/\",\"name\":\"Der beste Onlineshop f\u00fcr Pfeifen und Zigarrenzubeh\u00f6r in Deutschland\",\"description\":\"\",\"publisher\":{\"@id\":\"https:\\\/\\\/pfeifenundzigarren.de\\\/#organization\"},\"potentialAction\":[{\"@type\":\"SearchAction\",\"target\":{\"@type\":\"EntryPoint\",\"urlTemplate\":\"https:\\\/\\\/pfeifenundzigarren.de\\\/?s={search_term_string}\"},\"query-input\":{\"@type\":\"PropertyValueSpecification\",\"valueRequired\":true,\"valueName\":\"search_term_string\"}}],\"inLanguage\":\"es\"},{\"@type\":\"Organization\",\"@id\":\"https:\\\/\\\/pfeifenundzigarren.de\\\/#organization\",\"name\":\"Der beste Onlineshop f\u00fcr Pfeifen und Zigarrenzubeh\u00f6r in Deutschland\",\"url\":\"https:\\\/\\\/pfeifenundzigarren.de\\\/\",\"logo\":{\"@type\":\"ImageObject\",\"inLanguage\":\"es\",\"@id\":\"https:\\\/\\\/pfeifenundzigarren.de\\\/#\\\/schema\\\/logo\\\/image\\\/\",\"url\":\"https:\\\/\\\/pfeifenundzigarren.de\\\/wp-content\\\/uploads\\\/2024\\\/09\\\/cropped-Luxury-and-Vintage-Ornamental-Coffee-Shop-Logo.png\",\"contentUrl\":\"https:\\\/\\\/pfeifenundzigarren.de\\\/wp-content\\\/uploads\\\/2024\\\/09\\\/cropped-Luxury-and-Vintage-Ornamental-Coffee-Shop-Logo.png\",\"width\":512,\"height\":512,\"caption\":\"Der beste Onlineshop f\u00fcr Pfeifen und Zigarrenzubeh\u00f6r in Deutschland\"},\"image\":{\"@id\":\"https:\\\/\\\/pfeifenundzigarren.de\\\/#\\\/schema\\\/logo\\\/image\\\/\"}}]}<\/script>\n<!-- \/ Yoast SEO Premium plugin. -->","yoast_head_json":{"title":"Zigarrenhumidor aus spanischem Zedernholz mit gro\u00dfer Kapazit\u00e4t - Der beste Onlineshop f\u00fcr Pfeifen und Zigarrenzubeh\u00f6r in Deutschland","robots":{"index":"index","follow":"follow","max-snippet":"max-snippet:-1","max-image-preview":"max-image-preview:large","max-video-preview":"max-video-preview:-1"},"canonical":"https:\/\/pfeifenundzigarren.de\/es\/Produkt\/zigarrenhumidor-aus-spanischem-zedernholz-mit-grosser-kapazitaet\/","og_locale":"es_ES","og_type":"article","og_title":"Zigarrenhumidor aus spanischem Zedernholz mit gro\u00dfer Kapazit\u00e4t","og_description":"Dieser Zigarrenhumidor aus spanischem Zedernholz mit gro\u00dfer Kapazit\u00e4t W\u00e4hlen Sie umweltfreundlichen Lack, der durch den komplexen Polierprozess des Klavierlacks hergestellt","og_url":"https:\/\/pfeifenundzigarren.de\/es\/Produkt\/zigarrenhumidor-aus-spanischem-zedernholz-mit-grosser-kapazitaet\/","og_site_name":"Der beste Onlineshop f\u00fcr Pfeifen und Zigarrenzubeh\u00f6r in Deutschland","article_modified_time":"2024-12-18T12:50:58+00:00","og_image":[{"width":1000,"height":1000,"url":"https:\/\/pfeifenundzigarren.de\/wp-content\/uploads\/2024\/10\/kf-S4b4e42ec7ccd44ca9fc7ab8527507379J.webp","type":"image\/webp"}],"twitter_card":"summary_large_image","twitter_misc":{"Tiempo de lectura":"1 minuto"},"schema":{"@context":"https:\/\/schema.org","@graph":[{"@type":"WebPage","@id":"https:\/\/pfeifenundzigarren.de\/Produkt\/zigarrenhumidor-aus-spanischem-zedernholz-mit-grosser-kapazitaet\/","url":"https:\/\/pfeifenundzigarren.de\/Produkt\/zigarrenhumidor-aus-spanischem-zedernholz-mit-grosser-kapazitaet\/","name":"Zigarrenhumidor aus spanischem Zedernholz mit gro\u00dfer Kapazit\u00e4t - Der beste Onlineshop f\u00fcr Pfeifen und Zigarrenzubeh\u00f6r in Deutschland","isPartOf":{"@id":"https:\/\/pfeifenundzigarren.de\/#website"},"primaryImageOfPage":{"@id":"https:\/\/pfeifenundzigarren.de\/Produkt\/zigarrenhumidor-aus-spanischem-zedernholz-mit-grosser-kapazitaet\/#primaryimage"},"image":{"@id":"https:\/\/pfeifenundzigarren.de\/Produkt\/zigarrenhumidor-aus-spanischem-zedernholz-mit-grosser-kapazitaet\/#primaryimage"},"thumbnailUrl":"https:\/\/pfeifenundzigarren.de\/wp-content\/uploads\/2024\/10\/kf-S4b4e42ec7ccd44ca9fc7ab8527507379J.webp","datePublished":"2024-10-08T01:27:31+00:00","dateModified":"2024-12-18T12:50:58+00:00","breadcrumb":{"@id":"https:\/\/pfeifenundzigarren.de\/Produkt\/zigarrenhumidor-aus-spanischem-zedernholz-mit-grosser-kapazitaet\/#breadcrumb"},"inLanguage":"es","potentialAction":[{"@type":"ReadAction","target":["https:\/\/pfeifenundzigarren.de\/Produkt\/zigarrenhumidor-aus-spanischem-zedernholz-mit-grosser-kapazitaet\/"]}]},{"@type":"ImageObject","inLanguage":"es","@id":"https:\/\/pfeifenundzigarren.de\/Produkt\/zigarrenhumidor-aus-spanischem-zedernholz-mit-grosser-kapazitaet\/#primaryimage","url":"https:\/\/pfeifenundzigarren.de\/wp-content\/uploads\/2024\/10\/kf-S4b4e42ec7ccd44ca9fc7ab8527507379J.webp","contentUrl":"https:\/\/pfeifenundzigarren.de\/wp-content\/uploads\/2024\/10\/kf-S4b4e42ec7ccd44ca9fc7ab8527507379J.webp","width":1000,"height":1000,"caption":"Zigarrenhumidor aus spanischem Zedernholz mit gro\u00dfer Kapazit\u00e4t"},{"@type":"BreadcrumbList","@id":"https:\/\/pfeifenundzigarren.de\/Produkt\/zigarrenhumidor-aus-spanischem-zedernholz-mit-grosser-kapazitaet\/#breadcrumb","itemListElement":[{"@type":"ListItem","position":1,"name":"Home","item":"https:\/\/pfeifenundzigarren.de\/"},{"@type":"ListItem","position":2,"name":"Shop","item":"https:\/\/pfeifenundzigarren.de\/shop\/"},{"@type":"ListItem","position":3,"name":"Zigarrenhumidor aus spanischem Zedernholz mit gro\u00dfer Kapazit\u00e4t"}]},{"@type":"WebSite","@id":"https:\/\/pfeifenundzigarren.de\/#website","url":"https:\/\/pfeifenundzigarren.de\/","name":"La mejor tienda en l\u00ednea de pipas y accesorios para puros de Alemania","description":"","publisher":{"@id":"https:\/\/pfeifenundzigarren.de\/#organization"},"potentialAction":[{"@type":"SearchAction","target":{"@type":"EntryPoint","urlTemplate":"https:\/\/pfeifenundzigarren.de\/?s={search_term_string}"},"query-input":{"@type":"PropertyValueSpecification","valueRequired":true,"valueName":"search_term_string"}}],"inLanguage":"es"},{"@type":"Organization","@id":"https:\/\/pfeifenundzigarren.de\/#organization","name":"La mejor tienda en l\u00ednea de pipas y accesorios para puros de Alemania","url":"https:\/\/pfeifenundzigarren.de\/","logo":{"@type":"ImageObject","inLanguage":"es","@id":"https:\/\/pfeifenundzigarren.de\/#\/schema\/logo\/image\/","url":"https:\/\/pfeifenundzigarren.de\/wp-content\/uploads\/2024\/09\/cropped-Luxury-and-Vintage-Ornamental-Coffee-Shop-Logo.png","contentUrl":"https:\/\/pfeifenundzigarren.de\/wp-content\/uploads\/2024\/09\/cropped-Luxury-and-Vintage-Ornamental-Coffee-Shop-Logo.png","width":512,"height":512,"caption":"Der beste Onlineshop f\u00fcr Pfeifen und Zigarrenzubeh\u00f6r in Deutschland"},"image":{"@id":"https:\/\/pfeifenundzigarren.de\/#\/schema\/logo\/image\/"}}]}},"_links":{"self":[{"href":"https:\/\/pfeifenundzigarren.de\/es\/wp-json\/wp\/v2\/product\/4758","targetHints":{"allow":["GET"]}}],"collection":[{"href":"https:\/\/pfeifenundzigarren.de\/es\/wp-json\/wp\/v2\/product"}],"about":[{"href":"https:\/\/pfeifenundzigarren.de\/es\/wp-json\/wp\/v2\/types\/product"}],"replies":[{"embeddable":true,"href":"https:\/\/pfeifenundzigarren.de\/es\/wp-json\/wp\/v2\/comments?post=4758"}],"version-history":[{"count":0,"href":"https:\/\/pfeifenundzigarren.de\/es\/wp-json\/wp\/v2\/product\/4758\/revisions"}],"wp:featuredmedia":[{"embeddable":true,"href":"https:\/\/pfeifenundzigarren.de\/es\/wp-json\/wp\/v2\/media\/4759"}],"wp:attachment":[{"href":"https:\/\/pfeifenundzigarren.de\/es\/wp-json\/wp\/v2\/media?parent=4758"}],"wp:term":[{"taxonomy":"product_brand","embeddable":true,"href":"https:\/\/pfeifenundzigarren.de\/es\/wp-json\/wp\/v2\/product_brand?post=4758"},{"taxonomy":"product_cat","embeddable":true,"href":"https:\/\/pfeifenundzigarren.de\/es\/wp-json\/wp\/v2\/product_cat?post=4758"},{"taxonomy":"product_tag","embeddable":true,"href":"https:\/\/pfeifenundzigarren.de\/es\/wp-json\/wp\/v2\/product_tag?post=4758"}],"curies":[{"name":"wp","href":"https:\/\/api.w.org\/{rel}","templated":true}]}}