{"id":4745,"date":"2024-10-08T03:25:46","date_gmt":"2024-10-08T01:25:46","guid":{"rendered":"https:\/\/pfeifenundzigarren.de\/Produkt\/luxurioeser-kleiner-humidor\/"},"modified":"2026-01-20T08:15:53","modified_gmt":"2026-01-20T07:15:53","slug":"luxurioeser-kleiner-humidor","status":"publish","type":"product","link":"https:\/\/pfeifenundzigarren.de\/es\/Produkt\/luxurioeser-kleiner-humidor\/","title":{"rendered":"Lujoso humidor peque\u00f1o"},"content":{"rendered":"<div class=\"detailmodule_html\">\n<div class=\"detail-desc-decorate-richtext\">\n<div style=\"margin: 10px auto 0px auto; max-width: 100%;\">\n<p>Dimensiones: 260 mm x 220 mm x 68 mm<br \/>\nCapacidad: aprox. 20 puros<br \/>\nAccesorios: ventana de cristal muy transparente, higr\u00f3metro, humidificador, tabique divisorio<br \/>\nControl de la humedad: higr\u00f3metro incorporado para un control continuo de la humedad<\/p>\n<p>Bisagras de aleaci\u00f3n de zinc:Esta <strong>Lujoso humidor peque\u00f1o<\/strong> est\u00e1 fabricada internamente con un proceso de aleaci\u00f3n de zinc, a prueba de \u00f3xido y duradera. El \u00e1ngulo de apertura es de 90 grados, la bisagra utiliza rodamientos de bolas de acero para un funcionamiento silencioso.<\/p>\n<p>GRAN CAPACIDAD<\/p>\n<p>El rasgo m\u00e1s caracter\u00edstico de esta <strong>Lujoso humidor peque\u00f1o<\/strong> es la unidad de almacenamiento extra\u00edble de doble capa que cumple los requisitos para guardar distintos tipos de puros.<\/p>\n<p>VENTANA DE CRISTAL MUY TRANSPARENTE<\/p>\n<p>En <strong>Lujoso humidor peque\u00f1o<\/strong> El exterior utiliza cristal muy transparente para que pueda observarse en todo momento el estado del interior.<\/p>\n<h2>Preguntas frecuentes sobre el Humidificador Peque\u00f1o de Lujo:<\/h2>\n<h3>Uso del higr\u00f3metro<\/h3>\n<p>El higr\u00f3metro tradicional mide la humedad seg\u00fan el principio de la espiral. Los errores son relativamente peque\u00f1os y no es necesario recalibrarlo despu\u00e9s de recibirlo. Si el higr\u00f3metro no funciona correctamente, sople ligeramente sobre \u00e9l o l\u00edmpielo con un pa\u00f1o limpio.<\/p>\n<h3>Uso de la caja de puros<\/h3>\n<p>Retire el humidificador del <a href=\"https:\/\/pfeifenundzigarren.de\/es\/produktkategorie\/zigarren-humidor\/\">Caja de puros<\/a>. Tenga cuidado de no verter agua directamente en la caja de puros para evitar da\u00f1os.<br \/>\nA\u00f1ada agua destilada o l\u00edquido para el cuidado del pino nevado al humidificador.<br \/>\nVierta agua en la bandeja del humidificador. Se recomienda utilizar l\u00edquido de cuidado de pino nevado para el primer uso.<br \/>\nNo utilice demasiada agua. El humidificador debe estar h\u00famedo pero no empapado.<br \/>\nLimpie el exterior del humidificador con un pa\u00f1o limpio y seco y f\u00edjelo en la caja para puros. Guarde el humidificador y el higr\u00f3metro en la caja como de costumbre.<\/p>\n<h3>Utilizaci\u00f3n del humidificador<\/h3>\n<p>El humidificador est\u00e1 fabricado con pl\u00e1stico respetuoso con el medio ambiente que absorbe el agua y libera la humedad. Sumerja el humidificador en agua destilada (o humidificador de pino nevado) durante un minuto, deje que absorba el agua por completo y, a continuaci\u00f3n, s\u00e9quelo con un pa\u00f1o y f\u00edjelo en la posici\u00f3n prevista con la cinta adhesiva 3M.<\/p>\n<\/div>\n<div>\n<div>\n<p><img decoding=\"async\" src=\"https:\/\/ae01.alicdn.com\/kf\/Sdf5cd009ddfd419481c613f130261ff9l.jpg\" alt=\"\"><br \/>\n<img decoding=\"async\" src=\"https:\/\/ae01.alicdn.com\/kf\/S29d6f1c715b64490be4cada70ef396c8k.jpg\" alt=\"\"><br \/>\n<img decoding=\"async\" src=\"https:\/\/ae01.alicdn.com\/kf\/S6dede463014f4869b816019f5ac213der.jpg\" alt=\"\"><br \/>\n<img decoding=\"async\" src=\"https:\/\/ae01.alicdn.com\/kf\/S2118d5db041e42d6a08c6e7b8f44a6caQ.jpg\" alt=\"\"><br \/>\n<img decoding=\"async\" src=\"https:\/\/ae01.alicdn.com\/kf\/S967b02eae4d54eb7b598eb67282f44900.jpg\" alt=\"\"><br \/>\n<img decoding=\"async\" src=\"https:\/\/ae01.alicdn.com\/kf\/S1191ff3c3fb3418c80502adf8af8d50aR.jpg\" alt=\"\"><br \/>\n<img decoding=\"async\" src=\"https:\/\/ae01.alicdn.com\/kf\/S311e39cb8c7d443d934b9786326cd2eat.jpg\" alt=\"\"><br \/>\n<img decoding=\"async\" src=\"https:\/\/ae01.alicdn.com\/kf\/S795051334a754e1284b06f911219ca06o.jpg\" alt=\"\"><br \/>\n<img decoding=\"async\" src=\"https:\/\/ae01.alicdn.com\/kf\/S52f90abed0df48de8dea63ba948b1404s.jpg\" alt=\"\"><br \/>\n<img decoding=\"async\" src=\"https:\/\/ae01.alicdn.com\/kf\/S38486f6fbac64acc8b15989720322582H.jpg\" alt=\"\"> <img decoding=\"async\" src=\"https:\/\/ae01.alicdn.com\/kf\/Sac43e896b64148528a0591415fa576ffk.jpg?width=1001&amp;height=1001&amp;hash=2002\" alt=\"\"> <img decoding=\"async\" src=\"https:\/\/ae01.alicdn.com\/kf\/S4f67842b39064c828d569effadeb6d71K.jpg?width=1001&amp;height=1001&amp;hash=2002\" alt=\"\"><\/p>\n<\/div>\n<\/div>\n<div style=\"margin: 10px auto 0px auto; max-width: 100%;\">\n<div><\/div>\n<div style=\"margin-top: -85.84%;\">\n<div style=\"margin-top: 0%; margin-left: 0%; width: 33.3333%;\"><a class=\"\" href=\"http:\/\/www.aliexpress.com\/item\/detail\/1005003216740500.html\" target=\"_blank\" rel=\"noopener nofollow\"><img decoding=\"async\" style=\"width: 310px; height: 400px;\" src=\"https:\/\/ae01.alicdn.com\/kf\/Safed2ee801eb4974b41d76e79517aad2S.png?width=310&amp;height=400&amp;hash=710\" width=\"310px\" height=\"400px\" alt=\"\"><\/a><\/div>\n<div style=\"margin-top: -42.92%; margin-left: 33%; width: 33.3333%;\"><a class=\"\" href=\"http:\/\/www.aliexpress.com\/item\/detail\/32866516819.html\" target=\"_blank\" rel=\"noopener nofollow\"><img decoding=\"async\" style=\"width: 310px; height: 400px;\" src=\"https:\/\/ae01.alicdn.com\/kf\/Safed2ee801eb4974b41d76e79517aad2S.png?width=310&amp;height=400&amp;hash=710\" width=\"310px\" height=\"400px\" alt=\"\"><\/a><\/div>\n<div style=\"margin-top: -42.92%; margin-left: 66%; width: 33.3333%;\"><a class=\"\" href=\"http:\/\/www.aliexpress.com\/item\/detail\/1005004553757909.html\" target=\"_blank\" rel=\"noopener nofollow\"><img decoding=\"async\" style=\"width: 310px; height: 400px;\" src=\"https:\/\/ae01.alicdn.com\/kf\/Safed2ee801eb4974b41d76e79517aad2S.png?width=310&amp;height=400&amp;hash=710\" width=\"310px\" height=\"400px\" alt=\"\"><\/a><\/div>\n<div style=\"margin-top: 0%; margin-left: 0%; width: 33.3333%;\"><a class=\"\" href=\"http:\/\/www.aliexpress.com\/item\/detail\/1005003713123067.html\" target=\"_blank\" rel=\"noopener nofollow\"><img decoding=\"async\" style=\"width: 310px; height: 400px;\" src=\"https:\/\/ae01.alicdn.com\/kf\/Safed2ee801eb4974b41d76e79517aad2S.png?width=310&amp;height=400&amp;hash=710\" width=\"310px\" height=\"400px\" alt=\"\"><\/a><\/div>\n<div style=\"margin-top: -42.92%; margin-left: 33%; width: 33.3333%;\"><a class=\"\" href=\"http:\/\/www.aliexpress.com\/item\/detail\/1005002355142491.html\" target=\"_blank\" rel=\"noopener nofollow\"><img decoding=\"async\" style=\"width: 310px; height: 400px;\" src=\"https:\/\/ae01.alicdn.com\/kf\/Safed2ee801eb4974b41d76e79517aad2S.png?width=310&amp;height=400&amp;hash=710\" width=\"310px\" height=\"400px\" alt=\"\"><\/a><\/div>\n<div style=\"margin-top: -42.92%; margin-left: 66%; width: 33.3333%;\"><a class=\"\" href=\"http:\/\/www.aliexpress.com\/item\/detail\/1005004801535120.html\" target=\"_blank\" rel=\"noopener nofollow\"><img decoding=\"async\" style=\"width: 310px; height: 400px;\" src=\"https:\/\/ae01.alicdn.com\/kf\/Safed2ee801eb4974b41d76e79517aad2S.png?width=310&amp;height=400&amp;hash=710\" width=\"310px\" height=\"400px\" alt=\"\"><\/a><\/div>\n<\/div>\n<\/div>\n<div style=\"margin: 10px auto 0px auto; max-width: 100%;\">\n<div><\/div>\n<div style=\"margin-top: -26.39%; margin-left: 0.54%; width: 33.26%;\"><a class=\"\" href=\"https:\/\/galiner.aliexpress.com\/store\/group\/Unite-State-warehouse\/812646_518509342.html?spm=a2g0o.store_pc_allProduct.0.0.3a826263eAZdZ5\" target=\"_blank\" rel=\"noopener nofollow\"><img decoding=\"async\" style=\"width: 310px; height: 200px;\" src=\"https:\/\/ae03.alicdn.com\/kf\/S4d983bf02bb04abcb204834eb16383a64.jpg\" width=\"310px\" height=\"200px\" alt=\"\"><\/a><\/div>\n<div style=\"margin-top: -15.24%; margin-left: 33.15%; width: 32.73%;\"><a class=\"\" href=\"https:\/\/galiner.aliexpress.com\/store\/group\/Belguim-and-Germany-warehouse\/812646_518864249.html?spm=a2g0o.store_pc_allProduct.0.0.3a826263eAZdZ5\" target=\"_blank\" rel=\"noopener nofollow\"><img decoding=\"async\" style=\"width: 305px; height: 200px;\" src=\"https:\/\/ae03.alicdn.com\/kf\/S8e386bc9f1924e4b950ab97ac3ed1822A.jpg\" width=\"305px\" height=\"200px\" alt=\"\"><\/a><\/div>\n<div style=\"margin-top: -21.46%; margin-left: 65.88%; width: 35.41%;\"><a class=\"\" href=\"https:\/\/galiner.aliexpress.com\/store\/group\/Russian-warehouse\/812646_518860557.html?spm=a2g0o.store_pc_allProduct.0.0.3a826263eAZdZ5\" target=\"_blank\" rel=\"noopener nofollow\"><img decoding=\"async\" style=\"width: 330px; height: 200px;\" src=\"https:\/\/ae03.alicdn.com\/kf\/Sac66e72e13374c5ea323675591efbc90s.jpg\" width=\"330px\" height=\"200px\" alt=\"\"><\/a><\/div>\n<div style=\"margin-top: -1.29%;\"><\/div>\n<\/div>\n<div style=\"margin: 10px auto 0px auto; max-width: 100%;\">\n<div><\/div>\n<div style=\"margin-top: -20.28%; margin-left: 0%; width: 65.99%;\"><a class=\"\" href=\"https:\/\/www.aliexpress.com\/store\/group\/Australia-and-UK-Warehouse\/1100506933_40000002790162.html?spm=a2g0o.store_pc_groupList.0.0.46d44fdakoIPTg\" target=\"_blank\" rel=\"noopener nofollow\"><img decoding=\"async\" style=\"width: 615px; height: 200px;\" src=\"https:\/\/ae03.alicdn.com\/kf\/S373ff9b361784ad6b8997448e4ffc087a.jpg\" width=\"615px\" height=\"200px\" alt=\"\"><\/a><\/div>\n<div style=\"margin-top: -21.57%; margin-left: 66.31%; width: 32.94%;\"><a class=\"\" href=\"https:\/\/www.aliexpress.com\/store\/group\/Israel-Warehouse\/1100506933_40000002753293.html?spm=a2g0o.store_pc_groupList.0.0.46d44fdakoIPTg\" target=\"_blank\" rel=\"noopener nofollow\"><img decoding=\"async\" style=\"width: 307px; height: 200px;\" src=\"https:\/\/ae03.alicdn.com\/kf\/Se506dff70ce74f79a9e859637f4f0581G.jpg\" width=\"307px\" height=\"200px\" alt=\"\"><\/a><\/div>\n<div style=\"margin-top: -1.07%;\"><\/div>\n<\/div>\n<div style=\"margin: 10px auto 0px auto; max-width: 100%;\"><\/div>\n<div style=\"margin: 10px auto 0px auto; max-width: 100%;\"><\/div>\n<\/div>\n<\/div>\n<p>&nbsp;<\/p>","protected":false},"excerpt":{"rendered":"<p>Dimensiones: 260 mm x 220 mm x 68 mm Capacidad: aprox. 20 puros Accesorios: Ventana de cristal muy transparente, higr\u00f3metro, humidificador, tabique Control de humedad: Higr\u00f3metro incorporado para controlar la humedad del puro.<\/p>","protected":false},"featured_media":4746,"comment_status":"open","ping_status":"closed","template":"","meta":[],"product_brand":[],"product_cat":[764,78],"product_tag":[],"class_list":{"0":"post-4745","1":"product","2":"type-product","3":"status-publish","4":"has-post-thumbnail","6":"product_cat-travel-humidor","7":"product_cat-zigarren-humidor","9":"first","10":"instock","11":"sale","12":"shipping-taxable","13":"purchasable","14":"product-type-simple"},"yoast_head":"<!-- This site is optimized with the Yoast SEO Premium plugin v26.7 (Yoast SEO v27.4) - https:\/\/yoast.com\/product\/yoast-seo-premium-wordpress\/ -->\n<title>Luxuri\u00f6ser kleiner Humidor - Der beste Onlineshop f\u00fcr Pfeifen und Zigarrenzubeh\u00f6r in Deutschland<\/title>\n<meta name=\"robots\" content=\"index, follow, max-snippet:-1, max-image-preview:large, max-video-preview:-1\" \/>\n<link rel=\"canonical\" href=\"https:\/\/pfeifenundzigarren.de\/es\/Produkt\/luxurioeser-kleiner-humidor\/\" \/>\n<meta property=\"og:locale\" content=\"es_ES\" \/>\n<meta property=\"og:type\" content=\"article\" \/>\n<meta property=\"og:title\" content=\"Luxuri\u00f6ser kleiner Humidor\" \/>\n<meta property=\"og:description\" content=\"Abmessungen: 260mm x 220mm x 68mm Kapazit\u00e4t: ca. 20 Zigarren Zubeh\u00f6r: Hochtransparentes Glasfenster, Hygrometer, Befeuchter, Trennwand Feuchtigkeitskontrolle: Eingebautes Hygrometer zur\" \/>\n<meta property=\"og:url\" content=\"https:\/\/pfeifenundzigarren.de\/es\/Produkt\/luxurioeser-kleiner-humidor\/\" \/>\n<meta property=\"og:site_name\" content=\"Der beste Onlineshop f\u00fcr Pfeifen und Zigarrenzubeh\u00f6r in Deutschland\" \/>\n<meta property=\"article:modified_time\" content=\"2026-01-20T07:15:53+00:00\" \/>\n<meta property=\"og:image\" content=\"https:\/\/pfeifenundzigarren.de\/wp-content\/uploads\/2024\/10\/kf-S9080520381e84f859505bc8865dfc759P.webp\" \/>\n\t<meta property=\"og:image:width\" content=\"1001\" \/>\n\t<meta property=\"og:image:height\" content=\"1001\" \/>\n\t<meta property=\"og:image:type\" content=\"image\/webp\" \/>\n<meta name=\"twitter:card\" content=\"summary_large_image\" \/>\n<meta name=\"twitter:label1\" content=\"Tiempo de lectura\" \/>\n\t<meta name=\"twitter:data1\" content=\"2 minutos\" \/>\n<script type=\"application\/ld+json\" class=\"yoast-schema-graph\">{\"@context\":\"https:\\\/\\\/schema.org\",\"@graph\":[{\"@type\":\"WebPage\",\"@id\":\"https:\\\/\\\/pfeifenundzigarren.de\\\/Produkt\\\/luxurioeser-kleiner-humidor\\\/\",\"url\":\"https:\\\/\\\/pfeifenundzigarren.de\\\/Produkt\\\/luxurioeser-kleiner-humidor\\\/\",\"name\":\"Luxuri\u00f6ser kleiner Humidor - Der beste Onlineshop f\u00fcr Pfeifen und Zigarrenzubeh\u00f6r in Deutschland\",\"isPartOf\":{\"@id\":\"https:\\\/\\\/pfeifenundzigarren.de\\\/#website\"},\"primaryImageOfPage\":{\"@id\":\"https:\\\/\\\/pfeifenundzigarren.de\\\/Produkt\\\/luxurioeser-kleiner-humidor\\\/#primaryimage\"},\"image\":{\"@id\":\"https:\\\/\\\/pfeifenundzigarren.de\\\/Produkt\\\/luxurioeser-kleiner-humidor\\\/#primaryimage\"},\"thumbnailUrl\":\"https:\\\/\\\/pfeifenundzigarren.de\\\/wp-content\\\/uploads\\\/2024\\\/10\\\/kf-S9080520381e84f859505bc8865dfc759P.webp\",\"datePublished\":\"2024-10-08T01:25:46+00:00\",\"dateModified\":\"2026-01-20T07:15:53+00:00\",\"breadcrumb\":{\"@id\":\"https:\\\/\\\/pfeifenundzigarren.de\\\/Produkt\\\/luxurioeser-kleiner-humidor\\\/#breadcrumb\"},\"inLanguage\":\"es\",\"potentialAction\":[{\"@type\":\"ReadAction\",\"target\":[\"https:\\\/\\\/pfeifenundzigarren.de\\\/Produkt\\\/luxurioeser-kleiner-humidor\\\/\"]}]},{\"@type\":\"ImageObject\",\"inLanguage\":\"es\",\"@id\":\"https:\\\/\\\/pfeifenundzigarren.de\\\/Produkt\\\/luxurioeser-kleiner-humidor\\\/#primaryimage\",\"url\":\"https:\\\/\\\/pfeifenundzigarren.de\\\/wp-content\\\/uploads\\\/2024\\\/10\\\/kf-S9080520381e84f859505bc8865dfc759P.webp\",\"contentUrl\":\"https:\\\/\\\/pfeifenundzigarren.de\\\/wp-content\\\/uploads\\\/2024\\\/10\\\/kf-S9080520381e84f859505bc8865dfc759P.webp\",\"width\":1001,\"height\":1001},{\"@type\":\"BreadcrumbList\",\"@id\":\"https:\\\/\\\/pfeifenundzigarren.de\\\/Produkt\\\/luxurioeser-kleiner-humidor\\\/#breadcrumb\",\"itemListElement\":[{\"@type\":\"ListItem\",\"position\":1,\"name\":\"Home\",\"item\":\"https:\\\/\\\/pfeifenundzigarren.de\\\/\"},{\"@type\":\"ListItem\",\"position\":2,\"name\":\"Shop\",\"item\":\"https:\\\/\\\/pfeifenundzigarren.de\\\/shop\\\/\"},{\"@type\":\"ListItem\",\"position\":3,\"name\":\"Luxuri\u00f6ser kleiner Humidor\"}]},{\"@type\":\"WebSite\",\"@id\":\"https:\\\/\\\/pfeifenundzigarren.de\\\/#website\",\"url\":\"https:\\\/\\\/pfeifenundzigarren.de\\\/\",\"name\":\"Der beste Onlineshop f\u00fcr Pfeifen und Zigarrenzubeh\u00f6r in Deutschland\",\"description\":\"\",\"publisher\":{\"@id\":\"https:\\\/\\\/pfeifenundzigarren.de\\\/#organization\"},\"potentialAction\":[{\"@type\":\"SearchAction\",\"target\":{\"@type\":\"EntryPoint\",\"urlTemplate\":\"https:\\\/\\\/pfeifenundzigarren.de\\\/?s={search_term_string}\"},\"query-input\":{\"@type\":\"PropertyValueSpecification\",\"valueRequired\":true,\"valueName\":\"search_term_string\"}}],\"inLanguage\":\"es\"},{\"@type\":\"Organization\",\"@id\":\"https:\\\/\\\/pfeifenundzigarren.de\\\/#organization\",\"name\":\"Der beste Onlineshop f\u00fcr Pfeifen und Zigarrenzubeh\u00f6r in Deutschland\",\"url\":\"https:\\\/\\\/pfeifenundzigarren.de\\\/\",\"logo\":{\"@type\":\"ImageObject\",\"inLanguage\":\"es\",\"@id\":\"https:\\\/\\\/pfeifenundzigarren.de\\\/#\\\/schema\\\/logo\\\/image\\\/\",\"url\":\"https:\\\/\\\/pfeifenundzigarren.de\\\/wp-content\\\/uploads\\\/2024\\\/09\\\/cropped-Luxury-and-Vintage-Ornamental-Coffee-Shop-Logo.png\",\"contentUrl\":\"https:\\\/\\\/pfeifenundzigarren.de\\\/wp-content\\\/uploads\\\/2024\\\/09\\\/cropped-Luxury-and-Vintage-Ornamental-Coffee-Shop-Logo.png\",\"width\":512,\"height\":512,\"caption\":\"Der beste Onlineshop f\u00fcr Pfeifen und Zigarrenzubeh\u00f6r in Deutschland\"},\"image\":{\"@id\":\"https:\\\/\\\/pfeifenundzigarren.de\\\/#\\\/schema\\\/logo\\\/image\\\/\"}}]}<\/script>\n<!-- \/ Yoast SEO Premium plugin. -->","yoast_head_json":{"title":"Luxuri\u00f6ser kleiner Humidor - Der beste Onlineshop f\u00fcr Pfeifen und Zigarrenzubeh\u00f6r in Deutschland","robots":{"index":"index","follow":"follow","max-snippet":"max-snippet:-1","max-image-preview":"max-image-preview:large","max-video-preview":"max-video-preview:-1"},"canonical":"https:\/\/pfeifenundzigarren.de\/es\/Produkt\/luxurioeser-kleiner-humidor\/","og_locale":"es_ES","og_type":"article","og_title":"Luxuri\u00f6ser kleiner Humidor","og_description":"Abmessungen: 260mm x 220mm x 68mm Kapazit\u00e4t: ca. 20 Zigarren Zubeh\u00f6r: Hochtransparentes Glasfenster, Hygrometer, Befeuchter, Trennwand Feuchtigkeitskontrolle: Eingebautes Hygrometer zur","og_url":"https:\/\/pfeifenundzigarren.de\/es\/Produkt\/luxurioeser-kleiner-humidor\/","og_site_name":"Der beste Onlineshop f\u00fcr Pfeifen und Zigarrenzubeh\u00f6r in Deutschland","article_modified_time":"2026-01-20T07:15:53+00:00","og_image":[{"width":1001,"height":1001,"url":"https:\/\/pfeifenundzigarren.de\/wp-content\/uploads\/2024\/10\/kf-S9080520381e84f859505bc8865dfc759P.webp","type":"image\/webp"}],"twitter_card":"summary_large_image","twitter_misc":{"Tiempo de lectura":"2 minutos"},"schema":{"@context":"https:\/\/schema.org","@graph":[{"@type":"WebPage","@id":"https:\/\/pfeifenundzigarren.de\/Produkt\/luxurioeser-kleiner-humidor\/","url":"https:\/\/pfeifenundzigarren.de\/Produkt\/luxurioeser-kleiner-humidor\/","name":"Luxuri\u00f6ser kleiner Humidor - Der beste Onlineshop f\u00fcr Pfeifen und Zigarrenzubeh\u00f6r in Deutschland","isPartOf":{"@id":"https:\/\/pfeifenundzigarren.de\/#website"},"primaryImageOfPage":{"@id":"https:\/\/pfeifenundzigarren.de\/Produkt\/luxurioeser-kleiner-humidor\/#primaryimage"},"image":{"@id":"https:\/\/pfeifenundzigarren.de\/Produkt\/luxurioeser-kleiner-humidor\/#primaryimage"},"thumbnailUrl":"https:\/\/pfeifenundzigarren.de\/wp-content\/uploads\/2024\/10\/kf-S9080520381e84f859505bc8865dfc759P.webp","datePublished":"2024-10-08T01:25:46+00:00","dateModified":"2026-01-20T07:15:53+00:00","breadcrumb":{"@id":"https:\/\/pfeifenundzigarren.de\/Produkt\/luxurioeser-kleiner-humidor\/#breadcrumb"},"inLanguage":"es","potentialAction":[{"@type":"ReadAction","target":["https:\/\/pfeifenundzigarren.de\/Produkt\/luxurioeser-kleiner-humidor\/"]}]},{"@type":"ImageObject","inLanguage":"es","@id":"https:\/\/pfeifenundzigarren.de\/Produkt\/luxurioeser-kleiner-humidor\/#primaryimage","url":"https:\/\/pfeifenundzigarren.de\/wp-content\/uploads\/2024\/10\/kf-S9080520381e84f859505bc8865dfc759P.webp","contentUrl":"https:\/\/pfeifenundzigarren.de\/wp-content\/uploads\/2024\/10\/kf-S9080520381e84f859505bc8865dfc759P.webp","width":1001,"height":1001},{"@type":"BreadcrumbList","@id":"https:\/\/pfeifenundzigarren.de\/Produkt\/luxurioeser-kleiner-humidor\/#breadcrumb","itemListElement":[{"@type":"ListItem","position":1,"name":"Home","item":"https:\/\/pfeifenundzigarren.de\/"},{"@type":"ListItem","position":2,"name":"Shop","item":"https:\/\/pfeifenundzigarren.de\/shop\/"},{"@type":"ListItem","position":3,"name":"Luxuri\u00f6ser kleiner Humidor"}]},{"@type":"WebSite","@id":"https:\/\/pfeifenundzigarren.de\/#website","url":"https:\/\/pfeifenundzigarren.de\/","name":"La mejor tienda en l\u00ednea de pipas y accesorios para puros de Alemania","description":"","publisher":{"@id":"https:\/\/pfeifenundzigarren.de\/#organization"},"potentialAction":[{"@type":"SearchAction","target":{"@type":"EntryPoint","urlTemplate":"https:\/\/pfeifenundzigarren.de\/?s={search_term_string}"},"query-input":{"@type":"PropertyValueSpecification","valueRequired":true,"valueName":"search_term_string"}}],"inLanguage":"es"},{"@type":"Organization","@id":"https:\/\/pfeifenundzigarren.de\/#organization","name":"La mejor tienda en l\u00ednea de pipas y accesorios para puros de Alemania","url":"https:\/\/pfeifenundzigarren.de\/","logo":{"@type":"ImageObject","inLanguage":"es","@id":"https:\/\/pfeifenundzigarren.de\/#\/schema\/logo\/image\/","url":"https:\/\/pfeifenundzigarren.de\/wp-content\/uploads\/2024\/09\/cropped-Luxury-and-Vintage-Ornamental-Coffee-Shop-Logo.png","contentUrl":"https:\/\/pfeifenundzigarren.de\/wp-content\/uploads\/2024\/09\/cropped-Luxury-and-Vintage-Ornamental-Coffee-Shop-Logo.png","width":512,"height":512,"caption":"Der beste Onlineshop f\u00fcr Pfeifen und Zigarrenzubeh\u00f6r in Deutschland"},"image":{"@id":"https:\/\/pfeifenundzigarren.de\/#\/schema\/logo\/image\/"}}]}},"_links":{"self":[{"href":"https:\/\/pfeifenundzigarren.de\/es\/wp-json\/wp\/v2\/product\/4745","targetHints":{"allow":["GET"]}}],"collection":[{"href":"https:\/\/pfeifenundzigarren.de\/es\/wp-json\/wp\/v2\/product"}],"about":[{"href":"https:\/\/pfeifenundzigarren.de\/es\/wp-json\/wp\/v2\/types\/product"}],"replies":[{"embeddable":true,"href":"https:\/\/pfeifenundzigarren.de\/es\/wp-json\/wp\/v2\/comments?post=4745"}],"version-history":[{"count":0,"href":"https:\/\/pfeifenundzigarren.de\/es\/wp-json\/wp\/v2\/product\/4745\/revisions"}],"wp:featuredmedia":[{"embeddable":true,"href":"https:\/\/pfeifenundzigarren.de\/es\/wp-json\/wp\/v2\/media\/4746"}],"wp:attachment":[{"href":"https:\/\/pfeifenundzigarren.de\/es\/wp-json\/wp\/v2\/media?parent=4745"}],"wp:term":[{"taxonomy":"product_brand","embeddable":true,"href":"https:\/\/pfeifenundzigarren.de\/es\/wp-json\/wp\/v2\/product_brand?post=4745"},{"taxonomy":"product_cat","embeddable":true,"href":"https:\/\/pfeifenundzigarren.de\/es\/wp-json\/wp\/v2\/product_cat?post=4745"},{"taxonomy":"product_tag","embeddable":true,"href":"https:\/\/pfeifenundzigarren.de\/es\/wp-json\/wp\/v2\/product_tag?post=4745"}],"curies":[{"name":"wp","href":"https:\/\/api.w.org\/{rel}","templated":true}]}}